{"id":21404,"date":"2022-08-04T12:24:29","date_gmt":"2022-08-04T12:24:29","guid":{"rendered":"https:\/\/chiptuningmarket.com\/?post_type=product&#038;p=21404"},"modified":"2025-02-18T14:24:51","modified_gmt":"2025-02-18T13:24:51","slug":"kabel-mercedes-ciezarowki-temic-acm2-1-dfox","status":"publish","type":"product","link":"https:\/\/chiptuningmarket.com\/pl\/shop\/akcesoria-chiptuning-pl\/dfb-technology-dfox-pl\/cables-dfb-technology-dfox-pl\/truck-cv-cables-dfb-technology-dfox-pl\/kabel-mercedes-ciezarowki-temic-acm2-1-dfox\/","title":{"rendered":"Przew\u00f3d DFOX Mercedes Temic ACM2.1"},"content":{"rendered":"<h4 style=\"text-align: center\">Przew\u00f3d DFOX Mercedes Temic ACM2.1<\/h4>\n<div><a href=\"https:\/\/chiptuningmarket.com\/wp-content\/uploads\/2022\/08\/dfox-acm-2.jpg\"><img decoding=\"async\" class=\"aligncenter wp-image-31102 size-large\" src=\"https:\/\/chiptuningmarket.com\/wp-content\/uploads\/2022\/08\/dfox-acm-2-1024x683.jpg\" alt=\"\" width=\"1024\" height=\"683\" srcset=\"https:\/\/chiptuningmarket.com\/wp-content\/uploads\/2022\/08\/dfox-acm-2-1024x683.jpg 1024w, https:\/\/chiptuningmarket.com\/wp-content\/uploads\/2022\/08\/dfox-acm-2-300x200.jpg 300w, https:\/\/chiptuningmarket.com\/wp-content\/uploads\/2022\/08\/dfox-acm-2-768x512.jpg 768w, https:\/\/chiptuningmarket.com\/wp-content\/uploads\/2022\/08\/dfox-acm-2-1536x1024.jpg 1536w, https:\/\/chiptuningmarket.com\/wp-content\/uploads\/2022\/08\/dfox-acm-2-600x400.jpg 600w, https:\/\/chiptuningmarket.com\/wp-content\/uploads\/2022\/08\/dfox-acm-2.jpg 1600w\" sizes=\"(max-width: 1024px) 100vw, 1024px\" \/><\/a><\/div>\n<div>\n<h4>Przew\u00f3d do nawi\u0105zania po\u0142\u0105czenia z Mercedesem Truck wyposa\u017conym w <strong>Przew\u00f3d Mercedes Ci\u0119\u017car\u00f3wki Temic ACM2.1 Kess<\/strong>. ECU.<\/h4>\n<div>\n<ul>\n<li>Przew\u00f3d mo\u017cna skonfigurowa\u0107 do pracy z r\u00f3\u017cnymi narz\u0119dziami, prosz\u0119 pyta\u0107<\/li>\n<\/ul>\n<\/div>\n<p>Oferujemy wiele kabli Bench, skontaktuj si\u0119 z nami, je\u015bli potrzebujesz konkretnych z\u0142\u0105czy, niestandardowego kabla itp.<\/p>\n<p>** Ten przew\u00f3d mo\u017cna <b>dostosowa\u0107 do r\u00f3\u017cnych urz\u0105dze\u0144,<\/b>\u00a0a\u00a0je\u015bli potrzebujesz wi\u0119cej sygna\u0142\u00f3w\/po\u0142\u0105cze\u0144, skontaktuj si\u0119 z nami **<\/p>\n<\/div>\n<p><strong>W naszej ofercie r\u00f3wnie\u017c:<\/strong><br \/>\n<a href=\"https:\/\/chiptuningmarket.com\/pl\/shop\/chiptuning-akcesoria\/przewody-adaptery\/mercedes-continental-acm-2-1-hdep-ktag-trasdata-cable\/\">Kabel Mercedes Continental ACM 2.1 KTAG TRASDATA<\/a><br \/>\n<a href=\"https:\/\/chiptuningmarket.com\/pl\/shop\/chiptuning-akcesoria\/przewody-adaptery\/kabel-mercedes-continental-mcm-2-1-hdep-ktag-trasdata\/\">Kabel Mercedes Continental MCM 2.1 HDEP KTAG TRASDATA<\/a><br \/>\n<a href=\"https:\/\/chiptuningmarket.com\/pl\/shop\/nowosci\/trw-ems\/\">Kabel KTAG TRW2.x bench mode<\/a><\/p>\n","protected":false},"excerpt":{"rendered":"<p>Przew\u00f3d do nawi\u0105zania po\u0142\u0105czenia z Mercedesem Truck wyposa\u017conym w Temic ACM2.1. ECU.<\/p>\n<p>&nbsp;<\/p>\n","protected":false},"featured_media":31102,"template":"","meta":{"_monsterinsights_skip_tracking":false,"_monsterinsights_sitenote_active":false,"_monsterinsights_sitenote_note":"","_monsterinsights_sitenote_category":0},"product_brand":[],"product_cat":[5087,5060,5111,5113,5114],"product_tag":[6723,5618,4663],"class_list":{"0":"post-21404","1":"product","2":"type-product","3":"status-publish","4":"has-post-thumbnail","6":"product_cat-promocje","7":"product_cat-akcesoria-chiptuning-pl","8":"product_cat-dfb-technology-dfox-pl","9":"product_cat-cables-dfb-technology-dfox-pl","10":"product_cat-truck-cv-cables-dfb-technology-dfox-pl","11":"product_tag-acm2-1","12":"product_tag-mercedes-temic","13":"product_tag-przewod-dfox","15":"first","16":"instock","17":"sale","18":"taxable","19":"shipping-taxable","20":"purchasable","21":"product-type-simple"},"yoast_head":"<!-- This site is optimized with the Yoast SEO plugin v25.2 - https:\/\/yoast.com\/wordpress\/plugins\/seo\/ -->\n<title>Przew\u00f3d DFOX Mercedes Temic ACM2.1 - Chiptuningmarket<\/title>\n<meta name=\"description\" content=\"Przew\u00f3d Mercedes Ci\u0119\u017car\u00f3wki Temic ACM2.1 DFOX Przew\u00f3d do nawi\u0105zania po\u0142\u0105czenia z Mercedesem Truck wyposa\u017conym w Temic ACM2.1.\u00a0ECU...\" \/>\n<meta name=\"robots\" content=\"index, follow, max-snippet:-1, max-image-preview:large, max-video-preview:-1\" \/>\n<link rel=\"canonical\" href=\"https:\/\/chiptuningmarket.com\/pl\/shop\/akcesoria-chiptuning-pl\/dfb-technology-dfox-pl\/cables-dfb-technology-dfox-pl\/truck-cv-cables-dfb-technology-dfox-pl\/kabel-mercedes-ciezarowki-temic-acm2-1-dfox\/\" \/>\n<meta property=\"og:locale\" content=\"pl_PL\" \/>\n<meta property=\"og:type\" content=\"article\" \/>\n<meta property=\"og:title\" content=\"Przew\u00f3d DFOX Mercedes Temic ACM2.1 - Chiptuningmarket\" \/>\n<meta property=\"og:description\" content=\"Przew\u00f3d Mercedes Ci\u0119\u017car\u00f3wki Temic ACM2.1 DFOX Przew\u00f3d do nawi\u0105zania po\u0142\u0105czenia z Mercedesem Truck wyposa\u017conym w Temic ACM2.1.\u00a0ECU...\" \/>\n<meta property=\"og:url\" content=\"https:\/\/chiptuningmarket.com\/pl\/shop\/akcesoria-chiptuning-pl\/dfb-technology-dfox-pl\/cables-dfb-technology-dfox-pl\/truck-cv-cables-dfb-technology-dfox-pl\/kabel-mercedes-ciezarowki-temic-acm2-1-dfox\/\" \/>\n<meta property=\"og:site_name\" content=\"Chiptuningmarket\" \/>\n<meta property=\"article:modified_time\" content=\"2025-02-18T13:24:51+00:00\" \/>\n<meta property=\"og:image\" content=\"https:\/\/chiptuningmarket.com\/wp-content\/uploads\/2022\/08\/dfox-acm-2.jpg\" \/>\n\t<meta property=\"og:image:width\" content=\"1600\" \/>\n\t<meta property=\"og:image:height\" content=\"1067\" \/>\n\t<meta property=\"og:image:type\" content=\"image\/jpeg\" \/>\n<meta name=\"twitter:card\" content=\"summary_large_image\" \/>\n<meta name=\"twitter:label1\" content=\"Szacowany czas czytania\" \/>\n\t<meta name=\"twitter:data1\" content=\"1 minuta\" \/>\n<script type=\"application\/ld+json\" class=\"yoast-schema-graph\">{\"@context\":\"https:\/\/schema.org\",\"@graph\":[{\"@type\":\"WebPage\",\"@id\":\"https:\/\/chiptuningmarket.com\/pl\/shop\/akcesoria-chiptuning-pl\/dfb-technology-dfox-pl\/cables-dfb-technology-dfox-pl\/truck-cv-cables-dfb-technology-dfox-pl\/kabel-mercedes-ciezarowki-temic-acm2-1-dfox\/\",\"url\":\"https:\/\/chiptuningmarket.com\/pl\/shop\/akcesoria-chiptuning-pl\/dfb-technology-dfox-pl\/cables-dfb-technology-dfox-pl\/truck-cv-cables-dfb-technology-dfox-pl\/kabel-mercedes-ciezarowki-temic-acm2-1-dfox\/\",\"name\":\"Przew\u00f3d DFOX Mercedes Temic ACM2.1 - Chiptuningmarket\",\"isPartOf\":{\"@id\":\"https:\/\/chiptuningmarket.com\/ru\/#website\"},\"primaryImageOfPage\":{\"@id\":\"https:\/\/chiptuningmarket.com\/pl\/shop\/akcesoria-chiptuning-pl\/dfb-technology-dfox-pl\/cables-dfb-technology-dfox-pl\/truck-cv-cables-dfb-technology-dfox-pl\/kabel-mercedes-ciezarowki-temic-acm2-1-dfox\/#primaryimage\"},\"image\":{\"@id\":\"https:\/\/chiptuningmarket.com\/pl\/shop\/akcesoria-chiptuning-pl\/dfb-technology-dfox-pl\/cables-dfb-technology-dfox-pl\/truck-cv-cables-dfb-technology-dfox-pl\/kabel-mercedes-ciezarowki-temic-acm2-1-dfox\/#primaryimage\"},\"thumbnailUrl\":\"https:\/\/chiptuningmarket.com\/wp-content\/uploads\/2022\/08\/dfox-acm-2.jpg\",\"datePublished\":\"2022-08-04T12:24:29+00:00\",\"dateModified\":\"2025-02-18T13:24:51+00:00\",\"description\":\"Przew\u00f3d Mercedes Ci\u0119\u017car\u00f3wki Temic ACM2.1 DFOX Przew\u00f3d do nawi\u0105zania po\u0142\u0105czenia z Mercedesem Truck wyposa\u017conym w Temic ACM2.1.\u00a0ECU...\",\"breadcrumb\":{\"@id\":\"https:\/\/chiptuningmarket.com\/pl\/shop\/akcesoria-chiptuning-pl\/dfb-technology-dfox-pl\/cables-dfb-technology-dfox-pl\/truck-cv-cables-dfb-technology-dfox-pl\/kabel-mercedes-ciezarowki-temic-acm2-1-dfox\/#breadcrumb\"},\"inLanguage\":\"pl-PL\",\"potentialAction\":[{\"@type\":\"ReadAction\",\"target\":[\"https:\/\/chiptuningmarket.com\/pl\/shop\/akcesoria-chiptuning-pl\/dfb-technology-dfox-pl\/cables-dfb-technology-dfox-pl\/truck-cv-cables-dfb-technology-dfox-pl\/kabel-mercedes-ciezarowki-temic-acm2-1-dfox\/\"]}]},{\"@type\":\"ImageObject\",\"inLanguage\":\"pl-PL\",\"@id\":\"https:\/\/chiptuningmarket.com\/pl\/shop\/akcesoria-chiptuning-pl\/dfb-technology-dfox-pl\/cables-dfb-technology-dfox-pl\/truck-cv-cables-dfb-technology-dfox-pl\/kabel-mercedes-ciezarowki-temic-acm2-1-dfox\/#primaryimage\",\"url\":\"https:\/\/chiptuningmarket.com\/wp-content\/uploads\/2022\/08\/dfox-acm-2.jpg\",\"contentUrl\":\"https:\/\/chiptuningmarket.com\/wp-content\/uploads\/2022\/08\/dfox-acm-2.jpg\",\"width\":1600,\"height\":1067,\"caption\":\"Przew\u00f3d DFOX Mercedes Temic ACM2.1\"},{\"@type\":\"BreadcrumbList\",\"@id\":\"https:\/\/chiptuningmarket.com\/pl\/shop\/akcesoria-chiptuning-pl\/dfb-technology-dfox-pl\/cables-dfb-technology-dfox-pl\/truck-cv-cables-dfb-technology-dfox-pl\/kabel-mercedes-ciezarowki-temic-acm2-1-dfox\/#breadcrumb\",\"itemListElement\":[{\"@type\":\"ListItem\",\"position\":1,\"name\":\"Home\",\"item\":\"https:\/\/chiptuningmarket.com\/pl\/\"},{\"@type\":\"ListItem\",\"position\":2,\"name\":\"Sklep\",\"item\":\"https:\/\/chiptuningmarket.com\/pl\/shop\/\"},{\"@type\":\"ListItem\",\"position\":3,\"name\":\"Przew\u00f3d DFOX Mercedes Temic ACM2.1\"}]},{\"@type\":\"WebSite\",\"@id\":\"https:\/\/chiptuningmarket.com\/ru\/#website\",\"url\":\"https:\/\/chiptuningmarket.com\/ru\/\",\"name\":\"Chiptuningmarket\",\"description\":\"Biggest chiptuning shop in Europe\",\"publisher\":{\"@id\":\"https:\/\/chiptuningmarket.com\/ru\/#organization\"},\"alternateName\":\"Worldwide ecu tools supplier\",\"potentialAction\":[{\"@type\":\"SearchAction\",\"target\":{\"@type\":\"EntryPoint\",\"urlTemplate\":\"https:\/\/chiptuningmarket.com\/ru\/?s={search_term_string}\"},\"query-input\":{\"@type\":\"PropertyValueSpecification\",\"valueRequired\":true,\"valueName\":\"search_term_string\"}}],\"inLanguage\":\"pl-PL\"},{\"@type\":\"Organization\",\"@id\":\"https:\/\/chiptuningmarket.com\/ru\/#organization\",\"name\":\"Chiptuningmarket\",\"alternateName\":\"Chiptuning tools supplier\",\"url\":\"https:\/\/chiptuningmarket.com\/ru\/\",\"logo\":{\"@type\":\"ImageObject\",\"inLanguage\":\"pl-PL\",\"@id\":\"https:\/\/chiptuningmarket.com\/ru\/#\/schema\/logo\/image\/\",\"url\":\"https:\/\/chiptuningmarket.com\/wp-content\/uploads\/2023\/05\/logo-ChipTuningMarket-social.png\",\"contentUrl\":\"https:\/\/chiptuningmarket.com\/wp-content\/uploads\/2023\/05\/logo-ChipTuningMarket-social.png\",\"width\":512,\"height\":512,\"caption\":\"Chiptuningmarket\"},\"image\":{\"@id\":\"https:\/\/chiptuningmarket.com\/ru\/#\/schema\/logo\/image\/\"}}]}<\/script>\n<!-- \/ Yoast SEO plugin. -->","yoast_head_json":{"title":"Przew\u00f3d DFOX Mercedes Temic ACM2.1 - Chiptuningmarket","description":"Przew\u00f3d Mercedes Ci\u0119\u017car\u00f3wki Temic ACM2.1 DFOX Przew\u00f3d do nawi\u0105zania po\u0142\u0105czenia z Mercedesem Truck wyposa\u017conym w Temic ACM2.1.\u00a0ECU...","robots":{"index":"index","follow":"follow","max-snippet":"max-snippet:-1","max-image-preview":"max-image-preview:large","max-video-preview":"max-video-preview:-1"},"canonical":"https:\/\/chiptuningmarket.com\/pl\/shop\/akcesoria-chiptuning-pl\/dfb-technology-dfox-pl\/cables-dfb-technology-dfox-pl\/truck-cv-cables-dfb-technology-dfox-pl\/kabel-mercedes-ciezarowki-temic-acm2-1-dfox\/","og_locale":"pl_PL","og_type":"article","og_title":"Przew\u00f3d DFOX Mercedes Temic ACM2.1 - Chiptuningmarket","og_description":"Przew\u00f3d Mercedes Ci\u0119\u017car\u00f3wki Temic ACM2.1 DFOX Przew\u00f3d do nawi\u0105zania po\u0142\u0105czenia z Mercedesem Truck wyposa\u017conym w Temic ACM2.1.\u00a0ECU...","og_url":"https:\/\/chiptuningmarket.com\/pl\/shop\/akcesoria-chiptuning-pl\/dfb-technology-dfox-pl\/cables-dfb-technology-dfox-pl\/truck-cv-cables-dfb-technology-dfox-pl\/kabel-mercedes-ciezarowki-temic-acm2-1-dfox\/","og_site_name":"Chiptuningmarket","article_modified_time":"2025-02-18T13:24:51+00:00","og_image":[{"width":1600,"height":1067,"url":"https:\/\/chiptuningmarket.com\/wp-content\/uploads\/2022\/08\/dfox-acm-2.jpg","type":"image\/jpeg"}],"twitter_card":"summary_large_image","twitter_misc":{"Szacowany czas czytania":"1 minuta"},"schema":{"@context":"https:\/\/schema.org","@graph":[{"@type":"WebPage","@id":"https:\/\/chiptuningmarket.com\/pl\/shop\/akcesoria-chiptuning-pl\/dfb-technology-dfox-pl\/cables-dfb-technology-dfox-pl\/truck-cv-cables-dfb-technology-dfox-pl\/kabel-mercedes-ciezarowki-temic-acm2-1-dfox\/","url":"https:\/\/chiptuningmarket.com\/pl\/shop\/akcesoria-chiptuning-pl\/dfb-technology-dfox-pl\/cables-dfb-technology-dfox-pl\/truck-cv-cables-dfb-technology-dfox-pl\/kabel-mercedes-ciezarowki-temic-acm2-1-dfox\/","name":"Przew\u00f3d DFOX Mercedes Temic ACM2.1 - Chiptuningmarket","isPartOf":{"@id":"https:\/\/chiptuningmarket.com\/ru\/#website"},"primaryImageOfPage":{"@id":"https:\/\/chiptuningmarket.com\/pl\/shop\/akcesoria-chiptuning-pl\/dfb-technology-dfox-pl\/cables-dfb-technology-dfox-pl\/truck-cv-cables-dfb-technology-dfox-pl\/kabel-mercedes-ciezarowki-temic-acm2-1-dfox\/#primaryimage"},"image":{"@id":"https:\/\/chiptuningmarket.com\/pl\/shop\/akcesoria-chiptuning-pl\/dfb-technology-dfox-pl\/cables-dfb-technology-dfox-pl\/truck-cv-cables-dfb-technology-dfox-pl\/kabel-mercedes-ciezarowki-temic-acm2-1-dfox\/#primaryimage"},"thumbnailUrl":"https:\/\/chiptuningmarket.com\/wp-content\/uploads\/2022\/08\/dfox-acm-2.jpg","datePublished":"2022-08-04T12:24:29+00:00","dateModified":"2025-02-18T13:24:51+00:00","description":"Przew\u00f3d Mercedes Ci\u0119\u017car\u00f3wki Temic ACM2.1 DFOX Przew\u00f3d do nawi\u0105zania po\u0142\u0105czenia z Mercedesem Truck wyposa\u017conym w Temic ACM2.1.\u00a0ECU...","breadcrumb":{"@id":"https:\/\/chiptuningmarket.com\/pl\/shop\/akcesoria-chiptuning-pl\/dfb-technology-dfox-pl\/cables-dfb-technology-dfox-pl\/truck-cv-cables-dfb-technology-dfox-pl\/kabel-mercedes-ciezarowki-temic-acm2-1-dfox\/#breadcrumb"},"inLanguage":"pl-PL","potentialAction":[{"@type":"ReadAction","target":["https:\/\/chiptuningmarket.com\/pl\/shop\/akcesoria-chiptuning-pl\/dfb-technology-dfox-pl\/cables-dfb-technology-dfox-pl\/truck-cv-cables-dfb-technology-dfox-pl\/kabel-mercedes-ciezarowki-temic-acm2-1-dfox\/"]}]},{"@type":"ImageObject","inLanguage":"pl-PL","@id":"https:\/\/chiptuningmarket.com\/pl\/shop\/akcesoria-chiptuning-pl\/dfb-technology-dfox-pl\/cables-dfb-technology-dfox-pl\/truck-cv-cables-dfb-technology-dfox-pl\/kabel-mercedes-ciezarowki-temic-acm2-1-dfox\/#primaryimage","url":"https:\/\/chiptuningmarket.com\/wp-content\/uploads\/2022\/08\/dfox-acm-2.jpg","contentUrl":"https:\/\/chiptuningmarket.com\/wp-content\/uploads\/2022\/08\/dfox-acm-2.jpg","width":1600,"height":1067,"caption":"Przew\u00f3d DFOX Mercedes Temic ACM2.1"},{"@type":"BreadcrumbList","@id":"https:\/\/chiptuningmarket.com\/pl\/shop\/akcesoria-chiptuning-pl\/dfb-technology-dfox-pl\/cables-dfb-technology-dfox-pl\/truck-cv-cables-dfb-technology-dfox-pl\/kabel-mercedes-ciezarowki-temic-acm2-1-dfox\/#breadcrumb","itemListElement":[{"@type":"ListItem","position":1,"name":"Home","item":"https:\/\/chiptuningmarket.com\/pl\/"},{"@type":"ListItem","position":2,"name":"Sklep","item":"https:\/\/chiptuningmarket.com\/pl\/shop\/"},{"@type":"ListItem","position":3,"name":"Przew\u00f3d DFOX Mercedes Temic ACM2.1"}]},{"@type":"WebSite","@id":"https:\/\/chiptuningmarket.com\/ru\/#website","url":"https:\/\/chiptuningmarket.com\/ru\/","name":"Chiptuningmarket","description":"Biggest chiptuning shop in Europe","publisher":{"@id":"https:\/\/chiptuningmarket.com\/ru\/#organization"},"alternateName":"Worldwide ecu tools supplier","potentialAction":[{"@type":"SearchAction","target":{"@type":"EntryPoint","urlTemplate":"https:\/\/chiptuningmarket.com\/ru\/?s={search_term_string}"},"query-input":{"@type":"PropertyValueSpecification","valueRequired":true,"valueName":"search_term_string"}}],"inLanguage":"pl-PL"},{"@type":"Organization","@id":"https:\/\/chiptuningmarket.com\/ru\/#organization","name":"Chiptuningmarket","alternateName":"Chiptuning tools supplier","url":"https:\/\/chiptuningmarket.com\/ru\/","logo":{"@type":"ImageObject","inLanguage":"pl-PL","@id":"https:\/\/chiptuningmarket.com\/ru\/#\/schema\/logo\/image\/","url":"https:\/\/chiptuningmarket.com\/wp-content\/uploads\/2023\/05\/logo-ChipTuningMarket-social.png","contentUrl":"https:\/\/chiptuningmarket.com\/wp-content\/uploads\/2023\/05\/logo-ChipTuningMarket-social.png","width":512,"height":512,"caption":"Chiptuningmarket"},"image":{"@id":"https:\/\/chiptuningmarket.com\/ru\/#\/schema\/logo\/image\/"}}]}},"_links":{"self":[{"href":"https:\/\/chiptuningmarket.com\/pl\/wp-json\/wp\/v2\/product\/21404","targetHints":{"allow":["GET"]}}],"collection":[{"href":"https:\/\/chiptuningmarket.com\/pl\/wp-json\/wp\/v2\/product"}],"about":[{"href":"https:\/\/chiptuningmarket.com\/pl\/wp-json\/wp\/v2\/types\/product"}],"wp:featuredmedia":[{"embeddable":true,"href":"https:\/\/chiptuningmarket.com\/pl\/wp-json\/wp\/v2\/media\/31102"}],"wp:attachment":[{"href":"https:\/\/chiptuningmarket.com\/pl\/wp-json\/wp\/v2\/media?parent=21404"}],"wp:term":[{"taxonomy":"product_brand","embeddable":true,"href":"https:\/\/chiptuningmarket.com\/pl\/wp-json\/wp\/v2\/product_brand?post=21404"},{"taxonomy":"product_cat","embeddable":true,"href":"https:\/\/chiptuningmarket.com\/pl\/wp-json\/wp\/v2\/product_cat?post=21404"},{"taxonomy":"product_tag","embeddable":true,"href":"https:\/\/chiptuningmarket.com\/pl\/wp-json\/wp\/v2\/product_tag?post=21404"}],"curies":[{"name":"wp","href":"https:\/\/api.w.org\/{rel}","templated":true}]}}