{"id":225278,"date":"2025-09-26T10:08:11","date_gmt":"2025-09-26T09:08:11","guid":{"rendered":"https:\/\/chiptuningmarket.com\/?post_type=product&#038;p=225278"},"modified":"2025-09-26T10:08:24","modified_gmt":"2025-09-26T09:08:24","slug":"orange5-mbe-wersja-full","status":"publish","type":"product","link":"https:\/\/chiptuningmarket.com\/pl\/shop\/programatory-pl\/programatory-uniwersalne-pl\/orange-5-pl\/orange5-mbe-wersja-full\/","title":{"rendered":"Orange5 \u2013 MBE Wersja Full"},"content":{"rendered":"<p><strong>Orange5<\/strong> to zaawansowany programator pami\u0119ci i mikrokontroler\u00f3w, wyr\u00f3\u017cniaj\u0105cy si\u0119 wbudowanym j\u0119zykiem makro, kt\u00f3ry pozwala tworzy\u0107 i zapisywa\u0107 w\u0142asne protoko\u0142y. Dzi\u0119ki temu mo\u017cliwe jest szybkie dodawanie nowych typ\u00f3w mikroprogram\u00f3w oraz pe\u0142ne dostosowanie algorytm\u00f3w odczytu i zapisu do wymaga\u0144 producent\u00f3w. Zestaw zawiera wi\u0119kszo\u015b\u0107 najcz\u0119\u015bciej u\u017cywanych adapter\u00f3w, co czyni go niezwykle uniwersalnym narz\u0119dziem do obs\u0142ugi pami\u0119ci <strong>EEPROM<\/strong> i <strong>FLASH<\/strong>. To niezawodne i elastyczne rozwi\u0105zanie, kt\u00f3re daje u\u017cytkownikowi ogromne mo\u017cliwo\u015bci w pracy serwisowej i developerskiej.<\/p>\n<p><a href=\"https:\/\/chiptuningmarket.com\/wp-content\/uploads\/2025\/09\/Orange5-\u2013-MBE-Wersja-Full.webp\"><img decoding=\"async\" class=\"aligncenter wp-image-225306 \" src=\"https:\/\/chiptuningmarket.com\/wp-content\/uploads\/2025\/09\/Orange5-\u2013-MBE-Wersja-Full.webp\" alt=\"\" width=\"752\" height=\"876\" srcset=\"https:\/\/chiptuningmarket.com\/wp-content\/uploads\/2025\/09\/Orange5-\u2013-MBE-Wersja-Full.webp 796w, https:\/\/chiptuningmarket.com\/wp-content\/uploads\/2025\/09\/Orange5-\u2013-MBE-Wersja-Full-258x300.webp 258w, https:\/\/chiptuningmarket.com\/wp-content\/uploads\/2025\/09\/Orange5-\u2013-MBE-Wersja-Full-768x894.webp 768w, https:\/\/chiptuningmarket.com\/wp-content\/uploads\/2025\/09\/Orange5-\u2013-MBE-Wersja-Full-600x699.webp 600w\" sizes=\"(max-width: 752px) 100vw, 752px\" \/><\/a><\/p>\n<h2 data-start=\"127\" data-end=\"151\">Informacje techniczne<\/h2>\n<ul data-start=\"153\" data-end=\"1177\">\n<li data-start=\"153\" data-end=\"208\">\n<p data-start=\"155\" data-end=\"208\">Zasilanie i komunikacja przez interfejs <strong data-start=\"195\" data-end=\"206\">USB 2.0<\/strong><\/p>\n<\/li>\n<li data-start=\"209\" data-end=\"286\">\n<p data-start=\"211\" data-end=\"286\">Uniwersalny panel <strong data-start=\"229\" data-end=\"238\">ZIF16<\/strong> do pami\u0119ci EEPROM \u2013 prosty i szybki w monta\u017cu<\/p>\n<\/li>\n<li data-start=\"287\" data-end=\"326\">\n<p data-start=\"289\" data-end=\"326\">Funkcja kontroli styk\u00f3w w gniazdach<\/p>\n<\/li>\n<li data-start=\"327\" data-end=\"390\">\n<p data-start=\"329\" data-end=\"390\">Dwa z\u0142\u0105cza rozszerze\u0144 (kompatybilne z Orange4 i Omega MTRK)<\/p>\n<\/li>\n<li data-start=\"391\" data-end=\"456\">\n<p data-start=\"393\" data-end=\"456\">Zabezpieczenie przed przet\u0119\u017ceniem i przeci\u0105\u017ceniem napi\u0119ciowym<\/p>\n<\/li>\n<li data-start=\"457\" data-end=\"543\">\n<p data-start=\"459\" data-end=\"543\">Dwa tryby zasilania: standardowe (USB) oraz wzmocnione (USB + zewn\u0119trzny zasilacz)<\/p>\n<\/li>\n<li data-start=\"544\" data-end=\"722\">\n<p data-start=\"546\" data-end=\"581\">Trzy regulowane napi\u0119cia i pr\u0105dy:<\/p>\n<ul data-start=\"584\" data-end=\"722\">\n<li data-start=\"584\" data-end=\"623\">\n<p data-start=\"586\" data-end=\"623\">napi\u0119cie zasilania: <strong data-start=\"606\" data-end=\"621\">2,0&#8230;5,0 V<\/strong><\/p>\n<\/li>\n<li data-start=\"626\" data-end=\"670\">\n<p data-start=\"628\" data-end=\"670\">napi\u0119cie programowania: <strong data-start=\"652\" data-end=\"668\">2,0&#8230;21,0 V<\/strong><\/p>\n<\/li>\n<li data-start=\"673\" data-end=\"722\">\n<p data-start=\"675\" data-end=\"722\">dodatkowe sta\u0142e <strong data-start=\"691\" data-end=\"699\">10 V<\/strong> dla mikrokontroler\u00f3w<\/p>\n<\/li>\n<\/ul>\n<\/li>\n<li data-start=\"723\" data-end=\"807\">\n<p data-start=\"725\" data-end=\"807\">Szybkie dwukierunkowe sterowniki pin\u00f3w z regulowanym napi\u0119ciem (<strong data-start=\"789\" data-end=\"804\">2,0&#8230;5,0 V<\/strong>)<\/p>\n<\/li>\n<li data-start=\"808\" data-end=\"916\">\n<p data-start=\"810\" data-end=\"916\">Generator oscylatora z regulacj\u0105 cz\u0119stotliwo\u015bci (do <strong data-start=\"862\" data-end=\"872\">24 MHz<\/strong>) i napi\u0119cia wyj\u015bciowego (<strong data-start=\"898\" data-end=\"913\">2,0&#8230;5,0 V<\/strong>)<\/p>\n<\/li>\n<li data-start=\"917\" data-end=\"956\">\n<p data-start=\"919\" data-end=\"956\">Mo\u017cliwo\u015b\u0107 emulacji urz\u0105dze\u0144 USB CDC<\/p>\n<\/li>\n<li data-start=\"957\" data-end=\"998\">\n<p data-start=\"959\" data-end=\"998\">Wbudowana 32-bitowa maszyna wirtualna<\/p>\n<\/li>\n<li data-start=\"999\" data-end=\"1121\">\n<p data-start=\"1001\" data-end=\"1121\">Obs\u0142ugiwane interfejsy: <strong data-start=\"1025\" data-end=\"1119\">I2C, SPI, MicroWire, JTAG, UART, BDM, ISO7816, K-LINE (przez adapter), CAN (przez adapter)<\/strong><\/p>\n<\/li>\n<li data-start=\"1122\" data-end=\"1177\">\n<p data-start=\"1124\" data-end=\"1177\">Obudowa wykonana z wytrzyma\u0142ego tworzywa sztucznego<\/p>\n<\/li>\n<\/ul>\n<hr data-start=\"1179\" data-end=\"1182\" \/>\n<h2 data-start=\"1184\" data-end=\"1201\">Oprogramowanie<\/h2>\n<ul data-start=\"1203\" data-end=\"1701\">\n<li data-start=\"1203\" data-end=\"1243\">\n<p data-start=\"1205\" data-end=\"1243\">Maksymalny rozmiar bufora: <strong data-start=\"1232\" data-end=\"1241\">32 Mb<\/strong><\/p>\n<\/li>\n<li data-start=\"1244\" data-end=\"1288\">\n<p data-start=\"1246\" data-end=\"1288\">Mo\u017cliwo\u015b\u0107 tworzenia w\u0142asnych modu\u0142\u00f3w HPL<\/p>\n<\/li>\n<li data-start=\"1289\" data-end=\"1349\">\n<p data-start=\"1291\" data-end=\"1349\">Edycja warto\u015bci <strong data-start=\"1307\" data-end=\"1332\">HEX (8 i 16-bitowych)<\/strong> oraz <strong data-start=\"1338\" data-end=\"1347\">ASCII<\/strong><\/p>\n<\/li>\n<li data-start=\"1350\" data-end=\"1399\">\n<p data-start=\"1352\" data-end=\"1399\">Obs\u0142uga plik\u00f3w w formatach: <strong data-start=\"1380\" data-end=\"1397\">BIN, HEX, S19<\/strong><\/p>\n<\/li>\n<li data-start=\"1400\" data-end=\"1452\">\n<p data-start=\"1402\" data-end=\"1452\">Tryb por\u00f3wnania wizualnego z wyr\u00f3\u017cnieniem r\u00f3\u017cnic<\/p>\n<\/li>\n<li data-start=\"1453\" data-end=\"1525\">\n<p data-start=\"1455\" data-end=\"1525\">Funkcja \u201eFill\u201d \u2013 uzupe\u0142nianie ca\u0142ych pami\u0119ci lub wskazanych obszar\u00f3w<\/p>\n<\/li>\n<li data-start=\"1526\" data-end=\"1567\">\n<p data-start=\"1528\" data-end=\"1567\">Obs\u0142uga wielu plik\u00f3w konfiguracyjnych<\/p>\n<\/li>\n<li data-start=\"1568\" data-end=\"1611\">\n<p data-start=\"1570\" data-end=\"1611\">Automatyczne tworzenie kopii zapasowych<\/p>\n<\/li>\n<li data-start=\"1612\" data-end=\"1647\">\n<p data-start=\"1614\" data-end=\"1647\">Rozszerzone operacje na buforze<\/p>\n<\/li>\n<li data-start=\"1648\" data-end=\"1701\">\n<p data-start=\"1650\" data-end=\"1701\">Kompatybilno\u015b\u0107 z systemem <strong data-start=\"1676\" data-end=\"1699\">Windows XP (32-bit)<\/strong><\/p>\n<\/li>\n<\/ul>\n<hr data-start=\"1703\" data-end=\"1706\" \/>\n<h2 data-start=\"1708\" data-end=\"1725\">Zestaw zawiera<\/h2>\n<ul>\n<li data-start=\"1727\" data-end=\"1753\">\n<p data-start=\"1729\" data-end=\"1753\">Urz\u0105dzenie <strong data-start=\"1740\" data-end=\"1751\">Orange5<\/strong><\/p>\n<\/li>\n<li data-start=\"1754\" data-end=\"1780\">\n<p data-start=\"1756\" data-end=\"1780\">Oprogramowanie Orange5<\/p>\n<\/li>\n<li data-start=\"1781\" data-end=\"1821\">\n<p data-start=\"1783\" data-end=\"1821\">Baza USB Orange5 + licencja Motorola<\/p>\n<\/li>\n<li data-start=\"1822\" data-end=\"1835\">\n<p data-start=\"1824\" data-end=\"1835\">Kabel USB<\/p>\n<\/li>\n<li data-start=\"1836\" data-end=\"1875\">\n<p data-start=\"1838\" data-end=\"1875\">Klips <strong data-start=\"1844\" data-end=\"1860\">SOIC8 POMONA<\/strong> z przewodami<\/p>\n<\/li>\n<li data-start=\"1876\" data-end=\"1899\">\n<p data-start=\"1878\" data-end=\"1899\">Ekstraktor <strong data-start=\"1889\" data-end=\"1897\">PLCC<\/strong><\/p>\n<\/li>\n<li data-start=\"1876\" data-end=\"1899\">\n<p data-start=\"1878\" data-end=\"1899\"><strong data-start=\"1889\" data-end=\"1897\">Adaptery:<\/strong><\/p>\n<ul>\n<li><span dir=\"auto\">912Q<br \/>\n<\/span><\/li>\n<li>ST62 SE<\/li>\n<li>908AZ<\/li>\n<li>9S12Q<\/li>\n<li><span dir=\"auto\">908 JL<\/span><\/li>\n<li><span dir=\"auto\">9S12H<\/span><\/li>\n<li><span dir=\"auto\">11KA<\/span><\/li>\n<li><span dir=\"auto\">11PA8<\/span><\/li>\n<li><span dir=\"auto\">TMS 374 C003<\/span><\/li>\n<li><span dir=\"auto\">Pami\u0119\u0107 NAND SE<\/span><\/li>\n<li><span dir=\"auto\">SOIC8-16<\/span><\/li>\n<li><span dir=\"auto\">SOP8 \/ TSSOP-8<\/span><\/li>\n<li><span dir=\"auto\">11EP52<\/span><\/li>\n<li><span dir=\"auto\">11KAP68<\/span><\/li>\n<li><span dir=\"auto\">11L6<\/span><\/li>\n<li><span dir=\"auto\">11F1<\/span><\/li>\n<li><span dir=\"auto\">05H12<\/span><\/li>\n<li><span dir=\"auto\">908AS<\/span><\/li>\n<li><span dir=\"auto\">AT89 SE<\/span><\/li>\n<li><span dir=\"auto\">QFP100 \/ 112\/ 144<\/span><\/li>\n<li><span dir=\"auto\">QFP64 \/ 44<\/span><\/li>\n<li><span dir=\"auto\">QFP48-80<\/span><\/li>\n<li><span dir=\"auto\">TMS370<\/span><\/li>\n<li><span dir=\"auto\">05B2<\/span><\/li>\n<li><span dir=\"auto\">PIC-AVR<\/span><\/li>\n<li><span dir=\"auto\">Hak testowy<\/span><\/li>\n<\/ul>\n<\/li>\n<\/ul>\n<p>Lista obs\u0142ugiwanych procesor\u00f3w dost\u0119pna <strong><span style=\"color: #3366ff\"><a style=\"color: #3366ff\" href=\"https:\/\/chiptuningmarket.com\/wp-content\/uploads\/2025\/09\/Orange5-\u2013-MBE-Wersja-Full-obslugiwane-procesory.pdf\">TUTAJ<\/a><\/span><\/strong><\/p>\n","protected":false},"excerpt":{"rendered":"<p><strong>Orange5<\/strong> to zaawansowany programator pami\u0119ci i mikrokontroler\u00f3w, wyr\u00f3\u017cniaj\u0105cy si\u0119 wbudowanym j\u0119zykiem makro, kt\u00f3ry pozwala tworzy\u0107 i zapisywa\u0107 w\u0142asne protoko\u0142y. Dzi\u0119ki temu mo\u017cliwe jest szybkie dodawanie nowych typ\u00f3w mikroprogram\u00f3w oraz pe\u0142ne dostosowanie algorytm\u00f3w odczytu i zapisu do wymaga\u0144 producent\u00f3w. Zestaw zawiera wi\u0119kszo\u015b\u0107 najcz\u0119\u015bciej u\u017cywanych adapter\u00f3w, co czyni go niezwykle uniwersalnym narz\u0119dziem do obs\u0142ugi pami\u0119ci <strong>EEPROM<\/strong> i <strong>FLASH<\/strong>. To niezawodne i elastyczne rozwi\u0105zanie, kt\u00f3re daje u\u017cytkownikowi ogromne mo\u017cliwo\u015bci w pracy serwisowej i developerskiej.<\/p>\n","protected":false},"featured_media":225306,"template":"","meta":{"_monsterinsights_skip_tracking":false,"_monsterinsights_sitenote_active":false,"_monsterinsights_sitenote_note":"","_monsterinsights_sitenote_category":0},"product_brand":[],"product_cat":[5240,5064,5065],"product_tag":[8177,8185,8187,8182,8181,8186,8183,8178,8172,8173,8176,8184,2967,8175,8174,8179,8180],"class_list":{"0":"post-225278","1":"product","2":"type-product","3":"status-publish","4":"has-post-thumbnail","6":"product_cat-orange-5-pl","7":"product_cat-programatory-pl","8":"product_cat-programatory-uniwersalne-pl","9":"product_tag-adaptery-orange5","10":"product_tag-automatyka-i-elektronika","11":"product_tag-ecu-samochodowe","12":"product_tag-ekstraktor-plcc","13":"product_tag-klips-soic8","14":"product_tag-mikroprocesory","15":"product_tag-narzedzie-dla-elektronikow","16":"product_tag-narzedzie-serwisowe","17":"product_tag-orange5","18":"product_tag-orange5-mbe","19":"product_tag-pelny-zestaw-orange5","20":"product_tag-profesjonalny-programator","21":"product_tag-programator-eeprom-pl","22":"product_tag-programator-flash","23":"product_tag-programator-mikrokontrolerow","24":"product_tag-programowanie-pamieci","25":"product_tag-serwis-elektroniki","27":"first","28":"instock","29":"taxable","30":"shipping-taxable","31":"purchasable","32":"product-type-simple"},"yoast_head":"<!-- This site is optimized with the Yoast SEO plugin v25.2 - https:\/\/yoast.com\/wordpress\/plugins\/seo\/ -->\n<title>Orange5 \u2013 MBE Wersja Full - Chiptuningmarket<\/title>\n<meta name=\"description\" content=\"Orange5 MBE to zaawansowany programator pami\u0119ci EEPROM i mikrokontroler\u00f3w, idealny do warsztat\u00f3w elektronicznych, serwis\u00f3w samochodowych i pracy developerskiej. Dzi\u0119ki wbudowanemu j\u0119zykowi makro pozwala tworzy\u0107 w\u0142asne protoko\u0142y programowania, co umo\u017cliwia szybkie dodawanie nowych typ\u00f3w pami\u0119ci i pe\u0142n\u0105 kontrol\u0119 nad algorytmami odczytu i zapisu.\" \/>\n<meta name=\"robots\" content=\"index, follow, max-snippet:-1, max-image-preview:large, max-video-preview:-1\" \/>\n<link rel=\"canonical\" href=\"https:\/\/chiptuningmarket.com\/pl\/shop\/programatory-pl\/programatory-uniwersalne-pl\/orange-5-pl\/orange5-mbe-wersja-full\/\" \/>\n<meta property=\"og:locale\" content=\"pl_PL\" \/>\n<meta property=\"og:type\" content=\"article\" \/>\n<meta property=\"og:title\" content=\"Orange5 \u2013 MBE Wersja Full - Chiptuningmarket\" \/>\n<meta property=\"og:description\" content=\"Orange5 MBE to zaawansowany programator pami\u0119ci EEPROM i mikrokontroler\u00f3w, idealny do warsztat\u00f3w elektronicznych, serwis\u00f3w samochodowych i pracy developerskiej. Dzi\u0119ki wbudowanemu j\u0119zykowi makro pozwala tworzy\u0107 w\u0142asne protoko\u0142y programowania, co umo\u017cliwia szybkie dodawanie nowych typ\u00f3w pami\u0119ci i pe\u0142n\u0105 kontrol\u0119 nad algorytmami odczytu i zapisu.\" \/>\n<meta property=\"og:url\" content=\"https:\/\/chiptuningmarket.com\/pl\/shop\/programatory-pl\/programatory-uniwersalne-pl\/orange-5-pl\/orange5-mbe-wersja-full\/\" \/>\n<meta property=\"og:site_name\" content=\"Chiptuningmarket\" \/>\n<meta property=\"article:modified_time\" content=\"2025-09-26T09:08:24+00:00\" \/>\n<meta property=\"og:image\" content=\"https:\/\/chiptuningmarket.com\/wp-content\/uploads\/2025\/09\/Orange5-\u2013-MBE-Wersja-Full.webp\" \/>\n\t<meta property=\"og:image:width\" content=\"796\" \/>\n\t<meta property=\"og:image:height\" content=\"927\" \/>\n\t<meta property=\"og:image:type\" content=\"image\/webp\" \/>\n<meta name=\"twitter:card\" content=\"summary_large_image\" \/>\n<meta name=\"twitter:label1\" content=\"Szacowany czas czytania\" \/>\n\t<meta name=\"twitter:data1\" content=\"2 minuty\" \/>\n<script type=\"application\/ld+json\" class=\"yoast-schema-graph\">{\"@context\":\"https:\/\/schema.org\",\"@graph\":[{\"@type\":\"WebPage\",\"@id\":\"https:\/\/chiptuningmarket.com\/pl\/shop\/programatory-pl\/programatory-uniwersalne-pl\/orange-5-pl\/orange5-mbe-wersja-full\/\",\"url\":\"https:\/\/chiptuningmarket.com\/pl\/shop\/programatory-pl\/programatory-uniwersalne-pl\/orange-5-pl\/orange5-mbe-wersja-full\/\",\"name\":\"Orange5 \u2013 MBE Wersja Full - Chiptuningmarket\",\"isPartOf\":{\"@id\":\"https:\/\/chiptuningmarket.com\/ru\/#website\"},\"primaryImageOfPage\":{\"@id\":\"https:\/\/chiptuningmarket.com\/pl\/shop\/programatory-pl\/programatory-uniwersalne-pl\/orange-5-pl\/orange5-mbe-wersja-full\/#primaryimage\"},\"image\":{\"@id\":\"https:\/\/chiptuningmarket.com\/pl\/shop\/programatory-pl\/programatory-uniwersalne-pl\/orange-5-pl\/orange5-mbe-wersja-full\/#primaryimage\"},\"thumbnailUrl\":\"https:\/\/chiptuningmarket.com\/wp-content\/uploads\/2025\/09\/Orange5-\u2013-MBE-Wersja-Full.webp\",\"datePublished\":\"2025-09-26T09:08:11+00:00\",\"dateModified\":\"2025-09-26T09:08:24+00:00\",\"description\":\"Orange5 MBE to zaawansowany programator pami\u0119ci EEPROM i mikrokontroler\u00f3w, idealny do warsztat\u00f3w elektronicznych, serwis\u00f3w samochodowych i pracy developerskiej. Dzi\u0119ki wbudowanemu j\u0119zykowi makro pozwala tworzy\u0107 w\u0142asne protoko\u0142y programowania, co umo\u017cliwia szybkie dodawanie nowych typ\u00f3w pami\u0119ci i pe\u0142n\u0105 kontrol\u0119 nad algorytmami odczytu i zapisu.\",\"breadcrumb\":{\"@id\":\"https:\/\/chiptuningmarket.com\/pl\/shop\/programatory-pl\/programatory-uniwersalne-pl\/orange-5-pl\/orange5-mbe-wersja-full\/#breadcrumb\"},\"inLanguage\":\"pl-PL\",\"potentialAction\":[{\"@type\":\"ReadAction\",\"target\":[\"https:\/\/chiptuningmarket.com\/pl\/shop\/programatory-pl\/programatory-uniwersalne-pl\/orange-5-pl\/orange5-mbe-wersja-full\/\"]}]},{\"@type\":\"ImageObject\",\"inLanguage\":\"pl-PL\",\"@id\":\"https:\/\/chiptuningmarket.com\/pl\/shop\/programatory-pl\/programatory-uniwersalne-pl\/orange-5-pl\/orange5-mbe-wersja-full\/#primaryimage\",\"url\":\"https:\/\/chiptuningmarket.com\/wp-content\/uploads\/2025\/09\/Orange5-\u2013-MBE-Wersja-Full.webp\",\"contentUrl\":\"https:\/\/chiptuningmarket.com\/wp-content\/uploads\/2025\/09\/Orange5-\u2013-MBE-Wersja-Full.webp\",\"width\":796,\"height\":927},{\"@type\":\"BreadcrumbList\",\"@id\":\"https:\/\/chiptuningmarket.com\/pl\/shop\/programatory-pl\/programatory-uniwersalne-pl\/orange-5-pl\/orange5-mbe-wersja-full\/#breadcrumb\",\"itemListElement\":[{\"@type\":\"ListItem\",\"position\":1,\"name\":\"Home\",\"item\":\"https:\/\/chiptuningmarket.com\/pl\/\"},{\"@type\":\"ListItem\",\"position\":2,\"name\":\"Sklep\",\"item\":\"https:\/\/chiptuningmarket.com\/pl\/shop\/\"},{\"@type\":\"ListItem\",\"position\":3,\"name\":\"Orange5 \u2013 MBE Wersja Full\"}]},{\"@type\":\"WebSite\",\"@id\":\"https:\/\/chiptuningmarket.com\/ru\/#website\",\"url\":\"https:\/\/chiptuningmarket.com\/ru\/\",\"name\":\"Chiptuningmarket\",\"description\":\"Biggest chiptuning shop in Europe\",\"publisher\":{\"@id\":\"https:\/\/chiptuningmarket.com\/ru\/#organization\"},\"alternateName\":\"Worldwide ecu tools supplier\",\"potentialAction\":[{\"@type\":\"SearchAction\",\"target\":{\"@type\":\"EntryPoint\",\"urlTemplate\":\"https:\/\/chiptuningmarket.com\/ru\/?s={search_term_string}\"},\"query-input\":{\"@type\":\"PropertyValueSpecification\",\"valueRequired\":true,\"valueName\":\"search_term_string\"}}],\"inLanguage\":\"pl-PL\"},{\"@type\":\"Organization\",\"@id\":\"https:\/\/chiptuningmarket.com\/ru\/#organization\",\"name\":\"Chiptuningmarket\",\"alternateName\":\"Chiptuning tools supplier\",\"url\":\"https:\/\/chiptuningmarket.com\/ru\/\",\"logo\":{\"@type\":\"ImageObject\",\"inLanguage\":\"pl-PL\",\"@id\":\"https:\/\/chiptuningmarket.com\/ru\/#\/schema\/logo\/image\/\",\"url\":\"https:\/\/chiptuningmarket.com\/wp-content\/uploads\/2023\/05\/logo-ChipTuningMarket-social.png\",\"contentUrl\":\"https:\/\/chiptuningmarket.com\/wp-content\/uploads\/2023\/05\/logo-ChipTuningMarket-social.png\",\"width\":512,\"height\":512,\"caption\":\"Chiptuningmarket\"},\"image\":{\"@id\":\"https:\/\/chiptuningmarket.com\/ru\/#\/schema\/logo\/image\/\"}}]}<\/script>\n<!-- \/ Yoast SEO plugin. -->","yoast_head_json":{"title":"Orange5 \u2013 MBE Wersja Full - Chiptuningmarket","description":"Orange5 MBE to zaawansowany programator pami\u0119ci EEPROM i mikrokontroler\u00f3w, idealny do warsztat\u00f3w elektronicznych, serwis\u00f3w samochodowych i pracy developerskiej. Dzi\u0119ki wbudowanemu j\u0119zykowi makro pozwala tworzy\u0107 w\u0142asne protoko\u0142y programowania, co umo\u017cliwia szybkie dodawanie nowych typ\u00f3w pami\u0119ci i pe\u0142n\u0105 kontrol\u0119 nad algorytmami odczytu i zapisu.","robots":{"index":"index","follow":"follow","max-snippet":"max-snippet:-1","max-image-preview":"max-image-preview:large","max-video-preview":"max-video-preview:-1"},"canonical":"https:\/\/chiptuningmarket.com\/pl\/shop\/programatory-pl\/programatory-uniwersalne-pl\/orange-5-pl\/orange5-mbe-wersja-full\/","og_locale":"pl_PL","og_type":"article","og_title":"Orange5 \u2013 MBE Wersja Full - Chiptuningmarket","og_description":"Orange5 MBE to zaawansowany programator pami\u0119ci EEPROM i mikrokontroler\u00f3w, idealny do warsztat\u00f3w elektronicznych, serwis\u00f3w samochodowych i pracy developerskiej. Dzi\u0119ki wbudowanemu j\u0119zykowi makro pozwala tworzy\u0107 w\u0142asne protoko\u0142y programowania, co umo\u017cliwia szybkie dodawanie nowych typ\u00f3w pami\u0119ci i pe\u0142n\u0105 kontrol\u0119 nad algorytmami odczytu i zapisu.","og_url":"https:\/\/chiptuningmarket.com\/pl\/shop\/programatory-pl\/programatory-uniwersalne-pl\/orange-5-pl\/orange5-mbe-wersja-full\/","og_site_name":"Chiptuningmarket","article_modified_time":"2025-09-26T09:08:24+00:00","og_image":[{"width":796,"height":927,"url":"https:\/\/chiptuningmarket.com\/wp-content\/uploads\/2025\/09\/Orange5-\u2013-MBE-Wersja-Full.webp","type":"image\/webp"}],"twitter_card":"summary_large_image","twitter_misc":{"Szacowany czas czytania":"2 minuty"},"schema":{"@context":"https:\/\/schema.org","@graph":[{"@type":"WebPage","@id":"https:\/\/chiptuningmarket.com\/pl\/shop\/programatory-pl\/programatory-uniwersalne-pl\/orange-5-pl\/orange5-mbe-wersja-full\/","url":"https:\/\/chiptuningmarket.com\/pl\/shop\/programatory-pl\/programatory-uniwersalne-pl\/orange-5-pl\/orange5-mbe-wersja-full\/","name":"Orange5 \u2013 MBE Wersja Full - Chiptuningmarket","isPartOf":{"@id":"https:\/\/chiptuningmarket.com\/ru\/#website"},"primaryImageOfPage":{"@id":"https:\/\/chiptuningmarket.com\/pl\/shop\/programatory-pl\/programatory-uniwersalne-pl\/orange-5-pl\/orange5-mbe-wersja-full\/#primaryimage"},"image":{"@id":"https:\/\/chiptuningmarket.com\/pl\/shop\/programatory-pl\/programatory-uniwersalne-pl\/orange-5-pl\/orange5-mbe-wersja-full\/#primaryimage"},"thumbnailUrl":"https:\/\/chiptuningmarket.com\/wp-content\/uploads\/2025\/09\/Orange5-\u2013-MBE-Wersja-Full.webp","datePublished":"2025-09-26T09:08:11+00:00","dateModified":"2025-09-26T09:08:24+00:00","description":"Orange5 MBE to zaawansowany programator pami\u0119ci EEPROM i mikrokontroler\u00f3w, idealny do warsztat\u00f3w elektronicznych, serwis\u00f3w samochodowych i pracy developerskiej. Dzi\u0119ki wbudowanemu j\u0119zykowi makro pozwala tworzy\u0107 w\u0142asne protoko\u0142y programowania, co umo\u017cliwia szybkie dodawanie nowych typ\u00f3w pami\u0119ci i pe\u0142n\u0105 kontrol\u0119 nad algorytmami odczytu i zapisu.","breadcrumb":{"@id":"https:\/\/chiptuningmarket.com\/pl\/shop\/programatory-pl\/programatory-uniwersalne-pl\/orange-5-pl\/orange5-mbe-wersja-full\/#breadcrumb"},"inLanguage":"pl-PL","potentialAction":[{"@type":"ReadAction","target":["https:\/\/chiptuningmarket.com\/pl\/shop\/programatory-pl\/programatory-uniwersalne-pl\/orange-5-pl\/orange5-mbe-wersja-full\/"]}]},{"@type":"ImageObject","inLanguage":"pl-PL","@id":"https:\/\/chiptuningmarket.com\/pl\/shop\/programatory-pl\/programatory-uniwersalne-pl\/orange-5-pl\/orange5-mbe-wersja-full\/#primaryimage","url":"https:\/\/chiptuningmarket.com\/wp-content\/uploads\/2025\/09\/Orange5-\u2013-MBE-Wersja-Full.webp","contentUrl":"https:\/\/chiptuningmarket.com\/wp-content\/uploads\/2025\/09\/Orange5-\u2013-MBE-Wersja-Full.webp","width":796,"height":927},{"@type":"BreadcrumbList","@id":"https:\/\/chiptuningmarket.com\/pl\/shop\/programatory-pl\/programatory-uniwersalne-pl\/orange-5-pl\/orange5-mbe-wersja-full\/#breadcrumb","itemListElement":[{"@type":"ListItem","position":1,"name":"Home","item":"https:\/\/chiptuningmarket.com\/pl\/"},{"@type":"ListItem","position":2,"name":"Sklep","item":"https:\/\/chiptuningmarket.com\/pl\/shop\/"},{"@type":"ListItem","position":3,"name":"Orange5 \u2013 MBE Wersja Full"}]},{"@type":"WebSite","@id":"https:\/\/chiptuningmarket.com\/ru\/#website","url":"https:\/\/chiptuningmarket.com\/ru\/","name":"Chiptuningmarket","description":"Biggest chiptuning shop in Europe","publisher":{"@id":"https:\/\/chiptuningmarket.com\/ru\/#organization"},"alternateName":"Worldwide ecu tools supplier","potentialAction":[{"@type":"SearchAction","target":{"@type":"EntryPoint","urlTemplate":"https:\/\/chiptuningmarket.com\/ru\/?s={search_term_string}"},"query-input":{"@type":"PropertyValueSpecification","valueRequired":true,"valueName":"search_term_string"}}],"inLanguage":"pl-PL"},{"@type":"Organization","@id":"https:\/\/chiptuningmarket.com\/ru\/#organization","name":"Chiptuningmarket","alternateName":"Chiptuning tools supplier","url":"https:\/\/chiptuningmarket.com\/ru\/","logo":{"@type":"ImageObject","inLanguage":"pl-PL","@id":"https:\/\/chiptuningmarket.com\/ru\/#\/schema\/logo\/image\/","url":"https:\/\/chiptuningmarket.com\/wp-content\/uploads\/2023\/05\/logo-ChipTuningMarket-social.png","contentUrl":"https:\/\/chiptuningmarket.com\/wp-content\/uploads\/2023\/05\/logo-ChipTuningMarket-social.png","width":512,"height":512,"caption":"Chiptuningmarket"},"image":{"@id":"https:\/\/chiptuningmarket.com\/ru\/#\/schema\/logo\/image\/"}}]}},"_links":{"self":[{"href":"https:\/\/chiptuningmarket.com\/pl\/wp-json\/wp\/v2\/product\/225278","targetHints":{"allow":["GET"]}}],"collection":[{"href":"https:\/\/chiptuningmarket.com\/pl\/wp-json\/wp\/v2\/product"}],"about":[{"href":"https:\/\/chiptuningmarket.com\/pl\/wp-json\/wp\/v2\/types\/product"}],"wp:featuredmedia":[{"embeddable":true,"href":"https:\/\/chiptuningmarket.com\/pl\/wp-json\/wp\/v2\/media\/225306"}],"wp:attachment":[{"href":"https:\/\/chiptuningmarket.com\/pl\/wp-json\/wp\/v2\/media?parent=225278"}],"wp:term":[{"taxonomy":"product_brand","embeddable":true,"href":"https:\/\/chiptuningmarket.com\/pl\/wp-json\/wp\/v2\/product_brand?post=225278"},{"taxonomy":"product_cat","embeddable":true,"href":"https:\/\/chiptuningmarket.com\/pl\/wp-json\/wp\/v2\/product_cat?post=225278"},{"taxonomy":"product_tag","embeddable":true,"href":"https:\/\/chiptuningmarket.com\/pl\/wp-json\/wp\/v2\/product_tag?post=225278"}],"curies":[{"name":"wp","href":"https:\/\/api.w.org\/{rel}","templated":true}]}}