{"id":225370,"date":"2025-09-26T10:37:17","date_gmt":"2025-09-26T09:37:17","guid":{"rendered":"https:\/\/chiptuningmarket.com\/?post_type=product&#038;p=225370"},"modified":"2025-09-26T10:38:19","modified_gmt":"2025-09-26T09:38:19","slug":"orange5-basic","status":"publish","type":"product","link":"https:\/\/chiptuningmarket.com\/pl\/shop\/programatory-pl\/programatory-uniwersalne-pl\/orange-5-pl\/orange5-basic\/","title":{"rendered":"ORANGE5 &#8211; BASIC"},"content":{"rendered":"<p><strong data-start=\"72\" data-end=\"83\">Orange5<\/strong> to zaawansowany programator pami\u0119ci i mikrokontroler\u00f3w, stworzony z my\u015bl\u0105 o profesjonalistach. Jego unikaln\u0105 cech\u0105 jest wbudowany makroj\u0119zyk do tworzenia protoko\u0142\u00f3w, kt\u00f3ry pozwala b\u0142yskawicznie dodawa\u0107 obs\u0142ug\u0119 nowych uk\u0142ad\u00f3w. Dzi\u0119ki temu ka\u017cdy odczyt i zapis odbywa si\u0119 precyzyjnie, zgodnie z wymaganiami producent\u00f3w, zapewniaj\u0105c maksymaln\u0105 niezawodno\u015b\u0107 i efektywno\u015b\u0107 pracy.<\/p>\n<p>&nbsp;<\/p>\n<p><a href=\"https:\/\/chiptuningmarket.com\/wp-content\/uploads\/2025\/09\/ORANGE5-BASIC.webp\"><img decoding=\"async\" class=\"aligncenter size-full wp-image-225389\" src=\"https:\/\/chiptuningmarket.com\/wp-content\/uploads\/2025\/09\/ORANGE5-BASIC.webp\" alt=\"\" width=\"1024\" height=\"610\" srcset=\"https:\/\/chiptuningmarket.com\/wp-content\/uploads\/2025\/09\/ORANGE5-BASIC.webp 1024w, https:\/\/chiptuningmarket.com\/wp-content\/uploads\/2025\/09\/ORANGE5-BASIC-300x179.webp 300w, https:\/\/chiptuningmarket.com\/wp-content\/uploads\/2025\/09\/ORANGE5-BASIC-768x458.webp 768w, https:\/\/chiptuningmarket.com\/wp-content\/uploads\/2025\/09\/ORANGE5-BASIC-600x357.webp 600w\" sizes=\"(max-width: 1024px) 100vw, 1024px\" \/><\/a><\/p>\n<h3 data-start=\"190\" data-end=\"223\"><strong data-start=\"194\" data-end=\"221\">Dane techniczne Orange5<\/strong><\/h3>\n<ul data-start=\"225\" data-end=\"1147\">\n<li data-start=\"225\" data-end=\"364\">\n<p data-start=\"227\" data-end=\"364\"><strong data-start=\"227\" data-end=\"255\">Pod\u0142\u0105czenie i zasilanie:<\/strong> Interfejs USB 2.0; mo\u017cliwo\u015b\u0107 zasilania standardowego (USB) lub rozszerzonego (USB + zasilanie zewn\u0119trzne).<\/p>\n<\/li>\n<li data-start=\"365\" data-end=\"465\">\n<p data-start=\"367\" data-end=\"465\"><strong data-start=\"367\" data-end=\"395\">Uniwersalny panel ZIF16:<\/strong> \u0141atwy w monta\u017cu, przeznaczony do pami\u0119ci EEPROM, z kontrol\u0105 styk\u00f3w.<\/p>\n<\/li>\n<li data-start=\"466\" data-end=\"551\">\n<p data-start=\"468\" data-end=\"551\"><strong data-start=\"468\" data-end=\"496\">Z\u0142\u0105cza i kompatybilno\u015b\u0107:<\/strong> Dwa z\u0142\u0105cza rozszerze\u0144 zgodne z Orange4 i Omega MTRK.<\/p>\n<\/li>\n<li data-start=\"552\" data-end=\"618\">\n<p data-start=\"554\" data-end=\"618\"><strong data-start=\"554\" data-end=\"573\">Zabezpieczenia:<\/strong> Przeciwprzeci\u0105\u017ceniowe i przeciwnapi\u0119ciowe.<\/p>\n<\/li>\n<li data-start=\"619\" data-end=\"780\">\n<p data-start=\"621\" data-end=\"655\"><strong data-start=\"621\" data-end=\"653\">Regulowane napi\u0119cia i pr\u0105dy:<\/strong><\/p>\n<ul data-start=\"658\" data-end=\"780\">\n<li data-start=\"658\" data-end=\"691\">\n<p data-start=\"660\" data-end=\"691\">Napi\u0119cie zasilania: 2,0\u20135,0 V<\/p>\n<\/li>\n<li data-start=\"694\" data-end=\"732\">\n<p data-start=\"696\" data-end=\"732\">Napi\u0119cie programowania: 2,0\u201321,0 V<\/p>\n<\/li>\n<li data-start=\"735\" data-end=\"780\">\n<p data-start=\"737\" data-end=\"780\">Dodatkowe sta\u0142e 10 V dla mikrokontroler\u00f3w<\/p>\n<\/li>\n<\/ul>\n<\/li>\n<li data-start=\"781\" data-end=\"863\">\n<p data-start=\"783\" data-end=\"863\"><strong data-start=\"783\" data-end=\"805\">Sterowanie pinami:<\/strong> Szybkie, dwukierunkowe z regulacj\u0105 napi\u0119cia (2,0\u20135,0 V)<\/p>\n<\/li>\n<li data-start=\"864\" data-end=\"968\">\n<p data-start=\"866\" data-end=\"968\"><strong data-start=\"866\" data-end=\"898\">Generator zegara oscylatora:<\/strong> Regulacja cz\u0119stotliwo\u015bci do 24 MHz i napi\u0119cia wyj\u015bciowego 2,0\u20135,0 V<\/p>\n<\/li>\n<li data-start=\"969\" data-end=\"1036\">\n<p data-start=\"971\" data-end=\"1036\"><strong data-start=\"971\" data-end=\"991\">Emulacja USB CDC<\/strong> oraz wbudowana 32-bitowa maszyna wirtualna<\/p>\n<\/li>\n<li data-start=\"1037\" data-end=\"1147\">\n<p data-start=\"1039\" data-end=\"1147\"><strong data-start=\"1039\" data-end=\"1066\">Obs\u0142ugiwane interfejsy:<\/strong> I2C, SPI, MicroWire, JTAG, UART, BDM, ISO7816, K-LINE (adapter), CAN (adapter)<\/p>\n<\/li>\n<\/ul>\n<hr data-start=\"1149\" data-end=\"1152\" \/>\n<h3 data-start=\"1154\" data-end=\"1186\"><strong data-start=\"1158\" data-end=\"1184\">Oprogramowanie Orange5<\/strong><\/h3>\n<ul data-start=\"1188\" data-end=\"1632\">\n<li data-start=\"1188\" data-end=\"1251\">\n<p data-start=\"1190\" data-end=\"1251\">Bufor do 32 Mb z mo\u017cliwo\u015bci\u0105 tworzenia w\u0142asnych modu\u0142\u00f3w HPL<\/p>\n<\/li>\n<li data-start=\"1252\" data-end=\"1314\">\n<p data-start=\"1254\" data-end=\"1314\">Edycja danych w formatach HEX (8 i 16 bitowych) oraz ASCII<\/p>\n<\/li>\n<li data-start=\"1315\" data-end=\"1355\">\n<p data-start=\"1317\" data-end=\"1355\">Odczyt i zapis plik\u00f3w: BIN, HEX, S19<\/p>\n<\/li>\n<li data-start=\"1356\" data-end=\"1408\">\n<p data-start=\"1358\" data-end=\"1408\">Tryb por\u00f3wnania wizualnego z wyr\u00f3\u017cnieniem r\u00f3\u017cnic<\/p>\n<\/li>\n<li data-start=\"1409\" data-end=\"1462\">\n<p data-start=\"1411\" data-end=\"1462\">Wype\u0142nianie ca\u0142ych uk\u0142ad\u00f3w lub wybranych obszar\u00f3w<\/p>\n<\/li>\n<li data-start=\"1463\" data-end=\"1546\">\n<p data-start=\"1465\" data-end=\"1546\">Obs\u0142uga wielu plik\u00f3w konfiguracyjnych i automatyczne tworzenie kopii zapasowych<\/p>\n<\/li>\n<li data-start=\"1547\" data-end=\"1582\">\n<p data-start=\"1549\" data-end=\"1582\">Rozszerzone operacje na buforze<\/p>\n<\/li>\n<li data-start=\"1583\" data-end=\"1632\">\n<p data-start=\"1585\" data-end=\"1632\">Kompatybilno\u015b\u0107 z systemem Windows XP (32-bit)<\/p>\n<\/li>\n<\/ul>\n<hr data-start=\"1634\" data-end=\"1637\" \/>\n<h3 data-start=\"1639\" data-end=\"1669\"><strong data-start=\"1643\" data-end=\"1667\">Zestaw Orange5 Basic<\/strong><\/h3>\n<ul data-start=\"1671\" data-end=\"1827\">\n<li data-start=\"1671\" data-end=\"1697\">\n<p data-start=\"1673\" data-end=\"1697\">Urz\u0105dzenie <strong data-start=\"1684\" data-end=\"1695\">Orange5<\/strong><\/p>\n<\/li>\n<li data-start=\"1698\" data-end=\"1724\">\n<p data-start=\"1700\" data-end=\"1724\">Oprogramowanie Orange5<\/p>\n<\/li>\n<li data-start=\"1725\" data-end=\"1742\">\n<p data-start=\"1727\" data-end=\"1742\">Licencja MTRK<\/p>\n<\/li>\n<li data-start=\"1743\" data-end=\"1762\">\n<p data-start=\"1745\" data-end=\"1762\">Adapter linii K<\/p>\n<\/li>\n<li data-start=\"1763\" data-end=\"1792\">\n<p data-start=\"1765\" data-end=\"1792\">Adapter TMS370 + licencja<\/p>\n<\/li>\n<li data-start=\"1793\" data-end=\"1810\">\n<p data-start=\"1795\" data-end=\"1810\">Adapter 11EA9<\/p>\n<\/li>\n<li data-start=\"1811\" data-end=\"1827\">\n<p data-start=\"1813\" data-end=\"1827\">Adapter 05B2<\/p>\n<\/li>\n<\/ul>\n<p>Lista obs\u0142ugiwanych procesor\u00f3w dost\u0119pna <span style=\"color: #3366ff\"><strong><a style=\"color: #3366ff\" href=\"https:\/\/chiptuningmarket.com\/wp-content\/uploads\/2025\/09\/ORANGE5-BASIC-obslugiwane-procesory.pdf\">TUTAJ<\/a><\/strong><\/span><\/p>\n","protected":false},"excerpt":{"rendered":"<p><strong data-start=\"72\" data-end=\"83\">Orange5<\/strong> to zaawansowany programator pami\u0119ci i mikrokontroler\u00f3w, stworzony z my\u015bl\u0105 o profesjonalistach. Jego unikaln\u0105 cech\u0105 jest wbudowany makroj\u0119zyk do tworzenia protoko\u0142\u00f3w, kt\u00f3ry pozwala b\u0142yskawicznie dodawa\u0107 obs\u0142ug\u0119 nowych uk\u0142ad\u00f3w. Dzi\u0119ki temu ka\u017cdy odczyt i zapis odbywa si\u0119 precyzyjnie, zgodnie z wymaganiami producent\u00f3w, zapewniaj\u0105c maksymaln\u0105 niezawodno\u015b\u0107 i efektywno\u015b\u0107 pracy.<\/p>\n","protected":false},"featured_media":225389,"template":"","meta":{"_monsterinsights_skip_tracking":false,"_monsterinsights_sitenote_active":false,"_monsterinsights_sitenote_note":"","_monsterinsights_sitenote_category":0},"product_brand":[],"product_cat":[5240,5064,5065],"product_tag":[1705,4260,1740,8194,8190,8191,4299,8192,8188,8196,8172,8174,2966,8197,8193,4449,8195,7389,8189],"class_list":{"0":"post-225370","1":"product","2":"type-product","3":"status-publish","4":"has-post-thumbnail","6":"product_cat-orange-5-pl","7":"product_cat-programatory-pl","8":"product_cat-programatory-uniwersalne-pl","9":"product_tag-bdm-pl","10":"product_tag-can","11":"product_tag-eeprom-pl","12":"product_tag-elektronika-profesjonalna","13":"product_tag-i2c","14":"product_tag-iso7816","15":"product_tag-jtag","16":"product_tag-k-line","17":"product_tag-mikrokontrolery","18":"product_tag-niezawodny-programator","19":"product_tag-orange5","20":"product_tag-programator-mikrokontrolerow","21":"product_tag-programator-pamieci-pl","22":"product_tag-programator-usb","23":"product_tag-programowanie-ukladow","24":"product_tag-spi","25":"product_tag-szybki-programator","26":"product_tag-uart","27":"product_tag-zif16","29":"first","30":"instock","31":"taxable","32":"shipping-taxable","33":"purchasable","34":"product-type-simple"},"yoast_head":"<!-- This site is optimized with the Yoast SEO plugin v25.2 - https:\/\/yoast.com\/wordpress\/plugins\/seo\/ -->\n<title>ORANGE5 - BASIC - Chiptuningmarket<\/title>\n<meta name=\"description\" content=\"Orange5 to zaawansowany programator pami\u0119ci i mikrokontroler\u00f3w, stworzony z my\u015bl\u0105 o profesjonalistach. Jego unikaln\u0105 cech\u0105 jest wbudowany makroj\u0119zyk do tworzenia protoko\u0142\u00f3w, kt\u00f3ry pozwala b\u0142yskawicznie dodawa\u0107 obs\u0142ug\u0119 nowych uk\u0142ad\u00f3w. Dzi\u0119ki temu ka\u017cdy odczyt i zapis odbywa si\u0119 precyzyjnie, zgodnie z wymaganiami producent\u00f3w, zapewniaj\u0105c maksymaln\u0105 niezawodno\u015b\u0107 i efektywno\u015b\u0107 pracy.\" \/>\n<meta name=\"robots\" content=\"index, follow, max-snippet:-1, max-image-preview:large, max-video-preview:-1\" \/>\n<link rel=\"canonical\" href=\"https:\/\/chiptuningmarket.com\/pl\/shop\/programatory-pl\/programatory-uniwersalne-pl\/orange-5-pl\/orange5-basic\/\" \/>\n<meta property=\"og:locale\" content=\"pl_PL\" \/>\n<meta property=\"og:type\" content=\"article\" \/>\n<meta property=\"og:title\" content=\"ORANGE5 - BASIC - Chiptuningmarket\" \/>\n<meta property=\"og:description\" content=\"Orange5 to zaawansowany programator pami\u0119ci i mikrokontroler\u00f3w, stworzony z my\u015bl\u0105 o profesjonalistach. Jego unikaln\u0105 cech\u0105 jest wbudowany makroj\u0119zyk do tworzenia protoko\u0142\u00f3w, kt\u00f3ry pozwala b\u0142yskawicznie dodawa\u0107 obs\u0142ug\u0119 nowych uk\u0142ad\u00f3w. Dzi\u0119ki temu ka\u017cdy odczyt i zapis odbywa si\u0119 precyzyjnie, zgodnie z wymaganiami producent\u00f3w, zapewniaj\u0105c maksymaln\u0105 niezawodno\u015b\u0107 i efektywno\u015b\u0107 pracy.\" \/>\n<meta property=\"og:url\" content=\"https:\/\/chiptuningmarket.com\/pl\/shop\/programatory-pl\/programatory-uniwersalne-pl\/orange-5-pl\/orange5-basic\/\" \/>\n<meta property=\"og:site_name\" content=\"Chiptuningmarket\" \/>\n<meta property=\"article:modified_time\" content=\"2025-09-26T09:38:19+00:00\" \/>\n<meta property=\"og:image\" content=\"https:\/\/chiptuningmarket.com\/wp-content\/uploads\/2025\/09\/ORANGE5-BASIC.webp\" \/>\n\t<meta property=\"og:image:width\" content=\"1024\" \/>\n\t<meta property=\"og:image:height\" content=\"610\" \/>\n\t<meta property=\"og:image:type\" content=\"image\/webp\" \/>\n<meta name=\"twitter:card\" content=\"summary_large_image\" \/>\n<meta name=\"twitter:label1\" content=\"Szacowany czas czytania\" \/>\n\t<meta name=\"twitter:data1\" content=\"2 minuty\" \/>\n<script type=\"application\/ld+json\" class=\"yoast-schema-graph\">{\"@context\":\"https:\/\/schema.org\",\"@graph\":[{\"@type\":\"WebPage\",\"@id\":\"https:\/\/chiptuningmarket.com\/pl\/shop\/programatory-pl\/programatory-uniwersalne-pl\/orange-5-pl\/orange5-basic\/\",\"url\":\"https:\/\/chiptuningmarket.com\/pl\/shop\/programatory-pl\/programatory-uniwersalne-pl\/orange-5-pl\/orange5-basic\/\",\"name\":\"ORANGE5 - BASIC - Chiptuningmarket\",\"isPartOf\":{\"@id\":\"https:\/\/chiptuningmarket.com\/ru\/#website\"},\"primaryImageOfPage\":{\"@id\":\"https:\/\/chiptuningmarket.com\/pl\/shop\/programatory-pl\/programatory-uniwersalne-pl\/orange-5-pl\/orange5-basic\/#primaryimage\"},\"image\":{\"@id\":\"https:\/\/chiptuningmarket.com\/pl\/shop\/programatory-pl\/programatory-uniwersalne-pl\/orange-5-pl\/orange5-basic\/#primaryimage\"},\"thumbnailUrl\":\"https:\/\/chiptuningmarket.com\/wp-content\/uploads\/2025\/09\/ORANGE5-BASIC.webp\",\"datePublished\":\"2025-09-26T09:37:17+00:00\",\"dateModified\":\"2025-09-26T09:38:19+00:00\",\"description\":\"Orange5 to zaawansowany programator pami\u0119ci i mikrokontroler\u00f3w, stworzony z my\u015bl\u0105 o profesjonalistach. Jego unikaln\u0105 cech\u0105 jest wbudowany makroj\u0119zyk do tworzenia protoko\u0142\u00f3w, kt\u00f3ry pozwala b\u0142yskawicznie dodawa\u0107 obs\u0142ug\u0119 nowych uk\u0142ad\u00f3w. Dzi\u0119ki temu ka\u017cdy odczyt i zapis odbywa si\u0119 precyzyjnie, zgodnie z wymaganiami producent\u00f3w, zapewniaj\u0105c maksymaln\u0105 niezawodno\u015b\u0107 i efektywno\u015b\u0107 pracy.\",\"breadcrumb\":{\"@id\":\"https:\/\/chiptuningmarket.com\/pl\/shop\/programatory-pl\/programatory-uniwersalne-pl\/orange-5-pl\/orange5-basic\/#breadcrumb\"},\"inLanguage\":\"pl-PL\",\"potentialAction\":[{\"@type\":\"ReadAction\",\"target\":[\"https:\/\/chiptuningmarket.com\/pl\/shop\/programatory-pl\/programatory-uniwersalne-pl\/orange-5-pl\/orange5-basic\/\"]}]},{\"@type\":\"ImageObject\",\"inLanguage\":\"pl-PL\",\"@id\":\"https:\/\/chiptuningmarket.com\/pl\/shop\/programatory-pl\/programatory-uniwersalne-pl\/orange-5-pl\/orange5-basic\/#primaryimage\",\"url\":\"https:\/\/chiptuningmarket.com\/wp-content\/uploads\/2025\/09\/ORANGE5-BASIC.webp\",\"contentUrl\":\"https:\/\/chiptuningmarket.com\/wp-content\/uploads\/2025\/09\/ORANGE5-BASIC.webp\",\"width\":1024,\"height\":610},{\"@type\":\"BreadcrumbList\",\"@id\":\"https:\/\/chiptuningmarket.com\/pl\/shop\/programatory-pl\/programatory-uniwersalne-pl\/orange-5-pl\/orange5-basic\/#breadcrumb\",\"itemListElement\":[{\"@type\":\"ListItem\",\"position\":1,\"name\":\"Home\",\"item\":\"https:\/\/chiptuningmarket.com\/pl\/\"},{\"@type\":\"ListItem\",\"position\":2,\"name\":\"Sklep\",\"item\":\"https:\/\/chiptuningmarket.com\/pl\/shop\/\"},{\"@type\":\"ListItem\",\"position\":3,\"name\":\"ORANGE5 &#8211; BASIC\"}]},{\"@type\":\"WebSite\",\"@id\":\"https:\/\/chiptuningmarket.com\/ru\/#website\",\"url\":\"https:\/\/chiptuningmarket.com\/ru\/\",\"name\":\"Chiptuningmarket\",\"description\":\"Biggest chiptuning shop in Europe\",\"publisher\":{\"@id\":\"https:\/\/chiptuningmarket.com\/ru\/#organization\"},\"alternateName\":\"Worldwide ecu tools supplier\",\"potentialAction\":[{\"@type\":\"SearchAction\",\"target\":{\"@type\":\"EntryPoint\",\"urlTemplate\":\"https:\/\/chiptuningmarket.com\/ru\/?s={search_term_string}\"},\"query-input\":{\"@type\":\"PropertyValueSpecification\",\"valueRequired\":true,\"valueName\":\"search_term_string\"}}],\"inLanguage\":\"pl-PL\"},{\"@type\":\"Organization\",\"@id\":\"https:\/\/chiptuningmarket.com\/ru\/#organization\",\"name\":\"Chiptuningmarket\",\"alternateName\":\"Chiptuning tools supplier\",\"url\":\"https:\/\/chiptuningmarket.com\/ru\/\",\"logo\":{\"@type\":\"ImageObject\",\"inLanguage\":\"pl-PL\",\"@id\":\"https:\/\/chiptuningmarket.com\/ru\/#\/schema\/logo\/image\/\",\"url\":\"https:\/\/chiptuningmarket.com\/wp-content\/uploads\/2023\/05\/logo-ChipTuningMarket-social.png\",\"contentUrl\":\"https:\/\/chiptuningmarket.com\/wp-content\/uploads\/2023\/05\/logo-ChipTuningMarket-social.png\",\"width\":512,\"height\":512,\"caption\":\"Chiptuningmarket\"},\"image\":{\"@id\":\"https:\/\/chiptuningmarket.com\/ru\/#\/schema\/logo\/image\/\"}}]}<\/script>\n<!-- \/ Yoast SEO plugin. -->","yoast_head_json":{"title":"ORANGE5 - BASIC - Chiptuningmarket","description":"Orange5 to zaawansowany programator pami\u0119ci i mikrokontroler\u00f3w, stworzony z my\u015bl\u0105 o profesjonalistach. Jego unikaln\u0105 cech\u0105 jest wbudowany makroj\u0119zyk do tworzenia protoko\u0142\u00f3w, kt\u00f3ry pozwala b\u0142yskawicznie dodawa\u0107 obs\u0142ug\u0119 nowych uk\u0142ad\u00f3w. Dzi\u0119ki temu ka\u017cdy odczyt i zapis odbywa si\u0119 precyzyjnie, zgodnie z wymaganiami producent\u00f3w, zapewniaj\u0105c maksymaln\u0105 niezawodno\u015b\u0107 i efektywno\u015b\u0107 pracy.","robots":{"index":"index","follow":"follow","max-snippet":"max-snippet:-1","max-image-preview":"max-image-preview:large","max-video-preview":"max-video-preview:-1"},"canonical":"https:\/\/chiptuningmarket.com\/pl\/shop\/programatory-pl\/programatory-uniwersalne-pl\/orange-5-pl\/orange5-basic\/","og_locale":"pl_PL","og_type":"article","og_title":"ORANGE5 - BASIC - Chiptuningmarket","og_description":"Orange5 to zaawansowany programator pami\u0119ci i mikrokontroler\u00f3w, stworzony z my\u015bl\u0105 o profesjonalistach. Jego unikaln\u0105 cech\u0105 jest wbudowany makroj\u0119zyk do tworzenia protoko\u0142\u00f3w, kt\u00f3ry pozwala b\u0142yskawicznie dodawa\u0107 obs\u0142ug\u0119 nowych uk\u0142ad\u00f3w. Dzi\u0119ki temu ka\u017cdy odczyt i zapis odbywa si\u0119 precyzyjnie, zgodnie z wymaganiami producent\u00f3w, zapewniaj\u0105c maksymaln\u0105 niezawodno\u015b\u0107 i efektywno\u015b\u0107 pracy.","og_url":"https:\/\/chiptuningmarket.com\/pl\/shop\/programatory-pl\/programatory-uniwersalne-pl\/orange-5-pl\/orange5-basic\/","og_site_name":"Chiptuningmarket","article_modified_time":"2025-09-26T09:38:19+00:00","og_image":[{"width":1024,"height":610,"url":"https:\/\/chiptuningmarket.com\/wp-content\/uploads\/2025\/09\/ORANGE5-BASIC.webp","type":"image\/webp"}],"twitter_card":"summary_large_image","twitter_misc":{"Szacowany czas czytania":"2 minuty"},"schema":{"@context":"https:\/\/schema.org","@graph":[{"@type":"WebPage","@id":"https:\/\/chiptuningmarket.com\/pl\/shop\/programatory-pl\/programatory-uniwersalne-pl\/orange-5-pl\/orange5-basic\/","url":"https:\/\/chiptuningmarket.com\/pl\/shop\/programatory-pl\/programatory-uniwersalne-pl\/orange-5-pl\/orange5-basic\/","name":"ORANGE5 - BASIC - Chiptuningmarket","isPartOf":{"@id":"https:\/\/chiptuningmarket.com\/ru\/#website"},"primaryImageOfPage":{"@id":"https:\/\/chiptuningmarket.com\/pl\/shop\/programatory-pl\/programatory-uniwersalne-pl\/orange-5-pl\/orange5-basic\/#primaryimage"},"image":{"@id":"https:\/\/chiptuningmarket.com\/pl\/shop\/programatory-pl\/programatory-uniwersalne-pl\/orange-5-pl\/orange5-basic\/#primaryimage"},"thumbnailUrl":"https:\/\/chiptuningmarket.com\/wp-content\/uploads\/2025\/09\/ORANGE5-BASIC.webp","datePublished":"2025-09-26T09:37:17+00:00","dateModified":"2025-09-26T09:38:19+00:00","description":"Orange5 to zaawansowany programator pami\u0119ci i mikrokontroler\u00f3w, stworzony z my\u015bl\u0105 o profesjonalistach. Jego unikaln\u0105 cech\u0105 jest wbudowany makroj\u0119zyk do tworzenia protoko\u0142\u00f3w, kt\u00f3ry pozwala b\u0142yskawicznie dodawa\u0107 obs\u0142ug\u0119 nowych uk\u0142ad\u00f3w. Dzi\u0119ki temu ka\u017cdy odczyt i zapis odbywa si\u0119 precyzyjnie, zgodnie z wymaganiami producent\u00f3w, zapewniaj\u0105c maksymaln\u0105 niezawodno\u015b\u0107 i efektywno\u015b\u0107 pracy.","breadcrumb":{"@id":"https:\/\/chiptuningmarket.com\/pl\/shop\/programatory-pl\/programatory-uniwersalne-pl\/orange-5-pl\/orange5-basic\/#breadcrumb"},"inLanguage":"pl-PL","potentialAction":[{"@type":"ReadAction","target":["https:\/\/chiptuningmarket.com\/pl\/shop\/programatory-pl\/programatory-uniwersalne-pl\/orange-5-pl\/orange5-basic\/"]}]},{"@type":"ImageObject","inLanguage":"pl-PL","@id":"https:\/\/chiptuningmarket.com\/pl\/shop\/programatory-pl\/programatory-uniwersalne-pl\/orange-5-pl\/orange5-basic\/#primaryimage","url":"https:\/\/chiptuningmarket.com\/wp-content\/uploads\/2025\/09\/ORANGE5-BASIC.webp","contentUrl":"https:\/\/chiptuningmarket.com\/wp-content\/uploads\/2025\/09\/ORANGE5-BASIC.webp","width":1024,"height":610},{"@type":"BreadcrumbList","@id":"https:\/\/chiptuningmarket.com\/pl\/shop\/programatory-pl\/programatory-uniwersalne-pl\/orange-5-pl\/orange5-basic\/#breadcrumb","itemListElement":[{"@type":"ListItem","position":1,"name":"Home","item":"https:\/\/chiptuningmarket.com\/pl\/"},{"@type":"ListItem","position":2,"name":"Sklep","item":"https:\/\/chiptuningmarket.com\/pl\/shop\/"},{"@type":"ListItem","position":3,"name":"ORANGE5 &#8211; BASIC"}]},{"@type":"WebSite","@id":"https:\/\/chiptuningmarket.com\/ru\/#website","url":"https:\/\/chiptuningmarket.com\/ru\/","name":"Chiptuningmarket","description":"Biggest chiptuning shop in Europe","publisher":{"@id":"https:\/\/chiptuningmarket.com\/ru\/#organization"},"alternateName":"Worldwide ecu tools supplier","potentialAction":[{"@type":"SearchAction","target":{"@type":"EntryPoint","urlTemplate":"https:\/\/chiptuningmarket.com\/ru\/?s={search_term_string}"},"query-input":{"@type":"PropertyValueSpecification","valueRequired":true,"valueName":"search_term_string"}}],"inLanguage":"pl-PL"},{"@type":"Organization","@id":"https:\/\/chiptuningmarket.com\/ru\/#organization","name":"Chiptuningmarket","alternateName":"Chiptuning tools supplier","url":"https:\/\/chiptuningmarket.com\/ru\/","logo":{"@type":"ImageObject","inLanguage":"pl-PL","@id":"https:\/\/chiptuningmarket.com\/ru\/#\/schema\/logo\/image\/","url":"https:\/\/chiptuningmarket.com\/wp-content\/uploads\/2023\/05\/logo-ChipTuningMarket-social.png","contentUrl":"https:\/\/chiptuningmarket.com\/wp-content\/uploads\/2023\/05\/logo-ChipTuningMarket-social.png","width":512,"height":512,"caption":"Chiptuningmarket"},"image":{"@id":"https:\/\/chiptuningmarket.com\/ru\/#\/schema\/logo\/image\/"}}]}},"_links":{"self":[{"href":"https:\/\/chiptuningmarket.com\/pl\/wp-json\/wp\/v2\/product\/225370","targetHints":{"allow":["GET"]}}],"collection":[{"href":"https:\/\/chiptuningmarket.com\/pl\/wp-json\/wp\/v2\/product"}],"about":[{"href":"https:\/\/chiptuningmarket.com\/pl\/wp-json\/wp\/v2\/types\/product"}],"wp:featuredmedia":[{"embeddable":true,"href":"https:\/\/chiptuningmarket.com\/pl\/wp-json\/wp\/v2\/media\/225389"}],"wp:attachment":[{"href":"https:\/\/chiptuningmarket.com\/pl\/wp-json\/wp\/v2\/media?parent=225370"}],"wp:term":[{"taxonomy":"product_brand","embeddable":true,"href":"https:\/\/chiptuningmarket.com\/pl\/wp-json\/wp\/v2\/product_brand?post=225370"},{"taxonomy":"product_cat","embeddable":true,"href":"https:\/\/chiptuningmarket.com\/pl\/wp-json\/wp\/v2\/product_cat?post=225370"},{"taxonomy":"product_tag","embeddable":true,"href":"https:\/\/chiptuningmarket.com\/pl\/wp-json\/wp\/v2\/product_tag?post=225370"}],"curies":[{"name":"wp","href":"https:\/\/api.w.org\/{rel}","templated":true}]}}