{"id":23030,"date":"2022-08-11T10:35:11","date_gmt":"2022-08-11T10:35:11","guid":{"rendered":"https:\/\/chiptuningmarket.com\/?post_type=product&#038;p=23030"},"modified":"2025-08-12T07:49:01","modified_gmt":"2025-08-12T06:49:01","slug":"zestaw-uniwersalny-magbench-full-flk10","status":"publish","type":"product","link":"https:\/\/chiptuningmarket.com\/pl\/shop\/akcesoria-chiptuning-pl\/magicmotorsport-flex-pl\/bdm-boot-pl\/zestaw-uniwersalny-magbench-full-flk10\/","title":{"rendered":"Zestaw ramy BDM do Flex MAGBench FULL &#8211; FLK10"},"content":{"rendered":"<p style=\"text-align: center\"><strong>Zestaw uniwersalny MAGBench FULL &#8211; FLK10<\/strong><\/p>\n<p>Ten zestaw zawiera: FLK08 umo\u017cliwia po\u0142\u0105czenie z dowolnym ECU dzi\u0119ki szczelinowemu panelowi g\u00f3rnemu i sondom pogo pin.\u00a0FLK04: Zestaw adapter\u00f3w do programowania BDM.FLX4.10: Rami\u0119 przegubowe do \u0142awki FLEXible.\u00a0FLX4.10G: Ten adapter umo\u017cliwia programowanie pojazd\u00f3w z grupy Toyota (w tym Denso 175822-xxx).<\/p>\n<p>Zestaw uniwersalny MAGBench FULL zawiera:<\/p>\n<ul>\n<li><strong>FLK08<\/strong>\u00a0To profesjonalne narz\u0119dzie umo\u017cliwia po\u0142\u0105czenie z dowolnym ECU dzi\u0119ki szczelinowemu panelowi g\u00f3rnemu i sondom pogo pin.<\/li>\n<li><strong>FLK04<\/strong>\u00a0Zestaw adapter\u00f3w do programowania BDM sterownik\u00f3w Bosch, Siemens, Marelli i Delphi.<\/li>\n<li><strong>Rami\u0119 przegubowe FLX4.10<\/strong>\u00a0do \u0142awki elastycznej.<\/li>\n<li><strong>FLX4.10G<\/strong>\u00a0Ten adapter umo\u017cliwia programowanie pojazd\u00f3w z grupy Toyota (m.in. Denso 175822-xxx).<\/li>\n<\/ul>\n<p>&nbsp;<\/p>\n<div class=\"image\"><img decoding=\"async\" class=\"aligncenter\" src=\"https:\/\/magicmotorsport.shop\/xml_image\/FLK10-COPERTINA.jpg\" alt=\"Zestaw uniwersalny MAGBench FULL\" \/><\/div>\n<div><strong>W naszej ofercie r\u00f3wmie\u017c<br \/>\n<a href=\"https:\/\/chiptuningmarket.com\/pl\/shop\/chiptuning-programatory\/magicmotorsport-pl\/zestaw-startowy-magpro2-x17-master-kit-z-dozywotnia-licencja-rama-bdm-igly-10szt\/\">Zestaw startowy chiptuning: MAGPro2 X17 + Rama BDM + ig\u0142y Bootmode<\/a><br \/>\n<a href=\"https:\/\/chiptuningmarket.com\/pl\/shop\/chiptuning-programatory\/magicmotorsport-pl\/flex-master-full-sw-package\/\">Flex FULL Master + zestaw rama BDM, otwieraki oraz ig\u0142y BOOTMODE<\/a><\/strong><\/div>\n","protected":false},"excerpt":{"rendered":"<p>Ten zestaw zawiera: FLK08 umo\u017cliwia po\u0142\u0105czenie z dowolnym ECU dzi\u0119ki szczelinowemu panelowi g\u00f3rnemu i sondom pogo pin.\u00a0FLK04: Zestaw adapter\u00f3w do programowania BDM.FLX4.10: Rami\u0119 przegubowe do \u0142awki FLEXible.\u00a0FLX4.10G: Ten adapter umo\u017cliwia programowanie pojazd\u00f3w z grupy Toyota (w tym Denso 175822-xxx).<\/p>\n","protected":false},"featured_media":23038,"template":"","meta":{"_monsterinsights_skip_tracking":false,"_monsterinsights_sitenote_active":false,"_monsterinsights_sitenote_note":"","_monsterinsights_sitenote_category":0},"product_brand":[],"product_cat":[5060,5129,5131],"product_tag":[6703,2406,3693],"class_list":{"0":"post-23030","1":"product","2":"type-product","3":"status-publish","4":"has-post-thumbnail","6":"product_cat-akcesoria-chiptuning-pl","7":"product_cat-magicmotorsport-flex-pl","8":"product_cat-bdm-boot-pl","9":"product_tag-flk10","10":"product_tag-frame-bdm-pl","11":"product_tag-zestaw-uniwersalny-magbench-full","13":"first","14":"instock","15":"taxable","16":"shipping-taxable","17":"purchasable","18":"product-type-simple"},"yoast_head":"<!-- This site is optimized with the Yoast SEO plugin v25.2 - https:\/\/yoast.com\/wordpress\/plugins\/seo\/ -->\n<title>Zestaw ramy BDM do Flex MAGBench FULL - FLK10 - Chiptuningmarket<\/title>\n<meta name=\"description\" content=\"Zestaw uniwersalny MAGBench FULL Ten zestaw zawiera: FLK08 umo\u017cliwia po\u0142\u0105czenie z dowolnym ECU dzi\u0119ki szczelinowemu panelowi g\u00f3rnemu i son...\" \/>\n<meta name=\"robots\" content=\"index, follow, max-snippet:-1, max-image-preview:large, max-video-preview:-1\" \/>\n<link rel=\"canonical\" href=\"https:\/\/chiptuningmarket.com\/pl\/shop\/akcesoria-chiptuning-pl\/magicmotorsport-flex-pl\/bdm-boot-pl\/zestaw-uniwersalny-magbench-full-flk10\/\" \/>\n<meta property=\"og:locale\" content=\"pl_PL\" \/>\n<meta property=\"og:type\" content=\"article\" \/>\n<meta property=\"og:title\" content=\"Zestaw ramy BDM do Flex MAGBench FULL - FLK10 - Chiptuningmarket\" \/>\n<meta property=\"og:description\" content=\"Zestaw uniwersalny MAGBench FULL Ten zestaw zawiera: FLK08 umo\u017cliwia po\u0142\u0105czenie z dowolnym ECU dzi\u0119ki szczelinowemu panelowi g\u00f3rnemu i son...\" \/>\n<meta property=\"og:url\" content=\"https:\/\/chiptuningmarket.com\/pl\/shop\/akcesoria-chiptuning-pl\/magicmotorsport-flex-pl\/bdm-boot-pl\/zestaw-uniwersalny-magbench-full-flk10\/\" \/>\n<meta property=\"og:site_name\" content=\"Chiptuningmarket\" \/>\n<meta property=\"article:modified_time\" content=\"2025-08-12T06:49:01+00:00\" \/>\n<meta property=\"og:image\" content=\"https:\/\/chiptuningmarket.com\/wp-content\/uploads\/2022\/08\/FLK10-P_71.jpg\" \/>\n\t<meta property=\"og:image:width\" content=\"600\" \/>\n\t<meta property=\"og:image:height\" content=\"600\" \/>\n\t<meta property=\"og:image:type\" content=\"image\/jpeg\" \/>\n<meta name=\"twitter:card\" content=\"summary_large_image\" \/>\n<meta name=\"twitter:label1\" content=\"Szacowany czas czytania\" \/>\n\t<meta name=\"twitter:data1\" content=\"1 minuta\" \/>\n<script type=\"application\/ld+json\" class=\"yoast-schema-graph\">{\"@context\":\"https:\/\/schema.org\",\"@graph\":[{\"@type\":\"WebPage\",\"@id\":\"https:\/\/chiptuningmarket.com\/pl\/shop\/akcesoria-chiptuning-pl\/magicmotorsport-flex-pl\/bdm-boot-pl\/zestaw-uniwersalny-magbench-full-flk10\/\",\"url\":\"https:\/\/chiptuningmarket.com\/pl\/shop\/akcesoria-chiptuning-pl\/magicmotorsport-flex-pl\/bdm-boot-pl\/zestaw-uniwersalny-magbench-full-flk10\/\",\"name\":\"Zestaw ramy BDM do Flex MAGBench FULL - FLK10 - Chiptuningmarket\",\"isPartOf\":{\"@id\":\"https:\/\/chiptuningmarket.com\/pl\/#website\"},\"primaryImageOfPage\":{\"@id\":\"https:\/\/chiptuningmarket.com\/pl\/shop\/akcesoria-chiptuning-pl\/magicmotorsport-flex-pl\/bdm-boot-pl\/zestaw-uniwersalny-magbench-full-flk10\/#primaryimage\"},\"image\":{\"@id\":\"https:\/\/chiptuningmarket.com\/pl\/shop\/akcesoria-chiptuning-pl\/magicmotorsport-flex-pl\/bdm-boot-pl\/zestaw-uniwersalny-magbench-full-flk10\/#primaryimage\"},\"thumbnailUrl\":\"https:\/\/chiptuningmarket.com\/wp-content\/uploads\/2022\/08\/FLK10-P_71.jpg\",\"datePublished\":\"2022-08-11T10:35:11+00:00\",\"dateModified\":\"2025-08-12T06:49:01+00:00\",\"description\":\"Zestaw uniwersalny MAGBench FULL Ten zestaw zawiera: FLK08 umo\u017cliwia po\u0142\u0105czenie z dowolnym ECU dzi\u0119ki szczelinowemu panelowi g\u00f3rnemu i son...\",\"breadcrumb\":{\"@id\":\"https:\/\/chiptuningmarket.com\/pl\/shop\/akcesoria-chiptuning-pl\/magicmotorsport-flex-pl\/bdm-boot-pl\/zestaw-uniwersalny-magbench-full-flk10\/#breadcrumb\"},\"inLanguage\":\"pl-PL\",\"potentialAction\":[{\"@type\":\"ReadAction\",\"target\":[\"https:\/\/chiptuningmarket.com\/pl\/shop\/akcesoria-chiptuning-pl\/magicmotorsport-flex-pl\/bdm-boot-pl\/zestaw-uniwersalny-magbench-full-flk10\/\"]}]},{\"@type\":\"ImageObject\",\"inLanguage\":\"pl-PL\",\"@id\":\"https:\/\/chiptuningmarket.com\/pl\/shop\/akcesoria-chiptuning-pl\/magicmotorsport-flex-pl\/bdm-boot-pl\/zestaw-uniwersalny-magbench-full-flk10\/#primaryimage\",\"url\":\"https:\/\/chiptuningmarket.com\/wp-content\/uploads\/2022\/08\/FLK10-P_71.jpg\",\"contentUrl\":\"https:\/\/chiptuningmarket.com\/wp-content\/uploads\/2022\/08\/FLK10-P_71.jpg\",\"width\":600,\"height\":600,\"caption\":\"Zestaw ramy BDM do Flex MAGBench FULL\"},{\"@type\":\"BreadcrumbList\",\"@id\":\"https:\/\/chiptuningmarket.com\/pl\/shop\/akcesoria-chiptuning-pl\/magicmotorsport-flex-pl\/bdm-boot-pl\/zestaw-uniwersalny-magbench-full-flk10\/#breadcrumb\",\"itemListElement\":[{\"@type\":\"ListItem\",\"position\":1,\"name\":\"Home\",\"item\":\"https:\/\/chiptuningmarket.com\/pl\/\"},{\"@type\":\"ListItem\",\"position\":2,\"name\":\"Sklep\",\"item\":\"https:\/\/chiptuningmarket.com\/pl\/shop\/\"},{\"@type\":\"ListItem\",\"position\":3,\"name\":\"Zestaw ramy BDM do Flex MAGBench FULL &#8211; FLK10\"}]},{\"@type\":\"WebSite\",\"@id\":\"https:\/\/chiptuningmarket.com\/pl\/#website\",\"url\":\"https:\/\/chiptuningmarket.com\/pl\/\",\"name\":\"Chiptuningmarket\",\"description\":\"Biggest chiptuning shop in Europe\",\"publisher\":{\"@id\":\"https:\/\/chiptuningmarket.com\/pl\/#organization\"},\"alternateName\":\"Worldwide ecu tools supplier\",\"potentialAction\":[{\"@type\":\"SearchAction\",\"target\":{\"@type\":\"EntryPoint\",\"urlTemplate\":\"https:\/\/chiptuningmarket.com\/pl\/?s={search_term_string}\"},\"query-input\":{\"@type\":\"PropertyValueSpecification\",\"valueRequired\":true,\"valueName\":\"search_term_string\"}}],\"inLanguage\":\"pl-PL\"},{\"@type\":\"Organization\",\"@id\":\"https:\/\/chiptuningmarket.com\/pl\/#organization\",\"name\":\"Chiptuningmarket\",\"alternateName\":\"Chiptuning tools supplier\",\"url\":\"https:\/\/chiptuningmarket.com\/pl\/\",\"logo\":{\"@type\":\"ImageObject\",\"inLanguage\":\"pl-PL\",\"@id\":\"https:\/\/chiptuningmarket.com\/pl\/#\/schema\/logo\/image\/\",\"url\":\"https:\/\/chiptuningmarket.com\/wp-content\/uploads\/2023\/05\/logo-ChipTuningMarket-social.png\",\"contentUrl\":\"https:\/\/chiptuningmarket.com\/wp-content\/uploads\/2023\/05\/logo-ChipTuningMarket-social.png\",\"width\":512,\"height\":512,\"caption\":\"Chiptuningmarket\"},\"image\":{\"@id\":\"https:\/\/chiptuningmarket.com\/pl\/#\/schema\/logo\/image\/\"}}]}<\/script>\n<!-- \/ Yoast SEO plugin. -->","yoast_head_json":{"title":"Zestaw ramy BDM do Flex MAGBench FULL - FLK10 - Chiptuningmarket","description":"Zestaw uniwersalny MAGBench FULL Ten zestaw zawiera: FLK08 umo\u017cliwia po\u0142\u0105czenie z dowolnym ECU dzi\u0119ki szczelinowemu panelowi g\u00f3rnemu i son...","robots":{"index":"index","follow":"follow","max-snippet":"max-snippet:-1","max-image-preview":"max-image-preview:large","max-video-preview":"max-video-preview:-1"},"canonical":"https:\/\/chiptuningmarket.com\/pl\/shop\/akcesoria-chiptuning-pl\/magicmotorsport-flex-pl\/bdm-boot-pl\/zestaw-uniwersalny-magbench-full-flk10\/","og_locale":"pl_PL","og_type":"article","og_title":"Zestaw ramy BDM do Flex MAGBench FULL - FLK10 - Chiptuningmarket","og_description":"Zestaw uniwersalny MAGBench FULL Ten zestaw zawiera: FLK08 umo\u017cliwia po\u0142\u0105czenie z dowolnym ECU dzi\u0119ki szczelinowemu panelowi g\u00f3rnemu i son...","og_url":"https:\/\/chiptuningmarket.com\/pl\/shop\/akcesoria-chiptuning-pl\/magicmotorsport-flex-pl\/bdm-boot-pl\/zestaw-uniwersalny-magbench-full-flk10\/","og_site_name":"Chiptuningmarket","article_modified_time":"2025-08-12T06:49:01+00:00","og_image":[{"width":600,"height":600,"url":"https:\/\/chiptuningmarket.com\/wp-content\/uploads\/2022\/08\/FLK10-P_71.jpg","type":"image\/jpeg"}],"twitter_card":"summary_large_image","twitter_misc":{"Szacowany czas czytania":"1 minuta"},"schema":{"@context":"https:\/\/schema.org","@graph":[{"@type":"WebPage","@id":"https:\/\/chiptuningmarket.com\/pl\/shop\/akcesoria-chiptuning-pl\/magicmotorsport-flex-pl\/bdm-boot-pl\/zestaw-uniwersalny-magbench-full-flk10\/","url":"https:\/\/chiptuningmarket.com\/pl\/shop\/akcesoria-chiptuning-pl\/magicmotorsport-flex-pl\/bdm-boot-pl\/zestaw-uniwersalny-magbench-full-flk10\/","name":"Zestaw ramy BDM do Flex MAGBench FULL - FLK10 - Chiptuningmarket","isPartOf":{"@id":"https:\/\/chiptuningmarket.com\/pl\/#website"},"primaryImageOfPage":{"@id":"https:\/\/chiptuningmarket.com\/pl\/shop\/akcesoria-chiptuning-pl\/magicmotorsport-flex-pl\/bdm-boot-pl\/zestaw-uniwersalny-magbench-full-flk10\/#primaryimage"},"image":{"@id":"https:\/\/chiptuningmarket.com\/pl\/shop\/akcesoria-chiptuning-pl\/magicmotorsport-flex-pl\/bdm-boot-pl\/zestaw-uniwersalny-magbench-full-flk10\/#primaryimage"},"thumbnailUrl":"https:\/\/chiptuningmarket.com\/wp-content\/uploads\/2022\/08\/FLK10-P_71.jpg","datePublished":"2022-08-11T10:35:11+00:00","dateModified":"2025-08-12T06:49:01+00:00","description":"Zestaw uniwersalny MAGBench FULL Ten zestaw zawiera: FLK08 umo\u017cliwia po\u0142\u0105czenie z dowolnym ECU dzi\u0119ki szczelinowemu panelowi g\u00f3rnemu i son...","breadcrumb":{"@id":"https:\/\/chiptuningmarket.com\/pl\/shop\/akcesoria-chiptuning-pl\/magicmotorsport-flex-pl\/bdm-boot-pl\/zestaw-uniwersalny-magbench-full-flk10\/#breadcrumb"},"inLanguage":"pl-PL","potentialAction":[{"@type":"ReadAction","target":["https:\/\/chiptuningmarket.com\/pl\/shop\/akcesoria-chiptuning-pl\/magicmotorsport-flex-pl\/bdm-boot-pl\/zestaw-uniwersalny-magbench-full-flk10\/"]}]},{"@type":"ImageObject","inLanguage":"pl-PL","@id":"https:\/\/chiptuningmarket.com\/pl\/shop\/akcesoria-chiptuning-pl\/magicmotorsport-flex-pl\/bdm-boot-pl\/zestaw-uniwersalny-magbench-full-flk10\/#primaryimage","url":"https:\/\/chiptuningmarket.com\/wp-content\/uploads\/2022\/08\/FLK10-P_71.jpg","contentUrl":"https:\/\/chiptuningmarket.com\/wp-content\/uploads\/2022\/08\/FLK10-P_71.jpg","width":600,"height":600,"caption":"Zestaw ramy BDM do Flex MAGBench FULL"},{"@type":"BreadcrumbList","@id":"https:\/\/chiptuningmarket.com\/pl\/shop\/akcesoria-chiptuning-pl\/magicmotorsport-flex-pl\/bdm-boot-pl\/zestaw-uniwersalny-magbench-full-flk10\/#breadcrumb","itemListElement":[{"@type":"ListItem","position":1,"name":"Home","item":"https:\/\/chiptuningmarket.com\/pl\/"},{"@type":"ListItem","position":2,"name":"Sklep","item":"https:\/\/chiptuningmarket.com\/pl\/shop\/"},{"@type":"ListItem","position":3,"name":"Zestaw ramy BDM do Flex MAGBench FULL &#8211; FLK10"}]},{"@type":"WebSite","@id":"https:\/\/chiptuningmarket.com\/pl\/#website","url":"https:\/\/chiptuningmarket.com\/pl\/","name":"Chiptuningmarket","description":"Biggest chiptuning shop in Europe","publisher":{"@id":"https:\/\/chiptuningmarket.com\/pl\/#organization"},"alternateName":"Worldwide ecu tools supplier","potentialAction":[{"@type":"SearchAction","target":{"@type":"EntryPoint","urlTemplate":"https:\/\/chiptuningmarket.com\/pl\/?s={search_term_string}"},"query-input":{"@type":"PropertyValueSpecification","valueRequired":true,"valueName":"search_term_string"}}],"inLanguage":"pl-PL"},{"@type":"Organization","@id":"https:\/\/chiptuningmarket.com\/pl\/#organization","name":"Chiptuningmarket","alternateName":"Chiptuning tools supplier","url":"https:\/\/chiptuningmarket.com\/pl\/","logo":{"@type":"ImageObject","inLanguage":"pl-PL","@id":"https:\/\/chiptuningmarket.com\/pl\/#\/schema\/logo\/image\/","url":"https:\/\/chiptuningmarket.com\/wp-content\/uploads\/2023\/05\/logo-ChipTuningMarket-social.png","contentUrl":"https:\/\/chiptuningmarket.com\/wp-content\/uploads\/2023\/05\/logo-ChipTuningMarket-social.png","width":512,"height":512,"caption":"Chiptuningmarket"},"image":{"@id":"https:\/\/chiptuningmarket.com\/pl\/#\/schema\/logo\/image\/"}}]}},"_links":{"self":[{"href":"https:\/\/chiptuningmarket.com\/pl\/wp-json\/wp\/v2\/product\/23030","targetHints":{"allow":["GET"]}}],"collection":[{"href":"https:\/\/chiptuningmarket.com\/pl\/wp-json\/wp\/v2\/product"}],"about":[{"href":"https:\/\/chiptuningmarket.com\/pl\/wp-json\/wp\/v2\/types\/product"}],"wp:featuredmedia":[{"embeddable":true,"href":"https:\/\/chiptuningmarket.com\/pl\/wp-json\/wp\/v2\/media\/23038"}],"wp:attachment":[{"href":"https:\/\/chiptuningmarket.com\/pl\/wp-json\/wp\/v2\/media?parent=23030"}],"wp:term":[{"taxonomy":"product_brand","embeddable":true,"href":"https:\/\/chiptuningmarket.com\/pl\/wp-json\/wp\/v2\/product_brand?post=23030"},{"taxonomy":"product_cat","embeddable":true,"href":"https:\/\/chiptuningmarket.com\/pl\/wp-json\/wp\/v2\/product_cat?post=23030"},{"taxonomy":"product_tag","embeddable":true,"href":"https:\/\/chiptuningmarket.com\/pl\/wp-json\/wp\/v2\/product_tag?post=23030"}],"curies":[{"name":"wp","href":"https:\/\/api.w.org\/{rel}","templated":true}]}}