{"id":23268,"date":"2022-08-23T14:01:50","date_gmt":"2022-08-23T14:01:50","guid":{"rendered":"https:\/\/chiptuningmarket.com\/?post_type=product&#038;p=23268"},"modified":"2025-09-24T15:01:28","modified_gmt":"2025-09-24T14:01:28","slug":"hex-v2-licencja-vcds-pro-walizka-gratis","status":"publish","type":"product","link":"https:\/\/chiptuningmarket.com\/pl\/shop\/urzadzenia-diagnostyczne-pl-pl\/osobowe-urzadzenia-diagnostyczne-pl\/vcds\/hex-v2-licencja-vcds-pro-walizka-gratis\/","title":{"rendered":"HEX-V2 + licencja VCDS Pro + walizka gratis"},"content":{"rendered":"<h4 style=\"text-align: center\">HEX-V2 + licencja VCDS Pro + walizka gratis<\/h4>\n<p>Profesjonalny tester diagnostyczny do pojazd\u00f3w z grupy VAG od firmy Ross-Tech. Pozwala na odczyt b\u0142\u0119d\u00f3w, kasowanie, kodowania i wiele innych.<\/p>\n<p>&nbsp;<\/p>\n<p><a href=\"https:\/\/chiptuningmarket.com\/wp-content\/uploads\/2022\/08\/hexv2-3-1.png\"><img decoding=\"async\" class=\"aligncenter wp-image-34529 size-full\" src=\"https:\/\/chiptuningmarket.com\/wp-content\/uploads\/2022\/08\/hexv2-3-1.png\" alt=\"\" width=\"433\" height=\"576\" srcset=\"https:\/\/chiptuningmarket.com\/wp-content\/uploads\/2022\/08\/hexv2-3-1.png 433w, https:\/\/chiptuningmarket.com\/wp-content\/uploads\/2022\/08\/hexv2-3-1-226x300.png 226w\" sizes=\"(max-width: 433px) 100vw, 433px\" \/><\/a><\/p>\n<p>&nbsp;<\/p>\n<p>&nbsp;<\/p>\n<p><strong>Urz\u0105dzenie w wersji profesjonalnej bez ograniczenia co do ilo\u015bci obs\u0142ugiwanych pojazd\u00f3w.\u00a0<\/strong><\/p>\n<p><strong>W ofercie r\u00f3wnie\u017c:<br \/>\n<\/strong><a href=\"https:\/\/chiptuningmarket.com\/pl\/shop\/testery-diagnostyczne-diagnoskopy\/topdon\/topdon-phoenix-elite\/\">TOPDON Phoenix Elite<\/a><br \/>\n<a href=\"https:\/\/chiptuningmarket.com\/pl\/shop\/testery-diagnostyczne-diagnoskopy\/topdon\/phoenix-plus\/\">Topdon Phoenix Plus<\/a><\/p>\n","protected":false},"excerpt":{"rendered":"<p>HEX-V2 + licencja VCDS Pro \u00a0pozwala na\u00a0 diagnostyk\u0119 aut z grupy VAG ( VW, AUDI, SEAT, SKODA) produkowanych w latach <strong>1990-2024<\/strong>.<\/p>\n<p><strong><em>W cenie rok subskrypcji SFD\u00a0<\/em><\/strong><\/p>\n","protected":false},"featured_media":34526,"template":"","meta":{"_monsterinsights_skip_tracking":false,"_monsterinsights_sitenote_active":false,"_monsterinsights_sitenote_note":"","_monsterinsights_sitenote_category":0},"product_brand":[],"product_cat":[5259,5059,8160],"product_tag":[2272,2413,2564,2603,2604,2605,2606],"class_list":{"0":"post-23268","1":"product","2":"type-product","3":"status-publish","4":"has-post-thumbnail","6":"product_cat-osobowe-urzadzenia-diagnostyczne-pl","7":"product_cat-urzadzenia-diagnostyczne-pl-pl","8":"product_cat-vcds","9":"product_tag-adako-pl","10":"product_tag-hex-v2-pl","11":"product_tag-ross-tech-pl","12":"product_tag-vag-tester-pl","13":"product_tag-vcds-pl","14":"product_tag-vcds-hex-v2-pro-pl","15":"product_tag-vcds-pro-pl","17":"first","18":"instock","19":"taxable","20":"shipping-taxable","21":"purchasable","22":"product-type-simple"},"yoast_head":"<!-- This site is optimized with the Yoast SEO plugin v25.2 - https:\/\/yoast.com\/wordpress\/plugins\/seo\/ -->\n<title>HEX-V2 + licencja VCDS Pro + walizka gratis - Chiptuningmarket<\/title>\n<meta name=\"description\" content=\"HEX-V2 + licencja VCDS Pro + walizka gratis -\u00a0urz\u0105dzenie w wersji profesjonalnej bez ograniczenia co do ilo\u015bci obs\u0142ugiwanych pojazd\u00f3w\" \/>\n<meta name=\"robots\" content=\"index, follow, max-snippet:-1, max-image-preview:large, max-video-preview:-1\" \/>\n<link rel=\"canonical\" href=\"https:\/\/chiptuningmarket.com\/pl\/shop\/urzadzenia-diagnostyczne-pl-pl\/osobowe-urzadzenia-diagnostyczne-pl\/vcds\/hex-v2-licencja-vcds-pro-walizka-gratis\/\" \/>\n<meta property=\"og:locale\" content=\"pl_PL\" \/>\n<meta property=\"og:type\" content=\"article\" \/>\n<meta property=\"og:title\" content=\"HEX-V2 + licencja VCDS Pro + walizka gratis - Chiptuningmarket\" \/>\n<meta property=\"og:description\" content=\"HEX-V2 + licencja VCDS Pro + walizka gratis -\u00a0urz\u0105dzenie w wersji profesjonalnej bez ograniczenia co do ilo\u015bci obs\u0142ugiwanych pojazd\u00f3w\" \/>\n<meta property=\"og:url\" content=\"https:\/\/chiptuningmarket.com\/pl\/shop\/urzadzenia-diagnostyczne-pl-pl\/osobowe-urzadzenia-diagnostyczne-pl\/vcds\/hex-v2-licencja-vcds-pro-walizka-gratis\/\" \/>\n<meta property=\"og:site_name\" content=\"Chiptuningmarket\" \/>\n<meta property=\"article:modified_time\" content=\"2025-09-24T14:01:28+00:00\" \/>\n<meta property=\"og:image\" content=\"https:\/\/chiptuningmarket.com\/wp-content\/uploads\/2022\/08\/hexv2-e1690891330643.png\" \/>\n\t<meta property=\"og:image:width\" content=\"433\" \/>\n\t<meta property=\"og:image:height\" content=\"433\" \/>\n\t<meta property=\"og:image:type\" content=\"image\/png\" \/>\n<meta name=\"twitter:card\" content=\"summary_large_image\" \/>\n<meta name=\"twitter:label1\" content=\"Szacowany czas czytania\" \/>\n\t<meta name=\"twitter:data1\" content=\"1 minuta\" \/>\n<script type=\"application\/ld+json\" class=\"yoast-schema-graph\">{\"@context\":\"https:\/\/schema.org\",\"@graph\":[{\"@type\":\"WebPage\",\"@id\":\"https:\/\/chiptuningmarket.com\/pl\/shop\/urzadzenia-diagnostyczne-pl-pl\/osobowe-urzadzenia-diagnostyczne-pl\/vcds\/hex-v2-licencja-vcds-pro-walizka-gratis\/\",\"url\":\"https:\/\/chiptuningmarket.com\/pl\/shop\/urzadzenia-diagnostyczne-pl-pl\/osobowe-urzadzenia-diagnostyczne-pl\/vcds\/hex-v2-licencja-vcds-pro-walizka-gratis\/\",\"name\":\"HEX-V2 + licencja VCDS Pro + walizka gratis - Chiptuningmarket\",\"isPartOf\":{\"@id\":\"https:\/\/chiptuningmarket.com\/pl\/#website\"},\"primaryImageOfPage\":{\"@id\":\"https:\/\/chiptuningmarket.com\/pl\/shop\/urzadzenia-diagnostyczne-pl-pl\/osobowe-urzadzenia-diagnostyczne-pl\/vcds\/hex-v2-licencja-vcds-pro-walizka-gratis\/#primaryimage\"},\"image\":{\"@id\":\"https:\/\/chiptuningmarket.com\/pl\/shop\/urzadzenia-diagnostyczne-pl-pl\/osobowe-urzadzenia-diagnostyczne-pl\/vcds\/hex-v2-licencja-vcds-pro-walizka-gratis\/#primaryimage\"},\"thumbnailUrl\":\"https:\/\/chiptuningmarket.com\/wp-content\/uploads\/2022\/08\/hexv2-e1690891330643.png\",\"datePublished\":\"2022-08-23T14:01:50+00:00\",\"dateModified\":\"2025-09-24T14:01:28+00:00\",\"description\":\"HEX-V2 + licencja VCDS Pro + walizka gratis -\u00a0urz\u0105dzenie w wersji profesjonalnej bez ograniczenia co do ilo\u015bci obs\u0142ugiwanych pojazd\u00f3w\",\"breadcrumb\":{\"@id\":\"https:\/\/chiptuningmarket.com\/pl\/shop\/urzadzenia-diagnostyczne-pl-pl\/osobowe-urzadzenia-diagnostyczne-pl\/vcds\/hex-v2-licencja-vcds-pro-walizka-gratis\/#breadcrumb\"},\"inLanguage\":\"pl-PL\",\"potentialAction\":[{\"@type\":\"ReadAction\",\"target\":[\"https:\/\/chiptuningmarket.com\/pl\/shop\/urzadzenia-diagnostyczne-pl-pl\/osobowe-urzadzenia-diagnostyczne-pl\/vcds\/hex-v2-licencja-vcds-pro-walizka-gratis\/\"]}]},{\"@type\":\"ImageObject\",\"inLanguage\":\"pl-PL\",\"@id\":\"https:\/\/chiptuningmarket.com\/pl\/shop\/urzadzenia-diagnostyczne-pl-pl\/osobowe-urzadzenia-diagnostyczne-pl\/vcds\/hex-v2-licencja-vcds-pro-walizka-gratis\/#primaryimage\",\"url\":\"https:\/\/chiptuningmarket.com\/wp-content\/uploads\/2022\/08\/hexv2-e1690891330643.png\",\"contentUrl\":\"https:\/\/chiptuningmarket.com\/wp-content\/uploads\/2022\/08\/hexv2-e1690891330643.png\",\"width\":433,\"height\":433,\"caption\":\"HEX-V2 + licencja VCDS Pro + walizka\"},{\"@type\":\"BreadcrumbList\",\"@id\":\"https:\/\/chiptuningmarket.com\/pl\/shop\/urzadzenia-diagnostyczne-pl-pl\/osobowe-urzadzenia-diagnostyczne-pl\/vcds\/hex-v2-licencja-vcds-pro-walizka-gratis\/#breadcrumb\",\"itemListElement\":[{\"@type\":\"ListItem\",\"position\":1,\"name\":\"Home\",\"item\":\"https:\/\/chiptuningmarket.com\/pl\/\"},{\"@type\":\"ListItem\",\"position\":2,\"name\":\"Sklep\",\"item\":\"https:\/\/chiptuningmarket.com\/pl\/shop\/\"},{\"@type\":\"ListItem\",\"position\":3,\"name\":\"HEX-V2 + licencja VCDS Pro + walizka gratis\"}]},{\"@type\":\"WebSite\",\"@id\":\"https:\/\/chiptuningmarket.com\/pl\/#website\",\"url\":\"https:\/\/chiptuningmarket.com\/pl\/\",\"name\":\"Chiptuningmarket\",\"description\":\"Biggest chiptuning shop in Europe\",\"publisher\":{\"@id\":\"https:\/\/chiptuningmarket.com\/pl\/#organization\"},\"alternateName\":\"Worldwide ecu tools supplier\",\"potentialAction\":[{\"@type\":\"SearchAction\",\"target\":{\"@type\":\"EntryPoint\",\"urlTemplate\":\"https:\/\/chiptuningmarket.com\/pl\/?s={search_term_string}\"},\"query-input\":{\"@type\":\"PropertyValueSpecification\",\"valueRequired\":true,\"valueName\":\"search_term_string\"}}],\"inLanguage\":\"pl-PL\"},{\"@type\":\"Organization\",\"@id\":\"https:\/\/chiptuningmarket.com\/pl\/#organization\",\"name\":\"Chiptuningmarket\",\"alternateName\":\"Chiptuning tools supplier\",\"url\":\"https:\/\/chiptuningmarket.com\/pl\/\",\"logo\":{\"@type\":\"ImageObject\",\"inLanguage\":\"pl-PL\",\"@id\":\"https:\/\/chiptuningmarket.com\/pl\/#\/schema\/logo\/image\/\",\"url\":\"https:\/\/chiptuningmarket.com\/wp-content\/uploads\/2023\/05\/logo-ChipTuningMarket-social.png\",\"contentUrl\":\"https:\/\/chiptuningmarket.com\/wp-content\/uploads\/2023\/05\/logo-ChipTuningMarket-social.png\",\"width\":512,\"height\":512,\"caption\":\"Chiptuningmarket\"},\"image\":{\"@id\":\"https:\/\/chiptuningmarket.com\/pl\/#\/schema\/logo\/image\/\"}}]}<\/script>\n<!-- \/ Yoast SEO plugin. -->","yoast_head_json":{"title":"HEX-V2 + licencja VCDS Pro + walizka gratis - Chiptuningmarket","description":"HEX-V2 + licencja VCDS Pro + walizka gratis -\u00a0urz\u0105dzenie w wersji profesjonalnej bez ograniczenia co do ilo\u015bci obs\u0142ugiwanych pojazd\u00f3w","robots":{"index":"index","follow":"follow","max-snippet":"max-snippet:-1","max-image-preview":"max-image-preview:large","max-video-preview":"max-video-preview:-1"},"canonical":"https:\/\/chiptuningmarket.com\/pl\/shop\/urzadzenia-diagnostyczne-pl-pl\/osobowe-urzadzenia-diagnostyczne-pl\/vcds\/hex-v2-licencja-vcds-pro-walizka-gratis\/","og_locale":"pl_PL","og_type":"article","og_title":"HEX-V2 + licencja VCDS Pro + walizka gratis - Chiptuningmarket","og_description":"HEX-V2 + licencja VCDS Pro + walizka gratis -\u00a0urz\u0105dzenie w wersji profesjonalnej bez ograniczenia co do ilo\u015bci obs\u0142ugiwanych pojazd\u00f3w","og_url":"https:\/\/chiptuningmarket.com\/pl\/shop\/urzadzenia-diagnostyczne-pl-pl\/osobowe-urzadzenia-diagnostyczne-pl\/vcds\/hex-v2-licencja-vcds-pro-walizka-gratis\/","og_site_name":"Chiptuningmarket","article_modified_time":"2025-09-24T14:01:28+00:00","og_image":[{"width":433,"height":433,"url":"https:\/\/chiptuningmarket.com\/wp-content\/uploads\/2022\/08\/hexv2-e1690891330643.png","type":"image\/png"}],"twitter_card":"summary_large_image","twitter_misc":{"Szacowany czas czytania":"1 minuta"},"schema":{"@context":"https:\/\/schema.org","@graph":[{"@type":"WebPage","@id":"https:\/\/chiptuningmarket.com\/pl\/shop\/urzadzenia-diagnostyczne-pl-pl\/osobowe-urzadzenia-diagnostyczne-pl\/vcds\/hex-v2-licencja-vcds-pro-walizka-gratis\/","url":"https:\/\/chiptuningmarket.com\/pl\/shop\/urzadzenia-diagnostyczne-pl-pl\/osobowe-urzadzenia-diagnostyczne-pl\/vcds\/hex-v2-licencja-vcds-pro-walizka-gratis\/","name":"HEX-V2 + licencja VCDS Pro + walizka gratis - Chiptuningmarket","isPartOf":{"@id":"https:\/\/chiptuningmarket.com\/pl\/#website"},"primaryImageOfPage":{"@id":"https:\/\/chiptuningmarket.com\/pl\/shop\/urzadzenia-diagnostyczne-pl-pl\/osobowe-urzadzenia-diagnostyczne-pl\/vcds\/hex-v2-licencja-vcds-pro-walizka-gratis\/#primaryimage"},"image":{"@id":"https:\/\/chiptuningmarket.com\/pl\/shop\/urzadzenia-diagnostyczne-pl-pl\/osobowe-urzadzenia-diagnostyczne-pl\/vcds\/hex-v2-licencja-vcds-pro-walizka-gratis\/#primaryimage"},"thumbnailUrl":"https:\/\/chiptuningmarket.com\/wp-content\/uploads\/2022\/08\/hexv2-e1690891330643.png","datePublished":"2022-08-23T14:01:50+00:00","dateModified":"2025-09-24T14:01:28+00:00","description":"HEX-V2 + licencja VCDS Pro + walizka gratis -\u00a0urz\u0105dzenie w wersji profesjonalnej bez ograniczenia co do ilo\u015bci obs\u0142ugiwanych pojazd\u00f3w","breadcrumb":{"@id":"https:\/\/chiptuningmarket.com\/pl\/shop\/urzadzenia-diagnostyczne-pl-pl\/osobowe-urzadzenia-diagnostyczne-pl\/vcds\/hex-v2-licencja-vcds-pro-walizka-gratis\/#breadcrumb"},"inLanguage":"pl-PL","potentialAction":[{"@type":"ReadAction","target":["https:\/\/chiptuningmarket.com\/pl\/shop\/urzadzenia-diagnostyczne-pl-pl\/osobowe-urzadzenia-diagnostyczne-pl\/vcds\/hex-v2-licencja-vcds-pro-walizka-gratis\/"]}]},{"@type":"ImageObject","inLanguage":"pl-PL","@id":"https:\/\/chiptuningmarket.com\/pl\/shop\/urzadzenia-diagnostyczne-pl-pl\/osobowe-urzadzenia-diagnostyczne-pl\/vcds\/hex-v2-licencja-vcds-pro-walizka-gratis\/#primaryimage","url":"https:\/\/chiptuningmarket.com\/wp-content\/uploads\/2022\/08\/hexv2-e1690891330643.png","contentUrl":"https:\/\/chiptuningmarket.com\/wp-content\/uploads\/2022\/08\/hexv2-e1690891330643.png","width":433,"height":433,"caption":"HEX-V2 + licencja VCDS Pro + walizka"},{"@type":"BreadcrumbList","@id":"https:\/\/chiptuningmarket.com\/pl\/shop\/urzadzenia-diagnostyczne-pl-pl\/osobowe-urzadzenia-diagnostyczne-pl\/vcds\/hex-v2-licencja-vcds-pro-walizka-gratis\/#breadcrumb","itemListElement":[{"@type":"ListItem","position":1,"name":"Home","item":"https:\/\/chiptuningmarket.com\/pl\/"},{"@type":"ListItem","position":2,"name":"Sklep","item":"https:\/\/chiptuningmarket.com\/pl\/shop\/"},{"@type":"ListItem","position":3,"name":"HEX-V2 + licencja VCDS Pro + walizka gratis"}]},{"@type":"WebSite","@id":"https:\/\/chiptuningmarket.com\/pl\/#website","url":"https:\/\/chiptuningmarket.com\/pl\/","name":"Chiptuningmarket","description":"Biggest chiptuning shop in Europe","publisher":{"@id":"https:\/\/chiptuningmarket.com\/pl\/#organization"},"alternateName":"Worldwide ecu tools supplier","potentialAction":[{"@type":"SearchAction","target":{"@type":"EntryPoint","urlTemplate":"https:\/\/chiptuningmarket.com\/pl\/?s={search_term_string}"},"query-input":{"@type":"PropertyValueSpecification","valueRequired":true,"valueName":"search_term_string"}}],"inLanguage":"pl-PL"},{"@type":"Organization","@id":"https:\/\/chiptuningmarket.com\/pl\/#organization","name":"Chiptuningmarket","alternateName":"Chiptuning tools supplier","url":"https:\/\/chiptuningmarket.com\/pl\/","logo":{"@type":"ImageObject","inLanguage":"pl-PL","@id":"https:\/\/chiptuningmarket.com\/pl\/#\/schema\/logo\/image\/","url":"https:\/\/chiptuningmarket.com\/wp-content\/uploads\/2023\/05\/logo-ChipTuningMarket-social.png","contentUrl":"https:\/\/chiptuningmarket.com\/wp-content\/uploads\/2023\/05\/logo-ChipTuningMarket-social.png","width":512,"height":512,"caption":"Chiptuningmarket"},"image":{"@id":"https:\/\/chiptuningmarket.com\/pl\/#\/schema\/logo\/image\/"}}]}},"_links":{"self":[{"href":"https:\/\/chiptuningmarket.com\/pl\/wp-json\/wp\/v2\/product\/23268","targetHints":{"allow":["GET"]}}],"collection":[{"href":"https:\/\/chiptuningmarket.com\/pl\/wp-json\/wp\/v2\/product"}],"about":[{"href":"https:\/\/chiptuningmarket.com\/pl\/wp-json\/wp\/v2\/types\/product"}],"wp:featuredmedia":[{"embeddable":true,"href":"https:\/\/chiptuningmarket.com\/pl\/wp-json\/wp\/v2\/media\/34526"}],"wp:attachment":[{"href":"https:\/\/chiptuningmarket.com\/pl\/wp-json\/wp\/v2\/media?parent=23268"}],"wp:term":[{"taxonomy":"product_brand","embeddable":true,"href":"https:\/\/chiptuningmarket.com\/pl\/wp-json\/wp\/v2\/product_brand?post=23268"},{"taxonomy":"product_cat","embeddable":true,"href":"https:\/\/chiptuningmarket.com\/pl\/wp-json\/wp\/v2\/product_cat?post=23268"},{"taxonomy":"product_tag","embeddable":true,"href":"https:\/\/chiptuningmarket.com\/pl\/wp-json\/wp\/v2\/product_tag?post=23268"}],"curies":[{"name":"wp","href":"https:\/\/api.w.org\/{rel}","templated":true}]}}