{"id":23448,"date":"2022-09-19T09:53:12","date_gmt":"2022-09-19T09:53:12","guid":{"rendered":"https:\/\/chiptuningmarket.com\/?post_type=product&#038;p=23448"},"modified":"2024-07-26T10:00:26","modified_gmt":"2024-07-26T10:00:26","slug":"autool-sdt-205-generator-dymu","status":"publish","type":"product","link":"https:\/\/chiptuningmarket.com\/pl\/shop\/elektronika-wyposazenie-pl\/generatory-dymu-testery-szczelnosci-pl\/autool-sdt-205-generator-dymu\/","title":{"rendered":"AUTOOL SDT 205 Generator Dymu"},"content":{"rendered":"<div class=\"mpof_ki myre_zn myre_8v_l _0d3bd_YrWCD\">\n<div class=\"mp4t_16_s mryx_16_s mr3m_1 mli2_1 mh85_56 mh85_0_l\">\n<div class=\"mgn2_16 _0d3bd_5pK0q\">\n<p style=\"text-align: center\"><strong>AUTOOL SDT 205 Generator Dymu<\/strong><\/p>\n<p>Profesjonalny automatyczny tester szczelno\u015bci rur, w\u0119\u017cy, z\u0142\u0105czy, instalacji przy u\u017cyciu generatora dymu. Pomo\u017ce w szybkim i dok\u0142adnym zlokalizowaniu wyciek\u00f3w w uk\u0142adach rurowych w ci\u0105gu kilku minut.<\/p>\n<\/div>\n<\/div>\n<\/div>\n<div class=\"mpof_ki myre_zn myre_8v_l _0d3bd_YrWCD\">\n<div class=\"mp4t_16_s mryx_16_s mr3m_1 mli2_1 mh85_56 mh85_0_l\">\n<div class=\"mg9e_8 mg9e_0_s mvrt_0_s mj7a_8 mj7a_0_s mh36_0_s mzmg_6m munh_16_l m3h2_16_l\">\n<div class=\"mp4t_0 mryx_0 munh_56 m3h2_56\">\n<div class=\"mp7g_oh\"><img decoding=\"async\" class=\"msub_k4 mupj_5k mjru_k4 mse2_k4 mp7g_f6 mq1m_0 mj7u_0 m7er_k4 lazyloaded aligncenter\" src=\"https:\/\/a.allegroimg.com\/original\/115653\/074e9a8f41b3b408b66b20b3a69d\/Tester-Wykrywacz-nieszczelnosci-AUTOOL-SDT205-EAN-GTIN-88599663\" alt=\"Tester Wykrywacz nieszczelno\u015bci AUTOOL SDT205 EAN (GTIN) 88599663\" width=\"1200px\" data-src=\"https:\/\/a.allegroimg.com\/original\/115653\/074e9a8f41b3b408b66b20b3a69d\/Tester-Wykrywacz-nieszczelnosci-AUTOOL-SDT205-EAN-GTIN-88599663\" data-srcset=\"https:\/\/a.allegroimg.com\/s360\/115653\/074e9a8f41b3b408b66b20b3a69d\/Tester-Wykrywacz-nieszczelnosci-AUTOOL-SDT205-EAN-GTIN-88599663 334w,https:\/\/a.allegroimg.com\/s720\/115653\/074e9a8f41b3b408b66b20b3a69d\/Tester-Wykrywacz-nieszczelnosci-AUTOOL-SDT205-EAN-GTIN-88599663 669w,https:\/\/a.allegroimg.com\/s1024\/115653\/074e9a8f41b3b408b66b20b3a69d\/Tester-Wykrywacz-nieszczelnosci-AUTOOL-SDT205-EAN-GTIN-88599663 951w,https:\/\/a.allegroimg.com\/s1440\/115653\/074e9a8f41b3b408b66b20b3a69d\/Tester-Wykrywacz-nieszczelnosci-AUTOOL-SDT205-EAN-GTIN-88599663 1200w,https:\/\/a.allegroimg.com\/original\/115653\/074e9a8f41b3b408b66b20b3a69d\/Tester-Wykrywacz-nieszczelnosci-AUTOOL-SDT205-EAN-GTIN-88599663 1200w\" \/><\/div>\n<\/div>\n<\/div>\n<\/div>\n<\/div>\n<div class=\"mpof_ki myre_zn myre_8v_l _0d3bd_YrWCD\">\n<div class=\"mp4t_16_s mryx_16_s mr3m_1 mli2_1 mh85_56 mh85_0_l\">\n<div class=\"mg9e_8 mg9e_0_s mvrt_0_s mj7a_8 mj7a_0_s mh36_0_s mzmg_6m munh_16_l m3h2_16_l\">\n<div class=\"mp4t_0 mryx_0 munh_56 m3h2_56\">\n<div class=\"mp7g_oh\"><img decoding=\"async\" class=\"msub_k4 mupj_5k mjru_k4 mse2_k4 mp7g_f6 mq1m_0 mj7u_0 m7er_k4 lazyloaded aligncenter\" src=\"https:\/\/a.allegroimg.com\/original\/11e4bb\/7495d75c4625a8ce67cde254b3a4\/Tester-Wykrywacz-nieszczelnosci-AUTOOL-SDT205-Kod-producenta-SDT205\" alt=\"Tester Wykrywacz nieszczelno\u015bci AUTOOL SDT205 Kod producenta SDT205\" width=\"1200px\" data-src=\"https:\/\/a.allegroimg.com\/original\/11e4bb\/7495d75c4625a8ce67cde254b3a4\/Tester-Wykrywacz-nieszczelnosci-AUTOOL-SDT205-Kod-producenta-SDT205\" data-srcset=\"https:\/\/a.allegroimg.com\/s360\/11e4bb\/7495d75c4625a8ce67cde254b3a4\/Tester-Wykrywacz-nieszczelnosci-AUTOOL-SDT205-Kod-producenta-SDT205 360w,https:\/\/a.allegroimg.com\/s720\/11e4bb\/7495d75c4625a8ce67cde254b3a4\/Tester-Wykrywacz-nieszczelnosci-AUTOOL-SDT205-Kod-producenta-SDT205 720w,https:\/\/a.allegroimg.com\/s1024\/11e4bb\/7495d75c4625a8ce67cde254b3a4\/Tester-Wykrywacz-nieszczelnosci-AUTOOL-SDT205-Kod-producenta-SDT205 1024w,https:\/\/a.allegroimg.com\/s1440\/11e4bb\/7495d75c4625a8ce67cde254b3a4\/Tester-Wykrywacz-nieszczelnosci-AUTOOL-SDT205-Kod-producenta-SDT205 1200w,https:\/\/a.allegroimg.com\/original\/11e4bb\/7495d75c4625a8ce67cde254b3a4\/Tester-Wykrywacz-nieszczelnosci-AUTOOL-SDT205-Kod-producenta-SDT205 1200w\" \/><\/div>\n<\/div>\n<\/div>\n<\/div>\n<\/div>\n<div class=\"mpof_ki myre_zn myre_8v_l _0d3bd_YrWCD\">\n<div class=\"mp4t_16_s mryx_16_s mr3m_1 mli2_1 mh85_56 mh85_0_l\">\n<div class=\"mg9e_8 mg9e_0_s mvrt_0_s mj7a_8 mj7a_0_s mh36_0_s mzmg_6m munh_16_l m3h2_16_l\">\n<div class=\"mp4t_0 mryx_0 munh_56 m3h2_56\">\n<div class=\"mp7g_oh\"><img decoding=\"async\" class=\"msub_k4 mupj_5k mjru_k4 mse2_k4 mp7g_f6 mq1m_0 mj7u_0 m7er_k4 lazyloaded aligncenter\" src=\"https:\/\/a.allegroimg.com\/original\/119b59\/78264983473cad36e6e10145944b\/Tester-Wykrywacz-nieszczelnosci-AUTOOL-SDT205-Marka-Autool\" alt=\"Tester Wykrywacz nieszczelno\u015bci AUTOOL SDT205 Marka Autool\" width=\"1200px\" data-src=\"https:\/\/a.allegroimg.com\/original\/119b59\/78264983473cad36e6e10145944b\/Tester-Wykrywacz-nieszczelnosci-AUTOOL-SDT205-Marka-Autool\" data-srcset=\"https:\/\/a.allegroimg.com\/s360\/119b59\/78264983473cad36e6e10145944b\/Tester-Wykrywacz-nieszczelnosci-AUTOOL-SDT205-Marka-Autool 360w,https:\/\/a.allegroimg.com\/s720\/119b59\/78264983473cad36e6e10145944b\/Tester-Wykrywacz-nieszczelnosci-AUTOOL-SDT205-Marka-Autool 720w,https:\/\/a.allegroimg.com\/s1024\/119b59\/78264983473cad36e6e10145944b\/Tester-Wykrywacz-nieszczelnosci-AUTOOL-SDT205-Marka-Autool 1024w,https:\/\/a.allegroimg.com\/s1440\/119b59\/78264983473cad36e6e10145944b\/Tester-Wykrywacz-nieszczelnosci-AUTOOL-SDT205-Marka-Autool 1200w,https:\/\/a.allegroimg.com\/original\/119b59\/78264983473cad36e6e10145944b\/Tester-Wykrywacz-nieszczelnosci-AUTOOL-SDT205-Marka-Autool 1200w\" \/><\/div>\n<\/div>\n<\/div>\n<\/div>\n<\/div>\n<div class=\"mpof_ki myre_zn myre_8v_l _0d3bd_YrWCD\">\n<div class=\"mp4t_16_s mryx_16_s mr3m_1 mli2_1 mh85_56 mh85_0_l\">\n<div class=\"mg9e_8 mg9e_0_s mvrt_0_s mj7a_8 mj7a_0_s mh36_0_s mzmg_6m munh_16_l m3h2_16_l\">\n<div class=\"mp4t_0 mryx_0 munh_56 m3h2_56\">\n<div class=\"mp7g_oh\"><img decoding=\"async\" class=\"msub_k4 mupj_5k mjru_k4 mse2_k4 mp7g_f6 mq1m_0 mj7u_0 m7er_k4 lazyloaded aligncenter\" src=\"https:\/\/a.allegroimg.com\/original\/112f35\/2b5d02d94fd7ba8e91de40ccc0d8\" alt=\"\" width=\"1200px\" data-src=\"https:\/\/a.allegroimg.com\/original\/112f35\/2b5d02d94fd7ba8e91de40ccc0d8\" data-srcset=\"https:\/\/a.allegroimg.com\/s360\/112f35\/2b5d02d94fd7ba8e91de40ccc0d8 360w,https:\/\/a.allegroimg.com\/s720\/112f35\/2b5d02d94fd7ba8e91de40ccc0d8 720w,https:\/\/a.allegroimg.com\/s1024\/112f35\/2b5d02d94fd7ba8e91de40ccc0d8 1024w,https:\/\/a.allegroimg.com\/s1440\/112f35\/2b5d02d94fd7ba8e91de40ccc0d8 1200w,https:\/\/a.allegroimg.com\/original\/112f35\/2b5d02d94fd7ba8e91de40ccc0d8 1200w\" \/><\/div>\n<\/div>\n<\/div>\n<\/div>\n<\/div>\n<div class=\"mpof_ki myre_zn myre_8v_l _0d3bd_YrWCD\">\n<div class=\"mp4t_16_s mryx_16_s mr3m_1 mli2_1 mh85_56 mh85_0_l\">\n<div class=\"mg9e_8 mg9e_0_s mvrt_0_s mj7a_8 mj7a_0_s mh36_0_s mzmg_6m munh_16_l m3h2_16_l\">\n<div class=\"mp4t_0 mryx_0 munh_56 m3h2_56\">\n<div class=\"mp7g_oh\"><img decoding=\"async\" class=\"msub_k4 mupj_5k mjru_k4 mse2_k4 mp7g_f6 mq1m_0 mj7u_0 m7er_k4 lazyloaded aligncenter\" src=\"https:\/\/a.allegroimg.com\/original\/118d7d\/b99b77644cfd94e9fdd2ceff64a0\" alt=\"\" width=\"1200px\" data-src=\"https:\/\/a.allegroimg.com\/original\/118d7d\/b99b77644cfd94e9fdd2ceff64a0\" data-srcset=\"https:\/\/a.allegroimg.com\/s360\/118d7d\/b99b77644cfd94e9fdd2ceff64a0 360w,https:\/\/a.allegroimg.com\/s720\/118d7d\/b99b77644cfd94e9fdd2ceff64a0 720w,https:\/\/a.allegroimg.com\/s1024\/118d7d\/b99b77644cfd94e9fdd2ceff64a0 1024w,https:\/\/a.allegroimg.com\/s1440\/118d7d\/b99b77644cfd94e9fdd2ceff64a0 1200w,https:\/\/a.allegroimg.com\/original\/118d7d\/b99b77644cfd94e9fdd2ceff64a0 1200w\" \/><\/div>\n<\/div>\n<\/div>\n<\/div>\n<\/div>\n<div class=\"mpof_ki myre_zn myre_8v_l _0d3bd_YrWCD\">\n<div class=\"mp4t_16_s mryx_16_s mr3m_1 mli2_1 mh85_56 mh85_0_l\">\n<div class=\"mg9e_8 mg9e_0_s mvrt_0_s mj7a_8 mj7a_0_s mh36_0_s mzmg_6m munh_16_l m3h2_16_l\">\n<div class=\"mp4t_0 mryx_0 munh_56 m3h2_56\">\n<div class=\"mp7g_oh\"><img decoding=\"async\" class=\"msub_k4 mupj_5k mjru_k4 mse2_k4 mp7g_f6 mq1m_0 mj7u_0 m7er_k4 lazyloaded aligncenter\" src=\"https:\/\/a.allegroimg.com\/original\/114102\/ece327e1407ca861687b4e4ffd46\" alt=\"\" width=\"1200px\" data-src=\"https:\/\/a.allegroimg.com\/original\/114102\/ece327e1407ca861687b4e4ffd46\" data-srcset=\"https:\/\/a.allegroimg.com\/s360\/114102\/ece327e1407ca861687b4e4ffd46 360w,https:\/\/a.allegroimg.com\/s720\/114102\/ece327e1407ca861687b4e4ffd46 720w,https:\/\/a.allegroimg.com\/s1024\/114102\/ece327e1407ca861687b4e4ffd46 1024w,https:\/\/a.allegroimg.com\/s1440\/114102\/ece327e1407ca861687b4e4ffd46 1200w,https:\/\/a.allegroimg.com\/original\/114102\/ece327e1407ca861687b4e4ffd46 1200w\" \/><\/div>\n<\/div>\n<\/div>\n<\/div>\n<\/div>\n<div class=\"mpof_ki myre_zn myre_8v_l _0d3bd_YrWCD\">\n<div class=\"mp4t_16_s mryx_16_s mr3m_1 mli2_1 mh85_56 mh85_0_l\">\n<div class=\"mg9e_8 mg9e_0_s mvrt_0_s mj7a_8 mj7a_0_s mh36_0_s mzmg_6m munh_16_l m3h2_16_l\">\n<div class=\"mp4t_0 mryx_0 munh_56 m3h2_56\">\n<div class=\"mp7g_oh\"><img decoding=\"async\" class=\"msub_k4 mupj_5k mjru_k4 mse2_k4 mp7g_f6 mq1m_0 mj7u_0 m7er_k4 lazyloaded aligncenter\" src=\"https:\/\/a.allegroimg.com\/original\/11e15c\/473a3ac244f78145179325a3fd04\" alt=\"\" width=\"1200px\" data-src=\"https:\/\/a.allegroimg.com\/original\/11e15c\/473a3ac244f78145179325a3fd04\" data-srcset=\"https:\/\/a.allegroimg.com\/s360\/11e15c\/473a3ac244f78145179325a3fd04 360w,https:\/\/a.allegroimg.com\/s720\/11e15c\/473a3ac244f78145179325a3fd04 720w,https:\/\/a.allegroimg.com\/s1024\/11e15c\/473a3ac244f78145179325a3fd04 1024w,https:\/\/a.allegroimg.com\/s1440\/11e15c\/473a3ac244f78145179325a3fd04 1200w,https:\/\/a.allegroimg.com\/original\/11e15c\/473a3ac244f78145179325a3fd04 1200w\" \/><\/div>\n<\/div>\n<\/div>\n<\/div>\n<\/div>\n<div class=\"mpof_ki myre_zn myre_8v_l _0d3bd_YrWCD\">\n<div class=\"mp4t_16_s mryx_16_s mr3m_1 mli2_1 mh85_56 mh85_0_l\">\n<div class=\"mgn2_16 _0d3bd_5pK0q\">\n<h1 style=\"text-align: center\">Ca\u0142y zestaw producenta <strong>AUTOOL SDT 205 Generator Dymu<\/strong><\/h1>\n<\/div>\n<\/div>\n<\/div>\n<div class=\"mpof_ki myre_zn myre_8v_l _0d3bd_YrWCD\">\n<div class=\"mp4t_16_s mryx_16_s mr3m_1 mli2_1 mh85_56 mh85_0_l\">\n<div class=\"mg9e_8 mg9e_0_s mvrt_0_s mj7a_8 mj7a_0_s mh36_0_s mzmg_6m munh_16_l m3h2_16_l\">\n<div class=\"mp4t_0 mryx_0 munh_56 m3h2_56\">\n<div class=\"mp7g_oh\"><img decoding=\"async\" class=\"msub_k4 mupj_5k mjru_k4 mse2_k4 mp7g_f6 mq1m_0 mj7u_0 m7er_k4 lazyloaded aligncenter\" src=\"https:\/\/a.allegroimg.com\/original\/11041c\/46d111a74dc8bc8b3ec239ad8b41\" alt=\"\" width=\"1200px\" data-src=\"https:\/\/a.allegroimg.com\/original\/11041c\/46d111a74dc8bc8b3ec239ad8b41\" data-srcset=\"https:\/\/a.allegroimg.com\/s360\/11041c\/46d111a74dc8bc8b3ec239ad8b41 360w,https:\/\/a.allegroimg.com\/s720\/11041c\/46d111a74dc8bc8b3ec239ad8b41 720w,https:\/\/a.allegroimg.com\/s1024\/11041c\/46d111a74dc8bc8b3ec239ad8b41 1024w,https:\/\/a.allegroimg.com\/s1440\/11041c\/46d111a74dc8bc8b3ec239ad8b41 1200w,https:\/\/a.allegroimg.com\/original\/11041c\/46d111a74dc8bc8b3ec239ad8b41 1200w\" \/><\/div>\n<\/div>\n<\/div>\n<\/div>\n<\/div>\n<div><\/div>\n<div><\/div>\n<div><\/div>\n<div><strong>W naszej ofercie r\u00f3wnie\u017c:<br \/>\n<\/strong><\/div>\n<div><\/div>\n","protected":false},"excerpt":{"rendered":"<p>Profesjonalny automatyczny tester szczelno\u015bci rur, w\u0119\u017cy, z\u0142\u0105czy, instalacji przy u\u017cyciu generatora dymu. Pomo\u017ce w szybkim i dok\u0142adnym zlokalizowaniu wyciek\u00f3w w uk\u0142adach rurowych w ci\u0105gu kilku minut.<\/p>\n","protected":false},"featured_media":23461,"template":"","meta":{"_monsterinsights_skip_tracking":false,"_monsterinsights_sitenote_active":false,"_monsterinsights_sitenote_note":"","_monsterinsights_sitenote_category":0},"product_brand":[],"product_cat":[5072,5144,5150],"product_tag":[3937,3942,3944,3943],"class_list":{"0":"post-23448","1":"product","2":"type-product","3":"status-publish","4":"has-post-thumbnail","6":"product_cat-nowosci-pl","7":"product_cat-elektronika-wyposazenie-pl","8":"product_cat-generatory-dymu-testery-szczelnosci-pl","9":"product_tag-autool","10":"product_tag-autool-sdt-205-generator-dymu","11":"product_tag-generator-dymu","12":"product_tag-smoke-machine","14":"first","15":"instock","16":"taxable","17":"shipping-taxable","18":"purchasable","19":"product-type-simple"},"yoast_head":"<!-- This site is optimized with the Yoast SEO plugin v25.2 - https:\/\/yoast.com\/wordpress\/plugins\/seo\/ -->\n<title>AUTOOL SDT 205 Generator Dymu - Chiptuningmarket<\/title>\n<meta name=\"description\" content=\"AUTOOL SDT 205 Generator DymuProfesjonalny automatyczny tester szczelno\u015bci rur, w\u0119\u017cy, z\u0142\u0105czy, instalacji przy u\u017cyciu generatora dymu. Pomo...\" \/>\n<meta name=\"robots\" content=\"index, follow, max-snippet:-1, max-image-preview:large, max-video-preview:-1\" \/>\n<link rel=\"canonical\" href=\"https:\/\/chiptuningmarket.com\/pl\/shop\/elektronika-wyposazenie-pl\/generatory-dymu-testery-szczelnosci-pl\/autool-sdt-205-generator-dymu\/\" \/>\n<meta property=\"og:locale\" content=\"pl_PL\" \/>\n<meta property=\"og:type\" content=\"article\" \/>\n<meta property=\"og:title\" content=\"AUTOOL SDT 205 Generator Dymu - Chiptuningmarket\" \/>\n<meta property=\"og:description\" content=\"AUTOOL SDT 205 Generator DymuProfesjonalny automatyczny tester szczelno\u015bci rur, w\u0119\u017cy, z\u0142\u0105czy, instalacji przy u\u017cyciu generatora dymu. Pomo...\" \/>\n<meta property=\"og:url\" content=\"https:\/\/chiptuningmarket.com\/pl\/shop\/elektronika-wyposazenie-pl\/generatory-dymu-testery-szczelnosci-pl\/autool-sdt-205-generator-dymu\/\" \/>\n<meta property=\"og:site_name\" content=\"Chiptuningmarket\" \/>\n<meta property=\"article:modified_time\" content=\"2024-07-26T10:00:26+00:00\" \/>\n<meta property=\"og:image\" content=\"https:\/\/chiptuningmarket.com\/wp-content\/uploads\/2022\/09\/SDT205-01-1.webp\" \/>\n\t<meta property=\"og:image:width\" content=\"800\" \/>\n\t<meta property=\"og:image:height\" content=\"800\" \/>\n\t<meta property=\"og:image:type\" content=\"image\/webp\" \/>\n<meta name=\"twitter:card\" content=\"summary_large_image\" \/>\n<script type=\"application\/ld+json\" class=\"yoast-schema-graph\">{\"@context\":\"https:\/\/schema.org\",\"@graph\":[{\"@type\":\"WebPage\",\"@id\":\"https:\/\/chiptuningmarket.com\/pl\/shop\/elektronika-wyposazenie-pl\/generatory-dymu-testery-szczelnosci-pl\/autool-sdt-205-generator-dymu\/\",\"url\":\"https:\/\/chiptuningmarket.com\/pl\/shop\/elektronika-wyposazenie-pl\/generatory-dymu-testery-szczelnosci-pl\/autool-sdt-205-generator-dymu\/\",\"name\":\"AUTOOL SDT 205 Generator Dymu - Chiptuningmarket\",\"isPartOf\":{\"@id\":\"https:\/\/chiptuningmarket.com\/ru\/#website\"},\"primaryImageOfPage\":{\"@id\":\"https:\/\/chiptuningmarket.com\/pl\/shop\/elektronika-wyposazenie-pl\/generatory-dymu-testery-szczelnosci-pl\/autool-sdt-205-generator-dymu\/#primaryimage\"},\"image\":{\"@id\":\"https:\/\/chiptuningmarket.com\/pl\/shop\/elektronika-wyposazenie-pl\/generatory-dymu-testery-szczelnosci-pl\/autool-sdt-205-generator-dymu\/#primaryimage\"},\"thumbnailUrl\":\"https:\/\/chiptuningmarket.com\/wp-content\/uploads\/2022\/09\/SDT205-01-1.webp\",\"datePublished\":\"2022-09-19T09:53:12+00:00\",\"dateModified\":\"2024-07-26T10:00:26+00:00\",\"description\":\"AUTOOL SDT 205 Generator DymuProfesjonalny automatyczny tester szczelno\u015bci rur, w\u0119\u017cy, z\u0142\u0105czy, instalacji przy u\u017cyciu generatora dymu. Pomo...\",\"breadcrumb\":{\"@id\":\"https:\/\/chiptuningmarket.com\/pl\/shop\/elektronika-wyposazenie-pl\/generatory-dymu-testery-szczelnosci-pl\/autool-sdt-205-generator-dymu\/#breadcrumb\"},\"inLanguage\":\"pl-PL\",\"potentialAction\":[{\"@type\":\"ReadAction\",\"target\":[\"https:\/\/chiptuningmarket.com\/pl\/shop\/elektronika-wyposazenie-pl\/generatory-dymu-testery-szczelnosci-pl\/autool-sdt-205-generator-dymu\/\"]}]},{\"@type\":\"ImageObject\",\"inLanguage\":\"pl-PL\",\"@id\":\"https:\/\/chiptuningmarket.com\/pl\/shop\/elektronika-wyposazenie-pl\/generatory-dymu-testery-szczelnosci-pl\/autool-sdt-205-generator-dymu\/#primaryimage\",\"url\":\"https:\/\/chiptuningmarket.com\/wp-content\/uploads\/2022\/09\/SDT205-01-1.webp\",\"contentUrl\":\"https:\/\/chiptuningmarket.com\/wp-content\/uploads\/2022\/09\/SDT205-01-1.webp\",\"width\":800,\"height\":800,\"caption\":\"AUTOOL SDT 205 Generator Dymu\"},{\"@type\":\"BreadcrumbList\",\"@id\":\"https:\/\/chiptuningmarket.com\/pl\/shop\/elektronika-wyposazenie-pl\/generatory-dymu-testery-szczelnosci-pl\/autool-sdt-205-generator-dymu\/#breadcrumb\",\"itemListElement\":[{\"@type\":\"ListItem\",\"position\":1,\"name\":\"Home\",\"item\":\"https:\/\/chiptuningmarket.com\/pl\/\"},{\"@type\":\"ListItem\",\"position\":2,\"name\":\"Sklep\",\"item\":\"https:\/\/chiptuningmarket.com\/pl\/shop\/\"},{\"@type\":\"ListItem\",\"position\":3,\"name\":\"AUTOOL SDT 205 Generator Dymu\"}]},{\"@type\":\"WebSite\",\"@id\":\"https:\/\/chiptuningmarket.com\/ru\/#website\",\"url\":\"https:\/\/chiptuningmarket.com\/ru\/\",\"name\":\"Chiptuningmarket\",\"description\":\"Biggest chiptuning shop in Europe\",\"publisher\":{\"@id\":\"https:\/\/chiptuningmarket.com\/ru\/#organization\"},\"alternateName\":\"Worldwide ecu tools supplier\",\"potentialAction\":[{\"@type\":\"SearchAction\",\"target\":{\"@type\":\"EntryPoint\",\"urlTemplate\":\"https:\/\/chiptuningmarket.com\/ru\/?s={search_term_string}\"},\"query-input\":{\"@type\":\"PropertyValueSpecification\",\"valueRequired\":true,\"valueName\":\"search_term_string\"}}],\"inLanguage\":\"pl-PL\"},{\"@type\":\"Organization\",\"@id\":\"https:\/\/chiptuningmarket.com\/ru\/#organization\",\"name\":\"Chiptuningmarket\",\"alternateName\":\"Chiptuning tools supplier\",\"url\":\"https:\/\/chiptuningmarket.com\/ru\/\",\"logo\":{\"@type\":\"ImageObject\",\"inLanguage\":\"pl-PL\",\"@id\":\"https:\/\/chiptuningmarket.com\/ru\/#\/schema\/logo\/image\/\",\"url\":\"https:\/\/chiptuningmarket.com\/wp-content\/uploads\/2023\/05\/logo-ChipTuningMarket-social.png\",\"contentUrl\":\"https:\/\/chiptuningmarket.com\/wp-content\/uploads\/2023\/05\/logo-ChipTuningMarket-social.png\",\"width\":512,\"height\":512,\"caption\":\"Chiptuningmarket\"},\"image\":{\"@id\":\"https:\/\/chiptuningmarket.com\/ru\/#\/schema\/logo\/image\/\"}}]}<\/script>\n<!-- \/ Yoast SEO plugin. -->","yoast_head_json":{"title":"AUTOOL SDT 205 Generator Dymu - Chiptuningmarket","description":"AUTOOL SDT 205 Generator DymuProfesjonalny automatyczny tester szczelno\u015bci rur, w\u0119\u017cy, z\u0142\u0105czy, instalacji przy u\u017cyciu generatora dymu. Pomo...","robots":{"index":"index","follow":"follow","max-snippet":"max-snippet:-1","max-image-preview":"max-image-preview:large","max-video-preview":"max-video-preview:-1"},"canonical":"https:\/\/chiptuningmarket.com\/pl\/shop\/elektronika-wyposazenie-pl\/generatory-dymu-testery-szczelnosci-pl\/autool-sdt-205-generator-dymu\/","og_locale":"pl_PL","og_type":"article","og_title":"AUTOOL SDT 205 Generator Dymu - Chiptuningmarket","og_description":"AUTOOL SDT 205 Generator DymuProfesjonalny automatyczny tester szczelno\u015bci rur, w\u0119\u017cy, z\u0142\u0105czy, instalacji przy u\u017cyciu generatora dymu. Pomo...","og_url":"https:\/\/chiptuningmarket.com\/pl\/shop\/elektronika-wyposazenie-pl\/generatory-dymu-testery-szczelnosci-pl\/autool-sdt-205-generator-dymu\/","og_site_name":"Chiptuningmarket","article_modified_time":"2024-07-26T10:00:26+00:00","og_image":[{"width":800,"height":800,"url":"https:\/\/chiptuningmarket.com\/wp-content\/uploads\/2022\/09\/SDT205-01-1.webp","type":"image\/webp"}],"twitter_card":"summary_large_image","schema":{"@context":"https:\/\/schema.org","@graph":[{"@type":"WebPage","@id":"https:\/\/chiptuningmarket.com\/pl\/shop\/elektronika-wyposazenie-pl\/generatory-dymu-testery-szczelnosci-pl\/autool-sdt-205-generator-dymu\/","url":"https:\/\/chiptuningmarket.com\/pl\/shop\/elektronika-wyposazenie-pl\/generatory-dymu-testery-szczelnosci-pl\/autool-sdt-205-generator-dymu\/","name":"AUTOOL SDT 205 Generator Dymu - Chiptuningmarket","isPartOf":{"@id":"https:\/\/chiptuningmarket.com\/ru\/#website"},"primaryImageOfPage":{"@id":"https:\/\/chiptuningmarket.com\/pl\/shop\/elektronika-wyposazenie-pl\/generatory-dymu-testery-szczelnosci-pl\/autool-sdt-205-generator-dymu\/#primaryimage"},"image":{"@id":"https:\/\/chiptuningmarket.com\/pl\/shop\/elektronika-wyposazenie-pl\/generatory-dymu-testery-szczelnosci-pl\/autool-sdt-205-generator-dymu\/#primaryimage"},"thumbnailUrl":"https:\/\/chiptuningmarket.com\/wp-content\/uploads\/2022\/09\/SDT205-01-1.webp","datePublished":"2022-09-19T09:53:12+00:00","dateModified":"2024-07-26T10:00:26+00:00","description":"AUTOOL SDT 205 Generator DymuProfesjonalny automatyczny tester szczelno\u015bci rur, w\u0119\u017cy, z\u0142\u0105czy, instalacji przy u\u017cyciu generatora dymu. Pomo...","breadcrumb":{"@id":"https:\/\/chiptuningmarket.com\/pl\/shop\/elektronika-wyposazenie-pl\/generatory-dymu-testery-szczelnosci-pl\/autool-sdt-205-generator-dymu\/#breadcrumb"},"inLanguage":"pl-PL","potentialAction":[{"@type":"ReadAction","target":["https:\/\/chiptuningmarket.com\/pl\/shop\/elektronika-wyposazenie-pl\/generatory-dymu-testery-szczelnosci-pl\/autool-sdt-205-generator-dymu\/"]}]},{"@type":"ImageObject","inLanguage":"pl-PL","@id":"https:\/\/chiptuningmarket.com\/pl\/shop\/elektronika-wyposazenie-pl\/generatory-dymu-testery-szczelnosci-pl\/autool-sdt-205-generator-dymu\/#primaryimage","url":"https:\/\/chiptuningmarket.com\/wp-content\/uploads\/2022\/09\/SDT205-01-1.webp","contentUrl":"https:\/\/chiptuningmarket.com\/wp-content\/uploads\/2022\/09\/SDT205-01-1.webp","width":800,"height":800,"caption":"AUTOOL SDT 205 Generator Dymu"},{"@type":"BreadcrumbList","@id":"https:\/\/chiptuningmarket.com\/pl\/shop\/elektronika-wyposazenie-pl\/generatory-dymu-testery-szczelnosci-pl\/autool-sdt-205-generator-dymu\/#breadcrumb","itemListElement":[{"@type":"ListItem","position":1,"name":"Home","item":"https:\/\/chiptuningmarket.com\/pl\/"},{"@type":"ListItem","position":2,"name":"Sklep","item":"https:\/\/chiptuningmarket.com\/pl\/shop\/"},{"@type":"ListItem","position":3,"name":"AUTOOL SDT 205 Generator Dymu"}]},{"@type":"WebSite","@id":"https:\/\/chiptuningmarket.com\/ru\/#website","url":"https:\/\/chiptuningmarket.com\/ru\/","name":"Chiptuningmarket","description":"Biggest chiptuning shop in Europe","publisher":{"@id":"https:\/\/chiptuningmarket.com\/ru\/#organization"},"alternateName":"Worldwide ecu tools supplier","potentialAction":[{"@type":"SearchAction","target":{"@type":"EntryPoint","urlTemplate":"https:\/\/chiptuningmarket.com\/ru\/?s={search_term_string}"},"query-input":{"@type":"PropertyValueSpecification","valueRequired":true,"valueName":"search_term_string"}}],"inLanguage":"pl-PL"},{"@type":"Organization","@id":"https:\/\/chiptuningmarket.com\/ru\/#organization","name":"Chiptuningmarket","alternateName":"Chiptuning tools supplier","url":"https:\/\/chiptuningmarket.com\/ru\/","logo":{"@type":"ImageObject","inLanguage":"pl-PL","@id":"https:\/\/chiptuningmarket.com\/ru\/#\/schema\/logo\/image\/","url":"https:\/\/chiptuningmarket.com\/wp-content\/uploads\/2023\/05\/logo-ChipTuningMarket-social.png","contentUrl":"https:\/\/chiptuningmarket.com\/wp-content\/uploads\/2023\/05\/logo-ChipTuningMarket-social.png","width":512,"height":512,"caption":"Chiptuningmarket"},"image":{"@id":"https:\/\/chiptuningmarket.com\/ru\/#\/schema\/logo\/image\/"}}]}},"_links":{"self":[{"href":"https:\/\/chiptuningmarket.com\/pl\/wp-json\/wp\/v2\/product\/23448","targetHints":{"allow":["GET"]}}],"collection":[{"href":"https:\/\/chiptuningmarket.com\/pl\/wp-json\/wp\/v2\/product"}],"about":[{"href":"https:\/\/chiptuningmarket.com\/pl\/wp-json\/wp\/v2\/types\/product"}],"wp:featuredmedia":[{"embeddable":true,"href":"https:\/\/chiptuningmarket.com\/pl\/wp-json\/wp\/v2\/media\/23461"}],"wp:attachment":[{"href":"https:\/\/chiptuningmarket.com\/pl\/wp-json\/wp\/v2\/media?parent=23448"}],"wp:term":[{"taxonomy":"product_brand","embeddable":true,"href":"https:\/\/chiptuningmarket.com\/pl\/wp-json\/wp\/v2\/product_brand?post=23448"},{"taxonomy":"product_cat","embeddable":true,"href":"https:\/\/chiptuningmarket.com\/pl\/wp-json\/wp\/v2\/product_cat?post=23448"},{"taxonomy":"product_tag","embeddable":true,"href":"https:\/\/chiptuningmarket.com\/pl\/wp-json\/wp\/v2\/product_tag?post=23448"}],"curies":[{"name":"wp","href":"https:\/\/api.w.org\/{rel}","templated":true}]}}