{"id":236670,"date":"2025-10-07T07:57:43","date_gmt":"2025-10-07T06:57:43","guid":{"rendered":"https:\/\/chiptuningmarket.com\/?post_type=product&#038;p=236670"},"modified":"2025-10-07T08:21:07","modified_gmt":"2025-10-07T07:21:07","slug":"poldiag-mqb-rh850-set1-zestaw-do-mqb-rh850","status":"publish","type":"product","link":"https:\/\/chiptuningmarket.com\/pl\/shop\/programatory-pl\/dash-pl\/poldiag-mqb-rh850-set1-zestaw-do-mqb-rh850\/","title":{"rendered":"PolDiag MQB RH850 SET1 \u2013 zestaw do MQB RH850"},"content":{"rendered":"<p data-start=\"40\" data-end=\"324\"><strong data-start=\"40\" data-end=\"91\">Kompletny zestaw serwisowy dla profesjonalist\u00f3w<\/strong> \u2014 narz\u0119dzie zaprojektowane dla autoryzowanych warsztat\u00f3w, serwis\u00f3w elektronicznych i \u015blusarzy samochodowych, kt\u00f3rzy potrzebuj\u0105 niezawodnego i bezpiecznego rozwi\u0105zania do pracy z zestawami wskaznik\u00f3w MQB opartymi na procesorze RH850.<\/p>\n<p><a href=\"https:\/\/chiptuningmarket.com\/wp-content\/uploads\/2025\/10\/PolDiag-MQB-RH850-SET1-\u2013-zestaw-do-MQB-RH850-c.jpg\"><img decoding=\"async\" class=\"aligncenter wp-image-236695\" src=\"https:\/\/chiptuningmarket.com\/wp-content\/uploads\/2025\/10\/PolDiag-MQB-RH850-SET1-\u2013-zestaw-do-MQB-RH850-c.jpg\" alt=\"\" width=\"813\" height=\"457\" srcset=\"https:\/\/chiptuningmarket.com\/wp-content\/uploads\/2025\/10\/PolDiag-MQB-RH850-SET1-\u2013-zestaw-do-MQB-RH850-c.jpg 388w, https:\/\/chiptuningmarket.com\/wp-content\/uploads\/2025\/10\/PolDiag-MQB-RH850-SET1-\u2013-zestaw-do-MQB-RH850-c-300x169.jpg 300w\" sizes=\"(max-width: 813px) 100vw, 813px\" \/><\/a><\/p>\n<h2 data-start=\"326\" data-end=\"346\">Co zawiera zestaw<\/h2>\n<ul data-start=\"347\" data-end=\"673\">\n<li data-start=\"347\" data-end=\"386\">\n<p data-start=\"349\" data-end=\"386\"><strong data-start=\"349\" data-end=\"384\">PolDiag PROGRAMMER (urz\u0105dzenie)<\/strong><\/p>\n<\/li>\n<li data-start=\"387\" data-end=\"447\">\n<p data-start=\"389\" data-end=\"447\"><strong data-start=\"389\" data-end=\"411\">LICENCJA MQB RH850<\/strong> (aktywowana do pracy z MQB RH850)<\/p>\n<\/li>\n<li data-start=\"448\" data-end=\"483\">\n<p data-start=\"450\" data-end=\"483\"><strong data-start=\"450\" data-end=\"468\">ZASILACZ RH850<\/strong> (dedykowany)<\/p>\n<\/li>\n<li data-start=\"484\" data-end=\"529\">\n<p data-start=\"486\" data-end=\"529\"><strong data-start=\"486\" data-end=\"504\">KABEL ADAPTERA<\/strong> (komplet po\u0142\u0105czeniowy)<\/p>\n<\/li>\n<li data-start=\"530\" data-end=\"577\">\n<p data-start=\"532\" data-end=\"577\"><strong data-start=\"532\" data-end=\"553\">1 rok subskrypcji<\/strong> i aktualizacji GRATIS<\/p>\n<\/li>\n<li data-start=\"578\" data-end=\"673\">\n<p data-start=\"580\" data-end=\"673\"><strong data-start=\"580\" data-end=\"632\">Dost\u0119p do zamkni\u0119tej grupy wsparcia technicznego<\/strong> (Poldiag RH850 Official Support Group)<\/p>\n<\/li>\n<\/ul>\n<h2 data-start=\"675\" data-end=\"702\">Najwa\u017cniejsze mo\u017cliwo\u015bci<\/h2>\n<h3 data-start=\"703\" data-end=\"739\">1) Praca z przebiegiem (Mileage)<\/h3>\n<ul data-start=\"740\" data-end=\"965\">\n<li data-start=\"740\" data-end=\"813\">\n<p data-start=\"742\" data-end=\"813\">Odczyt, odszyfrowanie i edycja danych przebiegu w z\u0142\u0105czach MQB RH850.<\/p>\n<\/li>\n<li data-start=\"814\" data-end=\"894\">\n<p data-start=\"816\" data-end=\"894\">Zapis zmodyfikowanego zrzutu (dump) bezpo\u015brednio do mikrokontrolera Renesas.<\/p>\n<\/li>\n<li data-start=\"895\" data-end=\"965\">\n<p data-start=\"897\" data-end=\"965\">Obs\u0142uga analogowych i LCD\/wirtualnych zestaw\u00f3w VDO z IMMO 5A \/ 5C.<\/p>\n<\/li>\n<\/ul>\n<h3 data-start=\"967\" data-end=\"1015\">2) Funkcje immobilizera (IMMO) \u2014 dla IMMO 5A<\/h3>\n<ul data-start=\"1016\" data-end=\"1443\">\n<li data-start=\"1016\" data-end=\"1081\">\n<p data-start=\"1018\" data-end=\"1081\">Odczyt danych przy utracie wszystkich kluczy (All Keys Lost).<\/p>\n<\/li>\n<li data-start=\"1082\" data-end=\"1133\">\n<p data-start=\"1084\" data-end=\"1133\">Generowanie plik\u00f3w IMMO kompatybilnych z VVDI2.<\/p>\n<\/li>\n<li data-start=\"1134\" data-end=\"1228\">\n<p data-start=\"1136\" data-end=\"1228\">Odszyfrowanie danych IMMO: FAZIT, VIN, component security, MAC, PIN, konfiguracje, klucze.<\/p>\n<\/li>\n<li data-start=\"1229\" data-end=\"1338\">\n<p data-start=\"1231\" data-end=\"1338\">Przygotowanie \u201edealer key\u201d, klonowanie (1:1), transfer danych mi\u0119dzy jednostkami (gdy obie maj\u0105 IMMO 5A).<\/p>\n<\/li>\n<li data-start=\"1339\" data-end=\"1443\">\n<p data-start=\"1341\" data-end=\"1443\">Mo\u017cliwo\u015b\u0107 retrofit\u00f3w (np. wymiana analog \u21d2 LCD\/wirtualny) przy zachowaniu integralno\u015bci danych IMMO.<\/p>\n<\/li>\n<\/ul>\n<h3 data-start=\"1445\" data-end=\"1499\">3) Rozszerzenie RH5D \u2014 obs\u0142uga nowoczesnych modeli<\/h3>\n<ul data-start=\"1500\" data-end=\"1696\">\n<li data-start=\"1500\" data-end=\"1626\">\n<p data-start=\"1502\" data-end=\"1626\">Jedyne znane rozwi\u0105zanie do pracy z zestawami Continental RH850 w aluminiowej obudowie (np. Golf VIII, Octavia IV, A3 8Y).<\/p>\n<\/li>\n<li data-start=\"1627\" data-end=\"1696\">\n<p data-start=\"1629\" data-end=\"1696\">Dedykowane procedury do bezpiecznej korekty danych w tych modelach.<\/p>\n<\/li>\n<\/ul>\n<h2 data-start=\"1698\" data-end=\"1726\">Obs\u0142ugiwane MCU i pojazdy<\/h2>\n<ul data-start=\"1727\" data-end=\"1958\">\n<li data-start=\"1727\" data-end=\"1821\">\n<p data-start=\"1729\" data-end=\"1821\">Obs\u0142ugiwane mikrokontrolery Renesas: <strong data-start=\"1766\" data-end=\"1818\">R7F701401, R7F701402, R7F701407 (BGA), R7F701414<\/strong>.<\/p>\n<\/li>\n<li data-start=\"1822\" data-end=\"1866\">\n<p data-start=\"1824\" data-end=\"1866\">Marki: <strong data-start=\"1831\" data-end=\"1863\">Audi, \u0160koda, Seat, VW, Cupra<\/strong>.<\/p>\n<\/li>\n<li data-start=\"1867\" data-end=\"1958\">\n<p data-start=\"1869\" data-end=\"1958\">Typy zestaw\u00f3w: analogowe, LCD \/ wirtualne, Continental RH850 z aluminiow\u0105 obudow\u0105 (RH5D).<\/p>\n<\/li>\n<\/ul>\n<h2 data-start=\"1960\" data-end=\"1985\">Korzy\u015bci dla warsztatu<\/h2>\n<ul data-start=\"1986\" data-end=\"2385\">\n<li data-start=\"1986\" data-end=\"2091\">\n<p data-start=\"1988\" data-end=\"2091\">Pe\u0142na, autorska technologia od PolDiag \u2014 dost\u0119p do funkcji, kt\u00f3rych nie oferuje \u017cadne inne narz\u0119dzie.<\/p>\n<\/li>\n<li data-start=\"2092\" data-end=\"2184\">\n<p data-start=\"2094\" data-end=\"2184\">Zoptymalizowane procedury oszcz\u0119dzaj\u0105ce czas przy kompleksowych naprawach i retrofitach.<\/p>\n<\/li>\n<li data-start=\"2185\" data-end=\"2273\">\n<p data-start=\"2187\" data-end=\"2273\">Wsparcie techniczne i aktualizacje przez rok w cenie, mo\u017cliwo\u015b\u0107 dalszej subskrypcji.<\/p>\n<\/li>\n<li data-start=\"2274\" data-end=\"2385\">\n<p data-start=\"2276\" data-end=\"2385\">Mo\u017cliwo\u015b\u0107 wykonywania zada\u0144 \u201eall keys lost\u201d, klonowania i transfer\u00f3w bez konieczno\u015bci wymiany ca\u0142ych modu\u0142\u00f3w.<\/p>\n<\/li>\n<\/ul>\n<h2 data-start=\"2387\" data-end=\"2415\">Bezpiecze\u0144stwo i zgodno\u015b\u0107<\/h2>\n<p data-start=\"2416\" data-end=\"2826\">Zestaw przeznaczony <strong data-start=\"2436\" data-end=\"2495\">wy\u0142\u0105cznie dla wykwalifikowanych i uprawnionych serwis\u00f3w<\/strong>. Korzystanie z funkcji edycji przebiegu lub obs\u0142ugi IMMO w celu pope\u0142nienia oszustwa, zatajenia stanu technicznego pojazdu lub innych dzia\u0142a\u0144 niezgodnych z prawem jest zabronione. Kupuj\u0105c i u\u017cywaj\u0105c urz\u0105dzenia, u\u017cytkownik o\u015bwiadcza, \u017ce b\u0119dzie stosowa\u0142 je zgodnie z obowi\u0105zuj\u0105cymi przepisami i tylko do legalnych cel\u00f3w serwisowych.<\/p>\n<h2 data-start=\"2828\" data-end=\"2851\">Wsparcie i gwarancja<\/h2>\n<ul data-start=\"2852\" data-end=\"3085\">\n<li data-start=\"2852\" data-end=\"2900\">\n<p data-start=\"2854\" data-end=\"2900\">1 rok subskrypcji i aktualizacji w pakiecie.<\/p>\n<\/li>\n<li data-start=\"2901\" data-end=\"2980\">\n<p data-start=\"2903\" data-end=\"2980\">Dost\u0119p do zamkni\u0119tej grupy technicznej z instrukcjami i poradami ekspert\u00f3w.<\/p>\n<\/li>\n<li data-start=\"2981\" data-end=\"3085\">\n<p data-start=\"2983\" data-end=\"3085\">Mo\u017cliwo\u015b\u0107 wykupienia przed\u0142u\u017conego wsparcia i dodatkowych licencji. (Szczeg\u00f3\u0142y dost\u0119pne u sprzedawcy.)<\/p>\n<\/li>\n<\/ul>\n<h2 data-start=\"3087\" data-end=\"3099\">Dla kogo?<\/h2>\n<ul data-start=\"3100\" data-end=\"3305\">\n<li data-start=\"3100\" data-end=\"3150\">\n<p data-start=\"3102\" data-end=\"3150\">Warsztaty elektryki i elektroniki samochodowej<\/p>\n<\/li>\n<li data-start=\"3151\" data-end=\"3246\">\n<p data-start=\"3153\" data-end=\"3246\">Autoryzowane stacje obs\u0142ugi i serwisy blacharsko-mechaniczne wykonuj\u0105ce retrofit\/klonowanie<\/p>\n<\/li>\n<li data-start=\"3247\" data-end=\"3305\">\n<p data-start=\"3249\" data-end=\"3305\">Specjali\u015bci od system\u00f3w IMMO i diagnostyki zaawansowanej<\/p>\n<\/li>\n<\/ul>\n<h2 data-start=\"100\" data-end=\"118\">O ABONAMENCIE<\/h2>\n<p data-start=\"120\" data-end=\"229\">Pierwszy rok korzystania jest ca\u0142kowicie <strong data-start=\"161\" data-end=\"174\">bezp\u0142atny<\/strong>. Ka\u017cdy kolejny rok abonamentu kosztuje <strong data-start=\"214\" data-end=\"226\">200 euro netto<\/strong>.<\/p>\n<p data-start=\"231\" data-end=\"571\"><strong data-start=\"231\" data-end=\"241\">WA\u017bNE:<\/strong> Do korzystania z urz\u0105dzenia wymagane jest zainstalowanie <strong data-start=\"299\" data-end=\"311\">WhatsApp<\/strong>.<br data-start=\"312\" data-end=\"315\" \/>Ka\u017cdy u\u017cytkownik, kt\u00f3ry zakupi nasze rozwi\u0105zanie <strong data-start=\"364\" data-end=\"373\">RH850<\/strong>, zostanie przypisany do specjalnej grupy, <strong data-start=\"416\" data-end=\"480\">dzi\u0119ki kt\u00f3rej mo\u017cliwe b\u0119dzie aktywowanie i u\u017cywanie licencji<\/strong>.<br data-start=\"481\" data-end=\"484\" \/><strong data-start=\"484\" data-end=\"571\">Je\u015bli nie zgadzasz si\u0119 na udzia\u0142 w grupie WhatsApp, prosimy nie kupowa\u0107 urz\u0105dzenia.<\/strong><\/p>\n<hr data-start=\"573\" data-end=\"576\" \/>\n<h2 data-start=\"578\" data-end=\"646\">PolDiag MQB RH850 SET1 (Urz\u0105dzenie + Licencja) \u2013 Ochrona prawna<\/h2>\n<p data-start=\"648\" data-end=\"799\">Wszystkie urz\u0105dzenia PolDiag, w tym <strong data-start=\"684\" data-end=\"710\">PolDiag MQB RH850 SET1<\/strong>, s\u0105 chronione prawami autorskimi oraz przepisami dotycz\u0105cymi w\u0142asno\u015bci intelektualnej.<\/p>\n<p data-start=\"801\" data-end=\"1114\">PolDiag <strong data-start=\"809\" data-end=\"834\">zachowuje pe\u0142ne prawa<\/strong> do swoich produkt\u00f3w, w tym do projekt\u00f3w, oprogramowania i unikalnych rozwi\u0105za\u0144 technologicznych.<br data-start=\"931\" data-end=\"934\" \/>Nieautoryzowane kopiowanie, modyfikowanie, rozpowszechnianie ani u\u017cywanie urz\u0105dze\u0144 bez wyra\u017anej zgody PolDiag jest <strong data-start=\"1049\" data-end=\"1070\">surowo zabronione<\/strong> i mo\u017ce skutkowa\u0107 konsekwencjami prawnymi.<\/p>\n<p data-start=\"1116\" data-end=\"1221\">PolDiag dba o ochron\u0119 swoich innowacji, zapewniaj\u0105c klientom <strong data-start=\"1177\" data-end=\"1218\">oryginalne, wysokiej jako\u015bci produkty<\/strong>.<\/p>\n<p data-start=\"1223\" data-end=\"1392\">Urz\u0105dzenie nale\u017cy u\u017cywa\u0107 <strong data-start=\"1248\" data-end=\"1296\">zgodnie z obowi\u0105zuj\u0105cym prawem w Twoim kraju<\/strong>. Zabronione jest wykorzystywanie go, licencji lub oprogramowania w spos\u00f3b niezgodny z prawem.<\/p>\n<p data-start=\"1394\" data-end=\"1555\">Dodatkowo nasze urz\u0105dzenia posiadaj\u0105 szereg <strong data-start=\"1438\" data-end=\"1469\">zaawansowanych zabezpiecze\u0144<\/strong>, kt\u00f3re chroni\u0105 oprogramowanie oraz licencj\u0119 PolDiag przed nieautoryzowanym u\u017cyciem.<\/p>\n","protected":false},"excerpt":{"rendered":"<p><strong data-start=\"40\" data-end=\"91\">Kompletny zestaw serwisowy dla profesjonalist\u00f3w<\/strong> \u2014 narz\u0119dzie zaprojektowane dla autoryzowanych warsztat\u00f3w, serwis\u00f3w elektronicznych i \u015blusarzy samochodowych, kt\u00f3rzy potrzebuj\u0105 niezawodnego i bezpiecznego rozwi\u0105zania do pracy z zestawami wska\u017anik\u00f3w MQB opartymi na procesorze RH850.<\/p>\n","protected":false},"featured_media":236698,"template":"","meta":{"_monsterinsights_skip_tracking":false,"_monsterinsights_sitenote_active":false,"_monsterinsights_sitenote_note":"","_monsterinsights_sitenote_category":0},"product_brand":[],"product_cat":[5064,5204],"product_tag":[8118,1740,2964,8242,8243],"class_list":{"0":"post-236670","1":"product","2":"type-product","3":"status-publish","4":"has-post-thumbnail","6":"product_cat-programatory-pl","7":"product_cat-dash-pl","8":"product_tag-automotive-tools","9":"product_tag-eeprom-pl","10":"product_tag-flash-pl","11":"product_tag-mqb","12":"product_tag-rh850","14":"first","15":"instock","16":"taxable","17":"shipping-taxable","18":"purchasable","19":"product-type-simple"},"yoast_head":"<!-- This site is optimized with the Yoast SEO plugin v25.2 - https:\/\/yoast.com\/wordpress\/plugins\/seo\/ -->\n<title>PolDiag MQB RH850 SET1 \u2013 zestaw do MQB RH850 - Chiptuningmarket<\/title>\n<meta name=\"description\" content=\"Kompletny zestaw serwisowy dla profesjonalist\u00f3w \u2014 narz\u0119dzie zaprojektowane dla autoryzowanych warsztat\u00f3w, serwis\u00f3w elektronicznych i \u015blusarzy samochodowych, kt\u00f3rzy potrzebuj\u0105 niezawodnego i bezpiecznego rozwi\u0105zania do pracy z zestawami wska\u017anik\u00f3w MQB opartymi na procesorze RH850.\" \/>\n<meta name=\"robots\" content=\"index, follow, max-snippet:-1, max-image-preview:large, max-video-preview:-1\" \/>\n<link rel=\"canonical\" href=\"https:\/\/chiptuningmarket.com\/pl\/shop\/programatory-pl\/dash-pl\/poldiag-mqb-rh850-set1-zestaw-do-mqb-rh850\/\" \/>\n<meta property=\"og:locale\" content=\"pl_PL\" \/>\n<meta property=\"og:type\" content=\"article\" \/>\n<meta property=\"og:title\" content=\"PolDiag MQB RH850 SET1 \u2013 zestaw do MQB RH850 - Chiptuningmarket\" \/>\n<meta property=\"og:description\" content=\"Kompletny zestaw serwisowy dla profesjonalist\u00f3w \u2014 narz\u0119dzie zaprojektowane dla autoryzowanych warsztat\u00f3w, serwis\u00f3w elektronicznych i \u015blusarzy samochodowych, kt\u00f3rzy potrzebuj\u0105 niezawodnego i bezpiecznego rozwi\u0105zania do pracy z zestawami wska\u017anik\u00f3w MQB opartymi na procesorze RH850.\" \/>\n<meta property=\"og:url\" content=\"https:\/\/chiptuningmarket.com\/pl\/shop\/programatory-pl\/dash-pl\/poldiag-mqb-rh850-set1-zestaw-do-mqb-rh850\/\" \/>\n<meta property=\"og:site_name\" content=\"Chiptuningmarket\" \/>\n<meta property=\"article:modified_time\" content=\"2025-10-07T07:21:07+00:00\" \/>\n<meta property=\"og:image\" content=\"https:\/\/chiptuningmarket.com\/wp-content\/uploads\/2025\/10\/PolDiag-MQB-RH850-SET1-\u2013-zestaw-do-MQB-RH850.png\" \/>\n\t<meta property=\"og:image:width\" content=\"600\" \/>\n\t<meta property=\"og:image:height\" content=\"338\" \/>\n\t<meta property=\"og:image:type\" content=\"image\/png\" \/>\n<meta name=\"twitter:card\" content=\"summary_large_image\" \/>\n<meta name=\"twitter:label1\" content=\"Szacowany czas czytania\" \/>\n\t<meta name=\"twitter:data1\" content=\"3 minuty\" \/>\n<script type=\"application\/ld+json\" class=\"yoast-schema-graph\">{\"@context\":\"https:\/\/schema.org\",\"@graph\":[{\"@type\":\"WebPage\",\"@id\":\"https:\/\/chiptuningmarket.com\/pl\/shop\/programatory-pl\/dash-pl\/poldiag-mqb-rh850-set1-zestaw-do-mqb-rh850\/\",\"url\":\"https:\/\/chiptuningmarket.com\/pl\/shop\/programatory-pl\/dash-pl\/poldiag-mqb-rh850-set1-zestaw-do-mqb-rh850\/\",\"name\":\"PolDiag MQB RH850 SET1 \u2013 zestaw do MQB RH850 - Chiptuningmarket\",\"isPartOf\":{\"@id\":\"https:\/\/chiptuningmarket.com\/ru\/#website\"},\"primaryImageOfPage\":{\"@id\":\"https:\/\/chiptuningmarket.com\/pl\/shop\/programatory-pl\/dash-pl\/poldiag-mqb-rh850-set1-zestaw-do-mqb-rh850\/#primaryimage\"},\"image\":{\"@id\":\"https:\/\/chiptuningmarket.com\/pl\/shop\/programatory-pl\/dash-pl\/poldiag-mqb-rh850-set1-zestaw-do-mqb-rh850\/#primaryimage\"},\"thumbnailUrl\":\"https:\/\/chiptuningmarket.com\/wp-content\/uploads\/2025\/10\/PolDiag-MQB-RH850-SET1-\u2013-zestaw-do-MQB-RH850.png\",\"datePublished\":\"2025-10-07T06:57:43+00:00\",\"dateModified\":\"2025-10-07T07:21:07+00:00\",\"description\":\"Kompletny zestaw serwisowy dla profesjonalist\u00f3w \u2014 narz\u0119dzie zaprojektowane dla autoryzowanych warsztat\u00f3w, serwis\u00f3w elektronicznych i \u015blusarzy samochodowych, kt\u00f3rzy potrzebuj\u0105 niezawodnego i bezpiecznego rozwi\u0105zania do pracy z zestawami wska\u017anik\u00f3w MQB opartymi na procesorze RH850.\",\"breadcrumb\":{\"@id\":\"https:\/\/chiptuningmarket.com\/pl\/shop\/programatory-pl\/dash-pl\/poldiag-mqb-rh850-set1-zestaw-do-mqb-rh850\/#breadcrumb\"},\"inLanguage\":\"pl-PL\",\"potentialAction\":[{\"@type\":\"ReadAction\",\"target\":[\"https:\/\/chiptuningmarket.com\/pl\/shop\/programatory-pl\/dash-pl\/poldiag-mqb-rh850-set1-zestaw-do-mqb-rh850\/\"]}]},{\"@type\":\"ImageObject\",\"inLanguage\":\"pl-PL\",\"@id\":\"https:\/\/chiptuningmarket.com\/pl\/shop\/programatory-pl\/dash-pl\/poldiag-mqb-rh850-set1-zestaw-do-mqb-rh850\/#primaryimage\",\"url\":\"https:\/\/chiptuningmarket.com\/wp-content\/uploads\/2025\/10\/PolDiag-MQB-RH850-SET1-\u2013-zestaw-do-MQB-RH850.png\",\"contentUrl\":\"https:\/\/chiptuningmarket.com\/wp-content\/uploads\/2025\/10\/PolDiag-MQB-RH850-SET1-\u2013-zestaw-do-MQB-RH850.png\",\"width\":600,\"height\":338},{\"@type\":\"BreadcrumbList\",\"@id\":\"https:\/\/chiptuningmarket.com\/pl\/shop\/programatory-pl\/dash-pl\/poldiag-mqb-rh850-set1-zestaw-do-mqb-rh850\/#breadcrumb\",\"itemListElement\":[{\"@type\":\"ListItem\",\"position\":1,\"name\":\"Home\",\"item\":\"https:\/\/chiptuningmarket.com\/pl\/\"},{\"@type\":\"ListItem\",\"position\":2,\"name\":\"Sklep\",\"item\":\"https:\/\/chiptuningmarket.com\/pl\/shop\/\"},{\"@type\":\"ListItem\",\"position\":3,\"name\":\"PolDiag MQB RH850 SET1 \u2013 zestaw do MQB RH850\"}]},{\"@type\":\"WebSite\",\"@id\":\"https:\/\/chiptuningmarket.com\/ru\/#website\",\"url\":\"https:\/\/chiptuningmarket.com\/ru\/\",\"name\":\"Chiptuningmarket\",\"description\":\"Biggest chiptuning shop in Europe\",\"publisher\":{\"@id\":\"https:\/\/chiptuningmarket.com\/ru\/#organization\"},\"alternateName\":\"Worldwide ecu tools supplier\",\"potentialAction\":[{\"@type\":\"SearchAction\",\"target\":{\"@type\":\"EntryPoint\",\"urlTemplate\":\"https:\/\/chiptuningmarket.com\/ru\/?s={search_term_string}\"},\"query-input\":{\"@type\":\"PropertyValueSpecification\",\"valueRequired\":true,\"valueName\":\"search_term_string\"}}],\"inLanguage\":\"pl-PL\"},{\"@type\":\"Organization\",\"@id\":\"https:\/\/chiptuningmarket.com\/ru\/#organization\",\"name\":\"Chiptuningmarket\",\"alternateName\":\"Chiptuning tools supplier\",\"url\":\"https:\/\/chiptuningmarket.com\/ru\/\",\"logo\":{\"@type\":\"ImageObject\",\"inLanguage\":\"pl-PL\",\"@id\":\"https:\/\/chiptuningmarket.com\/ru\/#\/schema\/logo\/image\/\",\"url\":\"https:\/\/chiptuningmarket.com\/wp-content\/uploads\/2023\/05\/logo-ChipTuningMarket-social.png\",\"contentUrl\":\"https:\/\/chiptuningmarket.com\/wp-content\/uploads\/2023\/05\/logo-ChipTuningMarket-social.png\",\"width\":512,\"height\":512,\"caption\":\"Chiptuningmarket\"},\"image\":{\"@id\":\"https:\/\/chiptuningmarket.com\/ru\/#\/schema\/logo\/image\/\"}}]}<\/script>\n<!-- \/ Yoast SEO plugin. -->","yoast_head_json":{"title":"PolDiag MQB RH850 SET1 \u2013 zestaw do MQB RH850 - Chiptuningmarket","description":"Kompletny zestaw serwisowy dla profesjonalist\u00f3w \u2014 narz\u0119dzie zaprojektowane dla autoryzowanych warsztat\u00f3w, serwis\u00f3w elektronicznych i \u015blusarzy samochodowych, kt\u00f3rzy potrzebuj\u0105 niezawodnego i bezpiecznego rozwi\u0105zania do pracy z zestawami wska\u017anik\u00f3w MQB opartymi na procesorze RH850.","robots":{"index":"index","follow":"follow","max-snippet":"max-snippet:-1","max-image-preview":"max-image-preview:large","max-video-preview":"max-video-preview:-1"},"canonical":"https:\/\/chiptuningmarket.com\/pl\/shop\/programatory-pl\/dash-pl\/poldiag-mqb-rh850-set1-zestaw-do-mqb-rh850\/","og_locale":"pl_PL","og_type":"article","og_title":"PolDiag MQB RH850 SET1 \u2013 zestaw do MQB RH850 - Chiptuningmarket","og_description":"Kompletny zestaw serwisowy dla profesjonalist\u00f3w \u2014 narz\u0119dzie zaprojektowane dla autoryzowanych warsztat\u00f3w, serwis\u00f3w elektronicznych i \u015blusarzy samochodowych, kt\u00f3rzy potrzebuj\u0105 niezawodnego i bezpiecznego rozwi\u0105zania do pracy z zestawami wska\u017anik\u00f3w MQB opartymi na procesorze RH850.","og_url":"https:\/\/chiptuningmarket.com\/pl\/shop\/programatory-pl\/dash-pl\/poldiag-mqb-rh850-set1-zestaw-do-mqb-rh850\/","og_site_name":"Chiptuningmarket","article_modified_time":"2025-10-07T07:21:07+00:00","og_image":[{"width":600,"height":338,"url":"https:\/\/chiptuningmarket.com\/wp-content\/uploads\/2025\/10\/PolDiag-MQB-RH850-SET1-\u2013-zestaw-do-MQB-RH850.png","type":"image\/png"}],"twitter_card":"summary_large_image","twitter_misc":{"Szacowany czas czytania":"3 minuty"},"schema":{"@context":"https:\/\/schema.org","@graph":[{"@type":"WebPage","@id":"https:\/\/chiptuningmarket.com\/pl\/shop\/programatory-pl\/dash-pl\/poldiag-mqb-rh850-set1-zestaw-do-mqb-rh850\/","url":"https:\/\/chiptuningmarket.com\/pl\/shop\/programatory-pl\/dash-pl\/poldiag-mqb-rh850-set1-zestaw-do-mqb-rh850\/","name":"PolDiag MQB RH850 SET1 \u2013 zestaw do MQB RH850 - Chiptuningmarket","isPartOf":{"@id":"https:\/\/chiptuningmarket.com\/ru\/#website"},"primaryImageOfPage":{"@id":"https:\/\/chiptuningmarket.com\/pl\/shop\/programatory-pl\/dash-pl\/poldiag-mqb-rh850-set1-zestaw-do-mqb-rh850\/#primaryimage"},"image":{"@id":"https:\/\/chiptuningmarket.com\/pl\/shop\/programatory-pl\/dash-pl\/poldiag-mqb-rh850-set1-zestaw-do-mqb-rh850\/#primaryimage"},"thumbnailUrl":"https:\/\/chiptuningmarket.com\/wp-content\/uploads\/2025\/10\/PolDiag-MQB-RH850-SET1-\u2013-zestaw-do-MQB-RH850.png","datePublished":"2025-10-07T06:57:43+00:00","dateModified":"2025-10-07T07:21:07+00:00","description":"Kompletny zestaw serwisowy dla profesjonalist\u00f3w \u2014 narz\u0119dzie zaprojektowane dla autoryzowanych warsztat\u00f3w, serwis\u00f3w elektronicznych i \u015blusarzy samochodowych, kt\u00f3rzy potrzebuj\u0105 niezawodnego i bezpiecznego rozwi\u0105zania do pracy z zestawami wska\u017anik\u00f3w MQB opartymi na procesorze RH850.","breadcrumb":{"@id":"https:\/\/chiptuningmarket.com\/pl\/shop\/programatory-pl\/dash-pl\/poldiag-mqb-rh850-set1-zestaw-do-mqb-rh850\/#breadcrumb"},"inLanguage":"pl-PL","potentialAction":[{"@type":"ReadAction","target":["https:\/\/chiptuningmarket.com\/pl\/shop\/programatory-pl\/dash-pl\/poldiag-mqb-rh850-set1-zestaw-do-mqb-rh850\/"]}]},{"@type":"ImageObject","inLanguage":"pl-PL","@id":"https:\/\/chiptuningmarket.com\/pl\/shop\/programatory-pl\/dash-pl\/poldiag-mqb-rh850-set1-zestaw-do-mqb-rh850\/#primaryimage","url":"https:\/\/chiptuningmarket.com\/wp-content\/uploads\/2025\/10\/PolDiag-MQB-RH850-SET1-\u2013-zestaw-do-MQB-RH850.png","contentUrl":"https:\/\/chiptuningmarket.com\/wp-content\/uploads\/2025\/10\/PolDiag-MQB-RH850-SET1-\u2013-zestaw-do-MQB-RH850.png","width":600,"height":338},{"@type":"BreadcrumbList","@id":"https:\/\/chiptuningmarket.com\/pl\/shop\/programatory-pl\/dash-pl\/poldiag-mqb-rh850-set1-zestaw-do-mqb-rh850\/#breadcrumb","itemListElement":[{"@type":"ListItem","position":1,"name":"Home","item":"https:\/\/chiptuningmarket.com\/pl\/"},{"@type":"ListItem","position":2,"name":"Sklep","item":"https:\/\/chiptuningmarket.com\/pl\/shop\/"},{"@type":"ListItem","position":3,"name":"PolDiag MQB RH850 SET1 \u2013 zestaw do MQB RH850"}]},{"@type":"WebSite","@id":"https:\/\/chiptuningmarket.com\/ru\/#website","url":"https:\/\/chiptuningmarket.com\/ru\/","name":"Chiptuningmarket","description":"Biggest chiptuning shop in Europe","publisher":{"@id":"https:\/\/chiptuningmarket.com\/ru\/#organization"},"alternateName":"Worldwide ecu tools supplier","potentialAction":[{"@type":"SearchAction","target":{"@type":"EntryPoint","urlTemplate":"https:\/\/chiptuningmarket.com\/ru\/?s={search_term_string}"},"query-input":{"@type":"PropertyValueSpecification","valueRequired":true,"valueName":"search_term_string"}}],"inLanguage":"pl-PL"},{"@type":"Organization","@id":"https:\/\/chiptuningmarket.com\/ru\/#organization","name":"Chiptuningmarket","alternateName":"Chiptuning tools supplier","url":"https:\/\/chiptuningmarket.com\/ru\/","logo":{"@type":"ImageObject","inLanguage":"pl-PL","@id":"https:\/\/chiptuningmarket.com\/ru\/#\/schema\/logo\/image\/","url":"https:\/\/chiptuningmarket.com\/wp-content\/uploads\/2023\/05\/logo-ChipTuningMarket-social.png","contentUrl":"https:\/\/chiptuningmarket.com\/wp-content\/uploads\/2023\/05\/logo-ChipTuningMarket-social.png","width":512,"height":512,"caption":"Chiptuningmarket"},"image":{"@id":"https:\/\/chiptuningmarket.com\/ru\/#\/schema\/logo\/image\/"}}]}},"_links":{"self":[{"href":"https:\/\/chiptuningmarket.com\/pl\/wp-json\/wp\/v2\/product\/236670","targetHints":{"allow":["GET"]}}],"collection":[{"href":"https:\/\/chiptuningmarket.com\/pl\/wp-json\/wp\/v2\/product"}],"about":[{"href":"https:\/\/chiptuningmarket.com\/pl\/wp-json\/wp\/v2\/types\/product"}],"wp:featuredmedia":[{"embeddable":true,"href":"https:\/\/chiptuningmarket.com\/pl\/wp-json\/wp\/v2\/media\/236698"}],"wp:attachment":[{"href":"https:\/\/chiptuningmarket.com\/pl\/wp-json\/wp\/v2\/media?parent=236670"}],"wp:term":[{"taxonomy":"product_brand","embeddable":true,"href":"https:\/\/chiptuningmarket.com\/pl\/wp-json\/wp\/v2\/product_brand?post=236670"},{"taxonomy":"product_cat","embeddable":true,"href":"https:\/\/chiptuningmarket.com\/pl\/wp-json\/wp\/v2\/product_cat?post=236670"},{"taxonomy":"product_tag","embeddable":true,"href":"https:\/\/chiptuningmarket.com\/pl\/wp-json\/wp\/v2\/product_tag?post=236670"}],"curies":[{"name":"wp","href":"https:\/\/api.w.org\/{rel}","templated":true}]}}