{"id":23670,"date":"2022-09-22T14:02:45","date_gmt":"2022-09-22T14:02:45","guid":{"rendered":"https:\/\/chiptuningmarket.com\/?post_type=product&#038;p=23670"},"modified":"2024-07-26T10:12:14","modified_gmt":"2024-07-26T10:12:14","slug":"i-o-terminal-magneti-marelli-12-ecu-tool","status":"publish","type":"product","link":"https:\/\/chiptuningmarket.com\/pl\/shop\/programatory-pl\/chiptuning-programatory-2-pl\/i-o-terminal-chiptuning-programatory-2-pl\/protokoly-pl\/i-o-terminal-magneti-marelli-12-ecu-tool\/","title":{"rendered":"I\/O TERMINAL MAGNETI MARELLI 1+2 ECU TOOL"},"content":{"rendered":"<p style=\"text-align: center\"><strong>I\/O TERMINAL MAGNETI MARELLI 1+2 ECU TOOL<\/strong><\/p>\n<h2>Przeznaczone do ECU aut takich marek jak Fiat, Opel czy Vauxhall<\/h2>\n<p><strong>Jest to p\u0142atna dodatkowa aktywacja dla I\/O Terminal\u00a0<\/strong><\/p>\n<p><strong>Jest ona dopisana do karty SIM posiadaj\u0105cej tzw. IDMON. Aktywacja u\u017cywa osobnego programu o nazwie\u00a0<\/strong><strong><u>Magnetti Marelli Ecu Tool (do pobrania ze strony poducenta).<\/u><\/strong><\/p>\n<p><strong>Plik aktywacyjny nale\u017cy umie\u015bci\u0107 w<\/strong><strong>\u00a0I\/O Terminal Software 2019 \/ IDMONACT \/ IDMON&#8230;&#8230;.\/(PLIK AKTYWACYJNY)\u00a0<\/strong><\/p>\n<p>&nbsp;<\/p>\n<p><img decoding=\"async\" src=\"https:\/\/sklep.atomis.com.pl\/image\/data\/I__O\/OPEL%20GM%20EPS\/io_term_owners_SIM_multitool_activation_premium_tools24.jpg\" alt=\"\" \/><\/p>\n<p>&nbsp;<\/p>\n<p><u><strong>To oprogramowanie pomo\u017ce Ci w :<\/strong><\/u><\/p>\n<ul>\n<li>odczytaniu zapisaniu pami\u0119ci eeprom<\/li>\n<li>odczytaniu kodu pin<\/li>\n<li>resetu do virgina<\/li>\n<\/ul>\n<p><u><span style=\"font-family: arial, helvetica, sans-serif\"><b>W Magnetti Marelli ECU<\/b><\/span><\/u><\/p>\n<table border=\"0\" cellspacing=\"0\" cellpadding=\"0\" align=\"center\">\n<tbody>\n<tr>\n<td><strong>za po\u015brednictwem OBD II<\/strong><\/p>\n<ul>\n<li>Z13DT<\/li>\n<li>Z13DTJ<\/li>\n<li>Z13DTH<\/li>\n<\/ul>\n<\/td>\n<td><strong>na stole\u00a0<\/strong><\/p>\n<ul>\n<li>MJD 6JO.x<\/li>\n<li>MJD 6O2.x<\/li>\n<li>MJD 6O3<\/li>\n<\/ul>\n<\/td>\n<\/tr>\n<\/tbody>\n<\/table>\n<p>&nbsp;<\/p>\n<p><strong>W ecu aut marki Fiat:<\/strong><\/p>\n<p>MJD 8F2.x\u00a0|\u00a0MJD 8F3.x\u00a0|\u00a0MJD 8DF.x\u00a0|\u00a08GMF HW502\u00a0|\u00a08GMF HW503\u00a0|\u00a08GMW\u00a0|\u00a08GSF\u00a0|\u00a08GSW\u00a0|\u00a0MJD 6JF\u00a0|\u00a0MJD 6F3\u00a0|\u00a0IAW 5SF8\u00a0|\u00a0IAW 5SF3\u00a0|\u00a0IAW 5SF9\u00a0|\u00a0IAW5NF\u00a0|\u00a0IAW5SF.XX\u00a0|\u00a0IAW5SF4\u00a0|\u00a0IAW 4AF<\/p>\n<p><img decoding=\"async\" src=\"https:\/\/sklep.atomis.com.pl\/image\/data\/I__O\/Supported_ECU.png\" alt=\"\" \/><\/p>\n<p><strong>R\/W &#8211;\u00a0 odczyt\/ zapis<\/strong><\/p>\n<table>\n<tbody>\n<tr>\n<td>SUZUKI<\/td>\n<td><\/td>\n<\/tr>\n<tr>\n<td>SUZUKI \u2013 8DS \/MPC5565, 95640\/ &#8211; CAN<\/td>\n<td><code>R\/W FLASH\u00a0<\/code>|\u00a0<code>R\/W EEPROM<\/code><\/td>\n<\/tr>\n<tr>\n<td>SUZUKI \u2013 MJD 6O2 \/MPC563, M58BW016DB, 95320\/ &#8211; KLINE<\/td>\n<td><code>R\/W FLASH\u00a0<\/code>|\u00a0<code>R\/W CPU\u00a0<\/code>|\u00a0<code>R\/W EEPROM<\/code><\/td>\n<\/tr>\n<tr>\n<td>OPEL \/ Vauxhall<\/td>\n<td><\/td>\n<\/tr>\n<tr>\n<td>OPEL \u2013 MJD 6JO \/MPC555, 95320\/ &#8211; KLINE<\/td>\n<td><code>R\/W FLASH\u00a0<\/code>|\u00a0<code>R\/W CPU\u00a0<\/code>| \u00a0<code>R\/W EEPROM<\/code><\/td>\n<\/tr>\n<tr>\n<td>OPEL \u2013 MJD 6O2 \u2013 MPC563, M58BW016DB, 95320\/ &#8211; CAN\/KLINE<\/td>\n<td><code>R\/W FLASH\u00a0<\/code>|\u00a0<code>R\/W CPU\u00a0<\/code>| \u00a0<code>R\/W EEPROM<\/code><\/td>\n<\/tr>\n<tr>\n<td>OPEL \u2013 MJD 6O2 \u2013 \/MPC563, S29CL016J, 95320\/ &#8211; CAN\/KLINE<\/td>\n<td><code>R\/W FLASH\u00a0<\/code>|\u00a0<code>R\/W CPU\u00a0<\/code>| \u00a0<code>R\/W EEPROM<\/code><\/td>\n<\/tr>\n<tr>\n<td>OPEL \u2013 MJD 6O3 \u2013 \/MPC563, M58BW016DB, 95320\/ &#8211; CAN<\/td>\n<td><code>R\/W FLASH\u00a0<\/code>|\u00a0<code>R\/W CPU\u00a0<\/code>| \u00a0<code>R\/W EEPROM<\/code><\/td>\n<\/tr>\n<tr>\n<td>FIAT<\/td>\n<td><\/td>\n<\/tr>\n<tr>\n<td>FIAT \u2013 MJD 9DF \/SPC5644, 95128\/ &#8211; CAN<\/td>\n<td><code>R\/W FLASH\u00a0<\/code>|\u00a0<code>RESET TO VIRGIN\u00a0<\/code>|\u00a0<code>R\/W EEPROM<\/code><\/td>\n<\/tr>\n<tr>\n<td>FIAT \u2013 8GMK \u2013 \/SPC564A80B4, 95640\/ &#8211; CAN<\/td>\n<td><code>R\/W FLASH\u00a0<\/code>|\u00a0<code>RESET TO VIRGIN\u00a0<\/code>|\u00a0<code>R\/W EEPROM<\/code><\/td>\n<\/tr>\n<tr>\n<td>FIAT \u2013 IAW 9GF \u2013 \/SPC564A70L7, 95640\/ &#8211; CAN<\/td>\n<td><code>R\/W CPU\u00a0<\/code>| \u00a0<code>R\/W EEPROM<\/code><\/td>\n<\/tr>\n<tr>\n<td>FIAT \u2013 8GSF \u2013 \/MPC5565 R\/W, 95640\/ &#8211; CAN<\/td>\n<td><code>R\/W CPU\u00a0<\/code>|\u00a0<code>RESET TO VIRGIN\u00a0<\/code><code>\u00a0<\/code>|\u00a0<code>R\/W EEPROM<\/code><\/td>\n<\/tr>\n<tr>\n<td>FIAT \u2013 8GSW \u2013 \/MPC5565, 95640\/ &#8211; CAN<\/td>\n<td><code>R\/W CPU\u00a0<\/code>|\u00a0<code>RESET TO VIRGIN\u00a0<\/code><code>\u00a0<\/code>|\u00a0<code>R\/W EEPROM<\/code><\/td>\n<\/tr>\n<tr>\n<td>FIAT \u2013 8FMW &#8211; \/MPC5565, 95128\/ &#8211; CAN<\/td>\n<td><code>R\/W CPU\u00a0<\/code>|\u00a0<code>RESET TO VIRGIN\u00a0<\/code><code>\u00a0<\/code>|\u00a0<code>R\/W EEPROM<\/code><\/td>\n<\/tr>\n<tr>\n<td>FIAT \u2013 8GMF HW03 \u2013 \/MPC5565, 95640\/ &#8211; CAN<\/td>\n<td><code>R\/W CPU\u00a0<\/code>|\u00a0<code>RESET TO VIRGIN\u00a0<\/code><code>\u00a0<\/code>|\u00a0<code>R\/W EEPROM<\/code><\/td>\n<\/tr>\n<tr>\n<td>FIAT \u2013 8GMF HW02 CAN \u2013 MPC5553 R\/W \u2013 95640 R\/W<\/td>\n<td><code>R\/W CPU\u00a0<\/code>|\u00a0<code>RESET TO VIRGIN\u00a0<\/code><code>\u00a0<\/code>|\u00a0<code>R\/W EEPROM<\/code><\/td>\n<\/tr>\n<tr>\n<td>FIAT \u2013 MJD 8DF \u2013 \/MPC5553, 95640\/ &#8211; KLINE<\/td>\n<td><code>R\/W CPU\u00a0<\/code>|\u00a0<code>RESET TO VIRGIN\u00a0<\/code><code>\u00a0<\/code>|\u00a0<code>R\/W EEPROM<\/code><\/td>\n<\/tr>\n<tr>\n<td>FIAT \u2013 MJD 8F2 \u2013 \/MPC5565, 95640\/ CAN\/KLINE<\/td>\n<td><code>R\/W CPU\u00a0<\/code>|\u00a0<code>RESET TO VIRGIN\u00a0<\/code><code>\u00a0<\/code>|\u00a0<code>R\/W EEPROM<\/code><\/td>\n<\/tr>\n<tr>\n<td>FIAT \u2013 MJD 8F3 \u2013 \/MPC5565, 95640\/ CAN\/KLINE<\/td>\n<td><code>R\/W CPU\u00a0<\/code>|\u00a0<code>RESET TO VIRGIN\u00a0<\/code><code>\u00a0<\/code>|\u00a0<code>R\/W EEPROM<\/code><\/td>\n<\/tr>\n<tr>\n<td>FIAT \u2013 IAW 5SF.XX \/ST10F280\/ &#8211; KLINE<\/td>\n<td><code>R\/W FLASH\u00a0<\/code>|\u00a0<code>EMULATED EPROM<\/code><\/td>\n<\/tr>\n<tr>\n<td>FIAT \u2013 IAW 5SF3 \u2013 \/ST10F280\/ &#8211; CAN\/KLINE<\/td>\n<td><code>R\/W FLASH\u00a0<\/code>|\u00a0<code>EMULATED EPROM<\/code><\/td>\n<\/tr>\n<tr>\n<td>FIAT \u2013 IAW 5SF4 \u2013 \/ST10F296\/ &#8211; KLINE<\/td>\n<td><code>R\/W FLASH\u00a0<\/code>|\u00a0<code>EMULATED EPROM<\/code><\/td>\n<\/tr>\n<tr>\n<td>FIAT \u2013 IAW 5SF8 \u2013 \/ST10F296\/ &#8211; CAN\/KLINE<\/td>\n<td><code>R\/W FLASH\u00a0<\/code>|\u00a0<code>EMULATED EPROM<\/code><\/td>\n<\/tr>\n<tr>\n<td>FIAT \u2013 IAW 5SF9 \u2013 \/ST10F296\/ &#8211; CAN\/KLINE<\/td>\n<td><code>R\/W FLASH\u00a0<\/code>|\u00a0<code>EMULATED EPROM<\/code><\/td>\n<\/tr>\n<tr>\n<td>FIAT \u2013 IAW 4AF HW204 &#8211; \/ST10F168, 95160\/ &#8211; KLINE<\/td>\n<td><code>R\/W FLASH\u00a0<\/code>|\u00a0<code>ER\/W EPROM\u00a0<\/code>|\u00a0<code>RESET TO VIRGIN<\/code><\/td>\n<\/tr>\n<tr>\n<td>FIAT \u2013 IAW 4AF HW407 \u2013 \/ST10F269, 95160\/ &#8211; KLINE<\/td>\n<td><code>R\/W FLASH\u00a0<\/code>|\u00a0<code>R\/W EPROM\u00a0<\/code>|\u00a0<code>RESET TO VIRGIN<\/code><\/td>\n<\/tr>\n<tr>\n<td>FIAT \u2013 IAW 59F HW100 \u2013 \/29F200BB, 95080\/ &#8211; KLINE<\/td>\n<td><code>R\/W FLASH\u00a0<\/code>|\u00a0<code>R\/W EPROM\u00a0<\/code>|\u00a0<code>RESET TO VIRGIN<\/code><\/td>\n<\/tr>\n<tr>\n<td>FIAT \u2013 IAW 59F HW303\/HW306 \u2013 \/ST10F168, 95160\/ &#8211; KLINE<\/td>\n<td><code>R\/W FLASH\u00a0<\/code>|\u00a0<code>R\/W EPROM\u00a0<\/code>|\u00a0<code>RESET TO VIRGIN<\/code><\/td>\n<\/tr>\n<tr>\n<td>FIAT \u2013 IAW 59F HW603\/HW607 \u2013 \/ST10F269, 95160\/ &#8211; KLINE<\/td>\n<td><code>R\/W FLASH\u00a0<\/code>|\u00a0<code>R\/W EPROM\u00a0<\/code>|\u00a0<code>RESET TO VIRGIN<\/code><\/td>\n<\/tr>\n<tr>\n<td>FIAT \u2013 IAW 5AF HW303\/HW306 \u2013 \/ST10F168, 95160\/ &#8211; KLINE<\/td>\n<td><code>R\/W FLASH\u00a0<\/code>|\u00a0<code>R\/W EPROM\u00a0<\/code>|\u00a0<code>RESET TO VIRGIN<\/code><\/td>\n<\/tr>\n<tr>\n<td>FIAT \u2013 IAW 5AF HW603\/HW607 \u2013 \/ST10F269, 95160\/ &#8211; KLINE<\/td>\n<td><code>R\/W FLASH\u00a0<\/code>|\u00a0<code>R\/W EPROM\u00a0<\/code>|\u00a0<code>RESET TO VIRGIN<\/code><\/td>\n<\/tr>\n<tr>\n<td>FIAT \u2013 IAW 5NF.T1\/5NF.T9 \u2013 \/MC68F375 \u2013 95160\/ &#8211; KLINE<\/td>\n<td><code>READ FLASH\u00a0<\/code>|\u00a0<code>R\/W EPROM\u00a0<\/code>|\u00a0<code>RESET TO VIRGIN<\/code><\/td>\n<\/tr>\n<tr>\n<td>FIAT \u2013 MJD 6JF \u2013 \/MPC555, 95320\/ &#8211; KLINE<\/td>\n<td><code>READ CPU\u00a0<\/code>|\u00a0<code>R\/W EPROM\u00a0<\/code>|\u00a0<code>RESET TO VIRGIN\u00a0<\/code>|<\/td>\n<\/tr>\n<tr>\n<td>FIAT \u2013 MJD 6F3 \u2013 \/MPC563, M58BW016DB, 95320\/ &#8211; CAN\/KLINE<\/td>\n<td><code>READ FLASH\u00a0<\/code>|\u00a0<code>R\/W EPROM\u00a0<\/code>|\u00a0<code>R\/W CPU\u00a0<\/code>|\u00a0<code>RESET TO VIRGIN\u00a0<\/code>|<\/td>\n<\/tr>\n<tr>\n<td>FIAT \u2013 MJD 6F3 \u2013 \/MPC563, S29CL016J, 95320\/ &#8211; CAN\/KLINE<\/td>\n<td><code>READ FLASH\u00a0<\/code>|\u00a0<code>R\/W EPROM\u00a0<\/code>|\u00a0<code>R\/W CPU\u00a0<\/code>|\u00a0<code>RESET TO VIRGIN\u00a0<\/code>|<\/td>\n<\/tr>\n<tr>\n<td>FIAT &#8211; 9DF &#8211; \/95128, SPC5644\/ &#8211; CAN<\/td>\n<td><code>READ FLASH\u00a0<\/code>|\u00a0<code>R\/W EPROM\u00a0<\/code>|\u00a0<code>RESET TO VIRGIN<\/code><\/td>\n<\/tr>\n<tr>\n<td>FIAT &#8211; 9FG &#8211; \/95640, SPC564A70L7\/ &#8211; CAN<\/td>\n<td><code>READ FLASH\u00a0<\/code>|\u00a0<code>RESET TO VIRGIN<\/code><\/td>\n<\/tr>\n<tr>\n<td>FIAT &#8211; 8GMK &#8211; \/95640, SPC564A80B4\/ &#8211; CAN<\/td>\n<td><code>READ FLASH\u00a0<\/code>|\u00a0<code>R\/W EPROM\u00a0<\/code>|\u00a0<code>RESET TO VIRGIN<\/code><\/td>\n<\/tr>\n<\/tbody>\n<\/table>\n<p><strong>Aktywacja aktywowana za po\u015brednictwem plikiem aktywacyjnym<\/strong><\/p>\n<p>&nbsp;<\/p>\n<p><strong>W naszej ofercie r\u00f3wnie\u017c:<\/strong><br \/>\n<a href=\"https:\/\/chiptuningmarket.com\/pl\/shop\/nowosci\/i-o-terminal-magneti-marelli2-ecu-tool\/\">I\/O TERMINAL MAGNETI MARELLI2 ECU TOOL<\/a><br \/>\n<a href=\"https:\/\/chiptuningmarket.com\/pl\/shop\/nowosci\/i-o-terminal-siemens-ecu-tool\/\">I\/O TERMINAL SIEMENS ECU TOOL<\/a><br \/>\n<a href=\"https:\/\/chiptuningmarket.com\/pl\/shop\/nowosci\/i-o-terminal-hw-14\/\">I\/O TERMINAL HW 14<\/a><\/p>\n","protected":false},"excerpt":{"rendered":"<p>Przeznaczone do ECU aut takich marek jak Fiat, Opel czy Vauxhall<br \/>\n<strong>Jest to p\u0142atna dodatkowa aktywacja dla I\/O Terminal\u00a0<\/strong><\/p>\n","protected":false},"featured_media":23671,"template":"","meta":{"_monsterinsights_skip_tracking":false,"_monsterinsights_sitenote_active":false,"_monsterinsights_sitenote_note":"","_monsterinsights_sitenote_category":0},"product_brand":[],"product_cat":[5072,5064,5203,5211,5214],"product_tag":[4118],"class_list":{"0":"post-23670","1":"product","2":"type-product","3":"status-publish","4":"has-post-thumbnail","6":"product_cat-nowosci-pl","7":"product_cat-programatory-pl","8":"product_cat-chiptuning-programatory-2-pl","9":"product_cat-i-o-terminal-chiptuning-programatory-2-pl","10":"product_cat-protokoly-pl","11":"product_tag-i-o-terminal-magneti-marelli-12-ecu-tool","13":"first","14":"instock","15":"taxable","16":"shipping-taxable","17":"purchasable","18":"product-type-simple"},"yoast_head":"<!-- This site is optimized with the Yoast SEO plugin v25.2 - https:\/\/yoast.com\/wordpress\/plugins\/seo\/ -->\n<title>I\/O TERMINAL MAGNETI MARELLI 1+2 ECU TOOL - Chiptuningmarket<\/title>\n<meta name=\"description\" content=\"I\/O TERMINAL MAGNETI MARELLI 1+2 ECU TOOL Przeznaczone do ECU aut takich marek jak Fiat, Opel czy VauxhallJest to p\u0142atna dodatkowa aktywac...\" \/>\n<meta name=\"robots\" content=\"index, follow, max-snippet:-1, max-image-preview:large, max-video-preview:-1\" \/>\n<link rel=\"canonical\" href=\"https:\/\/chiptuningmarket.com\/pl\/shop\/programatory-pl\/chiptuning-programatory-2-pl\/i-o-terminal-chiptuning-programatory-2-pl\/protokoly-pl\/i-o-terminal-magneti-marelli-12-ecu-tool\/\" \/>\n<meta property=\"og:locale\" content=\"pl_PL\" \/>\n<meta property=\"og:type\" content=\"article\" \/>\n<meta property=\"og:title\" content=\"I\/O TERMINAL MAGNETI MARELLI 1+2 ECU TOOL - Chiptuningmarket\" \/>\n<meta property=\"og:description\" content=\"I\/O TERMINAL MAGNETI MARELLI 1+2 ECU TOOL Przeznaczone do ECU aut takich marek jak Fiat, Opel czy VauxhallJest to p\u0142atna dodatkowa aktywac...\" \/>\n<meta property=\"og:url\" content=\"https:\/\/chiptuningmarket.com\/pl\/shop\/programatory-pl\/chiptuning-programatory-2-pl\/i-o-terminal-chiptuning-programatory-2-pl\/protokoly-pl\/i-o-terminal-magneti-marelli-12-ecu-tool\/\" \/>\n<meta property=\"og:site_name\" content=\"Chiptuningmarket\" \/>\n<meta property=\"article:modified_time\" content=\"2024-07-26T10:12:14+00:00\" \/>\n<meta property=\"og:image\" content=\"https:\/\/chiptuningmarket.com\/wp-content\/uploads\/2022\/09\/io_terminal_magneti_marelli12_0001-1148x646-500x500-1-1.jpg\" \/>\n\t<meta property=\"og:image:width\" content=\"500\" \/>\n\t<meta property=\"og:image:height\" content=\"500\" \/>\n\t<meta property=\"og:image:type\" content=\"image\/jpeg\" \/>\n<meta name=\"twitter:card\" content=\"summary_large_image\" \/>\n<meta name=\"twitter:label1\" content=\"Szacowany czas czytania\" \/>\n\t<meta name=\"twitter:data1\" content=\"4 minuty\" \/>\n<script type=\"application\/ld+json\" class=\"yoast-schema-graph\">{\"@context\":\"https:\/\/schema.org\",\"@graph\":[{\"@type\":\"WebPage\",\"@id\":\"https:\/\/chiptuningmarket.com\/pl\/shop\/programatory-pl\/chiptuning-programatory-2-pl\/i-o-terminal-chiptuning-programatory-2-pl\/protokoly-pl\/i-o-terminal-magneti-marelli-12-ecu-tool\/\",\"url\":\"https:\/\/chiptuningmarket.com\/pl\/shop\/programatory-pl\/chiptuning-programatory-2-pl\/i-o-terminal-chiptuning-programatory-2-pl\/protokoly-pl\/i-o-terminal-magneti-marelli-12-ecu-tool\/\",\"name\":\"I\/O TERMINAL MAGNETI MARELLI 1+2 ECU TOOL - Chiptuningmarket\",\"isPartOf\":{\"@id\":\"https:\/\/chiptuningmarket.com\/ru\/#website\"},\"primaryImageOfPage\":{\"@id\":\"https:\/\/chiptuningmarket.com\/pl\/shop\/programatory-pl\/chiptuning-programatory-2-pl\/i-o-terminal-chiptuning-programatory-2-pl\/protokoly-pl\/i-o-terminal-magneti-marelli-12-ecu-tool\/#primaryimage\"},\"image\":{\"@id\":\"https:\/\/chiptuningmarket.com\/pl\/shop\/programatory-pl\/chiptuning-programatory-2-pl\/i-o-terminal-chiptuning-programatory-2-pl\/protokoly-pl\/i-o-terminal-magneti-marelli-12-ecu-tool\/#primaryimage\"},\"thumbnailUrl\":\"https:\/\/chiptuningmarket.com\/wp-content\/uploads\/2022\/09\/io_terminal_magneti_marelli12_0001-1148x646-500x500-1-1.jpg\",\"datePublished\":\"2022-09-22T14:02:45+00:00\",\"dateModified\":\"2024-07-26T10:12:14+00:00\",\"description\":\"I\/O TERMINAL MAGNETI MARELLI 1+2 ECU TOOL Przeznaczone do ECU aut takich marek jak Fiat, Opel czy VauxhallJest to p\u0142atna dodatkowa aktywac...\",\"breadcrumb\":{\"@id\":\"https:\/\/chiptuningmarket.com\/pl\/shop\/programatory-pl\/chiptuning-programatory-2-pl\/i-o-terminal-chiptuning-programatory-2-pl\/protokoly-pl\/i-o-terminal-magneti-marelli-12-ecu-tool\/#breadcrumb\"},\"inLanguage\":\"pl-PL\",\"potentialAction\":[{\"@type\":\"ReadAction\",\"target\":[\"https:\/\/chiptuningmarket.com\/pl\/shop\/programatory-pl\/chiptuning-programatory-2-pl\/i-o-terminal-chiptuning-programatory-2-pl\/protokoly-pl\/i-o-terminal-magneti-marelli-12-ecu-tool\/\"]}]},{\"@type\":\"ImageObject\",\"inLanguage\":\"pl-PL\",\"@id\":\"https:\/\/chiptuningmarket.com\/pl\/shop\/programatory-pl\/chiptuning-programatory-2-pl\/i-o-terminal-chiptuning-programatory-2-pl\/protokoly-pl\/i-o-terminal-magneti-marelli-12-ecu-tool\/#primaryimage\",\"url\":\"https:\/\/chiptuningmarket.com\/wp-content\/uploads\/2022\/09\/io_terminal_magneti_marelli12_0001-1148x646-500x500-1-1.jpg\",\"contentUrl\":\"https:\/\/chiptuningmarket.com\/wp-content\/uploads\/2022\/09\/io_terminal_magneti_marelli12_0001-1148x646-500x500-1-1.jpg\",\"width\":500,\"height\":500,\"caption\":\"I\/O TERMINAL MAGNETI MARELLI 1+2 ECU TOOL\"},{\"@type\":\"BreadcrumbList\",\"@id\":\"https:\/\/chiptuningmarket.com\/pl\/shop\/programatory-pl\/chiptuning-programatory-2-pl\/i-o-terminal-chiptuning-programatory-2-pl\/protokoly-pl\/i-o-terminal-magneti-marelli-12-ecu-tool\/#breadcrumb\",\"itemListElement\":[{\"@type\":\"ListItem\",\"position\":1,\"name\":\"Home\",\"item\":\"https:\/\/chiptuningmarket.com\/pl\/\"},{\"@type\":\"ListItem\",\"position\":2,\"name\":\"Sklep\",\"item\":\"https:\/\/chiptuningmarket.com\/pl\/shop\/\"},{\"@type\":\"ListItem\",\"position\":3,\"name\":\"I\/O TERMINAL MAGNETI MARELLI 1+2 ECU TOOL\"}]},{\"@type\":\"WebSite\",\"@id\":\"https:\/\/chiptuningmarket.com\/ru\/#website\",\"url\":\"https:\/\/chiptuningmarket.com\/ru\/\",\"name\":\"Chiptuningmarket\",\"description\":\"Biggest chiptuning shop in Europe\",\"publisher\":{\"@id\":\"https:\/\/chiptuningmarket.com\/ru\/#organization\"},\"alternateName\":\"Worldwide ecu tools supplier\",\"potentialAction\":[{\"@type\":\"SearchAction\",\"target\":{\"@type\":\"EntryPoint\",\"urlTemplate\":\"https:\/\/chiptuningmarket.com\/ru\/?s={search_term_string}\"},\"query-input\":{\"@type\":\"PropertyValueSpecification\",\"valueRequired\":true,\"valueName\":\"search_term_string\"}}],\"inLanguage\":\"pl-PL\"},{\"@type\":\"Organization\",\"@id\":\"https:\/\/chiptuningmarket.com\/ru\/#organization\",\"name\":\"Chiptuningmarket\",\"alternateName\":\"Chiptuning tools supplier\",\"url\":\"https:\/\/chiptuningmarket.com\/ru\/\",\"logo\":{\"@type\":\"ImageObject\",\"inLanguage\":\"pl-PL\",\"@id\":\"https:\/\/chiptuningmarket.com\/ru\/#\/schema\/logo\/image\/\",\"url\":\"https:\/\/chiptuningmarket.com\/wp-content\/uploads\/2023\/05\/logo-ChipTuningMarket-social.png\",\"contentUrl\":\"https:\/\/chiptuningmarket.com\/wp-content\/uploads\/2023\/05\/logo-ChipTuningMarket-social.png\",\"width\":512,\"height\":512,\"caption\":\"Chiptuningmarket\"},\"image\":{\"@id\":\"https:\/\/chiptuningmarket.com\/ru\/#\/schema\/logo\/image\/\"}}]}<\/script>\n<!-- \/ Yoast SEO plugin. -->","yoast_head_json":{"title":"I\/O TERMINAL MAGNETI MARELLI 1+2 ECU TOOL - Chiptuningmarket","description":"I\/O TERMINAL MAGNETI MARELLI 1+2 ECU TOOL Przeznaczone do ECU aut takich marek jak Fiat, Opel czy VauxhallJest to p\u0142atna dodatkowa aktywac...","robots":{"index":"index","follow":"follow","max-snippet":"max-snippet:-1","max-image-preview":"max-image-preview:large","max-video-preview":"max-video-preview:-1"},"canonical":"https:\/\/chiptuningmarket.com\/pl\/shop\/programatory-pl\/chiptuning-programatory-2-pl\/i-o-terminal-chiptuning-programatory-2-pl\/protokoly-pl\/i-o-terminal-magneti-marelli-12-ecu-tool\/","og_locale":"pl_PL","og_type":"article","og_title":"I\/O TERMINAL MAGNETI MARELLI 1+2 ECU TOOL - Chiptuningmarket","og_description":"I\/O TERMINAL MAGNETI MARELLI 1+2 ECU TOOL Przeznaczone do ECU aut takich marek jak Fiat, Opel czy VauxhallJest to p\u0142atna dodatkowa aktywac...","og_url":"https:\/\/chiptuningmarket.com\/pl\/shop\/programatory-pl\/chiptuning-programatory-2-pl\/i-o-terminal-chiptuning-programatory-2-pl\/protokoly-pl\/i-o-terminal-magneti-marelli-12-ecu-tool\/","og_site_name":"Chiptuningmarket","article_modified_time":"2024-07-26T10:12:14+00:00","og_image":[{"width":500,"height":500,"url":"https:\/\/chiptuningmarket.com\/wp-content\/uploads\/2022\/09\/io_terminal_magneti_marelli12_0001-1148x646-500x500-1-1.jpg","type":"image\/jpeg"}],"twitter_card":"summary_large_image","twitter_misc":{"Szacowany czas czytania":"4 minuty"},"schema":{"@context":"https:\/\/schema.org","@graph":[{"@type":"WebPage","@id":"https:\/\/chiptuningmarket.com\/pl\/shop\/programatory-pl\/chiptuning-programatory-2-pl\/i-o-terminal-chiptuning-programatory-2-pl\/protokoly-pl\/i-o-terminal-magneti-marelli-12-ecu-tool\/","url":"https:\/\/chiptuningmarket.com\/pl\/shop\/programatory-pl\/chiptuning-programatory-2-pl\/i-o-terminal-chiptuning-programatory-2-pl\/protokoly-pl\/i-o-terminal-magneti-marelli-12-ecu-tool\/","name":"I\/O TERMINAL MAGNETI MARELLI 1+2 ECU TOOL - Chiptuningmarket","isPartOf":{"@id":"https:\/\/chiptuningmarket.com\/ru\/#website"},"primaryImageOfPage":{"@id":"https:\/\/chiptuningmarket.com\/pl\/shop\/programatory-pl\/chiptuning-programatory-2-pl\/i-o-terminal-chiptuning-programatory-2-pl\/protokoly-pl\/i-o-terminal-magneti-marelli-12-ecu-tool\/#primaryimage"},"image":{"@id":"https:\/\/chiptuningmarket.com\/pl\/shop\/programatory-pl\/chiptuning-programatory-2-pl\/i-o-terminal-chiptuning-programatory-2-pl\/protokoly-pl\/i-o-terminal-magneti-marelli-12-ecu-tool\/#primaryimage"},"thumbnailUrl":"https:\/\/chiptuningmarket.com\/wp-content\/uploads\/2022\/09\/io_terminal_magneti_marelli12_0001-1148x646-500x500-1-1.jpg","datePublished":"2022-09-22T14:02:45+00:00","dateModified":"2024-07-26T10:12:14+00:00","description":"I\/O TERMINAL MAGNETI MARELLI 1+2 ECU TOOL Przeznaczone do ECU aut takich marek jak Fiat, Opel czy VauxhallJest to p\u0142atna dodatkowa aktywac...","breadcrumb":{"@id":"https:\/\/chiptuningmarket.com\/pl\/shop\/programatory-pl\/chiptuning-programatory-2-pl\/i-o-terminal-chiptuning-programatory-2-pl\/protokoly-pl\/i-o-terminal-magneti-marelli-12-ecu-tool\/#breadcrumb"},"inLanguage":"pl-PL","potentialAction":[{"@type":"ReadAction","target":["https:\/\/chiptuningmarket.com\/pl\/shop\/programatory-pl\/chiptuning-programatory-2-pl\/i-o-terminal-chiptuning-programatory-2-pl\/protokoly-pl\/i-o-terminal-magneti-marelli-12-ecu-tool\/"]}]},{"@type":"ImageObject","inLanguage":"pl-PL","@id":"https:\/\/chiptuningmarket.com\/pl\/shop\/programatory-pl\/chiptuning-programatory-2-pl\/i-o-terminal-chiptuning-programatory-2-pl\/protokoly-pl\/i-o-terminal-magneti-marelli-12-ecu-tool\/#primaryimage","url":"https:\/\/chiptuningmarket.com\/wp-content\/uploads\/2022\/09\/io_terminal_magneti_marelli12_0001-1148x646-500x500-1-1.jpg","contentUrl":"https:\/\/chiptuningmarket.com\/wp-content\/uploads\/2022\/09\/io_terminal_magneti_marelli12_0001-1148x646-500x500-1-1.jpg","width":500,"height":500,"caption":"I\/O TERMINAL MAGNETI MARELLI 1+2 ECU TOOL"},{"@type":"BreadcrumbList","@id":"https:\/\/chiptuningmarket.com\/pl\/shop\/programatory-pl\/chiptuning-programatory-2-pl\/i-o-terminal-chiptuning-programatory-2-pl\/protokoly-pl\/i-o-terminal-magneti-marelli-12-ecu-tool\/#breadcrumb","itemListElement":[{"@type":"ListItem","position":1,"name":"Home","item":"https:\/\/chiptuningmarket.com\/pl\/"},{"@type":"ListItem","position":2,"name":"Sklep","item":"https:\/\/chiptuningmarket.com\/pl\/shop\/"},{"@type":"ListItem","position":3,"name":"I\/O TERMINAL MAGNETI MARELLI 1+2 ECU TOOL"}]},{"@type":"WebSite","@id":"https:\/\/chiptuningmarket.com\/ru\/#website","url":"https:\/\/chiptuningmarket.com\/ru\/","name":"Chiptuningmarket","description":"Biggest chiptuning shop in Europe","publisher":{"@id":"https:\/\/chiptuningmarket.com\/ru\/#organization"},"alternateName":"Worldwide ecu tools supplier","potentialAction":[{"@type":"SearchAction","target":{"@type":"EntryPoint","urlTemplate":"https:\/\/chiptuningmarket.com\/ru\/?s={search_term_string}"},"query-input":{"@type":"PropertyValueSpecification","valueRequired":true,"valueName":"search_term_string"}}],"inLanguage":"pl-PL"},{"@type":"Organization","@id":"https:\/\/chiptuningmarket.com\/ru\/#organization","name":"Chiptuningmarket","alternateName":"Chiptuning tools supplier","url":"https:\/\/chiptuningmarket.com\/ru\/","logo":{"@type":"ImageObject","inLanguage":"pl-PL","@id":"https:\/\/chiptuningmarket.com\/ru\/#\/schema\/logo\/image\/","url":"https:\/\/chiptuningmarket.com\/wp-content\/uploads\/2023\/05\/logo-ChipTuningMarket-social.png","contentUrl":"https:\/\/chiptuningmarket.com\/wp-content\/uploads\/2023\/05\/logo-ChipTuningMarket-social.png","width":512,"height":512,"caption":"Chiptuningmarket"},"image":{"@id":"https:\/\/chiptuningmarket.com\/ru\/#\/schema\/logo\/image\/"}}]}},"_links":{"self":[{"href":"https:\/\/chiptuningmarket.com\/pl\/wp-json\/wp\/v2\/product\/23670","targetHints":{"allow":["GET"]}}],"collection":[{"href":"https:\/\/chiptuningmarket.com\/pl\/wp-json\/wp\/v2\/product"}],"about":[{"href":"https:\/\/chiptuningmarket.com\/pl\/wp-json\/wp\/v2\/types\/product"}],"wp:featuredmedia":[{"embeddable":true,"href":"https:\/\/chiptuningmarket.com\/pl\/wp-json\/wp\/v2\/media\/23671"}],"wp:attachment":[{"href":"https:\/\/chiptuningmarket.com\/pl\/wp-json\/wp\/v2\/media?parent=23670"}],"wp:term":[{"taxonomy":"product_brand","embeddable":true,"href":"https:\/\/chiptuningmarket.com\/pl\/wp-json\/wp\/v2\/product_brand?post=23670"},{"taxonomy":"product_cat","embeddable":true,"href":"https:\/\/chiptuningmarket.com\/pl\/wp-json\/wp\/v2\/product_cat?post=23670"},{"taxonomy":"product_tag","embeddable":true,"href":"https:\/\/chiptuningmarket.com\/pl\/wp-json\/wp\/v2\/product_tag?post=23670"}],"curies":[{"name":"wp","href":"https:\/\/api.w.org\/{rel}","templated":true}]}}