{"id":23685,"date":"2022-09-23T09:47:15","date_gmt":"2022-09-23T09:47:15","guid":{"rendered":"https:\/\/chiptuningmarket.com\/?post_type=product&#038;p=23685"},"modified":"2024-07-26T10:11:36","modified_gmt":"2024-07-26T10:11:36","slug":"i-o-terminal-denso-ecu-tool","status":"publish","type":"product","link":"https:\/\/chiptuningmarket.com\/pl\/shop\/programatory-pl\/chiptuning-programatory-2-pl\/i-o-terminal-chiptuning-programatory-2-pl\/protokoly-pl\/i-o-terminal-denso-ecu-tool\/","title":{"rendered":"I\/O TERMINAL DENSO ECU TOOL"},"content":{"rendered":"<p style=\"text-align: center\"><strong>I\/O TERMINAL DENSO ECU TOOL<\/strong><\/p>\n<h3>DENSO ECU TOOL<\/h3>\n<h3>Przeznaczone dla aut maki MAZDA, NISSAN, MITSUBISHI, SUBARU, SUZUKI, VOLVO, JAGUAR i wielu innych<\/h3>\n<p><img decoding=\"async\" class=\"aligncenter\" src=\"https:\/\/sklep.atomis.com.pl\/image\/data\/I__O\/OPEL%20GM%20EPS\/io_term_owners_SIM_multitool_activation_premium_tools24.jpg\" alt=\"\" \/><\/p>\n<p>Oprogramowanie umo\u017cliwia I\/O Terminalowi obs\u0142ug\u0119 kontroler\u00f3w Denso wyst\u0119puj\u0105cych w autach maki\u00a0\u00a0MAZDA, NISSAN, MITSUBISHI, SUBARU, SUZUKI, VOLVO, JAGUAR\/LAND ROVER.<\/p>\n<p>Tym oprogamowaniem b\u0119dziesz m\u00f3g\u0142\u00a0<strong>odczyta\u0107 i zapisa\u0107 Eeprom<\/strong>\u00a0oraz\u00a0<strong>wewn\u0119trzn\u0105 i zewn\u0119trzn\u0105 pami\u0119\u0107 flash<\/strong>\u00a0wyprodukowane przez Denso (gdzie jest to mo\u017cliwe).<\/p>\n<p>Obecnie narz\u0119dzie obs\u0142uguje Ecu posiadaj\u0105ce takie\u00a0<strong>mikrokontrolery jak\u00a064F7055,\u00a0 64F7058, 64F7059.<\/strong><\/p>\n<p><strong>To oprogramowanie pomo\u017ce :\u00a0<\/strong><\/p>\n<ul>\n<li>w odczytaniu i zapisaniu pami\u0119ci EEPROM<\/li>\n<li>w odczytaniu kodu PIN<\/li>\n<li>reset do ustawie\u0144 fabrycznych (reset do Virgin)<\/li>\n<\/ul>\n<p><strong>Kupi\u0142e\u015b i co dalej ?\u00a0<\/strong><\/p>\n<p>Po zakupie, wysy\u0142amy Tobie ju\u017c aktywowan\u0105 kart\u0119 SIM, kt\u00f3r\u0105 wystarczy umie\u015bci\u0107 w swoim urz\u0105dzeniu I\/O Teminal.<\/p>\n<p>Oprogramowanie mo\u017cesz pobra\u0107 ze strony :\u00a0<a href=\"https:\/\/premium-tools24.com\/ioterminal_download\"><strong>https:\/\/premium-tools24.com\/ioterminal_download<\/strong><\/a><\/p>\n<p>&nbsp;<\/p>\n<p><img decoding=\"async\" class=\"aligncenter\" src=\"https:\/\/sklep.atomis.com.pl\/image\/data\/I__O\/Oprogramowanie\/Denso\/io_terminal_denso_0002-1148x646.jpg\" alt=\"\" \/><\/p>\n<h2>Wszystkie operacje mog\u0105 by\u0107 wykonane za pomoc\u0105 K-Line albo CAN bez potrzeby otwierania sterownika ECU<\/h2>\n<p>R\/W &#8211; odczyt \/ zapis<\/p>\n<p>&nbsp;<\/p>\n<p>R\/M &#8211; odczyt \/ modyfikowanie<\/p>\n<p>&nbsp;<\/p>\n<p>&nbsp;<\/p>\n<table>\n<tbody>\n<tr>\n<td>OPEL\/VAUXHALL<\/td>\n<td><\/td>\n<\/tr>\n<tr>\n<td>OPEL MERIVA, CORSA C 1.7 CDTI HYBRID ECU \/64F7055, 93C66\/- CAN &amp; K-LINE<\/td>\n<td><code>FULL R\/W EEPROM\u00a0<\/code>|\u00a0<code>SHOW PIN CODE\u00a0<\/code>|\u00a0<code>RESET TO VIRGIN<\/code><\/td>\n<\/tr>\n<tr>\n<td>OPEL VECTRA C\/SIGNUM 3.0 CDTI \/64F7058, 93C86 x2 EEPROM\/ &#8211; CAN<\/td>\n<td><code>FULL R\/W EEPROM\u00a0<\/code>|\u00a0<code>SHOW PIN CODE\u00a0<\/code>|\u00a0<code>R\/M ODOMETER\u00a0<\/code>|\u00a0<code>RESET TO VIRGIN<\/code><\/td>\n<\/tr>\n<tr>\n<td>OPEL 1.7CDTI 110CV\/125CV Z17DTJ\/Z17DTR\/Z17DTH\/A17DTH\/A17DTR ASTRA H\/ASTRA J\/ ZAFIRA B\/CORSA D\/MERIVA B\/TIGRA B. \/64F7058, 93C86 x3 EEPROM\/ &#8211; CAN<\/td>\n<td><code>FULL R\/W EEPROM\u00a0<\/code>|\u00a0<code>SHOW PIN CODE\u00a0<\/code>|\u00a0<code>R\/M ODOMETER\u00a0<\/code>|\u00a0<code>RESET TO VIRGIN<\/code><\/td>\n<\/tr>\n<tr>\n<td>OPEL 1.7CDTI 110CV\/125CV Z17DTJ\/Z17DTR\/Z17DTH\/A17DTH\/A17DTR ASTRA H\/ASTRA J\/ ZAFIRA B\/CORSA D\/MERIVA B\/TIGRA B. \/64F7059, 93C86 x4 EEPROM\/ &#8211; CAN<\/td>\n<td><code>FULL R\/W EEPROM\u00a0<\/code>|\u00a0<code>SHOW PIN CODE\u00a0<\/code>|\u00a0<code>R\/M ODOMETER\u00a0<\/code>|\u00a0<code>RESET TO VIRGIN<\/code><\/td>\n<\/tr>\n<tr>\n<td>MAZDA<\/td>\n<td><\/td>\n<\/tr>\n<tr>\n<td>MAZDA 3\/5\/6 RF7 ECU. \/64F7058, 93C86\/ &#8211; CAN<\/td>\n<td><code>FULL R\/W EEPROM<\/code><\/td>\n<\/tr>\n<tr>\n<td>MAZDA 2 1.5 from year 2010. \/64F7058, 93A56\/ &#8211; CAN<\/td>\n<td><code>FULL R\/W EEPROM<\/code><\/td>\n<\/tr>\n<tr>\n<td>NISSAN<\/td>\n<td><\/td>\n<\/tr>\n<tr>\n<td>NISSAN NAVARA\/PATHFINDER 2.5DCI 2005-2009. \/64F7058, 93C86\/ &#8211; CAN<\/td>\n<td><code>FULL R\/W EEPROM<\/code><\/td>\n<\/tr>\n<tr>\n<td>MITSUBISHI<\/td>\n<td><\/td>\n<\/tr>\n<tr>\n<td>MITSUBISHI L200\/PAJERO-4D56\/4M41 2.5DID 136CV. \/64F7058, 93C86\/ &#8211; CAN<\/td>\n<td><code>FULL R\/W EEPROM<\/code><\/td>\n<\/tr>\n<tr>\n<td>SUZUKI<\/td>\n<td><\/td>\n<\/tr>\n<tr>\n<td>SUZUKI 1.3\/1.5\/1.6. \/64F7058, 93A56\/ &#8211; CAN<\/td>\n<td><code>FULL R\/W EEPROM<\/code><\/td>\n<\/tr>\n<tr>\n<td>SUZUKI &lt;2007 1.3\/1.5\/1.6. \/64F7055, 93A56\/ &#8211; CAN<\/td>\n<td><code>FULL R\/W EEPROM<\/code><\/td>\n<\/tr>\n<tr>\n<td>SUZUKI JIMNY &lt;2007 1.3 \/64F7055, 93A56\/ &#8211; CAN<\/td>\n<td><code>FULL R\/W EEPROM<\/code><\/td>\n<\/tr>\n<tr>\n<td>VOLVO<\/td>\n<td><\/td>\n<\/tr>\n<tr>\n<td>Volvo V50\/S40\/V40 2006-2010 140ho\/170hp full \/64F7058, 93C56\/ &#8211; CAN<\/td>\n<td><code>FULL R\/W EEPROM<\/code><\/td>\n<\/tr>\n<tr>\n<td>Volvo V70\/S60\/S80 till 2006 140 140ho\/170hp \/64F7058, 93C56\/ &#8211; CAN<\/td>\n<td><code>FULL R\/W EEPROM<\/code><\/td>\n<\/tr>\n<tr>\n<td>Volvo V70\/S60\/S80 till 2006 140 140ho\/170hp \/64F7055\/ and External Flash 29LV200BC, 93C56\/ &#8211; CAN<\/td>\n<td><code>FULL R\/W EEPROM\u00a0<\/code>|\u00a0<code>R\/W FLASH<\/code><\/td>\n<\/tr>\n<tr>\n<td>Volvo S80\/XC90 4.4L V8 2007-2010 \/64F7058, 93A86\/ &#8211; CAN<\/td>\n<td><code>FULL R\/W EEPROM<\/code><\/td>\n<\/tr>\n<tr>\n<td>JAGUAR\/LANDROVER<\/td>\n<td><\/td>\n<\/tr>\n<tr>\n<td>JAGUAR\/LANDROVER P3.0NA \/ JAGUAR XF 4.2SC \/64F7058, 93A86\/ -CAN<\/td>\n<td><code>FULL R\/W EEPROM<\/code><\/td>\n<\/tr>\n<\/tbody>\n<\/table>\n<p><img decoding=\"async\" src=\"https:\/\/sklep.atomis.com.pl\/image\/data\/I__O\/io_term_denso_SIM_activation_premium_tools24.jpg\" alt=\"\" \/><\/p>\n<p>&nbsp;<\/p>\n<p><strong>W naszej ofercie r\u00f3wnie\u017c:<br \/>\n<\/strong><a href=\"https:\/\/chiptuningmarket.com\/pl\/shop\/nowosci\/i-o-terminal-bosch-ecu-tool\/\">I\/O TERMINAL BOSCH ECU TOOL<\/a><br \/>\n<a href=\"https:\/\/chiptuningmarket.com\/pl\/shop\/nowosci\/i-o-terminal-magneti-marelli-12-ecu-tool\/\">I\/O TERMINAL MAGNETI MARELLI 1+2 ECU TOOL<\/a><br \/>\n<a href=\"https:\/\/chiptuningmarket.com\/pl\/shop\/nowosci\/i-o-terminal-magneti-marelli2-ecu-tool\/\">I\/O TERMINAL MAGNETI MARELLI2 ECU TOOL<\/a><\/p>\n","protected":false},"excerpt":{"rendered":"<h3>Przeznaczone dla aut maki MAZDA, NISSAN, MITSUBISHI, SUBARU, SUZUKI, VOLVO, JAGUAR i wielu innych<\/h3>\n","protected":false},"featured_media":23686,"template":"","meta":{"_monsterinsights_skip_tracking":false,"_monsterinsights_sitenote_active":false,"_monsterinsights_sitenote_note":"","_monsterinsights_sitenote_category":0},"product_brand":[],"product_cat":[5072,5064,5203,5211,5214],"product_tag":[4134],"class_list":{"0":"post-23685","1":"product","2":"type-product","3":"status-publish","4":"has-post-thumbnail","6":"product_cat-nowosci-pl","7":"product_cat-programatory-pl","8":"product_cat-chiptuning-programatory-2-pl","9":"product_cat-i-o-terminal-chiptuning-programatory-2-pl","10":"product_cat-protokoly-pl","11":"product_tag-i-o-terminal-denso-ecu-tool","13":"first","14":"instock","15":"taxable","16":"shipping-taxable","17":"purchasable","18":"product-type-simple"},"yoast_head":"<!-- This site is optimized with the Yoast SEO plugin v25.2 - https:\/\/yoast.com\/wordpress\/plugins\/seo\/ -->\n<title>I\/O TERMINAL DENSO ECU TOOL - Chiptuningmarket<\/title>\n<meta name=\"description\" content=\"I\/O TERMINAL DENSO ECU TOOL Przeznaczone dla aut maki MAZDA, NISSAN, MITSUBISHI, SUBARU, SUZUKI, VOLVO, JAGUAR i wielu innych...\" \/>\n<meta name=\"robots\" content=\"index, follow, max-snippet:-1, max-image-preview:large, max-video-preview:-1\" \/>\n<link rel=\"canonical\" href=\"https:\/\/chiptuningmarket.com\/pl\/shop\/programatory-pl\/chiptuning-programatory-2-pl\/i-o-terminal-chiptuning-programatory-2-pl\/protokoly-pl\/i-o-terminal-denso-ecu-tool\/\" \/>\n<meta property=\"og:locale\" content=\"pl_PL\" \/>\n<meta property=\"og:type\" content=\"article\" \/>\n<meta property=\"og:title\" content=\"I\/O TERMINAL DENSO ECU TOOL - Chiptuningmarket\" \/>\n<meta property=\"og:description\" content=\"I\/O TERMINAL DENSO ECU TOOL Przeznaczone dla aut maki MAZDA, NISSAN, MITSUBISHI, SUBARU, SUZUKI, VOLVO, JAGUAR i wielu innych...\" \/>\n<meta property=\"og:url\" content=\"https:\/\/chiptuningmarket.com\/pl\/shop\/programatory-pl\/chiptuning-programatory-2-pl\/i-o-terminal-chiptuning-programatory-2-pl\/protokoly-pl\/i-o-terminal-denso-ecu-tool\/\" \/>\n<meta property=\"og:site_name\" content=\"Chiptuningmarket\" \/>\n<meta property=\"article:modified_time\" content=\"2024-07-26T10:11:36+00:00\" \/>\n<meta property=\"og:image\" content=\"https:\/\/chiptuningmarket.com\/wp-content\/uploads\/2022\/09\/io_terminal_denso_0001-1148x6461-500x500-1.jpg\" \/>\n\t<meta property=\"og:image:width\" content=\"500\" \/>\n\t<meta property=\"og:image:height\" content=\"500\" \/>\n\t<meta property=\"og:image:type\" content=\"image\/jpeg\" \/>\n<meta name=\"twitter:card\" content=\"summary_large_image\" \/>\n<meta name=\"twitter:label1\" content=\"Szacowany czas czytania\" \/>\n\t<meta name=\"twitter:data1\" content=\"3 minuty\" \/>\n<script type=\"application\/ld+json\" class=\"yoast-schema-graph\">{\"@context\":\"https:\/\/schema.org\",\"@graph\":[{\"@type\":\"WebPage\",\"@id\":\"https:\/\/chiptuningmarket.com\/pl\/shop\/programatory-pl\/chiptuning-programatory-2-pl\/i-o-terminal-chiptuning-programatory-2-pl\/protokoly-pl\/i-o-terminal-denso-ecu-tool\/\",\"url\":\"https:\/\/chiptuningmarket.com\/pl\/shop\/programatory-pl\/chiptuning-programatory-2-pl\/i-o-terminal-chiptuning-programatory-2-pl\/protokoly-pl\/i-o-terminal-denso-ecu-tool\/\",\"name\":\"I\/O TERMINAL DENSO ECU TOOL - Chiptuningmarket\",\"isPartOf\":{\"@id\":\"https:\/\/chiptuningmarket.com\/ru\/#website\"},\"primaryImageOfPage\":{\"@id\":\"https:\/\/chiptuningmarket.com\/pl\/shop\/programatory-pl\/chiptuning-programatory-2-pl\/i-o-terminal-chiptuning-programatory-2-pl\/protokoly-pl\/i-o-terminal-denso-ecu-tool\/#primaryimage\"},\"image\":{\"@id\":\"https:\/\/chiptuningmarket.com\/pl\/shop\/programatory-pl\/chiptuning-programatory-2-pl\/i-o-terminal-chiptuning-programatory-2-pl\/protokoly-pl\/i-o-terminal-denso-ecu-tool\/#primaryimage\"},\"thumbnailUrl\":\"https:\/\/chiptuningmarket.com\/wp-content\/uploads\/2022\/09\/io_terminal_denso_0001-1148x6461-500x500-1.jpg\",\"datePublished\":\"2022-09-23T09:47:15+00:00\",\"dateModified\":\"2024-07-26T10:11:36+00:00\",\"description\":\"I\/O TERMINAL DENSO ECU TOOL Przeznaczone dla aut maki MAZDA, NISSAN, MITSUBISHI, SUBARU, SUZUKI, VOLVO, JAGUAR i wielu innych...\",\"breadcrumb\":{\"@id\":\"https:\/\/chiptuningmarket.com\/pl\/shop\/programatory-pl\/chiptuning-programatory-2-pl\/i-o-terminal-chiptuning-programatory-2-pl\/protokoly-pl\/i-o-terminal-denso-ecu-tool\/#breadcrumb\"},\"inLanguage\":\"pl-PL\",\"potentialAction\":[{\"@type\":\"ReadAction\",\"target\":[\"https:\/\/chiptuningmarket.com\/pl\/shop\/programatory-pl\/chiptuning-programatory-2-pl\/i-o-terminal-chiptuning-programatory-2-pl\/protokoly-pl\/i-o-terminal-denso-ecu-tool\/\"]}]},{\"@type\":\"ImageObject\",\"inLanguage\":\"pl-PL\",\"@id\":\"https:\/\/chiptuningmarket.com\/pl\/shop\/programatory-pl\/chiptuning-programatory-2-pl\/i-o-terminal-chiptuning-programatory-2-pl\/protokoly-pl\/i-o-terminal-denso-ecu-tool\/#primaryimage\",\"url\":\"https:\/\/chiptuningmarket.com\/wp-content\/uploads\/2022\/09\/io_terminal_denso_0001-1148x6461-500x500-1.jpg\",\"contentUrl\":\"https:\/\/chiptuningmarket.com\/wp-content\/uploads\/2022\/09\/io_terminal_denso_0001-1148x6461-500x500-1.jpg\",\"width\":500,\"height\":500,\"caption\":\"I\/O TERMINAL DENSO ECU TOOL\"},{\"@type\":\"BreadcrumbList\",\"@id\":\"https:\/\/chiptuningmarket.com\/pl\/shop\/programatory-pl\/chiptuning-programatory-2-pl\/i-o-terminal-chiptuning-programatory-2-pl\/protokoly-pl\/i-o-terminal-denso-ecu-tool\/#breadcrumb\",\"itemListElement\":[{\"@type\":\"ListItem\",\"position\":1,\"name\":\"Home\",\"item\":\"https:\/\/chiptuningmarket.com\/pl\/\"},{\"@type\":\"ListItem\",\"position\":2,\"name\":\"Sklep\",\"item\":\"https:\/\/chiptuningmarket.com\/pl\/shop\/\"},{\"@type\":\"ListItem\",\"position\":3,\"name\":\"I\/O TERMINAL DENSO ECU TOOL\"}]},{\"@type\":\"WebSite\",\"@id\":\"https:\/\/chiptuningmarket.com\/ru\/#website\",\"url\":\"https:\/\/chiptuningmarket.com\/ru\/\",\"name\":\"Chiptuningmarket\",\"description\":\"Biggest chiptuning shop in Europe\",\"publisher\":{\"@id\":\"https:\/\/chiptuningmarket.com\/ru\/#organization\"},\"alternateName\":\"Worldwide ecu tools supplier\",\"potentialAction\":[{\"@type\":\"SearchAction\",\"target\":{\"@type\":\"EntryPoint\",\"urlTemplate\":\"https:\/\/chiptuningmarket.com\/ru\/?s={search_term_string}\"},\"query-input\":{\"@type\":\"PropertyValueSpecification\",\"valueRequired\":true,\"valueName\":\"search_term_string\"}}],\"inLanguage\":\"pl-PL\"},{\"@type\":\"Organization\",\"@id\":\"https:\/\/chiptuningmarket.com\/ru\/#organization\",\"name\":\"Chiptuningmarket\",\"alternateName\":\"Chiptuning tools supplier\",\"url\":\"https:\/\/chiptuningmarket.com\/ru\/\",\"logo\":{\"@type\":\"ImageObject\",\"inLanguage\":\"pl-PL\",\"@id\":\"https:\/\/chiptuningmarket.com\/ru\/#\/schema\/logo\/image\/\",\"url\":\"https:\/\/chiptuningmarket.com\/wp-content\/uploads\/2023\/05\/logo-ChipTuningMarket-social.png\",\"contentUrl\":\"https:\/\/chiptuningmarket.com\/wp-content\/uploads\/2023\/05\/logo-ChipTuningMarket-social.png\",\"width\":512,\"height\":512,\"caption\":\"Chiptuningmarket\"},\"image\":{\"@id\":\"https:\/\/chiptuningmarket.com\/ru\/#\/schema\/logo\/image\/\"}}]}<\/script>\n<!-- \/ Yoast SEO plugin. -->","yoast_head_json":{"title":"I\/O TERMINAL DENSO ECU TOOL - Chiptuningmarket","description":"I\/O TERMINAL DENSO ECU TOOL Przeznaczone dla aut maki MAZDA, NISSAN, MITSUBISHI, SUBARU, SUZUKI, VOLVO, JAGUAR i wielu innych...","robots":{"index":"index","follow":"follow","max-snippet":"max-snippet:-1","max-image-preview":"max-image-preview:large","max-video-preview":"max-video-preview:-1"},"canonical":"https:\/\/chiptuningmarket.com\/pl\/shop\/programatory-pl\/chiptuning-programatory-2-pl\/i-o-terminal-chiptuning-programatory-2-pl\/protokoly-pl\/i-o-terminal-denso-ecu-tool\/","og_locale":"pl_PL","og_type":"article","og_title":"I\/O TERMINAL DENSO ECU TOOL - Chiptuningmarket","og_description":"I\/O TERMINAL DENSO ECU TOOL Przeznaczone dla aut maki MAZDA, NISSAN, MITSUBISHI, SUBARU, SUZUKI, VOLVO, JAGUAR i wielu innych...","og_url":"https:\/\/chiptuningmarket.com\/pl\/shop\/programatory-pl\/chiptuning-programatory-2-pl\/i-o-terminal-chiptuning-programatory-2-pl\/protokoly-pl\/i-o-terminal-denso-ecu-tool\/","og_site_name":"Chiptuningmarket","article_modified_time":"2024-07-26T10:11:36+00:00","og_image":[{"width":500,"height":500,"url":"https:\/\/chiptuningmarket.com\/wp-content\/uploads\/2022\/09\/io_terminal_denso_0001-1148x6461-500x500-1.jpg","type":"image\/jpeg"}],"twitter_card":"summary_large_image","twitter_misc":{"Szacowany czas czytania":"3 minuty"},"schema":{"@context":"https:\/\/schema.org","@graph":[{"@type":"WebPage","@id":"https:\/\/chiptuningmarket.com\/pl\/shop\/programatory-pl\/chiptuning-programatory-2-pl\/i-o-terminal-chiptuning-programatory-2-pl\/protokoly-pl\/i-o-terminal-denso-ecu-tool\/","url":"https:\/\/chiptuningmarket.com\/pl\/shop\/programatory-pl\/chiptuning-programatory-2-pl\/i-o-terminal-chiptuning-programatory-2-pl\/protokoly-pl\/i-o-terminal-denso-ecu-tool\/","name":"I\/O TERMINAL DENSO ECU TOOL - Chiptuningmarket","isPartOf":{"@id":"https:\/\/chiptuningmarket.com\/ru\/#website"},"primaryImageOfPage":{"@id":"https:\/\/chiptuningmarket.com\/pl\/shop\/programatory-pl\/chiptuning-programatory-2-pl\/i-o-terminal-chiptuning-programatory-2-pl\/protokoly-pl\/i-o-terminal-denso-ecu-tool\/#primaryimage"},"image":{"@id":"https:\/\/chiptuningmarket.com\/pl\/shop\/programatory-pl\/chiptuning-programatory-2-pl\/i-o-terminal-chiptuning-programatory-2-pl\/protokoly-pl\/i-o-terminal-denso-ecu-tool\/#primaryimage"},"thumbnailUrl":"https:\/\/chiptuningmarket.com\/wp-content\/uploads\/2022\/09\/io_terminal_denso_0001-1148x6461-500x500-1.jpg","datePublished":"2022-09-23T09:47:15+00:00","dateModified":"2024-07-26T10:11:36+00:00","description":"I\/O TERMINAL DENSO ECU TOOL Przeznaczone dla aut maki MAZDA, NISSAN, MITSUBISHI, SUBARU, SUZUKI, VOLVO, JAGUAR i wielu innych...","breadcrumb":{"@id":"https:\/\/chiptuningmarket.com\/pl\/shop\/programatory-pl\/chiptuning-programatory-2-pl\/i-o-terminal-chiptuning-programatory-2-pl\/protokoly-pl\/i-o-terminal-denso-ecu-tool\/#breadcrumb"},"inLanguage":"pl-PL","potentialAction":[{"@type":"ReadAction","target":["https:\/\/chiptuningmarket.com\/pl\/shop\/programatory-pl\/chiptuning-programatory-2-pl\/i-o-terminal-chiptuning-programatory-2-pl\/protokoly-pl\/i-o-terminal-denso-ecu-tool\/"]}]},{"@type":"ImageObject","inLanguage":"pl-PL","@id":"https:\/\/chiptuningmarket.com\/pl\/shop\/programatory-pl\/chiptuning-programatory-2-pl\/i-o-terminal-chiptuning-programatory-2-pl\/protokoly-pl\/i-o-terminal-denso-ecu-tool\/#primaryimage","url":"https:\/\/chiptuningmarket.com\/wp-content\/uploads\/2022\/09\/io_terminal_denso_0001-1148x6461-500x500-1.jpg","contentUrl":"https:\/\/chiptuningmarket.com\/wp-content\/uploads\/2022\/09\/io_terminal_denso_0001-1148x6461-500x500-1.jpg","width":500,"height":500,"caption":"I\/O TERMINAL DENSO ECU TOOL"},{"@type":"BreadcrumbList","@id":"https:\/\/chiptuningmarket.com\/pl\/shop\/programatory-pl\/chiptuning-programatory-2-pl\/i-o-terminal-chiptuning-programatory-2-pl\/protokoly-pl\/i-o-terminal-denso-ecu-tool\/#breadcrumb","itemListElement":[{"@type":"ListItem","position":1,"name":"Home","item":"https:\/\/chiptuningmarket.com\/pl\/"},{"@type":"ListItem","position":2,"name":"Sklep","item":"https:\/\/chiptuningmarket.com\/pl\/shop\/"},{"@type":"ListItem","position":3,"name":"I\/O TERMINAL DENSO ECU TOOL"}]},{"@type":"WebSite","@id":"https:\/\/chiptuningmarket.com\/ru\/#website","url":"https:\/\/chiptuningmarket.com\/ru\/","name":"Chiptuningmarket","description":"Biggest chiptuning shop in Europe","publisher":{"@id":"https:\/\/chiptuningmarket.com\/ru\/#organization"},"alternateName":"Worldwide ecu tools supplier","potentialAction":[{"@type":"SearchAction","target":{"@type":"EntryPoint","urlTemplate":"https:\/\/chiptuningmarket.com\/ru\/?s={search_term_string}"},"query-input":{"@type":"PropertyValueSpecification","valueRequired":true,"valueName":"search_term_string"}}],"inLanguage":"pl-PL"},{"@type":"Organization","@id":"https:\/\/chiptuningmarket.com\/ru\/#organization","name":"Chiptuningmarket","alternateName":"Chiptuning tools supplier","url":"https:\/\/chiptuningmarket.com\/ru\/","logo":{"@type":"ImageObject","inLanguage":"pl-PL","@id":"https:\/\/chiptuningmarket.com\/ru\/#\/schema\/logo\/image\/","url":"https:\/\/chiptuningmarket.com\/wp-content\/uploads\/2023\/05\/logo-ChipTuningMarket-social.png","contentUrl":"https:\/\/chiptuningmarket.com\/wp-content\/uploads\/2023\/05\/logo-ChipTuningMarket-social.png","width":512,"height":512,"caption":"Chiptuningmarket"},"image":{"@id":"https:\/\/chiptuningmarket.com\/ru\/#\/schema\/logo\/image\/"}}]}},"_links":{"self":[{"href":"https:\/\/chiptuningmarket.com\/pl\/wp-json\/wp\/v2\/product\/23685","targetHints":{"allow":["GET"]}}],"collection":[{"href":"https:\/\/chiptuningmarket.com\/pl\/wp-json\/wp\/v2\/product"}],"about":[{"href":"https:\/\/chiptuningmarket.com\/pl\/wp-json\/wp\/v2\/types\/product"}],"wp:featuredmedia":[{"embeddable":true,"href":"https:\/\/chiptuningmarket.com\/pl\/wp-json\/wp\/v2\/media\/23686"}],"wp:attachment":[{"href":"https:\/\/chiptuningmarket.com\/pl\/wp-json\/wp\/v2\/media?parent=23685"}],"wp:term":[{"taxonomy":"product_brand","embeddable":true,"href":"https:\/\/chiptuningmarket.com\/pl\/wp-json\/wp\/v2\/product_brand?post=23685"},{"taxonomy":"product_cat","embeddable":true,"href":"https:\/\/chiptuningmarket.com\/pl\/wp-json\/wp\/v2\/product_cat?post=23685"},{"taxonomy":"product_tag","embeddable":true,"href":"https:\/\/chiptuningmarket.com\/pl\/wp-json\/wp\/v2\/product_tag?post=23685"}],"curies":[{"name":"wp","href":"https:\/\/api.w.org\/{rel}","templated":true}]}}