{"id":24264,"date":"2023-01-31T14:51:06","date_gmt":"2023-01-31T14:51:06","guid":{"rendered":"https:\/\/chiptuningmarket.com\/?post_type=product&#038;p=24264"},"modified":"2025-02-21T14:26:00","modified_gmt":"2025-02-21T13:26:00","slug":"przewod-adapter-bench-flex-edc17c50-flx2-48","status":"publish","type":"product","link":"https:\/\/chiptuningmarket.com\/pl\/shop\/akcesoria-chiptuning-pl\/magicmotorsport-flex-pl\/przewody-bench-pl\/przewod-adapter-bench-flex-edc17c50-flx2-48\/","title":{"rendered":"Przew\u00f3d FLEX EDC17C50 Bench FLX2.48"},"content":{"rendered":"<h4 style=\"text-align: center\">Przew\u00f3d FLEX EDC17C50 Bench FLX2.48<\/h4>\n<div class=\"product attribute overview\">\n<div class=\"value\">Ten przew\u00f3d \u0142\u0105czy ECU EDC17C50 z FlexBox. Celem przewodu FLX2.48\u00a0 jest uzyskanie bezpiecznego trybu po\u0142\u0105czenia.<\/div>\n<\/div>\n<div><\/div>\n<div><strong>W naszej ofercie r\u00f3wnie\u017c:<\/strong><\/div>\n<div><a href=\"https:\/\/chiptuningmarket.com\/pl\/shop\/chiptuning-akcesoria\/przewody-adaptery\/kabel-polaczeniowy-ecu-dla-edc17c69\/\">Kabel po\u0142\u0105czeniowy ECU dla EDC17C69<\/a><\/div>\n<div class=\"product-info-price\"><a href=\"https:\/\/chiptuningmarket.com\/pl\/shop\/chiptuning-akcesoria\/przewody-adaptery\/kabel-polaczeniowy-kabel-zasilajacy-flex\/\">Kabel po\u0142\u0105czeniowy: kabel zasilaj\u0105cy FLEX<\/a><\/div>\n","protected":false},"excerpt":{"rendered":"<div class=\"product attribute overview\">\n<div class=\"value\">\n<div class=\"product attribute overview\">\n<div class=\"value\">\n<div class=\"product attribute overview\">\n<div class=\"value\">Ten przew\u00f3d \u0142\u0105czy ECU EDC17C50 z FlexBox. Celem przewodu FLX2.48\u00a0 jest uzyskanie bezpiecznego trybu po\u0142\u0105czenia.<\/div>\n<\/div>\n<div class=\"product-info-price\"><\/div>\n<\/div>\n<\/div>\n<\/div>\n<\/div>\n","protected":false},"featured_media":24271,"template":"","meta":{"_monsterinsights_skip_tracking":false,"_monsterinsights_sitenote_active":false,"_monsterinsights_sitenote_note":"","_monsterinsights_sitenote_category":0},"product_brand":[],"product_cat":[5060,5129,5132],"product_tag":[6684,1535,6685,4433],"class_list":{"0":"post-24264","1":"product","2":"type-product","3":"status-publish","4":"has-post-thumbnail","6":"product_cat-akcesoria-chiptuning-pl","7":"product_cat-magicmotorsport-flex-pl","8":"product_cat-przewody-bench-pl","9":"product_tag-edc17c50","10":"product_tag-flex-pl","11":"product_tag-flx2-48","12":"product_tag-kabel-polaczeniowy-ecu-dla-edc17c50","14":"first","15":"instock","16":"taxable","17":"shipping-taxable","18":"purchasable","19":"product-type-simple"},"yoast_head":"<!-- This site is optimized with the Yoast SEO plugin v25.2 - https:\/\/yoast.com\/wordpress\/plugins\/seo\/ -->\n<title>Przew\u00f3d FLEX EDC17C50 Bench FLX2.48 - Chiptuningmarket<\/title>\n<meta name=\"description\" content=\"FLEX Przew\u00f3d Bench EDC17C50 FLX2.48 Ten przew\u00f3d \u0142\u0105czy ECU EDC17C50 z FlexBox. Celem przewodu FLX2.48 jest uzyskanie bezpiecznego trybu po\u0142\u0105czenia.\" \/>\n<meta name=\"robots\" content=\"index, follow, max-snippet:-1, max-image-preview:large, max-video-preview:-1\" \/>\n<link rel=\"canonical\" href=\"https:\/\/chiptuningmarket.com\/pl\/shop\/akcesoria-chiptuning-pl\/magicmotorsport-flex-pl\/przewody-bench-pl\/przewod-adapter-bench-flex-edc17c50-flx2-48\/\" \/>\n<meta property=\"og:locale\" content=\"pl_PL\" \/>\n<meta property=\"og:type\" content=\"article\" \/>\n<meta property=\"og:title\" content=\"Przew\u00f3d FLEX EDC17C50 Bench FLX2.48 - Chiptuningmarket\" \/>\n<meta property=\"og:description\" content=\"FLEX Przew\u00f3d Bench EDC17C50 FLX2.48 Ten przew\u00f3d \u0142\u0105czy ECU EDC17C50 z FlexBox. Celem przewodu FLX2.48 jest uzyskanie bezpiecznego trybu po\u0142\u0105czenia.\" \/>\n<meta property=\"og:url\" content=\"https:\/\/chiptuningmarket.com\/pl\/shop\/akcesoria-chiptuning-pl\/magicmotorsport-flex-pl\/przewody-bench-pl\/przewod-adapter-bench-flex-edc17c50-flx2-48\/\" \/>\n<meta property=\"og:site_name\" content=\"Chiptuningmarket\" \/>\n<meta property=\"article:modified_time\" content=\"2025-02-21T13:26:00+00:00\" \/>\n<meta property=\"og:image\" content=\"https:\/\/chiptuningmarket.com\/wp-content\/uploads\/2023\/01\/FLX2.48-1_1.webp\" \/>\n\t<meta property=\"og:image:width\" content=\"560\" \/>\n\t<meta property=\"og:image:height\" content=\"560\" \/>\n\t<meta property=\"og:image:type\" content=\"image\/webp\" \/>\n<meta name=\"twitter:card\" content=\"summary_large_image\" \/>\n<meta name=\"twitter:label1\" content=\"Szacowany czas czytania\" \/>\n\t<meta name=\"twitter:data1\" content=\"1 minuta\" \/>\n<script type=\"application\/ld+json\" class=\"yoast-schema-graph\">{\"@context\":\"https:\/\/schema.org\",\"@graph\":[{\"@type\":\"WebPage\",\"@id\":\"https:\/\/chiptuningmarket.com\/pl\/shop\/akcesoria-chiptuning-pl\/magicmotorsport-flex-pl\/przewody-bench-pl\/przewod-adapter-bench-flex-edc17c50-flx2-48\/\",\"url\":\"https:\/\/chiptuningmarket.com\/pl\/shop\/akcesoria-chiptuning-pl\/magicmotorsport-flex-pl\/przewody-bench-pl\/przewod-adapter-bench-flex-edc17c50-flx2-48\/\",\"name\":\"Przew\u00f3d FLEX EDC17C50 Bench FLX2.48 - Chiptuningmarket\",\"isPartOf\":{\"@id\":\"https:\/\/chiptuningmarket.com\/pl\/#website\"},\"primaryImageOfPage\":{\"@id\":\"https:\/\/chiptuningmarket.com\/pl\/shop\/akcesoria-chiptuning-pl\/magicmotorsport-flex-pl\/przewody-bench-pl\/przewod-adapter-bench-flex-edc17c50-flx2-48\/#primaryimage\"},\"image\":{\"@id\":\"https:\/\/chiptuningmarket.com\/pl\/shop\/akcesoria-chiptuning-pl\/magicmotorsport-flex-pl\/przewody-bench-pl\/przewod-adapter-bench-flex-edc17c50-flx2-48\/#primaryimage\"},\"thumbnailUrl\":\"https:\/\/chiptuningmarket.com\/wp-content\/uploads\/2023\/01\/FLX2.48-1_1.webp\",\"datePublished\":\"2023-01-31T14:51:06+00:00\",\"dateModified\":\"2025-02-21T13:26:00+00:00\",\"description\":\"FLEX Przew\u00f3d Bench EDC17C50 FLX2.48 Ten przew\u00f3d \u0142\u0105czy ECU EDC17C50 z FlexBox. Celem przewodu FLX2.48 jest uzyskanie bezpiecznego trybu po\u0142\u0105czenia.\",\"breadcrumb\":{\"@id\":\"https:\/\/chiptuningmarket.com\/pl\/shop\/akcesoria-chiptuning-pl\/magicmotorsport-flex-pl\/przewody-bench-pl\/przewod-adapter-bench-flex-edc17c50-flx2-48\/#breadcrumb\"},\"inLanguage\":\"pl-PL\",\"potentialAction\":[{\"@type\":\"ReadAction\",\"target\":[\"https:\/\/chiptuningmarket.com\/pl\/shop\/akcesoria-chiptuning-pl\/magicmotorsport-flex-pl\/przewody-bench-pl\/przewod-adapter-bench-flex-edc17c50-flx2-48\/\"]}]},{\"@type\":\"ImageObject\",\"inLanguage\":\"pl-PL\",\"@id\":\"https:\/\/chiptuningmarket.com\/pl\/shop\/akcesoria-chiptuning-pl\/magicmotorsport-flex-pl\/przewody-bench-pl\/przewod-adapter-bench-flex-edc17c50-flx2-48\/#primaryimage\",\"url\":\"https:\/\/chiptuningmarket.com\/wp-content\/uploads\/2023\/01\/FLX2.48-1_1.webp\",\"contentUrl\":\"https:\/\/chiptuningmarket.com\/wp-content\/uploads\/2023\/01\/FLX2.48-1_1.webp\",\"width\":560,\"height\":560,\"caption\":\"Przew\u00f3d adapter Bench FLEX EDC17C50 FLX2.48\"},{\"@type\":\"BreadcrumbList\",\"@id\":\"https:\/\/chiptuningmarket.com\/pl\/shop\/akcesoria-chiptuning-pl\/magicmotorsport-flex-pl\/przewody-bench-pl\/przewod-adapter-bench-flex-edc17c50-flx2-48\/#breadcrumb\",\"itemListElement\":[{\"@type\":\"ListItem\",\"position\":1,\"name\":\"Home\",\"item\":\"https:\/\/chiptuningmarket.com\/pl\/\"},{\"@type\":\"ListItem\",\"position\":2,\"name\":\"Sklep\",\"item\":\"https:\/\/chiptuningmarket.com\/pl\/shop\/\"},{\"@type\":\"ListItem\",\"position\":3,\"name\":\"Przew\u00f3d FLEX EDC17C50 Bench FLX2.48\"}]},{\"@type\":\"WebSite\",\"@id\":\"https:\/\/chiptuningmarket.com\/pl\/#website\",\"url\":\"https:\/\/chiptuningmarket.com\/pl\/\",\"name\":\"Chiptuningmarket\",\"description\":\"Biggest chiptuning shop in Europe\",\"publisher\":{\"@id\":\"https:\/\/chiptuningmarket.com\/pl\/#organization\"},\"alternateName\":\"Worldwide ecu tools supplier\",\"potentialAction\":[{\"@type\":\"SearchAction\",\"target\":{\"@type\":\"EntryPoint\",\"urlTemplate\":\"https:\/\/chiptuningmarket.com\/pl\/?s={search_term_string}\"},\"query-input\":{\"@type\":\"PropertyValueSpecification\",\"valueRequired\":true,\"valueName\":\"search_term_string\"}}],\"inLanguage\":\"pl-PL\"},{\"@type\":\"Organization\",\"@id\":\"https:\/\/chiptuningmarket.com\/pl\/#organization\",\"name\":\"Chiptuningmarket\",\"alternateName\":\"Chiptuning tools supplier\",\"url\":\"https:\/\/chiptuningmarket.com\/pl\/\",\"logo\":{\"@type\":\"ImageObject\",\"inLanguage\":\"pl-PL\",\"@id\":\"https:\/\/chiptuningmarket.com\/pl\/#\/schema\/logo\/image\/\",\"url\":\"https:\/\/chiptuningmarket.com\/wp-content\/uploads\/2023\/05\/logo-ChipTuningMarket-social.png\",\"contentUrl\":\"https:\/\/chiptuningmarket.com\/wp-content\/uploads\/2023\/05\/logo-ChipTuningMarket-social.png\",\"width\":512,\"height\":512,\"caption\":\"Chiptuningmarket\"},\"image\":{\"@id\":\"https:\/\/chiptuningmarket.com\/pl\/#\/schema\/logo\/image\/\"}}]}<\/script>\n<!-- \/ Yoast SEO plugin. -->","yoast_head_json":{"title":"Przew\u00f3d FLEX EDC17C50 Bench FLX2.48 - Chiptuningmarket","description":"FLEX Przew\u00f3d Bench EDC17C50 FLX2.48 Ten przew\u00f3d \u0142\u0105czy ECU EDC17C50 z FlexBox. Celem przewodu FLX2.48 jest uzyskanie bezpiecznego trybu po\u0142\u0105czenia.","robots":{"index":"index","follow":"follow","max-snippet":"max-snippet:-1","max-image-preview":"max-image-preview:large","max-video-preview":"max-video-preview:-1"},"canonical":"https:\/\/chiptuningmarket.com\/pl\/shop\/akcesoria-chiptuning-pl\/magicmotorsport-flex-pl\/przewody-bench-pl\/przewod-adapter-bench-flex-edc17c50-flx2-48\/","og_locale":"pl_PL","og_type":"article","og_title":"Przew\u00f3d FLEX EDC17C50 Bench FLX2.48 - Chiptuningmarket","og_description":"FLEX Przew\u00f3d Bench EDC17C50 FLX2.48 Ten przew\u00f3d \u0142\u0105czy ECU EDC17C50 z FlexBox. Celem przewodu FLX2.48 jest uzyskanie bezpiecznego trybu po\u0142\u0105czenia.","og_url":"https:\/\/chiptuningmarket.com\/pl\/shop\/akcesoria-chiptuning-pl\/magicmotorsport-flex-pl\/przewody-bench-pl\/przewod-adapter-bench-flex-edc17c50-flx2-48\/","og_site_name":"Chiptuningmarket","article_modified_time":"2025-02-21T13:26:00+00:00","og_image":[{"width":560,"height":560,"url":"https:\/\/chiptuningmarket.com\/wp-content\/uploads\/2023\/01\/FLX2.48-1_1.webp","type":"image\/webp"}],"twitter_card":"summary_large_image","twitter_misc":{"Szacowany czas czytania":"1 minuta"},"schema":{"@context":"https:\/\/schema.org","@graph":[{"@type":"WebPage","@id":"https:\/\/chiptuningmarket.com\/pl\/shop\/akcesoria-chiptuning-pl\/magicmotorsport-flex-pl\/przewody-bench-pl\/przewod-adapter-bench-flex-edc17c50-flx2-48\/","url":"https:\/\/chiptuningmarket.com\/pl\/shop\/akcesoria-chiptuning-pl\/magicmotorsport-flex-pl\/przewody-bench-pl\/przewod-adapter-bench-flex-edc17c50-flx2-48\/","name":"Przew\u00f3d FLEX EDC17C50 Bench FLX2.48 - Chiptuningmarket","isPartOf":{"@id":"https:\/\/chiptuningmarket.com\/pl\/#website"},"primaryImageOfPage":{"@id":"https:\/\/chiptuningmarket.com\/pl\/shop\/akcesoria-chiptuning-pl\/magicmotorsport-flex-pl\/przewody-bench-pl\/przewod-adapter-bench-flex-edc17c50-flx2-48\/#primaryimage"},"image":{"@id":"https:\/\/chiptuningmarket.com\/pl\/shop\/akcesoria-chiptuning-pl\/magicmotorsport-flex-pl\/przewody-bench-pl\/przewod-adapter-bench-flex-edc17c50-flx2-48\/#primaryimage"},"thumbnailUrl":"https:\/\/chiptuningmarket.com\/wp-content\/uploads\/2023\/01\/FLX2.48-1_1.webp","datePublished":"2023-01-31T14:51:06+00:00","dateModified":"2025-02-21T13:26:00+00:00","description":"FLEX Przew\u00f3d Bench EDC17C50 FLX2.48 Ten przew\u00f3d \u0142\u0105czy ECU EDC17C50 z FlexBox. Celem przewodu FLX2.48 jest uzyskanie bezpiecznego trybu po\u0142\u0105czenia.","breadcrumb":{"@id":"https:\/\/chiptuningmarket.com\/pl\/shop\/akcesoria-chiptuning-pl\/magicmotorsport-flex-pl\/przewody-bench-pl\/przewod-adapter-bench-flex-edc17c50-flx2-48\/#breadcrumb"},"inLanguage":"pl-PL","potentialAction":[{"@type":"ReadAction","target":["https:\/\/chiptuningmarket.com\/pl\/shop\/akcesoria-chiptuning-pl\/magicmotorsport-flex-pl\/przewody-bench-pl\/przewod-adapter-bench-flex-edc17c50-flx2-48\/"]}]},{"@type":"ImageObject","inLanguage":"pl-PL","@id":"https:\/\/chiptuningmarket.com\/pl\/shop\/akcesoria-chiptuning-pl\/magicmotorsport-flex-pl\/przewody-bench-pl\/przewod-adapter-bench-flex-edc17c50-flx2-48\/#primaryimage","url":"https:\/\/chiptuningmarket.com\/wp-content\/uploads\/2023\/01\/FLX2.48-1_1.webp","contentUrl":"https:\/\/chiptuningmarket.com\/wp-content\/uploads\/2023\/01\/FLX2.48-1_1.webp","width":560,"height":560,"caption":"Przew\u00f3d adapter Bench FLEX EDC17C50 FLX2.48"},{"@type":"BreadcrumbList","@id":"https:\/\/chiptuningmarket.com\/pl\/shop\/akcesoria-chiptuning-pl\/magicmotorsport-flex-pl\/przewody-bench-pl\/przewod-adapter-bench-flex-edc17c50-flx2-48\/#breadcrumb","itemListElement":[{"@type":"ListItem","position":1,"name":"Home","item":"https:\/\/chiptuningmarket.com\/pl\/"},{"@type":"ListItem","position":2,"name":"Sklep","item":"https:\/\/chiptuningmarket.com\/pl\/shop\/"},{"@type":"ListItem","position":3,"name":"Przew\u00f3d FLEX EDC17C50 Bench FLX2.48"}]},{"@type":"WebSite","@id":"https:\/\/chiptuningmarket.com\/pl\/#website","url":"https:\/\/chiptuningmarket.com\/pl\/","name":"Chiptuningmarket","description":"Biggest chiptuning shop in Europe","publisher":{"@id":"https:\/\/chiptuningmarket.com\/pl\/#organization"},"alternateName":"Worldwide ecu tools supplier","potentialAction":[{"@type":"SearchAction","target":{"@type":"EntryPoint","urlTemplate":"https:\/\/chiptuningmarket.com\/pl\/?s={search_term_string}"},"query-input":{"@type":"PropertyValueSpecification","valueRequired":true,"valueName":"search_term_string"}}],"inLanguage":"pl-PL"},{"@type":"Organization","@id":"https:\/\/chiptuningmarket.com\/pl\/#organization","name":"Chiptuningmarket","alternateName":"Chiptuning tools supplier","url":"https:\/\/chiptuningmarket.com\/pl\/","logo":{"@type":"ImageObject","inLanguage":"pl-PL","@id":"https:\/\/chiptuningmarket.com\/pl\/#\/schema\/logo\/image\/","url":"https:\/\/chiptuningmarket.com\/wp-content\/uploads\/2023\/05\/logo-ChipTuningMarket-social.png","contentUrl":"https:\/\/chiptuningmarket.com\/wp-content\/uploads\/2023\/05\/logo-ChipTuningMarket-social.png","width":512,"height":512,"caption":"Chiptuningmarket"},"image":{"@id":"https:\/\/chiptuningmarket.com\/pl\/#\/schema\/logo\/image\/"}}]}},"_links":{"self":[{"href":"https:\/\/chiptuningmarket.com\/pl\/wp-json\/wp\/v2\/product\/24264","targetHints":{"allow":["GET"]}}],"collection":[{"href":"https:\/\/chiptuningmarket.com\/pl\/wp-json\/wp\/v2\/product"}],"about":[{"href":"https:\/\/chiptuningmarket.com\/pl\/wp-json\/wp\/v2\/types\/product"}],"wp:featuredmedia":[{"embeddable":true,"href":"https:\/\/chiptuningmarket.com\/pl\/wp-json\/wp\/v2\/media\/24271"}],"wp:attachment":[{"href":"https:\/\/chiptuningmarket.com\/pl\/wp-json\/wp\/v2\/media?parent=24264"}],"wp:term":[{"taxonomy":"product_brand","embeddable":true,"href":"https:\/\/chiptuningmarket.com\/pl\/wp-json\/wp\/v2\/product_brand?post=24264"},{"taxonomy":"product_cat","embeddable":true,"href":"https:\/\/chiptuningmarket.com\/pl\/wp-json\/wp\/v2\/product_cat?post=24264"},{"taxonomy":"product_tag","embeddable":true,"href":"https:\/\/chiptuningmarket.com\/pl\/wp-json\/wp\/v2\/product_tag?post=24264"}],"curies":[{"name":"wp","href":"https:\/\/api.w.org\/{rel}","templated":true}]}}