{"id":24278,"date":"2023-01-31T20:20:22","date_gmt":"2023-01-31T20:20:22","guid":{"rendered":"https:\/\/chiptuningmarket.com\/?post_type=product&#038;p=24278"},"modified":"2024-07-26T10:36:15","modified_gmt":"2024-07-26T10:36:15","slug":"przewod-autovei-scania-dc2u-opc5","status":"publish","type":"product","link":"https:\/\/chiptuningmarket.com\/pl\/shop\/akcesoria-chiptuning-pl\/przewody-autovei-pl\/przewod-autovei-scania-dc2u-opc5\/","title":{"rendered":"Przew\u00f3d AutoVEI Scania  DC2U-OPC5"},"content":{"rendered":"<p style=\"text-align: center\"><strong>Przew\u00f3d AutoVEI Scania DC2U-OPC5<\/strong><\/p>\n<p>Przew\u00f3d do pracy z OPC5 Scania<\/p>\n<p><strong>W naszej ofercie r\u00f3wnie\u017c:<br \/>\n<\/strong><a href=\"https:\/\/chiptuningmarket.com\/pl\/shop\/chiptuning-akcesoria\/przewody-adaptery\/kabel-polaczeniowy-ecu-dla-edc17c50\/\">Kabel po\u0142\u0105czeniowy ECU dla EDC17C50<\/a><br \/>\n<a href=\"https:\/\/chiptuningmarket.com\/pl\/shop\/chiptuning-akcesoria\/przewody-adaptery\/kabel-polaczeniowy-ecu-dla-edc17c69\/\">Kabel po\u0142\u0105czeniowy ECU dla EDC17C69<\/a><\/p>\n","protected":false},"excerpt":{"rendered":"<p>Przew\u00f3d do pracy z OPC5 Scania<\/p>\n","protected":false},"featured_media":28672,"template":"","meta":{"_monsterinsights_skip_tracking":false,"_monsterinsights_sitenote_active":false,"_monsterinsights_sitenote_note":"","_monsterinsights_sitenote_category":0},"product_brand":[],"product_cat":[5072,5060,5085],"product_tag":[3090,4436,4435,3380],"class_list":{"0":"post-24278","1":"product","2":"type-product","3":"status-publish","4":"has-post-thumbnail","6":"product_cat-nowosci-pl","7":"product_cat-akcesoria-chiptuning-pl","8":"product_cat-przewody-autovei-pl","9":"product_tag-autovei-2","10":"product_tag-opc5","11":"product_tag-przewod-autovei-scania-dc2u-opc5","12":"product_tag-scania","14":"first","15":"onbackorder","16":"taxable","17":"shipping-taxable","18":"purchasable","19":"product-type-simple"},"yoast_head":"<!-- This site is optimized with the Yoast SEO plugin v25.2 - https:\/\/yoast.com\/wordpress\/plugins\/seo\/ -->\n<title>Przew\u00f3d AutoVEI Scania DC2U-OPC5 - Chiptuningmarket<\/title>\n<meta name=\"description\" content=\"Przew\u00f3d AutoVEI Scania DC2U-OPC5 Przew\u00f3d do pracy z OPC5 Scania\" \/>\n<meta name=\"robots\" content=\"index, follow, max-snippet:-1, max-image-preview:large, max-video-preview:-1\" \/>\n<link rel=\"canonical\" href=\"https:\/\/chiptuningmarket.com\/pl\/shop\/akcesoria-chiptuning-pl\/przewody-autovei-pl\/przewod-autovei-scania-dc2u-opc5\/\" \/>\n<meta property=\"og:locale\" content=\"pl_PL\" \/>\n<meta property=\"og:type\" content=\"article\" \/>\n<meta property=\"og:title\" content=\"Przew\u00f3d AutoVEI Scania DC2U-OPC5 - Chiptuningmarket\" \/>\n<meta property=\"og:description\" content=\"Przew\u00f3d AutoVEI Scania DC2U-OPC5 Przew\u00f3d do pracy z OPC5 Scania\" \/>\n<meta property=\"og:url\" content=\"https:\/\/chiptuningmarket.com\/pl\/shop\/akcesoria-chiptuning-pl\/przewody-autovei-pl\/przewod-autovei-scania-dc2u-opc5\/\" \/>\n<meta property=\"og:site_name\" content=\"Chiptuningmarket\" \/>\n<meta property=\"article:modified_time\" content=\"2024-07-26T10:36:15+00:00\" \/>\n<meta property=\"og:image\" content=\"https:\/\/chiptuningmarket.com\/wp-content\/uploads\/2023\/01\/dc2u-opc5-cable_494.jpg.webp\" \/>\n\t<meta property=\"og:image:width\" content=\"800\" \/>\n\t<meta property=\"og:image:height\" content=\"600\" \/>\n\t<meta property=\"og:image:type\" content=\"image\/webp\" \/>\n<meta name=\"twitter:card\" content=\"summary_large_image\" \/>\n<meta name=\"twitter:label1\" content=\"Szacowany czas czytania\" \/>\n\t<meta name=\"twitter:data1\" content=\"1 minuta\" \/>\n<script type=\"application\/ld+json\" class=\"yoast-schema-graph\">{\"@context\":\"https:\/\/schema.org\",\"@graph\":[{\"@type\":\"WebPage\",\"@id\":\"https:\/\/chiptuningmarket.com\/pl\/shop\/akcesoria-chiptuning-pl\/przewody-autovei-pl\/przewod-autovei-scania-dc2u-opc5\/\",\"url\":\"https:\/\/chiptuningmarket.com\/pl\/shop\/akcesoria-chiptuning-pl\/przewody-autovei-pl\/przewod-autovei-scania-dc2u-opc5\/\",\"name\":\"Przew\u00f3d AutoVEI Scania DC2U-OPC5 - Chiptuningmarket\",\"isPartOf\":{\"@id\":\"https:\/\/chiptuningmarket.com\/pl\/#website\"},\"primaryImageOfPage\":{\"@id\":\"https:\/\/chiptuningmarket.com\/pl\/shop\/akcesoria-chiptuning-pl\/przewody-autovei-pl\/przewod-autovei-scania-dc2u-opc5\/#primaryimage\"},\"image\":{\"@id\":\"https:\/\/chiptuningmarket.com\/pl\/shop\/akcesoria-chiptuning-pl\/przewody-autovei-pl\/przewod-autovei-scania-dc2u-opc5\/#primaryimage\"},\"thumbnailUrl\":\"https:\/\/chiptuningmarket.com\/wp-content\/uploads\/2023\/01\/dc2u-opc5-cable_494.jpg.webp\",\"datePublished\":\"2023-01-31T20:20:22+00:00\",\"dateModified\":\"2024-07-26T10:36:15+00:00\",\"description\":\"Przew\u00f3d AutoVEI Scania DC2U-OPC5 Przew\u00f3d do pracy z OPC5 Scania\",\"breadcrumb\":{\"@id\":\"https:\/\/chiptuningmarket.com\/pl\/shop\/akcesoria-chiptuning-pl\/przewody-autovei-pl\/przewod-autovei-scania-dc2u-opc5\/#breadcrumb\"},\"inLanguage\":\"pl-PL\",\"potentialAction\":[{\"@type\":\"ReadAction\",\"target\":[\"https:\/\/chiptuningmarket.com\/pl\/shop\/akcesoria-chiptuning-pl\/przewody-autovei-pl\/przewod-autovei-scania-dc2u-opc5\/\"]}]},{\"@type\":\"ImageObject\",\"inLanguage\":\"pl-PL\",\"@id\":\"https:\/\/chiptuningmarket.com\/pl\/shop\/akcesoria-chiptuning-pl\/przewody-autovei-pl\/przewod-autovei-scania-dc2u-opc5\/#primaryimage\",\"url\":\"https:\/\/chiptuningmarket.com\/wp-content\/uploads\/2023\/01\/dc2u-opc5-cable_494.jpg.webp\",\"contentUrl\":\"https:\/\/chiptuningmarket.com\/wp-content\/uploads\/2023\/01\/dc2u-opc5-cable_494.jpg.webp\",\"width\":800,\"height\":600},{\"@type\":\"BreadcrumbList\",\"@id\":\"https:\/\/chiptuningmarket.com\/pl\/shop\/akcesoria-chiptuning-pl\/przewody-autovei-pl\/przewod-autovei-scania-dc2u-opc5\/#breadcrumb\",\"itemListElement\":[{\"@type\":\"ListItem\",\"position\":1,\"name\":\"Home\",\"item\":\"https:\/\/chiptuningmarket.com\/pl\/\"},{\"@type\":\"ListItem\",\"position\":2,\"name\":\"Sklep\",\"item\":\"https:\/\/chiptuningmarket.com\/pl\/shop\/\"},{\"@type\":\"ListItem\",\"position\":3,\"name\":\"Przew\u00f3d AutoVEI Scania DC2U-OPC5\"}]},{\"@type\":\"WebSite\",\"@id\":\"https:\/\/chiptuningmarket.com\/pl\/#website\",\"url\":\"https:\/\/chiptuningmarket.com\/pl\/\",\"name\":\"Chiptuningmarket\",\"description\":\"Biggest chiptuning shop in Europe\",\"publisher\":{\"@id\":\"https:\/\/chiptuningmarket.com\/pl\/#organization\"},\"alternateName\":\"Worldwide ecu tools supplier\",\"potentialAction\":[{\"@type\":\"SearchAction\",\"target\":{\"@type\":\"EntryPoint\",\"urlTemplate\":\"https:\/\/chiptuningmarket.com\/pl\/?s={search_term_string}\"},\"query-input\":{\"@type\":\"PropertyValueSpecification\",\"valueRequired\":true,\"valueName\":\"search_term_string\"}}],\"inLanguage\":\"pl-PL\"},{\"@type\":\"Organization\",\"@id\":\"https:\/\/chiptuningmarket.com\/pl\/#organization\",\"name\":\"Chiptuningmarket\",\"alternateName\":\"Chiptuning tools supplier\",\"url\":\"https:\/\/chiptuningmarket.com\/pl\/\",\"logo\":{\"@type\":\"ImageObject\",\"inLanguage\":\"pl-PL\",\"@id\":\"https:\/\/chiptuningmarket.com\/pl\/#\/schema\/logo\/image\/\",\"url\":\"https:\/\/chiptuningmarket.com\/wp-content\/uploads\/2023\/05\/logo-ChipTuningMarket-social.png\",\"contentUrl\":\"https:\/\/chiptuningmarket.com\/wp-content\/uploads\/2023\/05\/logo-ChipTuningMarket-social.png\",\"width\":512,\"height\":512,\"caption\":\"Chiptuningmarket\"},\"image\":{\"@id\":\"https:\/\/chiptuningmarket.com\/pl\/#\/schema\/logo\/image\/\"}}]}<\/script>\n<!-- \/ Yoast SEO plugin. -->","yoast_head_json":{"title":"Przew\u00f3d AutoVEI Scania DC2U-OPC5 - Chiptuningmarket","description":"Przew\u00f3d AutoVEI Scania DC2U-OPC5 Przew\u00f3d do pracy z OPC5 Scania","robots":{"index":"index","follow":"follow","max-snippet":"max-snippet:-1","max-image-preview":"max-image-preview:large","max-video-preview":"max-video-preview:-1"},"canonical":"https:\/\/chiptuningmarket.com\/pl\/shop\/akcesoria-chiptuning-pl\/przewody-autovei-pl\/przewod-autovei-scania-dc2u-opc5\/","og_locale":"pl_PL","og_type":"article","og_title":"Przew\u00f3d AutoVEI Scania DC2U-OPC5 - Chiptuningmarket","og_description":"Przew\u00f3d AutoVEI Scania DC2U-OPC5 Przew\u00f3d do pracy z OPC5 Scania","og_url":"https:\/\/chiptuningmarket.com\/pl\/shop\/akcesoria-chiptuning-pl\/przewody-autovei-pl\/przewod-autovei-scania-dc2u-opc5\/","og_site_name":"Chiptuningmarket","article_modified_time":"2024-07-26T10:36:15+00:00","og_image":[{"width":800,"height":600,"url":"https:\/\/chiptuningmarket.com\/wp-content\/uploads\/2023\/01\/dc2u-opc5-cable_494.jpg.webp","type":"image\/webp"}],"twitter_card":"summary_large_image","twitter_misc":{"Szacowany czas czytania":"1 minuta"},"schema":{"@context":"https:\/\/schema.org","@graph":[{"@type":"WebPage","@id":"https:\/\/chiptuningmarket.com\/pl\/shop\/akcesoria-chiptuning-pl\/przewody-autovei-pl\/przewod-autovei-scania-dc2u-opc5\/","url":"https:\/\/chiptuningmarket.com\/pl\/shop\/akcesoria-chiptuning-pl\/przewody-autovei-pl\/przewod-autovei-scania-dc2u-opc5\/","name":"Przew\u00f3d AutoVEI Scania DC2U-OPC5 - Chiptuningmarket","isPartOf":{"@id":"https:\/\/chiptuningmarket.com\/pl\/#website"},"primaryImageOfPage":{"@id":"https:\/\/chiptuningmarket.com\/pl\/shop\/akcesoria-chiptuning-pl\/przewody-autovei-pl\/przewod-autovei-scania-dc2u-opc5\/#primaryimage"},"image":{"@id":"https:\/\/chiptuningmarket.com\/pl\/shop\/akcesoria-chiptuning-pl\/przewody-autovei-pl\/przewod-autovei-scania-dc2u-opc5\/#primaryimage"},"thumbnailUrl":"https:\/\/chiptuningmarket.com\/wp-content\/uploads\/2023\/01\/dc2u-opc5-cable_494.jpg.webp","datePublished":"2023-01-31T20:20:22+00:00","dateModified":"2024-07-26T10:36:15+00:00","description":"Przew\u00f3d AutoVEI Scania DC2U-OPC5 Przew\u00f3d do pracy z OPC5 Scania","breadcrumb":{"@id":"https:\/\/chiptuningmarket.com\/pl\/shop\/akcesoria-chiptuning-pl\/przewody-autovei-pl\/przewod-autovei-scania-dc2u-opc5\/#breadcrumb"},"inLanguage":"pl-PL","potentialAction":[{"@type":"ReadAction","target":["https:\/\/chiptuningmarket.com\/pl\/shop\/akcesoria-chiptuning-pl\/przewody-autovei-pl\/przewod-autovei-scania-dc2u-opc5\/"]}]},{"@type":"ImageObject","inLanguage":"pl-PL","@id":"https:\/\/chiptuningmarket.com\/pl\/shop\/akcesoria-chiptuning-pl\/przewody-autovei-pl\/przewod-autovei-scania-dc2u-opc5\/#primaryimage","url":"https:\/\/chiptuningmarket.com\/wp-content\/uploads\/2023\/01\/dc2u-opc5-cable_494.jpg.webp","contentUrl":"https:\/\/chiptuningmarket.com\/wp-content\/uploads\/2023\/01\/dc2u-opc5-cable_494.jpg.webp","width":800,"height":600},{"@type":"BreadcrumbList","@id":"https:\/\/chiptuningmarket.com\/pl\/shop\/akcesoria-chiptuning-pl\/przewody-autovei-pl\/przewod-autovei-scania-dc2u-opc5\/#breadcrumb","itemListElement":[{"@type":"ListItem","position":1,"name":"Home","item":"https:\/\/chiptuningmarket.com\/pl\/"},{"@type":"ListItem","position":2,"name":"Sklep","item":"https:\/\/chiptuningmarket.com\/pl\/shop\/"},{"@type":"ListItem","position":3,"name":"Przew\u00f3d AutoVEI Scania DC2U-OPC5"}]},{"@type":"WebSite","@id":"https:\/\/chiptuningmarket.com\/pl\/#website","url":"https:\/\/chiptuningmarket.com\/pl\/","name":"Chiptuningmarket","description":"Biggest chiptuning shop in Europe","publisher":{"@id":"https:\/\/chiptuningmarket.com\/pl\/#organization"},"alternateName":"Worldwide ecu tools supplier","potentialAction":[{"@type":"SearchAction","target":{"@type":"EntryPoint","urlTemplate":"https:\/\/chiptuningmarket.com\/pl\/?s={search_term_string}"},"query-input":{"@type":"PropertyValueSpecification","valueRequired":true,"valueName":"search_term_string"}}],"inLanguage":"pl-PL"},{"@type":"Organization","@id":"https:\/\/chiptuningmarket.com\/pl\/#organization","name":"Chiptuningmarket","alternateName":"Chiptuning tools supplier","url":"https:\/\/chiptuningmarket.com\/pl\/","logo":{"@type":"ImageObject","inLanguage":"pl-PL","@id":"https:\/\/chiptuningmarket.com\/pl\/#\/schema\/logo\/image\/","url":"https:\/\/chiptuningmarket.com\/wp-content\/uploads\/2023\/05\/logo-ChipTuningMarket-social.png","contentUrl":"https:\/\/chiptuningmarket.com\/wp-content\/uploads\/2023\/05\/logo-ChipTuningMarket-social.png","width":512,"height":512,"caption":"Chiptuningmarket"},"image":{"@id":"https:\/\/chiptuningmarket.com\/pl\/#\/schema\/logo\/image\/"}}]}},"_links":{"self":[{"href":"https:\/\/chiptuningmarket.com\/pl\/wp-json\/wp\/v2\/product\/24278","targetHints":{"allow":["GET"]}}],"collection":[{"href":"https:\/\/chiptuningmarket.com\/pl\/wp-json\/wp\/v2\/product"}],"about":[{"href":"https:\/\/chiptuningmarket.com\/pl\/wp-json\/wp\/v2\/types\/product"}],"wp:featuredmedia":[{"embeddable":true,"href":"https:\/\/chiptuningmarket.com\/pl\/wp-json\/wp\/v2\/media\/28672"}],"wp:attachment":[{"href":"https:\/\/chiptuningmarket.com\/pl\/wp-json\/wp\/v2\/media?parent=24278"}],"wp:term":[{"taxonomy":"product_brand","embeddable":true,"href":"https:\/\/chiptuningmarket.com\/pl\/wp-json\/wp\/v2\/product_brand?post=24278"},{"taxonomy":"product_cat","embeddable":true,"href":"https:\/\/chiptuningmarket.com\/pl\/wp-json\/wp\/v2\/product_cat?post=24278"},{"taxonomy":"product_tag","embeddable":true,"href":"https:\/\/chiptuningmarket.com\/pl\/wp-json\/wp\/v2\/product_tag?post=24278"}],"curies":[{"name":"wp","href":"https:\/\/api.w.org\/{rel}","templated":true}]}}