{"id":24527,"date":"2023-02-23T12:13:36","date_gmt":"2023-02-23T11:13:36","guid":{"rendered":"https:\/\/chiptuningmarket.com\/?post_type=product&#038;p=24527"},"modified":"2025-02-20T12:16:38","modified_gmt":"2025-02-20T11:16:38","slug":"mg1cs002-cp007-cs047-vag-bench-autotuner","status":"publish","type":"product","link":"https:\/\/chiptuningmarket.com\/pl\/shop\/akcesoria-chiptuning-pl\/autotuner-akcesoria-chiptuning-pl\/przewody-autotuner-akcesoria-chiptuning-pl\/mg1cs002-cp007-cs047-vag-bench-autotuner\/","title":{"rendered":"Przew\u00f3d Autotuner MG1CS002 \/ CP007 \/ CS047 VAG Bench"},"content":{"rendered":"<h4 style=\"text-align: center\">Przew\u00f3d Autotuner MG1CS002 \/ CP007 \/ CS047 VAG Bench<\/h4>\n<p><img decoding=\"async\" class=\"aligncenter size-large wp-image-17367\" src=\"https:\/\/ms-group.pl\/wp-content\/uploads\/2021\/11\/MG1CS002-VAG-Bench-Cable-1024x1022.jpg\" alt=\"\" width=\"1024\" height=\"1022\" \/><\/p>\n<p>&nbsp;<\/p>\n<div><strong>MG1CS002 \/ CP007 \/ CS047 VAG Bench przew\u00f3d Autotuner <\/strong>do stosowania z programatorem AT. S\u0142u\u017cy do \u0142atwego \u0142\u0105czenia si\u0119 z ECU bez ryzyka wyginania pin\u00f3w, a tak\u017ce oszcz\u0119dza sporo czasu.<\/div>\n<p>&nbsp;<\/p>\n<div>\n<ul>\n<li>Ten kabel pozwala na pod\u0142\u0105czenie programatora AT do r\u00f3\u017cnych MB MD1 ECUs<\/li>\n<li>Kabel przystosowany do pracy z Autotuner<\/li>\n<li>D\u0142ugo\u015b\u0107 ca\u0142kowita: 1m<\/li>\n<\/ul>\n<\/div>\n<p>&nbsp;<\/p>\n<p>W ofercie r\u00f3wnie\u017c:<br \/>\n<a style=\"color: blue\" href=\"https:\/\/ms-group.pl\/product\/autotuner-master\/\">Autotuner Master<\/a><\/p>\n<p>&nbsp;<\/p>\n","protected":false},"excerpt":{"rendered":"<p><strong>MG1CS002 \/ CP007 \/ CS047 VAG Bench przew\u00f3d Autotuner <\/strong>do stosowania z programatorem AT. S\u0142u\u017cy do \u0142atwego \u0142\u0105czenia si\u0119 z ECU bez ryzyka wyginania pin\u00f3w, a tak\u017ce oszcz\u0119dza sporo czasu.<\/p>\n","protected":false},"featured_media":24525,"template":"","meta":{"_monsterinsights_skip_tracking":false,"_monsterinsights_sitenote_active":false,"_monsterinsights_sitenote_note":"","_monsterinsights_sitenote_category":0},"product_brand":[],"product_cat":[5060,5099,5100],"product_tag":[1704,6778,4367,4483,6786,2526,2529,2543],"class_list":{"0":"post-24527","1":"product","2":"type-product","3":"status-publish","4":"has-post-thumbnail","6":"product_cat-akcesoria-chiptuning-pl","7":"product_cat-autotuner-akcesoria-chiptuning-pl","8":"product_cat-przewody-autotuner-akcesoria-chiptuning-pl","9":"product_tag-autotuner-pl","10":"product_tag-autotuner-bench-cable-pl-2","11":"product_tag-bench","12":"product_tag-cable-pl","13":"product_tag-mg1cp007-vag-bench-at-cable-pl-2","14":"product_tag-mg1cs002-cp007-cs047-vag-bench-autotuner-pl","15":"product_tag-mg1cs002-vag-bench-at-cable-pl","16":"product_tag-mg1cs047-vag-bench-at-cable-pl","18":"first","19":"outofstock","20":"taxable","21":"shipping-taxable","22":"purchasable","23":"product-type-simple"},"yoast_head":"<!-- This site is optimized with the Yoast SEO plugin v25.2 - https:\/\/yoast.com\/wordpress\/plugins\/seo\/ -->\n<title>Przew\u00f3d Autotuner MG1CS002 \/ CP007 \/ CS047 VAG Bench - Chiptuningmarket<\/title>\n<meta name=\"description\" content=\"MG1CS002 \/ CP007 \/ CS047 VAG Bench przew\u00f3d Autotuner do stosowania z programatorem AT. S\u0142u\u017cy do \u0142atwego \u0142\u0105czenia si\u0119 z ECU bez ryzyka wyginania pin\u00f3w, a tak\u017ce oszcz\u0119dza sporo czasu.\" \/>\n<meta name=\"robots\" content=\"index, follow, max-snippet:-1, max-image-preview:large, max-video-preview:-1\" \/>\n<link rel=\"canonical\" href=\"https:\/\/chiptuningmarket.com\/pl\/shop\/akcesoria-chiptuning-pl\/autotuner-akcesoria-chiptuning-pl\/przewody-autotuner-akcesoria-chiptuning-pl\/mg1cs002-cp007-cs047-vag-bench-autotuner\/\" \/>\n<meta property=\"og:locale\" content=\"pl_PL\" \/>\n<meta property=\"og:type\" content=\"article\" \/>\n<meta property=\"og:title\" content=\"Przew\u00f3d Autotuner MG1CS002 \/ CP007 \/ CS047 VAG Bench - Chiptuningmarket\" \/>\n<meta property=\"og:description\" content=\"MG1CS002 \/ CP007 \/ CS047 VAG Bench przew\u00f3d Autotuner do stosowania z programatorem AT. S\u0142u\u017cy do \u0142atwego \u0142\u0105czenia si\u0119 z ECU bez ryzyka wyginania pin\u00f3w, a tak\u017ce oszcz\u0119dza sporo czasu.\" \/>\n<meta property=\"og:url\" content=\"https:\/\/chiptuningmarket.com\/pl\/shop\/akcesoria-chiptuning-pl\/autotuner-akcesoria-chiptuning-pl\/przewody-autotuner-akcesoria-chiptuning-pl\/mg1cs002-cp007-cs047-vag-bench-autotuner\/\" \/>\n<meta property=\"og:site_name\" content=\"Chiptuningmarket\" \/>\n<meta property=\"article:modified_time\" content=\"2025-02-20T11:16:38+00:00\" \/>\n<meta property=\"og:image\" content=\"https:\/\/chiptuningmarket.com\/wp-content\/uploads\/2023\/02\/MG1CS002-VAG-Bench-Cable.jpg\" \/>\n\t<meta property=\"og:image:width\" content=\"1339\" \/>\n\t<meta property=\"og:image:height\" content=\"1337\" \/>\n\t<meta property=\"og:image:type\" content=\"image\/jpeg\" \/>\n<meta name=\"twitter:card\" content=\"summary_large_image\" \/>\n<meta name=\"twitter:label1\" content=\"Szacowany czas czytania\" \/>\n\t<meta name=\"twitter:data1\" content=\"1 minuta\" \/>\n<script type=\"application\/ld+json\" class=\"yoast-schema-graph\">{\"@context\":\"https:\/\/schema.org\",\"@graph\":[{\"@type\":\"WebPage\",\"@id\":\"https:\/\/chiptuningmarket.com\/pl\/shop\/akcesoria-chiptuning-pl\/autotuner-akcesoria-chiptuning-pl\/przewody-autotuner-akcesoria-chiptuning-pl\/mg1cs002-cp007-cs047-vag-bench-autotuner\/\",\"url\":\"https:\/\/chiptuningmarket.com\/pl\/shop\/akcesoria-chiptuning-pl\/autotuner-akcesoria-chiptuning-pl\/przewody-autotuner-akcesoria-chiptuning-pl\/mg1cs002-cp007-cs047-vag-bench-autotuner\/\",\"name\":\"Przew\u00f3d Autotuner MG1CS002 \/ CP007 \/ CS047 VAG Bench - Chiptuningmarket\",\"isPartOf\":{\"@id\":\"https:\/\/chiptuningmarket.com\/ru\/#website\"},\"primaryImageOfPage\":{\"@id\":\"https:\/\/chiptuningmarket.com\/pl\/shop\/akcesoria-chiptuning-pl\/autotuner-akcesoria-chiptuning-pl\/przewody-autotuner-akcesoria-chiptuning-pl\/mg1cs002-cp007-cs047-vag-bench-autotuner\/#primaryimage\"},\"image\":{\"@id\":\"https:\/\/chiptuningmarket.com\/pl\/shop\/akcesoria-chiptuning-pl\/autotuner-akcesoria-chiptuning-pl\/przewody-autotuner-akcesoria-chiptuning-pl\/mg1cs002-cp007-cs047-vag-bench-autotuner\/#primaryimage\"},\"thumbnailUrl\":\"https:\/\/chiptuningmarket.com\/wp-content\/uploads\/2023\/02\/MG1CS002-VAG-Bench-Cable.jpg\",\"datePublished\":\"2023-02-23T11:13:36+00:00\",\"dateModified\":\"2025-02-20T11:16:38+00:00\",\"description\":\"MG1CS002 \/ CP007 \/ CS047 VAG Bench przew\u00f3d Autotuner do stosowania z programatorem AT. S\u0142u\u017cy do \u0142atwego \u0142\u0105czenia si\u0119 z ECU bez ryzyka wyginania pin\u00f3w, a tak\u017ce oszcz\u0119dza sporo czasu.\",\"breadcrumb\":{\"@id\":\"https:\/\/chiptuningmarket.com\/pl\/shop\/akcesoria-chiptuning-pl\/autotuner-akcesoria-chiptuning-pl\/przewody-autotuner-akcesoria-chiptuning-pl\/mg1cs002-cp007-cs047-vag-bench-autotuner\/#breadcrumb\"},\"inLanguage\":\"pl-PL\",\"potentialAction\":[{\"@type\":\"ReadAction\",\"target\":[\"https:\/\/chiptuningmarket.com\/pl\/shop\/akcesoria-chiptuning-pl\/autotuner-akcesoria-chiptuning-pl\/przewody-autotuner-akcesoria-chiptuning-pl\/mg1cs002-cp007-cs047-vag-bench-autotuner\/\"]}]},{\"@type\":\"ImageObject\",\"inLanguage\":\"pl-PL\",\"@id\":\"https:\/\/chiptuningmarket.com\/pl\/shop\/akcesoria-chiptuning-pl\/autotuner-akcesoria-chiptuning-pl\/przewody-autotuner-akcesoria-chiptuning-pl\/mg1cs002-cp007-cs047-vag-bench-autotuner\/#primaryimage\",\"url\":\"https:\/\/chiptuningmarket.com\/wp-content\/uploads\/2023\/02\/MG1CS002-VAG-Bench-Cable.jpg\",\"contentUrl\":\"https:\/\/chiptuningmarket.com\/wp-content\/uploads\/2023\/02\/MG1CS002-VAG-Bench-Cable.jpg\",\"width\":1339,\"height\":1337,\"caption\":\"Przew\u00f3d Autotuner MG1CS002 \/ CP007 \/ CS047 VAG Bench\"},{\"@type\":\"BreadcrumbList\",\"@id\":\"https:\/\/chiptuningmarket.com\/pl\/shop\/akcesoria-chiptuning-pl\/autotuner-akcesoria-chiptuning-pl\/przewody-autotuner-akcesoria-chiptuning-pl\/mg1cs002-cp007-cs047-vag-bench-autotuner\/#breadcrumb\",\"itemListElement\":[{\"@type\":\"ListItem\",\"position\":1,\"name\":\"Home\",\"item\":\"https:\/\/chiptuningmarket.com\/pl\/\"},{\"@type\":\"ListItem\",\"position\":2,\"name\":\"Sklep\",\"item\":\"https:\/\/chiptuningmarket.com\/pl\/shop\/\"},{\"@type\":\"ListItem\",\"position\":3,\"name\":\"Przew\u00f3d Autotuner MG1CS002 \/ CP007 \/ CS047 VAG Bench\"}]},{\"@type\":\"WebSite\",\"@id\":\"https:\/\/chiptuningmarket.com\/ru\/#website\",\"url\":\"https:\/\/chiptuningmarket.com\/ru\/\",\"name\":\"Chiptuningmarket\",\"description\":\"Biggest chiptuning shop in Europe\",\"publisher\":{\"@id\":\"https:\/\/chiptuningmarket.com\/ru\/#organization\"},\"alternateName\":\"Worldwide ecu tools supplier\",\"potentialAction\":[{\"@type\":\"SearchAction\",\"target\":{\"@type\":\"EntryPoint\",\"urlTemplate\":\"https:\/\/chiptuningmarket.com\/ru\/?s={search_term_string}\"},\"query-input\":{\"@type\":\"PropertyValueSpecification\",\"valueRequired\":true,\"valueName\":\"search_term_string\"}}],\"inLanguage\":\"pl-PL\"},{\"@type\":\"Organization\",\"@id\":\"https:\/\/chiptuningmarket.com\/ru\/#organization\",\"name\":\"Chiptuningmarket\",\"alternateName\":\"Chiptuning tools supplier\",\"url\":\"https:\/\/chiptuningmarket.com\/ru\/\",\"logo\":{\"@type\":\"ImageObject\",\"inLanguage\":\"pl-PL\",\"@id\":\"https:\/\/chiptuningmarket.com\/ru\/#\/schema\/logo\/image\/\",\"url\":\"https:\/\/chiptuningmarket.com\/wp-content\/uploads\/2023\/05\/logo-ChipTuningMarket-social.png\",\"contentUrl\":\"https:\/\/chiptuningmarket.com\/wp-content\/uploads\/2023\/05\/logo-ChipTuningMarket-social.png\",\"width\":512,\"height\":512,\"caption\":\"Chiptuningmarket\"},\"image\":{\"@id\":\"https:\/\/chiptuningmarket.com\/ru\/#\/schema\/logo\/image\/\"}}]}<\/script>\n<!-- \/ Yoast SEO plugin. -->","yoast_head_json":{"title":"Przew\u00f3d Autotuner MG1CS002 \/ CP007 \/ CS047 VAG Bench - Chiptuningmarket","description":"MG1CS002 \/ CP007 \/ CS047 VAG Bench przew\u00f3d Autotuner do stosowania z programatorem AT. S\u0142u\u017cy do \u0142atwego \u0142\u0105czenia si\u0119 z ECU bez ryzyka wyginania pin\u00f3w, a tak\u017ce oszcz\u0119dza sporo czasu.","robots":{"index":"index","follow":"follow","max-snippet":"max-snippet:-1","max-image-preview":"max-image-preview:large","max-video-preview":"max-video-preview:-1"},"canonical":"https:\/\/chiptuningmarket.com\/pl\/shop\/akcesoria-chiptuning-pl\/autotuner-akcesoria-chiptuning-pl\/przewody-autotuner-akcesoria-chiptuning-pl\/mg1cs002-cp007-cs047-vag-bench-autotuner\/","og_locale":"pl_PL","og_type":"article","og_title":"Przew\u00f3d Autotuner MG1CS002 \/ CP007 \/ CS047 VAG Bench - Chiptuningmarket","og_description":"MG1CS002 \/ CP007 \/ CS047 VAG Bench przew\u00f3d Autotuner do stosowania z programatorem AT. S\u0142u\u017cy do \u0142atwego \u0142\u0105czenia si\u0119 z ECU bez ryzyka wyginania pin\u00f3w, a tak\u017ce oszcz\u0119dza sporo czasu.","og_url":"https:\/\/chiptuningmarket.com\/pl\/shop\/akcesoria-chiptuning-pl\/autotuner-akcesoria-chiptuning-pl\/przewody-autotuner-akcesoria-chiptuning-pl\/mg1cs002-cp007-cs047-vag-bench-autotuner\/","og_site_name":"Chiptuningmarket","article_modified_time":"2025-02-20T11:16:38+00:00","og_image":[{"width":1339,"height":1337,"url":"https:\/\/chiptuningmarket.com\/wp-content\/uploads\/2023\/02\/MG1CS002-VAG-Bench-Cable.jpg","type":"image\/jpeg"}],"twitter_card":"summary_large_image","twitter_misc":{"Szacowany czas czytania":"1 minuta"},"schema":{"@context":"https:\/\/schema.org","@graph":[{"@type":"WebPage","@id":"https:\/\/chiptuningmarket.com\/pl\/shop\/akcesoria-chiptuning-pl\/autotuner-akcesoria-chiptuning-pl\/przewody-autotuner-akcesoria-chiptuning-pl\/mg1cs002-cp007-cs047-vag-bench-autotuner\/","url":"https:\/\/chiptuningmarket.com\/pl\/shop\/akcesoria-chiptuning-pl\/autotuner-akcesoria-chiptuning-pl\/przewody-autotuner-akcesoria-chiptuning-pl\/mg1cs002-cp007-cs047-vag-bench-autotuner\/","name":"Przew\u00f3d Autotuner MG1CS002 \/ CP007 \/ CS047 VAG Bench - Chiptuningmarket","isPartOf":{"@id":"https:\/\/chiptuningmarket.com\/ru\/#website"},"primaryImageOfPage":{"@id":"https:\/\/chiptuningmarket.com\/pl\/shop\/akcesoria-chiptuning-pl\/autotuner-akcesoria-chiptuning-pl\/przewody-autotuner-akcesoria-chiptuning-pl\/mg1cs002-cp007-cs047-vag-bench-autotuner\/#primaryimage"},"image":{"@id":"https:\/\/chiptuningmarket.com\/pl\/shop\/akcesoria-chiptuning-pl\/autotuner-akcesoria-chiptuning-pl\/przewody-autotuner-akcesoria-chiptuning-pl\/mg1cs002-cp007-cs047-vag-bench-autotuner\/#primaryimage"},"thumbnailUrl":"https:\/\/chiptuningmarket.com\/wp-content\/uploads\/2023\/02\/MG1CS002-VAG-Bench-Cable.jpg","datePublished":"2023-02-23T11:13:36+00:00","dateModified":"2025-02-20T11:16:38+00:00","description":"MG1CS002 \/ CP007 \/ CS047 VAG Bench przew\u00f3d Autotuner do stosowania z programatorem AT. S\u0142u\u017cy do \u0142atwego \u0142\u0105czenia si\u0119 z ECU bez ryzyka wyginania pin\u00f3w, a tak\u017ce oszcz\u0119dza sporo czasu.","breadcrumb":{"@id":"https:\/\/chiptuningmarket.com\/pl\/shop\/akcesoria-chiptuning-pl\/autotuner-akcesoria-chiptuning-pl\/przewody-autotuner-akcesoria-chiptuning-pl\/mg1cs002-cp007-cs047-vag-bench-autotuner\/#breadcrumb"},"inLanguage":"pl-PL","potentialAction":[{"@type":"ReadAction","target":["https:\/\/chiptuningmarket.com\/pl\/shop\/akcesoria-chiptuning-pl\/autotuner-akcesoria-chiptuning-pl\/przewody-autotuner-akcesoria-chiptuning-pl\/mg1cs002-cp007-cs047-vag-bench-autotuner\/"]}]},{"@type":"ImageObject","inLanguage":"pl-PL","@id":"https:\/\/chiptuningmarket.com\/pl\/shop\/akcesoria-chiptuning-pl\/autotuner-akcesoria-chiptuning-pl\/przewody-autotuner-akcesoria-chiptuning-pl\/mg1cs002-cp007-cs047-vag-bench-autotuner\/#primaryimage","url":"https:\/\/chiptuningmarket.com\/wp-content\/uploads\/2023\/02\/MG1CS002-VAG-Bench-Cable.jpg","contentUrl":"https:\/\/chiptuningmarket.com\/wp-content\/uploads\/2023\/02\/MG1CS002-VAG-Bench-Cable.jpg","width":1339,"height":1337,"caption":"Przew\u00f3d Autotuner MG1CS002 \/ CP007 \/ CS047 VAG Bench"},{"@type":"BreadcrumbList","@id":"https:\/\/chiptuningmarket.com\/pl\/shop\/akcesoria-chiptuning-pl\/autotuner-akcesoria-chiptuning-pl\/przewody-autotuner-akcesoria-chiptuning-pl\/mg1cs002-cp007-cs047-vag-bench-autotuner\/#breadcrumb","itemListElement":[{"@type":"ListItem","position":1,"name":"Home","item":"https:\/\/chiptuningmarket.com\/pl\/"},{"@type":"ListItem","position":2,"name":"Sklep","item":"https:\/\/chiptuningmarket.com\/pl\/shop\/"},{"@type":"ListItem","position":3,"name":"Przew\u00f3d Autotuner MG1CS002 \/ CP007 \/ CS047 VAG Bench"}]},{"@type":"WebSite","@id":"https:\/\/chiptuningmarket.com\/ru\/#website","url":"https:\/\/chiptuningmarket.com\/ru\/","name":"Chiptuningmarket","description":"Biggest chiptuning shop in Europe","publisher":{"@id":"https:\/\/chiptuningmarket.com\/ru\/#organization"},"alternateName":"Worldwide ecu tools supplier","potentialAction":[{"@type":"SearchAction","target":{"@type":"EntryPoint","urlTemplate":"https:\/\/chiptuningmarket.com\/ru\/?s={search_term_string}"},"query-input":{"@type":"PropertyValueSpecification","valueRequired":true,"valueName":"search_term_string"}}],"inLanguage":"pl-PL"},{"@type":"Organization","@id":"https:\/\/chiptuningmarket.com\/ru\/#organization","name":"Chiptuningmarket","alternateName":"Chiptuning tools supplier","url":"https:\/\/chiptuningmarket.com\/ru\/","logo":{"@type":"ImageObject","inLanguage":"pl-PL","@id":"https:\/\/chiptuningmarket.com\/ru\/#\/schema\/logo\/image\/","url":"https:\/\/chiptuningmarket.com\/wp-content\/uploads\/2023\/05\/logo-ChipTuningMarket-social.png","contentUrl":"https:\/\/chiptuningmarket.com\/wp-content\/uploads\/2023\/05\/logo-ChipTuningMarket-social.png","width":512,"height":512,"caption":"Chiptuningmarket"},"image":{"@id":"https:\/\/chiptuningmarket.com\/ru\/#\/schema\/logo\/image\/"}}]}},"_links":{"self":[{"href":"https:\/\/chiptuningmarket.com\/pl\/wp-json\/wp\/v2\/product\/24527","targetHints":{"allow":["GET"]}}],"collection":[{"href":"https:\/\/chiptuningmarket.com\/pl\/wp-json\/wp\/v2\/product"}],"about":[{"href":"https:\/\/chiptuningmarket.com\/pl\/wp-json\/wp\/v2\/types\/product"}],"wp:featuredmedia":[{"embeddable":true,"href":"https:\/\/chiptuningmarket.com\/pl\/wp-json\/wp\/v2\/media\/24525"}],"wp:attachment":[{"href":"https:\/\/chiptuningmarket.com\/pl\/wp-json\/wp\/v2\/media?parent=24527"}],"wp:term":[{"taxonomy":"product_brand","embeddable":true,"href":"https:\/\/chiptuningmarket.com\/pl\/wp-json\/wp\/v2\/product_brand?post=24527"},{"taxonomy":"product_cat","embeddable":true,"href":"https:\/\/chiptuningmarket.com\/pl\/wp-json\/wp\/v2\/product_cat?post=24527"},{"taxonomy":"product_tag","embeddable":true,"href":"https:\/\/chiptuningmarket.com\/pl\/wp-json\/wp\/v2\/product_tag?post=24527"}],"curies":[{"name":"wp","href":"https:\/\/api.w.org\/{rel}","templated":true}]}}