{"id":25587,"date":"2023-08-08T11:33:38","date_gmt":"2023-08-08T11:33:38","guid":{"rendered":"https:\/\/chiptuningmarket.com\/?post_type=product&#038;p=25587"},"modified":"2025-02-21T13:55:11","modified_gmt":"2025-02-21T12:55:11","slug":"przewod-uniwersalny-adapter-bench-flex-mcm2-1-ecu-flx2-64","status":"publish","type":"product","link":"https:\/\/chiptuningmarket.com\/pl\/shop\/akcesoria-chiptuning-pl\/magicmotorsport-flex-pl\/przewody-bench-pl\/przewod-uniwersalny-adapter-bench-flex-mcm2-1-ecu-flx2-64\/","title":{"rendered":"Przew\u00f3d uniwersalny adapter Bench Flex MCM2.1 ECU FLX2.64"},"content":{"rendered":"<p>Przew\u00f3d FLX2.64 umo\u017cliwia po\u0142\u0105czenie programatora Flex z pojazdami wyposa\u017conymi w ECU MCM2.x. Po\u0142\u0105czenie jest nawi\u0105zywane za po\u015brednictwem port\u00f3w FlexBox A i B.<\/p>\n<p>Kompatybilno\u015b\u0107 ECU: MCM2 MCM2.1<\/p>\n<p>Kompatybilne pojazdy: Autobusy i ci\u0119\u017car\u00f3wki Mercedes<\/p>\n<p>G\u0142\u00f3wne cechy:<\/p>\n<ul>\n<li>po\u0142\u0105czenie bench<\/li>\n<li>bezpieczne po\u0142\u0105czenie z urz\u0105dzeniem<\/li>\n<li>minimalne ryzyko b\u0142\u0119du<\/li>\n<\/ul>\n","protected":false},"excerpt":{"rendered":"<p>Przew\u00f3d FLX2.64 umo\u017cliwia po\u0142\u0105czenie programatora Flex z pojazdami wyposa\u017conymi w ECU MCM2.x.<\/p>\n<p>G\u0142\u00f3wne cechy:<\/p>\n<ul>\n<li>po\u0142\u0105czenie bench<\/li>\n<li>bezpieczne po\u0142\u0105czenie z urz\u0105dzeniem<\/li>\n<li>minimalne ryzyko b\u0142\u0119du<\/li>\n<\/ul>\n","protected":false},"featured_media":25597,"template":"","meta":{"_monsterinsights_skip_tracking":false,"_monsterinsights_sitenote_active":false,"_monsterinsights_sitenote_note":"","_monsterinsights_sitenote_category":0},"product_brand":[],"product_cat":[5060,5129,5132],"product_tag":[4367,4127,1535,6651,6860,6861],"class_list":{"0":"post-25587","1":"product","2":"type-product","3":"status-publish","4":"has-post-thumbnail","6":"product_cat-akcesoria-chiptuning-pl","7":"product_cat-magicmotorsport-flex-pl","8":"product_cat-przewody-bench-pl","9":"product_tag-bench","10":"product_tag-ecu","11":"product_tag-flex-pl","12":"product_tag-flx2-64","13":"product_tag-mcm2-1","14":"product_tag-mcm2-x","16":"first","17":"instock","18":"taxable","19":"shipping-taxable","20":"purchasable","21":"product-type-simple"},"yoast_head":"<!-- This site is optimized with the Yoast SEO plugin v25.2 - https:\/\/yoast.com\/wordpress\/plugins\/seo\/ -->\n<title>Przew\u00f3d uniwersalny adapter Bench Flex MCM2.1 ECU FLX2.64 - Chiptuningmarket<\/title>\n<meta name=\"description\" content=\"Przew\u00f3d uniwersalny adapter Bench Flex MCM2.1 ECU FLX2.64 - umo\u017cliwia po\u0142\u0105czenie programatora Flex z pojazdami wyposa\u017conymi w ECU MCM2.x\" \/>\n<meta name=\"robots\" content=\"index, follow, max-snippet:-1, max-image-preview:large, max-video-preview:-1\" \/>\n<link rel=\"canonical\" href=\"https:\/\/chiptuningmarket.com\/pl\/shop\/akcesoria-chiptuning-pl\/magicmotorsport-flex-pl\/przewody-bench-pl\/przewod-uniwersalny-adapter-bench-flex-mcm2-1-ecu-flx2-64\/\" \/>\n<meta property=\"og:locale\" content=\"pl_PL\" \/>\n<meta property=\"og:type\" content=\"article\" \/>\n<meta property=\"og:title\" content=\"Przew\u00f3d uniwersalny adapter Bench Flex MCM2.1 ECU FLX2.64 - Chiptuningmarket\" \/>\n<meta property=\"og:description\" content=\"Przew\u00f3d uniwersalny adapter Bench Flex MCM2.1 ECU FLX2.64 - umo\u017cliwia po\u0142\u0105czenie programatora Flex z pojazdami wyposa\u017conymi w ECU MCM2.x\" \/>\n<meta property=\"og:url\" content=\"https:\/\/chiptuningmarket.com\/pl\/shop\/akcesoria-chiptuning-pl\/magicmotorsport-flex-pl\/przewody-bench-pl\/przewod-uniwersalny-adapter-bench-flex-mcm2-1-ecu-flx2-64\/\" \/>\n<meta property=\"og:site_name\" content=\"Chiptuningmarket\" \/>\n<meta property=\"article:modified_time\" content=\"2025-02-21T12:55:11+00:00\" \/>\n<meta property=\"og:image\" content=\"https:\/\/chiptuningmarket.com\/wp-content\/uploads\/2023\/08\/mcm2.1-ecu-cable-connection-flex-.jpg\" \/>\n\t<meta property=\"og:image:width\" content=\"1000\" \/>\n\t<meta property=\"og:image:height\" content=\"1000\" \/>\n\t<meta property=\"og:image:type\" content=\"image\/jpeg\" \/>\n<meta name=\"twitter:card\" content=\"summary_large_image\" \/>\n<meta name=\"twitter:label1\" content=\"Szacowany czas czytania\" \/>\n\t<meta name=\"twitter:data1\" content=\"1 minuta\" \/>\n<script type=\"application\/ld+json\" class=\"yoast-schema-graph\">{\"@context\":\"https:\/\/schema.org\",\"@graph\":[{\"@type\":\"WebPage\",\"@id\":\"https:\/\/chiptuningmarket.com\/pl\/shop\/akcesoria-chiptuning-pl\/magicmotorsport-flex-pl\/przewody-bench-pl\/przewod-uniwersalny-adapter-bench-flex-mcm2-1-ecu-flx2-64\/\",\"url\":\"https:\/\/chiptuningmarket.com\/pl\/shop\/akcesoria-chiptuning-pl\/magicmotorsport-flex-pl\/przewody-bench-pl\/przewod-uniwersalny-adapter-bench-flex-mcm2-1-ecu-flx2-64\/\",\"name\":\"Przew\u00f3d uniwersalny adapter Bench Flex MCM2.1 ECU FLX2.64 - Chiptuningmarket\",\"isPartOf\":{\"@id\":\"https:\/\/chiptuningmarket.com\/pl\/#website\"},\"primaryImageOfPage\":{\"@id\":\"https:\/\/chiptuningmarket.com\/pl\/shop\/akcesoria-chiptuning-pl\/magicmotorsport-flex-pl\/przewody-bench-pl\/przewod-uniwersalny-adapter-bench-flex-mcm2-1-ecu-flx2-64\/#primaryimage\"},\"image\":{\"@id\":\"https:\/\/chiptuningmarket.com\/pl\/shop\/akcesoria-chiptuning-pl\/magicmotorsport-flex-pl\/przewody-bench-pl\/przewod-uniwersalny-adapter-bench-flex-mcm2-1-ecu-flx2-64\/#primaryimage\"},\"thumbnailUrl\":\"https:\/\/chiptuningmarket.com\/wp-content\/uploads\/2023\/08\/mcm2.1-ecu-cable-connection-flex-.jpg\",\"datePublished\":\"2023-08-08T11:33:38+00:00\",\"dateModified\":\"2025-02-21T12:55:11+00:00\",\"description\":\"Przew\u00f3d uniwersalny adapter Bench Flex MCM2.1 ECU FLX2.64 - umo\u017cliwia po\u0142\u0105czenie programatora Flex z pojazdami wyposa\u017conymi w ECU MCM2.x\",\"breadcrumb\":{\"@id\":\"https:\/\/chiptuningmarket.com\/pl\/shop\/akcesoria-chiptuning-pl\/magicmotorsport-flex-pl\/przewody-bench-pl\/przewod-uniwersalny-adapter-bench-flex-mcm2-1-ecu-flx2-64\/#breadcrumb\"},\"inLanguage\":\"pl-PL\",\"potentialAction\":[{\"@type\":\"ReadAction\",\"target\":[\"https:\/\/chiptuningmarket.com\/pl\/shop\/akcesoria-chiptuning-pl\/magicmotorsport-flex-pl\/przewody-bench-pl\/przewod-uniwersalny-adapter-bench-flex-mcm2-1-ecu-flx2-64\/\"]}]},{\"@type\":\"ImageObject\",\"inLanguage\":\"pl-PL\",\"@id\":\"https:\/\/chiptuningmarket.com\/pl\/shop\/akcesoria-chiptuning-pl\/magicmotorsport-flex-pl\/przewody-bench-pl\/przewod-uniwersalny-adapter-bench-flex-mcm2-1-ecu-flx2-64\/#primaryimage\",\"url\":\"https:\/\/chiptuningmarket.com\/wp-content\/uploads\/2023\/08\/mcm2.1-ecu-cable-connection-flex-.jpg\",\"contentUrl\":\"https:\/\/chiptuningmarket.com\/wp-content\/uploads\/2023\/08\/mcm2.1-ecu-cable-connection-flex-.jpg\",\"width\":1000,\"height\":1000,\"caption\":\"Przew\u00f3d uniwersalny adapter Bench Flex MCM2.1 ECU FLX2.64\"},{\"@type\":\"BreadcrumbList\",\"@id\":\"https:\/\/chiptuningmarket.com\/pl\/shop\/akcesoria-chiptuning-pl\/magicmotorsport-flex-pl\/przewody-bench-pl\/przewod-uniwersalny-adapter-bench-flex-mcm2-1-ecu-flx2-64\/#breadcrumb\",\"itemListElement\":[{\"@type\":\"ListItem\",\"position\":1,\"name\":\"Home\",\"item\":\"https:\/\/chiptuningmarket.com\/pl\/\"},{\"@type\":\"ListItem\",\"position\":2,\"name\":\"Sklep\",\"item\":\"https:\/\/chiptuningmarket.com\/pl\/shop\/\"},{\"@type\":\"ListItem\",\"position\":3,\"name\":\"Przew\u00f3d uniwersalny adapter Bench Flex MCM2.1 ECU FLX2.64\"}]},{\"@type\":\"WebSite\",\"@id\":\"https:\/\/chiptuningmarket.com\/pl\/#website\",\"url\":\"https:\/\/chiptuningmarket.com\/pl\/\",\"name\":\"Chiptuningmarket\",\"description\":\"Biggest chiptuning shop in Europe\",\"publisher\":{\"@id\":\"https:\/\/chiptuningmarket.com\/pl\/#organization\"},\"alternateName\":\"Worldwide ecu tools supplier\",\"potentialAction\":[{\"@type\":\"SearchAction\",\"target\":{\"@type\":\"EntryPoint\",\"urlTemplate\":\"https:\/\/chiptuningmarket.com\/pl\/?s={search_term_string}\"},\"query-input\":{\"@type\":\"PropertyValueSpecification\",\"valueRequired\":true,\"valueName\":\"search_term_string\"}}],\"inLanguage\":\"pl-PL\"},{\"@type\":\"Organization\",\"@id\":\"https:\/\/chiptuningmarket.com\/pl\/#organization\",\"name\":\"Chiptuningmarket\",\"alternateName\":\"Chiptuning tools supplier\",\"url\":\"https:\/\/chiptuningmarket.com\/pl\/\",\"logo\":{\"@type\":\"ImageObject\",\"inLanguage\":\"pl-PL\",\"@id\":\"https:\/\/chiptuningmarket.com\/pl\/#\/schema\/logo\/image\/\",\"url\":\"https:\/\/chiptuningmarket.com\/wp-content\/uploads\/2023\/05\/logo-ChipTuningMarket-social.png\",\"contentUrl\":\"https:\/\/chiptuningmarket.com\/wp-content\/uploads\/2023\/05\/logo-ChipTuningMarket-social.png\",\"width\":512,\"height\":512,\"caption\":\"Chiptuningmarket\"},\"image\":{\"@id\":\"https:\/\/chiptuningmarket.com\/pl\/#\/schema\/logo\/image\/\"}}]}<\/script>\n<!-- \/ Yoast SEO plugin. -->","yoast_head_json":{"title":"Przew\u00f3d uniwersalny adapter Bench Flex MCM2.1 ECU FLX2.64 - Chiptuningmarket","description":"Przew\u00f3d uniwersalny adapter Bench Flex MCM2.1 ECU FLX2.64 - umo\u017cliwia po\u0142\u0105czenie programatora Flex z pojazdami wyposa\u017conymi w ECU MCM2.x","robots":{"index":"index","follow":"follow","max-snippet":"max-snippet:-1","max-image-preview":"max-image-preview:large","max-video-preview":"max-video-preview:-1"},"canonical":"https:\/\/chiptuningmarket.com\/pl\/shop\/akcesoria-chiptuning-pl\/magicmotorsport-flex-pl\/przewody-bench-pl\/przewod-uniwersalny-adapter-bench-flex-mcm2-1-ecu-flx2-64\/","og_locale":"pl_PL","og_type":"article","og_title":"Przew\u00f3d uniwersalny adapter Bench Flex MCM2.1 ECU FLX2.64 - Chiptuningmarket","og_description":"Przew\u00f3d uniwersalny adapter Bench Flex MCM2.1 ECU FLX2.64 - umo\u017cliwia po\u0142\u0105czenie programatora Flex z pojazdami wyposa\u017conymi w ECU MCM2.x","og_url":"https:\/\/chiptuningmarket.com\/pl\/shop\/akcesoria-chiptuning-pl\/magicmotorsport-flex-pl\/przewody-bench-pl\/przewod-uniwersalny-adapter-bench-flex-mcm2-1-ecu-flx2-64\/","og_site_name":"Chiptuningmarket","article_modified_time":"2025-02-21T12:55:11+00:00","og_image":[{"width":1000,"height":1000,"url":"https:\/\/chiptuningmarket.com\/wp-content\/uploads\/2023\/08\/mcm2.1-ecu-cable-connection-flex-.jpg","type":"image\/jpeg"}],"twitter_card":"summary_large_image","twitter_misc":{"Szacowany czas czytania":"1 minuta"},"schema":{"@context":"https:\/\/schema.org","@graph":[{"@type":"WebPage","@id":"https:\/\/chiptuningmarket.com\/pl\/shop\/akcesoria-chiptuning-pl\/magicmotorsport-flex-pl\/przewody-bench-pl\/przewod-uniwersalny-adapter-bench-flex-mcm2-1-ecu-flx2-64\/","url":"https:\/\/chiptuningmarket.com\/pl\/shop\/akcesoria-chiptuning-pl\/magicmotorsport-flex-pl\/przewody-bench-pl\/przewod-uniwersalny-adapter-bench-flex-mcm2-1-ecu-flx2-64\/","name":"Przew\u00f3d uniwersalny adapter Bench Flex MCM2.1 ECU FLX2.64 - Chiptuningmarket","isPartOf":{"@id":"https:\/\/chiptuningmarket.com\/pl\/#website"},"primaryImageOfPage":{"@id":"https:\/\/chiptuningmarket.com\/pl\/shop\/akcesoria-chiptuning-pl\/magicmotorsport-flex-pl\/przewody-bench-pl\/przewod-uniwersalny-adapter-bench-flex-mcm2-1-ecu-flx2-64\/#primaryimage"},"image":{"@id":"https:\/\/chiptuningmarket.com\/pl\/shop\/akcesoria-chiptuning-pl\/magicmotorsport-flex-pl\/przewody-bench-pl\/przewod-uniwersalny-adapter-bench-flex-mcm2-1-ecu-flx2-64\/#primaryimage"},"thumbnailUrl":"https:\/\/chiptuningmarket.com\/wp-content\/uploads\/2023\/08\/mcm2.1-ecu-cable-connection-flex-.jpg","datePublished":"2023-08-08T11:33:38+00:00","dateModified":"2025-02-21T12:55:11+00:00","description":"Przew\u00f3d uniwersalny adapter Bench Flex MCM2.1 ECU FLX2.64 - umo\u017cliwia po\u0142\u0105czenie programatora Flex z pojazdami wyposa\u017conymi w ECU MCM2.x","breadcrumb":{"@id":"https:\/\/chiptuningmarket.com\/pl\/shop\/akcesoria-chiptuning-pl\/magicmotorsport-flex-pl\/przewody-bench-pl\/przewod-uniwersalny-adapter-bench-flex-mcm2-1-ecu-flx2-64\/#breadcrumb"},"inLanguage":"pl-PL","potentialAction":[{"@type":"ReadAction","target":["https:\/\/chiptuningmarket.com\/pl\/shop\/akcesoria-chiptuning-pl\/magicmotorsport-flex-pl\/przewody-bench-pl\/przewod-uniwersalny-adapter-bench-flex-mcm2-1-ecu-flx2-64\/"]}]},{"@type":"ImageObject","inLanguage":"pl-PL","@id":"https:\/\/chiptuningmarket.com\/pl\/shop\/akcesoria-chiptuning-pl\/magicmotorsport-flex-pl\/przewody-bench-pl\/przewod-uniwersalny-adapter-bench-flex-mcm2-1-ecu-flx2-64\/#primaryimage","url":"https:\/\/chiptuningmarket.com\/wp-content\/uploads\/2023\/08\/mcm2.1-ecu-cable-connection-flex-.jpg","contentUrl":"https:\/\/chiptuningmarket.com\/wp-content\/uploads\/2023\/08\/mcm2.1-ecu-cable-connection-flex-.jpg","width":1000,"height":1000,"caption":"Przew\u00f3d uniwersalny adapter Bench Flex MCM2.1 ECU FLX2.64"},{"@type":"BreadcrumbList","@id":"https:\/\/chiptuningmarket.com\/pl\/shop\/akcesoria-chiptuning-pl\/magicmotorsport-flex-pl\/przewody-bench-pl\/przewod-uniwersalny-adapter-bench-flex-mcm2-1-ecu-flx2-64\/#breadcrumb","itemListElement":[{"@type":"ListItem","position":1,"name":"Home","item":"https:\/\/chiptuningmarket.com\/pl\/"},{"@type":"ListItem","position":2,"name":"Sklep","item":"https:\/\/chiptuningmarket.com\/pl\/shop\/"},{"@type":"ListItem","position":3,"name":"Przew\u00f3d uniwersalny adapter Bench Flex MCM2.1 ECU FLX2.64"}]},{"@type":"WebSite","@id":"https:\/\/chiptuningmarket.com\/pl\/#website","url":"https:\/\/chiptuningmarket.com\/pl\/","name":"Chiptuningmarket","description":"Biggest chiptuning shop in Europe","publisher":{"@id":"https:\/\/chiptuningmarket.com\/pl\/#organization"},"alternateName":"Worldwide ecu tools supplier","potentialAction":[{"@type":"SearchAction","target":{"@type":"EntryPoint","urlTemplate":"https:\/\/chiptuningmarket.com\/pl\/?s={search_term_string}"},"query-input":{"@type":"PropertyValueSpecification","valueRequired":true,"valueName":"search_term_string"}}],"inLanguage":"pl-PL"},{"@type":"Organization","@id":"https:\/\/chiptuningmarket.com\/pl\/#organization","name":"Chiptuningmarket","alternateName":"Chiptuning tools supplier","url":"https:\/\/chiptuningmarket.com\/pl\/","logo":{"@type":"ImageObject","inLanguage":"pl-PL","@id":"https:\/\/chiptuningmarket.com\/pl\/#\/schema\/logo\/image\/","url":"https:\/\/chiptuningmarket.com\/wp-content\/uploads\/2023\/05\/logo-ChipTuningMarket-social.png","contentUrl":"https:\/\/chiptuningmarket.com\/wp-content\/uploads\/2023\/05\/logo-ChipTuningMarket-social.png","width":512,"height":512,"caption":"Chiptuningmarket"},"image":{"@id":"https:\/\/chiptuningmarket.com\/pl\/#\/schema\/logo\/image\/"}}]}},"_links":{"self":[{"href":"https:\/\/chiptuningmarket.com\/pl\/wp-json\/wp\/v2\/product\/25587","targetHints":{"allow":["GET"]}}],"collection":[{"href":"https:\/\/chiptuningmarket.com\/pl\/wp-json\/wp\/v2\/product"}],"about":[{"href":"https:\/\/chiptuningmarket.com\/pl\/wp-json\/wp\/v2\/types\/product"}],"wp:featuredmedia":[{"embeddable":true,"href":"https:\/\/chiptuningmarket.com\/pl\/wp-json\/wp\/v2\/media\/25597"}],"wp:attachment":[{"href":"https:\/\/chiptuningmarket.com\/pl\/wp-json\/wp\/v2\/media?parent=25587"}],"wp:term":[{"taxonomy":"product_brand","embeddable":true,"href":"https:\/\/chiptuningmarket.com\/pl\/wp-json\/wp\/v2\/product_brand?post=25587"},{"taxonomy":"product_cat","embeddable":true,"href":"https:\/\/chiptuningmarket.com\/pl\/wp-json\/wp\/v2\/product_cat?post=25587"},{"taxonomy":"product_tag","embeddable":true,"href":"https:\/\/chiptuningmarket.com\/pl\/wp-json\/wp\/v2\/product_tag?post=25587"}],"curies":[{"name":"wp","href":"https:\/\/api.w.org\/{rel}","templated":true}]}}