{"id":26240,"date":"2023-11-22T15:52:18","date_gmt":"2023-11-22T14:52:18","guid":{"rendered":"https:\/\/chiptuningmarket.com\/?post_type=product&#038;p=26240"},"modified":"2025-02-21T12:21:12","modified_gmt":"2025-02-21T11:21:12","slug":"przewod-adapter-bench-flex-edc17c69-flx2-51","status":"publish","type":"product","link":"https:\/\/chiptuningmarket.com\/pl\/shop\/akcesoria-chiptuning-pl\/magicmotorsport-flex-pl\/przewody-bench-pl\/przewod-adapter-bench-flex-edc17c69-flx2-51\/","title":{"rendered":"Przew\u00f3d adapter Bench FLEX EDC17C69 FLX2.51"},"content":{"rendered":"<h3 style=\"text-align: center\">Przew\u00f3d adapter Bench FLEX EDC17C69 FLX2.51<\/h3>\n<p>Przew\u00f3d po\u0142\u0105czeniowy FLX2.51 umo\u017cliwia pod\u0142\u0105czenie Flexa do jednostki steruj\u0105cej silnika EDC17C69. Parowanie odbywa si\u0119 za po\u015brednictwem modu\u0142u Flexbox.<\/p>\n<p><strong>Kompatybilno\u015b\u0107 ECU:<\/strong><br \/>\n\u25cf Marka i model EDC17C69<br \/>\n<strong>:<\/strong><br \/>\n\u25cf Iveco<\/p>\n<p><a href=\"https:\/\/chiptuningmarket.com\/wp-content\/uploads\/2023\/11\/FLX251-ecu-connection-cable-EDC17C69-2_1-300x300.jpg\"><img decoding=\"async\" class=\"alignnone size-medium wp-image-26241\" src=\"https:\/\/chiptuningmarket.com\/wp-content\/uploads\/2023\/11\/FLX251-ecu-connection-cable-EDC17C69-2_1-300x300.jpg\" alt=\"\" width=\"300\" height=\"300\" srcset=\"https:\/\/chiptuningmarket.com\/wp-content\/uploads\/2023\/11\/FLX251-ecu-connection-cable-EDC17C69-2_1-300x300.jpg 300w, https:\/\/chiptuningmarket.com\/wp-content\/uploads\/2023\/11\/FLX251-ecu-connection-cable-EDC17C69-2_1-150x150.jpg 150w, https:\/\/chiptuningmarket.com\/wp-content\/uploads\/2023\/11\/FLX251-ecu-connection-cable-EDC17C69-2_1-100x100.jpg 100w, https:\/\/chiptuningmarket.com\/wp-content\/uploads\/2023\/11\/FLX251-ecu-connection-cable-EDC17C69-2_1.jpg 600w\" sizes=\"(max-width: 300px) 100vw, 300px\" \/><\/a><\/p>\n","protected":false},"excerpt":{"rendered":"<div class=\"page-title-wrapper product\">\n<h4 class=\"page-title\" style=\"text-align: left\">Przew\u00f3d adapter Bench FLEX EDC17C69 FLX2.51<\/h4>\n<\/div>\n<div class=\"product attribute overview\">\n<div class=\"value\">\n<p><strong>G\u0142\u00f3wne cechy:<\/strong><br \/>\n&#8211; Tryb \u0142awkowy<br \/>\n&#8211; wi\u0119ksza pr\u0119dko\u015b\u0107 komunikacji<br \/>\n&#8211; bezpieczne po\u0142\u0105czenie<br \/>\n&#8211; minimalne ryzyko b\u0142\u0119du<\/p>\n<\/div>\n<\/div>\n","protected":false},"featured_media":24259,"template":"","meta":{"_monsterinsights_skip_tracking":false,"_monsterinsights_sitenote_active":false,"_monsterinsights_sitenote_note":"","_monsterinsights_sitenote_category":0},"product_brand":[],"product_cat":[5060,5129,5132],"product_tag":[4127,6609,6851],"class_list":{"0":"post-26240","1":"product","2":"type-product","3":"status-publish","4":"has-post-thumbnail","6":"product_cat-akcesoria-chiptuning-pl","7":"product_cat-magicmotorsport-flex-pl","8":"product_cat-przewody-bench-pl","9":"product_tag-ecu","10":"product_tag-flex-edc17c69","11":"product_tag-flx2-51-pl","13":"first","14":"instock","15":"taxable","16":"shipping-taxable","17":"purchasable","18":"product-type-simple"},"yoast_head":"<!-- This site is optimized with the Yoast SEO plugin v25.2 - https:\/\/yoast.com\/wordpress\/plugins\/seo\/ -->\n<title>Przew\u00f3d adapter Bench FLEX EDC17C69 FLX2.51 - Chiptuningmarket<\/title>\n<meta name=\"description\" content=\"Przew\u00f3d adapter Bench FLEX EDC17C69 FLX2.51 - FLEX przew\u00f3d Bench EDC17C69 FLX2.51 umo\u017cliwia pod\u0142\u0105czenie Flexa do jednostki steruj\u0105cej silnika EDC17C69\" \/>\n<meta name=\"robots\" content=\"index, follow, max-snippet:-1, max-image-preview:large, max-video-preview:-1\" \/>\n<link rel=\"canonical\" href=\"https:\/\/chiptuningmarket.com\/pl\/shop\/akcesoria-chiptuning-pl\/magicmotorsport-flex-pl\/przewody-bench-pl\/przewod-adapter-bench-flex-edc17c69-flx2-51\/\" \/>\n<meta property=\"og:locale\" content=\"pl_PL\" \/>\n<meta property=\"og:type\" content=\"article\" \/>\n<meta property=\"og:title\" content=\"Przew\u00f3d adapter Bench FLEX EDC17C69 FLX2.51 - Chiptuningmarket\" \/>\n<meta property=\"og:description\" content=\"Przew\u00f3d adapter Bench FLEX EDC17C69 FLX2.51 - FLEX przew\u00f3d Bench EDC17C69 FLX2.51 umo\u017cliwia pod\u0142\u0105czenie Flexa do jednostki steruj\u0105cej silnika EDC17C69\" \/>\n<meta property=\"og:url\" content=\"https:\/\/chiptuningmarket.com\/pl\/shop\/akcesoria-chiptuning-pl\/magicmotorsport-flex-pl\/przewody-bench-pl\/przewod-adapter-bench-flex-edc17c69-flx2-51\/\" \/>\n<meta property=\"og:site_name\" content=\"Chiptuningmarket\" \/>\n<meta property=\"article:modified_time\" content=\"2025-02-21T11:21:12+00:00\" \/>\n<meta property=\"og:image\" content=\"https:\/\/chiptuningmarket.com\/wp-content\/uploads\/2023\/01\/FLX251-ecu-connection-cable-EDC17C69-1_1.webp\" \/>\n\t<meta property=\"og:image:width\" content=\"560\" \/>\n\t<meta property=\"og:image:height\" content=\"560\" \/>\n\t<meta property=\"og:image:type\" content=\"image\/webp\" \/>\n<meta name=\"twitter:card\" content=\"summary_large_image\" \/>\n<meta name=\"twitter:label1\" content=\"Szacowany czas czytania\" \/>\n\t<meta name=\"twitter:data1\" content=\"1 minuta\" \/>\n<script type=\"application\/ld+json\" class=\"yoast-schema-graph\">{\"@context\":\"https:\/\/schema.org\",\"@graph\":[{\"@type\":\"WebPage\",\"@id\":\"https:\/\/chiptuningmarket.com\/pl\/shop\/akcesoria-chiptuning-pl\/magicmotorsport-flex-pl\/przewody-bench-pl\/przewod-adapter-bench-flex-edc17c69-flx2-51\/\",\"url\":\"https:\/\/chiptuningmarket.com\/pl\/shop\/akcesoria-chiptuning-pl\/magicmotorsport-flex-pl\/przewody-bench-pl\/przewod-adapter-bench-flex-edc17c69-flx2-51\/\",\"name\":\"Przew\u00f3d adapter Bench FLEX EDC17C69 FLX2.51 - Chiptuningmarket\",\"isPartOf\":{\"@id\":\"https:\/\/chiptuningmarket.com\/pl\/#website\"},\"primaryImageOfPage\":{\"@id\":\"https:\/\/chiptuningmarket.com\/pl\/shop\/akcesoria-chiptuning-pl\/magicmotorsport-flex-pl\/przewody-bench-pl\/przewod-adapter-bench-flex-edc17c69-flx2-51\/#primaryimage\"},\"image\":{\"@id\":\"https:\/\/chiptuningmarket.com\/pl\/shop\/akcesoria-chiptuning-pl\/magicmotorsport-flex-pl\/przewody-bench-pl\/przewod-adapter-bench-flex-edc17c69-flx2-51\/#primaryimage\"},\"thumbnailUrl\":\"https:\/\/chiptuningmarket.com\/wp-content\/uploads\/2023\/01\/FLX251-ecu-connection-cable-EDC17C69-1_1.webp\",\"datePublished\":\"2023-11-22T14:52:18+00:00\",\"dateModified\":\"2025-02-21T11:21:12+00:00\",\"description\":\"Przew\u00f3d adapter Bench FLEX EDC17C69 FLX2.51 - FLEX przew\u00f3d Bench EDC17C69 FLX2.51 umo\u017cliwia pod\u0142\u0105czenie Flexa do jednostki steruj\u0105cej silnika EDC17C69\",\"breadcrumb\":{\"@id\":\"https:\/\/chiptuningmarket.com\/pl\/shop\/akcesoria-chiptuning-pl\/magicmotorsport-flex-pl\/przewody-bench-pl\/przewod-adapter-bench-flex-edc17c69-flx2-51\/#breadcrumb\"},\"inLanguage\":\"pl-PL\",\"potentialAction\":[{\"@type\":\"ReadAction\",\"target\":[\"https:\/\/chiptuningmarket.com\/pl\/shop\/akcesoria-chiptuning-pl\/magicmotorsport-flex-pl\/przewody-bench-pl\/przewod-adapter-bench-flex-edc17c69-flx2-51\/\"]}]},{\"@type\":\"ImageObject\",\"inLanguage\":\"pl-PL\",\"@id\":\"https:\/\/chiptuningmarket.com\/pl\/shop\/akcesoria-chiptuning-pl\/magicmotorsport-flex-pl\/przewody-bench-pl\/przewod-adapter-bench-flex-edc17c69-flx2-51\/#primaryimage\",\"url\":\"https:\/\/chiptuningmarket.com\/wp-content\/uploads\/2023\/01\/FLX251-ecu-connection-cable-EDC17C69-1_1.webp\",\"contentUrl\":\"https:\/\/chiptuningmarket.com\/wp-content\/uploads\/2023\/01\/FLX251-ecu-connection-cable-EDC17C69-1_1.webp\",\"width\":560,\"height\":560,\"caption\":\"Przew\u00f3d adapter Bench FLEX EDC17C69 FLX2.51\"},{\"@type\":\"BreadcrumbList\",\"@id\":\"https:\/\/chiptuningmarket.com\/pl\/shop\/akcesoria-chiptuning-pl\/magicmotorsport-flex-pl\/przewody-bench-pl\/przewod-adapter-bench-flex-edc17c69-flx2-51\/#breadcrumb\",\"itemListElement\":[{\"@type\":\"ListItem\",\"position\":1,\"name\":\"Home\",\"item\":\"https:\/\/chiptuningmarket.com\/pl\/\"},{\"@type\":\"ListItem\",\"position\":2,\"name\":\"Sklep\",\"item\":\"https:\/\/chiptuningmarket.com\/pl\/shop\/\"},{\"@type\":\"ListItem\",\"position\":3,\"name\":\"Przew\u00f3d adapter Bench FLEX EDC17C69 FLX2.51\"}]},{\"@type\":\"WebSite\",\"@id\":\"https:\/\/chiptuningmarket.com\/pl\/#website\",\"url\":\"https:\/\/chiptuningmarket.com\/pl\/\",\"name\":\"Chiptuningmarket\",\"description\":\"Biggest chiptuning shop in Europe\",\"publisher\":{\"@id\":\"https:\/\/chiptuningmarket.com\/pl\/#organization\"},\"alternateName\":\"Worldwide ecu tools supplier\",\"potentialAction\":[{\"@type\":\"SearchAction\",\"target\":{\"@type\":\"EntryPoint\",\"urlTemplate\":\"https:\/\/chiptuningmarket.com\/pl\/?s={search_term_string}\"},\"query-input\":{\"@type\":\"PropertyValueSpecification\",\"valueRequired\":true,\"valueName\":\"search_term_string\"}}],\"inLanguage\":\"pl-PL\"},{\"@type\":\"Organization\",\"@id\":\"https:\/\/chiptuningmarket.com\/pl\/#organization\",\"name\":\"Chiptuningmarket\",\"alternateName\":\"Chiptuning tools supplier\",\"url\":\"https:\/\/chiptuningmarket.com\/pl\/\",\"logo\":{\"@type\":\"ImageObject\",\"inLanguage\":\"pl-PL\",\"@id\":\"https:\/\/chiptuningmarket.com\/pl\/#\/schema\/logo\/image\/\",\"url\":\"https:\/\/chiptuningmarket.com\/wp-content\/uploads\/2023\/05\/logo-ChipTuningMarket-social.png\",\"contentUrl\":\"https:\/\/chiptuningmarket.com\/wp-content\/uploads\/2023\/05\/logo-ChipTuningMarket-social.png\",\"width\":512,\"height\":512,\"caption\":\"Chiptuningmarket\"},\"image\":{\"@id\":\"https:\/\/chiptuningmarket.com\/pl\/#\/schema\/logo\/image\/\"}}]}<\/script>\n<!-- \/ Yoast SEO plugin. -->","yoast_head_json":{"title":"Przew\u00f3d adapter Bench FLEX EDC17C69 FLX2.51 - Chiptuningmarket","description":"Przew\u00f3d adapter Bench FLEX EDC17C69 FLX2.51 - FLEX przew\u00f3d Bench EDC17C69 FLX2.51 umo\u017cliwia pod\u0142\u0105czenie Flexa do jednostki steruj\u0105cej silnika EDC17C69","robots":{"index":"index","follow":"follow","max-snippet":"max-snippet:-1","max-image-preview":"max-image-preview:large","max-video-preview":"max-video-preview:-1"},"canonical":"https:\/\/chiptuningmarket.com\/pl\/shop\/akcesoria-chiptuning-pl\/magicmotorsport-flex-pl\/przewody-bench-pl\/przewod-adapter-bench-flex-edc17c69-flx2-51\/","og_locale":"pl_PL","og_type":"article","og_title":"Przew\u00f3d adapter Bench FLEX EDC17C69 FLX2.51 - Chiptuningmarket","og_description":"Przew\u00f3d adapter Bench FLEX EDC17C69 FLX2.51 - FLEX przew\u00f3d Bench EDC17C69 FLX2.51 umo\u017cliwia pod\u0142\u0105czenie Flexa do jednostki steruj\u0105cej silnika EDC17C69","og_url":"https:\/\/chiptuningmarket.com\/pl\/shop\/akcesoria-chiptuning-pl\/magicmotorsport-flex-pl\/przewody-bench-pl\/przewod-adapter-bench-flex-edc17c69-flx2-51\/","og_site_name":"Chiptuningmarket","article_modified_time":"2025-02-21T11:21:12+00:00","og_image":[{"width":560,"height":560,"url":"https:\/\/chiptuningmarket.com\/wp-content\/uploads\/2023\/01\/FLX251-ecu-connection-cable-EDC17C69-1_1.webp","type":"image\/webp"}],"twitter_card":"summary_large_image","twitter_misc":{"Szacowany czas czytania":"1 minuta"},"schema":{"@context":"https:\/\/schema.org","@graph":[{"@type":"WebPage","@id":"https:\/\/chiptuningmarket.com\/pl\/shop\/akcesoria-chiptuning-pl\/magicmotorsport-flex-pl\/przewody-bench-pl\/przewod-adapter-bench-flex-edc17c69-flx2-51\/","url":"https:\/\/chiptuningmarket.com\/pl\/shop\/akcesoria-chiptuning-pl\/magicmotorsport-flex-pl\/przewody-bench-pl\/przewod-adapter-bench-flex-edc17c69-flx2-51\/","name":"Przew\u00f3d adapter Bench FLEX EDC17C69 FLX2.51 - Chiptuningmarket","isPartOf":{"@id":"https:\/\/chiptuningmarket.com\/pl\/#website"},"primaryImageOfPage":{"@id":"https:\/\/chiptuningmarket.com\/pl\/shop\/akcesoria-chiptuning-pl\/magicmotorsport-flex-pl\/przewody-bench-pl\/przewod-adapter-bench-flex-edc17c69-flx2-51\/#primaryimage"},"image":{"@id":"https:\/\/chiptuningmarket.com\/pl\/shop\/akcesoria-chiptuning-pl\/magicmotorsport-flex-pl\/przewody-bench-pl\/przewod-adapter-bench-flex-edc17c69-flx2-51\/#primaryimage"},"thumbnailUrl":"https:\/\/chiptuningmarket.com\/wp-content\/uploads\/2023\/01\/FLX251-ecu-connection-cable-EDC17C69-1_1.webp","datePublished":"2023-11-22T14:52:18+00:00","dateModified":"2025-02-21T11:21:12+00:00","description":"Przew\u00f3d adapter Bench FLEX EDC17C69 FLX2.51 - FLEX przew\u00f3d Bench EDC17C69 FLX2.51 umo\u017cliwia pod\u0142\u0105czenie Flexa do jednostki steruj\u0105cej silnika EDC17C69","breadcrumb":{"@id":"https:\/\/chiptuningmarket.com\/pl\/shop\/akcesoria-chiptuning-pl\/magicmotorsport-flex-pl\/przewody-bench-pl\/przewod-adapter-bench-flex-edc17c69-flx2-51\/#breadcrumb"},"inLanguage":"pl-PL","potentialAction":[{"@type":"ReadAction","target":["https:\/\/chiptuningmarket.com\/pl\/shop\/akcesoria-chiptuning-pl\/magicmotorsport-flex-pl\/przewody-bench-pl\/przewod-adapter-bench-flex-edc17c69-flx2-51\/"]}]},{"@type":"ImageObject","inLanguage":"pl-PL","@id":"https:\/\/chiptuningmarket.com\/pl\/shop\/akcesoria-chiptuning-pl\/magicmotorsport-flex-pl\/przewody-bench-pl\/przewod-adapter-bench-flex-edc17c69-flx2-51\/#primaryimage","url":"https:\/\/chiptuningmarket.com\/wp-content\/uploads\/2023\/01\/FLX251-ecu-connection-cable-EDC17C69-1_1.webp","contentUrl":"https:\/\/chiptuningmarket.com\/wp-content\/uploads\/2023\/01\/FLX251-ecu-connection-cable-EDC17C69-1_1.webp","width":560,"height":560,"caption":"Przew\u00f3d adapter Bench FLEX EDC17C69 FLX2.51"},{"@type":"BreadcrumbList","@id":"https:\/\/chiptuningmarket.com\/pl\/shop\/akcesoria-chiptuning-pl\/magicmotorsport-flex-pl\/przewody-bench-pl\/przewod-adapter-bench-flex-edc17c69-flx2-51\/#breadcrumb","itemListElement":[{"@type":"ListItem","position":1,"name":"Home","item":"https:\/\/chiptuningmarket.com\/pl\/"},{"@type":"ListItem","position":2,"name":"Sklep","item":"https:\/\/chiptuningmarket.com\/pl\/shop\/"},{"@type":"ListItem","position":3,"name":"Przew\u00f3d adapter Bench FLEX EDC17C69 FLX2.51"}]},{"@type":"WebSite","@id":"https:\/\/chiptuningmarket.com\/pl\/#website","url":"https:\/\/chiptuningmarket.com\/pl\/","name":"Chiptuningmarket","description":"Biggest chiptuning shop in Europe","publisher":{"@id":"https:\/\/chiptuningmarket.com\/pl\/#organization"},"alternateName":"Worldwide ecu tools supplier","potentialAction":[{"@type":"SearchAction","target":{"@type":"EntryPoint","urlTemplate":"https:\/\/chiptuningmarket.com\/pl\/?s={search_term_string}"},"query-input":{"@type":"PropertyValueSpecification","valueRequired":true,"valueName":"search_term_string"}}],"inLanguage":"pl-PL"},{"@type":"Organization","@id":"https:\/\/chiptuningmarket.com\/pl\/#organization","name":"Chiptuningmarket","alternateName":"Chiptuning tools supplier","url":"https:\/\/chiptuningmarket.com\/pl\/","logo":{"@type":"ImageObject","inLanguage":"pl-PL","@id":"https:\/\/chiptuningmarket.com\/pl\/#\/schema\/logo\/image\/","url":"https:\/\/chiptuningmarket.com\/wp-content\/uploads\/2023\/05\/logo-ChipTuningMarket-social.png","contentUrl":"https:\/\/chiptuningmarket.com\/wp-content\/uploads\/2023\/05\/logo-ChipTuningMarket-social.png","width":512,"height":512,"caption":"Chiptuningmarket"},"image":{"@id":"https:\/\/chiptuningmarket.com\/pl\/#\/schema\/logo\/image\/"}}]}},"_links":{"self":[{"href":"https:\/\/chiptuningmarket.com\/pl\/wp-json\/wp\/v2\/product\/26240","targetHints":{"allow":["GET"]}}],"collection":[{"href":"https:\/\/chiptuningmarket.com\/pl\/wp-json\/wp\/v2\/product"}],"about":[{"href":"https:\/\/chiptuningmarket.com\/pl\/wp-json\/wp\/v2\/types\/product"}],"wp:featuredmedia":[{"embeddable":true,"href":"https:\/\/chiptuningmarket.com\/pl\/wp-json\/wp\/v2\/media\/24259"}],"wp:attachment":[{"href":"https:\/\/chiptuningmarket.com\/pl\/wp-json\/wp\/v2\/media?parent=26240"}],"wp:term":[{"taxonomy":"product_brand","embeddable":true,"href":"https:\/\/chiptuningmarket.com\/pl\/wp-json\/wp\/v2\/product_brand?post=26240"},{"taxonomy":"product_cat","embeddable":true,"href":"https:\/\/chiptuningmarket.com\/pl\/wp-json\/wp\/v2\/product_cat?post=26240"},{"taxonomy":"product_tag","embeddable":true,"href":"https:\/\/chiptuningmarket.com\/pl\/wp-json\/wp\/v2\/product_tag?post=26240"}],"curies":[{"name":"wp","href":"https:\/\/api.w.org\/{rel}","templated":true}]}}