{"id":26347,"date":"2023-11-23T12:58:16","date_gmt":"2023-11-23T11:58:16","guid":{"rendered":"https:\/\/chiptuningmarket.com\/?post_type=product&#038;p=26347"},"modified":"2025-02-20T11:20:55","modified_gmt":"2025-02-20T10:20:55","slug":"flk06-kit-vag-flexbox-port-f-cables-tcu","status":"publish","type":"product","link":"https:\/\/chiptuningmarket.com\/pl\/shop\/akcesoria-chiptuning-pl\/magicmotorsport-flex-pl\/przewody-bench-pl\/flk06-kit-vag-flexbox-port-f-cables-tcu\/","title":{"rendered":"Zestaw przewod\u00f3w TCU VAG FLEXBox port F DSG\u00a0\/\u00a0DL FLK06"},"content":{"rendered":"<p style=\"text-align: center\"><strong>Zestaw przewod\u00f3w TCU VAG FLEXBox port F DSG\u00a0\/\u00a0DL FLK06<\/strong><\/p>\n<p style=\"text-align: center\">Zestaw 4 przewod\u00f3w do odczytu TCU pod\u0142\u0105czanych do portu F w FLEXBox do skrzy\u0144 VAG: DQ200 &#8211; DQ250 &#8211; DL500 &#8211; DL501.<\/p>\n<p><a href=\"https:\/\/chiptuningmarket.com\/wp-content\/uploads\/2023\/11\/FLK06-P_19.jpg\"><img decoding=\"async\" class=\"aligncenter wp-image-26342 size-full\" src=\"https:\/\/chiptuningmarket.com\/wp-content\/uploads\/2023\/11\/FLK06-P_19.jpg\" alt=\"\" width=\"600\" height=\"600\" srcset=\"https:\/\/chiptuningmarket.com\/wp-content\/uploads\/2023\/11\/FLK06-P_19.jpg 600w, https:\/\/chiptuningmarket.com\/wp-content\/uploads\/2023\/11\/FLK06-P_19-300x300.jpg 300w, https:\/\/chiptuningmarket.com\/wp-content\/uploads\/2023\/11\/FLK06-P_19-150x150.jpg 150w, https:\/\/chiptuningmarket.com\/wp-content\/uploads\/2023\/11\/FLK06-P_19-100x100.jpg 100w\" sizes=\"(max-width: 600px) 100vw, 600px\" \/><\/a><\/p>\n<p style=\"text-align: center\">Zestaw FLK06 zawiera:\u00a0 <a href=\"https:\/\/ms-group.pl\/product\/flx2-24-connection-cable-flexbox-port-f-to-dq200\/\"><strong>FLX2.24<\/strong>,<\/a>\u00a0<a href=\"https:\/\/ms-group.pl\/product\/flx2-25-connection-cable-flexbox-port-f-to-dq250\/\"><strong>FLX<\/strong><strong>2.<\/strong><strong>25<\/strong>,<\/a><a href=\"https:\/\/ms-group.pl\/product\/flx2-27-connection-cable-flexbox-port-f-to-dl501\/\">\u00a0<strong>FLX2.27<\/strong><\/a>&amp;\u00a0<a href=\"https:\/\/ms-group.pl\/product\/flx2-28-connection-cable-flexbox-port-f-to-dq500\/\"><strong>FLX2.28<\/strong><\/a><\/p>\n<p><a href=\"https:\/\/chiptuningmarket.com\/wp-content\/uploads\/2023\/11\/flk06tcu-1024x259-1.jpg\"><img decoding=\"async\" class=\"aligncenter wp-image-26345 size-full\" src=\"https:\/\/chiptuningmarket.com\/wp-content\/uploads\/2023\/11\/flk06tcu-1024x259-1.jpg\" alt=\"\" width=\"1024\" height=\"259\" srcset=\"https:\/\/chiptuningmarket.com\/wp-content\/uploads\/2023\/11\/flk06tcu-1024x259-1.jpg 1024w, https:\/\/chiptuningmarket.com\/wp-content\/uploads\/2023\/11\/flk06tcu-1024x259-1-300x76.jpg 300w, https:\/\/chiptuningmarket.com\/wp-content\/uploads\/2023\/11\/flk06tcu-1024x259-1-768x194.jpg 768w, https:\/\/chiptuningmarket.com\/wp-content\/uploads\/2023\/11\/flk06tcu-1024x259-1-600x152.jpg 600w\" sizes=\"(max-width: 1024px) 100vw, 1024px\" \/><\/a><\/p>\n","protected":false},"excerpt":{"rendered":"<p id=\"tw-target-text\" class=\"tw-data-text tw-text-large tw-ta\" dir=\"ltr\" data-placeholder=\"T\u0142umaczenie\"><span class=\"Y2IQFc\" lang=\"pl\">Celem zestawu kabli FLK06 Kit VAG FLEXBox port F dla DQ200 &#8211; DQ250 &#8211; DL500 &#8211; DL501 jest uzyskanie: <\/span><\/p>\n<ul>\n<li class=\"tw-data-text tw-text-large tw-ta\" data-placeholder=\"T\u0142umaczenie\"><span class=\"Y2IQFc\" lang=\"pl\">Bezpiecznego po\u0142\u0105czenia<\/span><\/li>\n<li class=\"tw-data-text tw-text-large tw-ta\" data-placeholder=\"T\u0142umaczenie\">Szybsza pr\u0119dko\u015b\u0107 komunikacji mi\u0119dzy ECU i FLEX<\/li>\n<li class=\"tw-data-text tw-text-large tw-ta\" data-placeholder=\"T\u0142umaczenie\">Szybsze po\u0142\u0105czenie mi\u0119dzy ECU a FlexBox<\/li>\n<li class=\"tw-data-text tw-text-large tw-ta\" data-placeholder=\"T\u0142umaczenie\">Minimalne ryzyko b\u0142\u0119du podczas po\u0142\u0105czenia<\/li>\n<\/ul>\n","protected":false},"featured_media":26342,"template":"","meta":{"_monsterinsights_skip_tracking":false,"_monsterinsights_sitenote_active":false,"_monsterinsights_sitenote_note":"","_monsterinsights_sitenote_category":0},"product_brand":[],"product_cat":[5060,5129,5132],"product_tag":[1535,4430],"class_list":{"0":"post-26347","1":"product","2":"type-product","3":"status-publish","4":"has-post-thumbnail","6":"product_cat-akcesoria-chiptuning-pl","7":"product_cat-magicmotorsport-flex-pl","8":"product_cat-przewody-bench-pl","9":"product_tag-flex-pl","10":"product_tag-flexbox-pl","12":"first","13":"outofstock","14":"sale","15":"taxable","16":"shipping-taxable","17":"purchasable","18":"product-type-simple"},"yoast_head":"<!-- This site is optimized with the Yoast SEO plugin v25.2 - https:\/\/yoast.com\/wordpress\/plugins\/seo\/ -->\n<title>Zestaw przewod\u00f3w TCU VAG FLEXBox port F DSG\u00a0\/\u00a0DL FLK06 - Chiptuningmarket<\/title>\n<meta name=\"description\" content=\"Zestaw przewod\u00f3w TCU VAG FLEXBox port F DSG\u00a0\/\u00a0DL FLK06 - Zestaw 4 przewod\u00f3w do odczytu TCU pod\u0142\u0105czanych do portu F w FLEXBox do skrzy\u0144 VAG\" \/>\n<meta name=\"robots\" content=\"index, follow, max-snippet:-1, max-image-preview:large, max-video-preview:-1\" \/>\n<link rel=\"canonical\" href=\"https:\/\/chiptuningmarket.com\/pl\/shop\/akcesoria-chiptuning-pl\/magicmotorsport-flex-pl\/przewody-bench-pl\/flk06-kit-vag-flexbox-port-f-cables-tcu\/\" \/>\n<meta property=\"og:locale\" content=\"pl_PL\" \/>\n<meta property=\"og:type\" content=\"article\" \/>\n<meta property=\"og:title\" content=\"Zestaw przewod\u00f3w TCU VAG FLEXBox port F DSG\u00a0\/\u00a0DL FLK06 - Chiptuningmarket\" \/>\n<meta property=\"og:description\" content=\"Zestaw przewod\u00f3w TCU VAG FLEXBox port F DSG\u00a0\/\u00a0DL FLK06 - Zestaw 4 przewod\u00f3w do odczytu TCU pod\u0142\u0105czanych do portu F w FLEXBox do skrzy\u0144 VAG\" \/>\n<meta property=\"og:url\" content=\"https:\/\/chiptuningmarket.com\/pl\/shop\/akcesoria-chiptuning-pl\/magicmotorsport-flex-pl\/przewody-bench-pl\/flk06-kit-vag-flexbox-port-f-cables-tcu\/\" \/>\n<meta property=\"og:site_name\" content=\"Chiptuningmarket\" \/>\n<meta property=\"article:modified_time\" content=\"2025-02-20T10:20:55+00:00\" \/>\n<meta property=\"og:image\" content=\"https:\/\/chiptuningmarket.com\/wp-content\/uploads\/2023\/11\/FLK06-P_19.jpg\" \/>\n\t<meta property=\"og:image:width\" content=\"600\" \/>\n\t<meta property=\"og:image:height\" content=\"600\" \/>\n\t<meta property=\"og:image:type\" content=\"image\/jpeg\" \/>\n<meta name=\"twitter:card\" content=\"summary_large_image\" \/>\n<meta name=\"twitter:label1\" content=\"Szacowany czas czytania\" \/>\n\t<meta name=\"twitter:data1\" content=\"1 minuta\" \/>\n<script type=\"application\/ld+json\" class=\"yoast-schema-graph\">{\"@context\":\"https:\/\/schema.org\",\"@graph\":[{\"@type\":\"WebPage\",\"@id\":\"https:\/\/chiptuningmarket.com\/pl\/shop\/akcesoria-chiptuning-pl\/magicmotorsport-flex-pl\/przewody-bench-pl\/flk06-kit-vag-flexbox-port-f-cables-tcu\/\",\"url\":\"https:\/\/chiptuningmarket.com\/pl\/shop\/akcesoria-chiptuning-pl\/magicmotorsport-flex-pl\/przewody-bench-pl\/flk06-kit-vag-flexbox-port-f-cables-tcu\/\",\"name\":\"Zestaw przewod\u00f3w TCU VAG FLEXBox port F DSG\u00a0\/\u00a0DL FLK06 - Chiptuningmarket\",\"isPartOf\":{\"@id\":\"https:\/\/chiptuningmarket.com\/pl\/#website\"},\"primaryImageOfPage\":{\"@id\":\"https:\/\/chiptuningmarket.com\/pl\/shop\/akcesoria-chiptuning-pl\/magicmotorsport-flex-pl\/przewody-bench-pl\/flk06-kit-vag-flexbox-port-f-cables-tcu\/#primaryimage\"},\"image\":{\"@id\":\"https:\/\/chiptuningmarket.com\/pl\/shop\/akcesoria-chiptuning-pl\/magicmotorsport-flex-pl\/przewody-bench-pl\/flk06-kit-vag-flexbox-port-f-cables-tcu\/#primaryimage\"},\"thumbnailUrl\":\"https:\/\/chiptuningmarket.com\/wp-content\/uploads\/2023\/11\/FLK06-P_19.jpg\",\"datePublished\":\"2023-11-23T11:58:16+00:00\",\"dateModified\":\"2025-02-20T10:20:55+00:00\",\"description\":\"Zestaw przewod\u00f3w TCU VAG FLEXBox port F DSG\u00a0\/\u00a0DL FLK06 - Zestaw 4 przewod\u00f3w do odczytu TCU pod\u0142\u0105czanych do portu F w FLEXBox do skrzy\u0144 VAG\",\"breadcrumb\":{\"@id\":\"https:\/\/chiptuningmarket.com\/pl\/shop\/akcesoria-chiptuning-pl\/magicmotorsport-flex-pl\/przewody-bench-pl\/flk06-kit-vag-flexbox-port-f-cables-tcu\/#breadcrumb\"},\"inLanguage\":\"pl-PL\",\"potentialAction\":[{\"@type\":\"ReadAction\",\"target\":[\"https:\/\/chiptuningmarket.com\/pl\/shop\/akcesoria-chiptuning-pl\/magicmotorsport-flex-pl\/przewody-bench-pl\/flk06-kit-vag-flexbox-port-f-cables-tcu\/\"]}]},{\"@type\":\"ImageObject\",\"inLanguage\":\"pl-PL\",\"@id\":\"https:\/\/chiptuningmarket.com\/pl\/shop\/akcesoria-chiptuning-pl\/magicmotorsport-flex-pl\/przewody-bench-pl\/flk06-kit-vag-flexbox-port-f-cables-tcu\/#primaryimage\",\"url\":\"https:\/\/chiptuningmarket.com\/wp-content\/uploads\/2023\/11\/FLK06-P_19.jpg\",\"contentUrl\":\"https:\/\/chiptuningmarket.com\/wp-content\/uploads\/2023\/11\/FLK06-P_19.jpg\",\"width\":600,\"height\":600,\"caption\":\"Zestaw przewod\u00f3w TCU VAG FLEXBox port F DSG\u00a0\/\u00a0DL FLK06\"},{\"@type\":\"BreadcrumbList\",\"@id\":\"https:\/\/chiptuningmarket.com\/pl\/shop\/akcesoria-chiptuning-pl\/magicmotorsport-flex-pl\/przewody-bench-pl\/flk06-kit-vag-flexbox-port-f-cables-tcu\/#breadcrumb\",\"itemListElement\":[{\"@type\":\"ListItem\",\"position\":1,\"name\":\"Home\",\"item\":\"https:\/\/chiptuningmarket.com\/pl\/\"},{\"@type\":\"ListItem\",\"position\":2,\"name\":\"Sklep\",\"item\":\"https:\/\/chiptuningmarket.com\/pl\/shop\/\"},{\"@type\":\"ListItem\",\"position\":3,\"name\":\"Zestaw przewod\u00f3w TCU VAG FLEXBox port F DSG\u00a0\/\u00a0DL FLK06\"}]},{\"@type\":\"WebSite\",\"@id\":\"https:\/\/chiptuningmarket.com\/pl\/#website\",\"url\":\"https:\/\/chiptuningmarket.com\/pl\/\",\"name\":\"Chiptuningmarket\",\"description\":\"Biggest chiptuning shop in Europe\",\"publisher\":{\"@id\":\"https:\/\/chiptuningmarket.com\/pl\/#organization\"},\"alternateName\":\"Worldwide ecu tools supplier\",\"potentialAction\":[{\"@type\":\"SearchAction\",\"target\":{\"@type\":\"EntryPoint\",\"urlTemplate\":\"https:\/\/chiptuningmarket.com\/pl\/?s={search_term_string}\"},\"query-input\":{\"@type\":\"PropertyValueSpecification\",\"valueRequired\":true,\"valueName\":\"search_term_string\"}}],\"inLanguage\":\"pl-PL\"},{\"@type\":\"Organization\",\"@id\":\"https:\/\/chiptuningmarket.com\/pl\/#organization\",\"name\":\"Chiptuningmarket\",\"alternateName\":\"Chiptuning tools supplier\",\"url\":\"https:\/\/chiptuningmarket.com\/pl\/\",\"logo\":{\"@type\":\"ImageObject\",\"inLanguage\":\"pl-PL\",\"@id\":\"https:\/\/chiptuningmarket.com\/pl\/#\/schema\/logo\/image\/\",\"url\":\"https:\/\/chiptuningmarket.com\/wp-content\/uploads\/2023\/05\/logo-ChipTuningMarket-social.png\",\"contentUrl\":\"https:\/\/chiptuningmarket.com\/wp-content\/uploads\/2023\/05\/logo-ChipTuningMarket-social.png\",\"width\":512,\"height\":512,\"caption\":\"Chiptuningmarket\"},\"image\":{\"@id\":\"https:\/\/chiptuningmarket.com\/pl\/#\/schema\/logo\/image\/\"}}]}<\/script>\n<!-- \/ Yoast SEO plugin. -->","yoast_head_json":{"title":"Zestaw przewod\u00f3w TCU VAG FLEXBox port F DSG\u00a0\/\u00a0DL FLK06 - Chiptuningmarket","description":"Zestaw przewod\u00f3w TCU VAG FLEXBox port F DSG\u00a0\/\u00a0DL FLK06 - Zestaw 4 przewod\u00f3w do odczytu TCU pod\u0142\u0105czanych do portu F w FLEXBox do skrzy\u0144 VAG","robots":{"index":"index","follow":"follow","max-snippet":"max-snippet:-1","max-image-preview":"max-image-preview:large","max-video-preview":"max-video-preview:-1"},"canonical":"https:\/\/chiptuningmarket.com\/pl\/shop\/akcesoria-chiptuning-pl\/magicmotorsport-flex-pl\/przewody-bench-pl\/flk06-kit-vag-flexbox-port-f-cables-tcu\/","og_locale":"pl_PL","og_type":"article","og_title":"Zestaw przewod\u00f3w TCU VAG FLEXBox port F DSG\u00a0\/\u00a0DL FLK06 - Chiptuningmarket","og_description":"Zestaw przewod\u00f3w TCU VAG FLEXBox port F DSG\u00a0\/\u00a0DL FLK06 - Zestaw 4 przewod\u00f3w do odczytu TCU pod\u0142\u0105czanych do portu F w FLEXBox do skrzy\u0144 VAG","og_url":"https:\/\/chiptuningmarket.com\/pl\/shop\/akcesoria-chiptuning-pl\/magicmotorsport-flex-pl\/przewody-bench-pl\/flk06-kit-vag-flexbox-port-f-cables-tcu\/","og_site_name":"Chiptuningmarket","article_modified_time":"2025-02-20T10:20:55+00:00","og_image":[{"width":600,"height":600,"url":"https:\/\/chiptuningmarket.com\/wp-content\/uploads\/2023\/11\/FLK06-P_19.jpg","type":"image\/jpeg"}],"twitter_card":"summary_large_image","twitter_misc":{"Szacowany czas czytania":"1 minuta"},"schema":{"@context":"https:\/\/schema.org","@graph":[{"@type":"WebPage","@id":"https:\/\/chiptuningmarket.com\/pl\/shop\/akcesoria-chiptuning-pl\/magicmotorsport-flex-pl\/przewody-bench-pl\/flk06-kit-vag-flexbox-port-f-cables-tcu\/","url":"https:\/\/chiptuningmarket.com\/pl\/shop\/akcesoria-chiptuning-pl\/magicmotorsport-flex-pl\/przewody-bench-pl\/flk06-kit-vag-flexbox-port-f-cables-tcu\/","name":"Zestaw przewod\u00f3w TCU VAG FLEXBox port F DSG\u00a0\/\u00a0DL FLK06 - Chiptuningmarket","isPartOf":{"@id":"https:\/\/chiptuningmarket.com\/pl\/#website"},"primaryImageOfPage":{"@id":"https:\/\/chiptuningmarket.com\/pl\/shop\/akcesoria-chiptuning-pl\/magicmotorsport-flex-pl\/przewody-bench-pl\/flk06-kit-vag-flexbox-port-f-cables-tcu\/#primaryimage"},"image":{"@id":"https:\/\/chiptuningmarket.com\/pl\/shop\/akcesoria-chiptuning-pl\/magicmotorsport-flex-pl\/przewody-bench-pl\/flk06-kit-vag-flexbox-port-f-cables-tcu\/#primaryimage"},"thumbnailUrl":"https:\/\/chiptuningmarket.com\/wp-content\/uploads\/2023\/11\/FLK06-P_19.jpg","datePublished":"2023-11-23T11:58:16+00:00","dateModified":"2025-02-20T10:20:55+00:00","description":"Zestaw przewod\u00f3w TCU VAG FLEXBox port F DSG\u00a0\/\u00a0DL FLK06 - Zestaw 4 przewod\u00f3w do odczytu TCU pod\u0142\u0105czanych do portu F w FLEXBox do skrzy\u0144 VAG","breadcrumb":{"@id":"https:\/\/chiptuningmarket.com\/pl\/shop\/akcesoria-chiptuning-pl\/magicmotorsport-flex-pl\/przewody-bench-pl\/flk06-kit-vag-flexbox-port-f-cables-tcu\/#breadcrumb"},"inLanguage":"pl-PL","potentialAction":[{"@type":"ReadAction","target":["https:\/\/chiptuningmarket.com\/pl\/shop\/akcesoria-chiptuning-pl\/magicmotorsport-flex-pl\/przewody-bench-pl\/flk06-kit-vag-flexbox-port-f-cables-tcu\/"]}]},{"@type":"ImageObject","inLanguage":"pl-PL","@id":"https:\/\/chiptuningmarket.com\/pl\/shop\/akcesoria-chiptuning-pl\/magicmotorsport-flex-pl\/przewody-bench-pl\/flk06-kit-vag-flexbox-port-f-cables-tcu\/#primaryimage","url":"https:\/\/chiptuningmarket.com\/wp-content\/uploads\/2023\/11\/FLK06-P_19.jpg","contentUrl":"https:\/\/chiptuningmarket.com\/wp-content\/uploads\/2023\/11\/FLK06-P_19.jpg","width":600,"height":600,"caption":"Zestaw przewod\u00f3w TCU VAG FLEXBox port F DSG\u00a0\/\u00a0DL FLK06"},{"@type":"BreadcrumbList","@id":"https:\/\/chiptuningmarket.com\/pl\/shop\/akcesoria-chiptuning-pl\/magicmotorsport-flex-pl\/przewody-bench-pl\/flk06-kit-vag-flexbox-port-f-cables-tcu\/#breadcrumb","itemListElement":[{"@type":"ListItem","position":1,"name":"Home","item":"https:\/\/chiptuningmarket.com\/pl\/"},{"@type":"ListItem","position":2,"name":"Sklep","item":"https:\/\/chiptuningmarket.com\/pl\/shop\/"},{"@type":"ListItem","position":3,"name":"Zestaw przewod\u00f3w TCU VAG FLEXBox port F DSG\u00a0\/\u00a0DL FLK06"}]},{"@type":"WebSite","@id":"https:\/\/chiptuningmarket.com\/pl\/#website","url":"https:\/\/chiptuningmarket.com\/pl\/","name":"Chiptuningmarket","description":"Biggest chiptuning shop in Europe","publisher":{"@id":"https:\/\/chiptuningmarket.com\/pl\/#organization"},"alternateName":"Worldwide ecu tools supplier","potentialAction":[{"@type":"SearchAction","target":{"@type":"EntryPoint","urlTemplate":"https:\/\/chiptuningmarket.com\/pl\/?s={search_term_string}"},"query-input":{"@type":"PropertyValueSpecification","valueRequired":true,"valueName":"search_term_string"}}],"inLanguage":"pl-PL"},{"@type":"Organization","@id":"https:\/\/chiptuningmarket.com\/pl\/#organization","name":"Chiptuningmarket","alternateName":"Chiptuning tools supplier","url":"https:\/\/chiptuningmarket.com\/pl\/","logo":{"@type":"ImageObject","inLanguage":"pl-PL","@id":"https:\/\/chiptuningmarket.com\/pl\/#\/schema\/logo\/image\/","url":"https:\/\/chiptuningmarket.com\/wp-content\/uploads\/2023\/05\/logo-ChipTuningMarket-social.png","contentUrl":"https:\/\/chiptuningmarket.com\/wp-content\/uploads\/2023\/05\/logo-ChipTuningMarket-social.png","width":512,"height":512,"caption":"Chiptuningmarket"},"image":{"@id":"https:\/\/chiptuningmarket.com\/pl\/#\/schema\/logo\/image\/"}}]}},"_links":{"self":[{"href":"https:\/\/chiptuningmarket.com\/pl\/wp-json\/wp\/v2\/product\/26347","targetHints":{"allow":["GET"]}}],"collection":[{"href":"https:\/\/chiptuningmarket.com\/pl\/wp-json\/wp\/v2\/product"}],"about":[{"href":"https:\/\/chiptuningmarket.com\/pl\/wp-json\/wp\/v2\/types\/product"}],"wp:featuredmedia":[{"embeddable":true,"href":"https:\/\/chiptuningmarket.com\/pl\/wp-json\/wp\/v2\/media\/26342"}],"wp:attachment":[{"href":"https:\/\/chiptuningmarket.com\/pl\/wp-json\/wp\/v2\/media?parent=26347"}],"wp:term":[{"taxonomy":"product_brand","embeddable":true,"href":"https:\/\/chiptuningmarket.com\/pl\/wp-json\/wp\/v2\/product_brand?post=26347"},{"taxonomy":"product_cat","embeddable":true,"href":"https:\/\/chiptuningmarket.com\/pl\/wp-json\/wp\/v2\/product_cat?post=26347"},{"taxonomy":"product_tag","embeddable":true,"href":"https:\/\/chiptuningmarket.com\/pl\/wp-json\/wp\/v2\/product_tag?post=26347"}],"curies":[{"name":"wp","href":"https:\/\/api.w.org\/{rel}","templated":true}]}}