{"id":26552,"date":"2023-12-08T13:48:10","date_gmt":"2023-12-08T12:48:10","guid":{"rendered":"https:\/\/chiptuningmarket.com\/?post_type=product&#038;p=26552"},"modified":"2025-01-29T08:29:54","modified_gmt":"2025-01-29T07:29:54","slug":"hexprog-ii-chip-tuning-tool-full-set","status":"publish","type":"product","link":"https:\/\/chiptuningmarket.com\/pl\/shop\/programatory-pl\/chiptuning-programatory-2-pl\/hexprog-pl\/hexprog-ii-chip-tuning-tool-full-set\/","title":{"rendered":"Programator HEXPROG II z licencj\u0105 FULL"},"content":{"rendered":"<h3>\u00a0 \u00a0 \u00a0 \u00a0 \u00a0 \u00a0 \u00a0G\u0142\u00f3wne Cechy:<\/h3>\n<ul>\n<li style=\"list-style-type: none\">\n<ul class=\"noFaq\">\n<li><strong>Wersja g\u0142\u00f3wna<\/strong> : W przeciwie\u0144stwie do wersji Slave w innych narz\u0119dziach, u\u017cytkownicy Hexprog II mog\u0105 czyta\u0107\/zapisywa\u0107 pliki bez ogranicze\u0144.<\/li>\n<li>Obs\u0142uguje jedn\u0105 z najwi\u0119kszych list ECU\/TCU w <strong>samochodach, ci\u0119\u017car\u00f3wkach, motocyklach i \u0142odziach<\/strong> w celu klonowania ECU, czy chiptuningu, sprawd\u017a <a href=\"https:\/\/www.microtronik.com\/support\/hexprogeculist\" target=\"_blank\" rel=\"noopener\">list\u0119 Ecu Hexprog II<\/a><\/li>\n<li>Obs\u0142uguje zar\u00f3wno stare, jak i najnowsze ECUs\/TCUs firm Bosch, Continental, Delphi, Marelli, Denso, Temic, TRW i Valeo&#8230; itp.<\/li>\n<li>Odczytuje d\u0142ugi numer ISN BMW z BMW DME i DDE, w tym MD1 i MG1 w serii F\/G.<\/li>\n<li>Obs\u0142uguje us\u0142ugi online, takie jak IMMO OFF, DPF OFF, EGR OFF, AdBlue itp.<\/li>\n<li>Dedykowany zesp\u00f3\u0142 wsparcia z systemem zg\u0142osze\u0144 zapewnia szybkie rozwi\u0105zywanie problem\u00f3w technicznych.<\/li>\n<li>Trzyletnia gwarancja na sprz\u0119t<br \/>\n<h3>Chiptuning \/ klonowanie sterownik\u00f3w na stole<\/h3>\n<p>Hexprog II oferuje mo\u017cliwo\u015b\u0107 odczytu i zapisu P-Flash, D-Flash, zewn\u0119trznej pami\u0119ci Flash i zewn\u0119trznej pami\u0119ci EEPROM. Zawiera automatyczn\u0105 korekt\u0119 sumy kontrolnej, gwarantuj\u0105c dok\u0142adne funkcjonowanie ECU\/TCU po programowaniu.<\/p>\n<p>Dzi\u0119ki Hexprog II masz wiele metod do wykorzystania w ECUs\/TCUs, zapewniaj\u0105c wszechstronno\u015b\u0107 i kompatybilno\u015b\u0107 w swoich operacjach:<\/p>\n<ul class=\"noFaq\">\n<li>Tryb Bench dla wi\u0119kszo\u015bci ECUs\/TCUs.<\/li>\n<li>Tryb bootmode TriCore dla TriCore ECUs.<\/li>\n<li>Tryb\u00a0 BAM dla Freescales\/NXP MPC5xxx ECU.<\/li>\n<li>JTAG dla Renesasa Ecusa.<\/li>\n<li>Nexus dla Freescales\/NXP MPC5xxx.<\/li>\n<li>DAP dla TriCore Ecu.<\/li>\n<li>NBD dla NEC Ecus.<\/li>\n<li>BDM\u00a0 dla MPC5xx Ecus.&#8221;<br \/>\n<a href=\"https:\/\/chiptuningmarket.com\/wp-content\/uploads\/2023\/12\/Hexprog-II-Chip-Tuning-On-Bench_8147-1024x614.webp\"><img decoding=\"async\" class=\"wp-image-26542 size-large aligncenter\" src=\"https:\/\/chiptuningmarket.com\/wp-content\/uploads\/2023\/12\/Hexprog-II-Chip-Tuning-On-Bench_8147-1024x614.webp\" alt=\"\" width=\"1024\" height=\"614\" srcset=\"https:\/\/chiptuningmarket.com\/wp-content\/uploads\/2023\/12\/Hexprog-II-Chip-Tuning-On-Bench_8147-1024x614.webp 1024w, https:\/\/chiptuningmarket.com\/wp-content\/uploads\/2023\/12\/Hexprog-II-Chip-Tuning-On-Bench_8147-300x180.webp 300w, https:\/\/chiptuningmarket.com\/wp-content\/uploads\/2023\/12\/Hexprog-II-Chip-Tuning-On-Bench_8147-768x460.webp 768w, https:\/\/chiptuningmarket.com\/wp-content\/uploads\/2023\/12\/Hexprog-II-Chip-Tuning-On-Bench_8147-600x360.webp 600w, https:\/\/chiptuningmarket.com\/wp-content\/uploads\/2023\/12\/Hexprog-II-Chip-Tuning-On-Bench_8147.webp 1245w\" sizes=\"(max-width: 1024px) 100vw, 1024px\" \/><\/a><\/li>\n<\/ul>\n<h3>Programowanie OBD<\/h3>\n<p>Hexprog II oferuje szerokie wsparcie w zakresie odczytu i zapisu obszar\u00f3w map w r\u00f3\u017cnych pojazdach, obs\u0142uguj\u0105c zar\u00f3wno systemy 12 V, jak i 24 V. Dodatkowo Hexprog II wprowadza wygod\u0119 funkcji <strong>wirtualnego odczytu<\/strong>\u00a0, jeszcze bardziej zwi\u0119kszaj\u0105c jej wszechstronno\u015b\u0107.<\/p>\n<p>Opr\u00f3cz swoich podstawowych mo\u017cliwo\u015bci, Hexprog II zawiera podstawowe funkcje dla ECUs. Funkcje te obejmuj\u0105 mo\u017cliwo\u015b\u0107 zmiany numeru VIN, kodowania operacji tworzenia kopii zapasowych i przywracania, a tak\u017ce odczytywania i kasowania kod\u00f3w usterek. Dzi\u0119ki tym wa\u017cnym funkcjom Hexprog II wyposa\u017ca Ci\u0119 w kompleksowy zestaw narz\u0119dzi do efektywnego zarz\u0105dzania i modyfikowania kluczowych parametr\u00f3w w Ecus\/Tcus.<\/p>\n<p>Szeroka kompatybilno\u015b\u0107 i pot\u0119\u017cna funkcjonalno\u015b\u0107 Hexprog II sprawiaj\u0105, \u017ce jest to cenny nabytek dla profesjonalist\u00f3w z bran\u017cy motoryzacyjnej. Niezale\u017cnie od tego, czy potrzebujesz wykona\u0107 chiptuning, dostosowa\u0107 ustawienia, czy te\u017c naprawi\u0107 sterownik, Hexprog II zapewnia niezb\u0119dne funkcje, dzi\u0119ki kt\u00f3rym z \u0142atwo\u015bci\u0105 osi\u0105gniesz swoje cele.<br \/>\n<a href=\"https:\/\/chiptuningmarket.com\/wp-content\/uploads\/2023\/12\/Hexprog-II-Chip-Tuning-function-by-OBD_8156-1024x614.webp\"><img decoding=\"async\" class=\"wp-image-26539 size-large aligncenter\" src=\"https:\/\/chiptuningmarket.com\/wp-content\/uploads\/2023\/12\/Hexprog-II-Chip-Tuning-function-by-OBD_8156-1024x614.webp\" alt=\"\" width=\"1024\" height=\"614\" srcset=\"https:\/\/chiptuningmarket.com\/wp-content\/uploads\/2023\/12\/Hexprog-II-Chip-Tuning-function-by-OBD_8156-1024x614.webp 1024w, https:\/\/chiptuningmarket.com\/wp-content\/uploads\/2023\/12\/Hexprog-II-Chip-Tuning-function-by-OBD_8156-300x180.webp 300w, https:\/\/chiptuningmarket.com\/wp-content\/uploads\/2023\/12\/Hexprog-II-Chip-Tuning-function-by-OBD_8156-768x460.webp 768w, https:\/\/chiptuningmarket.com\/wp-content\/uploads\/2023\/12\/Hexprog-II-Chip-Tuning-function-by-OBD_8156-600x360.webp 600w, https:\/\/chiptuningmarket.com\/wp-content\/uploads\/2023\/12\/Hexprog-II-Chip-Tuning-function-by-OBD_8156.webp 1245w\" sizes=\"(max-width: 1024px) 100vw, 1024px\" \/><\/a><\/p>\n<section class=\"ShoppingProduct\">\n<div class=\"details\">\n<h3>Odczyt BMW ISN<\/h3>\n<p>Dzi\u0119ki Hexprog II zyskujesz niezwyk\u0142\u0105 mo\u017cliwo\u015b\u0107 odczytania pe\u0142nego, d\u0142ugiego numeru ISN (indywidualnego numeru seryjnego) z dowolnego sterownika BMW. Obejmuje to nawet najnowsze sterowniki Bosch MG1\/MD1 , zapewniaj\u0105cy kompatybilno\u015b\u0107 z szerok\u0105 gam\u0105 pojazd\u00f3w BMW. Szeroki zasi\u0119g Hexprog obejmuje okres od 2005 roku do dnia dzisiejszego i obejmuje modele DME\/DDE.<\/p>\n<p>Wykorzystuj\u0105c zaawansowane funkcje Hexprog, mo\u017cesz bezpiecznie uzyska\u0107 dost\u0119p do potrzebnych informacji ISN i odzyska\u0107 je z r\u00f3\u017cnych BMW Ecus.\u00a0Dzi\u0119ki temu zyskujesz kompleksowy zestaw narz\u0119dzi do diagnostyki, naprawy i konserwacji pojazd\u00f3w BMW, zapewniaj\u0105c optymaln\u0105 wydajno\u015b\u0107 i kompatybilno\u015b\u0107.\u00a0Wsparcie firmy Hexprog w odczytywaniu d\u0142ugich numer\u00f3w ISN z BMW Ecus potwierdza jej pozycj\u0119 jako zaufanego i niezawodnego rozwi\u0105zania zar\u00f3wno dla profesjonalist\u00f3w, jak i entuzjast\u00f3w.<\/p>\n<\/div>\n<\/section>\n<section class=\"ShoppingProduct\">\n<div class=\"details\">\n<h3>W zestawie:<\/h3>\n<ul class=\"noFaq\">\n<li>Jednostka g\u0142\u00f3wna Hexprog II: Pot\u0119\u017cne narz\u0119dzie wyposa\u017cone w jeden z najszybszych mikrokontroler\u00f3w w tym sektorze biznesowym.<\/li>\n<li>W pe\u0142ni dzia\u0142aj\u0105ca licencja na klonowanie\/tuning uk\u0142ad\u00f3w Ecu.<\/li>\n<li>Kabel OBD:\u00a0 w celu odczytu\/zapisu obszaru MAP Ecu.<\/li>\n<li>Wszystkie kable\/adaptery potrzebne do pod\u0142\u0105czenia na stole<\/li>\n<li>Specjalny zasilacz dla Hexprog II 14V-3A.<\/li>\n<\/ul>\n<\/div>\n<\/section>\n<p>&nbsp;<\/li>\n<\/ul>\n<\/li>\n<\/ul>\n","protected":false},"excerpt":{"rendered":"<p>Hexprog II to najnowocze\u015bniejsze narz\u0119dzie do programowania sterownik\u00f3w. Dzi\u0119ki Hexprog II zyskujesz mo\u017cliwo\u015b\u0107 pracy z wieloma ECU\/ TCU po OBD oraz na stole w tym r\u00f3wnie\u017c klonowania.<\/p>\n<p>Pe\u0142ny zestaw zapewnia kompleksow\u0105\u00a0<b>LICENCJ\u0118 G\u0141\u00d3WN\u0104<\/b>\u00a0z pe\u0142nym dost\u0119pem do wszystkich mo\u017cliwo\u015bci Hexprog II, w tym metod OBD, Boot i Bench.<\/p>\n<p><b>To wszechstronne rozwi\u0105zanie obejmuje samochody osobowe, ci\u0119\u017car\u00f3wki, motocykle i \u0142odzie, z mo\u017cliwo\u015bci\u0105 odczytu OBD, Bench, Boot , JTAG i BDM.<\/b><\/p>\n<p>Cena rocznej subskrypcji wynosi 350 USD netto.<\/p>\n","protected":false},"featured_media":26545,"template":"","meta":{"_monsterinsights_skip_tracking":false,"_monsterinsights_sitenote_active":false,"_monsterinsights_sitenote_note":"","_monsterinsights_sitenote_category":0},"product_brand":[],"product_cat":[5072,5064,5203,5215],"product_tag":[4367,4127,4087],"class_list":{"0":"post-26552","1":"product","2":"type-product","3":"status-publish","4":"has-post-thumbnail","6":"product_cat-nowosci-pl","7":"product_cat-programatory-pl","8":"product_cat-chiptuning-programatory-2-pl","9":"product_cat-hexprog-pl","10":"product_tag-bench","11":"product_tag-ecu","12":"product_tag-obd","14":"first","15":"onbackorder","16":"sale","17":"taxable","18":"shipping-taxable","19":"purchasable","20":"product-type-simple"},"yoast_head":"<!-- This site is optimized with the Yoast SEO plugin v25.2 - https:\/\/yoast.com\/wordpress\/plugins\/seo\/ -->\n<title>Programator HEXPROG II z licencj\u0105 FULL - Chiptuningmarket<\/title>\n<meta name=\"description\" content=\"Hexprog II to najnowocze\u015bniejsze narz\u0119dzie do programowania sterownik\u00f3w. Dzi\u0119ki Hexprog II zyskujesz mo\u017cliwo\u015b\u0107 pracy z wieloma ECU\/ TCU po OBD oraz na stole.\" \/>\n<meta name=\"robots\" content=\"index, follow, max-snippet:-1, max-image-preview:large, max-video-preview:-1\" \/>\n<link rel=\"canonical\" href=\"https:\/\/chiptuningmarket.com\/pl\/shop\/programatory-pl\/chiptuning-programatory-2-pl\/hexprog-pl\/hexprog-ii-chip-tuning-tool-full-set\/\" \/>\n<meta property=\"og:locale\" content=\"pl_PL\" \/>\n<meta property=\"og:type\" content=\"article\" \/>\n<meta property=\"og:title\" content=\"Programator HEXPROG II z licencj\u0105 FULL - Chiptuningmarket\" \/>\n<meta property=\"og:description\" content=\"Hexprog II to najnowocze\u015bniejsze narz\u0119dzie do programowania sterownik\u00f3w. Dzi\u0119ki Hexprog II zyskujesz mo\u017cliwo\u015b\u0107 pracy z wieloma ECU\/ TCU po OBD oraz na stole.\" \/>\n<meta property=\"og:url\" content=\"https:\/\/chiptuningmarket.com\/pl\/shop\/programatory-pl\/chiptuning-programatory-2-pl\/hexprog-pl\/hexprog-ii-chip-tuning-tool-full-set\/\" \/>\n<meta property=\"og:site_name\" content=\"Chiptuningmarket\" \/>\n<meta property=\"article:modified_time\" content=\"2025-01-29T07:29:54+00:00\" \/>\n<meta property=\"og:image\" content=\"https:\/\/chiptuningmarket.com\/wp-content\/uploads\/2023\/12\/0000336_hexprog-ii-chip-tuning-tool-full-set.jpeg\" \/>\n\t<meta property=\"og:image:width\" content=\"800\" \/>\n\t<meta property=\"og:image:height\" content=\"680\" \/>\n\t<meta property=\"og:image:type\" content=\"image\/jpeg\" \/>\n<meta name=\"twitter:card\" content=\"summary_large_image\" \/>\n<meta name=\"twitter:label1\" content=\"Szacowany czas czytania\" \/>\n\t<meta name=\"twitter:data1\" content=\"3 minuty\" \/>\n<script type=\"application\/ld+json\" class=\"yoast-schema-graph\">{\"@context\":\"https:\/\/schema.org\",\"@graph\":[{\"@type\":\"WebPage\",\"@id\":\"https:\/\/chiptuningmarket.com\/pl\/shop\/programatory-pl\/chiptuning-programatory-2-pl\/hexprog-pl\/hexprog-ii-chip-tuning-tool-full-set\/\",\"url\":\"https:\/\/chiptuningmarket.com\/pl\/shop\/programatory-pl\/chiptuning-programatory-2-pl\/hexprog-pl\/hexprog-ii-chip-tuning-tool-full-set\/\",\"name\":\"Programator HEXPROG II z licencj\u0105 FULL - Chiptuningmarket\",\"isPartOf\":{\"@id\":\"https:\/\/chiptuningmarket.com\/ru\/#website\"},\"primaryImageOfPage\":{\"@id\":\"https:\/\/chiptuningmarket.com\/pl\/shop\/programatory-pl\/chiptuning-programatory-2-pl\/hexprog-pl\/hexprog-ii-chip-tuning-tool-full-set\/#primaryimage\"},\"image\":{\"@id\":\"https:\/\/chiptuningmarket.com\/pl\/shop\/programatory-pl\/chiptuning-programatory-2-pl\/hexprog-pl\/hexprog-ii-chip-tuning-tool-full-set\/#primaryimage\"},\"thumbnailUrl\":\"https:\/\/chiptuningmarket.com\/wp-content\/uploads\/2023\/12\/0000336_hexprog-ii-chip-tuning-tool-full-set.jpeg\",\"datePublished\":\"2023-12-08T12:48:10+00:00\",\"dateModified\":\"2025-01-29T07:29:54+00:00\",\"description\":\"Hexprog II to najnowocze\u015bniejsze narz\u0119dzie do programowania sterownik\u00f3w. Dzi\u0119ki Hexprog II zyskujesz mo\u017cliwo\u015b\u0107 pracy z wieloma ECU\/ TCU po OBD oraz na stole.\",\"breadcrumb\":{\"@id\":\"https:\/\/chiptuningmarket.com\/pl\/shop\/programatory-pl\/chiptuning-programatory-2-pl\/hexprog-pl\/hexprog-ii-chip-tuning-tool-full-set\/#breadcrumb\"},\"inLanguage\":\"pl-PL\",\"potentialAction\":[{\"@type\":\"ReadAction\",\"target\":[\"https:\/\/chiptuningmarket.com\/pl\/shop\/programatory-pl\/chiptuning-programatory-2-pl\/hexprog-pl\/hexprog-ii-chip-tuning-tool-full-set\/\"]}]},{\"@type\":\"ImageObject\",\"inLanguage\":\"pl-PL\",\"@id\":\"https:\/\/chiptuningmarket.com\/pl\/shop\/programatory-pl\/chiptuning-programatory-2-pl\/hexprog-pl\/hexprog-ii-chip-tuning-tool-full-set\/#primaryimage\",\"url\":\"https:\/\/chiptuningmarket.com\/wp-content\/uploads\/2023\/12\/0000336_hexprog-ii-chip-tuning-tool-full-set.jpeg\",\"contentUrl\":\"https:\/\/chiptuningmarket.com\/wp-content\/uploads\/2023\/12\/0000336_hexprog-ii-chip-tuning-tool-full-set.jpeg\",\"width\":800,\"height\":680},{\"@type\":\"BreadcrumbList\",\"@id\":\"https:\/\/chiptuningmarket.com\/pl\/shop\/programatory-pl\/chiptuning-programatory-2-pl\/hexprog-pl\/hexprog-ii-chip-tuning-tool-full-set\/#breadcrumb\",\"itemListElement\":[{\"@type\":\"ListItem\",\"position\":1,\"name\":\"Home\",\"item\":\"https:\/\/chiptuningmarket.com\/pl\/\"},{\"@type\":\"ListItem\",\"position\":2,\"name\":\"Sklep\",\"item\":\"https:\/\/chiptuningmarket.com\/pl\/shop\/\"},{\"@type\":\"ListItem\",\"position\":3,\"name\":\"Programator HEXPROG II z licencj\u0105 FULL\"}]},{\"@type\":\"WebSite\",\"@id\":\"https:\/\/chiptuningmarket.com\/ru\/#website\",\"url\":\"https:\/\/chiptuningmarket.com\/ru\/\",\"name\":\"Chiptuningmarket\",\"description\":\"Biggest chiptuning shop in Europe\",\"publisher\":{\"@id\":\"https:\/\/chiptuningmarket.com\/ru\/#organization\"},\"alternateName\":\"Worldwide ecu tools supplier\",\"potentialAction\":[{\"@type\":\"SearchAction\",\"target\":{\"@type\":\"EntryPoint\",\"urlTemplate\":\"https:\/\/chiptuningmarket.com\/ru\/?s={search_term_string}\"},\"query-input\":{\"@type\":\"PropertyValueSpecification\",\"valueRequired\":true,\"valueName\":\"search_term_string\"}}],\"inLanguage\":\"pl-PL\"},{\"@type\":\"Organization\",\"@id\":\"https:\/\/chiptuningmarket.com\/ru\/#organization\",\"name\":\"Chiptuningmarket\",\"alternateName\":\"Chiptuning tools supplier\",\"url\":\"https:\/\/chiptuningmarket.com\/ru\/\",\"logo\":{\"@type\":\"ImageObject\",\"inLanguage\":\"pl-PL\",\"@id\":\"https:\/\/chiptuningmarket.com\/ru\/#\/schema\/logo\/image\/\",\"url\":\"https:\/\/chiptuningmarket.com\/wp-content\/uploads\/2023\/05\/logo-ChipTuningMarket-social.png\",\"contentUrl\":\"https:\/\/chiptuningmarket.com\/wp-content\/uploads\/2023\/05\/logo-ChipTuningMarket-social.png\",\"width\":512,\"height\":512,\"caption\":\"Chiptuningmarket\"},\"image\":{\"@id\":\"https:\/\/chiptuningmarket.com\/ru\/#\/schema\/logo\/image\/\"}}]}<\/script>\n<!-- \/ Yoast SEO plugin. -->","yoast_head_json":{"title":"Programator HEXPROG II z licencj\u0105 FULL - Chiptuningmarket","description":"Hexprog II to najnowocze\u015bniejsze narz\u0119dzie do programowania sterownik\u00f3w. Dzi\u0119ki Hexprog II zyskujesz mo\u017cliwo\u015b\u0107 pracy z wieloma ECU\/ TCU po OBD oraz na stole.","robots":{"index":"index","follow":"follow","max-snippet":"max-snippet:-1","max-image-preview":"max-image-preview:large","max-video-preview":"max-video-preview:-1"},"canonical":"https:\/\/chiptuningmarket.com\/pl\/shop\/programatory-pl\/chiptuning-programatory-2-pl\/hexprog-pl\/hexprog-ii-chip-tuning-tool-full-set\/","og_locale":"pl_PL","og_type":"article","og_title":"Programator HEXPROG II z licencj\u0105 FULL - Chiptuningmarket","og_description":"Hexprog II to najnowocze\u015bniejsze narz\u0119dzie do programowania sterownik\u00f3w. Dzi\u0119ki Hexprog II zyskujesz mo\u017cliwo\u015b\u0107 pracy z wieloma ECU\/ TCU po OBD oraz na stole.","og_url":"https:\/\/chiptuningmarket.com\/pl\/shop\/programatory-pl\/chiptuning-programatory-2-pl\/hexprog-pl\/hexprog-ii-chip-tuning-tool-full-set\/","og_site_name":"Chiptuningmarket","article_modified_time":"2025-01-29T07:29:54+00:00","og_image":[{"width":800,"height":680,"url":"https:\/\/chiptuningmarket.com\/wp-content\/uploads\/2023\/12\/0000336_hexprog-ii-chip-tuning-tool-full-set.jpeg","type":"image\/jpeg"}],"twitter_card":"summary_large_image","twitter_misc":{"Szacowany czas czytania":"3 minuty"},"schema":{"@context":"https:\/\/schema.org","@graph":[{"@type":"WebPage","@id":"https:\/\/chiptuningmarket.com\/pl\/shop\/programatory-pl\/chiptuning-programatory-2-pl\/hexprog-pl\/hexprog-ii-chip-tuning-tool-full-set\/","url":"https:\/\/chiptuningmarket.com\/pl\/shop\/programatory-pl\/chiptuning-programatory-2-pl\/hexprog-pl\/hexprog-ii-chip-tuning-tool-full-set\/","name":"Programator HEXPROG II z licencj\u0105 FULL - Chiptuningmarket","isPartOf":{"@id":"https:\/\/chiptuningmarket.com\/ru\/#website"},"primaryImageOfPage":{"@id":"https:\/\/chiptuningmarket.com\/pl\/shop\/programatory-pl\/chiptuning-programatory-2-pl\/hexprog-pl\/hexprog-ii-chip-tuning-tool-full-set\/#primaryimage"},"image":{"@id":"https:\/\/chiptuningmarket.com\/pl\/shop\/programatory-pl\/chiptuning-programatory-2-pl\/hexprog-pl\/hexprog-ii-chip-tuning-tool-full-set\/#primaryimage"},"thumbnailUrl":"https:\/\/chiptuningmarket.com\/wp-content\/uploads\/2023\/12\/0000336_hexprog-ii-chip-tuning-tool-full-set.jpeg","datePublished":"2023-12-08T12:48:10+00:00","dateModified":"2025-01-29T07:29:54+00:00","description":"Hexprog II to najnowocze\u015bniejsze narz\u0119dzie do programowania sterownik\u00f3w. Dzi\u0119ki Hexprog II zyskujesz mo\u017cliwo\u015b\u0107 pracy z wieloma ECU\/ TCU po OBD oraz na stole.","breadcrumb":{"@id":"https:\/\/chiptuningmarket.com\/pl\/shop\/programatory-pl\/chiptuning-programatory-2-pl\/hexprog-pl\/hexprog-ii-chip-tuning-tool-full-set\/#breadcrumb"},"inLanguage":"pl-PL","potentialAction":[{"@type":"ReadAction","target":["https:\/\/chiptuningmarket.com\/pl\/shop\/programatory-pl\/chiptuning-programatory-2-pl\/hexprog-pl\/hexprog-ii-chip-tuning-tool-full-set\/"]}]},{"@type":"ImageObject","inLanguage":"pl-PL","@id":"https:\/\/chiptuningmarket.com\/pl\/shop\/programatory-pl\/chiptuning-programatory-2-pl\/hexprog-pl\/hexprog-ii-chip-tuning-tool-full-set\/#primaryimage","url":"https:\/\/chiptuningmarket.com\/wp-content\/uploads\/2023\/12\/0000336_hexprog-ii-chip-tuning-tool-full-set.jpeg","contentUrl":"https:\/\/chiptuningmarket.com\/wp-content\/uploads\/2023\/12\/0000336_hexprog-ii-chip-tuning-tool-full-set.jpeg","width":800,"height":680},{"@type":"BreadcrumbList","@id":"https:\/\/chiptuningmarket.com\/pl\/shop\/programatory-pl\/chiptuning-programatory-2-pl\/hexprog-pl\/hexprog-ii-chip-tuning-tool-full-set\/#breadcrumb","itemListElement":[{"@type":"ListItem","position":1,"name":"Home","item":"https:\/\/chiptuningmarket.com\/pl\/"},{"@type":"ListItem","position":2,"name":"Sklep","item":"https:\/\/chiptuningmarket.com\/pl\/shop\/"},{"@type":"ListItem","position":3,"name":"Programator HEXPROG II z licencj\u0105 FULL"}]},{"@type":"WebSite","@id":"https:\/\/chiptuningmarket.com\/ru\/#website","url":"https:\/\/chiptuningmarket.com\/ru\/","name":"Chiptuningmarket","description":"Biggest chiptuning shop in Europe","publisher":{"@id":"https:\/\/chiptuningmarket.com\/ru\/#organization"},"alternateName":"Worldwide ecu tools supplier","potentialAction":[{"@type":"SearchAction","target":{"@type":"EntryPoint","urlTemplate":"https:\/\/chiptuningmarket.com\/ru\/?s={search_term_string}"},"query-input":{"@type":"PropertyValueSpecification","valueRequired":true,"valueName":"search_term_string"}}],"inLanguage":"pl-PL"},{"@type":"Organization","@id":"https:\/\/chiptuningmarket.com\/ru\/#organization","name":"Chiptuningmarket","alternateName":"Chiptuning tools supplier","url":"https:\/\/chiptuningmarket.com\/ru\/","logo":{"@type":"ImageObject","inLanguage":"pl-PL","@id":"https:\/\/chiptuningmarket.com\/ru\/#\/schema\/logo\/image\/","url":"https:\/\/chiptuningmarket.com\/wp-content\/uploads\/2023\/05\/logo-ChipTuningMarket-social.png","contentUrl":"https:\/\/chiptuningmarket.com\/wp-content\/uploads\/2023\/05\/logo-ChipTuningMarket-social.png","width":512,"height":512,"caption":"Chiptuningmarket"},"image":{"@id":"https:\/\/chiptuningmarket.com\/ru\/#\/schema\/logo\/image\/"}}]}},"_links":{"self":[{"href":"https:\/\/chiptuningmarket.com\/pl\/wp-json\/wp\/v2\/product\/26552","targetHints":{"allow":["GET"]}}],"collection":[{"href":"https:\/\/chiptuningmarket.com\/pl\/wp-json\/wp\/v2\/product"}],"about":[{"href":"https:\/\/chiptuningmarket.com\/pl\/wp-json\/wp\/v2\/types\/product"}],"wp:featuredmedia":[{"embeddable":true,"href":"https:\/\/chiptuningmarket.com\/pl\/wp-json\/wp\/v2\/media\/26545"}],"wp:attachment":[{"href":"https:\/\/chiptuningmarket.com\/pl\/wp-json\/wp\/v2\/media?parent=26552"}],"wp:term":[{"taxonomy":"product_brand","embeddable":true,"href":"https:\/\/chiptuningmarket.com\/pl\/wp-json\/wp\/v2\/product_brand?post=26552"},{"taxonomy":"product_cat","embeddable":true,"href":"https:\/\/chiptuningmarket.com\/pl\/wp-json\/wp\/v2\/product_cat?post=26552"},{"taxonomy":"product_tag","embeddable":true,"href":"https:\/\/chiptuningmarket.com\/pl\/wp-json\/wp\/v2\/product_tag?post=26552"}],"curies":[{"name":"wp","href":"https:\/\/api.w.org\/{rel}","templated":true}]}}