{"id":27793,"date":"2024-01-29T10:23:52","date_gmt":"2024-01-29T09:23:52","guid":{"rendered":"https:\/\/chiptuningmarket.com\/?post_type=product&#038;p=27793"},"modified":"2025-02-24T11:46:10","modified_gmt":"2025-02-24T10:46:10","slug":"mb-truck-continental-mcm-2-1-dfox-foxflash-kt200-cable","status":"publish","type":"product","link":"https:\/\/chiptuningmarket.com\/pl\/shop\/programatory-pl\/srs-pl\/x-tool-pl\/mb-truck-continental-mcm-2-1-dfox-foxflash-kt200-cable\/","title":{"rendered":"Przew\u00f3d MB Truck Continental MCM 2.1 DFOX\/FoxFlash"},"content":{"rendered":"","protected":false},"excerpt":{"rendered":"<p>Umo\u017cliwia prac\u0119 w trybie serwisowym przez z\u0142\u0105cze sterownika.<\/p>\n<p>Kompatybilny wy\u0142\u0105czenie z urz\u0105dzeniami:<\/p>\n<div id=\"showproduct-left-column-wrapper\" class=\"mpof_ki msub_k4 myre_zn mp7g_oh mr3m_1 mjyo_6x gel0f g69b4 g1wnk g1s2l mh36_0 mvrt_0 mvrt_8_m\">\n<div class=\"_9491e_K9H9J\">\n<div data-box-name=\"layout.container\" data-box-id=\"LUo64bt1RQOuwIphdVaomw==sx2lrxHNQUG4Wa7QQbUK8g==P-FoSUHCT7uRP7k4N3UHGw==\" data-prototype-id=\"layout.container\" data-prototype-version=\"9.0\" data-analytics-category=\"layout.container\" data-analytics-groups=\"%5B%22allegro.oferta.base%22%2C%22showproduct.content%22%5D\">\n<div class=\"opbox-sheet-wrapper m7er_k4 munh_56 m3h2_56 _17d9e_7VF-Y mjru_ey carousel-item\" data-item=\"\">\n<div class=\"opbox-sheet opbox-sheet-d1d21 _17d9e_Ww88Y msts_n7\">\n<div data-box-name=\"Container Description\" data-box-id=\"LUo64bt1RQOuwIphdVaomw==sx2lrxHNQUG4Wa7QQbUK8g==KrsT5UCqShOJdHqbje7J6g==\" data-prototype-id=\"layout.container\" data-prototype-version=\"9.0\" data-analytics-category=\"layout.container\" data-analytics-groups=\"%5B%22allegro.oferta.base%22%2C%22showproduct.content%22%5D\">\n<div class=\"opbox-sheet-wrapper m7er_k4 munh_56 m3h2_56 _17d9e_7VF-Y mjru_ey carousel-item\" data-item=\"\">\n<div class=\"opbox-sheet opbox-sheet-99056 _17d9e_Ww88Y msts_n7\">\n<div data-box-name=\"Container Description Card\" data-box-id=\"LUo64bt1RQOuwIphdVaomw==sx2lrxHNQUG4Wa7QQbUK8g==jhpKH9aaQaCjzHnIe1NUoA==\" data-prototype-id=\"layout.container\" data-prototype-version=\"9.0\" data-analytics-category=\"layout.container\" data-analytics-groups=\"%5B%22allegro.oferta.base%22%2C%22showproduct.content%22%5D\">\n<div class=\"opbox-sheet-wrapper m7er_k4 munh_56 m3h2_56 _17d9e_7VF-Y mjru_ua carousel-item\" data-item=\"\">\n<div class=\"opbox-sheet opbox-sheet-6fbd4 _17d9e_Ww88Y msts_n7 card msts_pt mg9e_16 mvrt_16 mj7a_16 mh36_16 mg9e_24_l mvrt_24_l mj7a_24_l mh36_24_l a883q\">\n<div data-box-name=\"Description card\" data-box-id=\"LUo64bt1RQOuwIphdVaomw==sx2lrxHNQUG4Wa7QQbUK8g==v8GgqMy9Qp-lQqTlwF0UTQ==\" data-prototype-id=\"layout.container\" data-prototype-version=\"9.0\" data-analytics-category=\"layout.container\" data-analytics-groups=\"%5B%22allegro.oferta.base%22%2C%22showproduct.content%22%5D\">\n<div class=\"opbox-sheet-wrapper m7er_k4 munh_56 m3h2_56 _17d9e_7VF-Y mjru_ua carousel-item\" data-item=\"\">\n<div class=\"opbox-sheet opbox-sheet-eb21c _17d9e_Ww88Y msts_n7\">\n<div data-box-name=\"Description\" data-box-id=\"LUo64bt1RQOuwIphdVaomw==sx2lrxHNQUG4Wa7QQbUK8g==gbrCZxJ_RBSlSji1w8NOmA==\" data-prototype-id=\"allegro.showoffer.description\" data-prototype-version=\"0.7\" data-civ=\"cf7\" data-analytics-enabled=\"\" data-analytics-category=\"allegro.showoffer.description\" data-analytics-groups=\"%5B%22allegro.oferta.base%22%2C%22showproduct.content%22%5D\">\n<div class=\"mgn2_14 mp0t_0a mqu1_21 mli8_k4 mgmw_wo msts_pt _0d3bd_K6Qpj\" data-reactroot=\"\">\n<div class=\"\">\n<div class=\"mpof_ki myre_zn myre_8v_l m389_6m_l\">\n<div class=\"mp4t_16_s mryx_16_s mr3m_1 mli2_1 mh85_56 mh85_0_l\">\n<div class=\"mgn2_16 _0d3bd_am0a-\">\n<h5>DFOX \/ FoxFlash \/ TagFlash<\/h5>\n<\/div>\n<\/div>\n<\/div>\n<\/div>\n<\/div>\n<\/div>\n<\/div>\n<\/div>\n<\/div>\n<\/div>\n<\/div>\n<\/div>\n<\/div>\n<\/div>\n<\/div>\n<\/div>\n<\/div>\n<\/div>\n<\/div>\n<\/div>\n<div id=\"showproduct-right-column-wrapper\" class=\"mpof_ki msub_k4 myre_zn mp7g_oh mr3m_1 mjyo_6x gel0f ggz4y g1gsr g1s2l mh36_0 mh36_8_m mg9e_16 mg9e_0_m\">\n<div class=\"_9491e_K9H9J mp7g_ca\">\n<div data-box-name=\"summary.container\" data-box-id=\"LUo64bt1RQOuwIphdVaomw==zVfUgv1JQfi-_pp2kMTKzg==\" data-prototype-id=\"layout.container\" data-prototype-version=\"9.0\" data-analytics-category=\"layout.container\" data-analytics-groups=\"%5B%22allegro.oferta.base%22%5D\">\n<div class=\"opbox-sheet-wrapper m7er_k4 munh_56 m3h2_56 _17d9e_7VF-Y mjru_ey carousel-item\" data-item=\"\">\n<div class=\"opbox-sheet opbox-sheet-219cc _17d9e_Ww88Y msts_n7\">\n<div data-box-name=\"showoffer.sellerInfoHeader\" data-box-id=\"LUo64bt1RQOuwIphdVaomw==mwUBlsMOT3y0JEACKdh0ug==\" data-prototype-id=\"allegro.showoffer.sellerInfoHeader\" data-prototype-version=\"2.0\" data-civ=\"865\" data-analytics-enabled=\"\" data-analytics-category=\"allegro.showoffer.sellerInfoHeader\" data-analytics-groups=\"%5B%22allegro.oferta.base%22%5D\">\n<div data-role=\"app-container\">\n<div class=\"mgn2_14 mp0t_0a mqu1_21 mgmw_wo mli8_k4\" data-reactroot=\"\">\n<div class=\"mg9e_24_l mvrt_24_l mh36_24_l mj7a_24_l mg9e_16 mvrt_16 mh36_16 mj7a_16 mpof_ki myre_8v m7f5_sf\">\n<div><\/div>\n<\/div>\n<\/div>\n<\/div>\n<\/div>\n<\/div>\n<\/div>\n<\/div>\n<\/div>\n<\/div>\n","protected":false},"featured_media":27785,"template":"","meta":{"_monsterinsights_skip_tracking":false,"_monsterinsights_sitenote_active":false,"_monsterinsights_sitenote_note":"","_monsterinsights_sitenote_category":0},"product_brand":[],"product_cat":[5088],"product_tag":[1589],"class_list":{"0":"post-27793","1":"product","2":"type-product","3":"status-publish","4":"has-post-thumbnail","6":"product_cat-x-tool-pl","7":"product_tag-dfox-pl","9":"first","10":"instock","11":"taxable","12":"shipping-taxable","13":"product-type-simple"},"yoast_head":"<!-- This site is optimized with the Yoast SEO plugin v25.2 - https:\/\/yoast.com\/wordpress\/plugins\/seo\/ -->\n<title>Przew\u00f3d MB Truck Continental MCM 2.1 DFOX\/FoxFlash - Chiptuningmarket<\/title>\n<meta name=\"description\" content=\"Umo\u017cliwia prac\u0119 w trybie serwisowym przez z\u0142\u0105cze sterownika.\" \/>\n<meta name=\"robots\" content=\"index, follow, max-snippet:-1, max-image-preview:large, max-video-preview:-1\" \/>\n<link rel=\"canonical\" href=\"https:\/\/chiptuningmarket.com\/pl\/shop\/programatory-pl\/srs-pl\/x-tool-pl\/mb-truck-continental-mcm-2-1-dfox-foxflash-kt200-cable\/\" \/>\n<meta property=\"og:locale\" content=\"pl_PL\" \/>\n<meta property=\"og:type\" content=\"article\" \/>\n<meta property=\"og:title\" content=\"Przew\u00f3d MB Truck Continental MCM 2.1 DFOX\/FoxFlash - Chiptuningmarket\" \/>\n<meta property=\"og:description\" content=\"Umo\u017cliwia prac\u0119 w trybie serwisowym przez z\u0142\u0105cze sterownika.\" \/>\n<meta property=\"og:url\" content=\"https:\/\/chiptuningmarket.com\/pl\/shop\/programatory-pl\/srs-pl\/x-tool-pl\/mb-truck-continental-mcm-2-1-dfox-foxflash-kt200-cable\/\" \/>\n<meta property=\"og:site_name\" content=\"Chiptuningmarket\" \/>\n<meta property=\"article:modified_time\" content=\"2025-02-24T10:46:10+00:00\" \/>\n<meta property=\"og:image\" content=\"https:\/\/chiptuningmarket.com\/wp-content\/uploads\/2024\/01\/MCM-2.1-DFOX-2.jpg\" \/>\n\t<meta property=\"og:image:width\" content=\"1600\" \/>\n\t<meta property=\"og:image:height\" content=\"1200\" \/>\n\t<meta property=\"og:image:type\" content=\"image\/jpeg\" \/>\n<meta name=\"twitter:card\" content=\"summary_large_image\" \/>\n<meta name=\"twitter:label1\" content=\"Szacowany czas czytania\" \/>\n\t<meta name=\"twitter:data1\" content=\"1 minuta\" \/>\n<script type=\"application\/ld+json\" class=\"yoast-schema-graph\">{\"@context\":\"https:\/\/schema.org\",\"@graph\":[{\"@type\":\"WebPage\",\"@id\":\"https:\/\/chiptuningmarket.com\/pl\/shop\/programatory-pl\/srs-pl\/x-tool-pl\/mb-truck-continental-mcm-2-1-dfox-foxflash-kt200-cable\/\",\"url\":\"https:\/\/chiptuningmarket.com\/pl\/shop\/programatory-pl\/srs-pl\/x-tool-pl\/mb-truck-continental-mcm-2-1-dfox-foxflash-kt200-cable\/\",\"name\":\"Przew\u00f3d MB Truck Continental MCM 2.1 DFOX\/FoxFlash - Chiptuningmarket\",\"isPartOf\":{\"@id\":\"https:\/\/chiptuningmarket.com\/ru\/#website\"},\"primaryImageOfPage\":{\"@id\":\"https:\/\/chiptuningmarket.com\/pl\/shop\/programatory-pl\/srs-pl\/x-tool-pl\/mb-truck-continental-mcm-2-1-dfox-foxflash-kt200-cable\/#primaryimage\"},\"image\":{\"@id\":\"https:\/\/chiptuningmarket.com\/pl\/shop\/programatory-pl\/srs-pl\/x-tool-pl\/mb-truck-continental-mcm-2-1-dfox-foxflash-kt200-cable\/#primaryimage\"},\"thumbnailUrl\":\"https:\/\/chiptuningmarket.com\/wp-content\/uploads\/2024\/01\/MCM-2.1-DFOX-2.jpg\",\"datePublished\":\"2024-01-29T09:23:52+00:00\",\"dateModified\":\"2025-02-24T10:46:10+00:00\",\"description\":\"Umo\u017cliwia prac\u0119 w trybie serwisowym przez z\u0142\u0105cze sterownika.\",\"breadcrumb\":{\"@id\":\"https:\/\/chiptuningmarket.com\/pl\/shop\/programatory-pl\/srs-pl\/x-tool-pl\/mb-truck-continental-mcm-2-1-dfox-foxflash-kt200-cable\/#breadcrumb\"},\"inLanguage\":\"pl-PL\",\"potentialAction\":[{\"@type\":\"ReadAction\",\"target\":[\"https:\/\/chiptuningmarket.com\/pl\/shop\/programatory-pl\/srs-pl\/x-tool-pl\/mb-truck-continental-mcm-2-1-dfox-foxflash-kt200-cable\/\"]}]},{\"@type\":\"ImageObject\",\"inLanguage\":\"pl-PL\",\"@id\":\"https:\/\/chiptuningmarket.com\/pl\/shop\/programatory-pl\/srs-pl\/x-tool-pl\/mb-truck-continental-mcm-2-1-dfox-foxflash-kt200-cable\/#primaryimage\",\"url\":\"https:\/\/chiptuningmarket.com\/wp-content\/uploads\/2024\/01\/MCM-2.1-DFOX-2.jpg\",\"contentUrl\":\"https:\/\/chiptuningmarket.com\/wp-content\/uploads\/2024\/01\/MCM-2.1-DFOX-2.jpg\",\"width\":1600,\"height\":1200},{\"@type\":\"BreadcrumbList\",\"@id\":\"https:\/\/chiptuningmarket.com\/pl\/shop\/programatory-pl\/srs-pl\/x-tool-pl\/mb-truck-continental-mcm-2-1-dfox-foxflash-kt200-cable\/#breadcrumb\",\"itemListElement\":[{\"@type\":\"ListItem\",\"position\":1,\"name\":\"Home\",\"item\":\"https:\/\/chiptuningmarket.com\/pl\/\"},{\"@type\":\"ListItem\",\"position\":2,\"name\":\"Sklep\",\"item\":\"https:\/\/chiptuningmarket.com\/pl\/shop\/\"},{\"@type\":\"ListItem\",\"position\":3,\"name\":\"Przew\u00f3d MB Truck Continental MCM 2.1 DFOX\/FoxFlash\"}]},{\"@type\":\"WebSite\",\"@id\":\"https:\/\/chiptuningmarket.com\/ru\/#website\",\"url\":\"https:\/\/chiptuningmarket.com\/ru\/\",\"name\":\"Chiptuningmarket\",\"description\":\"Biggest chiptuning shop in Europe\",\"publisher\":{\"@id\":\"https:\/\/chiptuningmarket.com\/ru\/#organization\"},\"alternateName\":\"Worldwide ecu tools supplier\",\"potentialAction\":[{\"@type\":\"SearchAction\",\"target\":{\"@type\":\"EntryPoint\",\"urlTemplate\":\"https:\/\/chiptuningmarket.com\/ru\/?s={search_term_string}\"},\"query-input\":{\"@type\":\"PropertyValueSpecification\",\"valueRequired\":true,\"valueName\":\"search_term_string\"}}],\"inLanguage\":\"pl-PL\"},{\"@type\":\"Organization\",\"@id\":\"https:\/\/chiptuningmarket.com\/ru\/#organization\",\"name\":\"Chiptuningmarket\",\"alternateName\":\"Chiptuning tools supplier\",\"url\":\"https:\/\/chiptuningmarket.com\/ru\/\",\"logo\":{\"@type\":\"ImageObject\",\"inLanguage\":\"pl-PL\",\"@id\":\"https:\/\/chiptuningmarket.com\/ru\/#\/schema\/logo\/image\/\",\"url\":\"https:\/\/chiptuningmarket.com\/wp-content\/uploads\/2023\/05\/logo-ChipTuningMarket-social.png\",\"contentUrl\":\"https:\/\/chiptuningmarket.com\/wp-content\/uploads\/2023\/05\/logo-ChipTuningMarket-social.png\",\"width\":512,\"height\":512,\"caption\":\"Chiptuningmarket\"},\"image\":{\"@id\":\"https:\/\/chiptuningmarket.com\/ru\/#\/schema\/logo\/image\/\"}}]}<\/script>\n<!-- \/ Yoast SEO plugin. -->","yoast_head_json":{"title":"Przew\u00f3d MB Truck Continental MCM 2.1 DFOX\/FoxFlash - Chiptuningmarket","description":"Umo\u017cliwia prac\u0119 w trybie serwisowym przez z\u0142\u0105cze sterownika.","robots":{"index":"index","follow":"follow","max-snippet":"max-snippet:-1","max-image-preview":"max-image-preview:large","max-video-preview":"max-video-preview:-1"},"canonical":"https:\/\/chiptuningmarket.com\/pl\/shop\/programatory-pl\/srs-pl\/x-tool-pl\/mb-truck-continental-mcm-2-1-dfox-foxflash-kt200-cable\/","og_locale":"pl_PL","og_type":"article","og_title":"Przew\u00f3d MB Truck Continental MCM 2.1 DFOX\/FoxFlash - Chiptuningmarket","og_description":"Umo\u017cliwia prac\u0119 w trybie serwisowym przez z\u0142\u0105cze sterownika.","og_url":"https:\/\/chiptuningmarket.com\/pl\/shop\/programatory-pl\/srs-pl\/x-tool-pl\/mb-truck-continental-mcm-2-1-dfox-foxflash-kt200-cable\/","og_site_name":"Chiptuningmarket","article_modified_time":"2025-02-24T10:46:10+00:00","og_image":[{"width":1600,"height":1200,"url":"https:\/\/chiptuningmarket.com\/wp-content\/uploads\/2024\/01\/MCM-2.1-DFOX-2.jpg","type":"image\/jpeg"}],"twitter_card":"summary_large_image","twitter_misc":{"Szacowany czas czytania":"1 minuta"},"schema":{"@context":"https:\/\/schema.org","@graph":[{"@type":"WebPage","@id":"https:\/\/chiptuningmarket.com\/pl\/shop\/programatory-pl\/srs-pl\/x-tool-pl\/mb-truck-continental-mcm-2-1-dfox-foxflash-kt200-cable\/","url":"https:\/\/chiptuningmarket.com\/pl\/shop\/programatory-pl\/srs-pl\/x-tool-pl\/mb-truck-continental-mcm-2-1-dfox-foxflash-kt200-cable\/","name":"Przew\u00f3d MB Truck Continental MCM 2.1 DFOX\/FoxFlash - Chiptuningmarket","isPartOf":{"@id":"https:\/\/chiptuningmarket.com\/ru\/#website"},"primaryImageOfPage":{"@id":"https:\/\/chiptuningmarket.com\/pl\/shop\/programatory-pl\/srs-pl\/x-tool-pl\/mb-truck-continental-mcm-2-1-dfox-foxflash-kt200-cable\/#primaryimage"},"image":{"@id":"https:\/\/chiptuningmarket.com\/pl\/shop\/programatory-pl\/srs-pl\/x-tool-pl\/mb-truck-continental-mcm-2-1-dfox-foxflash-kt200-cable\/#primaryimage"},"thumbnailUrl":"https:\/\/chiptuningmarket.com\/wp-content\/uploads\/2024\/01\/MCM-2.1-DFOX-2.jpg","datePublished":"2024-01-29T09:23:52+00:00","dateModified":"2025-02-24T10:46:10+00:00","description":"Umo\u017cliwia prac\u0119 w trybie serwisowym przez z\u0142\u0105cze sterownika.","breadcrumb":{"@id":"https:\/\/chiptuningmarket.com\/pl\/shop\/programatory-pl\/srs-pl\/x-tool-pl\/mb-truck-continental-mcm-2-1-dfox-foxflash-kt200-cable\/#breadcrumb"},"inLanguage":"pl-PL","potentialAction":[{"@type":"ReadAction","target":["https:\/\/chiptuningmarket.com\/pl\/shop\/programatory-pl\/srs-pl\/x-tool-pl\/mb-truck-continental-mcm-2-1-dfox-foxflash-kt200-cable\/"]}]},{"@type":"ImageObject","inLanguage":"pl-PL","@id":"https:\/\/chiptuningmarket.com\/pl\/shop\/programatory-pl\/srs-pl\/x-tool-pl\/mb-truck-continental-mcm-2-1-dfox-foxflash-kt200-cable\/#primaryimage","url":"https:\/\/chiptuningmarket.com\/wp-content\/uploads\/2024\/01\/MCM-2.1-DFOX-2.jpg","contentUrl":"https:\/\/chiptuningmarket.com\/wp-content\/uploads\/2024\/01\/MCM-2.1-DFOX-2.jpg","width":1600,"height":1200},{"@type":"BreadcrumbList","@id":"https:\/\/chiptuningmarket.com\/pl\/shop\/programatory-pl\/srs-pl\/x-tool-pl\/mb-truck-continental-mcm-2-1-dfox-foxflash-kt200-cable\/#breadcrumb","itemListElement":[{"@type":"ListItem","position":1,"name":"Home","item":"https:\/\/chiptuningmarket.com\/pl\/"},{"@type":"ListItem","position":2,"name":"Sklep","item":"https:\/\/chiptuningmarket.com\/pl\/shop\/"},{"@type":"ListItem","position":3,"name":"Przew\u00f3d MB Truck Continental MCM 2.1 DFOX\/FoxFlash"}]},{"@type":"WebSite","@id":"https:\/\/chiptuningmarket.com\/ru\/#website","url":"https:\/\/chiptuningmarket.com\/ru\/","name":"Chiptuningmarket","description":"Biggest chiptuning shop in Europe","publisher":{"@id":"https:\/\/chiptuningmarket.com\/ru\/#organization"},"alternateName":"Worldwide ecu tools supplier","potentialAction":[{"@type":"SearchAction","target":{"@type":"EntryPoint","urlTemplate":"https:\/\/chiptuningmarket.com\/ru\/?s={search_term_string}"},"query-input":{"@type":"PropertyValueSpecification","valueRequired":true,"valueName":"search_term_string"}}],"inLanguage":"pl-PL"},{"@type":"Organization","@id":"https:\/\/chiptuningmarket.com\/ru\/#organization","name":"Chiptuningmarket","alternateName":"Chiptuning tools supplier","url":"https:\/\/chiptuningmarket.com\/ru\/","logo":{"@type":"ImageObject","inLanguage":"pl-PL","@id":"https:\/\/chiptuningmarket.com\/ru\/#\/schema\/logo\/image\/","url":"https:\/\/chiptuningmarket.com\/wp-content\/uploads\/2023\/05\/logo-ChipTuningMarket-social.png","contentUrl":"https:\/\/chiptuningmarket.com\/wp-content\/uploads\/2023\/05\/logo-ChipTuningMarket-social.png","width":512,"height":512,"caption":"Chiptuningmarket"},"image":{"@id":"https:\/\/chiptuningmarket.com\/ru\/#\/schema\/logo\/image\/"}}]}},"_links":{"self":[{"href":"https:\/\/chiptuningmarket.com\/pl\/wp-json\/wp\/v2\/product\/27793","targetHints":{"allow":["GET"]}}],"collection":[{"href":"https:\/\/chiptuningmarket.com\/pl\/wp-json\/wp\/v2\/product"}],"about":[{"href":"https:\/\/chiptuningmarket.com\/pl\/wp-json\/wp\/v2\/types\/product"}],"wp:featuredmedia":[{"embeddable":true,"href":"https:\/\/chiptuningmarket.com\/pl\/wp-json\/wp\/v2\/media\/27785"}],"wp:attachment":[{"href":"https:\/\/chiptuningmarket.com\/pl\/wp-json\/wp\/v2\/media?parent=27793"}],"wp:term":[{"taxonomy":"product_brand","embeddable":true,"href":"https:\/\/chiptuningmarket.com\/pl\/wp-json\/wp\/v2\/product_brand?post=27793"},{"taxonomy":"product_cat","embeddable":true,"href":"https:\/\/chiptuningmarket.com\/pl\/wp-json\/wp\/v2\/product_cat?post=27793"},{"taxonomy":"product_tag","embeddable":true,"href":"https:\/\/chiptuningmarket.com\/pl\/wp-json\/wp\/v2\/product_tag?post=27793"}],"curies":[{"name":"wp","href":"https:\/\/api.w.org\/{rel}","templated":true}]}}