{"id":27980,"date":"2024-02-01T14:23:26","date_gmt":"2024-02-01T14:23:26","guid":{"rendered":"https:\/\/chiptuningmarket.com\/?post_type=product&#038;p=27980"},"modified":"2026-01-29T15:17:05","modified_gmt":"2026-01-29T14:17:05","slug":"kess3-master-marine-obd-bench-boot","status":"publish","type":"product","link":"https:\/\/chiptuningmarket.com\/pl\/shop\/programatory-pl\/chiptuning-programatory-2-pl\/alientech-chiptuning-programatory-2-pl\/kess3-master-marine-obd-bench-boot\/","title":{"rendered":"KESS3 Master MARINE OBD + MARINE BOOT\/BENCH"},"content":{"rendered":"<h3 style=\"text-align: center\">KESS3 Master MARINE OBD + MARINE BOOT\/BENCH<\/h3>\n<p><img decoding=\"async\" class=\"aligncenter size-full wp-image-18168\" src=\"https:\/\/ms-group.pl\/wp-content\/uploads\/2022\/04\/KESS3_OBD_Bench_Boot_Programming_SuiteCase_Opened2.png\" alt=\"KESS3 - nowe urz\u0105dzenie Alientech ( KESSv2 &amp; K-TAG)\" width=\"1000\" height=\"1000\" \/><\/p>\n<h2 style=\"text-align: center\"><strong>KESS3 Master MARINE OBD + MARINE BOOT\/BENCH &#8211; 6 najwa\u017cniejszych funkcji<\/strong><\/h2>\n<ol>\n<li>Nie potrzebujesz ju\u017c oddzielnych narz\u0119dzi do programowania po OBD i na stanowisku. W nowym KESS3 obie funkcje te s\u0105 teraz po\u0142\u0105czone.<\/li>\n<li>Wi\u0119kszy wyb\u00f3r i \u0142atwiejsze dopasowanie protoko\u0142\u00f3w do potrzeb<\/li>\n<li>B\u0142yskawiczny odczyt i zapis z zaawansowan\u0105 pr\u0119dko\u015bci\u0105 przetwarzania sum kontrolnych<\/li>\n<li>Kompatybilno\u015b\u0107 z przewodami KESS V2\u00a0 &#8211; nie ma potrzeby kupowania nowych zestaw\u00f3w kabli.<\/li>\n<li>Protoko\u0142y Bench i Boot s\u0105 teraz dost\u0119pne do nabycia indywidualnie<\/li>\n<li>Tryb service mode &#8211; wi\u0119ksze pokrycie sterownik\u00f3w w SM &#8211; Bench mode ( odczyt po pinach sterownika bez konieczno\u015bci jego otwierania)<\/li>\n<\/ol>\n<p style=\"text-align: center\"><strong>\u00a0<\/strong><\/p>\n<p style=\"text-align: center\"><strong>KESS3 to najnowsze narz\u0119dzie do tuningu ECU od Alientech, kt\u00f3re zast\u0119puje KESSv2 i K-TAG.<\/strong><\/p>\n<p>KESS3 daje Ci wi\u0119ksz\u0105 kontrol\u0119 ni\u017c jego poprzednicy, KESSv2 i K-TAG, i mo\u017ce by\u0107 rozbudowywany bez potrzeby wydawania pieni\u0119dzy na nowy sprz\u0119t. To nowe narz\u0119dzie pozwala u\u017cytkownikom na remapowanie w szybszy i \u0142atwiejszy spos\u00f3b ni\u017c kiedykolwiek wcze\u015bniej, z mo\u017cliwo\u015bci\u0105 korzystania zar\u00f3wno z metody OBD, jak i Bench przy u\u017cyciu jednego urz\u0105dzenia.<\/p>\n<p>Narz\u0119dzie KESS 3 to najnowszy krok w dziedzinie tuningu ECU &#8211; jest szybszy i bardziej wydajny ni\u017c jego poprzednicy. Szybko\u015b\u0107 interfejsu jest wi\u0119ksza ni\u017c w jakimkolwiek poprzednim programie firmy Alientech<\/p>\n<h3 style=\"text-align: center\"><strong>KESS3 &#8211; nowe urz\u0105dzenie Alientech ( KESSv2 &amp; K-TAG) -wszystkie protoko\u0142y w jednym urz\u0105dzeniu<\/strong><\/h3>\n<p><img decoding=\"async\" class=\"aligncenter size-large wp-image-18172\" src=\"https:\/\/ms-group.pl\/wp-content\/uploads\/2022\/04\/KESS3_OBD_Bench_Boot_Programming_Bench_Connection-1024x683.png\" alt=\"KESS3_OBD_Bench_Boot_Programming_Bench_Connection\" width=\"1024\" height=\"683\" \/><\/p>\n<p>Protoko\u0142y s\u0105 sprzedawane oddzielnie, wi\u0119c mo\u017cesz wybra\u0107 zestaw dopasowany do twoich potrzeb lub rozwin\u0105\u0107 go w dowolnym momencie o kolejne protoko\u0142y. W KESS3 b\u0119dzie r\u00f3wnie\u017c mo\u017cliwy upgrade z wersji Slave na Master.<\/p>\n<p>Protoko\u0142y Bench i Boot s\u0105 po raz pierwszy dost\u0119pne wed\u0142ug typu pojazdu, kt\u00f3ry obs\u0142uguj\u0105, a nie jak dotychczas po typach procesor\u00f3w- dzi\u0119ki temu \u0142atwiej skomponujesz zestaw.<\/p>\n<p>Nowy Kess3 wykorzystuje najnowsze\u00a0 dost\u0119pne technologie, aby zapewni\u0107\u00a0 szybki odczyt i zapis zar\u00f3wno w ECU, jak i TCU<\/p>\n<h3 style=\"text-align: center\">Alientech Suite<\/h3>\n<p>Program &#8220;Alientech Suite&#8221;, kt\u00f3ry obs\u0142uguje Kess3, jest programem typu &#8220;wszystko w jednym&#8221;. Koniec z b\u0142\u0105dzeniem po skomplikowanym\u00a0 menu. Wybierz pojazd, kt\u00f3ry chcesz odczyta\u0107 z g\u0142\u00f3wnego ekranu, a nast\u0119pnie po prosty wybierz metod\u0119 odczytu\u00a0 &#8220;OBD&#8221; \/ &#8220;bench &#8211; Service mode&#8221; \/ &#8220;Boot &#8211; bezpo\u015brednie po\u0142\u0105czenie do PCB sterownika &#8221;<\/p>\n<h3 style=\"text-align: center\"><strong>Instrukcje pod\u0142\u0105czenia\u00a0<\/strong><\/h3>\n<p>Teraz przed przej\u015bciem do ekranu odczytu\/zapisu podczas korzystania z Kess3 wy\u015bwietlane s\u0105 jasne instrukcje. Dzi\u0119ki temu nie umkn\u0105 Ci wa\u017cne instrukcje i b\u0119dziesz na bie\u017c\u0105co z wiedz\u0105, kt\u00f3ra pozwoli Ci bezpiecznie odczyta\u0107\/zapisa\u0107 dany sterownik.<\/p>\n<p><img decoding=\"async\" class=\"aligncenter size-full wp-image-18173\" src=\"https:\/\/ms-group.pl\/wp-content\/uploads\/2022\/04\/KESS3_OBD_Bench_Boot_Programming_SuiteCase_Closed.png\" alt=\"KESS3_OBD_Bench_Boot_Programming_SuiteCase_Closed\" width=\"1000\" height=\"1000\" \/><\/p>\n<h3 style=\"text-align: center\"><strong>\u0141atwiejsze wyszukiwanie\u00a0<\/strong><\/h3>\n<p>Szybkie filtrowanie umo\u017cliwiaj\u0105ce znalezienie pojazdu. Nie musisz ju\u017c pod\u0105\u017ca\u0107 za rozwijanymi menu i traci\u0107 czasu na wyszukanie danego ECU. Teraz mo\u017cesz szybko przej\u015b\u0107 do potrzebnego protoko\u0142u.\u00a0 Filtrowanie wed\u0142ug ECU lub TCU, czy rodzaju paliwa- wszystko w jednym miejscu! <strong>KESS3 to naj\u0142atwiejszy i najprostszy w obs\u0142udze programator na rynku.<\/strong><\/p>\n<p>&nbsp;<\/p>\n<p>Nowy Kess3 posiada ochronn\u0105 gumowan\u0105 warstw\u0119 wok\u00f3\u0142 zewn\u0119trznej kraw\u0119dzi narz\u0119dzia, kt\u00f3ra absorbuje wstrz\u0105sy i uderzenia podczas pracy w ci\u0119\u017ckich warunkach. Dodatkowo posiada gumowe antypo\u015blizgowe n\u00f3\u017cki<\/p>\n<p>Koniec z czekaniem na przeliczenie sumy kontrolnej &#8211; nowy KESS3 wyposa\u017cony w pot\u0119\u017cn\u0105 moc obliczeniow\u0105 jest w stanie przetwarza\u0107 dane znacznie szybciej<\/p>\n<p>&nbsp;<\/p>\n<p><strong>W ofercie r\u00f3wnie\u017c:<br \/>\n<\/strong><a style=\"color: blue\" href=\"https:\/\/ms-group.pl\/product\/dfox-master-full-ecu\/\">DFOX Master Full ECU Agri Truck Cars Bikes<\/a><\/p>\n","protected":false},"excerpt":{"rendered":"<p>Nowo\u015b\u0107 od Alientech &#8211; jedno urz\u0105dzenie z mo\u017cliwo\u015bci\u0105 wyboru protoko\u0142\u00f3w dopasowanych do konkretnych grup pojazd\u00f3w i metod odczytu &#8211; OBD\/ Bench&amp;Boot<\/p>\n<p>Je\u015bli posiadasz poprzednie urz\u0105dzenie KESSv2 lub K-TAG skontaktuj si\u0119 z nami. Dla obecnych u\u017cytkownik\u00f3w Alientech przewidziano <strong>program wymian<\/strong>, kt\u00f3ry pozwala na uzyskanie zni\u017cki nawet do 95%<\/p>\n<p><strong>Nowe urz\u0105dzenie -&gt; ni\u017csze roczne subskrypcje<\/strong>. Od teraz koszt rocznej subskrypcji dla wersji Master to 1190 EUR netto niezale\u017cnie od ilo\u015bci protoko\u0142\u00f3w. Dla wersji Slave jest to 590 EUR netto<\/p>\n","protected":false},"featured_media":20052,"template":"","meta":{"_monsterinsights_skip_tracking":false,"_monsterinsights_sitenote_active":false,"_monsterinsights_sitenote_note":"","_monsterinsights_sitenote_category":0},"product_brand":[],"product_cat":[5087,5064,5203,5222],"product_tag":[4365,4367,4368,4366,4364],"class_list":{"0":"post-27980","1":"product","2":"type-product","3":"status-publish","4":"has-post-thumbnail","6":"product_cat-promocje","7":"product_cat-programatory-pl","8":"product_cat-chiptuning-programatory-2-pl","9":"product_cat-alientech-chiptuning-programatory-2-pl","10":"product_tag-alentech","11":"product_tag-bench","12":"product_tag-kess3-pl","13":"product_tag-kess3-alientech","14":"product_tag-kess3-master-car-lcv-obd-bench-boot","16":"first","17":"instock","18":"taxable","19":"shipping-taxable","20":"purchasable","21":"product-type-simple"},"yoast_head":"<!-- This site is optimized with the Yoast SEO plugin v25.2 - https:\/\/yoast.com\/wordpress\/plugins\/seo\/ -->\n<title>KESS3 Master MARINE OBD + MARINE BOOT\/BENCH - Chiptuningmarket<\/title>\n<meta name=\"description\" content=\"KESS3 Master MARINE OBD + Bench Boot - jedno urz\u0105dzenie z mo\u017cliwo\u015bci\u0105 wyboru protoko\u0142\u00f3w dopasowanych do konkretnych grup pojazd\u00f3w i metod odc...\" \/>\n<meta name=\"robots\" content=\"index, follow, max-snippet:-1, max-image-preview:large, max-video-preview:-1\" \/>\n<link rel=\"canonical\" href=\"https:\/\/chiptuningmarket.com\/pl\/shop\/programatory-pl\/chiptuning-programatory-2-pl\/alientech-chiptuning-programatory-2-pl\/kess3-master-marine-obd-bench-boot\/\" \/>\n<meta property=\"og:locale\" content=\"pl_PL\" \/>\n<meta property=\"og:type\" content=\"article\" \/>\n<meta property=\"og:title\" content=\"KESS3 Master MARINE OBD + MARINE BOOT\/BENCH - Chiptuningmarket\" \/>\n<meta property=\"og:description\" content=\"KESS3 Master MARINE OBD + Bench Boot - jedno urz\u0105dzenie z mo\u017cliwo\u015bci\u0105 wyboru protoko\u0142\u00f3w dopasowanych do konkretnych grup pojazd\u00f3w i metod odc...\" \/>\n<meta property=\"og:url\" content=\"https:\/\/chiptuningmarket.com\/pl\/shop\/programatory-pl\/chiptuning-programatory-2-pl\/alientech-chiptuning-programatory-2-pl\/kess3-master-marine-obd-bench-boot\/\" \/>\n<meta property=\"og:site_name\" content=\"Chiptuningmarket\" \/>\n<meta property=\"article:modified_time\" content=\"2026-01-29T14:17:05+00:00\" \/>\n<meta property=\"og:image\" content=\"https:\/\/chiptuningmarket.com\/wp-content\/uploads\/2022\/04\/KESS3_OBD_Bench_Boot_Programming_SuiteCase_Opened2.png\" \/>\n\t<meta property=\"og:image:width\" content=\"1000\" \/>\n\t<meta property=\"og:image:height\" content=\"1000\" \/>\n\t<meta property=\"og:image:type\" content=\"image\/png\" \/>\n<meta name=\"twitter:card\" content=\"summary_large_image\" \/>\n<meta name=\"twitter:label1\" content=\"Szacowany czas czytania\" \/>\n\t<meta name=\"twitter:data1\" content=\"3 minuty\" \/>\n<script type=\"application\/ld+json\" class=\"yoast-schema-graph\">{\"@context\":\"https:\/\/schema.org\",\"@graph\":[{\"@type\":\"WebPage\",\"@id\":\"https:\/\/chiptuningmarket.com\/pl\/shop\/programatory-pl\/chiptuning-programatory-2-pl\/alientech-chiptuning-programatory-2-pl\/kess3-master-marine-obd-bench-boot\/\",\"url\":\"https:\/\/chiptuningmarket.com\/pl\/shop\/programatory-pl\/chiptuning-programatory-2-pl\/alientech-chiptuning-programatory-2-pl\/kess3-master-marine-obd-bench-boot\/\",\"name\":\"KESS3 Master MARINE OBD + MARINE BOOT\/BENCH - Chiptuningmarket\",\"isPartOf\":{\"@id\":\"https:\/\/chiptuningmarket.com\/ru\/#website\"},\"primaryImageOfPage\":{\"@id\":\"https:\/\/chiptuningmarket.com\/pl\/shop\/programatory-pl\/chiptuning-programatory-2-pl\/alientech-chiptuning-programatory-2-pl\/kess3-master-marine-obd-bench-boot\/#primaryimage\"},\"image\":{\"@id\":\"https:\/\/chiptuningmarket.com\/pl\/shop\/programatory-pl\/chiptuning-programatory-2-pl\/alientech-chiptuning-programatory-2-pl\/kess3-master-marine-obd-bench-boot\/#primaryimage\"},\"thumbnailUrl\":\"https:\/\/chiptuningmarket.com\/wp-content\/uploads\/2022\/04\/KESS3_OBD_Bench_Boot_Programming_SuiteCase_Opened2.png\",\"datePublished\":\"2024-02-01T14:23:26+00:00\",\"dateModified\":\"2026-01-29T14:17:05+00:00\",\"description\":\"KESS3 Master MARINE OBD + Bench Boot - jedno urz\u0105dzenie z mo\u017cliwo\u015bci\u0105 wyboru protoko\u0142\u00f3w dopasowanych do konkretnych grup pojazd\u00f3w i metod odc...\",\"breadcrumb\":{\"@id\":\"https:\/\/chiptuningmarket.com\/pl\/shop\/programatory-pl\/chiptuning-programatory-2-pl\/alientech-chiptuning-programatory-2-pl\/kess3-master-marine-obd-bench-boot\/#breadcrumb\"},\"inLanguage\":\"pl-PL\",\"potentialAction\":[{\"@type\":\"ReadAction\",\"target\":[\"https:\/\/chiptuningmarket.com\/pl\/shop\/programatory-pl\/chiptuning-programatory-2-pl\/alientech-chiptuning-programatory-2-pl\/kess3-master-marine-obd-bench-boot\/\"]}]},{\"@type\":\"ImageObject\",\"inLanguage\":\"pl-PL\",\"@id\":\"https:\/\/chiptuningmarket.com\/pl\/shop\/programatory-pl\/chiptuning-programatory-2-pl\/alientech-chiptuning-programatory-2-pl\/kess3-master-marine-obd-bench-boot\/#primaryimage\",\"url\":\"https:\/\/chiptuningmarket.com\/wp-content\/uploads\/2022\/04\/KESS3_OBD_Bench_Boot_Programming_SuiteCase_Opened2.png\",\"contentUrl\":\"https:\/\/chiptuningmarket.com\/wp-content\/uploads\/2022\/04\/KESS3_OBD_Bench_Boot_Programming_SuiteCase_Opened2.png\",\"width\":1000,\"height\":1000},{\"@type\":\"BreadcrumbList\",\"@id\":\"https:\/\/chiptuningmarket.com\/pl\/shop\/programatory-pl\/chiptuning-programatory-2-pl\/alientech-chiptuning-programatory-2-pl\/kess3-master-marine-obd-bench-boot\/#breadcrumb\",\"itemListElement\":[{\"@type\":\"ListItem\",\"position\":1,\"name\":\"Home\",\"item\":\"https:\/\/chiptuningmarket.com\/pl\/\"},{\"@type\":\"ListItem\",\"position\":2,\"name\":\"Sklep\",\"item\":\"https:\/\/chiptuningmarket.com\/pl\/shop\/\"},{\"@type\":\"ListItem\",\"position\":3,\"name\":\"KESS3 Master MARINE OBD + MARINE BOOT\/BENCH\"}]},{\"@type\":\"WebSite\",\"@id\":\"https:\/\/chiptuningmarket.com\/ru\/#website\",\"url\":\"https:\/\/chiptuningmarket.com\/ru\/\",\"name\":\"Chiptuningmarket\",\"description\":\"Biggest chiptuning shop in Europe\",\"publisher\":{\"@id\":\"https:\/\/chiptuningmarket.com\/ru\/#organization\"},\"alternateName\":\"Worldwide ecu tools supplier\",\"potentialAction\":[{\"@type\":\"SearchAction\",\"target\":{\"@type\":\"EntryPoint\",\"urlTemplate\":\"https:\/\/chiptuningmarket.com\/ru\/?s={search_term_string}\"},\"query-input\":{\"@type\":\"PropertyValueSpecification\",\"valueRequired\":true,\"valueName\":\"search_term_string\"}}],\"inLanguage\":\"pl-PL\"},{\"@type\":\"Organization\",\"@id\":\"https:\/\/chiptuningmarket.com\/ru\/#organization\",\"name\":\"Chiptuningmarket\",\"alternateName\":\"Chiptuning tools supplier\",\"url\":\"https:\/\/chiptuningmarket.com\/ru\/\",\"logo\":{\"@type\":\"ImageObject\",\"inLanguage\":\"pl-PL\",\"@id\":\"https:\/\/chiptuningmarket.com\/ru\/#\/schema\/logo\/image\/\",\"url\":\"https:\/\/chiptuningmarket.com\/wp-content\/uploads\/2023\/05\/logo-ChipTuningMarket-social.png\",\"contentUrl\":\"https:\/\/chiptuningmarket.com\/wp-content\/uploads\/2023\/05\/logo-ChipTuningMarket-social.png\",\"width\":512,\"height\":512,\"caption\":\"Chiptuningmarket\"},\"image\":{\"@id\":\"https:\/\/chiptuningmarket.com\/ru\/#\/schema\/logo\/image\/\"}}]}<\/script>\n<!-- \/ Yoast SEO plugin. -->","yoast_head_json":{"title":"KESS3 Master MARINE OBD + MARINE BOOT\/BENCH - Chiptuningmarket","description":"KESS3 Master MARINE OBD + Bench Boot - jedno urz\u0105dzenie z mo\u017cliwo\u015bci\u0105 wyboru protoko\u0142\u00f3w dopasowanych do konkretnych grup pojazd\u00f3w i metod odc...","robots":{"index":"index","follow":"follow","max-snippet":"max-snippet:-1","max-image-preview":"max-image-preview:large","max-video-preview":"max-video-preview:-1"},"canonical":"https:\/\/chiptuningmarket.com\/pl\/shop\/programatory-pl\/chiptuning-programatory-2-pl\/alientech-chiptuning-programatory-2-pl\/kess3-master-marine-obd-bench-boot\/","og_locale":"pl_PL","og_type":"article","og_title":"KESS3 Master MARINE OBD + MARINE BOOT\/BENCH - Chiptuningmarket","og_description":"KESS3 Master MARINE OBD + Bench Boot - jedno urz\u0105dzenie z mo\u017cliwo\u015bci\u0105 wyboru protoko\u0142\u00f3w dopasowanych do konkretnych grup pojazd\u00f3w i metod odc...","og_url":"https:\/\/chiptuningmarket.com\/pl\/shop\/programatory-pl\/chiptuning-programatory-2-pl\/alientech-chiptuning-programatory-2-pl\/kess3-master-marine-obd-bench-boot\/","og_site_name":"Chiptuningmarket","article_modified_time":"2026-01-29T14:17:05+00:00","og_image":[{"width":1000,"height":1000,"url":"https:\/\/chiptuningmarket.com\/wp-content\/uploads\/2022\/04\/KESS3_OBD_Bench_Boot_Programming_SuiteCase_Opened2.png","type":"image\/png"}],"twitter_card":"summary_large_image","twitter_misc":{"Szacowany czas czytania":"3 minuty"},"schema":{"@context":"https:\/\/schema.org","@graph":[{"@type":"WebPage","@id":"https:\/\/chiptuningmarket.com\/pl\/shop\/programatory-pl\/chiptuning-programatory-2-pl\/alientech-chiptuning-programatory-2-pl\/kess3-master-marine-obd-bench-boot\/","url":"https:\/\/chiptuningmarket.com\/pl\/shop\/programatory-pl\/chiptuning-programatory-2-pl\/alientech-chiptuning-programatory-2-pl\/kess3-master-marine-obd-bench-boot\/","name":"KESS3 Master MARINE OBD + MARINE BOOT\/BENCH - Chiptuningmarket","isPartOf":{"@id":"https:\/\/chiptuningmarket.com\/ru\/#website"},"primaryImageOfPage":{"@id":"https:\/\/chiptuningmarket.com\/pl\/shop\/programatory-pl\/chiptuning-programatory-2-pl\/alientech-chiptuning-programatory-2-pl\/kess3-master-marine-obd-bench-boot\/#primaryimage"},"image":{"@id":"https:\/\/chiptuningmarket.com\/pl\/shop\/programatory-pl\/chiptuning-programatory-2-pl\/alientech-chiptuning-programatory-2-pl\/kess3-master-marine-obd-bench-boot\/#primaryimage"},"thumbnailUrl":"https:\/\/chiptuningmarket.com\/wp-content\/uploads\/2022\/04\/KESS3_OBD_Bench_Boot_Programming_SuiteCase_Opened2.png","datePublished":"2024-02-01T14:23:26+00:00","dateModified":"2026-01-29T14:17:05+00:00","description":"KESS3 Master MARINE OBD + Bench Boot - jedno urz\u0105dzenie z mo\u017cliwo\u015bci\u0105 wyboru protoko\u0142\u00f3w dopasowanych do konkretnych grup pojazd\u00f3w i metod odc...","breadcrumb":{"@id":"https:\/\/chiptuningmarket.com\/pl\/shop\/programatory-pl\/chiptuning-programatory-2-pl\/alientech-chiptuning-programatory-2-pl\/kess3-master-marine-obd-bench-boot\/#breadcrumb"},"inLanguage":"pl-PL","potentialAction":[{"@type":"ReadAction","target":["https:\/\/chiptuningmarket.com\/pl\/shop\/programatory-pl\/chiptuning-programatory-2-pl\/alientech-chiptuning-programatory-2-pl\/kess3-master-marine-obd-bench-boot\/"]}]},{"@type":"ImageObject","inLanguage":"pl-PL","@id":"https:\/\/chiptuningmarket.com\/pl\/shop\/programatory-pl\/chiptuning-programatory-2-pl\/alientech-chiptuning-programatory-2-pl\/kess3-master-marine-obd-bench-boot\/#primaryimage","url":"https:\/\/chiptuningmarket.com\/wp-content\/uploads\/2022\/04\/KESS3_OBD_Bench_Boot_Programming_SuiteCase_Opened2.png","contentUrl":"https:\/\/chiptuningmarket.com\/wp-content\/uploads\/2022\/04\/KESS3_OBD_Bench_Boot_Programming_SuiteCase_Opened2.png","width":1000,"height":1000},{"@type":"BreadcrumbList","@id":"https:\/\/chiptuningmarket.com\/pl\/shop\/programatory-pl\/chiptuning-programatory-2-pl\/alientech-chiptuning-programatory-2-pl\/kess3-master-marine-obd-bench-boot\/#breadcrumb","itemListElement":[{"@type":"ListItem","position":1,"name":"Home","item":"https:\/\/chiptuningmarket.com\/pl\/"},{"@type":"ListItem","position":2,"name":"Sklep","item":"https:\/\/chiptuningmarket.com\/pl\/shop\/"},{"@type":"ListItem","position":3,"name":"KESS3 Master MARINE OBD + MARINE BOOT\/BENCH"}]},{"@type":"WebSite","@id":"https:\/\/chiptuningmarket.com\/ru\/#website","url":"https:\/\/chiptuningmarket.com\/ru\/","name":"Chiptuningmarket","description":"Biggest chiptuning shop in Europe","publisher":{"@id":"https:\/\/chiptuningmarket.com\/ru\/#organization"},"alternateName":"Worldwide ecu tools supplier","potentialAction":[{"@type":"SearchAction","target":{"@type":"EntryPoint","urlTemplate":"https:\/\/chiptuningmarket.com\/ru\/?s={search_term_string}"},"query-input":{"@type":"PropertyValueSpecification","valueRequired":true,"valueName":"search_term_string"}}],"inLanguage":"pl-PL"},{"@type":"Organization","@id":"https:\/\/chiptuningmarket.com\/ru\/#organization","name":"Chiptuningmarket","alternateName":"Chiptuning tools supplier","url":"https:\/\/chiptuningmarket.com\/ru\/","logo":{"@type":"ImageObject","inLanguage":"pl-PL","@id":"https:\/\/chiptuningmarket.com\/ru\/#\/schema\/logo\/image\/","url":"https:\/\/chiptuningmarket.com\/wp-content\/uploads\/2023\/05\/logo-ChipTuningMarket-social.png","contentUrl":"https:\/\/chiptuningmarket.com\/wp-content\/uploads\/2023\/05\/logo-ChipTuningMarket-social.png","width":512,"height":512,"caption":"Chiptuningmarket"},"image":{"@id":"https:\/\/chiptuningmarket.com\/ru\/#\/schema\/logo\/image\/"}}]}},"_links":{"self":[{"href":"https:\/\/chiptuningmarket.com\/pl\/wp-json\/wp\/v2\/product\/27980","targetHints":{"allow":["GET"]}}],"collection":[{"href":"https:\/\/chiptuningmarket.com\/pl\/wp-json\/wp\/v2\/product"}],"about":[{"href":"https:\/\/chiptuningmarket.com\/pl\/wp-json\/wp\/v2\/types\/product"}],"wp:featuredmedia":[{"embeddable":true,"href":"https:\/\/chiptuningmarket.com\/pl\/wp-json\/wp\/v2\/media\/20052"}],"wp:attachment":[{"href":"https:\/\/chiptuningmarket.com\/pl\/wp-json\/wp\/v2\/media?parent=27980"}],"wp:term":[{"taxonomy":"product_brand","embeddable":true,"href":"https:\/\/chiptuningmarket.com\/pl\/wp-json\/wp\/v2\/product_brand?post=27980"},{"taxonomy":"product_cat","embeddable":true,"href":"https:\/\/chiptuningmarket.com\/pl\/wp-json\/wp\/v2\/product_cat?post=27980"},{"taxonomy":"product_tag","embeddable":true,"href":"https:\/\/chiptuningmarket.com\/pl\/wp-json\/wp\/v2\/product_tag?post=27980"}],"curies":[{"name":"wp","href":"https:\/\/api.w.org\/{rel}","templated":true}]}}