{"id":28133,"date":"2024-02-08T10:21:09","date_gmt":"2024-02-08T09:21:09","guid":{"rendered":"https:\/\/chiptuningmarket.com\/?post_type=product&#038;p=28133"},"modified":"2025-02-17T14:59:08","modified_gmt":"2025-02-17T13:59:08","slug":"zestaw-otwierakow-ecu-mms-6-szt-flk14","status":"publish","type":"product","link":"https:\/\/chiptuningmarket.com\/pl\/shop\/akcesoria-chiptuning-pl\/zestaw-otwierakow-ecu-mms-6-szt-flk14\/","title":{"rendered":"Zestaw otwierak\u00f3w ECU MMS  6 szt. FLK14"},"content":{"rendered":"<div id=\"description\" class=\"description-section\">\n<div class=\"container\">\n<div class=\"product attribute description\">\n<div class=\"value\">\n<div data-content-type=\"row\" data-appearance=\"full-bleed\" data-enable-parallax=\"0\" data-parallax-speed=\"0.5\" data-background-images=\"{}\" data-background-type=\"image\" data-video-loop=\"true\" data-video-play-only-visible=\"true\" data-video-lazy-load=\"true\" data-video-fallback-src=\"\" data-element=\"main\" data-pb-style=\"H01PC1J\">\n<div class=\"pagebuilder-column-group\" data-content-type=\"column-group\" data-grid-size=\"12\" data-element=\"main\">\n<div class=\"pagebuilder-column\" data-content-type=\"column\" data-appearance=\"full-height\" data-background-images=\"{}\" data-element=\"main\" data-pb-style=\"R8BA8SG\">\n<div data-content-type=\"text\" data-appearance=\"default\" data-element=\"main\">\n<p>\u015aci\u0105gacz pokrywy ECU to praktyczny zestaw zaprojektowany do \u0142atwego otwierania ECU Bosch. Mo\u017cna u\u017cywa\u0107 od 4 do 6 narz\u0119dzi jednocze\u015bnie, w zale\u017cno\u015bci od liczby \u015brub na urz\u0105dzeniu. Narz\u0119dzia te musz\u0105 by\u0107 umieszczone w gnie\u017adzie i umo\u017cliwiaj\u0105 rozszczelnienie pokrywy bez powodowania jakichkolwiek uszkodze\u0144 lub deformacji.<\/p>\n<\/div>\n<\/div>\n<\/div>\n<\/div>\n<\/div>\n<\/div>\n<\/div>\n<\/div>\n","protected":false},"excerpt":{"rendered":"<div class=\"product attribute overview\">\n<div class=\"value\">\n<p>Dzi\u0119ki\u00a0<strong>zestawowi do \u015bci\u0105gania pokrywy ECU<\/strong>\u00a0mo\u017cesz \u0142atwo otworzy\u0107 jednostki steruj\u0105ce silnika bez ryzyka ich uszkodzenia.\u00a0W zestawie znajduje si\u0119\u00a0<strong>6 narz\u0119dzi<\/strong><\/p>\n<\/div>\n<\/div>\n","protected":false},"featured_media":28131,"template":"","meta":{"_monsterinsights_skip_tracking":false,"_monsterinsights_sitenote_active":false,"_monsterinsights_sitenote_note":"","_monsterinsights_sitenote_category":0},"product_brand":[],"product_cat":[5072,5060],"product_tag":[6632,2379],"class_list":{"0":"post-28133","1":"product","2":"type-product","3":"status-publish","4":"has-post-thumbnail","6":"product_cat-nowosci-pl","7":"product_cat-akcesoria-chiptuning-pl","8":"product_tag-jak-otworzyc-sterownik-pl","9":"product_tag-ecu-opener-pl","11":"first","12":"instock","13":"taxable","14":"shipping-taxable","15":"purchasable","16":"product-type-simple"},"yoast_head":"<!-- This site is optimized with the Yoast SEO plugin v25.2 - https:\/\/yoast.com\/wordpress\/plugins\/seo\/ -->\n<title>Zestaw otwierak\u00f3w ECU MMS 6 szt. FLK14 - Chiptuningmarket<\/title>\n<meta name=\"description\" content=\"\u015aci\u0105gacz pokrywy ECU to praktyczny zestaw zaprojektowany do \u0142atwego otwierania ECU Bosch. Mo\u017cna u\u017cywa\u0107 od 4 do 6 narz\u0119dzi jednocze\u015bnie, w zale\u017cno\u015bci od liczby \u015brub na urz\u0105dzeniu. Narz\u0119dzia te musz\u0105 by\u0107 umieszczone w gnie\u017adzie i umo\u017cliwiaj\u0105 rozszczelnienie pokrywy bez powodowania jakichkolwiek uszkodze\u0144 lub deformacji.\" \/>\n<meta name=\"robots\" content=\"index, follow, max-snippet:-1, max-image-preview:large, max-video-preview:-1\" \/>\n<link rel=\"canonical\" href=\"https:\/\/chiptuningmarket.com\/pl\/shop\/akcesoria-chiptuning-pl\/zestaw-otwierakow-ecu-mms-6-szt-flk14\/\" \/>\n<meta property=\"og:locale\" content=\"pl_PL\" \/>\n<meta property=\"og:type\" content=\"article\" \/>\n<meta property=\"og:title\" content=\"Zestaw otwierak\u00f3w ECU MMS 6 szt. FLK14 - Chiptuningmarket\" \/>\n<meta property=\"og:description\" content=\"\u015aci\u0105gacz pokrywy ECU to praktyczny zestaw zaprojektowany do \u0142atwego otwierania ECU Bosch. Mo\u017cna u\u017cywa\u0107 od 4 do 6 narz\u0119dzi jednocze\u015bnie, w zale\u017cno\u015bci od liczby \u015brub na urz\u0105dzeniu. Narz\u0119dzia te musz\u0105 by\u0107 umieszczone w gnie\u017adzie i umo\u017cliwiaj\u0105 rozszczelnienie pokrywy bez powodowania jakichkolwiek uszkodze\u0144 lub deformacji.\" \/>\n<meta property=\"og:url\" content=\"https:\/\/chiptuningmarket.com\/pl\/shop\/akcesoria-chiptuning-pl\/zestaw-otwierakow-ecu-mms-6-szt-flk14\/\" \/>\n<meta property=\"og:site_name\" content=\"Chiptuningmarket\" \/>\n<meta property=\"article:modified_time\" content=\"2025-02-17T13:59:08+00:00\" \/>\n<meta property=\"og:image\" content=\"https:\/\/chiptuningmarket.com\/wp-content\/uploads\/2024\/02\/FLK14.jpg\" \/>\n\t<meta property=\"og:image:width\" content=\"560\" \/>\n\t<meta property=\"og:image:height\" content=\"560\" \/>\n\t<meta property=\"og:image:type\" content=\"image\/jpeg\" \/>\n<meta name=\"twitter:card\" content=\"summary_large_image\" \/>\n<meta name=\"twitter:label1\" content=\"Szacowany czas czytania\" \/>\n\t<meta name=\"twitter:data1\" content=\"1 minuta\" \/>\n<script type=\"application\/ld+json\" class=\"yoast-schema-graph\">{\"@context\":\"https:\/\/schema.org\",\"@graph\":[{\"@type\":\"WebPage\",\"@id\":\"https:\/\/chiptuningmarket.com\/pl\/shop\/akcesoria-chiptuning-pl\/zestaw-otwierakow-ecu-mms-6-szt-flk14\/\",\"url\":\"https:\/\/chiptuningmarket.com\/pl\/shop\/akcesoria-chiptuning-pl\/zestaw-otwierakow-ecu-mms-6-szt-flk14\/\",\"name\":\"Zestaw otwierak\u00f3w ECU MMS 6 szt. FLK14 - Chiptuningmarket\",\"isPartOf\":{\"@id\":\"https:\/\/chiptuningmarket.com\/ru\/#website\"},\"primaryImageOfPage\":{\"@id\":\"https:\/\/chiptuningmarket.com\/pl\/shop\/akcesoria-chiptuning-pl\/zestaw-otwierakow-ecu-mms-6-szt-flk14\/#primaryimage\"},\"image\":{\"@id\":\"https:\/\/chiptuningmarket.com\/pl\/shop\/akcesoria-chiptuning-pl\/zestaw-otwierakow-ecu-mms-6-szt-flk14\/#primaryimage\"},\"thumbnailUrl\":\"https:\/\/chiptuningmarket.com\/wp-content\/uploads\/2024\/02\/FLK14.jpg\",\"datePublished\":\"2024-02-08T09:21:09+00:00\",\"dateModified\":\"2025-02-17T13:59:08+00:00\",\"description\":\"\u015aci\u0105gacz pokrywy ECU to praktyczny zestaw zaprojektowany do \u0142atwego otwierania ECU Bosch. Mo\u017cna u\u017cywa\u0107 od 4 do 6 narz\u0119dzi jednocze\u015bnie, w zale\u017cno\u015bci od liczby \u015brub na urz\u0105dzeniu. Narz\u0119dzia te musz\u0105 by\u0107 umieszczone w gnie\u017adzie i umo\u017cliwiaj\u0105 rozszczelnienie pokrywy bez powodowania jakichkolwiek uszkodze\u0144 lub deformacji.\",\"breadcrumb\":{\"@id\":\"https:\/\/chiptuningmarket.com\/pl\/shop\/akcesoria-chiptuning-pl\/zestaw-otwierakow-ecu-mms-6-szt-flk14\/#breadcrumb\"},\"inLanguage\":\"pl-PL\",\"potentialAction\":[{\"@type\":\"ReadAction\",\"target\":[\"https:\/\/chiptuningmarket.com\/pl\/shop\/akcesoria-chiptuning-pl\/zestaw-otwierakow-ecu-mms-6-szt-flk14\/\"]}]},{\"@type\":\"ImageObject\",\"inLanguage\":\"pl-PL\",\"@id\":\"https:\/\/chiptuningmarket.com\/pl\/shop\/akcesoria-chiptuning-pl\/zestaw-otwierakow-ecu-mms-6-szt-flk14\/#primaryimage\",\"url\":\"https:\/\/chiptuningmarket.com\/wp-content\/uploads\/2024\/02\/FLK14.jpg\",\"contentUrl\":\"https:\/\/chiptuningmarket.com\/wp-content\/uploads\/2024\/02\/FLK14.jpg\",\"width\":560,\"height\":560,\"caption\":\"Zestaw otwierak\u00f3w ECU MMS 6 szt. FLK14\"},{\"@type\":\"BreadcrumbList\",\"@id\":\"https:\/\/chiptuningmarket.com\/pl\/shop\/akcesoria-chiptuning-pl\/zestaw-otwierakow-ecu-mms-6-szt-flk14\/#breadcrumb\",\"itemListElement\":[{\"@type\":\"ListItem\",\"position\":1,\"name\":\"Home\",\"item\":\"https:\/\/chiptuningmarket.com\/pl\/\"},{\"@type\":\"ListItem\",\"position\":2,\"name\":\"Sklep\",\"item\":\"https:\/\/chiptuningmarket.com\/pl\/shop\/\"},{\"@type\":\"ListItem\",\"position\":3,\"name\":\"Zestaw otwierak\u00f3w ECU MMS 6 szt. FLK14\"}]},{\"@type\":\"WebSite\",\"@id\":\"https:\/\/chiptuningmarket.com\/ru\/#website\",\"url\":\"https:\/\/chiptuningmarket.com\/ru\/\",\"name\":\"Chiptuningmarket\",\"description\":\"Biggest chiptuning shop in Europe\",\"publisher\":{\"@id\":\"https:\/\/chiptuningmarket.com\/ru\/#organization\"},\"alternateName\":\"Worldwide ecu tools supplier\",\"potentialAction\":[{\"@type\":\"SearchAction\",\"target\":{\"@type\":\"EntryPoint\",\"urlTemplate\":\"https:\/\/chiptuningmarket.com\/ru\/?s={search_term_string}\"},\"query-input\":{\"@type\":\"PropertyValueSpecification\",\"valueRequired\":true,\"valueName\":\"search_term_string\"}}],\"inLanguage\":\"pl-PL\"},{\"@type\":\"Organization\",\"@id\":\"https:\/\/chiptuningmarket.com\/ru\/#organization\",\"name\":\"Chiptuningmarket\",\"alternateName\":\"Chiptuning tools supplier\",\"url\":\"https:\/\/chiptuningmarket.com\/ru\/\",\"logo\":{\"@type\":\"ImageObject\",\"inLanguage\":\"pl-PL\",\"@id\":\"https:\/\/chiptuningmarket.com\/ru\/#\/schema\/logo\/image\/\",\"url\":\"https:\/\/chiptuningmarket.com\/wp-content\/uploads\/2023\/05\/logo-ChipTuningMarket-social.png\",\"contentUrl\":\"https:\/\/chiptuningmarket.com\/wp-content\/uploads\/2023\/05\/logo-ChipTuningMarket-social.png\",\"width\":512,\"height\":512,\"caption\":\"Chiptuningmarket\"},\"image\":{\"@id\":\"https:\/\/chiptuningmarket.com\/ru\/#\/schema\/logo\/image\/\"}}]}<\/script>\n<!-- \/ Yoast SEO plugin. -->","yoast_head_json":{"title":"Zestaw otwierak\u00f3w ECU MMS 6 szt. FLK14 - Chiptuningmarket","description":"\u015aci\u0105gacz pokrywy ECU to praktyczny zestaw zaprojektowany do \u0142atwego otwierania ECU Bosch. Mo\u017cna u\u017cywa\u0107 od 4 do 6 narz\u0119dzi jednocze\u015bnie, w zale\u017cno\u015bci od liczby \u015brub na urz\u0105dzeniu. Narz\u0119dzia te musz\u0105 by\u0107 umieszczone w gnie\u017adzie i umo\u017cliwiaj\u0105 rozszczelnienie pokrywy bez powodowania jakichkolwiek uszkodze\u0144 lub deformacji.","robots":{"index":"index","follow":"follow","max-snippet":"max-snippet:-1","max-image-preview":"max-image-preview:large","max-video-preview":"max-video-preview:-1"},"canonical":"https:\/\/chiptuningmarket.com\/pl\/shop\/akcesoria-chiptuning-pl\/zestaw-otwierakow-ecu-mms-6-szt-flk14\/","og_locale":"pl_PL","og_type":"article","og_title":"Zestaw otwierak\u00f3w ECU MMS 6 szt. FLK14 - Chiptuningmarket","og_description":"\u015aci\u0105gacz pokrywy ECU to praktyczny zestaw zaprojektowany do \u0142atwego otwierania ECU Bosch. Mo\u017cna u\u017cywa\u0107 od 4 do 6 narz\u0119dzi jednocze\u015bnie, w zale\u017cno\u015bci od liczby \u015brub na urz\u0105dzeniu. Narz\u0119dzia te musz\u0105 by\u0107 umieszczone w gnie\u017adzie i umo\u017cliwiaj\u0105 rozszczelnienie pokrywy bez powodowania jakichkolwiek uszkodze\u0144 lub deformacji.","og_url":"https:\/\/chiptuningmarket.com\/pl\/shop\/akcesoria-chiptuning-pl\/zestaw-otwierakow-ecu-mms-6-szt-flk14\/","og_site_name":"Chiptuningmarket","article_modified_time":"2025-02-17T13:59:08+00:00","og_image":[{"width":560,"height":560,"url":"https:\/\/chiptuningmarket.com\/wp-content\/uploads\/2024\/02\/FLK14.jpg","type":"image\/jpeg"}],"twitter_card":"summary_large_image","twitter_misc":{"Szacowany czas czytania":"1 minuta"},"schema":{"@context":"https:\/\/schema.org","@graph":[{"@type":"WebPage","@id":"https:\/\/chiptuningmarket.com\/pl\/shop\/akcesoria-chiptuning-pl\/zestaw-otwierakow-ecu-mms-6-szt-flk14\/","url":"https:\/\/chiptuningmarket.com\/pl\/shop\/akcesoria-chiptuning-pl\/zestaw-otwierakow-ecu-mms-6-szt-flk14\/","name":"Zestaw otwierak\u00f3w ECU MMS 6 szt. FLK14 - Chiptuningmarket","isPartOf":{"@id":"https:\/\/chiptuningmarket.com\/ru\/#website"},"primaryImageOfPage":{"@id":"https:\/\/chiptuningmarket.com\/pl\/shop\/akcesoria-chiptuning-pl\/zestaw-otwierakow-ecu-mms-6-szt-flk14\/#primaryimage"},"image":{"@id":"https:\/\/chiptuningmarket.com\/pl\/shop\/akcesoria-chiptuning-pl\/zestaw-otwierakow-ecu-mms-6-szt-flk14\/#primaryimage"},"thumbnailUrl":"https:\/\/chiptuningmarket.com\/wp-content\/uploads\/2024\/02\/FLK14.jpg","datePublished":"2024-02-08T09:21:09+00:00","dateModified":"2025-02-17T13:59:08+00:00","description":"\u015aci\u0105gacz pokrywy ECU to praktyczny zestaw zaprojektowany do \u0142atwego otwierania ECU Bosch. Mo\u017cna u\u017cywa\u0107 od 4 do 6 narz\u0119dzi jednocze\u015bnie, w zale\u017cno\u015bci od liczby \u015brub na urz\u0105dzeniu. Narz\u0119dzia te musz\u0105 by\u0107 umieszczone w gnie\u017adzie i umo\u017cliwiaj\u0105 rozszczelnienie pokrywy bez powodowania jakichkolwiek uszkodze\u0144 lub deformacji.","breadcrumb":{"@id":"https:\/\/chiptuningmarket.com\/pl\/shop\/akcesoria-chiptuning-pl\/zestaw-otwierakow-ecu-mms-6-szt-flk14\/#breadcrumb"},"inLanguage":"pl-PL","potentialAction":[{"@type":"ReadAction","target":["https:\/\/chiptuningmarket.com\/pl\/shop\/akcesoria-chiptuning-pl\/zestaw-otwierakow-ecu-mms-6-szt-flk14\/"]}]},{"@type":"ImageObject","inLanguage":"pl-PL","@id":"https:\/\/chiptuningmarket.com\/pl\/shop\/akcesoria-chiptuning-pl\/zestaw-otwierakow-ecu-mms-6-szt-flk14\/#primaryimage","url":"https:\/\/chiptuningmarket.com\/wp-content\/uploads\/2024\/02\/FLK14.jpg","contentUrl":"https:\/\/chiptuningmarket.com\/wp-content\/uploads\/2024\/02\/FLK14.jpg","width":560,"height":560,"caption":"Zestaw otwierak\u00f3w ECU MMS 6 szt. FLK14"},{"@type":"BreadcrumbList","@id":"https:\/\/chiptuningmarket.com\/pl\/shop\/akcesoria-chiptuning-pl\/zestaw-otwierakow-ecu-mms-6-szt-flk14\/#breadcrumb","itemListElement":[{"@type":"ListItem","position":1,"name":"Home","item":"https:\/\/chiptuningmarket.com\/pl\/"},{"@type":"ListItem","position":2,"name":"Sklep","item":"https:\/\/chiptuningmarket.com\/pl\/shop\/"},{"@type":"ListItem","position":3,"name":"Zestaw otwierak\u00f3w ECU MMS 6 szt. FLK14"}]},{"@type":"WebSite","@id":"https:\/\/chiptuningmarket.com\/ru\/#website","url":"https:\/\/chiptuningmarket.com\/ru\/","name":"Chiptuningmarket","description":"Biggest chiptuning shop in Europe","publisher":{"@id":"https:\/\/chiptuningmarket.com\/ru\/#organization"},"alternateName":"Worldwide ecu tools supplier","potentialAction":[{"@type":"SearchAction","target":{"@type":"EntryPoint","urlTemplate":"https:\/\/chiptuningmarket.com\/ru\/?s={search_term_string}"},"query-input":{"@type":"PropertyValueSpecification","valueRequired":true,"valueName":"search_term_string"}}],"inLanguage":"pl-PL"},{"@type":"Organization","@id":"https:\/\/chiptuningmarket.com\/ru\/#organization","name":"Chiptuningmarket","alternateName":"Chiptuning tools supplier","url":"https:\/\/chiptuningmarket.com\/ru\/","logo":{"@type":"ImageObject","inLanguage":"pl-PL","@id":"https:\/\/chiptuningmarket.com\/ru\/#\/schema\/logo\/image\/","url":"https:\/\/chiptuningmarket.com\/wp-content\/uploads\/2023\/05\/logo-ChipTuningMarket-social.png","contentUrl":"https:\/\/chiptuningmarket.com\/wp-content\/uploads\/2023\/05\/logo-ChipTuningMarket-social.png","width":512,"height":512,"caption":"Chiptuningmarket"},"image":{"@id":"https:\/\/chiptuningmarket.com\/ru\/#\/schema\/logo\/image\/"}}]}},"_links":{"self":[{"href":"https:\/\/chiptuningmarket.com\/pl\/wp-json\/wp\/v2\/product\/28133","targetHints":{"allow":["GET"]}}],"collection":[{"href":"https:\/\/chiptuningmarket.com\/pl\/wp-json\/wp\/v2\/product"}],"about":[{"href":"https:\/\/chiptuningmarket.com\/pl\/wp-json\/wp\/v2\/types\/product"}],"wp:featuredmedia":[{"embeddable":true,"href":"https:\/\/chiptuningmarket.com\/pl\/wp-json\/wp\/v2\/media\/28131"}],"wp:attachment":[{"href":"https:\/\/chiptuningmarket.com\/pl\/wp-json\/wp\/v2\/media?parent=28133"}],"wp:term":[{"taxonomy":"product_brand","embeddable":true,"href":"https:\/\/chiptuningmarket.com\/pl\/wp-json\/wp\/v2\/product_brand?post=28133"},{"taxonomy":"product_cat","embeddable":true,"href":"https:\/\/chiptuningmarket.com\/pl\/wp-json\/wp\/v2\/product_cat?post=28133"},{"taxonomy":"product_tag","embeddable":true,"href":"https:\/\/chiptuningmarket.com\/pl\/wp-json\/wp\/v2\/product_tag?post=28133"}],"curies":[{"name":"wp","href":"https:\/\/api.w.org\/{rel}","templated":true}]}}