{"id":28923,"date":"2024-03-27T10:30:15","date_gmt":"2024-03-27T10:30:15","guid":{"rendered":"https:\/\/chiptuningmarket.com\/?post_type=product&#038;p=28923"},"modified":"2025-02-13T14:06:40","modified_gmt":"2025-02-13T13:06:40","slug":"przewod-diagnostyczny-silnika-iveco-jdc206a","status":"publish","type":"product","link":"https:\/\/chiptuningmarket.com\/pl\/shop\/akcesoria-chiptuning-pl\/jaltest-akcesoria-chiptuning-pl\/cables-jaltest-akcesoria-chiptuning-pl\/trucks-cv-trailers-pl\/przewod-diagnostyczny-silnika-iveco-jdc206a\/","title":{"rendered":"Przew\u00f3d diagnostyczny Jaltest silnika IVECO JDC206A"},"content":{"rendered":"<p style=\"text-align: center\">Przew\u00f3d diagnostyczny Jaltest silnika IVECO JDC206A<\/p>\n<p>Przew\u00f3d akcesoryjny do testera diagnostycznego Jaltest umo\u017cliwiaj\u0105cy pod\u0142\u0105czenie do silnik\u00f3w IVECO zar\u00f3wno w samochodach ci\u0119\u017carowych jak i maszynach rolniczych.<\/p>\n","protected":false},"excerpt":{"rendered":"<p>PRZEW\u00d3D DIAGNOSTYCZNY SILNIKA IVECO<\/p>\n<p>Przew\u00f3d akcesoryjny do testera diagnostycznego Jaltest umo\u017cliwiaj\u0105cy pod\u0142\u0105czenie do silnik\u00f3w IVECO zar\u00f3wno w samochodach ci\u0119\u017carowych jak i maszynach rolniczych.<\/p>\n<p>Wersja \u0142\u0105cza V8.1\/V9<br \/>\nD\u0142ugo\u015b\u0107 28-30 cm<\/p>\n","protected":false},"featured_media":28933,"template":"","meta":{"_monsterinsights_skip_tracking":false,"_monsterinsights_sitenote_active":false,"_monsterinsights_sitenote_note":"","_monsterinsights_sitenote_category":0},"product_brand":[],"product_cat":[5060,5119,5120,5122],"product_tag":[6354,4800,4579,6355],"class_list":{"0":"post-28923","1":"product","2":"type-product","3":"status-publish","4":"has-post-thumbnail","6":"product_cat-akcesoria-chiptuning-pl","7":"product_cat-jaltest-akcesoria-chiptuning-pl","8":"product_cat-cables-jaltest-akcesoria-chiptuning-pl","9":"product_cat-trucks-cv-trailers-pl","10":"product_tag-jaltest-przewod-jdc206a","11":"product_tag-jdc206a","12":"product_tag-przewod-diagnostyczny","13":"product_tag-przewod-diagnostyczny-silnik-iveco","15":"first","16":"onbackorder","17":"taxable","18":"shipping-taxable","19":"purchasable","20":"product-type-simple"},"yoast_head":"<!-- This site is optimized with the Yoast SEO plugin v25.2 - https:\/\/yoast.com\/wordpress\/plugins\/seo\/ -->\n<title>Przew\u00f3d diagnostyczny Jaltest silnika IVECO JDC206A - Chiptuningmarket<\/title>\n<meta name=\"description\" content=\"Przew\u00f3d diagnostyczny Jaltest silnika IVECO JDC206A umo\u017cliwiaj\u0105cy pod\u0142\u0105czenie do silnik\u00f3w IVECO zar\u00f3wno w samochodach ci\u0119\u017carowych jak i maszynach rolniczych.\u00a0\" \/>\n<meta name=\"robots\" content=\"index, follow, max-snippet:-1, max-image-preview:large, max-video-preview:-1\" \/>\n<link rel=\"canonical\" href=\"https:\/\/chiptuningmarket.com\/pl\/shop\/akcesoria-chiptuning-pl\/jaltest-akcesoria-chiptuning-pl\/cables-jaltest-akcesoria-chiptuning-pl\/trucks-cv-trailers-pl\/przewod-diagnostyczny-silnika-iveco-jdc206a\/\" \/>\n<meta property=\"og:locale\" content=\"pl_PL\" \/>\n<meta property=\"og:type\" content=\"article\" \/>\n<meta property=\"og:title\" content=\"Przew\u00f3d diagnostyczny Jaltest silnika IVECO JDC206A - Chiptuningmarket\" \/>\n<meta property=\"og:description\" content=\"Przew\u00f3d diagnostyczny Jaltest silnika IVECO JDC206A umo\u017cliwiaj\u0105cy pod\u0142\u0105czenie do silnik\u00f3w IVECO zar\u00f3wno w samochodach ci\u0119\u017carowych jak i maszynach rolniczych.\u00a0\" \/>\n<meta property=\"og:url\" content=\"https:\/\/chiptuningmarket.com\/pl\/shop\/akcesoria-chiptuning-pl\/jaltest-akcesoria-chiptuning-pl\/cables-jaltest-akcesoria-chiptuning-pl\/trucks-cv-trailers-pl\/przewod-diagnostyczny-silnika-iveco-jdc206a\/\" \/>\n<meta property=\"og:site_name\" content=\"Chiptuningmarket\" \/>\n<meta property=\"article:modified_time\" content=\"2025-02-13T13:06:40+00:00\" \/>\n<meta property=\"og:image\" content=\"https:\/\/chiptuningmarket.com\/wp-content\/uploads\/2024\/03\/JDC206A.png\" \/>\n\t<meta property=\"og:image:width\" content=\"1024\" \/>\n\t<meta property=\"og:image:height\" content=\"682\" \/>\n\t<meta property=\"og:image:type\" content=\"image\/png\" \/>\n<meta name=\"twitter:card\" content=\"summary_large_image\" \/>\n<meta name=\"twitter:label1\" content=\"Szacowany czas czytania\" \/>\n\t<meta name=\"twitter:data1\" content=\"1 minuta\" \/>\n<script type=\"application\/ld+json\" class=\"yoast-schema-graph\">{\"@context\":\"https:\/\/schema.org\",\"@graph\":[{\"@type\":\"WebPage\",\"@id\":\"https:\/\/chiptuningmarket.com\/pl\/shop\/akcesoria-chiptuning-pl\/jaltest-akcesoria-chiptuning-pl\/cables-jaltest-akcesoria-chiptuning-pl\/trucks-cv-trailers-pl\/przewod-diagnostyczny-silnika-iveco-jdc206a\/\",\"url\":\"https:\/\/chiptuningmarket.com\/pl\/shop\/akcesoria-chiptuning-pl\/jaltest-akcesoria-chiptuning-pl\/cables-jaltest-akcesoria-chiptuning-pl\/trucks-cv-trailers-pl\/przewod-diagnostyczny-silnika-iveco-jdc206a\/\",\"name\":\"Przew\u00f3d diagnostyczny Jaltest silnika IVECO JDC206A - Chiptuningmarket\",\"isPartOf\":{\"@id\":\"https:\/\/chiptuningmarket.com\/ru\/#website\"},\"primaryImageOfPage\":{\"@id\":\"https:\/\/chiptuningmarket.com\/pl\/shop\/akcesoria-chiptuning-pl\/jaltest-akcesoria-chiptuning-pl\/cables-jaltest-akcesoria-chiptuning-pl\/trucks-cv-trailers-pl\/przewod-diagnostyczny-silnika-iveco-jdc206a\/#primaryimage\"},\"image\":{\"@id\":\"https:\/\/chiptuningmarket.com\/pl\/shop\/akcesoria-chiptuning-pl\/jaltest-akcesoria-chiptuning-pl\/cables-jaltest-akcesoria-chiptuning-pl\/trucks-cv-trailers-pl\/przewod-diagnostyczny-silnika-iveco-jdc206a\/#primaryimage\"},\"thumbnailUrl\":\"https:\/\/chiptuningmarket.com\/wp-content\/uploads\/2024\/03\/JDC206A.png\",\"datePublished\":\"2024-03-27T10:30:15+00:00\",\"dateModified\":\"2025-02-13T13:06:40+00:00\",\"description\":\"Przew\u00f3d diagnostyczny Jaltest silnika IVECO JDC206A umo\u017cliwiaj\u0105cy pod\u0142\u0105czenie do silnik\u00f3w IVECO zar\u00f3wno w samochodach ci\u0119\u017carowych jak i maszynach rolniczych.\u00a0\",\"breadcrumb\":{\"@id\":\"https:\/\/chiptuningmarket.com\/pl\/shop\/akcesoria-chiptuning-pl\/jaltest-akcesoria-chiptuning-pl\/cables-jaltest-akcesoria-chiptuning-pl\/trucks-cv-trailers-pl\/przewod-diagnostyczny-silnika-iveco-jdc206a\/#breadcrumb\"},\"inLanguage\":\"pl-PL\",\"potentialAction\":[{\"@type\":\"ReadAction\",\"target\":[\"https:\/\/chiptuningmarket.com\/pl\/shop\/akcesoria-chiptuning-pl\/jaltest-akcesoria-chiptuning-pl\/cables-jaltest-akcesoria-chiptuning-pl\/trucks-cv-trailers-pl\/przewod-diagnostyczny-silnika-iveco-jdc206a\/\"]}]},{\"@type\":\"ImageObject\",\"inLanguage\":\"pl-PL\",\"@id\":\"https:\/\/chiptuningmarket.com\/pl\/shop\/akcesoria-chiptuning-pl\/jaltest-akcesoria-chiptuning-pl\/cables-jaltest-akcesoria-chiptuning-pl\/trucks-cv-trailers-pl\/przewod-diagnostyczny-silnika-iveco-jdc206a\/#primaryimage\",\"url\":\"https:\/\/chiptuningmarket.com\/wp-content\/uploads\/2024\/03\/JDC206A.png\",\"contentUrl\":\"https:\/\/chiptuningmarket.com\/wp-content\/uploads\/2024\/03\/JDC206A.png\",\"width\":1024,\"height\":682,\"caption\":\"Przew\u00f3d diagnostyczny Jaltest silnika IVECO JDC206A\"},{\"@type\":\"BreadcrumbList\",\"@id\":\"https:\/\/chiptuningmarket.com\/pl\/shop\/akcesoria-chiptuning-pl\/jaltest-akcesoria-chiptuning-pl\/cables-jaltest-akcesoria-chiptuning-pl\/trucks-cv-trailers-pl\/przewod-diagnostyczny-silnika-iveco-jdc206a\/#breadcrumb\",\"itemListElement\":[{\"@type\":\"ListItem\",\"position\":1,\"name\":\"Home\",\"item\":\"https:\/\/chiptuningmarket.com\/pl\/\"},{\"@type\":\"ListItem\",\"position\":2,\"name\":\"Sklep\",\"item\":\"https:\/\/chiptuningmarket.com\/pl\/shop\/\"},{\"@type\":\"ListItem\",\"position\":3,\"name\":\"Przew\u00f3d diagnostyczny Jaltest silnika IVECO JDC206A\"}]},{\"@type\":\"WebSite\",\"@id\":\"https:\/\/chiptuningmarket.com\/ru\/#website\",\"url\":\"https:\/\/chiptuningmarket.com\/ru\/\",\"name\":\"Chiptuningmarket\",\"description\":\"Biggest chiptuning shop in Europe\",\"publisher\":{\"@id\":\"https:\/\/chiptuningmarket.com\/ru\/#organization\"},\"alternateName\":\"Worldwide ecu tools supplier\",\"potentialAction\":[{\"@type\":\"SearchAction\",\"target\":{\"@type\":\"EntryPoint\",\"urlTemplate\":\"https:\/\/chiptuningmarket.com\/ru\/?s={search_term_string}\"},\"query-input\":{\"@type\":\"PropertyValueSpecification\",\"valueRequired\":true,\"valueName\":\"search_term_string\"}}],\"inLanguage\":\"pl-PL\"},{\"@type\":\"Organization\",\"@id\":\"https:\/\/chiptuningmarket.com\/ru\/#organization\",\"name\":\"Chiptuningmarket\",\"alternateName\":\"Chiptuning tools supplier\",\"url\":\"https:\/\/chiptuningmarket.com\/ru\/\",\"logo\":{\"@type\":\"ImageObject\",\"inLanguage\":\"pl-PL\",\"@id\":\"https:\/\/chiptuningmarket.com\/ru\/#\/schema\/logo\/image\/\",\"url\":\"https:\/\/chiptuningmarket.com\/wp-content\/uploads\/2023\/05\/logo-ChipTuningMarket-social.png\",\"contentUrl\":\"https:\/\/chiptuningmarket.com\/wp-content\/uploads\/2023\/05\/logo-ChipTuningMarket-social.png\",\"width\":512,\"height\":512,\"caption\":\"Chiptuningmarket\"},\"image\":{\"@id\":\"https:\/\/chiptuningmarket.com\/ru\/#\/schema\/logo\/image\/\"}}]}<\/script>\n<!-- \/ Yoast SEO plugin. -->","yoast_head_json":{"title":"Przew\u00f3d diagnostyczny Jaltest silnika IVECO JDC206A - Chiptuningmarket","description":"Przew\u00f3d diagnostyczny Jaltest silnika IVECO JDC206A umo\u017cliwiaj\u0105cy pod\u0142\u0105czenie do silnik\u00f3w IVECO zar\u00f3wno w samochodach ci\u0119\u017carowych jak i maszynach rolniczych.\u00a0","robots":{"index":"index","follow":"follow","max-snippet":"max-snippet:-1","max-image-preview":"max-image-preview:large","max-video-preview":"max-video-preview:-1"},"canonical":"https:\/\/chiptuningmarket.com\/pl\/shop\/akcesoria-chiptuning-pl\/jaltest-akcesoria-chiptuning-pl\/cables-jaltest-akcesoria-chiptuning-pl\/trucks-cv-trailers-pl\/przewod-diagnostyczny-silnika-iveco-jdc206a\/","og_locale":"pl_PL","og_type":"article","og_title":"Przew\u00f3d diagnostyczny Jaltest silnika IVECO JDC206A - Chiptuningmarket","og_description":"Przew\u00f3d diagnostyczny Jaltest silnika IVECO JDC206A umo\u017cliwiaj\u0105cy pod\u0142\u0105czenie do silnik\u00f3w IVECO zar\u00f3wno w samochodach ci\u0119\u017carowych jak i maszynach rolniczych.\u00a0","og_url":"https:\/\/chiptuningmarket.com\/pl\/shop\/akcesoria-chiptuning-pl\/jaltest-akcesoria-chiptuning-pl\/cables-jaltest-akcesoria-chiptuning-pl\/trucks-cv-trailers-pl\/przewod-diagnostyczny-silnika-iveco-jdc206a\/","og_site_name":"Chiptuningmarket","article_modified_time":"2025-02-13T13:06:40+00:00","og_image":[{"width":1024,"height":682,"url":"https:\/\/chiptuningmarket.com\/wp-content\/uploads\/2024\/03\/JDC206A.png","type":"image\/png"}],"twitter_card":"summary_large_image","twitter_misc":{"Szacowany czas czytania":"1 minuta"},"schema":{"@context":"https:\/\/schema.org","@graph":[{"@type":"WebPage","@id":"https:\/\/chiptuningmarket.com\/pl\/shop\/akcesoria-chiptuning-pl\/jaltest-akcesoria-chiptuning-pl\/cables-jaltest-akcesoria-chiptuning-pl\/trucks-cv-trailers-pl\/przewod-diagnostyczny-silnika-iveco-jdc206a\/","url":"https:\/\/chiptuningmarket.com\/pl\/shop\/akcesoria-chiptuning-pl\/jaltest-akcesoria-chiptuning-pl\/cables-jaltest-akcesoria-chiptuning-pl\/trucks-cv-trailers-pl\/przewod-diagnostyczny-silnika-iveco-jdc206a\/","name":"Przew\u00f3d diagnostyczny Jaltest silnika IVECO JDC206A - Chiptuningmarket","isPartOf":{"@id":"https:\/\/chiptuningmarket.com\/ru\/#website"},"primaryImageOfPage":{"@id":"https:\/\/chiptuningmarket.com\/pl\/shop\/akcesoria-chiptuning-pl\/jaltest-akcesoria-chiptuning-pl\/cables-jaltest-akcesoria-chiptuning-pl\/trucks-cv-trailers-pl\/przewod-diagnostyczny-silnika-iveco-jdc206a\/#primaryimage"},"image":{"@id":"https:\/\/chiptuningmarket.com\/pl\/shop\/akcesoria-chiptuning-pl\/jaltest-akcesoria-chiptuning-pl\/cables-jaltest-akcesoria-chiptuning-pl\/trucks-cv-trailers-pl\/przewod-diagnostyczny-silnika-iveco-jdc206a\/#primaryimage"},"thumbnailUrl":"https:\/\/chiptuningmarket.com\/wp-content\/uploads\/2024\/03\/JDC206A.png","datePublished":"2024-03-27T10:30:15+00:00","dateModified":"2025-02-13T13:06:40+00:00","description":"Przew\u00f3d diagnostyczny Jaltest silnika IVECO JDC206A umo\u017cliwiaj\u0105cy pod\u0142\u0105czenie do silnik\u00f3w IVECO zar\u00f3wno w samochodach ci\u0119\u017carowych jak i maszynach rolniczych.\u00a0","breadcrumb":{"@id":"https:\/\/chiptuningmarket.com\/pl\/shop\/akcesoria-chiptuning-pl\/jaltest-akcesoria-chiptuning-pl\/cables-jaltest-akcesoria-chiptuning-pl\/trucks-cv-trailers-pl\/przewod-diagnostyczny-silnika-iveco-jdc206a\/#breadcrumb"},"inLanguage":"pl-PL","potentialAction":[{"@type":"ReadAction","target":["https:\/\/chiptuningmarket.com\/pl\/shop\/akcesoria-chiptuning-pl\/jaltest-akcesoria-chiptuning-pl\/cables-jaltest-akcesoria-chiptuning-pl\/trucks-cv-trailers-pl\/przewod-diagnostyczny-silnika-iveco-jdc206a\/"]}]},{"@type":"ImageObject","inLanguage":"pl-PL","@id":"https:\/\/chiptuningmarket.com\/pl\/shop\/akcesoria-chiptuning-pl\/jaltest-akcesoria-chiptuning-pl\/cables-jaltest-akcesoria-chiptuning-pl\/trucks-cv-trailers-pl\/przewod-diagnostyczny-silnika-iveco-jdc206a\/#primaryimage","url":"https:\/\/chiptuningmarket.com\/wp-content\/uploads\/2024\/03\/JDC206A.png","contentUrl":"https:\/\/chiptuningmarket.com\/wp-content\/uploads\/2024\/03\/JDC206A.png","width":1024,"height":682,"caption":"Przew\u00f3d diagnostyczny Jaltest silnika IVECO JDC206A"},{"@type":"BreadcrumbList","@id":"https:\/\/chiptuningmarket.com\/pl\/shop\/akcesoria-chiptuning-pl\/jaltest-akcesoria-chiptuning-pl\/cables-jaltest-akcesoria-chiptuning-pl\/trucks-cv-trailers-pl\/przewod-diagnostyczny-silnika-iveco-jdc206a\/#breadcrumb","itemListElement":[{"@type":"ListItem","position":1,"name":"Home","item":"https:\/\/chiptuningmarket.com\/pl\/"},{"@type":"ListItem","position":2,"name":"Sklep","item":"https:\/\/chiptuningmarket.com\/pl\/shop\/"},{"@type":"ListItem","position":3,"name":"Przew\u00f3d diagnostyczny Jaltest silnika IVECO JDC206A"}]},{"@type":"WebSite","@id":"https:\/\/chiptuningmarket.com\/ru\/#website","url":"https:\/\/chiptuningmarket.com\/ru\/","name":"Chiptuningmarket","description":"Biggest chiptuning shop in Europe","publisher":{"@id":"https:\/\/chiptuningmarket.com\/ru\/#organization"},"alternateName":"Worldwide ecu tools supplier","potentialAction":[{"@type":"SearchAction","target":{"@type":"EntryPoint","urlTemplate":"https:\/\/chiptuningmarket.com\/ru\/?s={search_term_string}"},"query-input":{"@type":"PropertyValueSpecification","valueRequired":true,"valueName":"search_term_string"}}],"inLanguage":"pl-PL"},{"@type":"Organization","@id":"https:\/\/chiptuningmarket.com\/ru\/#organization","name":"Chiptuningmarket","alternateName":"Chiptuning tools supplier","url":"https:\/\/chiptuningmarket.com\/ru\/","logo":{"@type":"ImageObject","inLanguage":"pl-PL","@id":"https:\/\/chiptuningmarket.com\/ru\/#\/schema\/logo\/image\/","url":"https:\/\/chiptuningmarket.com\/wp-content\/uploads\/2023\/05\/logo-ChipTuningMarket-social.png","contentUrl":"https:\/\/chiptuningmarket.com\/wp-content\/uploads\/2023\/05\/logo-ChipTuningMarket-social.png","width":512,"height":512,"caption":"Chiptuningmarket"},"image":{"@id":"https:\/\/chiptuningmarket.com\/ru\/#\/schema\/logo\/image\/"}}]}},"_links":{"self":[{"href":"https:\/\/chiptuningmarket.com\/pl\/wp-json\/wp\/v2\/product\/28923","targetHints":{"allow":["GET"]}}],"collection":[{"href":"https:\/\/chiptuningmarket.com\/pl\/wp-json\/wp\/v2\/product"}],"about":[{"href":"https:\/\/chiptuningmarket.com\/pl\/wp-json\/wp\/v2\/types\/product"}],"wp:featuredmedia":[{"embeddable":true,"href":"https:\/\/chiptuningmarket.com\/pl\/wp-json\/wp\/v2\/media\/28933"}],"wp:attachment":[{"href":"https:\/\/chiptuningmarket.com\/pl\/wp-json\/wp\/v2\/media?parent=28923"}],"wp:term":[{"taxonomy":"product_brand","embeddable":true,"href":"https:\/\/chiptuningmarket.com\/pl\/wp-json\/wp\/v2\/product_brand?post=28923"},{"taxonomy":"product_cat","embeddable":true,"href":"https:\/\/chiptuningmarket.com\/pl\/wp-json\/wp\/v2\/product_cat?post=28923"},{"taxonomy":"product_tag","embeddable":true,"href":"https:\/\/chiptuningmarket.com\/pl\/wp-json\/wp\/v2\/product_tag?post=28923"}],"curies":[{"name":"wp","href":"https:\/\/api.w.org\/{rel}","templated":true}]}}