{"id":29128,"date":"2024-04-11T09:53:24","date_gmt":"2024-04-11T09:53:24","guid":{"rendered":"https:\/\/chiptuningmarket.com\/?post_type=product&#038;p=29128"},"modified":"2025-09-05T09:23:56","modified_gmt":"2025-09-05T08:23:56","slug":"uniwersalne-ramie-przegubowe-flex-magbench-do-adapterow-bdm-flx4-10","status":"publish","type":"product","link":"https:\/\/chiptuningmarket.com\/pl\/shop\/akcesoria-chiptuning-pl\/magicmotorsport-flex-pl\/akcesoria-czesci-zamienne-pl\/uniwersalne-ramie-przegubowe-flex-magbench-do-adapterow-bdm-flx4-10\/","title":{"rendered":"Uniwersalne rami\u0119 przegubowe FLEX MAGBench do adapter\u00f3w\u00a0BDM\u00a0FLX4.10"},"content":{"rendered":"<h3 style=\"text-align: center\">Uniwersalne rami\u0119 przegubowe FLEX MAGBench do adapter\u00f3w BDM FLX4.10<\/h3>\n<p>To rami\u0119 przegubowe mo\u017cna dostosowa\u0107 do sto\u0142u Flexible Bench, a tak\u017ce do Universal MAGBench, aby uzyska\u0107 rozwi\u0105zanie 2 w 1. Mo\u017cliwe jest u\u017cycie zar\u00f3wno sond pogo pin, jak i adapter\u00f3w do programowania w trybie BDM i JTAG. Rami\u0119 jest wyposa\u017cone w adapter z szybkoz\u0142\u0105czem, kt\u00f3ry \u0142\u0105czy si\u0119 bezpo\u015brednio z portem E FlexBox za pomoc\u0105 p\u0142askiego kabla. <strong>Rama BDM nie wchodzi w sk\u0142ad zestawu.<\/strong><\/p>\n<p>Dzi\u0119ki zastosowaniu adapteru z linku poni\u017cej mo\u017cliwe jest zamontowanie ramienia do dowolnej ramy BDM np. naszej produkcji M.S. Group<\/p>\n<h3 style=\"text-align: center\"><a style=\"color: blue\" href=\"https:\/\/ms-group.pl\/product\/adapter-ramienia-przegubowego-flex-bdm-magk00030-v2-flx4-10-1\/\">Adapter ramienia przegubowego<\/a><\/h3>\n","protected":false},"excerpt":{"rendered":"<h3 style=\"text-align: center\">Uniwersalne rami\u0119 przegubowe FLEX MAGBench do adapter\u00f3w\u00a0BDM\u00a0FLX4.10<\/h3>\n<p>To rami\u0119 przegubowe mo\u017cna dostosowa\u0107 do sto\u0142u Flexible Bench, a tak\u017ce do Universal MAGBench, aby uzyska\u0107 rozwi\u0105zanie 2 w 1. Mo\u017cliwe jest u\u017cycie zar\u00f3wno sond pogo pin, jak i adapter\u00f3w do programowania w trybie BDM i JTAG. Rami\u0119 jest wyposa\u017cone w adapter z szybkoz\u0142\u0105czem, kt\u00f3ry \u0142\u0105czy si\u0119 bezpo\u015brednio z portem E FlexBox za pomoc\u0105 p\u0142askiego kabla. <strong>Rama BDM nie wchodzi w sk\u0142ad zestawu.<\/strong><\/p>\n","protected":false},"featured_media":29135,"template":"","meta":{"_monsterinsights_skip_tracking":false,"_monsterinsights_sitenote_active":false,"_monsterinsights_sitenote_note":"","_monsterinsights_sitenote_category":0},"product_brand":[],"product_cat":[5130,5060,5129],"product_tag":[6317,6318,4817],"class_list":{"0":"post-29128","1":"product","2":"type-product","3":"status-publish","4":"has-post-thumbnail","6":"product_cat-akcesoria-czesci-zamienne-pl","7":"product_cat-akcesoria-chiptuning-pl","8":"product_cat-magicmotorsport-flex-pl","9":"product_tag-do-adapterow-bdm-flx4-10","10":"product_tag-flex-magbench","11":"product_tag-ramie-przegubowe-magbench","13":"first","14":"instock","15":"taxable","16":"shipping-taxable","17":"purchasable","18":"product-type-simple"},"yoast_head":"<!-- This site is optimized with the Yoast SEO plugin v25.2 - https:\/\/yoast.com\/wordpress\/plugins\/seo\/ -->\n<title>Uniwersalne rami\u0119 przegubowe FLEX MAGBench do adapter\u00f3w\u00a0BDM\u00a0FLX4.10 - Chiptuningmarket<\/title>\n<meta name=\"description\" content=\"Uniwersalne rami\u0119 przegubowe FLEX MAGBench do adapter\u00f3w\u00a0BDM\u00a0FLX4.10 - To rami\u0119 przegubowe mo\u017cna dostosowa\u0107 do sto\u0142u Flexible Bench\" \/>\n<meta name=\"robots\" content=\"index, follow, max-snippet:-1, max-image-preview:large, max-video-preview:-1\" \/>\n<link rel=\"canonical\" href=\"https:\/\/chiptuningmarket.com\/pl\/shop\/akcesoria-chiptuning-pl\/magicmotorsport-flex-pl\/akcesoria-czesci-zamienne-pl\/uniwersalne-ramie-przegubowe-flex-magbench-do-adapterow-bdm-flx4-10\/\" \/>\n<meta property=\"og:locale\" content=\"pl_PL\" \/>\n<meta property=\"og:type\" content=\"article\" \/>\n<meta property=\"og:title\" content=\"Uniwersalne rami\u0119 przegubowe FLEX MAGBench do adapter\u00f3w\u00a0BDM\u00a0FLX4.10 - Chiptuningmarket\" \/>\n<meta property=\"og:description\" content=\"Uniwersalne rami\u0119 przegubowe FLEX MAGBench do adapter\u00f3w\u00a0BDM\u00a0FLX4.10 - To rami\u0119 przegubowe mo\u017cna dostosowa\u0107 do sto\u0142u Flexible Bench\" \/>\n<meta property=\"og:url\" content=\"https:\/\/chiptuningmarket.com\/pl\/shop\/akcesoria-chiptuning-pl\/magicmotorsport-flex-pl\/akcesoria-czesci-zamienne-pl\/uniwersalne-ramie-przegubowe-flex-magbench-do-adapterow-bdm-flx4-10\/\" \/>\n<meta property=\"og:site_name\" content=\"Chiptuningmarket\" \/>\n<meta property=\"article:modified_time\" content=\"2025-09-05T08:23:56+00:00\" \/>\n<meta property=\"og:image\" content=\"https:\/\/chiptuningmarket.com\/wp-content\/uploads\/2024\/04\/FLX4.10.jpg\" \/>\n\t<meta property=\"og:image:width\" content=\"600\" \/>\n\t<meta property=\"og:image:height\" content=\"600\" \/>\n\t<meta property=\"og:image:type\" content=\"image\/jpeg\" \/>\n<meta name=\"twitter:card\" content=\"summary_large_image\" \/>\n<meta name=\"twitter:label1\" content=\"Szacowany czas czytania\" \/>\n\t<meta name=\"twitter:data1\" content=\"1 minuta\" \/>\n<script type=\"application\/ld+json\" class=\"yoast-schema-graph\">{\"@context\":\"https:\/\/schema.org\",\"@graph\":[{\"@type\":\"WebPage\",\"@id\":\"https:\/\/chiptuningmarket.com\/pl\/shop\/akcesoria-chiptuning-pl\/magicmotorsport-flex-pl\/akcesoria-czesci-zamienne-pl\/uniwersalne-ramie-przegubowe-flex-magbench-do-adapterow-bdm-flx4-10\/\",\"url\":\"https:\/\/chiptuningmarket.com\/pl\/shop\/akcesoria-chiptuning-pl\/magicmotorsport-flex-pl\/akcesoria-czesci-zamienne-pl\/uniwersalne-ramie-przegubowe-flex-magbench-do-adapterow-bdm-flx4-10\/\",\"name\":\"Uniwersalne rami\u0119 przegubowe FLEX MAGBench do adapter\u00f3w\u00a0BDM\u00a0FLX4.10 - Chiptuningmarket\",\"isPartOf\":{\"@id\":\"https:\/\/chiptuningmarket.com\/ru\/#website\"},\"primaryImageOfPage\":{\"@id\":\"https:\/\/chiptuningmarket.com\/pl\/shop\/akcesoria-chiptuning-pl\/magicmotorsport-flex-pl\/akcesoria-czesci-zamienne-pl\/uniwersalne-ramie-przegubowe-flex-magbench-do-adapterow-bdm-flx4-10\/#primaryimage\"},\"image\":{\"@id\":\"https:\/\/chiptuningmarket.com\/pl\/shop\/akcesoria-chiptuning-pl\/magicmotorsport-flex-pl\/akcesoria-czesci-zamienne-pl\/uniwersalne-ramie-przegubowe-flex-magbench-do-adapterow-bdm-flx4-10\/#primaryimage\"},\"thumbnailUrl\":\"https:\/\/chiptuningmarket.com\/wp-content\/uploads\/2024\/04\/FLX4.10.jpg\",\"datePublished\":\"2024-04-11T09:53:24+00:00\",\"dateModified\":\"2025-09-05T08:23:56+00:00\",\"description\":\"Uniwersalne rami\u0119 przegubowe FLEX MAGBench do adapter\u00f3w\u00a0BDM\u00a0FLX4.10 - To rami\u0119 przegubowe mo\u017cna dostosowa\u0107 do sto\u0142u Flexible Bench\",\"breadcrumb\":{\"@id\":\"https:\/\/chiptuningmarket.com\/pl\/shop\/akcesoria-chiptuning-pl\/magicmotorsport-flex-pl\/akcesoria-czesci-zamienne-pl\/uniwersalne-ramie-przegubowe-flex-magbench-do-adapterow-bdm-flx4-10\/#breadcrumb\"},\"inLanguage\":\"pl-PL\",\"potentialAction\":[{\"@type\":\"ReadAction\",\"target\":[\"https:\/\/chiptuningmarket.com\/pl\/shop\/akcesoria-chiptuning-pl\/magicmotorsport-flex-pl\/akcesoria-czesci-zamienne-pl\/uniwersalne-ramie-przegubowe-flex-magbench-do-adapterow-bdm-flx4-10\/\"]}]},{\"@type\":\"ImageObject\",\"inLanguage\":\"pl-PL\",\"@id\":\"https:\/\/chiptuningmarket.com\/pl\/shop\/akcesoria-chiptuning-pl\/magicmotorsport-flex-pl\/akcesoria-czesci-zamienne-pl\/uniwersalne-ramie-przegubowe-flex-magbench-do-adapterow-bdm-flx4-10\/#primaryimage\",\"url\":\"https:\/\/chiptuningmarket.com\/wp-content\/uploads\/2024\/04\/FLX4.10.jpg\",\"contentUrl\":\"https:\/\/chiptuningmarket.com\/wp-content\/uploads\/2024\/04\/FLX4.10.jpg\",\"width\":600,\"height\":600,\"caption\":\"Uniwersalne rami\u0119 przegubowe FLEX MAGBench do adapter\u00f3w\u00a0BDM\u00a0FLX4.10\"},{\"@type\":\"BreadcrumbList\",\"@id\":\"https:\/\/chiptuningmarket.com\/pl\/shop\/akcesoria-chiptuning-pl\/magicmotorsport-flex-pl\/akcesoria-czesci-zamienne-pl\/uniwersalne-ramie-przegubowe-flex-magbench-do-adapterow-bdm-flx4-10\/#breadcrumb\",\"itemListElement\":[{\"@type\":\"ListItem\",\"position\":1,\"name\":\"Home\",\"item\":\"https:\/\/chiptuningmarket.com\/pl\/\"},{\"@type\":\"ListItem\",\"position\":2,\"name\":\"Sklep\",\"item\":\"https:\/\/chiptuningmarket.com\/pl\/shop\/\"},{\"@type\":\"ListItem\",\"position\":3,\"name\":\"Uniwersalne rami\u0119 przegubowe FLEX MAGBench do adapter\u00f3w\u00a0BDM\u00a0FLX4.10\"}]},{\"@type\":\"WebSite\",\"@id\":\"https:\/\/chiptuningmarket.com\/ru\/#website\",\"url\":\"https:\/\/chiptuningmarket.com\/ru\/\",\"name\":\"Chiptuningmarket\",\"description\":\"Biggest chiptuning shop in Europe\",\"publisher\":{\"@id\":\"https:\/\/chiptuningmarket.com\/ru\/#organization\"},\"alternateName\":\"Worldwide ecu tools supplier\",\"potentialAction\":[{\"@type\":\"SearchAction\",\"target\":{\"@type\":\"EntryPoint\",\"urlTemplate\":\"https:\/\/chiptuningmarket.com\/ru\/?s={search_term_string}\"},\"query-input\":{\"@type\":\"PropertyValueSpecification\",\"valueRequired\":true,\"valueName\":\"search_term_string\"}}],\"inLanguage\":\"pl-PL\"},{\"@type\":\"Organization\",\"@id\":\"https:\/\/chiptuningmarket.com\/ru\/#organization\",\"name\":\"Chiptuningmarket\",\"alternateName\":\"Chiptuning tools supplier\",\"url\":\"https:\/\/chiptuningmarket.com\/ru\/\",\"logo\":{\"@type\":\"ImageObject\",\"inLanguage\":\"pl-PL\",\"@id\":\"https:\/\/chiptuningmarket.com\/ru\/#\/schema\/logo\/image\/\",\"url\":\"https:\/\/chiptuningmarket.com\/wp-content\/uploads\/2023\/05\/logo-ChipTuningMarket-social.png\",\"contentUrl\":\"https:\/\/chiptuningmarket.com\/wp-content\/uploads\/2023\/05\/logo-ChipTuningMarket-social.png\",\"width\":512,\"height\":512,\"caption\":\"Chiptuningmarket\"},\"image\":{\"@id\":\"https:\/\/chiptuningmarket.com\/ru\/#\/schema\/logo\/image\/\"}}]}<\/script>\n<!-- \/ Yoast SEO plugin. -->","yoast_head_json":{"title":"Uniwersalne rami\u0119 przegubowe FLEX MAGBench do adapter\u00f3w\u00a0BDM\u00a0FLX4.10 - Chiptuningmarket","description":"Uniwersalne rami\u0119 przegubowe FLEX MAGBench do adapter\u00f3w\u00a0BDM\u00a0FLX4.10 - To rami\u0119 przegubowe mo\u017cna dostosowa\u0107 do sto\u0142u Flexible Bench","robots":{"index":"index","follow":"follow","max-snippet":"max-snippet:-1","max-image-preview":"max-image-preview:large","max-video-preview":"max-video-preview:-1"},"canonical":"https:\/\/chiptuningmarket.com\/pl\/shop\/akcesoria-chiptuning-pl\/magicmotorsport-flex-pl\/akcesoria-czesci-zamienne-pl\/uniwersalne-ramie-przegubowe-flex-magbench-do-adapterow-bdm-flx4-10\/","og_locale":"pl_PL","og_type":"article","og_title":"Uniwersalne rami\u0119 przegubowe FLEX MAGBench do adapter\u00f3w\u00a0BDM\u00a0FLX4.10 - Chiptuningmarket","og_description":"Uniwersalne rami\u0119 przegubowe FLEX MAGBench do adapter\u00f3w\u00a0BDM\u00a0FLX4.10 - To rami\u0119 przegubowe mo\u017cna dostosowa\u0107 do sto\u0142u Flexible Bench","og_url":"https:\/\/chiptuningmarket.com\/pl\/shop\/akcesoria-chiptuning-pl\/magicmotorsport-flex-pl\/akcesoria-czesci-zamienne-pl\/uniwersalne-ramie-przegubowe-flex-magbench-do-adapterow-bdm-flx4-10\/","og_site_name":"Chiptuningmarket","article_modified_time":"2025-09-05T08:23:56+00:00","og_image":[{"width":600,"height":600,"url":"https:\/\/chiptuningmarket.com\/wp-content\/uploads\/2024\/04\/FLX4.10.jpg","type":"image\/jpeg"}],"twitter_card":"summary_large_image","twitter_misc":{"Szacowany czas czytania":"1 minuta"},"schema":{"@context":"https:\/\/schema.org","@graph":[{"@type":"WebPage","@id":"https:\/\/chiptuningmarket.com\/pl\/shop\/akcesoria-chiptuning-pl\/magicmotorsport-flex-pl\/akcesoria-czesci-zamienne-pl\/uniwersalne-ramie-przegubowe-flex-magbench-do-adapterow-bdm-flx4-10\/","url":"https:\/\/chiptuningmarket.com\/pl\/shop\/akcesoria-chiptuning-pl\/magicmotorsport-flex-pl\/akcesoria-czesci-zamienne-pl\/uniwersalne-ramie-przegubowe-flex-magbench-do-adapterow-bdm-flx4-10\/","name":"Uniwersalne rami\u0119 przegubowe FLEX MAGBench do adapter\u00f3w\u00a0BDM\u00a0FLX4.10 - Chiptuningmarket","isPartOf":{"@id":"https:\/\/chiptuningmarket.com\/ru\/#website"},"primaryImageOfPage":{"@id":"https:\/\/chiptuningmarket.com\/pl\/shop\/akcesoria-chiptuning-pl\/magicmotorsport-flex-pl\/akcesoria-czesci-zamienne-pl\/uniwersalne-ramie-przegubowe-flex-magbench-do-adapterow-bdm-flx4-10\/#primaryimage"},"image":{"@id":"https:\/\/chiptuningmarket.com\/pl\/shop\/akcesoria-chiptuning-pl\/magicmotorsport-flex-pl\/akcesoria-czesci-zamienne-pl\/uniwersalne-ramie-przegubowe-flex-magbench-do-adapterow-bdm-flx4-10\/#primaryimage"},"thumbnailUrl":"https:\/\/chiptuningmarket.com\/wp-content\/uploads\/2024\/04\/FLX4.10.jpg","datePublished":"2024-04-11T09:53:24+00:00","dateModified":"2025-09-05T08:23:56+00:00","description":"Uniwersalne rami\u0119 przegubowe FLEX MAGBench do adapter\u00f3w\u00a0BDM\u00a0FLX4.10 - To rami\u0119 przegubowe mo\u017cna dostosowa\u0107 do sto\u0142u Flexible Bench","breadcrumb":{"@id":"https:\/\/chiptuningmarket.com\/pl\/shop\/akcesoria-chiptuning-pl\/magicmotorsport-flex-pl\/akcesoria-czesci-zamienne-pl\/uniwersalne-ramie-przegubowe-flex-magbench-do-adapterow-bdm-flx4-10\/#breadcrumb"},"inLanguage":"pl-PL","potentialAction":[{"@type":"ReadAction","target":["https:\/\/chiptuningmarket.com\/pl\/shop\/akcesoria-chiptuning-pl\/magicmotorsport-flex-pl\/akcesoria-czesci-zamienne-pl\/uniwersalne-ramie-przegubowe-flex-magbench-do-adapterow-bdm-flx4-10\/"]}]},{"@type":"ImageObject","inLanguage":"pl-PL","@id":"https:\/\/chiptuningmarket.com\/pl\/shop\/akcesoria-chiptuning-pl\/magicmotorsport-flex-pl\/akcesoria-czesci-zamienne-pl\/uniwersalne-ramie-przegubowe-flex-magbench-do-adapterow-bdm-flx4-10\/#primaryimage","url":"https:\/\/chiptuningmarket.com\/wp-content\/uploads\/2024\/04\/FLX4.10.jpg","contentUrl":"https:\/\/chiptuningmarket.com\/wp-content\/uploads\/2024\/04\/FLX4.10.jpg","width":600,"height":600,"caption":"Uniwersalne rami\u0119 przegubowe FLEX MAGBench do adapter\u00f3w\u00a0BDM\u00a0FLX4.10"},{"@type":"BreadcrumbList","@id":"https:\/\/chiptuningmarket.com\/pl\/shop\/akcesoria-chiptuning-pl\/magicmotorsport-flex-pl\/akcesoria-czesci-zamienne-pl\/uniwersalne-ramie-przegubowe-flex-magbench-do-adapterow-bdm-flx4-10\/#breadcrumb","itemListElement":[{"@type":"ListItem","position":1,"name":"Home","item":"https:\/\/chiptuningmarket.com\/pl\/"},{"@type":"ListItem","position":2,"name":"Sklep","item":"https:\/\/chiptuningmarket.com\/pl\/shop\/"},{"@type":"ListItem","position":3,"name":"Uniwersalne rami\u0119 przegubowe FLEX MAGBench do adapter\u00f3w\u00a0BDM\u00a0FLX4.10"}]},{"@type":"WebSite","@id":"https:\/\/chiptuningmarket.com\/ru\/#website","url":"https:\/\/chiptuningmarket.com\/ru\/","name":"Chiptuningmarket","description":"Biggest chiptuning shop in Europe","publisher":{"@id":"https:\/\/chiptuningmarket.com\/ru\/#organization"},"alternateName":"Worldwide ecu tools supplier","potentialAction":[{"@type":"SearchAction","target":{"@type":"EntryPoint","urlTemplate":"https:\/\/chiptuningmarket.com\/ru\/?s={search_term_string}"},"query-input":{"@type":"PropertyValueSpecification","valueRequired":true,"valueName":"search_term_string"}}],"inLanguage":"pl-PL"},{"@type":"Organization","@id":"https:\/\/chiptuningmarket.com\/ru\/#organization","name":"Chiptuningmarket","alternateName":"Chiptuning tools supplier","url":"https:\/\/chiptuningmarket.com\/ru\/","logo":{"@type":"ImageObject","inLanguage":"pl-PL","@id":"https:\/\/chiptuningmarket.com\/ru\/#\/schema\/logo\/image\/","url":"https:\/\/chiptuningmarket.com\/wp-content\/uploads\/2023\/05\/logo-ChipTuningMarket-social.png","contentUrl":"https:\/\/chiptuningmarket.com\/wp-content\/uploads\/2023\/05\/logo-ChipTuningMarket-social.png","width":512,"height":512,"caption":"Chiptuningmarket"},"image":{"@id":"https:\/\/chiptuningmarket.com\/ru\/#\/schema\/logo\/image\/"}}]}},"_links":{"self":[{"href":"https:\/\/chiptuningmarket.com\/pl\/wp-json\/wp\/v2\/product\/29128","targetHints":{"allow":["GET"]}}],"collection":[{"href":"https:\/\/chiptuningmarket.com\/pl\/wp-json\/wp\/v2\/product"}],"about":[{"href":"https:\/\/chiptuningmarket.com\/pl\/wp-json\/wp\/v2\/types\/product"}],"wp:featuredmedia":[{"embeddable":true,"href":"https:\/\/chiptuningmarket.com\/pl\/wp-json\/wp\/v2\/media\/29135"}],"wp:attachment":[{"href":"https:\/\/chiptuningmarket.com\/pl\/wp-json\/wp\/v2\/media?parent=29128"}],"wp:term":[{"taxonomy":"product_brand","embeddable":true,"href":"https:\/\/chiptuningmarket.com\/pl\/wp-json\/wp\/v2\/product_brand?post=29128"},{"taxonomy":"product_cat","embeddable":true,"href":"https:\/\/chiptuningmarket.com\/pl\/wp-json\/wp\/v2\/product_cat?post=29128"},{"taxonomy":"product_tag","embeddable":true,"href":"https:\/\/chiptuningmarket.com\/pl\/wp-json\/wp\/v2\/product_tag?post=29128"}],"curies":[{"name":"wp","href":"https:\/\/api.w.org\/{rel}","templated":true}]}}