{"id":29660,"date":"2024-05-14T12:43:13","date_gmt":"2024-05-14T12:43:13","guid":{"rendered":"https:\/\/chiptuningmarket.com\/?post_type=product&#038;p=29660"},"modified":"2025-02-13T09:07:49","modified_gmt":"2025-02-13T08:07:49","slug":"przewod-trasdata-do-bobcat-edc17c87-bench","status":"publish","type":"product","link":"https:\/\/chiptuningmarket.com\/pl\/shop\/akcesoria-chiptuning-pl\/przewody-adaptery-uniwersalne-pl\/przewod-trasdata-do-bobcat-edc17c87-bench\/","title":{"rendered":"Przew\u00f3d New Trasdata do BOBCAT  EDC17C87 Bench"},"content":{"rendered":"<h3>Przew\u00f3d New Trasdata do BOBCAT EDC17C87 Bench<\/h3>\n<p>Przew\u00f3d s\u0142u\u017cy do \u0142atwego pod\u0142\u0105czania do ECU bez ryzyka zginania pin\u00f3w i oszcz\u0119dzania czasu za ka\u017cdym razem, gdy go u\u017cywasz.<\/p>\n","protected":false},"excerpt":{"rendered":"<h3>Przew\u00f3d New Trasdata do BOBCAT EDC17C87 Bench<\/h3>\n<p>Przew\u00f3d s\u0142u\u017cy do \u0142atwego pod\u0142\u0105czania do ECU bez ryzyka zginania pin\u00f3w i oszcz\u0119dzania czasu za ka\u017cdym razem, gdy go u\u017cywasz.<\/p>\n","protected":false},"featured_media":29661,"template":"","meta":{"_monsterinsights_skip_tracking":false,"_monsterinsights_sitenote_active":false,"_monsterinsights_sitenote_note":"","_monsterinsights_sitenote_category":0},"product_brand":[],"product_cat":[5060,5083],"product_tag":[6254,4873],"class_list":{"0":"post-29660","1":"product","2":"type-product","3":"status-publish","4":"has-post-thumbnail","6":"product_cat-akcesoria-chiptuning-pl","7":"product_cat-przewody-adaptery-uniwersalne-pl","8":"product_tag-new-trasdata-do-bobcat","9":"product_tag-przewod-trasdata-edc17c87","11":"first","12":"instock","13":"taxable","14":"shipping-taxable","15":"purchasable","16":"product-type-simple"},"yoast_head":"<!-- This site is optimized with the Yoast SEO plugin v25.2 - https:\/\/yoast.com\/wordpress\/plugins\/seo\/ -->\n<title>Przew\u00f3d New Trasdata do BOBCAT EDC17C87 Bench - Chiptuningmarket<\/title>\n<meta name=\"description\" content=\"Przew\u00f3d Trasdata do BOBCAT EDC17C87 Bench - Przew\u00f3d s\u0142u\u017cy do \u0142atwego pod\u0142\u0105czania do ECU bez ryzyka zginania pin\u00f3w i oszcz\u0119dzania czasu\" \/>\n<meta name=\"robots\" content=\"index, follow, max-snippet:-1, max-image-preview:large, max-video-preview:-1\" \/>\n<link rel=\"canonical\" href=\"https:\/\/chiptuningmarket.com\/pl\/shop\/akcesoria-chiptuning-pl\/przewody-adaptery-uniwersalne-pl\/przewod-trasdata-do-bobcat-edc17c87-bench\/\" \/>\n<meta property=\"og:locale\" content=\"pl_PL\" \/>\n<meta property=\"og:type\" content=\"article\" \/>\n<meta property=\"og:title\" content=\"Przew\u00f3d New Trasdata do BOBCAT EDC17C87 Bench - Chiptuningmarket\" \/>\n<meta property=\"og:description\" content=\"Przew\u00f3d Trasdata do BOBCAT EDC17C87 Bench - Przew\u00f3d s\u0142u\u017cy do \u0142atwego pod\u0142\u0105czania do ECU bez ryzyka zginania pin\u00f3w i oszcz\u0119dzania czasu\" \/>\n<meta property=\"og:url\" content=\"https:\/\/chiptuningmarket.com\/pl\/shop\/akcesoria-chiptuning-pl\/przewody-adaptery-uniwersalne-pl\/przewod-trasdata-do-bobcat-edc17c87-bench\/\" \/>\n<meta property=\"og:site_name\" content=\"Chiptuningmarket\" \/>\n<meta property=\"article:modified_time\" content=\"2025-02-13T08:07:49+00:00\" \/>\n<meta property=\"og:image\" content=\"https:\/\/chiptuningmarket.com\/wp-content\/uploads\/2024\/05\/EDC17C87.webp\" \/>\n\t<meta property=\"og:image:width\" content=\"600\" \/>\n\t<meta property=\"og:image:height\" content=\"480\" \/>\n\t<meta property=\"og:image:type\" content=\"image\/webp\" \/>\n<meta name=\"twitter:card\" content=\"summary_large_image\" \/>\n<meta name=\"twitter:label1\" content=\"Szacowany czas czytania\" \/>\n\t<meta name=\"twitter:data1\" content=\"1 minuta\" \/>\n<script type=\"application\/ld+json\" class=\"yoast-schema-graph\">{\"@context\":\"https:\/\/schema.org\",\"@graph\":[{\"@type\":\"WebPage\",\"@id\":\"https:\/\/chiptuningmarket.com\/pl\/shop\/akcesoria-chiptuning-pl\/przewody-adaptery-uniwersalne-pl\/przewod-trasdata-do-bobcat-edc17c87-bench\/\",\"url\":\"https:\/\/chiptuningmarket.com\/pl\/shop\/akcesoria-chiptuning-pl\/przewody-adaptery-uniwersalne-pl\/przewod-trasdata-do-bobcat-edc17c87-bench\/\",\"name\":\"Przew\u00f3d New Trasdata do BOBCAT EDC17C87 Bench - Chiptuningmarket\",\"isPartOf\":{\"@id\":\"https:\/\/chiptuningmarket.com\/ru\/#website\"},\"primaryImageOfPage\":{\"@id\":\"https:\/\/chiptuningmarket.com\/pl\/shop\/akcesoria-chiptuning-pl\/przewody-adaptery-uniwersalne-pl\/przewod-trasdata-do-bobcat-edc17c87-bench\/#primaryimage\"},\"image\":{\"@id\":\"https:\/\/chiptuningmarket.com\/pl\/shop\/akcesoria-chiptuning-pl\/przewody-adaptery-uniwersalne-pl\/przewod-trasdata-do-bobcat-edc17c87-bench\/#primaryimage\"},\"thumbnailUrl\":\"https:\/\/chiptuningmarket.com\/wp-content\/uploads\/2024\/05\/EDC17C87.webp\",\"datePublished\":\"2024-05-14T12:43:13+00:00\",\"dateModified\":\"2025-02-13T08:07:49+00:00\",\"description\":\"Przew\u00f3d Trasdata do BOBCAT EDC17C87 Bench - Przew\u00f3d s\u0142u\u017cy do \u0142atwego pod\u0142\u0105czania do ECU bez ryzyka zginania pin\u00f3w i oszcz\u0119dzania czasu\",\"breadcrumb\":{\"@id\":\"https:\/\/chiptuningmarket.com\/pl\/shop\/akcesoria-chiptuning-pl\/przewody-adaptery-uniwersalne-pl\/przewod-trasdata-do-bobcat-edc17c87-bench\/#breadcrumb\"},\"inLanguage\":\"pl-PL\",\"potentialAction\":[{\"@type\":\"ReadAction\",\"target\":[\"https:\/\/chiptuningmarket.com\/pl\/shop\/akcesoria-chiptuning-pl\/przewody-adaptery-uniwersalne-pl\/przewod-trasdata-do-bobcat-edc17c87-bench\/\"]}]},{\"@type\":\"ImageObject\",\"inLanguage\":\"pl-PL\",\"@id\":\"https:\/\/chiptuningmarket.com\/pl\/shop\/akcesoria-chiptuning-pl\/przewody-adaptery-uniwersalne-pl\/przewod-trasdata-do-bobcat-edc17c87-bench\/#primaryimage\",\"url\":\"https:\/\/chiptuningmarket.com\/wp-content\/uploads\/2024\/05\/EDC17C87.webp\",\"contentUrl\":\"https:\/\/chiptuningmarket.com\/wp-content\/uploads\/2024\/05\/EDC17C87.webp\",\"width\":600,\"height\":480,\"caption\":\"Przew\u00f3d New Trasdata do BOBCAT EDC17C87 Bench\"},{\"@type\":\"BreadcrumbList\",\"@id\":\"https:\/\/chiptuningmarket.com\/pl\/shop\/akcesoria-chiptuning-pl\/przewody-adaptery-uniwersalne-pl\/przewod-trasdata-do-bobcat-edc17c87-bench\/#breadcrumb\",\"itemListElement\":[{\"@type\":\"ListItem\",\"position\":1,\"name\":\"Home\",\"item\":\"https:\/\/chiptuningmarket.com\/pl\/\"},{\"@type\":\"ListItem\",\"position\":2,\"name\":\"Sklep\",\"item\":\"https:\/\/chiptuningmarket.com\/pl\/shop\/\"},{\"@type\":\"ListItem\",\"position\":3,\"name\":\"Przew\u00f3d New Trasdata do BOBCAT EDC17C87 Bench\"}]},{\"@type\":\"WebSite\",\"@id\":\"https:\/\/chiptuningmarket.com\/ru\/#website\",\"url\":\"https:\/\/chiptuningmarket.com\/ru\/\",\"name\":\"Chiptuningmarket\",\"description\":\"Biggest chiptuning shop in Europe\",\"publisher\":{\"@id\":\"https:\/\/chiptuningmarket.com\/ru\/#organization\"},\"alternateName\":\"Worldwide ecu tools supplier\",\"potentialAction\":[{\"@type\":\"SearchAction\",\"target\":{\"@type\":\"EntryPoint\",\"urlTemplate\":\"https:\/\/chiptuningmarket.com\/ru\/?s={search_term_string}\"},\"query-input\":{\"@type\":\"PropertyValueSpecification\",\"valueRequired\":true,\"valueName\":\"search_term_string\"}}],\"inLanguage\":\"pl-PL\"},{\"@type\":\"Organization\",\"@id\":\"https:\/\/chiptuningmarket.com\/ru\/#organization\",\"name\":\"Chiptuningmarket\",\"alternateName\":\"Chiptuning tools supplier\",\"url\":\"https:\/\/chiptuningmarket.com\/ru\/\",\"logo\":{\"@type\":\"ImageObject\",\"inLanguage\":\"pl-PL\",\"@id\":\"https:\/\/chiptuningmarket.com\/ru\/#\/schema\/logo\/image\/\",\"url\":\"https:\/\/chiptuningmarket.com\/wp-content\/uploads\/2023\/05\/logo-ChipTuningMarket-social.png\",\"contentUrl\":\"https:\/\/chiptuningmarket.com\/wp-content\/uploads\/2023\/05\/logo-ChipTuningMarket-social.png\",\"width\":512,\"height\":512,\"caption\":\"Chiptuningmarket\"},\"image\":{\"@id\":\"https:\/\/chiptuningmarket.com\/ru\/#\/schema\/logo\/image\/\"}}]}<\/script>\n<!-- \/ Yoast SEO plugin. -->","yoast_head_json":{"title":"Przew\u00f3d New Trasdata do BOBCAT EDC17C87 Bench - Chiptuningmarket","description":"Przew\u00f3d Trasdata do BOBCAT EDC17C87 Bench - Przew\u00f3d s\u0142u\u017cy do \u0142atwego pod\u0142\u0105czania do ECU bez ryzyka zginania pin\u00f3w i oszcz\u0119dzania czasu","robots":{"index":"index","follow":"follow","max-snippet":"max-snippet:-1","max-image-preview":"max-image-preview:large","max-video-preview":"max-video-preview:-1"},"canonical":"https:\/\/chiptuningmarket.com\/pl\/shop\/akcesoria-chiptuning-pl\/przewody-adaptery-uniwersalne-pl\/przewod-trasdata-do-bobcat-edc17c87-bench\/","og_locale":"pl_PL","og_type":"article","og_title":"Przew\u00f3d New Trasdata do BOBCAT EDC17C87 Bench - Chiptuningmarket","og_description":"Przew\u00f3d Trasdata do BOBCAT EDC17C87 Bench - Przew\u00f3d s\u0142u\u017cy do \u0142atwego pod\u0142\u0105czania do ECU bez ryzyka zginania pin\u00f3w i oszcz\u0119dzania czasu","og_url":"https:\/\/chiptuningmarket.com\/pl\/shop\/akcesoria-chiptuning-pl\/przewody-adaptery-uniwersalne-pl\/przewod-trasdata-do-bobcat-edc17c87-bench\/","og_site_name":"Chiptuningmarket","article_modified_time":"2025-02-13T08:07:49+00:00","og_image":[{"width":600,"height":480,"url":"https:\/\/chiptuningmarket.com\/wp-content\/uploads\/2024\/05\/EDC17C87.webp","type":"image\/webp"}],"twitter_card":"summary_large_image","twitter_misc":{"Szacowany czas czytania":"1 minuta"},"schema":{"@context":"https:\/\/schema.org","@graph":[{"@type":"WebPage","@id":"https:\/\/chiptuningmarket.com\/pl\/shop\/akcesoria-chiptuning-pl\/przewody-adaptery-uniwersalne-pl\/przewod-trasdata-do-bobcat-edc17c87-bench\/","url":"https:\/\/chiptuningmarket.com\/pl\/shop\/akcesoria-chiptuning-pl\/przewody-adaptery-uniwersalne-pl\/przewod-trasdata-do-bobcat-edc17c87-bench\/","name":"Przew\u00f3d New Trasdata do BOBCAT EDC17C87 Bench - Chiptuningmarket","isPartOf":{"@id":"https:\/\/chiptuningmarket.com\/ru\/#website"},"primaryImageOfPage":{"@id":"https:\/\/chiptuningmarket.com\/pl\/shop\/akcesoria-chiptuning-pl\/przewody-adaptery-uniwersalne-pl\/przewod-trasdata-do-bobcat-edc17c87-bench\/#primaryimage"},"image":{"@id":"https:\/\/chiptuningmarket.com\/pl\/shop\/akcesoria-chiptuning-pl\/przewody-adaptery-uniwersalne-pl\/przewod-trasdata-do-bobcat-edc17c87-bench\/#primaryimage"},"thumbnailUrl":"https:\/\/chiptuningmarket.com\/wp-content\/uploads\/2024\/05\/EDC17C87.webp","datePublished":"2024-05-14T12:43:13+00:00","dateModified":"2025-02-13T08:07:49+00:00","description":"Przew\u00f3d Trasdata do BOBCAT EDC17C87 Bench - Przew\u00f3d s\u0142u\u017cy do \u0142atwego pod\u0142\u0105czania do ECU bez ryzyka zginania pin\u00f3w i oszcz\u0119dzania czasu","breadcrumb":{"@id":"https:\/\/chiptuningmarket.com\/pl\/shop\/akcesoria-chiptuning-pl\/przewody-adaptery-uniwersalne-pl\/przewod-trasdata-do-bobcat-edc17c87-bench\/#breadcrumb"},"inLanguage":"pl-PL","potentialAction":[{"@type":"ReadAction","target":["https:\/\/chiptuningmarket.com\/pl\/shop\/akcesoria-chiptuning-pl\/przewody-adaptery-uniwersalne-pl\/przewod-trasdata-do-bobcat-edc17c87-bench\/"]}]},{"@type":"ImageObject","inLanguage":"pl-PL","@id":"https:\/\/chiptuningmarket.com\/pl\/shop\/akcesoria-chiptuning-pl\/przewody-adaptery-uniwersalne-pl\/przewod-trasdata-do-bobcat-edc17c87-bench\/#primaryimage","url":"https:\/\/chiptuningmarket.com\/wp-content\/uploads\/2024\/05\/EDC17C87.webp","contentUrl":"https:\/\/chiptuningmarket.com\/wp-content\/uploads\/2024\/05\/EDC17C87.webp","width":600,"height":480,"caption":"Przew\u00f3d New Trasdata do BOBCAT EDC17C87 Bench"},{"@type":"BreadcrumbList","@id":"https:\/\/chiptuningmarket.com\/pl\/shop\/akcesoria-chiptuning-pl\/przewody-adaptery-uniwersalne-pl\/przewod-trasdata-do-bobcat-edc17c87-bench\/#breadcrumb","itemListElement":[{"@type":"ListItem","position":1,"name":"Home","item":"https:\/\/chiptuningmarket.com\/pl\/"},{"@type":"ListItem","position":2,"name":"Sklep","item":"https:\/\/chiptuningmarket.com\/pl\/shop\/"},{"@type":"ListItem","position":3,"name":"Przew\u00f3d New Trasdata do BOBCAT EDC17C87 Bench"}]},{"@type":"WebSite","@id":"https:\/\/chiptuningmarket.com\/ru\/#website","url":"https:\/\/chiptuningmarket.com\/ru\/","name":"Chiptuningmarket","description":"Biggest chiptuning shop in Europe","publisher":{"@id":"https:\/\/chiptuningmarket.com\/ru\/#organization"},"alternateName":"Worldwide ecu tools supplier","potentialAction":[{"@type":"SearchAction","target":{"@type":"EntryPoint","urlTemplate":"https:\/\/chiptuningmarket.com\/ru\/?s={search_term_string}"},"query-input":{"@type":"PropertyValueSpecification","valueRequired":true,"valueName":"search_term_string"}}],"inLanguage":"pl-PL"},{"@type":"Organization","@id":"https:\/\/chiptuningmarket.com\/ru\/#organization","name":"Chiptuningmarket","alternateName":"Chiptuning tools supplier","url":"https:\/\/chiptuningmarket.com\/ru\/","logo":{"@type":"ImageObject","inLanguage":"pl-PL","@id":"https:\/\/chiptuningmarket.com\/ru\/#\/schema\/logo\/image\/","url":"https:\/\/chiptuningmarket.com\/wp-content\/uploads\/2023\/05\/logo-ChipTuningMarket-social.png","contentUrl":"https:\/\/chiptuningmarket.com\/wp-content\/uploads\/2023\/05\/logo-ChipTuningMarket-social.png","width":512,"height":512,"caption":"Chiptuningmarket"},"image":{"@id":"https:\/\/chiptuningmarket.com\/ru\/#\/schema\/logo\/image\/"}}]}},"_links":{"self":[{"href":"https:\/\/chiptuningmarket.com\/pl\/wp-json\/wp\/v2\/product\/29660","targetHints":{"allow":["GET"]}}],"collection":[{"href":"https:\/\/chiptuningmarket.com\/pl\/wp-json\/wp\/v2\/product"}],"about":[{"href":"https:\/\/chiptuningmarket.com\/pl\/wp-json\/wp\/v2\/types\/product"}],"wp:featuredmedia":[{"embeddable":true,"href":"https:\/\/chiptuningmarket.com\/pl\/wp-json\/wp\/v2\/media\/29661"}],"wp:attachment":[{"href":"https:\/\/chiptuningmarket.com\/pl\/wp-json\/wp\/v2\/media?parent=29660"}],"wp:term":[{"taxonomy":"product_brand","embeddable":true,"href":"https:\/\/chiptuningmarket.com\/pl\/wp-json\/wp\/v2\/product_brand?post=29660"},{"taxonomy":"product_cat","embeddable":true,"href":"https:\/\/chiptuningmarket.com\/pl\/wp-json\/wp\/v2\/product_cat?post=29660"},{"taxonomy":"product_tag","embeddable":true,"href":"https:\/\/chiptuningmarket.com\/pl\/wp-json\/wp\/v2\/product_tag?post=29660"}],"curies":[{"name":"wp","href":"https:\/\/api.w.org\/{rel}","templated":true}]}}