{"id":29801,"date":"2024-05-17T05:30:09","date_gmt":"2024-05-17T05:30:09","guid":{"rendered":"https:\/\/chiptuningmarket.com\/?post_type=product&#038;p=29801"},"modified":"2024-05-17T23:30:45","modified_gmt":"2024-05-17T23:30:45","slug":"oprogramowanie-abrites-avdi-bn013","status":"publish","type":"product","link":"https:\/\/chiptuningmarket.com\/pl\/shop\/oprogramowanie-2-pl\/licencje-subskrypcje-pl\/abrites-licencje-subskrypcje-pl\/oprogramowanie-abrites-avdi-bn013\/","title":{"rendered":"Oprogramowanie Abrites AVDI CAS4, FEM\/BDC and Bikes BN013"},"content":{"rendered":"<h2 style=\"text-align: center\">Oprogramowanie Abrites BN013<\/h2>\n<p>Licencja BN013 umo\u017cliwia wykonywanie procedur programowania kluczy (dodawanie klucza zapasowego i WSZYSTKICH UTRACONYCH KLUCZY) we WSZYSTKICH pojazdach BMW, Mini i Rolls Royce serii F, wyposa\u017conych w CAS4 (przez OBDII) lub FEM \/ BDC (przez zrzut). Programowanie kluczyk\u00f3w do motocykli (dodawanie kluczyka zapasowego i WSZYSTKICH UTRACONYCH KLUCZYK\u00d3W) wyposa\u017conych w EWS4 lub SLZ.<br \/>\nPonadto BN013 umo\u017cliwia resetowanie przebiegu w CAS4 lub FEM \/ BDC, dziewicze (resetowanie) CAS4 lub FEM \/ BDC oraz dostosowywanie jednostek CAS4 lub FEM \/ BDC.<\/p>\n<p>Funkcje:<\/p>\n<ul>\n<li>Programowanie kluczyk\u00f3w dla motocykli serii F wyposa\u017conych w CAS4 (przez OBDII) lub modu\u0142 FEM\/BDC (przez zrzut)<\/li>\n<li>Programowanie kluczyk\u00f3w dla motocykli BMW wyposa\u017conych w EWS4\/SLZ<\/li>\n<li>Virgin (reset) CAS4 i FEM\/BDC<\/li>\n<li>Dostosowanie CAS4 i FEM\/BDC<\/li>\n<li>Reset przebiegu w CAS4 i FEM\/BDC<\/li>\n<\/ul>\n<p><strong>BMW seria F:<\/strong><\/p>\n<p>1-Series &#8211; F20, F21 2012-2019 (FEM)<\/p>\n<p>2-Series &#8211; F22, F23 2013-2019 (FEM)<\/p>\n<p>3-Series &#8211; F30, F31, F34 2013-2019 (FEM)<\/p>\n<p>4-Series &#8211; F36, F32, F33 2013-2020 (FEM)<\/p>\n<p>5-Series &#8211; F10, F11 2010-2018 (CAS4)<\/p>\n<p>5-Series &#8211; GT F07 2010-2018 (CAS4)<\/p>\n<p>6-Series &#8211; F12, F13 2011 (CAS4)<\/p>\n<p>7-Series &#8211; F01, F02, F03, F04 2009-2015 (CAS4)<\/p>\n<p>X1-Series &#8211; F48 2016-2019 (BDC)<\/p>\n<p>X2-Series &#8211; F39 2017-2019 (BDC)<\/p>\n<p>X3-Series &#8211; F25 2011-2018 (CAS4)<\/p>\n<p>X4-Series &#8211; F26 2014-2018 (CAS4)<\/p>\n<p>X5-Series &#8211; F15 2014-2018 (BDC)<\/p>\n<p>X6-Series &#8211; F16 2014-2018 (BDC)<\/p>\n<p>i3 &#8211; I01 2013+ (BDC)<\/p>\n<p>i8 &#8211; I12, I15 2014+ (BDC)<\/p>\n<p><strong>Mini Cooper:<\/strong><\/p>\n<div class=\"gruped\">\n<div class=\"toggle w-100\">\n<div class=\"panel-content silver-panel-content\">\n<p>Mini F56-based models 2013+ (BDC)<\/p>\n<p><strong>Rolls Royce:<\/strong><\/p>\n<p>Ghost Series I 2009-2014 (CAS4)<br \/>\nRolls-Royce Wraith 2013+ (CAS4)<br \/>\nRolls-Royce Dawn 2015+ (CAS4)<\/p>\n<p><strong>Kluczyki do motocykli BMW po OBDII:<\/strong><\/p>\n<\/div>\n<\/div>\n<\/div>\n<div class=\"gruped\">\n<div class=\"toggle w-100\">\n<div class=\"acc-panel silver\">C650 GT<br \/>\nS 1000 RR<br \/>\nS 1000 R<br \/>\nS 1000 XR<br \/>\nR 1200 GS<br \/>\nR 1200 GS Adv.<br \/>\nR 1200 RT<br \/>\nR 1200 R<br \/>\nR 1200 RS<br \/>\nK 001<br \/>\nK 1200 R<br \/>\nK 1200 S<br \/>\nK 1300 R<br \/>\nK 1600 Bagger<br \/>\nF 750 GS<br \/>\nF 800 GS<br \/>\nF 850 GS<br \/>\nF 850 GS Adv.<br \/>\nF 900 R<br \/>\nF 900 XR<br \/>\nR nineT<br \/>\nR nineT Pure<br \/>\nR nineT Scrambler<br \/>\nR nineT Racer<br \/>\nR nineT Urban G\/S<br \/>\nK24 series<\/div>\n<div><\/div>\n<div><strong>Skutery BMW przez zrzut z pami\u0119ci EEPROM:<\/strong><\/div>\n<div>C600<br \/>\nC650<\/div>\n<div><\/div>\n<\/div>\n<\/div>\n<div>Pe\u0142ne informacje na temat korzystania z tej funkcji specjalnej ABRITES znajduj\u0105 si\u0119 w instrukcji <a href=\"https:\/\/chiptuningmarket.com\/wp-content\/uploads\/2024\/05\/BN013.pdf\">TUTAJ<\/a><\/div>\n<div>Do wykupienia funkcji dodatkowych niezb\u0119dna jest aktywna subskrypcja AMS lub nowy interfejs AVDI.<\/div>\n","protected":false},"excerpt":{"rendered":"<p>Licencja BN013 umo\u017cliwia wykonywanie procedur programowania kluczy (dodawanie klucza zapasowego i WSZYSTKICH UTRACONYCH KLUCZY) we WSZYSTKICH pojazdach BMW, Mini i Rolls Royce serii F, wyposa\u017conych w CAS4 (przez OBDII) lub FEM \/ BDC (przez zrzut). Programowanie kluczyk\u00f3w do motocykli (dodawanie kluczyka zapasowego i WSZYSTKICH UTRACONYCH KLUCZYK\u00d3W) wyposa\u017conych w EWS4 lub SLZ.<\/p>\n","protected":false},"featured_media":29803,"template":"","meta":{"_monsterinsights_skip_tracking":false,"_monsterinsights_sitenote_active":false,"_monsterinsights_sitenote_note":"","_monsterinsights_sitenote_category":0},"product_brand":[],"product_cat":[5183,5192,5293],"product_tag":[4896,4897],"class_list":{"0":"post-29801","1":"product","2":"type-product","3":"status-publish","4":"has-post-thumbnail","6":"product_cat-oprogramowanie-2-pl","7":"product_cat-licencje-subskrypcje-pl","8":"product_cat-abrites-licencje-subskrypcje-pl","9":"product_tag-abrites-bn013","10":"product_tag-programowanie-kluczy","12":"first","13":"onbackorder","14":"taxable","15":"shipping-taxable","16":"purchasable","17":"product-type-simple"},"yoast_head":"<!-- This site is optimized with the Yoast SEO plugin v25.2 - https:\/\/yoast.com\/wordpress\/plugins\/seo\/ -->\n<title>Oprogramowanie Abrites AVDI CAS4, FEM\/BDC and Bikes BN013 - Chiptuningmarket<\/title>\n<meta name=\"description\" content=\"Licencja BN013 umo\u017cliwia wykonywanie procedur programowania kluczy (dodawanie klucza zapasowego i WSZYSTKICH UTRACONYCH KLUCZY) we WSZYSTKICH pojazdach BMW, Mini i Rolls Royce serii F, wyposa\u017conych w CAS4 (przez OBDII) lub FEM \/ BDC (przez zrzut). Programowanie kluczyk\u00f3w do motocykli (dodawanie kluczyka zapasowego i WSZYSTKICH UTRACONYCH KLUCZYK\u00d3W) wyposa\u017conych w EWS4 lub SLZ.\" \/>\n<meta name=\"robots\" content=\"index, follow, max-snippet:-1, max-image-preview:large, max-video-preview:-1\" \/>\n<link rel=\"canonical\" href=\"https:\/\/chiptuningmarket.com\/pl\/shop\/oprogramowanie-2-pl\/licencje-subskrypcje-pl\/abrites-licencje-subskrypcje-pl\/oprogramowanie-abrites-avdi-bn013\/\" \/>\n<meta property=\"og:locale\" content=\"pl_PL\" \/>\n<meta property=\"og:type\" content=\"article\" \/>\n<meta property=\"og:title\" content=\"Oprogramowanie Abrites AVDI CAS4, FEM\/BDC and Bikes BN013 - Chiptuningmarket\" \/>\n<meta property=\"og:description\" content=\"Licencja BN013 umo\u017cliwia wykonywanie procedur programowania kluczy (dodawanie klucza zapasowego i WSZYSTKICH UTRACONYCH KLUCZY) we WSZYSTKICH pojazdach BMW, Mini i Rolls Royce serii F, wyposa\u017conych w CAS4 (przez OBDII) lub FEM \/ BDC (przez zrzut). Programowanie kluczyk\u00f3w do motocykli (dodawanie kluczyka zapasowego i WSZYSTKICH UTRACONYCH KLUCZYK\u00d3W) wyposa\u017conych w EWS4 lub SLZ.\" \/>\n<meta property=\"og:url\" content=\"https:\/\/chiptuningmarket.com\/pl\/shop\/oprogramowanie-2-pl\/licencje-subskrypcje-pl\/abrites-licencje-subskrypcje-pl\/oprogramowanie-abrites-avdi-bn013\/\" \/>\n<meta property=\"og:site_name\" content=\"Chiptuningmarket\" \/>\n<meta property=\"article:modified_time\" content=\"2024-05-17T23:30:45+00:00\" \/>\n<meta property=\"og:image\" content=\"https:\/\/chiptuningmarket.com\/wp-content\/uploads\/2024\/05\/BN013-s.png\" \/>\n\t<meta property=\"og:image:width\" content=\"423\" \/>\n\t<meta property=\"og:image:height\" content=\"403\" \/>\n\t<meta property=\"og:image:type\" content=\"image\/png\" \/>\n<meta name=\"twitter:card\" content=\"summary_large_image\" \/>\n<meta name=\"twitter:label1\" content=\"Szacowany czas czytania\" \/>\n\t<meta name=\"twitter:data1\" content=\"2 minuty\" \/>\n<script type=\"application\/ld+json\" class=\"yoast-schema-graph\">{\"@context\":\"https:\/\/schema.org\",\"@graph\":[{\"@type\":\"WebPage\",\"@id\":\"https:\/\/chiptuningmarket.com\/pl\/shop\/oprogramowanie-2-pl\/licencje-subskrypcje-pl\/abrites-licencje-subskrypcje-pl\/oprogramowanie-abrites-avdi-bn013\/\",\"url\":\"https:\/\/chiptuningmarket.com\/pl\/shop\/oprogramowanie-2-pl\/licencje-subskrypcje-pl\/abrites-licencje-subskrypcje-pl\/oprogramowanie-abrites-avdi-bn013\/\",\"name\":\"Oprogramowanie Abrites AVDI CAS4, FEM\/BDC and Bikes BN013 - Chiptuningmarket\",\"isPartOf\":{\"@id\":\"https:\/\/chiptuningmarket.com\/pl\/#website\"},\"primaryImageOfPage\":{\"@id\":\"https:\/\/chiptuningmarket.com\/pl\/shop\/oprogramowanie-2-pl\/licencje-subskrypcje-pl\/abrites-licencje-subskrypcje-pl\/oprogramowanie-abrites-avdi-bn013\/#primaryimage\"},\"image\":{\"@id\":\"https:\/\/chiptuningmarket.com\/pl\/shop\/oprogramowanie-2-pl\/licencje-subskrypcje-pl\/abrites-licencje-subskrypcje-pl\/oprogramowanie-abrites-avdi-bn013\/#primaryimage\"},\"thumbnailUrl\":\"https:\/\/chiptuningmarket.com\/wp-content\/uploads\/2024\/05\/BN013-s.png\",\"datePublished\":\"2024-05-17T05:30:09+00:00\",\"dateModified\":\"2024-05-17T23:30:45+00:00\",\"description\":\"Licencja BN013 umo\u017cliwia wykonywanie procedur programowania kluczy (dodawanie klucza zapasowego i WSZYSTKICH UTRACONYCH KLUCZY) we WSZYSTKICH pojazdach BMW, Mini i Rolls Royce serii F, wyposa\u017conych w CAS4 (przez OBDII) lub FEM \/ BDC (przez zrzut). Programowanie kluczyk\u00f3w do motocykli (dodawanie kluczyka zapasowego i WSZYSTKICH UTRACONYCH KLUCZYK\u00d3W) wyposa\u017conych w EWS4 lub SLZ.\",\"breadcrumb\":{\"@id\":\"https:\/\/chiptuningmarket.com\/pl\/shop\/oprogramowanie-2-pl\/licencje-subskrypcje-pl\/abrites-licencje-subskrypcje-pl\/oprogramowanie-abrites-avdi-bn013\/#breadcrumb\"},\"inLanguage\":\"pl-PL\",\"potentialAction\":[{\"@type\":\"ReadAction\",\"target\":[\"https:\/\/chiptuningmarket.com\/pl\/shop\/oprogramowanie-2-pl\/licencje-subskrypcje-pl\/abrites-licencje-subskrypcje-pl\/oprogramowanie-abrites-avdi-bn013\/\"]}]},{\"@type\":\"ImageObject\",\"inLanguage\":\"pl-PL\",\"@id\":\"https:\/\/chiptuningmarket.com\/pl\/shop\/oprogramowanie-2-pl\/licencje-subskrypcje-pl\/abrites-licencje-subskrypcje-pl\/oprogramowanie-abrites-avdi-bn013\/#primaryimage\",\"url\":\"https:\/\/chiptuningmarket.com\/wp-content\/uploads\/2024\/05\/BN013-s.png\",\"contentUrl\":\"https:\/\/chiptuningmarket.com\/wp-content\/uploads\/2024\/05\/BN013-s.png\",\"width\":423,\"height\":403},{\"@type\":\"BreadcrumbList\",\"@id\":\"https:\/\/chiptuningmarket.com\/pl\/shop\/oprogramowanie-2-pl\/licencje-subskrypcje-pl\/abrites-licencje-subskrypcje-pl\/oprogramowanie-abrites-avdi-bn013\/#breadcrumb\",\"itemListElement\":[{\"@type\":\"ListItem\",\"position\":1,\"name\":\"Home\",\"item\":\"https:\/\/chiptuningmarket.com\/pl\/\"},{\"@type\":\"ListItem\",\"position\":2,\"name\":\"Sklep\",\"item\":\"https:\/\/chiptuningmarket.com\/pl\/shop\/\"},{\"@type\":\"ListItem\",\"position\":3,\"name\":\"Oprogramowanie Abrites AVDI CAS4, FEM\/BDC and Bikes BN013\"}]},{\"@type\":\"WebSite\",\"@id\":\"https:\/\/chiptuningmarket.com\/pl\/#website\",\"url\":\"https:\/\/chiptuningmarket.com\/pl\/\",\"name\":\"Chiptuningmarket\",\"description\":\"Biggest chiptuning shop in Europe\",\"publisher\":{\"@id\":\"https:\/\/chiptuningmarket.com\/pl\/#organization\"},\"alternateName\":\"Worldwide ecu tools supplier\",\"potentialAction\":[{\"@type\":\"SearchAction\",\"target\":{\"@type\":\"EntryPoint\",\"urlTemplate\":\"https:\/\/chiptuningmarket.com\/pl\/?s={search_term_string}\"},\"query-input\":{\"@type\":\"PropertyValueSpecification\",\"valueRequired\":true,\"valueName\":\"search_term_string\"}}],\"inLanguage\":\"pl-PL\"},{\"@type\":\"Organization\",\"@id\":\"https:\/\/chiptuningmarket.com\/pl\/#organization\",\"name\":\"Chiptuningmarket\",\"alternateName\":\"Chiptuning tools supplier\",\"url\":\"https:\/\/chiptuningmarket.com\/pl\/\",\"logo\":{\"@type\":\"ImageObject\",\"inLanguage\":\"pl-PL\",\"@id\":\"https:\/\/chiptuningmarket.com\/pl\/#\/schema\/logo\/image\/\",\"url\":\"https:\/\/chiptuningmarket.com\/wp-content\/uploads\/2023\/05\/logo-ChipTuningMarket-social.png\",\"contentUrl\":\"https:\/\/chiptuningmarket.com\/wp-content\/uploads\/2023\/05\/logo-ChipTuningMarket-social.png\",\"width\":512,\"height\":512,\"caption\":\"Chiptuningmarket\"},\"image\":{\"@id\":\"https:\/\/chiptuningmarket.com\/pl\/#\/schema\/logo\/image\/\"}}]}<\/script>\n<!-- \/ Yoast SEO plugin. -->","yoast_head_json":{"title":"Oprogramowanie Abrites AVDI CAS4, FEM\/BDC and Bikes BN013 - Chiptuningmarket","description":"Licencja BN013 umo\u017cliwia wykonywanie procedur programowania kluczy (dodawanie klucza zapasowego i WSZYSTKICH UTRACONYCH KLUCZY) we WSZYSTKICH pojazdach BMW, Mini i Rolls Royce serii F, wyposa\u017conych w CAS4 (przez OBDII) lub FEM \/ BDC (przez zrzut). Programowanie kluczyk\u00f3w do motocykli (dodawanie kluczyka zapasowego i WSZYSTKICH UTRACONYCH KLUCZYK\u00d3W) wyposa\u017conych w EWS4 lub SLZ.","robots":{"index":"index","follow":"follow","max-snippet":"max-snippet:-1","max-image-preview":"max-image-preview:large","max-video-preview":"max-video-preview:-1"},"canonical":"https:\/\/chiptuningmarket.com\/pl\/shop\/oprogramowanie-2-pl\/licencje-subskrypcje-pl\/abrites-licencje-subskrypcje-pl\/oprogramowanie-abrites-avdi-bn013\/","og_locale":"pl_PL","og_type":"article","og_title":"Oprogramowanie Abrites AVDI CAS4, FEM\/BDC and Bikes BN013 - Chiptuningmarket","og_description":"Licencja BN013 umo\u017cliwia wykonywanie procedur programowania kluczy (dodawanie klucza zapasowego i WSZYSTKICH UTRACONYCH KLUCZY) we WSZYSTKICH pojazdach BMW, Mini i Rolls Royce serii F, wyposa\u017conych w CAS4 (przez OBDII) lub FEM \/ BDC (przez zrzut). Programowanie kluczyk\u00f3w do motocykli (dodawanie kluczyka zapasowego i WSZYSTKICH UTRACONYCH KLUCZYK\u00d3W) wyposa\u017conych w EWS4 lub SLZ.","og_url":"https:\/\/chiptuningmarket.com\/pl\/shop\/oprogramowanie-2-pl\/licencje-subskrypcje-pl\/abrites-licencje-subskrypcje-pl\/oprogramowanie-abrites-avdi-bn013\/","og_site_name":"Chiptuningmarket","article_modified_time":"2024-05-17T23:30:45+00:00","og_image":[{"width":423,"height":403,"url":"https:\/\/chiptuningmarket.com\/wp-content\/uploads\/2024\/05\/BN013-s.png","type":"image\/png"}],"twitter_card":"summary_large_image","twitter_misc":{"Szacowany czas czytania":"2 minuty"},"schema":{"@context":"https:\/\/schema.org","@graph":[{"@type":"WebPage","@id":"https:\/\/chiptuningmarket.com\/pl\/shop\/oprogramowanie-2-pl\/licencje-subskrypcje-pl\/abrites-licencje-subskrypcje-pl\/oprogramowanie-abrites-avdi-bn013\/","url":"https:\/\/chiptuningmarket.com\/pl\/shop\/oprogramowanie-2-pl\/licencje-subskrypcje-pl\/abrites-licencje-subskrypcje-pl\/oprogramowanie-abrites-avdi-bn013\/","name":"Oprogramowanie Abrites AVDI CAS4, FEM\/BDC and Bikes BN013 - Chiptuningmarket","isPartOf":{"@id":"https:\/\/chiptuningmarket.com\/pl\/#website"},"primaryImageOfPage":{"@id":"https:\/\/chiptuningmarket.com\/pl\/shop\/oprogramowanie-2-pl\/licencje-subskrypcje-pl\/abrites-licencje-subskrypcje-pl\/oprogramowanie-abrites-avdi-bn013\/#primaryimage"},"image":{"@id":"https:\/\/chiptuningmarket.com\/pl\/shop\/oprogramowanie-2-pl\/licencje-subskrypcje-pl\/abrites-licencje-subskrypcje-pl\/oprogramowanie-abrites-avdi-bn013\/#primaryimage"},"thumbnailUrl":"https:\/\/chiptuningmarket.com\/wp-content\/uploads\/2024\/05\/BN013-s.png","datePublished":"2024-05-17T05:30:09+00:00","dateModified":"2024-05-17T23:30:45+00:00","description":"Licencja BN013 umo\u017cliwia wykonywanie procedur programowania kluczy (dodawanie klucza zapasowego i WSZYSTKICH UTRACONYCH KLUCZY) we WSZYSTKICH pojazdach BMW, Mini i Rolls Royce serii F, wyposa\u017conych w CAS4 (przez OBDII) lub FEM \/ BDC (przez zrzut). Programowanie kluczyk\u00f3w do motocykli (dodawanie kluczyka zapasowego i WSZYSTKICH UTRACONYCH KLUCZYK\u00d3W) wyposa\u017conych w EWS4 lub SLZ.","breadcrumb":{"@id":"https:\/\/chiptuningmarket.com\/pl\/shop\/oprogramowanie-2-pl\/licencje-subskrypcje-pl\/abrites-licencje-subskrypcje-pl\/oprogramowanie-abrites-avdi-bn013\/#breadcrumb"},"inLanguage":"pl-PL","potentialAction":[{"@type":"ReadAction","target":["https:\/\/chiptuningmarket.com\/pl\/shop\/oprogramowanie-2-pl\/licencje-subskrypcje-pl\/abrites-licencje-subskrypcje-pl\/oprogramowanie-abrites-avdi-bn013\/"]}]},{"@type":"ImageObject","inLanguage":"pl-PL","@id":"https:\/\/chiptuningmarket.com\/pl\/shop\/oprogramowanie-2-pl\/licencje-subskrypcje-pl\/abrites-licencje-subskrypcje-pl\/oprogramowanie-abrites-avdi-bn013\/#primaryimage","url":"https:\/\/chiptuningmarket.com\/wp-content\/uploads\/2024\/05\/BN013-s.png","contentUrl":"https:\/\/chiptuningmarket.com\/wp-content\/uploads\/2024\/05\/BN013-s.png","width":423,"height":403},{"@type":"BreadcrumbList","@id":"https:\/\/chiptuningmarket.com\/pl\/shop\/oprogramowanie-2-pl\/licencje-subskrypcje-pl\/abrites-licencje-subskrypcje-pl\/oprogramowanie-abrites-avdi-bn013\/#breadcrumb","itemListElement":[{"@type":"ListItem","position":1,"name":"Home","item":"https:\/\/chiptuningmarket.com\/pl\/"},{"@type":"ListItem","position":2,"name":"Sklep","item":"https:\/\/chiptuningmarket.com\/pl\/shop\/"},{"@type":"ListItem","position":3,"name":"Oprogramowanie Abrites AVDI CAS4, FEM\/BDC and Bikes BN013"}]},{"@type":"WebSite","@id":"https:\/\/chiptuningmarket.com\/pl\/#website","url":"https:\/\/chiptuningmarket.com\/pl\/","name":"Chiptuningmarket","description":"Biggest chiptuning shop in Europe","publisher":{"@id":"https:\/\/chiptuningmarket.com\/pl\/#organization"},"alternateName":"Worldwide ecu tools supplier","potentialAction":[{"@type":"SearchAction","target":{"@type":"EntryPoint","urlTemplate":"https:\/\/chiptuningmarket.com\/pl\/?s={search_term_string}"},"query-input":{"@type":"PropertyValueSpecification","valueRequired":true,"valueName":"search_term_string"}}],"inLanguage":"pl-PL"},{"@type":"Organization","@id":"https:\/\/chiptuningmarket.com\/pl\/#organization","name":"Chiptuningmarket","alternateName":"Chiptuning tools supplier","url":"https:\/\/chiptuningmarket.com\/pl\/","logo":{"@type":"ImageObject","inLanguage":"pl-PL","@id":"https:\/\/chiptuningmarket.com\/pl\/#\/schema\/logo\/image\/","url":"https:\/\/chiptuningmarket.com\/wp-content\/uploads\/2023\/05\/logo-ChipTuningMarket-social.png","contentUrl":"https:\/\/chiptuningmarket.com\/wp-content\/uploads\/2023\/05\/logo-ChipTuningMarket-social.png","width":512,"height":512,"caption":"Chiptuningmarket"},"image":{"@id":"https:\/\/chiptuningmarket.com\/pl\/#\/schema\/logo\/image\/"}}]}},"_links":{"self":[{"href":"https:\/\/chiptuningmarket.com\/pl\/wp-json\/wp\/v2\/product\/29801","targetHints":{"allow":["GET"]}}],"collection":[{"href":"https:\/\/chiptuningmarket.com\/pl\/wp-json\/wp\/v2\/product"}],"about":[{"href":"https:\/\/chiptuningmarket.com\/pl\/wp-json\/wp\/v2\/types\/product"}],"wp:featuredmedia":[{"embeddable":true,"href":"https:\/\/chiptuningmarket.com\/pl\/wp-json\/wp\/v2\/media\/29803"}],"wp:attachment":[{"href":"https:\/\/chiptuningmarket.com\/pl\/wp-json\/wp\/v2\/media?parent=29801"}],"wp:term":[{"taxonomy":"product_brand","embeddable":true,"href":"https:\/\/chiptuningmarket.com\/pl\/wp-json\/wp\/v2\/product_brand?post=29801"},{"taxonomy":"product_cat","embeddable":true,"href":"https:\/\/chiptuningmarket.com\/pl\/wp-json\/wp\/v2\/product_cat?post=29801"},{"taxonomy":"product_tag","embeddable":true,"href":"https:\/\/chiptuningmarket.com\/pl\/wp-json\/wp\/v2\/product_tag?post=29801"}],"curies":[{"name":"wp","href":"https:\/\/api.w.org\/{rel}","templated":true}]}}