{"id":29871,"date":"2024-05-20T08:10:26","date_gmt":"2024-05-20T08:10:26","guid":{"rendered":"https:\/\/chiptuningmarket.com\/?post_type=product&#038;p=29871"},"modified":"2024-05-20T23:40:50","modified_gmt":"2024-05-20T23:40:50","slug":"oprogramowanie-abrites-avdi-po008","status":"publish","type":"product","link":"https:\/\/chiptuningmarket.com\/pl\/shop\/oprogramowanie-2-pl\/licencje-subskrypcje-pl\/abrites-licencje-subskrypcje-pl\/oprogramowanie-abrites-avdi-po008\/","title":{"rendered":"Oprogramowanie Abrites AVDI PO008"},"content":{"rendered":"<h2 style=\"text-align: center\">Oprogramowanie Abrites AVDI PO008<\/h2>\n<p>Licencja umo\u017cliwia kodowanie, konfiguracja, adaptacja sterownik\u00f3w.<br \/>\nProgramowanie kluczy, Obliczanie kodu PIN.<br \/>\nKalkulator kod\u00f3w systemu alarmowego &#8211; Porsche (9&#215;6)<br \/>\nProgramowanie kluczy:<br \/>\n&#8211; &#8220;All keys lost&#8221; (mo\u017cliwo\u015b\u0107 przygotowanie i przyuczenia klucza) &#8211; 911 997, Boxster 987, Cayman 987<br \/>\n&#8211; &#8220;Program dealer key\u201d- 911 997, Boxster 987, Cayman 987<br \/>\n&#8211; Przyuczanie transpondera\/klucza &#8211; GT2 996, GT3 996, 911 996, Boxster 996, Carrera GT<br \/>\n&#8211; Przyuczanie pilota &#8211; GT2 996, GT3 996, 911 996, Boxster 996, Carrera GT<br \/>\n&#8211; Przyuczanie transpondera\/klucza &#8211; Cayenne<br \/>\n&#8211; Przyuczanie transpondera\/klucza &#8211; 911 997, Bosxter 997, Cayman<\/p>\n<p>Pe\u0142ne informacje na temat korzystania z tej specjalnej funkcji firmy ABRITES znajduj\u0105 si\u0119 w instrukcji<b> <a href=\"https:\/\/chiptuningmarket.com\/wp-content\/uploads\/2024\/05\/PO008.pdf\">HERE<\/a>.<\/b><\/p>\n","protected":false},"excerpt":{"rendered":"<p>Licencja P008 umo\u017cliwia programowanie kluczyk\u00f3w i zdalnego sterowania. Licencja umo\u017cliwia r\u00f3wnie\u017c konfiguracj\u0119, kodowanie , i adaptacj\u0119 elektronicznych modu\u0142\u00f3w steruj\u0105cych\u00a0(adaptacje modeli do 2010 roku z aktywowan\u0105 licencj\u0105 PO007).<\/p>\n","protected":false},"featured_media":29875,"template":"","meta":{"_monsterinsights_skip_tracking":false,"_monsterinsights_sitenote_active":false,"_monsterinsights_sitenote_note":"","_monsterinsights_sitenote_category":0},"product_brand":[],"product_cat":[5183,5192,5293],"product_tag":[4902],"class_list":{"0":"post-29871","1":"product","2":"type-product","3":"status-publish","4":"has-post-thumbnail","6":"product_cat-oprogramowanie-2-pl","7":"product_cat-licencje-subskrypcje-pl","8":"product_cat-abrites-licencje-subskrypcje-pl","9":"product_tag-abrites-avdi-po008","11":"first","12":"onbackorder","13":"taxable","14":"shipping-taxable","15":"purchasable","16":"product-type-simple"},"yoast_head":"<!-- This site is optimized with the Yoast SEO plugin v25.2 - https:\/\/yoast.com\/wordpress\/plugins\/seo\/ -->\n<title>Oprogramowanie Abrites AVDI PO008 - Chiptuningmarket<\/title>\n<meta name=\"description\" content=\"Licencja P008 umo\u017cliwia programowanie kluczyk\u00f3w i zdalnego sterowania. Licencja umo\u017cliwia r\u00f3wnie\u017c konfiguracj\u0119, kodowanie , i adaptacj\u0119 elektronicznych modu\u0142\u00f3w steruj\u0105cych\u00a0(adaptacje modeli do 2010 roku z aktywowan\u0105 licencj\u0105 PO007).\" \/>\n<meta name=\"robots\" content=\"index, follow, max-snippet:-1, max-image-preview:large, max-video-preview:-1\" \/>\n<link rel=\"canonical\" href=\"https:\/\/chiptuningmarket.com\/pl\/shop\/oprogramowanie-2-pl\/licencje-subskrypcje-pl\/abrites-licencje-subskrypcje-pl\/oprogramowanie-abrites-avdi-po008\/\" \/>\n<meta property=\"og:locale\" content=\"pl_PL\" \/>\n<meta property=\"og:type\" content=\"article\" \/>\n<meta property=\"og:title\" content=\"Oprogramowanie Abrites AVDI PO008 - Chiptuningmarket\" \/>\n<meta property=\"og:description\" content=\"Licencja P008 umo\u017cliwia programowanie kluczyk\u00f3w i zdalnego sterowania. Licencja umo\u017cliwia r\u00f3wnie\u017c konfiguracj\u0119, kodowanie , i adaptacj\u0119 elektronicznych modu\u0142\u00f3w steruj\u0105cych\u00a0(adaptacje modeli do 2010 roku z aktywowan\u0105 licencj\u0105 PO007).\" \/>\n<meta property=\"og:url\" content=\"https:\/\/chiptuningmarket.com\/pl\/shop\/oprogramowanie-2-pl\/licencje-subskrypcje-pl\/abrites-licencje-subskrypcje-pl\/oprogramowanie-abrites-avdi-po008\/\" \/>\n<meta property=\"og:site_name\" content=\"Chiptuningmarket\" \/>\n<meta property=\"article:modified_time\" content=\"2024-05-20T23:40:50+00:00\" \/>\n<meta property=\"og:image\" content=\"https:\/\/chiptuningmarket.com\/wp-content\/uploads\/2024\/05\/PO008.png\" \/>\n\t<meta property=\"og:image:width\" content=\"423\" \/>\n\t<meta property=\"og:image:height\" content=\"403\" \/>\n\t<meta property=\"og:image:type\" content=\"image\/png\" \/>\n<meta name=\"twitter:card\" content=\"summary_large_image\" \/>\n<script type=\"application\/ld+json\" class=\"yoast-schema-graph\">{\"@context\":\"https:\/\/schema.org\",\"@graph\":[{\"@type\":\"WebPage\",\"@id\":\"https:\/\/chiptuningmarket.com\/pl\/shop\/oprogramowanie-2-pl\/licencje-subskrypcje-pl\/abrites-licencje-subskrypcje-pl\/oprogramowanie-abrites-avdi-po008\/\",\"url\":\"https:\/\/chiptuningmarket.com\/pl\/shop\/oprogramowanie-2-pl\/licencje-subskrypcje-pl\/abrites-licencje-subskrypcje-pl\/oprogramowanie-abrites-avdi-po008\/\",\"name\":\"Oprogramowanie Abrites AVDI PO008 - Chiptuningmarket\",\"isPartOf\":{\"@id\":\"https:\/\/chiptuningmarket.com\/ru\/#website\"},\"primaryImageOfPage\":{\"@id\":\"https:\/\/chiptuningmarket.com\/pl\/shop\/oprogramowanie-2-pl\/licencje-subskrypcje-pl\/abrites-licencje-subskrypcje-pl\/oprogramowanie-abrites-avdi-po008\/#primaryimage\"},\"image\":{\"@id\":\"https:\/\/chiptuningmarket.com\/pl\/shop\/oprogramowanie-2-pl\/licencje-subskrypcje-pl\/abrites-licencje-subskrypcje-pl\/oprogramowanie-abrites-avdi-po008\/#primaryimage\"},\"thumbnailUrl\":\"https:\/\/chiptuningmarket.com\/wp-content\/uploads\/2024\/05\/PO008.png\",\"datePublished\":\"2024-05-20T08:10:26+00:00\",\"dateModified\":\"2024-05-20T23:40:50+00:00\",\"description\":\"Licencja P008 umo\u017cliwia programowanie kluczyk\u00f3w i zdalnego sterowania. Licencja umo\u017cliwia r\u00f3wnie\u017c konfiguracj\u0119, kodowanie , i adaptacj\u0119 elektronicznych modu\u0142\u00f3w steruj\u0105cych\u00a0(adaptacje modeli do 2010 roku z aktywowan\u0105 licencj\u0105 PO007).\",\"breadcrumb\":{\"@id\":\"https:\/\/chiptuningmarket.com\/pl\/shop\/oprogramowanie-2-pl\/licencje-subskrypcje-pl\/abrites-licencje-subskrypcje-pl\/oprogramowanie-abrites-avdi-po008\/#breadcrumb\"},\"inLanguage\":\"pl-PL\",\"potentialAction\":[{\"@type\":\"ReadAction\",\"target\":[\"https:\/\/chiptuningmarket.com\/pl\/shop\/oprogramowanie-2-pl\/licencje-subskrypcje-pl\/abrites-licencje-subskrypcje-pl\/oprogramowanie-abrites-avdi-po008\/\"]}]},{\"@type\":\"ImageObject\",\"inLanguage\":\"pl-PL\",\"@id\":\"https:\/\/chiptuningmarket.com\/pl\/shop\/oprogramowanie-2-pl\/licencje-subskrypcje-pl\/abrites-licencje-subskrypcje-pl\/oprogramowanie-abrites-avdi-po008\/#primaryimage\",\"url\":\"https:\/\/chiptuningmarket.com\/wp-content\/uploads\/2024\/05\/PO008.png\",\"contentUrl\":\"https:\/\/chiptuningmarket.com\/wp-content\/uploads\/2024\/05\/PO008.png\",\"width\":423,\"height\":403},{\"@type\":\"BreadcrumbList\",\"@id\":\"https:\/\/chiptuningmarket.com\/pl\/shop\/oprogramowanie-2-pl\/licencje-subskrypcje-pl\/abrites-licencje-subskrypcje-pl\/oprogramowanie-abrites-avdi-po008\/#breadcrumb\",\"itemListElement\":[{\"@type\":\"ListItem\",\"position\":1,\"name\":\"Home\",\"item\":\"https:\/\/chiptuningmarket.com\/pl\/\"},{\"@type\":\"ListItem\",\"position\":2,\"name\":\"Sklep\",\"item\":\"https:\/\/chiptuningmarket.com\/pl\/shop\/\"},{\"@type\":\"ListItem\",\"position\":3,\"name\":\"Oprogramowanie Abrites AVDI PO008\"}]},{\"@type\":\"WebSite\",\"@id\":\"https:\/\/chiptuningmarket.com\/ru\/#website\",\"url\":\"https:\/\/chiptuningmarket.com\/ru\/\",\"name\":\"Chiptuningmarket\",\"description\":\"Biggest chiptuning shop in Europe\",\"publisher\":{\"@id\":\"https:\/\/chiptuningmarket.com\/ru\/#organization\"},\"alternateName\":\"Worldwide ecu tools supplier\",\"potentialAction\":[{\"@type\":\"SearchAction\",\"target\":{\"@type\":\"EntryPoint\",\"urlTemplate\":\"https:\/\/chiptuningmarket.com\/ru\/?s={search_term_string}\"},\"query-input\":{\"@type\":\"PropertyValueSpecification\",\"valueRequired\":true,\"valueName\":\"search_term_string\"}}],\"inLanguage\":\"pl-PL\"},{\"@type\":\"Organization\",\"@id\":\"https:\/\/chiptuningmarket.com\/ru\/#organization\",\"name\":\"Chiptuningmarket\",\"alternateName\":\"Chiptuning tools supplier\",\"url\":\"https:\/\/chiptuningmarket.com\/ru\/\",\"logo\":{\"@type\":\"ImageObject\",\"inLanguage\":\"pl-PL\",\"@id\":\"https:\/\/chiptuningmarket.com\/ru\/#\/schema\/logo\/image\/\",\"url\":\"https:\/\/chiptuningmarket.com\/wp-content\/uploads\/2023\/05\/logo-ChipTuningMarket-social.png\",\"contentUrl\":\"https:\/\/chiptuningmarket.com\/wp-content\/uploads\/2023\/05\/logo-ChipTuningMarket-social.png\",\"width\":512,\"height\":512,\"caption\":\"Chiptuningmarket\"},\"image\":{\"@id\":\"https:\/\/chiptuningmarket.com\/ru\/#\/schema\/logo\/image\/\"}}]}<\/script>\n<!-- \/ Yoast SEO plugin. -->","yoast_head_json":{"title":"Oprogramowanie Abrites AVDI PO008 - Chiptuningmarket","description":"Licencja P008 umo\u017cliwia programowanie kluczyk\u00f3w i zdalnego sterowania. Licencja umo\u017cliwia r\u00f3wnie\u017c konfiguracj\u0119, kodowanie , i adaptacj\u0119 elektronicznych modu\u0142\u00f3w steruj\u0105cych\u00a0(adaptacje modeli do 2010 roku z aktywowan\u0105 licencj\u0105 PO007).","robots":{"index":"index","follow":"follow","max-snippet":"max-snippet:-1","max-image-preview":"max-image-preview:large","max-video-preview":"max-video-preview:-1"},"canonical":"https:\/\/chiptuningmarket.com\/pl\/shop\/oprogramowanie-2-pl\/licencje-subskrypcje-pl\/abrites-licencje-subskrypcje-pl\/oprogramowanie-abrites-avdi-po008\/","og_locale":"pl_PL","og_type":"article","og_title":"Oprogramowanie Abrites AVDI PO008 - Chiptuningmarket","og_description":"Licencja P008 umo\u017cliwia programowanie kluczyk\u00f3w i zdalnego sterowania. Licencja umo\u017cliwia r\u00f3wnie\u017c konfiguracj\u0119, kodowanie , i adaptacj\u0119 elektronicznych modu\u0142\u00f3w steruj\u0105cych\u00a0(adaptacje modeli do 2010 roku z aktywowan\u0105 licencj\u0105 PO007).","og_url":"https:\/\/chiptuningmarket.com\/pl\/shop\/oprogramowanie-2-pl\/licencje-subskrypcje-pl\/abrites-licencje-subskrypcje-pl\/oprogramowanie-abrites-avdi-po008\/","og_site_name":"Chiptuningmarket","article_modified_time":"2024-05-20T23:40:50+00:00","og_image":[{"width":423,"height":403,"url":"https:\/\/chiptuningmarket.com\/wp-content\/uploads\/2024\/05\/PO008.png","type":"image\/png"}],"twitter_card":"summary_large_image","schema":{"@context":"https:\/\/schema.org","@graph":[{"@type":"WebPage","@id":"https:\/\/chiptuningmarket.com\/pl\/shop\/oprogramowanie-2-pl\/licencje-subskrypcje-pl\/abrites-licencje-subskrypcje-pl\/oprogramowanie-abrites-avdi-po008\/","url":"https:\/\/chiptuningmarket.com\/pl\/shop\/oprogramowanie-2-pl\/licencje-subskrypcje-pl\/abrites-licencje-subskrypcje-pl\/oprogramowanie-abrites-avdi-po008\/","name":"Oprogramowanie Abrites AVDI PO008 - Chiptuningmarket","isPartOf":{"@id":"https:\/\/chiptuningmarket.com\/ru\/#website"},"primaryImageOfPage":{"@id":"https:\/\/chiptuningmarket.com\/pl\/shop\/oprogramowanie-2-pl\/licencje-subskrypcje-pl\/abrites-licencje-subskrypcje-pl\/oprogramowanie-abrites-avdi-po008\/#primaryimage"},"image":{"@id":"https:\/\/chiptuningmarket.com\/pl\/shop\/oprogramowanie-2-pl\/licencje-subskrypcje-pl\/abrites-licencje-subskrypcje-pl\/oprogramowanie-abrites-avdi-po008\/#primaryimage"},"thumbnailUrl":"https:\/\/chiptuningmarket.com\/wp-content\/uploads\/2024\/05\/PO008.png","datePublished":"2024-05-20T08:10:26+00:00","dateModified":"2024-05-20T23:40:50+00:00","description":"Licencja P008 umo\u017cliwia programowanie kluczyk\u00f3w i zdalnego sterowania. Licencja umo\u017cliwia r\u00f3wnie\u017c konfiguracj\u0119, kodowanie , i adaptacj\u0119 elektronicznych modu\u0142\u00f3w steruj\u0105cych\u00a0(adaptacje modeli do 2010 roku z aktywowan\u0105 licencj\u0105 PO007).","breadcrumb":{"@id":"https:\/\/chiptuningmarket.com\/pl\/shop\/oprogramowanie-2-pl\/licencje-subskrypcje-pl\/abrites-licencje-subskrypcje-pl\/oprogramowanie-abrites-avdi-po008\/#breadcrumb"},"inLanguage":"pl-PL","potentialAction":[{"@type":"ReadAction","target":["https:\/\/chiptuningmarket.com\/pl\/shop\/oprogramowanie-2-pl\/licencje-subskrypcje-pl\/abrites-licencje-subskrypcje-pl\/oprogramowanie-abrites-avdi-po008\/"]}]},{"@type":"ImageObject","inLanguage":"pl-PL","@id":"https:\/\/chiptuningmarket.com\/pl\/shop\/oprogramowanie-2-pl\/licencje-subskrypcje-pl\/abrites-licencje-subskrypcje-pl\/oprogramowanie-abrites-avdi-po008\/#primaryimage","url":"https:\/\/chiptuningmarket.com\/wp-content\/uploads\/2024\/05\/PO008.png","contentUrl":"https:\/\/chiptuningmarket.com\/wp-content\/uploads\/2024\/05\/PO008.png","width":423,"height":403},{"@type":"BreadcrumbList","@id":"https:\/\/chiptuningmarket.com\/pl\/shop\/oprogramowanie-2-pl\/licencje-subskrypcje-pl\/abrites-licencje-subskrypcje-pl\/oprogramowanie-abrites-avdi-po008\/#breadcrumb","itemListElement":[{"@type":"ListItem","position":1,"name":"Home","item":"https:\/\/chiptuningmarket.com\/pl\/"},{"@type":"ListItem","position":2,"name":"Sklep","item":"https:\/\/chiptuningmarket.com\/pl\/shop\/"},{"@type":"ListItem","position":3,"name":"Oprogramowanie Abrites AVDI PO008"}]},{"@type":"WebSite","@id":"https:\/\/chiptuningmarket.com\/ru\/#website","url":"https:\/\/chiptuningmarket.com\/ru\/","name":"Chiptuningmarket","description":"Biggest chiptuning shop in Europe","publisher":{"@id":"https:\/\/chiptuningmarket.com\/ru\/#organization"},"alternateName":"Worldwide ecu tools supplier","potentialAction":[{"@type":"SearchAction","target":{"@type":"EntryPoint","urlTemplate":"https:\/\/chiptuningmarket.com\/ru\/?s={search_term_string}"},"query-input":{"@type":"PropertyValueSpecification","valueRequired":true,"valueName":"search_term_string"}}],"inLanguage":"pl-PL"},{"@type":"Organization","@id":"https:\/\/chiptuningmarket.com\/ru\/#organization","name":"Chiptuningmarket","alternateName":"Chiptuning tools supplier","url":"https:\/\/chiptuningmarket.com\/ru\/","logo":{"@type":"ImageObject","inLanguage":"pl-PL","@id":"https:\/\/chiptuningmarket.com\/ru\/#\/schema\/logo\/image\/","url":"https:\/\/chiptuningmarket.com\/wp-content\/uploads\/2023\/05\/logo-ChipTuningMarket-social.png","contentUrl":"https:\/\/chiptuningmarket.com\/wp-content\/uploads\/2023\/05\/logo-ChipTuningMarket-social.png","width":512,"height":512,"caption":"Chiptuningmarket"},"image":{"@id":"https:\/\/chiptuningmarket.com\/ru\/#\/schema\/logo\/image\/"}}]}},"_links":{"self":[{"href":"https:\/\/chiptuningmarket.com\/pl\/wp-json\/wp\/v2\/product\/29871","targetHints":{"allow":["GET"]}}],"collection":[{"href":"https:\/\/chiptuningmarket.com\/pl\/wp-json\/wp\/v2\/product"}],"about":[{"href":"https:\/\/chiptuningmarket.com\/pl\/wp-json\/wp\/v2\/types\/product"}],"wp:featuredmedia":[{"embeddable":true,"href":"https:\/\/chiptuningmarket.com\/pl\/wp-json\/wp\/v2\/media\/29875"}],"wp:attachment":[{"href":"https:\/\/chiptuningmarket.com\/pl\/wp-json\/wp\/v2\/media?parent=29871"}],"wp:term":[{"taxonomy":"product_brand","embeddable":true,"href":"https:\/\/chiptuningmarket.com\/pl\/wp-json\/wp\/v2\/product_brand?post=29871"},{"taxonomy":"product_cat","embeddable":true,"href":"https:\/\/chiptuningmarket.com\/pl\/wp-json\/wp\/v2\/product_cat?post=29871"},{"taxonomy":"product_tag","embeddable":true,"href":"https:\/\/chiptuningmarket.com\/pl\/wp-json\/wp\/v2\/product_tag?post=29871"}],"curies":[{"name":"wp","href":"https:\/\/api.w.org\/{rel}","templated":true}]}}