{"id":30007,"date":"2024-05-22T08:02:29","date_gmt":"2024-05-22T08:02:29","guid":{"rendered":"https:\/\/chiptuningmarket.com\/?post_type=product&#038;p=30007"},"modified":"2024-05-22T08:02:30","modified_gmt":"2024-05-22T08:02:30","slug":"oprogramowanie-abrites-avdi-on014","status":"publish","type":"product","link":"https:\/\/chiptuningmarket.com\/pl\/shop\/oprogramowanie-2-pl\/licencje-subskrypcje-pl\/abrites-licencje-subskrypcje-pl\/oprogramowanie-abrites-avdi-on014\/","title":{"rendered":"Oprogramowanie Abrites AVDI ON014"},"content":{"rendered":"<h2 style=\"text-align: center\">Abrites AVDI ON014<\/h2>\n<ul>\n<li><strong>Wspierane modele:<\/strong><\/li>\n<\/ul>\n<p>Chevrolet:<\/p>\n<ul>\n<li>Captiva \u2013 Engine Bosch EDC16C39<\/li>\n<li>Cruze \u2013 Instrument Panel Cluster (IPC) + Body Control Module (BCM)<\/li>\n<\/ul>\n<p>Opel\/Vauxhall:<\/p>\n<ul>\n<li>Adam &#8211; Instrument Panel Cluster (IPC) + Body Control Module (BCM)<\/li>\n<li>Antara \u2013 Engine Bosch EDC16E39<\/li>\n<li>Astra G \u2013 Instrument Panel Cluster (IPC); Engine Bosch PSG16<\/li>\n<li>Astra H \u2013 Engine Bosch EDC16C9; Engine Bosch Motronic 7.6.x; Engine Delco MT35<\/li>\n<li>Astra J \u2013 Engine Dense 1.7 CDTI (A17DTR, A17DTL); Instrument Panel Cluster (IPC) + Body Control Module (BCM)<\/li>\n<li>Corsa C \u2013 Instrument Panel Cluster (IPC)<\/li>\n<li>Corsa D \u2013 Engine Bosch Motronic 7.6.x<\/li>\n<li>Insignia A &#8211; Instrument Panel Cluster (IPC) + Body Control Module (BCM)<\/li>\n<li>Meriva &#8211; Instrument Panel Cluster (IPC)<\/li>\n<li>Meriva B &#8211; Instrument Panel Cluster (IPC) + Body Control Module (BCM)<\/li>\n<li>Mokka &#8211; Instrument Panel Cluster (IPC) + Body Control Module (BCM)<\/li>\n<li>Movano B &#8211; Instrument Panel Cluster (IPC)<\/li>\n<li>Vectra B &#8211; Instrument Panel Cluster (IPC)<\/li>\n<li>Vectra C\/Signum \u2013 Engine Bosch EDC16C9, Engine Bosch PSG16, Engine Delco MT35, Engine Denso 3.0 CDTI (Z30DT)<\/li>\n<li>Zafira &#8211; Instrument Panel Cluster (IPC), Engine Bosch PSG16<\/li>\n<li>Zafira B &#8211; Engine Bosch EDC16C9, Engine Bosch PSG16, Engine Delco MT35<\/li>\n<li>Zafira C &#8211; Instrument Panel Cluster (IPC) + Body Control Module (BCM)Pe\u0142ne informacje na temat korzystania z tej specjalnej funkcji firmy ABRITES znajduj\u0105 si\u0119 w instrukcji <a href=\"https:\/\/chiptuningmarket.com\/wp-content\/uploads\/2024\/05\/ON014.pdf\">TUTAJ<\/a><b>.<\/b>Prosze mie\u0107 na uwadze \u017ce \u017ceby m\u00f3c korzysta\u0107 z funkcji specjalnych nale\u017cy posiada\u0107 interface z aktywn\u0105 subskrypcj\u0105 AMS. Tokeny nie s\u0105 wymagane.<\/li>\n<\/ul>\n","protected":false},"excerpt":{"rendered":"<p>Konfiguracja zaawansowana ON014 jest przeznaczona do kalibracji zegar\u00f3w\u00a0pojazd\u00f3w Opel\/Vauxhall i GM (General Motors).<\/p>\n<p>G\u0142\u00f3wne zastosowanie :<\/p>\n<ul>\n<li>Cluster Calibration<\/li>\n<li>Airbag: Erase Crash Data &#8211; SAB6 Siemens HC11<\/li>\n<li>Radio: Read Code, Reset Counter &#8211; Delco CDR500<\/li>\n<\/ul>\n","protected":false},"featured_media":30011,"template":"","meta":{"_monsterinsights_skip_tracking":false,"_monsterinsights_sitenote_active":false,"_monsterinsights_sitenote_note":"","_monsterinsights_sitenote_category":0},"product_brand":[],"product_cat":[5183,5192,5293],"product_tag":[4915,4916],"class_list":{"0":"post-30007","1":"product","2":"type-product","3":"status-publish","4":"has-post-thumbnail","6":"product_cat-oprogramowanie-2-pl","7":"product_cat-licencje-subskrypcje-pl","8":"product_cat-abrites-licencje-subskrypcje-pl","9":"product_tag-abrites-avdi-on014","10":"product_tag-kalibracji-zegarow-pojazdow-opel","12":"first","13":"onbackorder","14":"taxable","15":"shipping-taxable","16":"purchasable","17":"product-type-simple"},"yoast_head":"<!-- This site is optimized with the Yoast SEO plugin v25.2 - https:\/\/yoast.com\/wordpress\/plugins\/seo\/ -->\n<title>Oprogramowanie Abrites AVDI ON014 - Chiptuningmarket<\/title>\n<meta name=\"description\" content=\"Konfiguracja zaawansowana ON014 jest przeznaczona do kalibracji zegar\u00f3w\u00a0pojazd\u00f3w Opel\/Vauxhall i GM (General Motors).\" \/>\n<meta name=\"robots\" content=\"index, follow, max-snippet:-1, max-image-preview:large, max-video-preview:-1\" \/>\n<link rel=\"canonical\" href=\"https:\/\/chiptuningmarket.com\/pl\/shop\/oprogramowanie-2-pl\/licencje-subskrypcje-pl\/abrites-licencje-subskrypcje-pl\/oprogramowanie-abrites-avdi-on014\/\" \/>\n<meta property=\"og:locale\" content=\"pl_PL\" \/>\n<meta property=\"og:type\" content=\"article\" \/>\n<meta property=\"og:title\" content=\"Oprogramowanie Abrites AVDI ON014 - Chiptuningmarket\" \/>\n<meta property=\"og:description\" content=\"Konfiguracja zaawansowana ON014 jest przeznaczona do kalibracji zegar\u00f3w\u00a0pojazd\u00f3w Opel\/Vauxhall i GM (General Motors).\" \/>\n<meta property=\"og:url\" content=\"https:\/\/chiptuningmarket.com\/pl\/shop\/oprogramowanie-2-pl\/licencje-subskrypcje-pl\/abrites-licencje-subskrypcje-pl\/oprogramowanie-abrites-avdi-on014\/\" \/>\n<meta property=\"og:site_name\" content=\"Chiptuningmarket\" \/>\n<meta property=\"article:modified_time\" content=\"2024-05-22T08:02:30+00:00\" \/>\n<meta property=\"og:image\" content=\"https:\/\/chiptuningmarket.com\/wp-content\/uploads\/2024\/05\/ON014.png\" \/>\n\t<meta property=\"og:image:width\" content=\"423\" \/>\n\t<meta property=\"og:image:height\" content=\"403\" \/>\n\t<meta property=\"og:image:type\" content=\"image\/png\" \/>\n<meta name=\"twitter:card\" content=\"summary_large_image\" \/>\n<meta name=\"twitter:label1\" content=\"Szacowany czas czytania\" \/>\n\t<meta name=\"twitter:data1\" content=\"1 minuta\" \/>\n<script type=\"application\/ld+json\" class=\"yoast-schema-graph\">{\"@context\":\"https:\/\/schema.org\",\"@graph\":[{\"@type\":\"WebPage\",\"@id\":\"https:\/\/chiptuningmarket.com\/pl\/shop\/oprogramowanie-2-pl\/licencje-subskrypcje-pl\/abrites-licencje-subskrypcje-pl\/oprogramowanie-abrites-avdi-on014\/\",\"url\":\"https:\/\/chiptuningmarket.com\/pl\/shop\/oprogramowanie-2-pl\/licencje-subskrypcje-pl\/abrites-licencje-subskrypcje-pl\/oprogramowanie-abrites-avdi-on014\/\",\"name\":\"Oprogramowanie Abrites AVDI ON014 - Chiptuningmarket\",\"isPartOf\":{\"@id\":\"https:\/\/chiptuningmarket.com\/ru\/#website\"},\"primaryImageOfPage\":{\"@id\":\"https:\/\/chiptuningmarket.com\/pl\/shop\/oprogramowanie-2-pl\/licencje-subskrypcje-pl\/abrites-licencje-subskrypcje-pl\/oprogramowanie-abrites-avdi-on014\/#primaryimage\"},\"image\":{\"@id\":\"https:\/\/chiptuningmarket.com\/pl\/shop\/oprogramowanie-2-pl\/licencje-subskrypcje-pl\/abrites-licencje-subskrypcje-pl\/oprogramowanie-abrites-avdi-on014\/#primaryimage\"},\"thumbnailUrl\":\"https:\/\/chiptuningmarket.com\/wp-content\/uploads\/2024\/05\/ON014.png\",\"datePublished\":\"2024-05-22T08:02:29+00:00\",\"dateModified\":\"2024-05-22T08:02:30+00:00\",\"description\":\"Konfiguracja zaawansowana ON014 jest przeznaczona do kalibracji zegar\u00f3w\u00a0pojazd\u00f3w Opel\/Vauxhall i GM (General Motors).\",\"breadcrumb\":{\"@id\":\"https:\/\/chiptuningmarket.com\/pl\/shop\/oprogramowanie-2-pl\/licencje-subskrypcje-pl\/abrites-licencje-subskrypcje-pl\/oprogramowanie-abrites-avdi-on014\/#breadcrumb\"},\"inLanguage\":\"pl-PL\",\"potentialAction\":[{\"@type\":\"ReadAction\",\"target\":[\"https:\/\/chiptuningmarket.com\/pl\/shop\/oprogramowanie-2-pl\/licencje-subskrypcje-pl\/abrites-licencje-subskrypcje-pl\/oprogramowanie-abrites-avdi-on014\/\"]}]},{\"@type\":\"ImageObject\",\"inLanguage\":\"pl-PL\",\"@id\":\"https:\/\/chiptuningmarket.com\/pl\/shop\/oprogramowanie-2-pl\/licencje-subskrypcje-pl\/abrites-licencje-subskrypcje-pl\/oprogramowanie-abrites-avdi-on014\/#primaryimage\",\"url\":\"https:\/\/chiptuningmarket.com\/wp-content\/uploads\/2024\/05\/ON014.png\",\"contentUrl\":\"https:\/\/chiptuningmarket.com\/wp-content\/uploads\/2024\/05\/ON014.png\",\"width\":423,\"height\":403},{\"@type\":\"BreadcrumbList\",\"@id\":\"https:\/\/chiptuningmarket.com\/pl\/shop\/oprogramowanie-2-pl\/licencje-subskrypcje-pl\/abrites-licencje-subskrypcje-pl\/oprogramowanie-abrites-avdi-on014\/#breadcrumb\",\"itemListElement\":[{\"@type\":\"ListItem\",\"position\":1,\"name\":\"Home\",\"item\":\"https:\/\/chiptuningmarket.com\/pl\/\"},{\"@type\":\"ListItem\",\"position\":2,\"name\":\"Sklep\",\"item\":\"https:\/\/chiptuningmarket.com\/pl\/shop\/\"},{\"@type\":\"ListItem\",\"position\":3,\"name\":\"Oprogramowanie Abrites AVDI ON014\"}]},{\"@type\":\"WebSite\",\"@id\":\"https:\/\/chiptuningmarket.com\/ru\/#website\",\"url\":\"https:\/\/chiptuningmarket.com\/ru\/\",\"name\":\"Chiptuningmarket\",\"description\":\"Biggest chiptuning shop in Europe\",\"publisher\":{\"@id\":\"https:\/\/chiptuningmarket.com\/ru\/#organization\"},\"alternateName\":\"Worldwide ecu tools supplier\",\"potentialAction\":[{\"@type\":\"SearchAction\",\"target\":{\"@type\":\"EntryPoint\",\"urlTemplate\":\"https:\/\/chiptuningmarket.com\/ru\/?s={search_term_string}\"},\"query-input\":{\"@type\":\"PropertyValueSpecification\",\"valueRequired\":true,\"valueName\":\"search_term_string\"}}],\"inLanguage\":\"pl-PL\"},{\"@type\":\"Organization\",\"@id\":\"https:\/\/chiptuningmarket.com\/ru\/#organization\",\"name\":\"Chiptuningmarket\",\"alternateName\":\"Chiptuning tools supplier\",\"url\":\"https:\/\/chiptuningmarket.com\/ru\/\",\"logo\":{\"@type\":\"ImageObject\",\"inLanguage\":\"pl-PL\",\"@id\":\"https:\/\/chiptuningmarket.com\/ru\/#\/schema\/logo\/image\/\",\"url\":\"https:\/\/chiptuningmarket.com\/wp-content\/uploads\/2023\/05\/logo-ChipTuningMarket-social.png\",\"contentUrl\":\"https:\/\/chiptuningmarket.com\/wp-content\/uploads\/2023\/05\/logo-ChipTuningMarket-social.png\",\"width\":512,\"height\":512,\"caption\":\"Chiptuningmarket\"},\"image\":{\"@id\":\"https:\/\/chiptuningmarket.com\/ru\/#\/schema\/logo\/image\/\"}}]}<\/script>\n<!-- \/ Yoast SEO plugin. -->","yoast_head_json":{"title":"Oprogramowanie Abrites AVDI ON014 - Chiptuningmarket","description":"Konfiguracja zaawansowana ON014 jest przeznaczona do kalibracji zegar\u00f3w\u00a0pojazd\u00f3w Opel\/Vauxhall i GM (General Motors).","robots":{"index":"index","follow":"follow","max-snippet":"max-snippet:-1","max-image-preview":"max-image-preview:large","max-video-preview":"max-video-preview:-1"},"canonical":"https:\/\/chiptuningmarket.com\/pl\/shop\/oprogramowanie-2-pl\/licencje-subskrypcje-pl\/abrites-licencje-subskrypcje-pl\/oprogramowanie-abrites-avdi-on014\/","og_locale":"pl_PL","og_type":"article","og_title":"Oprogramowanie Abrites AVDI ON014 - Chiptuningmarket","og_description":"Konfiguracja zaawansowana ON014 jest przeznaczona do kalibracji zegar\u00f3w\u00a0pojazd\u00f3w Opel\/Vauxhall i GM (General Motors).","og_url":"https:\/\/chiptuningmarket.com\/pl\/shop\/oprogramowanie-2-pl\/licencje-subskrypcje-pl\/abrites-licencje-subskrypcje-pl\/oprogramowanie-abrites-avdi-on014\/","og_site_name":"Chiptuningmarket","article_modified_time":"2024-05-22T08:02:30+00:00","og_image":[{"width":423,"height":403,"url":"https:\/\/chiptuningmarket.com\/wp-content\/uploads\/2024\/05\/ON014.png","type":"image\/png"}],"twitter_card":"summary_large_image","twitter_misc":{"Szacowany czas czytania":"1 minuta"},"schema":{"@context":"https:\/\/schema.org","@graph":[{"@type":"WebPage","@id":"https:\/\/chiptuningmarket.com\/pl\/shop\/oprogramowanie-2-pl\/licencje-subskrypcje-pl\/abrites-licencje-subskrypcje-pl\/oprogramowanie-abrites-avdi-on014\/","url":"https:\/\/chiptuningmarket.com\/pl\/shop\/oprogramowanie-2-pl\/licencje-subskrypcje-pl\/abrites-licencje-subskrypcje-pl\/oprogramowanie-abrites-avdi-on014\/","name":"Oprogramowanie Abrites AVDI ON014 - Chiptuningmarket","isPartOf":{"@id":"https:\/\/chiptuningmarket.com\/ru\/#website"},"primaryImageOfPage":{"@id":"https:\/\/chiptuningmarket.com\/pl\/shop\/oprogramowanie-2-pl\/licencje-subskrypcje-pl\/abrites-licencje-subskrypcje-pl\/oprogramowanie-abrites-avdi-on014\/#primaryimage"},"image":{"@id":"https:\/\/chiptuningmarket.com\/pl\/shop\/oprogramowanie-2-pl\/licencje-subskrypcje-pl\/abrites-licencje-subskrypcje-pl\/oprogramowanie-abrites-avdi-on014\/#primaryimage"},"thumbnailUrl":"https:\/\/chiptuningmarket.com\/wp-content\/uploads\/2024\/05\/ON014.png","datePublished":"2024-05-22T08:02:29+00:00","dateModified":"2024-05-22T08:02:30+00:00","description":"Konfiguracja zaawansowana ON014 jest przeznaczona do kalibracji zegar\u00f3w\u00a0pojazd\u00f3w Opel\/Vauxhall i GM (General Motors).","breadcrumb":{"@id":"https:\/\/chiptuningmarket.com\/pl\/shop\/oprogramowanie-2-pl\/licencje-subskrypcje-pl\/abrites-licencje-subskrypcje-pl\/oprogramowanie-abrites-avdi-on014\/#breadcrumb"},"inLanguage":"pl-PL","potentialAction":[{"@type":"ReadAction","target":["https:\/\/chiptuningmarket.com\/pl\/shop\/oprogramowanie-2-pl\/licencje-subskrypcje-pl\/abrites-licencje-subskrypcje-pl\/oprogramowanie-abrites-avdi-on014\/"]}]},{"@type":"ImageObject","inLanguage":"pl-PL","@id":"https:\/\/chiptuningmarket.com\/pl\/shop\/oprogramowanie-2-pl\/licencje-subskrypcje-pl\/abrites-licencje-subskrypcje-pl\/oprogramowanie-abrites-avdi-on014\/#primaryimage","url":"https:\/\/chiptuningmarket.com\/wp-content\/uploads\/2024\/05\/ON014.png","contentUrl":"https:\/\/chiptuningmarket.com\/wp-content\/uploads\/2024\/05\/ON014.png","width":423,"height":403},{"@type":"BreadcrumbList","@id":"https:\/\/chiptuningmarket.com\/pl\/shop\/oprogramowanie-2-pl\/licencje-subskrypcje-pl\/abrites-licencje-subskrypcje-pl\/oprogramowanie-abrites-avdi-on014\/#breadcrumb","itemListElement":[{"@type":"ListItem","position":1,"name":"Home","item":"https:\/\/chiptuningmarket.com\/pl\/"},{"@type":"ListItem","position":2,"name":"Sklep","item":"https:\/\/chiptuningmarket.com\/pl\/shop\/"},{"@type":"ListItem","position":3,"name":"Oprogramowanie Abrites AVDI ON014"}]},{"@type":"WebSite","@id":"https:\/\/chiptuningmarket.com\/ru\/#website","url":"https:\/\/chiptuningmarket.com\/ru\/","name":"Chiptuningmarket","description":"Biggest chiptuning shop in Europe","publisher":{"@id":"https:\/\/chiptuningmarket.com\/ru\/#organization"},"alternateName":"Worldwide ecu tools supplier","potentialAction":[{"@type":"SearchAction","target":{"@type":"EntryPoint","urlTemplate":"https:\/\/chiptuningmarket.com\/ru\/?s={search_term_string}"},"query-input":{"@type":"PropertyValueSpecification","valueRequired":true,"valueName":"search_term_string"}}],"inLanguage":"pl-PL"},{"@type":"Organization","@id":"https:\/\/chiptuningmarket.com\/ru\/#organization","name":"Chiptuningmarket","alternateName":"Chiptuning tools supplier","url":"https:\/\/chiptuningmarket.com\/ru\/","logo":{"@type":"ImageObject","inLanguage":"pl-PL","@id":"https:\/\/chiptuningmarket.com\/ru\/#\/schema\/logo\/image\/","url":"https:\/\/chiptuningmarket.com\/wp-content\/uploads\/2023\/05\/logo-ChipTuningMarket-social.png","contentUrl":"https:\/\/chiptuningmarket.com\/wp-content\/uploads\/2023\/05\/logo-ChipTuningMarket-social.png","width":512,"height":512,"caption":"Chiptuningmarket"},"image":{"@id":"https:\/\/chiptuningmarket.com\/ru\/#\/schema\/logo\/image\/"}}]}},"_links":{"self":[{"href":"https:\/\/chiptuningmarket.com\/pl\/wp-json\/wp\/v2\/product\/30007","targetHints":{"allow":["GET"]}}],"collection":[{"href":"https:\/\/chiptuningmarket.com\/pl\/wp-json\/wp\/v2\/product"}],"about":[{"href":"https:\/\/chiptuningmarket.com\/pl\/wp-json\/wp\/v2\/types\/product"}],"wp:featuredmedia":[{"embeddable":true,"href":"https:\/\/chiptuningmarket.com\/pl\/wp-json\/wp\/v2\/media\/30011"}],"wp:attachment":[{"href":"https:\/\/chiptuningmarket.com\/pl\/wp-json\/wp\/v2\/media?parent=30007"}],"wp:term":[{"taxonomy":"product_brand","embeddable":true,"href":"https:\/\/chiptuningmarket.com\/pl\/wp-json\/wp\/v2\/product_brand?post=30007"},{"taxonomy":"product_cat","embeddable":true,"href":"https:\/\/chiptuningmarket.com\/pl\/wp-json\/wp\/v2\/product_cat?post=30007"},{"taxonomy":"product_tag","embeddable":true,"href":"https:\/\/chiptuningmarket.com\/pl\/wp-json\/wp\/v2\/product_tag?post=30007"}],"curies":[{"name":"wp","href":"https:\/\/api.w.org\/{rel}","templated":true}]}}