{"id":30311,"date":"2024-05-24T11:00:55","date_gmt":"2024-05-24T11:00:55","guid":{"rendered":"https:\/\/chiptuningmarket.com\/?post_type=product&#038;p=30311"},"modified":"2026-02-27T09:20:09","modified_gmt":"2026-02-27T08:20:09","slug":"oprogramowanie-abrites-avdi-mn031","status":"publish","type":"product","link":"https:\/\/chiptuningmarket.com\/pl\/shop\/oprogramowanie-2-pl\/licencje-subskrypcje-pl\/abrites-licencje-subskrypcje-pl\/oprogramowanie-abrites-avdi-mn031\/","title":{"rendered":"Oprogramowanie Abrites AVDI MN031"},"content":{"rendered":"<h2 style=\"text-align: center\">Abrites AVDI MN031<\/h2>\n<p>Licencja MN031 zosta\u0142a opracowana przez zesp\u00f3\u0142 Abrites dla procedur zwi\u0105zanych z immobilizerem pojazdu. Ta funkcjonalno\u015b\u0107 umo\u017cliwia wykonywanie r\u00f3\u017cnych procedur w pojazdach ci\u0119\u017carowych Mercedes-Benz. Obejmuj\u0105 one:<\/p>\n<p>Programowanie kluczy zapasowych<br \/>\nWSZYSTKIE KLUCZE ZGUBIONE<br \/>\ndo wszystkich ci\u0119\u017car\u00f3wek wyposa\u017conych w podczerwie\u0144 do 2020 r.<\/p>\n<p>Wymiana modu\u0142u \u2013 modu\u0142y EZS, ECU (MCM), TCM<br \/>\n\u2013 Reset modu\u0142u (pierwotny)<br \/>\n\u2013 Kodowanie odczytu\/zapisu<br \/>\n\u2013 Personalizacja<br \/>\n\u2013 Aktywacja<\/p>\n<p>Obs\u0142ugiwane pojazdy obejmuj\u0105, ale nie s\u0105 ograniczone do:<br \/>\nMercedes-Benz Actros<br \/>\nMercedes-Benz Arocs<br \/>\nMercedes-Benz Antos<br \/>\ninne pojazdy z gamy<\/p>\n<p>Do korzystania z MN031 potrzebny b\u0119dzie AVDI i aktywny AMS.<br \/>\nDo kluczowych procedur programowania wymagany jest programator ZN003 PROTAG.<\/p>\n<p>Pe\u0142ne informacje na temat korzystania z funkcji specjalnych ABRITES w modelach obs\u0142ugiwanych przez funkcj\u0119 MN031 mo\u017cna znale\u017a\u0107 w instrukcji <a href=\"https:\/\/chiptuningmarket.com\/wp-content\/uploads\/2024\/05\/MN031.pdf\">TUTAJ<\/a><\/p>\n","protected":false},"excerpt":{"rendered":"<p>Licencja MN031 zosta\u0142a opracowana przez zesp\u00f3\u0142 Abrites dla procedur zwi\u0105zanych z immobilizerem pojazdu. Ta funkcjonalno\u015b\u0107 umo\u017cliwia wykonywanie r\u00f3\u017cnych procedur w pojazdach ci\u0119\u017carowych Mercedes-Benz.<\/p>\n","protected":false},"featured_media":30315,"template":"","meta":{"_monsterinsights_skip_tracking":false,"_monsterinsights_sitenote_active":false,"_monsterinsights_sitenote_note":"","_monsterinsights_sitenote_category":0},"product_brand":[],"product_cat":[5183,5192,5293],"product_tag":[4946],"class_list":{"0":"post-30311","1":"product","2":"type-product","3":"status-publish","4":"has-post-thumbnail","6":"product_cat-oprogramowanie-2-pl","7":"product_cat-licencje-subskrypcje-pl","8":"product_cat-abrites-licencje-subskrypcje-pl","9":"product_tag-abrites-avdi-mn031","11":"first","12":"onbackorder","13":"taxable","14":"shipping-taxable","15":"purchasable","16":"product-type-simple"},"yoast_head":"<!-- This site is optimized with the Yoast SEO plugin v25.2 - https:\/\/yoast.com\/wordpress\/plugins\/seo\/ -->\n<title>Oprogramowanie Abrites AVDI MN031 - Chiptuningmarket<\/title>\n<meta name=\"description\" content=\"Licencja MN031 zosta\u0142a opracowana przez zesp\u00f3\u0142 Abrites dla procedur zwi\u0105zanych z immobilizerem pojazdu. Ta funkcjonalno\u015b\u0107 umo\u017cliwia wykonywanie r\u00f3\u017cnych procedur w pojazdach ci\u0119\u017carowych Mercedes-Benz. Obejmuj\u0105 one:\" \/>\n<meta name=\"robots\" content=\"index, follow, max-snippet:-1, max-image-preview:large, max-video-preview:-1\" \/>\n<link rel=\"canonical\" href=\"https:\/\/chiptuningmarket.com\/pl\/shop\/oprogramowanie-2-pl\/licencje-subskrypcje-pl\/abrites-licencje-subskrypcje-pl\/oprogramowanie-abrites-avdi-mn031\/\" \/>\n<meta property=\"og:locale\" content=\"pl_PL\" \/>\n<meta property=\"og:type\" content=\"article\" \/>\n<meta property=\"og:title\" content=\"Oprogramowanie Abrites AVDI MN031 - Chiptuningmarket\" \/>\n<meta property=\"og:description\" content=\"Licencja MN031 zosta\u0142a opracowana przez zesp\u00f3\u0142 Abrites dla procedur zwi\u0105zanych z immobilizerem pojazdu. Ta funkcjonalno\u015b\u0107 umo\u017cliwia wykonywanie r\u00f3\u017cnych procedur w pojazdach ci\u0119\u017carowych Mercedes-Benz. Obejmuj\u0105 one:\" \/>\n<meta property=\"og:url\" content=\"https:\/\/chiptuningmarket.com\/pl\/shop\/oprogramowanie-2-pl\/licencje-subskrypcje-pl\/abrites-licencje-subskrypcje-pl\/oprogramowanie-abrites-avdi-mn031\/\" \/>\n<meta property=\"og:site_name\" content=\"Chiptuningmarket\" \/>\n<meta property=\"article:modified_time\" content=\"2026-02-27T08:20:09+00:00\" \/>\n<meta property=\"og:image\" content=\"https:\/\/chiptuningmarket.com\/wp-content\/uploads\/2024\/05\/MN031.png\" \/>\n\t<meta property=\"og:image:width\" content=\"423\" \/>\n\t<meta property=\"og:image:height\" content=\"403\" \/>\n\t<meta property=\"og:image:type\" content=\"image\/png\" \/>\n<meta name=\"twitter:card\" content=\"summary_large_image\" \/>\n<meta name=\"twitter:label1\" content=\"Szacowany czas czytania\" \/>\n\t<meta name=\"twitter:data1\" content=\"1 minuta\" \/>\n<script type=\"application\/ld+json\" class=\"yoast-schema-graph\">{\"@context\":\"https:\/\/schema.org\",\"@graph\":[{\"@type\":\"WebPage\",\"@id\":\"https:\/\/chiptuningmarket.com\/pl\/shop\/oprogramowanie-2-pl\/licencje-subskrypcje-pl\/abrites-licencje-subskrypcje-pl\/oprogramowanie-abrites-avdi-mn031\/\",\"url\":\"https:\/\/chiptuningmarket.com\/pl\/shop\/oprogramowanie-2-pl\/licencje-subskrypcje-pl\/abrites-licencje-subskrypcje-pl\/oprogramowanie-abrites-avdi-mn031\/\",\"name\":\"Oprogramowanie Abrites AVDI MN031 - Chiptuningmarket\",\"isPartOf\":{\"@id\":\"https:\/\/chiptuningmarket.com\/ru\/#website\"},\"primaryImageOfPage\":{\"@id\":\"https:\/\/chiptuningmarket.com\/pl\/shop\/oprogramowanie-2-pl\/licencje-subskrypcje-pl\/abrites-licencje-subskrypcje-pl\/oprogramowanie-abrites-avdi-mn031\/#primaryimage\"},\"image\":{\"@id\":\"https:\/\/chiptuningmarket.com\/pl\/shop\/oprogramowanie-2-pl\/licencje-subskrypcje-pl\/abrites-licencje-subskrypcje-pl\/oprogramowanie-abrites-avdi-mn031\/#primaryimage\"},\"thumbnailUrl\":\"https:\/\/chiptuningmarket.com\/wp-content\/uploads\/2024\/05\/MN031.png\",\"datePublished\":\"2024-05-24T11:00:55+00:00\",\"dateModified\":\"2026-02-27T08:20:09+00:00\",\"description\":\"Licencja MN031 zosta\u0142a opracowana przez zesp\u00f3\u0142 Abrites dla procedur zwi\u0105zanych z immobilizerem pojazdu. Ta funkcjonalno\u015b\u0107 umo\u017cliwia wykonywanie r\u00f3\u017cnych procedur w pojazdach ci\u0119\u017carowych Mercedes-Benz. Obejmuj\u0105 one:\",\"breadcrumb\":{\"@id\":\"https:\/\/chiptuningmarket.com\/pl\/shop\/oprogramowanie-2-pl\/licencje-subskrypcje-pl\/abrites-licencje-subskrypcje-pl\/oprogramowanie-abrites-avdi-mn031\/#breadcrumb\"},\"inLanguage\":\"pl-PL\",\"potentialAction\":[{\"@type\":\"ReadAction\",\"target\":[\"https:\/\/chiptuningmarket.com\/pl\/shop\/oprogramowanie-2-pl\/licencje-subskrypcje-pl\/abrites-licencje-subskrypcje-pl\/oprogramowanie-abrites-avdi-mn031\/\"]}]},{\"@type\":\"ImageObject\",\"inLanguage\":\"pl-PL\",\"@id\":\"https:\/\/chiptuningmarket.com\/pl\/shop\/oprogramowanie-2-pl\/licencje-subskrypcje-pl\/abrites-licencje-subskrypcje-pl\/oprogramowanie-abrites-avdi-mn031\/#primaryimage\",\"url\":\"https:\/\/chiptuningmarket.com\/wp-content\/uploads\/2024\/05\/MN031.png\",\"contentUrl\":\"https:\/\/chiptuningmarket.com\/wp-content\/uploads\/2024\/05\/MN031.png\",\"width\":423,\"height\":403},{\"@type\":\"BreadcrumbList\",\"@id\":\"https:\/\/chiptuningmarket.com\/pl\/shop\/oprogramowanie-2-pl\/licencje-subskrypcje-pl\/abrites-licencje-subskrypcje-pl\/oprogramowanie-abrites-avdi-mn031\/#breadcrumb\",\"itemListElement\":[{\"@type\":\"ListItem\",\"position\":1,\"name\":\"Home\",\"item\":\"https:\/\/chiptuningmarket.com\/pl\/\"},{\"@type\":\"ListItem\",\"position\":2,\"name\":\"Sklep\",\"item\":\"https:\/\/chiptuningmarket.com\/pl\/shop\/\"},{\"@type\":\"ListItem\",\"position\":3,\"name\":\"Oprogramowanie Abrites AVDI MN031\"}]},{\"@type\":\"WebSite\",\"@id\":\"https:\/\/chiptuningmarket.com\/ru\/#website\",\"url\":\"https:\/\/chiptuningmarket.com\/ru\/\",\"name\":\"Chiptuningmarket\",\"description\":\"Biggest chiptuning shop in Europe\",\"publisher\":{\"@id\":\"https:\/\/chiptuningmarket.com\/ru\/#organization\"},\"alternateName\":\"Worldwide ecu tools supplier\",\"potentialAction\":[{\"@type\":\"SearchAction\",\"target\":{\"@type\":\"EntryPoint\",\"urlTemplate\":\"https:\/\/chiptuningmarket.com\/ru\/?s={search_term_string}\"},\"query-input\":{\"@type\":\"PropertyValueSpecification\",\"valueRequired\":true,\"valueName\":\"search_term_string\"}}],\"inLanguage\":\"pl-PL\"},{\"@type\":\"Organization\",\"@id\":\"https:\/\/chiptuningmarket.com\/ru\/#organization\",\"name\":\"Chiptuningmarket\",\"alternateName\":\"Chiptuning tools supplier\",\"url\":\"https:\/\/chiptuningmarket.com\/ru\/\",\"logo\":{\"@type\":\"ImageObject\",\"inLanguage\":\"pl-PL\",\"@id\":\"https:\/\/chiptuningmarket.com\/ru\/#\/schema\/logo\/image\/\",\"url\":\"https:\/\/chiptuningmarket.com\/wp-content\/uploads\/2023\/05\/logo-ChipTuningMarket-social.png\",\"contentUrl\":\"https:\/\/chiptuningmarket.com\/wp-content\/uploads\/2023\/05\/logo-ChipTuningMarket-social.png\",\"width\":512,\"height\":512,\"caption\":\"Chiptuningmarket\"},\"image\":{\"@id\":\"https:\/\/chiptuningmarket.com\/ru\/#\/schema\/logo\/image\/\"}}]}<\/script>\n<!-- \/ Yoast SEO plugin. -->","yoast_head_json":{"title":"Oprogramowanie Abrites AVDI MN031 - Chiptuningmarket","description":"Licencja MN031 zosta\u0142a opracowana przez zesp\u00f3\u0142 Abrites dla procedur zwi\u0105zanych z immobilizerem pojazdu. Ta funkcjonalno\u015b\u0107 umo\u017cliwia wykonywanie r\u00f3\u017cnych procedur w pojazdach ci\u0119\u017carowych Mercedes-Benz. Obejmuj\u0105 one:","robots":{"index":"index","follow":"follow","max-snippet":"max-snippet:-1","max-image-preview":"max-image-preview:large","max-video-preview":"max-video-preview:-1"},"canonical":"https:\/\/chiptuningmarket.com\/pl\/shop\/oprogramowanie-2-pl\/licencje-subskrypcje-pl\/abrites-licencje-subskrypcje-pl\/oprogramowanie-abrites-avdi-mn031\/","og_locale":"pl_PL","og_type":"article","og_title":"Oprogramowanie Abrites AVDI MN031 - Chiptuningmarket","og_description":"Licencja MN031 zosta\u0142a opracowana przez zesp\u00f3\u0142 Abrites dla procedur zwi\u0105zanych z immobilizerem pojazdu. Ta funkcjonalno\u015b\u0107 umo\u017cliwia wykonywanie r\u00f3\u017cnych procedur w pojazdach ci\u0119\u017carowych Mercedes-Benz. Obejmuj\u0105 one:","og_url":"https:\/\/chiptuningmarket.com\/pl\/shop\/oprogramowanie-2-pl\/licencje-subskrypcje-pl\/abrites-licencje-subskrypcje-pl\/oprogramowanie-abrites-avdi-mn031\/","og_site_name":"Chiptuningmarket","article_modified_time":"2026-02-27T08:20:09+00:00","og_image":[{"width":423,"height":403,"url":"https:\/\/chiptuningmarket.com\/wp-content\/uploads\/2024\/05\/MN031.png","type":"image\/png"}],"twitter_card":"summary_large_image","twitter_misc":{"Szacowany czas czytania":"1 minuta"},"schema":{"@context":"https:\/\/schema.org","@graph":[{"@type":"WebPage","@id":"https:\/\/chiptuningmarket.com\/pl\/shop\/oprogramowanie-2-pl\/licencje-subskrypcje-pl\/abrites-licencje-subskrypcje-pl\/oprogramowanie-abrites-avdi-mn031\/","url":"https:\/\/chiptuningmarket.com\/pl\/shop\/oprogramowanie-2-pl\/licencje-subskrypcje-pl\/abrites-licencje-subskrypcje-pl\/oprogramowanie-abrites-avdi-mn031\/","name":"Oprogramowanie Abrites AVDI MN031 - Chiptuningmarket","isPartOf":{"@id":"https:\/\/chiptuningmarket.com\/ru\/#website"},"primaryImageOfPage":{"@id":"https:\/\/chiptuningmarket.com\/pl\/shop\/oprogramowanie-2-pl\/licencje-subskrypcje-pl\/abrites-licencje-subskrypcje-pl\/oprogramowanie-abrites-avdi-mn031\/#primaryimage"},"image":{"@id":"https:\/\/chiptuningmarket.com\/pl\/shop\/oprogramowanie-2-pl\/licencje-subskrypcje-pl\/abrites-licencje-subskrypcje-pl\/oprogramowanie-abrites-avdi-mn031\/#primaryimage"},"thumbnailUrl":"https:\/\/chiptuningmarket.com\/wp-content\/uploads\/2024\/05\/MN031.png","datePublished":"2024-05-24T11:00:55+00:00","dateModified":"2026-02-27T08:20:09+00:00","description":"Licencja MN031 zosta\u0142a opracowana przez zesp\u00f3\u0142 Abrites dla procedur zwi\u0105zanych z immobilizerem pojazdu. Ta funkcjonalno\u015b\u0107 umo\u017cliwia wykonywanie r\u00f3\u017cnych procedur w pojazdach ci\u0119\u017carowych Mercedes-Benz. Obejmuj\u0105 one:","breadcrumb":{"@id":"https:\/\/chiptuningmarket.com\/pl\/shop\/oprogramowanie-2-pl\/licencje-subskrypcje-pl\/abrites-licencje-subskrypcje-pl\/oprogramowanie-abrites-avdi-mn031\/#breadcrumb"},"inLanguage":"pl-PL","potentialAction":[{"@type":"ReadAction","target":["https:\/\/chiptuningmarket.com\/pl\/shop\/oprogramowanie-2-pl\/licencje-subskrypcje-pl\/abrites-licencje-subskrypcje-pl\/oprogramowanie-abrites-avdi-mn031\/"]}]},{"@type":"ImageObject","inLanguage":"pl-PL","@id":"https:\/\/chiptuningmarket.com\/pl\/shop\/oprogramowanie-2-pl\/licencje-subskrypcje-pl\/abrites-licencje-subskrypcje-pl\/oprogramowanie-abrites-avdi-mn031\/#primaryimage","url":"https:\/\/chiptuningmarket.com\/wp-content\/uploads\/2024\/05\/MN031.png","contentUrl":"https:\/\/chiptuningmarket.com\/wp-content\/uploads\/2024\/05\/MN031.png","width":423,"height":403},{"@type":"BreadcrumbList","@id":"https:\/\/chiptuningmarket.com\/pl\/shop\/oprogramowanie-2-pl\/licencje-subskrypcje-pl\/abrites-licencje-subskrypcje-pl\/oprogramowanie-abrites-avdi-mn031\/#breadcrumb","itemListElement":[{"@type":"ListItem","position":1,"name":"Home","item":"https:\/\/chiptuningmarket.com\/pl\/"},{"@type":"ListItem","position":2,"name":"Sklep","item":"https:\/\/chiptuningmarket.com\/pl\/shop\/"},{"@type":"ListItem","position":3,"name":"Oprogramowanie Abrites AVDI MN031"}]},{"@type":"WebSite","@id":"https:\/\/chiptuningmarket.com\/ru\/#website","url":"https:\/\/chiptuningmarket.com\/ru\/","name":"Chiptuningmarket","description":"Biggest chiptuning shop in Europe","publisher":{"@id":"https:\/\/chiptuningmarket.com\/ru\/#organization"},"alternateName":"Worldwide ecu tools supplier","potentialAction":[{"@type":"SearchAction","target":{"@type":"EntryPoint","urlTemplate":"https:\/\/chiptuningmarket.com\/ru\/?s={search_term_string}"},"query-input":{"@type":"PropertyValueSpecification","valueRequired":true,"valueName":"search_term_string"}}],"inLanguage":"pl-PL"},{"@type":"Organization","@id":"https:\/\/chiptuningmarket.com\/ru\/#organization","name":"Chiptuningmarket","alternateName":"Chiptuning tools supplier","url":"https:\/\/chiptuningmarket.com\/ru\/","logo":{"@type":"ImageObject","inLanguage":"pl-PL","@id":"https:\/\/chiptuningmarket.com\/ru\/#\/schema\/logo\/image\/","url":"https:\/\/chiptuningmarket.com\/wp-content\/uploads\/2023\/05\/logo-ChipTuningMarket-social.png","contentUrl":"https:\/\/chiptuningmarket.com\/wp-content\/uploads\/2023\/05\/logo-ChipTuningMarket-social.png","width":512,"height":512,"caption":"Chiptuningmarket"},"image":{"@id":"https:\/\/chiptuningmarket.com\/ru\/#\/schema\/logo\/image\/"}}]}},"_links":{"self":[{"href":"https:\/\/chiptuningmarket.com\/pl\/wp-json\/wp\/v2\/product\/30311","targetHints":{"allow":["GET"]}}],"collection":[{"href":"https:\/\/chiptuningmarket.com\/pl\/wp-json\/wp\/v2\/product"}],"about":[{"href":"https:\/\/chiptuningmarket.com\/pl\/wp-json\/wp\/v2\/types\/product"}],"wp:featuredmedia":[{"embeddable":true,"href":"https:\/\/chiptuningmarket.com\/pl\/wp-json\/wp\/v2\/media\/30315"}],"wp:attachment":[{"href":"https:\/\/chiptuningmarket.com\/pl\/wp-json\/wp\/v2\/media?parent=30311"}],"wp:term":[{"taxonomy":"product_brand","embeddable":true,"href":"https:\/\/chiptuningmarket.com\/pl\/wp-json\/wp\/v2\/product_brand?post=30311"},{"taxonomy":"product_cat","embeddable":true,"href":"https:\/\/chiptuningmarket.com\/pl\/wp-json\/wp\/v2\/product_cat?post=30311"},{"taxonomy":"product_tag","embeddable":true,"href":"https:\/\/chiptuningmarket.com\/pl\/wp-json\/wp\/v2\/product_tag?post=30311"}],"curies":[{"name":"wp","href":"https:\/\/api.w.org\/{rel}","templated":true}]}}