{"id":30519,"date":"2024-05-31T09:08:25","date_gmt":"2024-05-31T09:08:25","guid":{"rendered":"https:\/\/chiptuningmarket.com\/?post_type=product&#038;p=30519"},"modified":"2024-05-31T09:08:26","modified_gmt":"2024-05-31T09:08:26","slug":"oprogramowanie-abrites-avdi-hk012","status":"publish","type":"product","link":"https:\/\/chiptuningmarket.com\/pl\/shop\/oprogramowanie-2-pl\/licencje-subskrypcje-pl\/abrites-licencje-subskrypcje-pl\/oprogramowanie-abrites-avdi-hk012\/","title":{"rendered":"Oprogramowanie Abrites AVDI HK012"},"content":{"rendered":"<h2 style=\"text-align: center\">Abrites AVDI HK012<\/h2>\n<p><strong>Funkcjonalno\u015b\u0107:<\/strong><\/p>\n<ul>\n<li>Kalibracja VIN<\/li>\n<\/ul>\n<p><strong>Dla pojazd\u00f3w nieelektrycznych (z ECM):<\/strong><\/p>\n<ul>\n<li>Wi\u0119kszo\u015b\u0107 modeli z modu\u0142em ECM Kefico UDS<\/li>\n<\/ul>\n<p><strong>Nale\u017c\u0105 do nich:<\/strong><\/p>\n<ul>\n<li>Hyundai<br \/>\n&#8211; i10<br \/>\n&#8211; i20<br \/>\n&#8211; ix20<br \/>\n&#8211; i30<\/li>\n<\/ul>\n<p><strong>Dla pojazd\u00f3w elektrycznych (z VCU):<\/strong><\/p>\n<p>Wszystkie dotychczas wyprodukowane modele<\/p>\n<p>Nale\u017c\u0105 do nich:<\/p>\n<ul>\n<li>Hyundai<br \/>\n&#8211; Kona Electric<br \/>\n&#8211; Ioniq Electric<\/li>\n<\/ul>\n<p>&nbsp;<\/p>\n<ul>\n<li>KIA<br \/>\n&#8211; Soul EV<br \/>\n&#8211; Niro EV<\/li>\n<\/ul>\n<p><strong>Do kalibracji VIN na desce rozdzielczej:<\/strong><\/p>\n<p>Modele z cyfrow\u0105 desk\u0105 rozdzielcz\u0105<\/p>\n<p><strong>Obejmuj\u0105 one:<\/strong><\/p>\n<ul>\n<li>Hyundai<\/li>\n<\/ul>\n<p>&#8211; Kona<br \/>\n&#8211; Tucson<\/p>\n<ul>\n<li>KIA<\/li>\n<\/ul>\n<p>&#8211; Niro<\/p>\n<p>Pe\u0142ne informacje na temat korzystania z funkcji specjalnych ABRITES w modelach obs\u0142ugiwanych przez funkcj\u0119 HK012 mo\u017cna znale\u017a\u0107 w instrukcji <a href=\"https:\/\/chiptuningmarket.com\/wp-content\/uploads\/2024\/05\/HK012.pdf\">TUTAJ<\/a><\/p>\n<p>Do korzystania z tej licencji wymagany jest interfejs AVDI z wa\u017cn\u0105 subskrypcj\u0105 AMS<\/p>\n","protected":false},"excerpt":{"rendered":"<p>HK012 umo\u017cliwia kalibracj\u0119 numeru identyfikacyjnego pojazdu w nowych lub u\u017cywanych modu\u0142ach w pojazdach marki Hyundai i KIA. Korzystaj\u0105c z tej funkcji, mo\u017cna ustawi\u0107 numer identyfikacyjny nowych lub u\u017cywanych modu\u0142\u00f3w ECM\/VCU i desek rozdzielczych, kt\u00f3ry jest wymagany do dostosowania ich do pojazdu.<\/p>\n","protected":false},"featured_media":30523,"template":"","meta":{"_monsterinsights_skip_tracking":false,"_monsterinsights_sitenote_active":false,"_monsterinsights_sitenote_note":"","_monsterinsights_sitenote_category":0},"product_brand":[],"product_cat":[5183,5192,5293],"product_tag":[4984],"class_list":{"0":"post-30519","1":"product","2":"type-product","3":"status-publish","4":"has-post-thumbnail","6":"product_cat-oprogramowanie-2-pl","7":"product_cat-licencje-subskrypcje-pl","8":"product_cat-abrites-licencje-subskrypcje-pl","9":"product_tag-abrites-avdi-hk012","11":"first","12":"onbackorder","13":"taxable","14":"shipping-taxable","15":"purchasable","16":"product-type-simple"},"yoast_head":"<!-- This site is optimized with the Yoast SEO plugin v25.2 - https:\/\/yoast.com\/wordpress\/plugins\/seo\/ -->\n<title>Oprogramowanie Abrites AVDI HK012 - Chiptuningmarket<\/title>\n<meta name=\"description\" content=\"HK012 umo\u017cliwia kalibracj\u0119 numeru identyfikacyjnego pojazdu w nowych lub u\u017cywanych modu\u0142ach w pojazdach marki Hyundai i KIA. Korzystaj\u0105c z tej funkcji, mo\u017cna ustawi\u0107 numer identyfikacyjny nowych lub u\u017cywanych modu\u0142\u00f3w ECM\/VCU i desek rozdzielczych, kt\u00f3ry jest wymagany do dostosowania ich do pojazdu.\" \/>\n<meta name=\"robots\" content=\"index, follow, max-snippet:-1, max-image-preview:large, max-video-preview:-1\" \/>\n<link rel=\"canonical\" href=\"https:\/\/chiptuningmarket.com\/pl\/shop\/oprogramowanie-2-pl\/licencje-subskrypcje-pl\/abrites-licencje-subskrypcje-pl\/oprogramowanie-abrites-avdi-hk012\/\" \/>\n<meta property=\"og:locale\" content=\"pl_PL\" \/>\n<meta property=\"og:type\" content=\"article\" \/>\n<meta property=\"og:title\" content=\"Oprogramowanie Abrites AVDI HK012 - Chiptuningmarket\" \/>\n<meta property=\"og:description\" content=\"HK012 umo\u017cliwia kalibracj\u0119 numeru identyfikacyjnego pojazdu w nowych lub u\u017cywanych modu\u0142ach w pojazdach marki Hyundai i KIA. Korzystaj\u0105c z tej funkcji, mo\u017cna ustawi\u0107 numer identyfikacyjny nowych lub u\u017cywanych modu\u0142\u00f3w ECM\/VCU i desek rozdzielczych, kt\u00f3ry jest wymagany do dostosowania ich do pojazdu.\" \/>\n<meta property=\"og:url\" content=\"https:\/\/chiptuningmarket.com\/pl\/shop\/oprogramowanie-2-pl\/licencje-subskrypcje-pl\/abrites-licencje-subskrypcje-pl\/oprogramowanie-abrites-avdi-hk012\/\" \/>\n<meta property=\"og:site_name\" content=\"Chiptuningmarket\" \/>\n<meta property=\"article:modified_time\" content=\"2024-05-31T09:08:26+00:00\" \/>\n<meta property=\"og:image\" content=\"https:\/\/chiptuningmarket.com\/wp-content\/uploads\/2024\/05\/HK012.png\" \/>\n\t<meta property=\"og:image:width\" content=\"423\" \/>\n\t<meta property=\"og:image:height\" content=\"403\" \/>\n\t<meta property=\"og:image:type\" content=\"image\/png\" \/>\n<meta name=\"twitter:card\" content=\"summary_large_image\" \/>\n<meta name=\"twitter:label1\" content=\"Szacowany czas czytania\" \/>\n\t<meta name=\"twitter:data1\" content=\"1 minuta\" \/>\n<script type=\"application\/ld+json\" class=\"yoast-schema-graph\">{\"@context\":\"https:\/\/schema.org\",\"@graph\":[{\"@type\":\"WebPage\",\"@id\":\"https:\/\/chiptuningmarket.com\/pl\/shop\/oprogramowanie-2-pl\/licencje-subskrypcje-pl\/abrites-licencje-subskrypcje-pl\/oprogramowanie-abrites-avdi-hk012\/\",\"url\":\"https:\/\/chiptuningmarket.com\/pl\/shop\/oprogramowanie-2-pl\/licencje-subskrypcje-pl\/abrites-licencje-subskrypcje-pl\/oprogramowanie-abrites-avdi-hk012\/\",\"name\":\"Oprogramowanie Abrites AVDI HK012 - Chiptuningmarket\",\"isPartOf\":{\"@id\":\"https:\/\/chiptuningmarket.com\/ru\/#website\"},\"primaryImageOfPage\":{\"@id\":\"https:\/\/chiptuningmarket.com\/pl\/shop\/oprogramowanie-2-pl\/licencje-subskrypcje-pl\/abrites-licencje-subskrypcje-pl\/oprogramowanie-abrites-avdi-hk012\/#primaryimage\"},\"image\":{\"@id\":\"https:\/\/chiptuningmarket.com\/pl\/shop\/oprogramowanie-2-pl\/licencje-subskrypcje-pl\/abrites-licencje-subskrypcje-pl\/oprogramowanie-abrites-avdi-hk012\/#primaryimage\"},\"thumbnailUrl\":\"https:\/\/chiptuningmarket.com\/wp-content\/uploads\/2024\/05\/HK012.png\",\"datePublished\":\"2024-05-31T09:08:25+00:00\",\"dateModified\":\"2024-05-31T09:08:26+00:00\",\"description\":\"HK012 umo\u017cliwia kalibracj\u0119 numeru identyfikacyjnego pojazdu w nowych lub u\u017cywanych modu\u0142ach w pojazdach marki Hyundai i KIA. Korzystaj\u0105c z tej funkcji, mo\u017cna ustawi\u0107 numer identyfikacyjny nowych lub u\u017cywanych modu\u0142\u00f3w ECM\/VCU i desek rozdzielczych, kt\u00f3ry jest wymagany do dostosowania ich do pojazdu.\",\"breadcrumb\":{\"@id\":\"https:\/\/chiptuningmarket.com\/pl\/shop\/oprogramowanie-2-pl\/licencje-subskrypcje-pl\/abrites-licencje-subskrypcje-pl\/oprogramowanie-abrites-avdi-hk012\/#breadcrumb\"},\"inLanguage\":\"pl-PL\",\"potentialAction\":[{\"@type\":\"ReadAction\",\"target\":[\"https:\/\/chiptuningmarket.com\/pl\/shop\/oprogramowanie-2-pl\/licencje-subskrypcje-pl\/abrites-licencje-subskrypcje-pl\/oprogramowanie-abrites-avdi-hk012\/\"]}]},{\"@type\":\"ImageObject\",\"inLanguage\":\"pl-PL\",\"@id\":\"https:\/\/chiptuningmarket.com\/pl\/shop\/oprogramowanie-2-pl\/licencje-subskrypcje-pl\/abrites-licencje-subskrypcje-pl\/oprogramowanie-abrites-avdi-hk012\/#primaryimage\",\"url\":\"https:\/\/chiptuningmarket.com\/wp-content\/uploads\/2024\/05\/HK012.png\",\"contentUrl\":\"https:\/\/chiptuningmarket.com\/wp-content\/uploads\/2024\/05\/HK012.png\",\"width\":423,\"height\":403},{\"@type\":\"BreadcrumbList\",\"@id\":\"https:\/\/chiptuningmarket.com\/pl\/shop\/oprogramowanie-2-pl\/licencje-subskrypcje-pl\/abrites-licencje-subskrypcje-pl\/oprogramowanie-abrites-avdi-hk012\/#breadcrumb\",\"itemListElement\":[{\"@type\":\"ListItem\",\"position\":1,\"name\":\"Home\",\"item\":\"https:\/\/chiptuningmarket.com\/pl\/\"},{\"@type\":\"ListItem\",\"position\":2,\"name\":\"Sklep\",\"item\":\"https:\/\/chiptuningmarket.com\/pl\/shop\/\"},{\"@type\":\"ListItem\",\"position\":3,\"name\":\"Oprogramowanie Abrites AVDI HK012\"}]},{\"@type\":\"WebSite\",\"@id\":\"https:\/\/chiptuningmarket.com\/ru\/#website\",\"url\":\"https:\/\/chiptuningmarket.com\/ru\/\",\"name\":\"Chiptuningmarket\",\"description\":\"Biggest chiptuning shop in Europe\",\"publisher\":{\"@id\":\"https:\/\/chiptuningmarket.com\/ru\/#organization\"},\"alternateName\":\"Worldwide ecu tools supplier\",\"potentialAction\":[{\"@type\":\"SearchAction\",\"target\":{\"@type\":\"EntryPoint\",\"urlTemplate\":\"https:\/\/chiptuningmarket.com\/ru\/?s={search_term_string}\"},\"query-input\":{\"@type\":\"PropertyValueSpecification\",\"valueRequired\":true,\"valueName\":\"search_term_string\"}}],\"inLanguage\":\"pl-PL\"},{\"@type\":\"Organization\",\"@id\":\"https:\/\/chiptuningmarket.com\/ru\/#organization\",\"name\":\"Chiptuningmarket\",\"alternateName\":\"Chiptuning tools supplier\",\"url\":\"https:\/\/chiptuningmarket.com\/ru\/\",\"logo\":{\"@type\":\"ImageObject\",\"inLanguage\":\"pl-PL\",\"@id\":\"https:\/\/chiptuningmarket.com\/ru\/#\/schema\/logo\/image\/\",\"url\":\"https:\/\/chiptuningmarket.com\/wp-content\/uploads\/2023\/05\/logo-ChipTuningMarket-social.png\",\"contentUrl\":\"https:\/\/chiptuningmarket.com\/wp-content\/uploads\/2023\/05\/logo-ChipTuningMarket-social.png\",\"width\":512,\"height\":512,\"caption\":\"Chiptuningmarket\"},\"image\":{\"@id\":\"https:\/\/chiptuningmarket.com\/ru\/#\/schema\/logo\/image\/\"}}]}<\/script>\n<!-- \/ Yoast SEO plugin. -->","yoast_head_json":{"title":"Oprogramowanie Abrites AVDI HK012 - Chiptuningmarket","description":"HK012 umo\u017cliwia kalibracj\u0119 numeru identyfikacyjnego pojazdu w nowych lub u\u017cywanych modu\u0142ach w pojazdach marki Hyundai i KIA. Korzystaj\u0105c z tej funkcji, mo\u017cna ustawi\u0107 numer identyfikacyjny nowych lub u\u017cywanych modu\u0142\u00f3w ECM\/VCU i desek rozdzielczych, kt\u00f3ry jest wymagany do dostosowania ich do pojazdu.","robots":{"index":"index","follow":"follow","max-snippet":"max-snippet:-1","max-image-preview":"max-image-preview:large","max-video-preview":"max-video-preview:-1"},"canonical":"https:\/\/chiptuningmarket.com\/pl\/shop\/oprogramowanie-2-pl\/licencje-subskrypcje-pl\/abrites-licencje-subskrypcje-pl\/oprogramowanie-abrites-avdi-hk012\/","og_locale":"pl_PL","og_type":"article","og_title":"Oprogramowanie Abrites AVDI HK012 - Chiptuningmarket","og_description":"HK012 umo\u017cliwia kalibracj\u0119 numeru identyfikacyjnego pojazdu w nowych lub u\u017cywanych modu\u0142ach w pojazdach marki Hyundai i KIA. Korzystaj\u0105c z tej funkcji, mo\u017cna ustawi\u0107 numer identyfikacyjny nowych lub u\u017cywanych modu\u0142\u00f3w ECM\/VCU i desek rozdzielczych, kt\u00f3ry jest wymagany do dostosowania ich do pojazdu.","og_url":"https:\/\/chiptuningmarket.com\/pl\/shop\/oprogramowanie-2-pl\/licencje-subskrypcje-pl\/abrites-licencje-subskrypcje-pl\/oprogramowanie-abrites-avdi-hk012\/","og_site_name":"Chiptuningmarket","article_modified_time":"2024-05-31T09:08:26+00:00","og_image":[{"width":423,"height":403,"url":"https:\/\/chiptuningmarket.com\/wp-content\/uploads\/2024\/05\/HK012.png","type":"image\/png"}],"twitter_card":"summary_large_image","twitter_misc":{"Szacowany czas czytania":"1 minuta"},"schema":{"@context":"https:\/\/schema.org","@graph":[{"@type":"WebPage","@id":"https:\/\/chiptuningmarket.com\/pl\/shop\/oprogramowanie-2-pl\/licencje-subskrypcje-pl\/abrites-licencje-subskrypcje-pl\/oprogramowanie-abrites-avdi-hk012\/","url":"https:\/\/chiptuningmarket.com\/pl\/shop\/oprogramowanie-2-pl\/licencje-subskrypcje-pl\/abrites-licencje-subskrypcje-pl\/oprogramowanie-abrites-avdi-hk012\/","name":"Oprogramowanie Abrites AVDI HK012 - Chiptuningmarket","isPartOf":{"@id":"https:\/\/chiptuningmarket.com\/ru\/#website"},"primaryImageOfPage":{"@id":"https:\/\/chiptuningmarket.com\/pl\/shop\/oprogramowanie-2-pl\/licencje-subskrypcje-pl\/abrites-licencje-subskrypcje-pl\/oprogramowanie-abrites-avdi-hk012\/#primaryimage"},"image":{"@id":"https:\/\/chiptuningmarket.com\/pl\/shop\/oprogramowanie-2-pl\/licencje-subskrypcje-pl\/abrites-licencje-subskrypcje-pl\/oprogramowanie-abrites-avdi-hk012\/#primaryimage"},"thumbnailUrl":"https:\/\/chiptuningmarket.com\/wp-content\/uploads\/2024\/05\/HK012.png","datePublished":"2024-05-31T09:08:25+00:00","dateModified":"2024-05-31T09:08:26+00:00","description":"HK012 umo\u017cliwia kalibracj\u0119 numeru identyfikacyjnego pojazdu w nowych lub u\u017cywanych modu\u0142ach w pojazdach marki Hyundai i KIA. Korzystaj\u0105c z tej funkcji, mo\u017cna ustawi\u0107 numer identyfikacyjny nowych lub u\u017cywanych modu\u0142\u00f3w ECM\/VCU i desek rozdzielczych, kt\u00f3ry jest wymagany do dostosowania ich do pojazdu.","breadcrumb":{"@id":"https:\/\/chiptuningmarket.com\/pl\/shop\/oprogramowanie-2-pl\/licencje-subskrypcje-pl\/abrites-licencje-subskrypcje-pl\/oprogramowanie-abrites-avdi-hk012\/#breadcrumb"},"inLanguage":"pl-PL","potentialAction":[{"@type":"ReadAction","target":["https:\/\/chiptuningmarket.com\/pl\/shop\/oprogramowanie-2-pl\/licencje-subskrypcje-pl\/abrites-licencje-subskrypcje-pl\/oprogramowanie-abrites-avdi-hk012\/"]}]},{"@type":"ImageObject","inLanguage":"pl-PL","@id":"https:\/\/chiptuningmarket.com\/pl\/shop\/oprogramowanie-2-pl\/licencje-subskrypcje-pl\/abrites-licencje-subskrypcje-pl\/oprogramowanie-abrites-avdi-hk012\/#primaryimage","url":"https:\/\/chiptuningmarket.com\/wp-content\/uploads\/2024\/05\/HK012.png","contentUrl":"https:\/\/chiptuningmarket.com\/wp-content\/uploads\/2024\/05\/HK012.png","width":423,"height":403},{"@type":"BreadcrumbList","@id":"https:\/\/chiptuningmarket.com\/pl\/shop\/oprogramowanie-2-pl\/licencje-subskrypcje-pl\/abrites-licencje-subskrypcje-pl\/oprogramowanie-abrites-avdi-hk012\/#breadcrumb","itemListElement":[{"@type":"ListItem","position":1,"name":"Home","item":"https:\/\/chiptuningmarket.com\/pl\/"},{"@type":"ListItem","position":2,"name":"Sklep","item":"https:\/\/chiptuningmarket.com\/pl\/shop\/"},{"@type":"ListItem","position":3,"name":"Oprogramowanie Abrites AVDI HK012"}]},{"@type":"WebSite","@id":"https:\/\/chiptuningmarket.com\/ru\/#website","url":"https:\/\/chiptuningmarket.com\/ru\/","name":"Chiptuningmarket","description":"Biggest chiptuning shop in Europe","publisher":{"@id":"https:\/\/chiptuningmarket.com\/ru\/#organization"},"alternateName":"Worldwide ecu tools supplier","potentialAction":[{"@type":"SearchAction","target":{"@type":"EntryPoint","urlTemplate":"https:\/\/chiptuningmarket.com\/ru\/?s={search_term_string}"},"query-input":{"@type":"PropertyValueSpecification","valueRequired":true,"valueName":"search_term_string"}}],"inLanguage":"pl-PL"},{"@type":"Organization","@id":"https:\/\/chiptuningmarket.com\/ru\/#organization","name":"Chiptuningmarket","alternateName":"Chiptuning tools supplier","url":"https:\/\/chiptuningmarket.com\/ru\/","logo":{"@type":"ImageObject","inLanguage":"pl-PL","@id":"https:\/\/chiptuningmarket.com\/ru\/#\/schema\/logo\/image\/","url":"https:\/\/chiptuningmarket.com\/wp-content\/uploads\/2023\/05\/logo-ChipTuningMarket-social.png","contentUrl":"https:\/\/chiptuningmarket.com\/wp-content\/uploads\/2023\/05\/logo-ChipTuningMarket-social.png","width":512,"height":512,"caption":"Chiptuningmarket"},"image":{"@id":"https:\/\/chiptuningmarket.com\/ru\/#\/schema\/logo\/image\/"}}]}},"_links":{"self":[{"href":"https:\/\/chiptuningmarket.com\/pl\/wp-json\/wp\/v2\/product\/30519","targetHints":{"allow":["GET"]}}],"collection":[{"href":"https:\/\/chiptuningmarket.com\/pl\/wp-json\/wp\/v2\/product"}],"about":[{"href":"https:\/\/chiptuningmarket.com\/pl\/wp-json\/wp\/v2\/types\/product"}],"wp:featuredmedia":[{"embeddable":true,"href":"https:\/\/chiptuningmarket.com\/pl\/wp-json\/wp\/v2\/media\/30523"}],"wp:attachment":[{"href":"https:\/\/chiptuningmarket.com\/pl\/wp-json\/wp\/v2\/media?parent=30519"}],"wp:term":[{"taxonomy":"product_brand","embeddable":true,"href":"https:\/\/chiptuningmarket.com\/pl\/wp-json\/wp\/v2\/product_brand?post=30519"},{"taxonomy":"product_cat","embeddable":true,"href":"https:\/\/chiptuningmarket.com\/pl\/wp-json\/wp\/v2\/product_cat?post=30519"},{"taxonomy":"product_tag","embeddable":true,"href":"https:\/\/chiptuningmarket.com\/pl\/wp-json\/wp\/v2\/product_tag?post=30519"}],"curies":[{"name":"wp","href":"https:\/\/api.w.org\/{rel}","templated":true}]}}