{"id":30577,"date":"2024-06-03T08:06:55","date_gmt":"2024-06-03T08:06:55","guid":{"rendered":"https:\/\/chiptuningmarket.com\/?post_type=product&#038;p=30577"},"modified":"2024-06-03T08:06:57","modified_gmt":"2024-06-03T08:06:57","slug":"oprogramowanie-abrites-avdi-mn034","status":"publish","type":"product","link":"https:\/\/chiptuningmarket.com\/pl\/shop\/oprogramowanie-2-pl\/licencje-subskrypcje-pl\/abrites-licencje-subskrypcje-pl\/oprogramowanie-abrites-avdi-mn034\/","title":{"rendered":"Oprogramowanie Abrites AVDI MN034"},"content":{"rendered":"<h2 style=\"text-align: center\">Abrites AVDI MN034<\/h2>\n<p><strong>Zalety funkcji specjnalnej MN034:<\/strong><br \/>\n&#8211; obs\u0142uga wszystkich modu\u0142\u00f3w, bez wzgl\u0119du na rok produkcji czy inne ograniczenia (MRD1, MRG1, CRR2, EMS74, VGS4NAG2, VGSNAG3, DSM, silniki elektryczne, silniki hybrydowe itp.),<br \/>\n&#8211; MN034 rozwi\u0105zuje sytuacj\u0119, w kt\u00f3rej nie posiadamy starej jednostki steruj\u0105cej,<br \/>\n&#8211;\u00a0generuje specjalne dane FBS4 i wykorzystuje je do doko\u0144czenia procesu personalizacji,<br \/>\n&#8211; MN034 umo\u017cliwia personalizacj\u0119 ECU MED177, MED1775, MED40, CR40, CR41, CR42, CR43, CR60LS, CR61 poprzez gniazdo OBDII, nawet gdy nie dysponujemy wcze\u015bniejsz\u0105 konfiguracj\u0105 danych,<br \/>\n&#8211; lista obs\u0142ugiwanych modu\u0142\u00f3w steruj\u0105cych do personalizacji, w przypadku braku starego modu\u0142u b\u0119dzie na bie\u017c\u0105co aktualizowana w miar\u0119 up\u0142ywu czasu.<\/p>\n<p>Pe\u0142ne informacje na temat korzystania z funkcji specjalnych ABRITES w modelach obs\u0142ugiwanych przez funkcj\u0119 MN034 mo\u017cna znale\u017a\u0107 w instrukcji <a href=\"https:\/\/chiptuningmarket.com\/wp-content\/uploads\/2024\/06\/MN034-1.pdf\">TUTAJ<\/a><\/p>\n<p>Obecnie MN032 oraz\u00a0MN034 posiadaj\u0105\u00a0cz\u0119\u015bciowe ograniczenia w obs\u0142udze modeli W223\/W206. Modele te b\u0119d\u0105 obs\u0142ugiwane w najbli\u017cszym czasie.<\/p>\n<p>UWAGA! Do zakupu funkcji specjalnej MN034 wymagane jest posiadanie funkcji MN032!<br \/>\nWszyscy posiadacze funkcji\u00a0MN032 (je\u015bli zosta\u0142a zakupiona\u00a0przed 13 grudnia 2023 r.) otrzymaj\u0105 MN034 bez op\u0142at.<br \/>\nWymagane jest posiadanie AVDI z aktywn\u0105 subskrypcj\u0105\u00a0AMS.<\/p>\n","protected":false},"excerpt":{"rendered":"<p>Funkcja specjalna\u00a0<strong>MN034<\/strong> umo\u017cliwia personalizacj\u0119 WSZYSTKICH oryginalnych modu\u0142\u00f3w\u00a0<strong>FBS4<\/strong> Mercedesa DAS (Drive Authorization System).<br \/>\n<strong>MN034<\/strong> \u015bci\u015ble wsp\u00f3\u0142pracuje z funkcj\u0105 MN032. Personalizacja odbywa si\u0119 poprzez wewn\u0119trzn\u0105 magistral\u0119 CAN modu\u0142\u00f3w steruj\u0105cych.<\/p>\n","protected":false},"featured_media":30584,"template":"","meta":{"_monsterinsights_skip_tracking":false,"_monsterinsights_sitenote_active":false,"_monsterinsights_sitenote_note":"","_monsterinsights_sitenote_category":0},"product_brand":[],"product_cat":[5183,5192,5293],"product_tag":[4991],"class_list":{"0":"post-30577","1":"product","2":"type-product","3":"status-publish","4":"has-post-thumbnail","6":"product_cat-oprogramowanie-2-pl","7":"product_cat-licencje-subskrypcje-pl","8":"product_cat-abrites-licencje-subskrypcje-pl","9":"product_tag-abrites-avdi-mn034","11":"first","12":"onbackorder","13":"taxable","14":"shipping-taxable","15":"purchasable","16":"product-type-simple"},"yoast_head":"<!-- This site is optimized with the Yoast SEO plugin v25.2 - https:\/\/yoast.com\/wordpress\/plugins\/seo\/ -->\n<title>Oprogramowanie Abrites AVDI MN034 - Chiptuningmarket<\/title>\n<meta name=\"description\" content=\"Funkcja specjalna\u00a0MN034 umo\u017cliwia personalizacj\u0119 WSZYSTKICH oryginalnych modu\u0142\u00f3w\u00a0FBS4 Mercedesa DAS (Drive Authorization System).MN034 \u015bci\u015ble wsp\u00f3\u0142pracuje z funkcj\u0105 MN032. Personalizacja odbywa si\u0119 poprzez wewn\u0119trzn\u0105 magistral\u0119 CAN modu\u0142\u00f3w steruj\u0105cych.\" \/>\n<meta name=\"robots\" content=\"index, follow, max-snippet:-1, max-image-preview:large, max-video-preview:-1\" \/>\n<link rel=\"canonical\" href=\"https:\/\/chiptuningmarket.com\/pl\/shop\/oprogramowanie-2-pl\/licencje-subskrypcje-pl\/abrites-licencje-subskrypcje-pl\/oprogramowanie-abrites-avdi-mn034\/\" \/>\n<meta property=\"og:locale\" content=\"pl_PL\" \/>\n<meta property=\"og:type\" content=\"article\" \/>\n<meta property=\"og:title\" content=\"Oprogramowanie Abrites AVDI MN034 - Chiptuningmarket\" \/>\n<meta property=\"og:description\" content=\"Funkcja specjalna\u00a0MN034 umo\u017cliwia personalizacj\u0119 WSZYSTKICH oryginalnych modu\u0142\u00f3w\u00a0FBS4 Mercedesa DAS (Drive Authorization System).MN034 \u015bci\u015ble wsp\u00f3\u0142pracuje z funkcj\u0105 MN032. Personalizacja odbywa si\u0119 poprzez wewn\u0119trzn\u0105 magistral\u0119 CAN modu\u0142\u00f3w steruj\u0105cych.\" \/>\n<meta property=\"og:url\" content=\"https:\/\/chiptuningmarket.com\/pl\/shop\/oprogramowanie-2-pl\/licencje-subskrypcje-pl\/abrites-licencje-subskrypcje-pl\/oprogramowanie-abrites-avdi-mn034\/\" \/>\n<meta property=\"og:site_name\" content=\"Chiptuningmarket\" \/>\n<meta property=\"article:modified_time\" content=\"2024-06-03T08:06:57+00:00\" \/>\n<meta property=\"og:image\" content=\"https:\/\/chiptuningmarket.com\/wp-content\/uploads\/2024\/06\/MN034.png\" \/>\n\t<meta property=\"og:image:width\" content=\"423\" \/>\n\t<meta property=\"og:image:height\" content=\"403\" \/>\n\t<meta property=\"og:image:type\" content=\"image\/png\" \/>\n<meta name=\"twitter:card\" content=\"summary_large_image\" \/>\n<meta name=\"twitter:label1\" content=\"Szacowany czas czytania\" \/>\n\t<meta name=\"twitter:data1\" content=\"1 minuta\" \/>\n<script type=\"application\/ld+json\" class=\"yoast-schema-graph\">{\"@context\":\"https:\/\/schema.org\",\"@graph\":[{\"@type\":\"WebPage\",\"@id\":\"https:\/\/chiptuningmarket.com\/pl\/shop\/oprogramowanie-2-pl\/licencje-subskrypcje-pl\/abrites-licencje-subskrypcje-pl\/oprogramowanie-abrites-avdi-mn034\/\",\"url\":\"https:\/\/chiptuningmarket.com\/pl\/shop\/oprogramowanie-2-pl\/licencje-subskrypcje-pl\/abrites-licencje-subskrypcje-pl\/oprogramowanie-abrites-avdi-mn034\/\",\"name\":\"Oprogramowanie Abrites AVDI MN034 - Chiptuningmarket\",\"isPartOf\":{\"@id\":\"https:\/\/chiptuningmarket.com\/ru\/#website\"},\"primaryImageOfPage\":{\"@id\":\"https:\/\/chiptuningmarket.com\/pl\/shop\/oprogramowanie-2-pl\/licencje-subskrypcje-pl\/abrites-licencje-subskrypcje-pl\/oprogramowanie-abrites-avdi-mn034\/#primaryimage\"},\"image\":{\"@id\":\"https:\/\/chiptuningmarket.com\/pl\/shop\/oprogramowanie-2-pl\/licencje-subskrypcje-pl\/abrites-licencje-subskrypcje-pl\/oprogramowanie-abrites-avdi-mn034\/#primaryimage\"},\"thumbnailUrl\":\"https:\/\/chiptuningmarket.com\/wp-content\/uploads\/2024\/06\/MN034.png\",\"datePublished\":\"2024-06-03T08:06:55+00:00\",\"dateModified\":\"2024-06-03T08:06:57+00:00\",\"description\":\"Funkcja specjalna\u00a0MN034 umo\u017cliwia personalizacj\u0119 WSZYSTKICH oryginalnych modu\u0142\u00f3w\u00a0FBS4 Mercedesa DAS (Drive Authorization System).MN034 \u015bci\u015ble wsp\u00f3\u0142pracuje z funkcj\u0105 MN032. Personalizacja odbywa si\u0119 poprzez wewn\u0119trzn\u0105 magistral\u0119 CAN modu\u0142\u00f3w steruj\u0105cych.\",\"breadcrumb\":{\"@id\":\"https:\/\/chiptuningmarket.com\/pl\/shop\/oprogramowanie-2-pl\/licencje-subskrypcje-pl\/abrites-licencje-subskrypcje-pl\/oprogramowanie-abrites-avdi-mn034\/#breadcrumb\"},\"inLanguage\":\"pl-PL\",\"potentialAction\":[{\"@type\":\"ReadAction\",\"target\":[\"https:\/\/chiptuningmarket.com\/pl\/shop\/oprogramowanie-2-pl\/licencje-subskrypcje-pl\/abrites-licencje-subskrypcje-pl\/oprogramowanie-abrites-avdi-mn034\/\"]}]},{\"@type\":\"ImageObject\",\"inLanguage\":\"pl-PL\",\"@id\":\"https:\/\/chiptuningmarket.com\/pl\/shop\/oprogramowanie-2-pl\/licencje-subskrypcje-pl\/abrites-licencje-subskrypcje-pl\/oprogramowanie-abrites-avdi-mn034\/#primaryimage\",\"url\":\"https:\/\/chiptuningmarket.com\/wp-content\/uploads\/2024\/06\/MN034.png\",\"contentUrl\":\"https:\/\/chiptuningmarket.com\/wp-content\/uploads\/2024\/06\/MN034.png\",\"width\":423,\"height\":403},{\"@type\":\"BreadcrumbList\",\"@id\":\"https:\/\/chiptuningmarket.com\/pl\/shop\/oprogramowanie-2-pl\/licencje-subskrypcje-pl\/abrites-licencje-subskrypcje-pl\/oprogramowanie-abrites-avdi-mn034\/#breadcrumb\",\"itemListElement\":[{\"@type\":\"ListItem\",\"position\":1,\"name\":\"Home\",\"item\":\"https:\/\/chiptuningmarket.com\/pl\/\"},{\"@type\":\"ListItem\",\"position\":2,\"name\":\"Sklep\",\"item\":\"https:\/\/chiptuningmarket.com\/pl\/shop\/\"},{\"@type\":\"ListItem\",\"position\":3,\"name\":\"Oprogramowanie Abrites AVDI MN034\"}]},{\"@type\":\"WebSite\",\"@id\":\"https:\/\/chiptuningmarket.com\/ru\/#website\",\"url\":\"https:\/\/chiptuningmarket.com\/ru\/\",\"name\":\"Chiptuningmarket\",\"description\":\"Biggest chiptuning shop in Europe\",\"publisher\":{\"@id\":\"https:\/\/chiptuningmarket.com\/ru\/#organization\"},\"alternateName\":\"Worldwide ecu tools supplier\",\"potentialAction\":[{\"@type\":\"SearchAction\",\"target\":{\"@type\":\"EntryPoint\",\"urlTemplate\":\"https:\/\/chiptuningmarket.com\/ru\/?s={search_term_string}\"},\"query-input\":{\"@type\":\"PropertyValueSpecification\",\"valueRequired\":true,\"valueName\":\"search_term_string\"}}],\"inLanguage\":\"pl-PL\"},{\"@type\":\"Organization\",\"@id\":\"https:\/\/chiptuningmarket.com\/ru\/#organization\",\"name\":\"Chiptuningmarket\",\"alternateName\":\"Chiptuning tools supplier\",\"url\":\"https:\/\/chiptuningmarket.com\/ru\/\",\"logo\":{\"@type\":\"ImageObject\",\"inLanguage\":\"pl-PL\",\"@id\":\"https:\/\/chiptuningmarket.com\/ru\/#\/schema\/logo\/image\/\",\"url\":\"https:\/\/chiptuningmarket.com\/wp-content\/uploads\/2023\/05\/logo-ChipTuningMarket-social.png\",\"contentUrl\":\"https:\/\/chiptuningmarket.com\/wp-content\/uploads\/2023\/05\/logo-ChipTuningMarket-social.png\",\"width\":512,\"height\":512,\"caption\":\"Chiptuningmarket\"},\"image\":{\"@id\":\"https:\/\/chiptuningmarket.com\/ru\/#\/schema\/logo\/image\/\"}}]}<\/script>\n<!-- \/ Yoast SEO plugin. -->","yoast_head_json":{"title":"Oprogramowanie Abrites AVDI MN034 - Chiptuningmarket","description":"Funkcja specjalna\u00a0MN034 umo\u017cliwia personalizacj\u0119 WSZYSTKICH oryginalnych modu\u0142\u00f3w\u00a0FBS4 Mercedesa DAS (Drive Authorization System).MN034 \u015bci\u015ble wsp\u00f3\u0142pracuje z funkcj\u0105 MN032. Personalizacja odbywa si\u0119 poprzez wewn\u0119trzn\u0105 magistral\u0119 CAN modu\u0142\u00f3w steruj\u0105cych.","robots":{"index":"index","follow":"follow","max-snippet":"max-snippet:-1","max-image-preview":"max-image-preview:large","max-video-preview":"max-video-preview:-1"},"canonical":"https:\/\/chiptuningmarket.com\/pl\/shop\/oprogramowanie-2-pl\/licencje-subskrypcje-pl\/abrites-licencje-subskrypcje-pl\/oprogramowanie-abrites-avdi-mn034\/","og_locale":"pl_PL","og_type":"article","og_title":"Oprogramowanie Abrites AVDI MN034 - Chiptuningmarket","og_description":"Funkcja specjalna\u00a0MN034 umo\u017cliwia personalizacj\u0119 WSZYSTKICH oryginalnych modu\u0142\u00f3w\u00a0FBS4 Mercedesa DAS (Drive Authorization System).MN034 \u015bci\u015ble wsp\u00f3\u0142pracuje z funkcj\u0105 MN032. Personalizacja odbywa si\u0119 poprzez wewn\u0119trzn\u0105 magistral\u0119 CAN modu\u0142\u00f3w steruj\u0105cych.","og_url":"https:\/\/chiptuningmarket.com\/pl\/shop\/oprogramowanie-2-pl\/licencje-subskrypcje-pl\/abrites-licencje-subskrypcje-pl\/oprogramowanie-abrites-avdi-mn034\/","og_site_name":"Chiptuningmarket","article_modified_time":"2024-06-03T08:06:57+00:00","og_image":[{"width":423,"height":403,"url":"https:\/\/chiptuningmarket.com\/wp-content\/uploads\/2024\/06\/MN034.png","type":"image\/png"}],"twitter_card":"summary_large_image","twitter_misc":{"Szacowany czas czytania":"1 minuta"},"schema":{"@context":"https:\/\/schema.org","@graph":[{"@type":"WebPage","@id":"https:\/\/chiptuningmarket.com\/pl\/shop\/oprogramowanie-2-pl\/licencje-subskrypcje-pl\/abrites-licencje-subskrypcje-pl\/oprogramowanie-abrites-avdi-mn034\/","url":"https:\/\/chiptuningmarket.com\/pl\/shop\/oprogramowanie-2-pl\/licencje-subskrypcje-pl\/abrites-licencje-subskrypcje-pl\/oprogramowanie-abrites-avdi-mn034\/","name":"Oprogramowanie Abrites AVDI MN034 - Chiptuningmarket","isPartOf":{"@id":"https:\/\/chiptuningmarket.com\/ru\/#website"},"primaryImageOfPage":{"@id":"https:\/\/chiptuningmarket.com\/pl\/shop\/oprogramowanie-2-pl\/licencje-subskrypcje-pl\/abrites-licencje-subskrypcje-pl\/oprogramowanie-abrites-avdi-mn034\/#primaryimage"},"image":{"@id":"https:\/\/chiptuningmarket.com\/pl\/shop\/oprogramowanie-2-pl\/licencje-subskrypcje-pl\/abrites-licencje-subskrypcje-pl\/oprogramowanie-abrites-avdi-mn034\/#primaryimage"},"thumbnailUrl":"https:\/\/chiptuningmarket.com\/wp-content\/uploads\/2024\/06\/MN034.png","datePublished":"2024-06-03T08:06:55+00:00","dateModified":"2024-06-03T08:06:57+00:00","description":"Funkcja specjalna\u00a0MN034 umo\u017cliwia personalizacj\u0119 WSZYSTKICH oryginalnych modu\u0142\u00f3w\u00a0FBS4 Mercedesa DAS (Drive Authorization System).MN034 \u015bci\u015ble wsp\u00f3\u0142pracuje z funkcj\u0105 MN032. Personalizacja odbywa si\u0119 poprzez wewn\u0119trzn\u0105 magistral\u0119 CAN modu\u0142\u00f3w steruj\u0105cych.","breadcrumb":{"@id":"https:\/\/chiptuningmarket.com\/pl\/shop\/oprogramowanie-2-pl\/licencje-subskrypcje-pl\/abrites-licencje-subskrypcje-pl\/oprogramowanie-abrites-avdi-mn034\/#breadcrumb"},"inLanguage":"pl-PL","potentialAction":[{"@type":"ReadAction","target":["https:\/\/chiptuningmarket.com\/pl\/shop\/oprogramowanie-2-pl\/licencje-subskrypcje-pl\/abrites-licencje-subskrypcje-pl\/oprogramowanie-abrites-avdi-mn034\/"]}]},{"@type":"ImageObject","inLanguage":"pl-PL","@id":"https:\/\/chiptuningmarket.com\/pl\/shop\/oprogramowanie-2-pl\/licencje-subskrypcje-pl\/abrites-licencje-subskrypcje-pl\/oprogramowanie-abrites-avdi-mn034\/#primaryimage","url":"https:\/\/chiptuningmarket.com\/wp-content\/uploads\/2024\/06\/MN034.png","contentUrl":"https:\/\/chiptuningmarket.com\/wp-content\/uploads\/2024\/06\/MN034.png","width":423,"height":403},{"@type":"BreadcrumbList","@id":"https:\/\/chiptuningmarket.com\/pl\/shop\/oprogramowanie-2-pl\/licencje-subskrypcje-pl\/abrites-licencje-subskrypcje-pl\/oprogramowanie-abrites-avdi-mn034\/#breadcrumb","itemListElement":[{"@type":"ListItem","position":1,"name":"Home","item":"https:\/\/chiptuningmarket.com\/pl\/"},{"@type":"ListItem","position":2,"name":"Sklep","item":"https:\/\/chiptuningmarket.com\/pl\/shop\/"},{"@type":"ListItem","position":3,"name":"Oprogramowanie Abrites AVDI MN034"}]},{"@type":"WebSite","@id":"https:\/\/chiptuningmarket.com\/ru\/#website","url":"https:\/\/chiptuningmarket.com\/ru\/","name":"Chiptuningmarket","description":"Biggest chiptuning shop in Europe","publisher":{"@id":"https:\/\/chiptuningmarket.com\/ru\/#organization"},"alternateName":"Worldwide ecu tools supplier","potentialAction":[{"@type":"SearchAction","target":{"@type":"EntryPoint","urlTemplate":"https:\/\/chiptuningmarket.com\/ru\/?s={search_term_string}"},"query-input":{"@type":"PropertyValueSpecification","valueRequired":true,"valueName":"search_term_string"}}],"inLanguage":"pl-PL"},{"@type":"Organization","@id":"https:\/\/chiptuningmarket.com\/ru\/#organization","name":"Chiptuningmarket","alternateName":"Chiptuning tools supplier","url":"https:\/\/chiptuningmarket.com\/ru\/","logo":{"@type":"ImageObject","inLanguage":"pl-PL","@id":"https:\/\/chiptuningmarket.com\/ru\/#\/schema\/logo\/image\/","url":"https:\/\/chiptuningmarket.com\/wp-content\/uploads\/2023\/05\/logo-ChipTuningMarket-social.png","contentUrl":"https:\/\/chiptuningmarket.com\/wp-content\/uploads\/2023\/05\/logo-ChipTuningMarket-social.png","width":512,"height":512,"caption":"Chiptuningmarket"},"image":{"@id":"https:\/\/chiptuningmarket.com\/ru\/#\/schema\/logo\/image\/"}}]}},"_links":{"self":[{"href":"https:\/\/chiptuningmarket.com\/pl\/wp-json\/wp\/v2\/product\/30577","targetHints":{"allow":["GET"]}}],"collection":[{"href":"https:\/\/chiptuningmarket.com\/pl\/wp-json\/wp\/v2\/product"}],"about":[{"href":"https:\/\/chiptuningmarket.com\/pl\/wp-json\/wp\/v2\/types\/product"}],"wp:featuredmedia":[{"embeddable":true,"href":"https:\/\/chiptuningmarket.com\/pl\/wp-json\/wp\/v2\/media\/30584"}],"wp:attachment":[{"href":"https:\/\/chiptuningmarket.com\/pl\/wp-json\/wp\/v2\/media?parent=30577"}],"wp:term":[{"taxonomy":"product_brand","embeddable":true,"href":"https:\/\/chiptuningmarket.com\/pl\/wp-json\/wp\/v2\/product_brand?post=30577"},{"taxonomy":"product_cat","embeddable":true,"href":"https:\/\/chiptuningmarket.com\/pl\/wp-json\/wp\/v2\/product_cat?post=30577"},{"taxonomy":"product_tag","embeddable":true,"href":"https:\/\/chiptuningmarket.com\/pl\/wp-json\/wp\/v2\/product_tag?post=30577"}],"curies":[{"name":"wp","href":"https:\/\/api.w.org\/{rel}","templated":true}]}}