{"id":31905,"date":"2024-08-09T07:38:59","date_gmt":"2024-08-09T07:38:59","guid":{"rendered":"https:\/\/chiptuningmarket.com\/?post_type=product&#038;p=31905"},"modified":"2025-10-27T11:28:05","modified_gmt":"2025-10-27T10:28:05","slug":"zasilacz-laboratoryjny-korad-ka3005d-30v-5a","status":"publish","type":"product","link":"https:\/\/chiptuningmarket.com\/pl\/shop\/elektronika-wyposazenie-pl\/zasilacze\/zasilacze-laboratoryjne\/zasilacz-laboratoryjny-korad-ka3005d-30v-5a\/","title":{"rendered":"Zasilacz laboratoryjny KORAD KA3005D 30V 5A"},"content":{"rendered":"<p>Zasilacz laboratoryjny\u00a0 KA3005D to stabilizowany zasilacz z programowaln\u0105 pami\u0119ci\u0105 i p\u0142ynn\u0105 regulacj\u0105 napi\u0119cia w zakresie od 0 do 30V oraz p\u0142ynn\u0105 regulacj\u0105 pr\u0105du w zakresie od 0-5A.<\/p>\n<ul>\n<li>Posiada zabezpieczenie przeciwprzepi\u0119ciowe jak i przeciwprzeci\u0105\u017ceniowe.<\/li>\n<li>Zasilacz posiada 5 pami\u0119ci dla zapisania pr\u0105du, napi\u0119cia i tryb\u00f3w pracy zasilacza.<\/li>\n<li>Jedyny zasilacz z pe\u0142n\u0105 regulacj\u0105 pr\u0105du, a nie jego ograniczenia.<\/li>\n<li>Zasilacz posiada dok\u0142adno\u015b\u0107 wskaza\u0144 pr\u0105du do 3 miejsc po przecinku !!!<\/li>\n<li>Konstrukcja zasilacza oparta na transformatorze<\/li>\n<\/ul>\n<p>Zasilacz mo\u017ce pracowa\u0107 w nast\u0119puj\u0105cych trybach: C.V.\u00a0 &#8211; sta\u0142ego napi\u0119cia wyj\u015bciowego oraz C.C. sta\u0142ego pr\u0105du obci\u0105\u017cenia. Z dwoma mo\u017cliwymi zabezpieczeniami OVP\u00a0<i>(zabezpieczenie przeciwprzepi\u0119ciowe)<\/i>\u00a0oraz OCP\u00a0<i>(zabezpieczenie przeciw przeci\u0105\u017ceniowe)<\/i>.<br \/>\nKA3005D\u00a0jest ch\u0142odzony wentylatorem, kt\u00f3ry dzia\u0142a non-stop, a jego pr\u0119dko\u015b\u0107 jest zale\u017cna od obci\u0105\u017cenia.<\/p>\n<p><a href=\"https:\/\/chiptuningmarket.com\/wp-content\/uploads\/2024\/08\/Zasilacz-laboratoryjny-KORAD-KA3005D-30V-5A.jpg\"><img decoding=\"async\" class=\"aligncenter wp-image-31906 size-full\" src=\"https:\/\/chiptuningmarket.com\/wp-content\/uploads\/2024\/08\/Zasilacz-laboratoryjny-KORAD-KA3005D-30V-5A.jpg\" alt=\"\" width=\"1016\" height=\"759\" srcset=\"https:\/\/chiptuningmarket.com\/wp-content\/uploads\/2024\/08\/Zasilacz-laboratoryjny-KORAD-KA3005D-30V-5A.jpg 1016w, https:\/\/chiptuningmarket.com\/wp-content\/uploads\/2024\/08\/Zasilacz-laboratoryjny-KORAD-KA3005D-30V-5A-300x225.jpg 300w, https:\/\/chiptuningmarket.com\/wp-content\/uploads\/2024\/08\/Zasilacz-laboratoryjny-KORAD-KA3005D-30V-5A-768x574.jpg 768w, https:\/\/chiptuningmarket.com\/wp-content\/uploads\/2024\/08\/Zasilacz-laboratoryjny-KORAD-KA3005D-30V-5A-600x448.jpg 600w\" sizes=\"(max-width: 1016px) 100vw, 1016px\" \/><\/a><\/p>\n<p>&nbsp;<\/p>\n<p><b>Zasilacz<\/b><b>\u00a0KA3005D\u00a0<\/b><b>wykorzystywany jest :<\/b><\/p>\n<ul>\n<li>w instytutach przemys\u0142owych<\/li>\n<li>w instytutach badawczych<\/li>\n<li>jako wyposa\u017cenie laboratoryjne<\/li>\n<li>w przemy\u015ble elektronicznym<\/li>\n<li>w serwisach elektronicznych<\/li>\n<li>w edukacji i szkolnictwie<\/li>\n<li>w warsztatach hobbyst\u00f3w<\/li>\n<li>wsz\u0119dzie tam gdzie wymagane jest precyzyjne zasilanie<\/li>\n<\/ul>\n<p>Zasilacz wyr\u00f3\u017cnia si\u0119 du\u017cymi precyzyjnymi wy\u015bwietlaczami LED na bie\u017c\u0105co informuj\u0105ce o aktualnym napi\u0119ciu i obci\u0105\u017ceniu.<br \/>\nUstawienie napi\u0119cia jak i pr\u0105du w bardzo wygodny spos\u00f3b za pomoc\u0105 przycisk\u00f3w wyboru pozycji do zmiany i wieloobrotowego potencjometra, kt\u00f3r\u0105 wybieramy \u017c\u0105dan\u0105 warto\u015b\u0107.<br \/>\n<b>Charakterystyka:<\/b><\/p>\n<ul>\n<li>Precyzyjny rozbudowany zasilacz z pami\u0119ci\u0105 oraz wysokiej jako\u015bci wykonania, cechuj\u0105c\u0105 si\u0119 wysok\u0105 wydajno\u015bci\u0105<\/li>\n<li>Czytelne cyfrowe wy\u015bwietlacze LED<\/li>\n<li>Wbudowany wentylator<\/li>\n<li>Zabezpieczenie przed zwarciem i przeci\u0105\u017ceniem<\/li>\n<li>Wysoka dok\u0142adno\u015b\u0107 i rozdzielczo\u015b\u0107 pomiaru na poziomie 10mV \/ 1mA co daje bardzo wysokie miejsce w tej klasie urz\u0105dze\u0144<\/li>\n<li>Niski poziom szum\u00f3w<\/li>\n<li>Praca w trybie CV (tryb napi\u0119cia) lub CC (tryb pr\u0105du wyj\u015bciowego)<\/li>\n<li>Wysokiej niezawodno\u015bci i szybko\u015bci dzia\u0142ania ochrona przed wysokim pr\u0105dem (OCP) oraz ochrona przed zbyt wysokim napi\u0119ciem wyj\u015bciowym (OVP).<\/li>\n<li>Przyciski blokowania i odblokowania zmiany ustawie\u0144 parametr\u00f3w, uniemo\u017cliwiaj\u0105cy przypadkow\u0105 zmian\u0119 ustawie\u0144.<\/li>\n<li>Przyciski pami\u0119ci, mo\u017cliwo\u015b\u0107 zaprogramowania 5\u00a0 r\u00f3\u017cnych ustawie\u0144 zasilacza<\/li>\n<li>Informacja sygna\u0142em d\u017awi\u0119kowym<\/li>\n<\/ul>\n<p><b>Specyfikacja zasilacza laboratoryjnego<\/b><b>:<\/b><\/p>\n<ul>\n<li>Zakres napi\u0119cia: 0-30 V<\/li>\n<li>Zakres nat\u0119\u017cenia: 0-5 A<\/li>\n<li>Regulacja obci\u0105\u017cenia\n<ul>\n<li>Napi\u0119cie: =&lt; 0.01% +2mV<\/li>\n<li>Nat\u0119\u017cenie: =<\/li>\n<\/ul>\n<\/li>\n<li>Dok\u0142adno\u015b\u0107 nastawienia parametr\u00f3w\n<ul>\n<li>Napi\u0119cia: 10 mV<\/li>\n<li>Nat\u0119\u017cenia: 1 mA<\/li>\n<\/ul>\n<\/li>\n<li>Dok\u0142adno\u015b\u0107 ustawie\u0144\n<ul>\n<li>Napi\u0119cia\u00a0 =<\/li>\n<li>Nat\u0119\u017cenia =<\/li>\n<\/ul>\n<\/li>\n<li>T\u0119tnienia napi\u0119cia wyj\u015bciowego\n<ul>\n<li>Napi\u0119cie: =&lt; 1mVrms<\/li>\n<li>Nat\u0119\u017cenie: =&lt; 3 mArms<\/li>\n<\/ul>\n<\/li>\n<li>Czas reakcji\n<ul>\n<li>Narastania napi\u0119cia: =&lt; 100mS (Obci\u0105\u017cenie znamionowe 10%)<\/li>\n<li>Spadku napi\u0119cia: =&lt; 100mS (Obci\u0105\u017cenie znamionowe 10%)<\/li>\n<\/ul>\n<\/li>\n<li>Rozmiar : 110*156x*260 (SZERxWYSxD\u0141U)<\/li>\n<\/ul>\n<p><b>Zestaw zawiera:<\/b><\/p>\n<ul>\n<li>Zasilacz laboratoryjny\u00a0<b>KA3005D<\/b><\/li>\n<li>Przewody do zasilacza<\/li>\n<li>Instrukcj\u0119 obs\u0142ugi<\/li>\n<li>Gwarancja 24ms<\/li>\n<\/ul>\n","protected":false},"excerpt":{"rendered":"<p>Zasilacz laboratoryjny\u00a0 KA3005D to stabilizowany zasilacz z programowaln\u0105 pami\u0119ci\u0105 i p\u0142ynn\u0105 regulacj\u0105 napi\u0119cia w zakresie od 0 do 30V oraz p\u0142ynn\u0105 regulacj\u0105 pr\u0105du w zakresie od 0-5A.<\/p>\n","protected":false},"featured_media":31906,"template":"","meta":{"_monsterinsights_skip_tracking":false,"_monsterinsights_sitenote_active":false,"_monsterinsights_sitenote_note":"","_monsterinsights_sitenote_category":0},"product_brand":[],"product_cat":[5144,5154,8401],"product_tag":[5051,5052],"class_list":{"0":"post-31905","1":"product","2":"type-product","3":"status-publish","4":"has-post-thumbnail","6":"product_cat-elektronika-wyposazenie-pl","7":"product_cat-zasilacze","8":"product_cat-zasilacze-laboratoryjne","9":"product_tag-korad-ka3005d","10":"product_tag-zasilacz-laboratoryjny","12":"first","13":"outofstock","14":"taxable","15":"shipping-taxable","16":"purchasable","17":"product-type-simple"},"yoast_head":"<!-- This site is optimized with the Yoast SEO plugin v25.2 - https:\/\/yoast.com\/wordpress\/plugins\/seo\/ -->\n<title>Zasilacz laboratoryjny KORAD KA3005D 30V 5A - Chiptuningmarket<\/title>\n<meta name=\"description\" content=\"Zasilacz laboratoryjny\u00a0 KA3005D to stabilizowany zasilacz z programowaln\u0105 pami\u0119ci\u0105 i p\u0142ynn\u0105 regulacj\u0105 napi\u0119cia w zakresie od 0 do 30V oraz p\u0142ynn\u0105 regulacj\u0105 pr\u0105du w zakresie od 0-5A. \u00a0\" \/>\n<meta name=\"robots\" content=\"index, follow, max-snippet:-1, max-image-preview:large, max-video-preview:-1\" \/>\n<link rel=\"canonical\" href=\"https:\/\/chiptuningmarket.com\/pl\/shop\/elektronika-wyposazenie-pl\/zasilacze\/zasilacze-laboratoryjne\/zasilacz-laboratoryjny-korad-ka3005d-30v-5a\/\" \/>\n<meta property=\"og:locale\" content=\"pl_PL\" \/>\n<meta property=\"og:type\" content=\"article\" \/>\n<meta property=\"og:title\" content=\"Zasilacz laboratoryjny KORAD KA3005D 30V 5A - Chiptuningmarket\" \/>\n<meta property=\"og:description\" content=\"Zasilacz laboratoryjny\u00a0 KA3005D to stabilizowany zasilacz z programowaln\u0105 pami\u0119ci\u0105 i p\u0142ynn\u0105 regulacj\u0105 napi\u0119cia w zakresie od 0 do 30V oraz p\u0142ynn\u0105 regulacj\u0105 pr\u0105du w zakresie od 0-5A. \u00a0\" \/>\n<meta property=\"og:url\" content=\"https:\/\/chiptuningmarket.com\/pl\/shop\/elektronika-wyposazenie-pl\/zasilacze\/zasilacze-laboratoryjne\/zasilacz-laboratoryjny-korad-ka3005d-30v-5a\/\" \/>\n<meta property=\"og:site_name\" content=\"Chiptuningmarket\" \/>\n<meta property=\"article:modified_time\" content=\"2025-10-27T10:28:05+00:00\" \/>\n<meta property=\"og:image\" content=\"https:\/\/chiptuningmarket.com\/wp-content\/uploads\/2024\/08\/Zasilacz-laboratoryjny-KORAD-KA3005D-30V-5A.jpg\" \/>\n\t<meta property=\"og:image:width\" content=\"1016\" \/>\n\t<meta property=\"og:image:height\" content=\"759\" \/>\n\t<meta property=\"og:image:type\" content=\"image\/jpeg\" \/>\n<meta name=\"twitter:card\" content=\"summary_large_image\" \/>\n<meta name=\"twitter:label1\" content=\"Szacowany czas czytania\" \/>\n\t<meta name=\"twitter:data1\" content=\"2 minuty\" \/>\n<script type=\"application\/ld+json\" class=\"yoast-schema-graph\">{\"@context\":\"https:\/\/schema.org\",\"@graph\":[{\"@type\":\"WebPage\",\"@id\":\"https:\/\/chiptuningmarket.com\/pl\/shop\/elektronika-wyposazenie-pl\/zasilacze\/zasilacze-laboratoryjne\/zasilacz-laboratoryjny-korad-ka3005d-30v-5a\/\",\"url\":\"https:\/\/chiptuningmarket.com\/pl\/shop\/elektronika-wyposazenie-pl\/zasilacze\/zasilacze-laboratoryjne\/zasilacz-laboratoryjny-korad-ka3005d-30v-5a\/\",\"name\":\"Zasilacz laboratoryjny KORAD KA3005D 30V 5A - Chiptuningmarket\",\"isPartOf\":{\"@id\":\"https:\/\/chiptuningmarket.com\/ru\/#website\"},\"primaryImageOfPage\":{\"@id\":\"https:\/\/chiptuningmarket.com\/pl\/shop\/elektronika-wyposazenie-pl\/zasilacze\/zasilacze-laboratoryjne\/zasilacz-laboratoryjny-korad-ka3005d-30v-5a\/#primaryimage\"},\"image\":{\"@id\":\"https:\/\/chiptuningmarket.com\/pl\/shop\/elektronika-wyposazenie-pl\/zasilacze\/zasilacze-laboratoryjne\/zasilacz-laboratoryjny-korad-ka3005d-30v-5a\/#primaryimage\"},\"thumbnailUrl\":\"https:\/\/chiptuningmarket.com\/wp-content\/uploads\/2024\/08\/Zasilacz-laboratoryjny-KORAD-KA3005D-30V-5A.jpg\",\"datePublished\":\"2024-08-09T07:38:59+00:00\",\"dateModified\":\"2025-10-27T10:28:05+00:00\",\"description\":\"Zasilacz laboratoryjny\u00a0 KA3005D to stabilizowany zasilacz z programowaln\u0105 pami\u0119ci\u0105 i p\u0142ynn\u0105 regulacj\u0105 napi\u0119cia w zakresie od 0 do 30V oraz p\u0142ynn\u0105 regulacj\u0105 pr\u0105du w zakresie od 0-5A. \u00a0\",\"breadcrumb\":{\"@id\":\"https:\/\/chiptuningmarket.com\/pl\/shop\/elektronika-wyposazenie-pl\/zasilacze\/zasilacze-laboratoryjne\/zasilacz-laboratoryjny-korad-ka3005d-30v-5a\/#breadcrumb\"},\"inLanguage\":\"pl-PL\",\"potentialAction\":[{\"@type\":\"ReadAction\",\"target\":[\"https:\/\/chiptuningmarket.com\/pl\/shop\/elektronika-wyposazenie-pl\/zasilacze\/zasilacze-laboratoryjne\/zasilacz-laboratoryjny-korad-ka3005d-30v-5a\/\"]}]},{\"@type\":\"ImageObject\",\"inLanguage\":\"pl-PL\",\"@id\":\"https:\/\/chiptuningmarket.com\/pl\/shop\/elektronika-wyposazenie-pl\/zasilacze\/zasilacze-laboratoryjne\/zasilacz-laboratoryjny-korad-ka3005d-30v-5a\/#primaryimage\",\"url\":\"https:\/\/chiptuningmarket.com\/wp-content\/uploads\/2024\/08\/Zasilacz-laboratoryjny-KORAD-KA3005D-30V-5A.jpg\",\"contentUrl\":\"https:\/\/chiptuningmarket.com\/wp-content\/uploads\/2024\/08\/Zasilacz-laboratoryjny-KORAD-KA3005D-30V-5A.jpg\",\"width\":1016,\"height\":759,\"caption\":\"Zasilacz laboratoryjny KORAD KA3005D 30V 5A\"},{\"@type\":\"BreadcrumbList\",\"@id\":\"https:\/\/chiptuningmarket.com\/pl\/shop\/elektronika-wyposazenie-pl\/zasilacze\/zasilacze-laboratoryjne\/zasilacz-laboratoryjny-korad-ka3005d-30v-5a\/#breadcrumb\",\"itemListElement\":[{\"@type\":\"ListItem\",\"position\":1,\"name\":\"Home\",\"item\":\"https:\/\/chiptuningmarket.com\/pl\/\"},{\"@type\":\"ListItem\",\"position\":2,\"name\":\"Sklep\",\"item\":\"https:\/\/chiptuningmarket.com\/pl\/shop\/\"},{\"@type\":\"ListItem\",\"position\":3,\"name\":\"Zasilacz laboratoryjny KORAD KA3005D 30V 5A\"}]},{\"@type\":\"WebSite\",\"@id\":\"https:\/\/chiptuningmarket.com\/ru\/#website\",\"url\":\"https:\/\/chiptuningmarket.com\/ru\/\",\"name\":\"Chiptuningmarket\",\"description\":\"Biggest chiptuning shop in Europe\",\"publisher\":{\"@id\":\"https:\/\/chiptuningmarket.com\/ru\/#organization\"},\"alternateName\":\"Worldwide ecu tools supplier\",\"potentialAction\":[{\"@type\":\"SearchAction\",\"target\":{\"@type\":\"EntryPoint\",\"urlTemplate\":\"https:\/\/chiptuningmarket.com\/ru\/?s={search_term_string}\"},\"query-input\":{\"@type\":\"PropertyValueSpecification\",\"valueRequired\":true,\"valueName\":\"search_term_string\"}}],\"inLanguage\":\"pl-PL\"},{\"@type\":\"Organization\",\"@id\":\"https:\/\/chiptuningmarket.com\/ru\/#organization\",\"name\":\"Chiptuningmarket\",\"alternateName\":\"Chiptuning tools supplier\",\"url\":\"https:\/\/chiptuningmarket.com\/ru\/\",\"logo\":{\"@type\":\"ImageObject\",\"inLanguage\":\"pl-PL\",\"@id\":\"https:\/\/chiptuningmarket.com\/ru\/#\/schema\/logo\/image\/\",\"url\":\"https:\/\/chiptuningmarket.com\/wp-content\/uploads\/2023\/05\/logo-ChipTuningMarket-social.png\",\"contentUrl\":\"https:\/\/chiptuningmarket.com\/wp-content\/uploads\/2023\/05\/logo-ChipTuningMarket-social.png\",\"width\":512,\"height\":512,\"caption\":\"Chiptuningmarket\"},\"image\":{\"@id\":\"https:\/\/chiptuningmarket.com\/ru\/#\/schema\/logo\/image\/\"}}]}<\/script>\n<!-- \/ Yoast SEO plugin. -->","yoast_head_json":{"title":"Zasilacz laboratoryjny KORAD KA3005D 30V 5A - Chiptuningmarket","description":"Zasilacz laboratoryjny\u00a0 KA3005D to stabilizowany zasilacz z programowaln\u0105 pami\u0119ci\u0105 i p\u0142ynn\u0105 regulacj\u0105 napi\u0119cia w zakresie od 0 do 30V oraz p\u0142ynn\u0105 regulacj\u0105 pr\u0105du w zakresie od 0-5A. \u00a0","robots":{"index":"index","follow":"follow","max-snippet":"max-snippet:-1","max-image-preview":"max-image-preview:large","max-video-preview":"max-video-preview:-1"},"canonical":"https:\/\/chiptuningmarket.com\/pl\/shop\/elektronika-wyposazenie-pl\/zasilacze\/zasilacze-laboratoryjne\/zasilacz-laboratoryjny-korad-ka3005d-30v-5a\/","og_locale":"pl_PL","og_type":"article","og_title":"Zasilacz laboratoryjny KORAD KA3005D 30V 5A - Chiptuningmarket","og_description":"Zasilacz laboratoryjny\u00a0 KA3005D to stabilizowany zasilacz z programowaln\u0105 pami\u0119ci\u0105 i p\u0142ynn\u0105 regulacj\u0105 napi\u0119cia w zakresie od 0 do 30V oraz p\u0142ynn\u0105 regulacj\u0105 pr\u0105du w zakresie od 0-5A. \u00a0","og_url":"https:\/\/chiptuningmarket.com\/pl\/shop\/elektronika-wyposazenie-pl\/zasilacze\/zasilacze-laboratoryjne\/zasilacz-laboratoryjny-korad-ka3005d-30v-5a\/","og_site_name":"Chiptuningmarket","article_modified_time":"2025-10-27T10:28:05+00:00","og_image":[{"width":1016,"height":759,"url":"https:\/\/chiptuningmarket.com\/wp-content\/uploads\/2024\/08\/Zasilacz-laboratoryjny-KORAD-KA3005D-30V-5A.jpg","type":"image\/jpeg"}],"twitter_card":"summary_large_image","twitter_misc":{"Szacowany czas czytania":"2 minuty"},"schema":{"@context":"https:\/\/schema.org","@graph":[{"@type":"WebPage","@id":"https:\/\/chiptuningmarket.com\/pl\/shop\/elektronika-wyposazenie-pl\/zasilacze\/zasilacze-laboratoryjne\/zasilacz-laboratoryjny-korad-ka3005d-30v-5a\/","url":"https:\/\/chiptuningmarket.com\/pl\/shop\/elektronika-wyposazenie-pl\/zasilacze\/zasilacze-laboratoryjne\/zasilacz-laboratoryjny-korad-ka3005d-30v-5a\/","name":"Zasilacz laboratoryjny KORAD KA3005D 30V 5A - Chiptuningmarket","isPartOf":{"@id":"https:\/\/chiptuningmarket.com\/ru\/#website"},"primaryImageOfPage":{"@id":"https:\/\/chiptuningmarket.com\/pl\/shop\/elektronika-wyposazenie-pl\/zasilacze\/zasilacze-laboratoryjne\/zasilacz-laboratoryjny-korad-ka3005d-30v-5a\/#primaryimage"},"image":{"@id":"https:\/\/chiptuningmarket.com\/pl\/shop\/elektronika-wyposazenie-pl\/zasilacze\/zasilacze-laboratoryjne\/zasilacz-laboratoryjny-korad-ka3005d-30v-5a\/#primaryimage"},"thumbnailUrl":"https:\/\/chiptuningmarket.com\/wp-content\/uploads\/2024\/08\/Zasilacz-laboratoryjny-KORAD-KA3005D-30V-5A.jpg","datePublished":"2024-08-09T07:38:59+00:00","dateModified":"2025-10-27T10:28:05+00:00","description":"Zasilacz laboratoryjny\u00a0 KA3005D to stabilizowany zasilacz z programowaln\u0105 pami\u0119ci\u0105 i p\u0142ynn\u0105 regulacj\u0105 napi\u0119cia w zakresie od 0 do 30V oraz p\u0142ynn\u0105 regulacj\u0105 pr\u0105du w zakresie od 0-5A. \u00a0","breadcrumb":{"@id":"https:\/\/chiptuningmarket.com\/pl\/shop\/elektronika-wyposazenie-pl\/zasilacze\/zasilacze-laboratoryjne\/zasilacz-laboratoryjny-korad-ka3005d-30v-5a\/#breadcrumb"},"inLanguage":"pl-PL","potentialAction":[{"@type":"ReadAction","target":["https:\/\/chiptuningmarket.com\/pl\/shop\/elektronika-wyposazenie-pl\/zasilacze\/zasilacze-laboratoryjne\/zasilacz-laboratoryjny-korad-ka3005d-30v-5a\/"]}]},{"@type":"ImageObject","inLanguage":"pl-PL","@id":"https:\/\/chiptuningmarket.com\/pl\/shop\/elektronika-wyposazenie-pl\/zasilacze\/zasilacze-laboratoryjne\/zasilacz-laboratoryjny-korad-ka3005d-30v-5a\/#primaryimage","url":"https:\/\/chiptuningmarket.com\/wp-content\/uploads\/2024\/08\/Zasilacz-laboratoryjny-KORAD-KA3005D-30V-5A.jpg","contentUrl":"https:\/\/chiptuningmarket.com\/wp-content\/uploads\/2024\/08\/Zasilacz-laboratoryjny-KORAD-KA3005D-30V-5A.jpg","width":1016,"height":759,"caption":"Zasilacz laboratoryjny KORAD KA3005D 30V 5A"},{"@type":"BreadcrumbList","@id":"https:\/\/chiptuningmarket.com\/pl\/shop\/elektronika-wyposazenie-pl\/zasilacze\/zasilacze-laboratoryjne\/zasilacz-laboratoryjny-korad-ka3005d-30v-5a\/#breadcrumb","itemListElement":[{"@type":"ListItem","position":1,"name":"Home","item":"https:\/\/chiptuningmarket.com\/pl\/"},{"@type":"ListItem","position":2,"name":"Sklep","item":"https:\/\/chiptuningmarket.com\/pl\/shop\/"},{"@type":"ListItem","position":3,"name":"Zasilacz laboratoryjny KORAD KA3005D 30V 5A"}]},{"@type":"WebSite","@id":"https:\/\/chiptuningmarket.com\/ru\/#website","url":"https:\/\/chiptuningmarket.com\/ru\/","name":"Chiptuningmarket","description":"Biggest chiptuning shop in Europe","publisher":{"@id":"https:\/\/chiptuningmarket.com\/ru\/#organization"},"alternateName":"Worldwide ecu tools supplier","potentialAction":[{"@type":"SearchAction","target":{"@type":"EntryPoint","urlTemplate":"https:\/\/chiptuningmarket.com\/ru\/?s={search_term_string}"},"query-input":{"@type":"PropertyValueSpecification","valueRequired":true,"valueName":"search_term_string"}}],"inLanguage":"pl-PL"},{"@type":"Organization","@id":"https:\/\/chiptuningmarket.com\/ru\/#organization","name":"Chiptuningmarket","alternateName":"Chiptuning tools supplier","url":"https:\/\/chiptuningmarket.com\/ru\/","logo":{"@type":"ImageObject","inLanguage":"pl-PL","@id":"https:\/\/chiptuningmarket.com\/ru\/#\/schema\/logo\/image\/","url":"https:\/\/chiptuningmarket.com\/wp-content\/uploads\/2023\/05\/logo-ChipTuningMarket-social.png","contentUrl":"https:\/\/chiptuningmarket.com\/wp-content\/uploads\/2023\/05\/logo-ChipTuningMarket-social.png","width":512,"height":512,"caption":"Chiptuningmarket"},"image":{"@id":"https:\/\/chiptuningmarket.com\/ru\/#\/schema\/logo\/image\/"}}]}},"_links":{"self":[{"href":"https:\/\/chiptuningmarket.com\/pl\/wp-json\/wp\/v2\/product\/31905","targetHints":{"allow":["GET"]}}],"collection":[{"href":"https:\/\/chiptuningmarket.com\/pl\/wp-json\/wp\/v2\/product"}],"about":[{"href":"https:\/\/chiptuningmarket.com\/pl\/wp-json\/wp\/v2\/types\/product"}],"wp:featuredmedia":[{"embeddable":true,"href":"https:\/\/chiptuningmarket.com\/pl\/wp-json\/wp\/v2\/media\/31906"}],"wp:attachment":[{"href":"https:\/\/chiptuningmarket.com\/pl\/wp-json\/wp\/v2\/media?parent=31905"}],"wp:term":[{"taxonomy":"product_brand","embeddable":true,"href":"https:\/\/chiptuningmarket.com\/pl\/wp-json\/wp\/v2\/product_brand?post=31905"},{"taxonomy":"product_cat","embeddable":true,"href":"https:\/\/chiptuningmarket.com\/pl\/wp-json\/wp\/v2\/product_cat?post=31905"},{"taxonomy":"product_tag","embeddable":true,"href":"https:\/\/chiptuningmarket.com\/pl\/wp-json\/wp\/v2\/product_tag?post=31905"}],"curies":[{"name":"wp","href":"https:\/\/api.w.org\/{rel}","templated":true}]}}