{"id":32208,"date":"2024-09-06T08:13:55","date_gmt":"2024-09-06T08:13:55","guid":{"rendered":"https:\/\/chiptuningmarket.com\/?post_type=product&#038;p=32208"},"modified":"2025-02-12T11:13:16","modified_gmt":"2025-02-12T10:13:16","slug":"przewod-bflash-secure-gateway-bypass","status":"publish","type":"product","link":"https:\/\/chiptuningmarket.com\/pl\/shop\/akcesoria-chiptuning-pl\/przewody-adaptery-uniwersalne-pl\/przewod-bflash-secure-gateway-bypass\/","title":{"rendered":"Przew\u00f3d bFlash Secure Gateway Bypass"},"content":{"rendered":"<p>Przew\u00f3d bFlash Secure Gateway Bypass<br \/>\nPrzew\u00f3d umo\u017cliwia omini\u0119cie bezpiecznej bramki w pojazdach Renault\/Nissan\/Dacia.<br \/>\nWymagane dla Hitachi BED50x, Continental EMS3141\/EMS3161.<\/p>\n<footer class=\"px-4 md:px-8 text-md pb-12 pt-24 bg-dark-blue text-light-gray section-clip-convex lg:mt-[-3vw] relative z-20\">\n<div class=\"relative max-w-lg mx-auto lg:flex lg:flex-wrap lg:justify-between\"><\/div>\n<\/footer>\n<p>&nbsp;<\/p>\n","protected":false},"excerpt":{"rendered":"<p>Przew\u00f3d bFlash Secure Gateway Bypass<br \/>\nPrzew\u00f3d umo\u017cliwia omini\u0119cie bezpiecznej bramki w pojazdach Renault\/Nissan\/Dacia.<br \/>\nWymagane dla Hitachi BED50x, Continental EMS3141\/EMS3161.<\/p>\n<footer class=\"px-4 md:px-8 text-md pb-12 pt-24 bg-dark-blue text-light-gray section-clip-convex lg:mt-[-3vw] relative z-20\">\n<div class=\"relative max-w-lg mx-auto lg:flex lg:flex-wrap lg:justify-between\"><\/div>\n<\/footer>\n<p>&nbsp;<\/p>\n","protected":false},"featured_media":32209,"template":"","meta":{"_monsterinsights_skip_tracking":false,"_monsterinsights_sitenote_active":false,"_monsterinsights_sitenote_note":"","_monsterinsights_sitenote_category":0},"product_brand":[],"product_cat":[5060,5083],"product_tag":[5799,5801,6139,5713,5717],"class_list":{"0":"post-32208","1":"product","2":"type-product","3":"status-publish","4":"has-post-thumbnail","6":"product_cat-akcesoria-chiptuning-pl","7":"product_cat-przewody-adaptery-uniwersalne-pl","8":"product_tag-ems3141","9":"product_tag-ems3161","10":"product_tag-hitachi-bed50x","11":"product_tag-przewod-bflash","12":"product_tag-secure-gateway-bypass","14":"first","15":"instock","16":"taxable","17":"shipping-taxable","18":"purchasable","19":"product-type-simple"},"yoast_head":"<!-- This site is optimized with the Yoast SEO plugin v25.2 - https:\/\/yoast.com\/wordpress\/plugins\/seo\/ -->\n<title>Przew\u00f3d bFlash Secure Gateway Bypass - Chiptuningmarket<\/title>\n<meta name=\"description\" content=\"Przew\u00f3d umo\u017cliwia omini\u0119cie bezpiecznej bramki w pojazdach Renault\/Nissan\/Dacia. - Wymagane dla Hitachi BED50x, Continental EMS3141\/EMS3161.\" \/>\n<meta name=\"robots\" content=\"index, follow, max-snippet:-1, max-image-preview:large, max-video-preview:-1\" \/>\n<link rel=\"canonical\" href=\"https:\/\/chiptuningmarket.com\/pl\/shop\/akcesoria-chiptuning-pl\/przewody-adaptery-uniwersalne-pl\/przewod-bflash-secure-gateway-bypass\/\" \/>\n<meta property=\"og:locale\" content=\"pl_PL\" \/>\n<meta property=\"og:type\" content=\"article\" \/>\n<meta property=\"og:title\" content=\"Przew\u00f3d bFlash Secure Gateway Bypass - Chiptuningmarket\" \/>\n<meta property=\"og:description\" content=\"Przew\u00f3d umo\u017cliwia omini\u0119cie bezpiecznej bramki w pojazdach Renault\/Nissan\/Dacia. - Wymagane dla Hitachi BED50x, Continental EMS3141\/EMS3161.\" \/>\n<meta property=\"og:url\" content=\"https:\/\/chiptuningmarket.com\/pl\/shop\/akcesoria-chiptuning-pl\/przewody-adaptery-uniwersalne-pl\/przewod-bflash-secure-gateway-bypass\/\" \/>\n<meta property=\"og:site_name\" content=\"Chiptuningmarket\" \/>\n<meta property=\"article:modified_time\" content=\"2025-02-12T10:13:16+00:00\" \/>\n<meta property=\"og:image\" content=\"https:\/\/chiptuningmarket.com\/wp-content\/uploads\/2024\/09\/bFlash-przewod-secure-gateway-Bypass.jpg\" \/>\n\t<meta property=\"og:image:width\" content=\"509\" \/>\n\t<meta property=\"og:image:height\" content=\"391\" \/>\n\t<meta property=\"og:image:type\" content=\"image\/jpeg\" \/>\n<meta name=\"twitter:card\" content=\"summary_large_image\" \/>\n<meta name=\"twitter:label1\" content=\"Szacowany czas czytania\" \/>\n\t<meta name=\"twitter:data1\" content=\"1 minuta\" \/>\n<script type=\"application\/ld+json\" class=\"yoast-schema-graph\">{\"@context\":\"https:\/\/schema.org\",\"@graph\":[{\"@type\":\"WebPage\",\"@id\":\"https:\/\/chiptuningmarket.com\/pl\/shop\/akcesoria-chiptuning-pl\/przewody-adaptery-uniwersalne-pl\/przewod-bflash-secure-gateway-bypass\/\",\"url\":\"https:\/\/chiptuningmarket.com\/pl\/shop\/akcesoria-chiptuning-pl\/przewody-adaptery-uniwersalne-pl\/przewod-bflash-secure-gateway-bypass\/\",\"name\":\"Przew\u00f3d bFlash Secure Gateway Bypass - Chiptuningmarket\",\"isPartOf\":{\"@id\":\"https:\/\/chiptuningmarket.com\/ru\/#website\"},\"primaryImageOfPage\":{\"@id\":\"https:\/\/chiptuningmarket.com\/pl\/shop\/akcesoria-chiptuning-pl\/przewody-adaptery-uniwersalne-pl\/przewod-bflash-secure-gateway-bypass\/#primaryimage\"},\"image\":{\"@id\":\"https:\/\/chiptuningmarket.com\/pl\/shop\/akcesoria-chiptuning-pl\/przewody-adaptery-uniwersalne-pl\/przewod-bflash-secure-gateway-bypass\/#primaryimage\"},\"thumbnailUrl\":\"https:\/\/chiptuningmarket.com\/wp-content\/uploads\/2024\/09\/bFlash-przewod-secure-gateway-Bypass.jpg\",\"datePublished\":\"2024-09-06T08:13:55+00:00\",\"dateModified\":\"2025-02-12T10:13:16+00:00\",\"description\":\"Przew\u00f3d umo\u017cliwia omini\u0119cie bezpiecznej bramki w pojazdach Renault\/Nissan\/Dacia. - Wymagane dla Hitachi BED50x, Continental EMS3141\/EMS3161.\",\"breadcrumb\":{\"@id\":\"https:\/\/chiptuningmarket.com\/pl\/shop\/akcesoria-chiptuning-pl\/przewody-adaptery-uniwersalne-pl\/przewod-bflash-secure-gateway-bypass\/#breadcrumb\"},\"inLanguage\":\"pl-PL\",\"potentialAction\":[{\"@type\":\"ReadAction\",\"target\":[\"https:\/\/chiptuningmarket.com\/pl\/shop\/akcesoria-chiptuning-pl\/przewody-adaptery-uniwersalne-pl\/przewod-bflash-secure-gateway-bypass\/\"]}]},{\"@type\":\"ImageObject\",\"inLanguage\":\"pl-PL\",\"@id\":\"https:\/\/chiptuningmarket.com\/pl\/shop\/akcesoria-chiptuning-pl\/przewody-adaptery-uniwersalne-pl\/przewod-bflash-secure-gateway-bypass\/#primaryimage\",\"url\":\"https:\/\/chiptuningmarket.com\/wp-content\/uploads\/2024\/09\/bFlash-przewod-secure-gateway-Bypass.jpg\",\"contentUrl\":\"https:\/\/chiptuningmarket.com\/wp-content\/uploads\/2024\/09\/bFlash-przewod-secure-gateway-Bypass.jpg\",\"width\":509,\"height\":391,\"caption\":\"Przew\u00f3d bFlash Secure Gateway Bypass\"},{\"@type\":\"BreadcrumbList\",\"@id\":\"https:\/\/chiptuningmarket.com\/pl\/shop\/akcesoria-chiptuning-pl\/przewody-adaptery-uniwersalne-pl\/przewod-bflash-secure-gateway-bypass\/#breadcrumb\",\"itemListElement\":[{\"@type\":\"ListItem\",\"position\":1,\"name\":\"Home\",\"item\":\"https:\/\/chiptuningmarket.com\/pl\/\"},{\"@type\":\"ListItem\",\"position\":2,\"name\":\"Sklep\",\"item\":\"https:\/\/chiptuningmarket.com\/pl\/shop\/\"},{\"@type\":\"ListItem\",\"position\":3,\"name\":\"Przew\u00f3d bFlash Secure Gateway Bypass\"}]},{\"@type\":\"WebSite\",\"@id\":\"https:\/\/chiptuningmarket.com\/ru\/#website\",\"url\":\"https:\/\/chiptuningmarket.com\/ru\/\",\"name\":\"Chiptuningmarket\",\"description\":\"Biggest chiptuning shop in Europe\",\"publisher\":{\"@id\":\"https:\/\/chiptuningmarket.com\/ru\/#organization\"},\"alternateName\":\"Worldwide ecu tools supplier\",\"potentialAction\":[{\"@type\":\"SearchAction\",\"target\":{\"@type\":\"EntryPoint\",\"urlTemplate\":\"https:\/\/chiptuningmarket.com\/ru\/?s={search_term_string}\"},\"query-input\":{\"@type\":\"PropertyValueSpecification\",\"valueRequired\":true,\"valueName\":\"search_term_string\"}}],\"inLanguage\":\"pl-PL\"},{\"@type\":\"Organization\",\"@id\":\"https:\/\/chiptuningmarket.com\/ru\/#organization\",\"name\":\"Chiptuningmarket\",\"alternateName\":\"Chiptuning tools supplier\",\"url\":\"https:\/\/chiptuningmarket.com\/ru\/\",\"logo\":{\"@type\":\"ImageObject\",\"inLanguage\":\"pl-PL\",\"@id\":\"https:\/\/chiptuningmarket.com\/ru\/#\/schema\/logo\/image\/\",\"url\":\"https:\/\/chiptuningmarket.com\/wp-content\/uploads\/2023\/05\/logo-ChipTuningMarket-social.png\",\"contentUrl\":\"https:\/\/chiptuningmarket.com\/wp-content\/uploads\/2023\/05\/logo-ChipTuningMarket-social.png\",\"width\":512,\"height\":512,\"caption\":\"Chiptuningmarket\"},\"image\":{\"@id\":\"https:\/\/chiptuningmarket.com\/ru\/#\/schema\/logo\/image\/\"}}]}<\/script>\n<!-- \/ Yoast SEO plugin. -->","yoast_head_json":{"title":"Przew\u00f3d bFlash Secure Gateway Bypass - Chiptuningmarket","description":"Przew\u00f3d umo\u017cliwia omini\u0119cie bezpiecznej bramki w pojazdach Renault\/Nissan\/Dacia. - Wymagane dla Hitachi BED50x, Continental EMS3141\/EMS3161.","robots":{"index":"index","follow":"follow","max-snippet":"max-snippet:-1","max-image-preview":"max-image-preview:large","max-video-preview":"max-video-preview:-1"},"canonical":"https:\/\/chiptuningmarket.com\/pl\/shop\/akcesoria-chiptuning-pl\/przewody-adaptery-uniwersalne-pl\/przewod-bflash-secure-gateway-bypass\/","og_locale":"pl_PL","og_type":"article","og_title":"Przew\u00f3d bFlash Secure Gateway Bypass - Chiptuningmarket","og_description":"Przew\u00f3d umo\u017cliwia omini\u0119cie bezpiecznej bramki w pojazdach Renault\/Nissan\/Dacia. - Wymagane dla Hitachi BED50x, Continental EMS3141\/EMS3161.","og_url":"https:\/\/chiptuningmarket.com\/pl\/shop\/akcesoria-chiptuning-pl\/przewody-adaptery-uniwersalne-pl\/przewod-bflash-secure-gateway-bypass\/","og_site_name":"Chiptuningmarket","article_modified_time":"2025-02-12T10:13:16+00:00","og_image":[{"width":509,"height":391,"url":"https:\/\/chiptuningmarket.com\/wp-content\/uploads\/2024\/09\/bFlash-przewod-secure-gateway-Bypass.jpg","type":"image\/jpeg"}],"twitter_card":"summary_large_image","twitter_misc":{"Szacowany czas czytania":"1 minuta"},"schema":{"@context":"https:\/\/schema.org","@graph":[{"@type":"WebPage","@id":"https:\/\/chiptuningmarket.com\/pl\/shop\/akcesoria-chiptuning-pl\/przewody-adaptery-uniwersalne-pl\/przewod-bflash-secure-gateway-bypass\/","url":"https:\/\/chiptuningmarket.com\/pl\/shop\/akcesoria-chiptuning-pl\/przewody-adaptery-uniwersalne-pl\/przewod-bflash-secure-gateway-bypass\/","name":"Przew\u00f3d bFlash Secure Gateway Bypass - Chiptuningmarket","isPartOf":{"@id":"https:\/\/chiptuningmarket.com\/ru\/#website"},"primaryImageOfPage":{"@id":"https:\/\/chiptuningmarket.com\/pl\/shop\/akcesoria-chiptuning-pl\/przewody-adaptery-uniwersalne-pl\/przewod-bflash-secure-gateway-bypass\/#primaryimage"},"image":{"@id":"https:\/\/chiptuningmarket.com\/pl\/shop\/akcesoria-chiptuning-pl\/przewody-adaptery-uniwersalne-pl\/przewod-bflash-secure-gateway-bypass\/#primaryimage"},"thumbnailUrl":"https:\/\/chiptuningmarket.com\/wp-content\/uploads\/2024\/09\/bFlash-przewod-secure-gateway-Bypass.jpg","datePublished":"2024-09-06T08:13:55+00:00","dateModified":"2025-02-12T10:13:16+00:00","description":"Przew\u00f3d umo\u017cliwia omini\u0119cie bezpiecznej bramki w pojazdach Renault\/Nissan\/Dacia. - Wymagane dla Hitachi BED50x, Continental EMS3141\/EMS3161.","breadcrumb":{"@id":"https:\/\/chiptuningmarket.com\/pl\/shop\/akcesoria-chiptuning-pl\/przewody-adaptery-uniwersalne-pl\/przewod-bflash-secure-gateway-bypass\/#breadcrumb"},"inLanguage":"pl-PL","potentialAction":[{"@type":"ReadAction","target":["https:\/\/chiptuningmarket.com\/pl\/shop\/akcesoria-chiptuning-pl\/przewody-adaptery-uniwersalne-pl\/przewod-bflash-secure-gateway-bypass\/"]}]},{"@type":"ImageObject","inLanguage":"pl-PL","@id":"https:\/\/chiptuningmarket.com\/pl\/shop\/akcesoria-chiptuning-pl\/przewody-adaptery-uniwersalne-pl\/przewod-bflash-secure-gateway-bypass\/#primaryimage","url":"https:\/\/chiptuningmarket.com\/wp-content\/uploads\/2024\/09\/bFlash-przewod-secure-gateway-Bypass.jpg","contentUrl":"https:\/\/chiptuningmarket.com\/wp-content\/uploads\/2024\/09\/bFlash-przewod-secure-gateway-Bypass.jpg","width":509,"height":391,"caption":"Przew\u00f3d bFlash Secure Gateway Bypass"},{"@type":"BreadcrumbList","@id":"https:\/\/chiptuningmarket.com\/pl\/shop\/akcesoria-chiptuning-pl\/przewody-adaptery-uniwersalne-pl\/przewod-bflash-secure-gateway-bypass\/#breadcrumb","itemListElement":[{"@type":"ListItem","position":1,"name":"Home","item":"https:\/\/chiptuningmarket.com\/pl\/"},{"@type":"ListItem","position":2,"name":"Sklep","item":"https:\/\/chiptuningmarket.com\/pl\/shop\/"},{"@type":"ListItem","position":3,"name":"Przew\u00f3d bFlash Secure Gateway Bypass"}]},{"@type":"WebSite","@id":"https:\/\/chiptuningmarket.com\/ru\/#website","url":"https:\/\/chiptuningmarket.com\/ru\/","name":"Chiptuningmarket","description":"Biggest chiptuning shop in Europe","publisher":{"@id":"https:\/\/chiptuningmarket.com\/ru\/#organization"},"alternateName":"Worldwide ecu tools supplier","potentialAction":[{"@type":"SearchAction","target":{"@type":"EntryPoint","urlTemplate":"https:\/\/chiptuningmarket.com\/ru\/?s={search_term_string}"},"query-input":{"@type":"PropertyValueSpecification","valueRequired":true,"valueName":"search_term_string"}}],"inLanguage":"pl-PL"},{"@type":"Organization","@id":"https:\/\/chiptuningmarket.com\/ru\/#organization","name":"Chiptuningmarket","alternateName":"Chiptuning tools supplier","url":"https:\/\/chiptuningmarket.com\/ru\/","logo":{"@type":"ImageObject","inLanguage":"pl-PL","@id":"https:\/\/chiptuningmarket.com\/ru\/#\/schema\/logo\/image\/","url":"https:\/\/chiptuningmarket.com\/wp-content\/uploads\/2023\/05\/logo-ChipTuningMarket-social.png","contentUrl":"https:\/\/chiptuningmarket.com\/wp-content\/uploads\/2023\/05\/logo-ChipTuningMarket-social.png","width":512,"height":512,"caption":"Chiptuningmarket"},"image":{"@id":"https:\/\/chiptuningmarket.com\/ru\/#\/schema\/logo\/image\/"}}]}},"_links":{"self":[{"href":"https:\/\/chiptuningmarket.com\/pl\/wp-json\/wp\/v2\/product\/32208","targetHints":{"allow":["GET"]}}],"collection":[{"href":"https:\/\/chiptuningmarket.com\/pl\/wp-json\/wp\/v2\/product"}],"about":[{"href":"https:\/\/chiptuningmarket.com\/pl\/wp-json\/wp\/v2\/types\/product"}],"wp:featuredmedia":[{"embeddable":true,"href":"https:\/\/chiptuningmarket.com\/pl\/wp-json\/wp\/v2\/media\/32209"}],"wp:attachment":[{"href":"https:\/\/chiptuningmarket.com\/pl\/wp-json\/wp\/v2\/media?parent=32208"}],"wp:term":[{"taxonomy":"product_brand","embeddable":true,"href":"https:\/\/chiptuningmarket.com\/pl\/wp-json\/wp\/v2\/product_brand?post=32208"},{"taxonomy":"product_cat","embeddable":true,"href":"https:\/\/chiptuningmarket.com\/pl\/wp-json\/wp\/v2\/product_cat?post=32208"},{"taxonomy":"product_tag","embeddable":true,"href":"https:\/\/chiptuningmarket.com\/pl\/wp-json\/wp\/v2\/product_tag?post=32208"}],"curies":[{"name":"wp","href":"https:\/\/api.w.org\/{rel}","templated":true}]}}