{"id":32384,"date":"2024-09-30T09:49:30","date_gmt":"2024-09-30T09:49:30","guid":{"rendered":"https:\/\/chiptuningmarket.com\/?post_type=product&#038;p=32384"},"modified":"2024-09-30T09:56:09","modified_gmt":"2024-09-30T09:56:09","slug":"macaca-programator-mac-mpc-spc","status":"publish","type":"product","link":"https:\/\/chiptuningmarket.com\/pl\/shop\/programatory-pl\/programatory-uniwersalne-pl\/macaca-programator-mac-mpc-spc\/","title":{"rendered":"MACACA Programator Mac Mpc Spc"},"content":{"rendered":"<h1 class=\"h1 page-title\" style=\"text-align: center\">MACACA Programator Mac Mpc Spc<\/h1>\n<div class=\"item item-6\">\n<p>MAC\/MPC\/SPC firmy Autokey jest przeznaczony do pracy z 3-bitowymi wbudowanymi mikrokontrolerami 5\u0445\u0445\u0445 i 7\u0445\u0445\u0445 firmy Freescale Semiconductor. Procesory te s\u0105 stosowane w nowoczesnych jednostkach steruj\u0105cych AirBag w pojazdach FORD, KIA, CHEVROLET, HONDA, a tak\u017ce w sterownikach ECU pojazd\u00f3w MERCEDES, CHEVROLET, FORD itp. Istnieje bezp\u0142atny dodatek do oprogramowania dla procesor\u00f3w Infeneon XCxxx.<br \/>\nNarz\u0119dzie programistyczne jest wykonane przy u\u017cyciu nowoczesnych technologii i ma lekk\u0105, kompaktow\u0105 obudow\u0119 wyposa\u017con\u0105 w port USB do pod\u0142\u0105czenia do komputera. G\u0142\u00f3wna pami\u0119\u0107 Flash i jednostki SHADOW obs\u0142ugiwanych procesor\u00f3w s\u0105 odczytywane, usuwane i zapisywane oddzielnie. Napi\u0119cie sygna\u0142u JTAG jest wybierane automatycznie mi\u0119dzy 3 V a 5 V podczas wybierania procesora. Zasilanie 5 V (ograniczenie pr\u0105du portu USB wynosi 500 mA) jest dostarczane do z\u0142\u0105cza zewn\u0119trznego w celu zasilania jednostki AirBag. Zasilanie jest wy\u0142\u0105czane automatycznie po ka\u017cdej procedurze. W przypadku procesor\u00f3w z JTAG 3V konieczne jest oddzielne zasilanie jednostki.<\/p>\n<p>Programator obs\u0142uguje procesory Freescale, takie jak :<\/p>\n<ul>\n<li>MPC 5510<\/li>\n<li>MPC 5554<\/li>\n<li>MPC5565<\/li>\n<li>MPC5566<\/li>\n<li>MPC\/SPC 5602<\/li>\n<li>MPC\/SPC 5603<\/li>\n<li>MPC\/SPC 5604<\/li>\n<li>MPC\/SPC 5605<\/li>\n<li>MPC\/SPC 5606<\/li>\n<li>MPC\/SPC 5607<\/li>\n<li>MPC5668<\/li>\n<li>SPC560B4<\/li>\n<li>SPC560C4<\/li>\n<li>SPC560P44<\/li>\n<li>SPC560P50<\/li>\n<li>MAC7241<\/li>\n<li>MAC7242<\/li>\n<\/ul>\n<\/div>\n<div class=\"item item-6\"><\/div>\n<div class=\"item item-6\">\n<p>&nbsp;<\/p>\n<p>Ponadto mo\u017cliwe jest pobranie (za darmo) dodatku programowego do obs\u0142ugi procesor\u00f3w Infeneon:<\/p>\n<ul>\n<li>XC2060N\u00a0\u2014 40 \u00b0F<\/li>\n<li>XC2336B\u00a0\u2014 24 \u00b0F, 40 \u00b0F<\/li>\n<li>XC2361A, XC2363A, XC2364A, XC2365A\u00a0\u2014 56 \u00b0F, 72 \u00b0F, 104 \u00b0F<\/li>\n<li>XC2361B, XC2363B, XC2364B, XC2365B\u00a0\u2014 24 \u00b0F, 40 \u00b0F<\/li>\n<li>XC2361E, XC2363E, XC2364E, XC2365E\u00a0\u2014 72 \u00b0F, 104 \u00b0F, 136 \u00b0F<\/li>\n<\/ul>\n<p>&nbsp;<\/p>\n<p><strong>Oprogramowanie do pobrania <\/strong>(has\u0142o &#8222;autokey&#8221;):<\/p>\n<ul>\n<li><a href=\"https:\/\/ms-group.pl\/wp-content\/uploads\/2024\/09\/STM32-virtual-comport-driver.rar\">STM32 virtual comport driver<\/a><\/li>\n<li><a href=\"https:\/\/ms-group.pl\/wp-content\/uploads\/2024\/09\/Divers-and-Device-installation-pdf-.rar\">Divers and Device installation<\/a><\/li>\n<li><a href=\"https:\/\/ms-group.pl\/wp-content\/uploads\/2024\/09\/Mpc-SoftWare-1.15-_f_1.30-.rar\">Mpc SoftWare 1.15 _f_1.30<\/a><\/li>\n<li><a href=\"https:\/\/ms-group.pl\/wp-content\/uploads\/2024\/09\/MACACA-and-MCU-RESET-pdf-.rar\">MACACA and MCU RESET<\/a><\/li>\n<\/ul>\n<\/div>\n<p style=\"text-align: center\">\n","protected":false},"excerpt":{"rendered":"<p>Programator umo\u017cliwia prac\u0119 z 3-bitow\u0105 pami\u0119ci\u0105 wbudowan\u0105 w mikrokontrolery 5xxx i 7xxx firmy Freescale Semiconductor.<\/p>\n<p><strong>Za pomoc\u0105 programatora b\u0119dzie mo\u017cna zaprogramowa\u0107 :<\/strong><\/p>\n<ul>\n<li>Modu\u0142y AIRBAG w samochodach marek FORD, KIA, CHEVROLET, HONDA<\/li>\n<li>ECU w samochodach marek MERCEDES, CHEVROLET, FORD<\/li>\n<li>ECU samochod\u00f3w ci\u0119\u017carowych<\/li>\n<\/ul>\n","protected":false},"featured_media":32385,"template":"","meta":{"_monsterinsights_skip_tracking":false,"_monsterinsights_sitenote_active":false,"_monsterinsights_sitenote_note":"","_monsterinsights_sitenote_category":0},"product_brand":[],"product_cat":[5064,5203,5206,5065],"product_tag":[5745,5746],"class_list":{"0":"post-32384","1":"product","2":"type-product","3":"status-publish","4":"has-post-thumbnail","6":"product_cat-programatory-pl","7":"product_cat-chiptuning-programatory-2-pl","8":"product_cat-srs-pl","9":"product_cat-programatory-uniwersalne-pl","10":"product_tag-macaca","11":"product_tag-programator-mac-mpc-spc","13":"first","14":"outofstock","15":"taxable","16":"shipping-taxable","17":"purchasable","18":"product-type-simple"},"yoast_head":"<!-- This site is optimized with the Yoast SEO plugin v25.2 - https:\/\/yoast.com\/wordpress\/plugins\/seo\/ -->\n<title>MACACA Programator Mac Mpc Spc - Chiptuningmarket<\/title>\n<meta name=\"description\" content=\"Programator umo\u017cliwia prac\u0119 z 3-bitow\u0105 pami\u0119ci\u0105 wbudowan\u0105 w mikrokontrolerach 5xxx i 7xxx Freescale Semiconductor.\u00a0\" \/>\n<meta name=\"robots\" content=\"index, follow, max-snippet:-1, max-image-preview:large, max-video-preview:-1\" \/>\n<link rel=\"canonical\" href=\"https:\/\/chiptuningmarket.com\/pl\/shop\/programatory-pl\/programatory-uniwersalne-pl\/macaca-programator-mac-mpc-spc\/\" \/>\n<meta property=\"og:locale\" content=\"pl_PL\" \/>\n<meta property=\"og:type\" content=\"article\" \/>\n<meta property=\"og:title\" content=\"MACACA Programator Mac Mpc Spc - Chiptuningmarket\" \/>\n<meta property=\"og:description\" content=\"Programator umo\u017cliwia prac\u0119 z 3-bitow\u0105 pami\u0119ci\u0105 wbudowan\u0105 w mikrokontrolerach 5xxx i 7xxx Freescale Semiconductor.\u00a0\" \/>\n<meta property=\"og:url\" content=\"https:\/\/chiptuningmarket.com\/pl\/shop\/programatory-pl\/programatory-uniwersalne-pl\/macaca-programator-mac-mpc-spc\/\" \/>\n<meta property=\"og:site_name\" content=\"Chiptuningmarket\" \/>\n<meta property=\"article:modified_time\" content=\"2024-09-30T09:56:09+00:00\" \/>\n<meta property=\"og:image\" content=\"https:\/\/chiptuningmarket.com\/wp-content\/uploads\/2024\/09\/u7zEtorkoUMM2QmkjbXVqaHCWF8QmzlB.jpg\" \/>\n\t<meta property=\"og:image:width\" content=\"500\" \/>\n\t<meta property=\"og:image:height\" content=\"479\" \/>\n\t<meta property=\"og:image:type\" content=\"image\/jpeg\" \/>\n<meta name=\"twitter:card\" content=\"summary_large_image\" \/>\n<meta name=\"twitter:label1\" content=\"Szacowany czas czytania\" \/>\n\t<meta name=\"twitter:data1\" content=\"1 minuta\" \/>\n<script type=\"application\/ld+json\" class=\"yoast-schema-graph\">{\"@context\":\"https:\/\/schema.org\",\"@graph\":[{\"@type\":\"WebPage\",\"@id\":\"https:\/\/chiptuningmarket.com\/pl\/shop\/programatory-pl\/programatory-uniwersalne-pl\/macaca-programator-mac-mpc-spc\/\",\"url\":\"https:\/\/chiptuningmarket.com\/pl\/shop\/programatory-pl\/programatory-uniwersalne-pl\/macaca-programator-mac-mpc-spc\/\",\"name\":\"MACACA Programator Mac Mpc Spc - Chiptuningmarket\",\"isPartOf\":{\"@id\":\"https:\/\/chiptuningmarket.com\/pl\/#website\"},\"primaryImageOfPage\":{\"@id\":\"https:\/\/chiptuningmarket.com\/pl\/shop\/programatory-pl\/programatory-uniwersalne-pl\/macaca-programator-mac-mpc-spc\/#primaryimage\"},\"image\":{\"@id\":\"https:\/\/chiptuningmarket.com\/pl\/shop\/programatory-pl\/programatory-uniwersalne-pl\/macaca-programator-mac-mpc-spc\/#primaryimage\"},\"thumbnailUrl\":\"https:\/\/chiptuningmarket.com\/wp-content\/uploads\/2024\/09\/u7zEtorkoUMM2QmkjbXVqaHCWF8QmzlB.jpg\",\"datePublished\":\"2024-09-30T09:49:30+00:00\",\"dateModified\":\"2024-09-30T09:56:09+00:00\",\"description\":\"Programator umo\u017cliwia prac\u0119 z 3-bitow\u0105 pami\u0119ci\u0105 wbudowan\u0105 w mikrokontrolerach 5xxx i 7xxx Freescale Semiconductor.\u00a0\",\"breadcrumb\":{\"@id\":\"https:\/\/chiptuningmarket.com\/pl\/shop\/programatory-pl\/programatory-uniwersalne-pl\/macaca-programator-mac-mpc-spc\/#breadcrumb\"},\"inLanguage\":\"pl-PL\",\"potentialAction\":[{\"@type\":\"ReadAction\",\"target\":[\"https:\/\/chiptuningmarket.com\/pl\/shop\/programatory-pl\/programatory-uniwersalne-pl\/macaca-programator-mac-mpc-spc\/\"]}]},{\"@type\":\"ImageObject\",\"inLanguage\":\"pl-PL\",\"@id\":\"https:\/\/chiptuningmarket.com\/pl\/shop\/programatory-pl\/programatory-uniwersalne-pl\/macaca-programator-mac-mpc-spc\/#primaryimage\",\"url\":\"https:\/\/chiptuningmarket.com\/wp-content\/uploads\/2024\/09\/u7zEtorkoUMM2QmkjbXVqaHCWF8QmzlB.jpg\",\"contentUrl\":\"https:\/\/chiptuningmarket.com\/wp-content\/uploads\/2024\/09\/u7zEtorkoUMM2QmkjbXVqaHCWF8QmzlB.jpg\",\"width\":500,\"height\":479},{\"@type\":\"BreadcrumbList\",\"@id\":\"https:\/\/chiptuningmarket.com\/pl\/shop\/programatory-pl\/programatory-uniwersalne-pl\/macaca-programator-mac-mpc-spc\/#breadcrumb\",\"itemListElement\":[{\"@type\":\"ListItem\",\"position\":1,\"name\":\"Home\",\"item\":\"https:\/\/chiptuningmarket.com\/pl\/\"},{\"@type\":\"ListItem\",\"position\":2,\"name\":\"Sklep\",\"item\":\"https:\/\/chiptuningmarket.com\/pl\/shop\/\"},{\"@type\":\"ListItem\",\"position\":3,\"name\":\"MACACA Programator Mac Mpc Spc\"}]},{\"@type\":\"WebSite\",\"@id\":\"https:\/\/chiptuningmarket.com\/pl\/#website\",\"url\":\"https:\/\/chiptuningmarket.com\/pl\/\",\"name\":\"Chiptuningmarket\",\"description\":\"Biggest chiptuning shop in Europe\",\"publisher\":{\"@id\":\"https:\/\/chiptuningmarket.com\/pl\/#organization\"},\"alternateName\":\"Worldwide ecu tools supplier\",\"potentialAction\":[{\"@type\":\"SearchAction\",\"target\":{\"@type\":\"EntryPoint\",\"urlTemplate\":\"https:\/\/chiptuningmarket.com\/pl\/?s={search_term_string}\"},\"query-input\":{\"@type\":\"PropertyValueSpecification\",\"valueRequired\":true,\"valueName\":\"search_term_string\"}}],\"inLanguage\":\"pl-PL\"},{\"@type\":\"Organization\",\"@id\":\"https:\/\/chiptuningmarket.com\/pl\/#organization\",\"name\":\"Chiptuningmarket\",\"alternateName\":\"Chiptuning tools supplier\",\"url\":\"https:\/\/chiptuningmarket.com\/pl\/\",\"logo\":{\"@type\":\"ImageObject\",\"inLanguage\":\"pl-PL\",\"@id\":\"https:\/\/chiptuningmarket.com\/pl\/#\/schema\/logo\/image\/\",\"url\":\"https:\/\/chiptuningmarket.com\/wp-content\/uploads\/2023\/05\/logo-ChipTuningMarket-social.png\",\"contentUrl\":\"https:\/\/chiptuningmarket.com\/wp-content\/uploads\/2023\/05\/logo-ChipTuningMarket-social.png\",\"width\":512,\"height\":512,\"caption\":\"Chiptuningmarket\"},\"image\":{\"@id\":\"https:\/\/chiptuningmarket.com\/pl\/#\/schema\/logo\/image\/\"}}]}<\/script>\n<!-- \/ Yoast SEO plugin. -->","yoast_head_json":{"title":"MACACA Programator Mac Mpc Spc - Chiptuningmarket","description":"Programator umo\u017cliwia prac\u0119 z 3-bitow\u0105 pami\u0119ci\u0105 wbudowan\u0105 w mikrokontrolerach 5xxx i 7xxx Freescale Semiconductor.\u00a0","robots":{"index":"index","follow":"follow","max-snippet":"max-snippet:-1","max-image-preview":"max-image-preview:large","max-video-preview":"max-video-preview:-1"},"canonical":"https:\/\/chiptuningmarket.com\/pl\/shop\/programatory-pl\/programatory-uniwersalne-pl\/macaca-programator-mac-mpc-spc\/","og_locale":"pl_PL","og_type":"article","og_title":"MACACA Programator Mac Mpc Spc - Chiptuningmarket","og_description":"Programator umo\u017cliwia prac\u0119 z 3-bitow\u0105 pami\u0119ci\u0105 wbudowan\u0105 w mikrokontrolerach 5xxx i 7xxx Freescale Semiconductor.\u00a0","og_url":"https:\/\/chiptuningmarket.com\/pl\/shop\/programatory-pl\/programatory-uniwersalne-pl\/macaca-programator-mac-mpc-spc\/","og_site_name":"Chiptuningmarket","article_modified_time":"2024-09-30T09:56:09+00:00","og_image":[{"width":500,"height":479,"url":"https:\/\/chiptuningmarket.com\/wp-content\/uploads\/2024\/09\/u7zEtorkoUMM2QmkjbXVqaHCWF8QmzlB.jpg","type":"image\/jpeg"}],"twitter_card":"summary_large_image","twitter_misc":{"Szacowany czas czytania":"1 minuta"},"schema":{"@context":"https:\/\/schema.org","@graph":[{"@type":"WebPage","@id":"https:\/\/chiptuningmarket.com\/pl\/shop\/programatory-pl\/programatory-uniwersalne-pl\/macaca-programator-mac-mpc-spc\/","url":"https:\/\/chiptuningmarket.com\/pl\/shop\/programatory-pl\/programatory-uniwersalne-pl\/macaca-programator-mac-mpc-spc\/","name":"MACACA Programator Mac Mpc Spc - Chiptuningmarket","isPartOf":{"@id":"https:\/\/chiptuningmarket.com\/pl\/#website"},"primaryImageOfPage":{"@id":"https:\/\/chiptuningmarket.com\/pl\/shop\/programatory-pl\/programatory-uniwersalne-pl\/macaca-programator-mac-mpc-spc\/#primaryimage"},"image":{"@id":"https:\/\/chiptuningmarket.com\/pl\/shop\/programatory-pl\/programatory-uniwersalne-pl\/macaca-programator-mac-mpc-spc\/#primaryimage"},"thumbnailUrl":"https:\/\/chiptuningmarket.com\/wp-content\/uploads\/2024\/09\/u7zEtorkoUMM2QmkjbXVqaHCWF8QmzlB.jpg","datePublished":"2024-09-30T09:49:30+00:00","dateModified":"2024-09-30T09:56:09+00:00","description":"Programator umo\u017cliwia prac\u0119 z 3-bitow\u0105 pami\u0119ci\u0105 wbudowan\u0105 w mikrokontrolerach 5xxx i 7xxx Freescale Semiconductor.\u00a0","breadcrumb":{"@id":"https:\/\/chiptuningmarket.com\/pl\/shop\/programatory-pl\/programatory-uniwersalne-pl\/macaca-programator-mac-mpc-spc\/#breadcrumb"},"inLanguage":"pl-PL","potentialAction":[{"@type":"ReadAction","target":["https:\/\/chiptuningmarket.com\/pl\/shop\/programatory-pl\/programatory-uniwersalne-pl\/macaca-programator-mac-mpc-spc\/"]}]},{"@type":"ImageObject","inLanguage":"pl-PL","@id":"https:\/\/chiptuningmarket.com\/pl\/shop\/programatory-pl\/programatory-uniwersalne-pl\/macaca-programator-mac-mpc-spc\/#primaryimage","url":"https:\/\/chiptuningmarket.com\/wp-content\/uploads\/2024\/09\/u7zEtorkoUMM2QmkjbXVqaHCWF8QmzlB.jpg","contentUrl":"https:\/\/chiptuningmarket.com\/wp-content\/uploads\/2024\/09\/u7zEtorkoUMM2QmkjbXVqaHCWF8QmzlB.jpg","width":500,"height":479},{"@type":"BreadcrumbList","@id":"https:\/\/chiptuningmarket.com\/pl\/shop\/programatory-pl\/programatory-uniwersalne-pl\/macaca-programator-mac-mpc-spc\/#breadcrumb","itemListElement":[{"@type":"ListItem","position":1,"name":"Home","item":"https:\/\/chiptuningmarket.com\/pl\/"},{"@type":"ListItem","position":2,"name":"Sklep","item":"https:\/\/chiptuningmarket.com\/pl\/shop\/"},{"@type":"ListItem","position":3,"name":"MACACA Programator Mac Mpc Spc"}]},{"@type":"WebSite","@id":"https:\/\/chiptuningmarket.com\/pl\/#website","url":"https:\/\/chiptuningmarket.com\/pl\/","name":"Chiptuningmarket","description":"Biggest chiptuning shop in Europe","publisher":{"@id":"https:\/\/chiptuningmarket.com\/pl\/#organization"},"alternateName":"Worldwide ecu tools supplier","potentialAction":[{"@type":"SearchAction","target":{"@type":"EntryPoint","urlTemplate":"https:\/\/chiptuningmarket.com\/pl\/?s={search_term_string}"},"query-input":{"@type":"PropertyValueSpecification","valueRequired":true,"valueName":"search_term_string"}}],"inLanguage":"pl-PL"},{"@type":"Organization","@id":"https:\/\/chiptuningmarket.com\/pl\/#organization","name":"Chiptuningmarket","alternateName":"Chiptuning tools supplier","url":"https:\/\/chiptuningmarket.com\/pl\/","logo":{"@type":"ImageObject","inLanguage":"pl-PL","@id":"https:\/\/chiptuningmarket.com\/pl\/#\/schema\/logo\/image\/","url":"https:\/\/chiptuningmarket.com\/wp-content\/uploads\/2023\/05\/logo-ChipTuningMarket-social.png","contentUrl":"https:\/\/chiptuningmarket.com\/wp-content\/uploads\/2023\/05\/logo-ChipTuningMarket-social.png","width":512,"height":512,"caption":"Chiptuningmarket"},"image":{"@id":"https:\/\/chiptuningmarket.com\/pl\/#\/schema\/logo\/image\/"}}]}},"_links":{"self":[{"href":"https:\/\/chiptuningmarket.com\/pl\/wp-json\/wp\/v2\/product\/32384","targetHints":{"allow":["GET"]}}],"collection":[{"href":"https:\/\/chiptuningmarket.com\/pl\/wp-json\/wp\/v2\/product"}],"about":[{"href":"https:\/\/chiptuningmarket.com\/pl\/wp-json\/wp\/v2\/types\/product"}],"wp:featuredmedia":[{"embeddable":true,"href":"https:\/\/chiptuningmarket.com\/pl\/wp-json\/wp\/v2\/media\/32385"}],"wp:attachment":[{"href":"https:\/\/chiptuningmarket.com\/pl\/wp-json\/wp\/v2\/media?parent=32384"}],"wp:term":[{"taxonomy":"product_brand","embeddable":true,"href":"https:\/\/chiptuningmarket.com\/pl\/wp-json\/wp\/v2\/product_brand?post=32384"},{"taxonomy":"product_cat","embeddable":true,"href":"https:\/\/chiptuningmarket.com\/pl\/wp-json\/wp\/v2\/product_cat?post=32384"},{"taxonomy":"product_tag","embeddable":true,"href":"https:\/\/chiptuningmarket.com\/pl\/wp-json\/wp\/v2\/product_tag?post=32384"}],"curies":[{"name":"wp","href":"https:\/\/api.w.org\/{rel}","templated":true}]}}