{"id":32471,"date":"2024-10-16T07:28:26","date_gmt":"2024-10-16T07:28:26","guid":{"rendered":"https:\/\/chiptuningmarket.com\/?post_type=product&#038;p=32471"},"modified":"2025-06-30T15:01:31","modified_gmt":"2025-06-30T14:01:31","slug":"przewod-diagnostyczny-carraro-jdc515-9","status":"publish","type":"product","link":"https:\/\/chiptuningmarket.com\/pl\/shop\/akcesoria-chiptuning-pl\/jaltest-akcesoria-chiptuning-pl\/cables-jaltest-akcesoria-chiptuning-pl\/agv-agri-pl\/przewod-diagnostyczny-carraro-jdc515-9\/","title":{"rendered":"Przew\u00f3d diagnostyczny Jaltest CARRARO JDC515.9"},"content":{"rendered":"<p style=\"text-align: center\">Przew\u00f3d diagnostyczny Jaltest CARRARO JDC515.9<\/p>\n<p>Przew\u00f3d akcesoryjny do testera diagnostycznego Jaltest umo\u017cliwiaj\u0105cy pod\u0142\u0105czenie do modu\u0142\u00f3w Carraro w maszynach rolniczych<\/p>\n","protected":false},"excerpt":{"rendered":"<p>PRZEW\u00d3D DIAGNOSTYCZNY CARRARO JDC515.9<\/p>\n<p>Przew\u00f3d akcesoryjny do testera diagnostycznego Jaltest umo\u017cliwiaj\u0105cy pod\u0142\u0105czenie do modu\u0142\u00f3w Carraro w maszynach rolniczych<\/p>\n<p>D\u0142ugo\u015b\u0107 28-30 cm<\/p>\n","protected":false},"featured_media":32472,"template":"","meta":{"_monsterinsights_skip_tracking":false,"_monsterinsights_sitenote_active":false,"_monsterinsights_sitenote_note":"","_monsterinsights_sitenote_category":0},"product_brand":[],"product_cat":[5060,5119,5120,5123],"product_tag":[5748,5749,4579],"class_list":{"0":"post-32471","1":"product","2":"type-product","3":"status-publish","4":"has-post-thumbnail","6":"product_cat-akcesoria-chiptuning-pl","7":"product_cat-jaltest-akcesoria-chiptuning-pl","8":"product_cat-cables-jaltest-akcesoria-chiptuning-pl","9":"product_cat-agv-agri-pl","10":"product_tag-carraro","11":"product_tag-jdc515-9","12":"product_tag-przewod-diagnostyczny","14":"first","15":"instock","16":"taxable","17":"shipping-taxable","18":"purchasable","19":"product-type-simple"},"yoast_head":"<!-- This site is optimized with the Yoast SEO plugin v25.2 - https:\/\/yoast.com\/wordpress\/plugins\/seo\/ -->\n<title>Przew\u00f3d diagnostyczny Jaltest CARRARO JDC515.9 - Chiptuningmarket<\/title>\n<meta name=\"description\" content=\"Przew\u00f3d diagnostyczny Jaltest CARRARO JDC515.9 umo\u017cliwiaj\u0105cy pod\u0142\u0105czenie do modu\u0142\u00f3w Carraro w maszynach rolniczych\" \/>\n<meta name=\"robots\" content=\"index, follow, max-snippet:-1, max-image-preview:large, max-video-preview:-1\" \/>\n<link rel=\"canonical\" href=\"https:\/\/chiptuningmarket.com\/pl\/shop\/akcesoria-chiptuning-pl\/jaltest-akcesoria-chiptuning-pl\/cables-jaltest-akcesoria-chiptuning-pl\/agv-agri-pl\/przewod-diagnostyczny-carraro-jdc515-9\/\" \/>\n<meta property=\"og:locale\" content=\"pl_PL\" \/>\n<meta property=\"og:type\" content=\"article\" \/>\n<meta property=\"og:title\" content=\"Przew\u00f3d diagnostyczny Jaltest CARRARO JDC515.9 - Chiptuningmarket\" \/>\n<meta property=\"og:description\" content=\"Przew\u00f3d diagnostyczny Jaltest CARRARO JDC515.9 umo\u017cliwiaj\u0105cy pod\u0142\u0105czenie do modu\u0142\u00f3w Carraro w maszynach rolniczych\" \/>\n<meta property=\"og:url\" content=\"https:\/\/chiptuningmarket.com\/pl\/shop\/akcesoria-chiptuning-pl\/jaltest-akcesoria-chiptuning-pl\/cables-jaltest-akcesoria-chiptuning-pl\/agv-agri-pl\/przewod-diagnostyczny-carraro-jdc515-9\/\" \/>\n<meta property=\"og:site_name\" content=\"Chiptuningmarket\" \/>\n<meta property=\"article:modified_time\" content=\"2025-06-30T14:01:31+00:00\" \/>\n<meta property=\"og:image\" content=\"https:\/\/chiptuningmarket.com\/wp-content\/uploads\/2024\/10\/JDC515.9.png\" \/>\n\t<meta property=\"og:image:width\" content=\"1024\" \/>\n\t<meta property=\"og:image:height\" content=\"682\" \/>\n\t<meta property=\"og:image:type\" content=\"image\/png\" \/>\n<meta name=\"twitter:card\" content=\"summary_large_image\" \/>\n<meta name=\"twitter:label1\" content=\"Szacowany czas czytania\" \/>\n\t<meta name=\"twitter:data1\" content=\"1 minuta\" \/>\n<script type=\"application\/ld+json\" class=\"yoast-schema-graph\">{\"@context\":\"https:\/\/schema.org\",\"@graph\":[{\"@type\":\"WebPage\",\"@id\":\"https:\/\/chiptuningmarket.com\/pl\/shop\/akcesoria-chiptuning-pl\/jaltest-akcesoria-chiptuning-pl\/cables-jaltest-akcesoria-chiptuning-pl\/agv-agri-pl\/przewod-diagnostyczny-carraro-jdc515-9\/\",\"url\":\"https:\/\/chiptuningmarket.com\/pl\/shop\/akcesoria-chiptuning-pl\/jaltest-akcesoria-chiptuning-pl\/cables-jaltest-akcesoria-chiptuning-pl\/agv-agri-pl\/przewod-diagnostyczny-carraro-jdc515-9\/\",\"name\":\"Przew\u00f3d diagnostyczny Jaltest CARRARO JDC515.9 - Chiptuningmarket\",\"isPartOf\":{\"@id\":\"https:\/\/chiptuningmarket.com\/ru\/#website\"},\"primaryImageOfPage\":{\"@id\":\"https:\/\/chiptuningmarket.com\/pl\/shop\/akcesoria-chiptuning-pl\/jaltest-akcesoria-chiptuning-pl\/cables-jaltest-akcesoria-chiptuning-pl\/agv-agri-pl\/przewod-diagnostyczny-carraro-jdc515-9\/#primaryimage\"},\"image\":{\"@id\":\"https:\/\/chiptuningmarket.com\/pl\/shop\/akcesoria-chiptuning-pl\/jaltest-akcesoria-chiptuning-pl\/cables-jaltest-akcesoria-chiptuning-pl\/agv-agri-pl\/przewod-diagnostyczny-carraro-jdc515-9\/#primaryimage\"},\"thumbnailUrl\":\"https:\/\/chiptuningmarket.com\/wp-content\/uploads\/2024\/10\/JDC515.9.png\",\"datePublished\":\"2024-10-16T07:28:26+00:00\",\"dateModified\":\"2025-06-30T14:01:31+00:00\",\"description\":\"Przew\u00f3d diagnostyczny Jaltest CARRARO JDC515.9 umo\u017cliwiaj\u0105cy pod\u0142\u0105czenie do modu\u0142\u00f3w Carraro w maszynach rolniczych\",\"breadcrumb\":{\"@id\":\"https:\/\/chiptuningmarket.com\/pl\/shop\/akcesoria-chiptuning-pl\/jaltest-akcesoria-chiptuning-pl\/cables-jaltest-akcesoria-chiptuning-pl\/agv-agri-pl\/przewod-diagnostyczny-carraro-jdc515-9\/#breadcrumb\"},\"inLanguage\":\"pl-PL\",\"potentialAction\":[{\"@type\":\"ReadAction\",\"target\":[\"https:\/\/chiptuningmarket.com\/pl\/shop\/akcesoria-chiptuning-pl\/jaltest-akcesoria-chiptuning-pl\/cables-jaltest-akcesoria-chiptuning-pl\/agv-agri-pl\/przewod-diagnostyczny-carraro-jdc515-9\/\"]}]},{\"@type\":\"ImageObject\",\"inLanguage\":\"pl-PL\",\"@id\":\"https:\/\/chiptuningmarket.com\/pl\/shop\/akcesoria-chiptuning-pl\/jaltest-akcesoria-chiptuning-pl\/cables-jaltest-akcesoria-chiptuning-pl\/agv-agri-pl\/przewod-diagnostyczny-carraro-jdc515-9\/#primaryimage\",\"url\":\"https:\/\/chiptuningmarket.com\/wp-content\/uploads\/2024\/10\/JDC515.9.png\",\"contentUrl\":\"https:\/\/chiptuningmarket.com\/wp-content\/uploads\/2024\/10\/JDC515.9.png\",\"width\":1024,\"height\":682,\"caption\":\"Przew\u00f3d diagnostyczny Jaltest CARRARO JDC515.9\"},{\"@type\":\"BreadcrumbList\",\"@id\":\"https:\/\/chiptuningmarket.com\/pl\/shop\/akcesoria-chiptuning-pl\/jaltest-akcesoria-chiptuning-pl\/cables-jaltest-akcesoria-chiptuning-pl\/agv-agri-pl\/przewod-diagnostyczny-carraro-jdc515-9\/#breadcrumb\",\"itemListElement\":[{\"@type\":\"ListItem\",\"position\":1,\"name\":\"Home\",\"item\":\"https:\/\/chiptuningmarket.com\/pl\/\"},{\"@type\":\"ListItem\",\"position\":2,\"name\":\"Sklep\",\"item\":\"https:\/\/chiptuningmarket.com\/pl\/shop\/\"},{\"@type\":\"ListItem\",\"position\":3,\"name\":\"Przew\u00f3d diagnostyczny Jaltest CARRARO JDC515.9\"}]},{\"@type\":\"WebSite\",\"@id\":\"https:\/\/chiptuningmarket.com\/ru\/#website\",\"url\":\"https:\/\/chiptuningmarket.com\/ru\/\",\"name\":\"Chiptuningmarket\",\"description\":\"Biggest chiptuning shop in Europe\",\"publisher\":{\"@id\":\"https:\/\/chiptuningmarket.com\/ru\/#organization\"},\"alternateName\":\"Worldwide ecu tools supplier\",\"potentialAction\":[{\"@type\":\"SearchAction\",\"target\":{\"@type\":\"EntryPoint\",\"urlTemplate\":\"https:\/\/chiptuningmarket.com\/ru\/?s={search_term_string}\"},\"query-input\":{\"@type\":\"PropertyValueSpecification\",\"valueRequired\":true,\"valueName\":\"search_term_string\"}}],\"inLanguage\":\"pl-PL\"},{\"@type\":\"Organization\",\"@id\":\"https:\/\/chiptuningmarket.com\/ru\/#organization\",\"name\":\"Chiptuningmarket\",\"alternateName\":\"Chiptuning tools supplier\",\"url\":\"https:\/\/chiptuningmarket.com\/ru\/\",\"logo\":{\"@type\":\"ImageObject\",\"inLanguage\":\"pl-PL\",\"@id\":\"https:\/\/chiptuningmarket.com\/ru\/#\/schema\/logo\/image\/\",\"url\":\"https:\/\/chiptuningmarket.com\/wp-content\/uploads\/2023\/05\/logo-ChipTuningMarket-social.png\",\"contentUrl\":\"https:\/\/chiptuningmarket.com\/wp-content\/uploads\/2023\/05\/logo-ChipTuningMarket-social.png\",\"width\":512,\"height\":512,\"caption\":\"Chiptuningmarket\"},\"image\":{\"@id\":\"https:\/\/chiptuningmarket.com\/ru\/#\/schema\/logo\/image\/\"}}]}<\/script>\n<!-- \/ Yoast SEO plugin. -->","yoast_head_json":{"title":"Przew\u00f3d diagnostyczny Jaltest CARRARO JDC515.9 - Chiptuningmarket","description":"Przew\u00f3d diagnostyczny Jaltest CARRARO JDC515.9 umo\u017cliwiaj\u0105cy pod\u0142\u0105czenie do modu\u0142\u00f3w Carraro w maszynach rolniczych","robots":{"index":"index","follow":"follow","max-snippet":"max-snippet:-1","max-image-preview":"max-image-preview:large","max-video-preview":"max-video-preview:-1"},"canonical":"https:\/\/chiptuningmarket.com\/pl\/shop\/akcesoria-chiptuning-pl\/jaltest-akcesoria-chiptuning-pl\/cables-jaltest-akcesoria-chiptuning-pl\/agv-agri-pl\/przewod-diagnostyczny-carraro-jdc515-9\/","og_locale":"pl_PL","og_type":"article","og_title":"Przew\u00f3d diagnostyczny Jaltest CARRARO JDC515.9 - Chiptuningmarket","og_description":"Przew\u00f3d diagnostyczny Jaltest CARRARO JDC515.9 umo\u017cliwiaj\u0105cy pod\u0142\u0105czenie do modu\u0142\u00f3w Carraro w maszynach rolniczych","og_url":"https:\/\/chiptuningmarket.com\/pl\/shop\/akcesoria-chiptuning-pl\/jaltest-akcesoria-chiptuning-pl\/cables-jaltest-akcesoria-chiptuning-pl\/agv-agri-pl\/przewod-diagnostyczny-carraro-jdc515-9\/","og_site_name":"Chiptuningmarket","article_modified_time":"2025-06-30T14:01:31+00:00","og_image":[{"width":1024,"height":682,"url":"https:\/\/chiptuningmarket.com\/wp-content\/uploads\/2024\/10\/JDC515.9.png","type":"image\/png"}],"twitter_card":"summary_large_image","twitter_misc":{"Szacowany czas czytania":"1 minuta"},"schema":{"@context":"https:\/\/schema.org","@graph":[{"@type":"WebPage","@id":"https:\/\/chiptuningmarket.com\/pl\/shop\/akcesoria-chiptuning-pl\/jaltest-akcesoria-chiptuning-pl\/cables-jaltest-akcesoria-chiptuning-pl\/agv-agri-pl\/przewod-diagnostyczny-carraro-jdc515-9\/","url":"https:\/\/chiptuningmarket.com\/pl\/shop\/akcesoria-chiptuning-pl\/jaltest-akcesoria-chiptuning-pl\/cables-jaltest-akcesoria-chiptuning-pl\/agv-agri-pl\/przewod-diagnostyczny-carraro-jdc515-9\/","name":"Przew\u00f3d diagnostyczny Jaltest CARRARO JDC515.9 - Chiptuningmarket","isPartOf":{"@id":"https:\/\/chiptuningmarket.com\/ru\/#website"},"primaryImageOfPage":{"@id":"https:\/\/chiptuningmarket.com\/pl\/shop\/akcesoria-chiptuning-pl\/jaltest-akcesoria-chiptuning-pl\/cables-jaltest-akcesoria-chiptuning-pl\/agv-agri-pl\/przewod-diagnostyczny-carraro-jdc515-9\/#primaryimage"},"image":{"@id":"https:\/\/chiptuningmarket.com\/pl\/shop\/akcesoria-chiptuning-pl\/jaltest-akcesoria-chiptuning-pl\/cables-jaltest-akcesoria-chiptuning-pl\/agv-agri-pl\/przewod-diagnostyczny-carraro-jdc515-9\/#primaryimage"},"thumbnailUrl":"https:\/\/chiptuningmarket.com\/wp-content\/uploads\/2024\/10\/JDC515.9.png","datePublished":"2024-10-16T07:28:26+00:00","dateModified":"2025-06-30T14:01:31+00:00","description":"Przew\u00f3d diagnostyczny Jaltest CARRARO JDC515.9 umo\u017cliwiaj\u0105cy pod\u0142\u0105czenie do modu\u0142\u00f3w Carraro w maszynach rolniczych","breadcrumb":{"@id":"https:\/\/chiptuningmarket.com\/pl\/shop\/akcesoria-chiptuning-pl\/jaltest-akcesoria-chiptuning-pl\/cables-jaltest-akcesoria-chiptuning-pl\/agv-agri-pl\/przewod-diagnostyczny-carraro-jdc515-9\/#breadcrumb"},"inLanguage":"pl-PL","potentialAction":[{"@type":"ReadAction","target":["https:\/\/chiptuningmarket.com\/pl\/shop\/akcesoria-chiptuning-pl\/jaltest-akcesoria-chiptuning-pl\/cables-jaltest-akcesoria-chiptuning-pl\/agv-agri-pl\/przewod-diagnostyczny-carraro-jdc515-9\/"]}]},{"@type":"ImageObject","inLanguage":"pl-PL","@id":"https:\/\/chiptuningmarket.com\/pl\/shop\/akcesoria-chiptuning-pl\/jaltest-akcesoria-chiptuning-pl\/cables-jaltest-akcesoria-chiptuning-pl\/agv-agri-pl\/przewod-diagnostyczny-carraro-jdc515-9\/#primaryimage","url":"https:\/\/chiptuningmarket.com\/wp-content\/uploads\/2024\/10\/JDC515.9.png","contentUrl":"https:\/\/chiptuningmarket.com\/wp-content\/uploads\/2024\/10\/JDC515.9.png","width":1024,"height":682,"caption":"Przew\u00f3d diagnostyczny Jaltest CARRARO JDC515.9"},{"@type":"BreadcrumbList","@id":"https:\/\/chiptuningmarket.com\/pl\/shop\/akcesoria-chiptuning-pl\/jaltest-akcesoria-chiptuning-pl\/cables-jaltest-akcesoria-chiptuning-pl\/agv-agri-pl\/przewod-diagnostyczny-carraro-jdc515-9\/#breadcrumb","itemListElement":[{"@type":"ListItem","position":1,"name":"Home","item":"https:\/\/chiptuningmarket.com\/pl\/"},{"@type":"ListItem","position":2,"name":"Sklep","item":"https:\/\/chiptuningmarket.com\/pl\/shop\/"},{"@type":"ListItem","position":3,"name":"Przew\u00f3d diagnostyczny Jaltest CARRARO JDC515.9"}]},{"@type":"WebSite","@id":"https:\/\/chiptuningmarket.com\/ru\/#website","url":"https:\/\/chiptuningmarket.com\/ru\/","name":"Chiptuningmarket","description":"Biggest chiptuning shop in Europe","publisher":{"@id":"https:\/\/chiptuningmarket.com\/ru\/#organization"},"alternateName":"Worldwide ecu tools supplier","potentialAction":[{"@type":"SearchAction","target":{"@type":"EntryPoint","urlTemplate":"https:\/\/chiptuningmarket.com\/ru\/?s={search_term_string}"},"query-input":{"@type":"PropertyValueSpecification","valueRequired":true,"valueName":"search_term_string"}}],"inLanguage":"pl-PL"},{"@type":"Organization","@id":"https:\/\/chiptuningmarket.com\/ru\/#organization","name":"Chiptuningmarket","alternateName":"Chiptuning tools supplier","url":"https:\/\/chiptuningmarket.com\/ru\/","logo":{"@type":"ImageObject","inLanguage":"pl-PL","@id":"https:\/\/chiptuningmarket.com\/ru\/#\/schema\/logo\/image\/","url":"https:\/\/chiptuningmarket.com\/wp-content\/uploads\/2023\/05\/logo-ChipTuningMarket-social.png","contentUrl":"https:\/\/chiptuningmarket.com\/wp-content\/uploads\/2023\/05\/logo-ChipTuningMarket-social.png","width":512,"height":512,"caption":"Chiptuningmarket"},"image":{"@id":"https:\/\/chiptuningmarket.com\/ru\/#\/schema\/logo\/image\/"}}]}},"_links":{"self":[{"href":"https:\/\/chiptuningmarket.com\/pl\/wp-json\/wp\/v2\/product\/32471","targetHints":{"allow":["GET"]}}],"collection":[{"href":"https:\/\/chiptuningmarket.com\/pl\/wp-json\/wp\/v2\/product"}],"about":[{"href":"https:\/\/chiptuningmarket.com\/pl\/wp-json\/wp\/v2\/types\/product"}],"wp:featuredmedia":[{"embeddable":true,"href":"https:\/\/chiptuningmarket.com\/pl\/wp-json\/wp\/v2\/media\/32472"}],"wp:attachment":[{"href":"https:\/\/chiptuningmarket.com\/pl\/wp-json\/wp\/v2\/media?parent=32471"}],"wp:term":[{"taxonomy":"product_brand","embeddable":true,"href":"https:\/\/chiptuningmarket.com\/pl\/wp-json\/wp\/v2\/product_brand?post=32471"},{"taxonomy":"product_cat","embeddable":true,"href":"https:\/\/chiptuningmarket.com\/pl\/wp-json\/wp\/v2\/product_cat?post=32471"},{"taxonomy":"product_tag","embeddable":true,"href":"https:\/\/chiptuningmarket.com\/pl\/wp-json\/wp\/v2\/product_tag?post=32471"}],"curies":[{"name":"wp","href":"https:\/\/api.w.org\/{rel}","templated":true}]}}