{"id":33347,"date":"2025-01-13T14:00:21","date_gmt":"2025-01-13T13:00:21","guid":{"rendered":"https:\/\/chiptuningmarket.com\/?post_type=product&#038;p=33347"},"modified":"2025-11-01T00:00:06","modified_gmt":"2025-10-31T23:00:06","slug":"new-genius-new-trasdata-master-joint-activation-car-lcv-copy","status":"publish","type":"product","link":"https:\/\/chiptuningmarket.com\/pl\/shop\/programatory-pl\/chiptuning-programatory-2-pl\/dimsport-chiptuning-programatory-2-pl\/new-genius-master-pl\/new-genius-new-trasdata-master-joint-activation-car-lcv-copy\/","title":{"rendered":"New Genius + New Trasdata Master JOINT ACTIVATION &#8211; MARINE"},"content":{"rendered":"<p style=\"text-align: center\"><strong>New Genius + New Trasdata Master JOINT ACTIVATION &#8211; MARINE<\/strong><\/p>\n<p><img decoding=\"async\" class=\"aligncenter size-full wp-image-23995\" src=\"https:\/\/ms-group.pl\/wp-content\/uploads\/2023\/11\/Race_GeniusMani_2018.jpg\" alt=\"New Genius car\" width=\"1000\" height=\"668\" \/><\/p>\n<p>&nbsp;<\/p>\n<h5><strong>NEW GENIUS<\/strong> jest niezale\u017cnym urz\u0105dzeniem do odczytu\/zapisu sterownik\u00f3w\u00a0 poprzez gniazdo OBDII lub specjalistyczne z\u0142\u0105cze diagnostyczne<\/h5>\n<p>Nie wymaga po\u0142\u0105czenia z PC do odczytu\/zapisu sterownika. Podczas obs\u0142ugi wy\u015bwietla instrukcje krok po kroku.<\/p>\n<p><img decoding=\"async\" class=\"aligncenter size-large wp-image-23994\" src=\"https:\/\/ms-group.pl\/wp-content\/uploads\/2023\/11\/DSC2905-Migliorato-NR-684x1024.jpg\" alt=\"\" width=\"684\" height=\"1024\" \/><\/p>\n<p>&nbsp;<\/p>\n<h3><strong>NAJWY\u017bSZE STANDARDY BEZPIECZE\u0143STWA ZAPEWNIAJ\u0104CE NAJWY\u017bSZ\u0104 NIEZAWODNO\u015a\u0106 PODCZAS PRACY:<\/strong><\/h3>\n<p>Przed zaprogramowaniem pojazdu, New Genius weryfikuje rozmiar pliku i integralno\u015b\u0107 \/ zgodno\u015b\u0107 sumy kontrolnej. Ponadto, je\u015bli procedura programowania zostanie przerwana (na przyk\u0142ad: od\u0142\u0105czenie z\u0142\u0105cza), urz\u0105dzenie odzyska komunikacj\u0119 i automatycznie j\u0105 zako\u0144czy. Kilka dodatkowych funkcji integruje konwencjonalne operacje, takie jak mo\u017cliwo\u015b\u0107 resetowania b\u0142\u0119dnych kod\u00f3w zwi\u0105zanych z programowaniem ECU, odczyt i automatyczny zapis ustawie\u0144 wtryskiwaczy, reset licznik\u00f3w itp.<\/p>\n<p>New Genius zosta\u0142 zaprojektowany jako elastyczne urz\u0105dzenie, skonfigurowane do obs\u0142ugi od pojedynczej, konkretnej aplikacji do najbardziej kompletnej gamy pojazd\u00f3w wyposa\u017conych w jednostki steruj\u0105ce silnika.<br \/>\nDimsport dostarcza swoj\u0105 konsol\u0119 ze standardowym gniazdem OBDII; je\u015bli nie jest ono dost\u0119pne, dodatkowa gama dedykowanych z\u0142\u0105czy pozwoli na strojenie operacji za po\u015brednictwem gniazda diagnostycznego.<\/p>\n<p><img decoding=\"async\" class=\"aligncenter size-full wp-image-23993\" src=\"https:\/\/ms-group.pl\/wp-content\/uploads\/2023\/11\/race_valigia_flashpoint.jpg\" alt=\"\" width=\"1000\" height=\"604\" \/><\/p>\n<p>&nbsp;<\/p>\n<p>&nbsp;<\/p>\n<h5 style=\"text-align: center\"><strong>NEW TRASDATA<\/strong><\/h5>\n<p><img decoding=\"async\" class=\"aligncenter wp-image-23985 size-full\" src=\"https:\/\/ms-group.pl\/wp-content\/uploads\/2023\/11\/Race_NewTrasdata_egpt1.jpg\" alt=\"\" width=\"1000\" height=\"667\" \/><\/p>\n<p>Lista\u00a0 obs\u0142ugiwanyhh procesor\u00f3w<strong> (CPU)<\/strong>:<\/p>\n<ul>\n<li><em>Freescale\/ST MPC56xx SPC56x,\u00a0Freescale\/ST SPC5777C, Freescale SPC577M<\/em><\/li>\n<li><em>Infineon Tricore, Infineon Tricore Aurix TC2XX<\/em><\/li>\n<li><em>Mitsubishi MH72xx, MH82xx<\/em><\/li>\n<li><em>Motorola HC12, MC68xxx, MPC5xx, MPC55xx,\u00a0<\/em><\/li>\n<li><em>Nec 76F00xx<\/em><\/li>\n<li><em>Renesas M32R, SH705x, SH725xx\u00a0<\/em><\/li>\n<li><em>ST Microelectronics ST10xxx<\/em><\/li>\n<\/ul>\n<p><img decoding=\"async\" class=\"aligncenter size-full wp-image-23986\" src=\"https:\/\/ms-group.pl\/wp-content\/uploads\/2023\/11\/Race_NewTrasdata_egpt3.png\" alt=\"\" width=\"1000\" height=\"668\" \/><\/p>\n<p>&nbsp;<\/p>\n<h3 style=\"text-align: center\"><strong>NEW TRASDATA &#8211; programator do pracy\u00a0 na stole<\/strong><\/h3>\n<p><strong>New Trasdata<\/strong> umo\u017cliwia odczyt i programowanie ca\u0142ej zawarto\u015bci ECU: mikroprocesora (CPU), pami\u0119ci flash Eprom. Dzi\u0119ki temu pozwala r\u00f3wnie\u017c na klonowanie sterownik\u00f3w. Dzi\u0119ki swojemu ogromnemu pokryciu i stabilno\u015bci sprawdzi si\u0119 do pracy z ka\u017cdym typem pojazd\u00f3w, czy maszyn.<\/p>\n<p>Wspiera wszystkie metody odczytu sterownik\u00f3w po jego demonta\u017cu z pojazdu :<\/p>\n<ul>\n<li>Bench<\/li>\n<li>Boot<\/li>\n<li>BDM<\/li>\n<li>JTAG<\/li>\n<\/ul>\n<p><img decoding=\"async\" class=\"aligncenter size-full wp-image-23988\" src=\"https:\/\/ms-group.pl\/wp-content\/uploads\/2023\/11\/race_valigia_trasdata.jpg\" alt=\"\" width=\"1000\" height=\"667\" \/><\/p>\n","protected":false},"excerpt":{"rendered":"<p>New Genius + New Trasdata Master JOINT ACTIVATION &#8211; MARINE \u2013 zestaw od firmy DIMSPORT do pracy OBD + Bench&amp;Boot<\/p>\n<p>Zestaw zawiera:<\/p>\n<ul>\n<li>NEW GENIUS Hardware<\/li>\n<li>HASP Key<\/li>\n<li>Protoko\u0142y NG: MARINE<\/li>\n<li>NEW TRASDATA Hardware<\/li>\n<li>Protoko\u0142y NT: MARINE<\/li>\n<\/ul>\n<p>Pierwszy rok subskrypcji w cenie. Op\u0142aty w kolejnych latach to 1000 EUR netto\/ rocznie<\/p>\n<p><strong>Sprawd\u017a przed zakupem czy mo\u017cesz zakupi\u0107 u nas urz\u0105dzenie DIMSPORT. W przypadku zakupu do kraj\u00f3w spoza listy przed zakupem prosimy o kontakt<\/strong><br \/>\nUrz\u0105dzenia Dimsport Master sprzedajemy wy\u0142\u0105cznie w nast\u0119puj\u0105cych krajach.:<br \/>\nNiemcy, Austria, Szwajcaria Niemiecka, \u0141otwa, Estonia, Litwa, Polska, Czechy, S\u0142owacja, Rumunia, Bu\u0142garia, Serbia, Bo\u015bnia i Hercegowina, Kosowo, Chorwacja, Mo\u0142dawia, S\u0142owenia, Czarnog\u00f3ra, Macedonia<\/p>\n","protected":false},"featured_media":26154,"template":"","meta":{"_monsterinsights_skip_tracking":false,"_monsterinsights_sitenote_active":false,"_monsterinsights_sitenote_note":"","_monsterinsights_sitenote_category":0},"product_brand":[],"product_cat":[5087,5072,5064,5203,5217,5247],"product_tag":[],"class_list":{"0":"post-33347","1":"product","2":"type-product","3":"status-publish","4":"has-post-thumbnail","6":"product_cat-promocje","7":"product_cat-nowosci-pl","8":"product_cat-programatory-pl","9":"product_cat-chiptuning-programatory-2-pl","10":"product_cat-dimsport-chiptuning-programatory-2-pl","11":"product_cat-new-genius-master-pl","13":"first","14":"instock","15":"taxable","16":"shipping-taxable","17":"purchasable","18":"product-type-simple"},"yoast_head":"<!-- This site is optimized with the Yoast SEO plugin v25.2 - https:\/\/yoast.com\/wordpress\/plugins\/seo\/ -->\n<title>New Genius + New Trasdata Master JOINT ACTIVATION - MARINE - Chiptuningmarket<\/title>\n<meta name=\"description\" content=\"New Genius Master Bike+ New Trasdata Master Bike\" \/>\n<meta name=\"robots\" content=\"index, follow, max-snippet:-1, max-image-preview:large, max-video-preview:-1\" \/>\n<link rel=\"canonical\" href=\"https:\/\/chiptuningmarket.com\/pl\/shop\/programatory-pl\/chiptuning-programatory-2-pl\/dimsport-chiptuning-programatory-2-pl\/new-genius-master-pl\/new-genius-new-trasdata-master-joint-activation-car-lcv-copy\/\" \/>\n<meta property=\"og:locale\" content=\"pl_PL\" \/>\n<meta property=\"og:type\" content=\"article\" \/>\n<meta property=\"og:title\" content=\"New Genius + New Trasdata Master JOINT ACTIVATION - MARINE - Chiptuningmarket\" \/>\n<meta property=\"og:description\" content=\"New Genius Master Bike+ New Trasdata Master Bike\" \/>\n<meta property=\"og:url\" content=\"https:\/\/chiptuningmarket.com\/pl\/shop\/programatory-pl\/chiptuning-programatory-2-pl\/dimsport-chiptuning-programatory-2-pl\/new-genius-master-pl\/new-genius-new-trasdata-master-joint-activation-car-lcv-copy\/\" \/>\n<meta property=\"og:site_name\" content=\"Chiptuningmarket\" \/>\n<meta property=\"article:modified_time\" content=\"2025-10-31T23:00:06+00:00\" \/>\n<meta property=\"og:image\" content=\"https:\/\/chiptuningmarket.com\/wp-content\/uploads\/2023\/11\/race_valigia_geniustrasdata_chiuse.jpg\" \/>\n\t<meta property=\"og:image:width\" content=\"1000\" \/>\n\t<meta property=\"og:image:height\" content=\"612\" \/>\n\t<meta property=\"og:image:type\" content=\"image\/jpeg\" \/>\n<meta name=\"twitter:card\" content=\"summary_large_image\" \/>\n<meta name=\"twitter:label1\" content=\"Szacowany czas czytania\" \/>\n\t<meta name=\"twitter:data1\" content=\"3 minuty\" \/>\n<script type=\"application\/ld+json\" class=\"yoast-schema-graph\">{\"@context\":\"https:\/\/schema.org\",\"@graph\":[{\"@type\":\"WebPage\",\"@id\":\"https:\/\/chiptuningmarket.com\/pl\/shop\/programatory-pl\/chiptuning-programatory-2-pl\/dimsport-chiptuning-programatory-2-pl\/new-genius-master-pl\/new-genius-new-trasdata-master-joint-activation-car-lcv-copy\/\",\"url\":\"https:\/\/chiptuningmarket.com\/pl\/shop\/programatory-pl\/chiptuning-programatory-2-pl\/dimsport-chiptuning-programatory-2-pl\/new-genius-master-pl\/new-genius-new-trasdata-master-joint-activation-car-lcv-copy\/\",\"name\":\"New Genius + New Trasdata Master JOINT ACTIVATION - MARINE - Chiptuningmarket\",\"isPartOf\":{\"@id\":\"https:\/\/chiptuningmarket.com\/pl\/#website\"},\"primaryImageOfPage\":{\"@id\":\"https:\/\/chiptuningmarket.com\/pl\/shop\/programatory-pl\/chiptuning-programatory-2-pl\/dimsport-chiptuning-programatory-2-pl\/new-genius-master-pl\/new-genius-new-trasdata-master-joint-activation-car-lcv-copy\/#primaryimage\"},\"image\":{\"@id\":\"https:\/\/chiptuningmarket.com\/pl\/shop\/programatory-pl\/chiptuning-programatory-2-pl\/dimsport-chiptuning-programatory-2-pl\/new-genius-master-pl\/new-genius-new-trasdata-master-joint-activation-car-lcv-copy\/#primaryimage\"},\"thumbnailUrl\":\"https:\/\/chiptuningmarket.com\/wp-content\/uploads\/2023\/11\/race_valigia_geniustrasdata_chiuse.jpg\",\"datePublished\":\"2025-01-13T13:00:21+00:00\",\"dateModified\":\"2025-10-31T23:00:06+00:00\",\"description\":\"New Genius Master Bike+ New Trasdata Master Bike\",\"breadcrumb\":{\"@id\":\"https:\/\/chiptuningmarket.com\/pl\/shop\/programatory-pl\/chiptuning-programatory-2-pl\/dimsport-chiptuning-programatory-2-pl\/new-genius-master-pl\/new-genius-new-trasdata-master-joint-activation-car-lcv-copy\/#breadcrumb\"},\"inLanguage\":\"pl-PL\",\"potentialAction\":[{\"@type\":\"ReadAction\",\"target\":[\"https:\/\/chiptuningmarket.com\/pl\/shop\/programatory-pl\/chiptuning-programatory-2-pl\/dimsport-chiptuning-programatory-2-pl\/new-genius-master-pl\/new-genius-new-trasdata-master-joint-activation-car-lcv-copy\/\"]}]},{\"@type\":\"ImageObject\",\"inLanguage\":\"pl-PL\",\"@id\":\"https:\/\/chiptuningmarket.com\/pl\/shop\/programatory-pl\/chiptuning-programatory-2-pl\/dimsport-chiptuning-programatory-2-pl\/new-genius-master-pl\/new-genius-new-trasdata-master-joint-activation-car-lcv-copy\/#primaryimage\",\"url\":\"https:\/\/chiptuningmarket.com\/wp-content\/uploads\/2023\/11\/race_valigia_geniustrasdata_chiuse.jpg\",\"contentUrl\":\"https:\/\/chiptuningmarket.com\/wp-content\/uploads\/2023\/11\/race_valigia_geniustrasdata_chiuse.jpg\",\"width\":1000,\"height\":612},{\"@type\":\"BreadcrumbList\",\"@id\":\"https:\/\/chiptuningmarket.com\/pl\/shop\/programatory-pl\/chiptuning-programatory-2-pl\/dimsport-chiptuning-programatory-2-pl\/new-genius-master-pl\/new-genius-new-trasdata-master-joint-activation-car-lcv-copy\/#breadcrumb\",\"itemListElement\":[{\"@type\":\"ListItem\",\"position\":1,\"name\":\"Home\",\"item\":\"https:\/\/chiptuningmarket.com\/pl\/\"},{\"@type\":\"ListItem\",\"position\":2,\"name\":\"Sklep\",\"item\":\"https:\/\/chiptuningmarket.com\/pl\/shop\/\"},{\"@type\":\"ListItem\",\"position\":3,\"name\":\"New Genius + New Trasdata Master JOINT ACTIVATION &#8211; MARINE\"}]},{\"@type\":\"WebSite\",\"@id\":\"https:\/\/chiptuningmarket.com\/pl\/#website\",\"url\":\"https:\/\/chiptuningmarket.com\/pl\/\",\"name\":\"Chiptuningmarket\",\"description\":\"Biggest chiptuning shop in Europe\",\"publisher\":{\"@id\":\"https:\/\/chiptuningmarket.com\/pl\/#organization\"},\"alternateName\":\"Worldwide ecu tools supplier\",\"potentialAction\":[{\"@type\":\"SearchAction\",\"target\":{\"@type\":\"EntryPoint\",\"urlTemplate\":\"https:\/\/chiptuningmarket.com\/pl\/?s={search_term_string}\"},\"query-input\":{\"@type\":\"PropertyValueSpecification\",\"valueRequired\":true,\"valueName\":\"search_term_string\"}}],\"inLanguage\":\"pl-PL\"},{\"@type\":\"Organization\",\"@id\":\"https:\/\/chiptuningmarket.com\/pl\/#organization\",\"name\":\"Chiptuningmarket\",\"alternateName\":\"Chiptuning tools supplier\",\"url\":\"https:\/\/chiptuningmarket.com\/pl\/\",\"logo\":{\"@type\":\"ImageObject\",\"inLanguage\":\"pl-PL\",\"@id\":\"https:\/\/chiptuningmarket.com\/pl\/#\/schema\/logo\/image\/\",\"url\":\"https:\/\/chiptuningmarket.com\/wp-content\/uploads\/2023\/05\/logo-ChipTuningMarket-social.png\",\"contentUrl\":\"https:\/\/chiptuningmarket.com\/wp-content\/uploads\/2023\/05\/logo-ChipTuningMarket-social.png\",\"width\":512,\"height\":512,\"caption\":\"Chiptuningmarket\"},\"image\":{\"@id\":\"https:\/\/chiptuningmarket.com\/pl\/#\/schema\/logo\/image\/\"}}]}<\/script>\n<!-- \/ Yoast SEO plugin. -->","yoast_head_json":{"title":"New Genius + New Trasdata Master JOINT ACTIVATION - MARINE - Chiptuningmarket","description":"New Genius Master Bike+ New Trasdata Master Bike","robots":{"index":"index","follow":"follow","max-snippet":"max-snippet:-1","max-image-preview":"max-image-preview:large","max-video-preview":"max-video-preview:-1"},"canonical":"https:\/\/chiptuningmarket.com\/pl\/shop\/programatory-pl\/chiptuning-programatory-2-pl\/dimsport-chiptuning-programatory-2-pl\/new-genius-master-pl\/new-genius-new-trasdata-master-joint-activation-car-lcv-copy\/","og_locale":"pl_PL","og_type":"article","og_title":"New Genius + New Trasdata Master JOINT ACTIVATION - MARINE - Chiptuningmarket","og_description":"New Genius Master Bike+ New Trasdata Master Bike","og_url":"https:\/\/chiptuningmarket.com\/pl\/shop\/programatory-pl\/chiptuning-programatory-2-pl\/dimsport-chiptuning-programatory-2-pl\/new-genius-master-pl\/new-genius-new-trasdata-master-joint-activation-car-lcv-copy\/","og_site_name":"Chiptuningmarket","article_modified_time":"2025-10-31T23:00:06+00:00","og_image":[{"width":1000,"height":612,"url":"https:\/\/chiptuningmarket.com\/wp-content\/uploads\/2023\/11\/race_valigia_geniustrasdata_chiuse.jpg","type":"image\/jpeg"}],"twitter_card":"summary_large_image","twitter_misc":{"Szacowany czas czytania":"3 minuty"},"schema":{"@context":"https:\/\/schema.org","@graph":[{"@type":"WebPage","@id":"https:\/\/chiptuningmarket.com\/pl\/shop\/programatory-pl\/chiptuning-programatory-2-pl\/dimsport-chiptuning-programatory-2-pl\/new-genius-master-pl\/new-genius-new-trasdata-master-joint-activation-car-lcv-copy\/","url":"https:\/\/chiptuningmarket.com\/pl\/shop\/programatory-pl\/chiptuning-programatory-2-pl\/dimsport-chiptuning-programatory-2-pl\/new-genius-master-pl\/new-genius-new-trasdata-master-joint-activation-car-lcv-copy\/","name":"New Genius + New Trasdata Master JOINT ACTIVATION - MARINE - Chiptuningmarket","isPartOf":{"@id":"https:\/\/chiptuningmarket.com\/pl\/#website"},"primaryImageOfPage":{"@id":"https:\/\/chiptuningmarket.com\/pl\/shop\/programatory-pl\/chiptuning-programatory-2-pl\/dimsport-chiptuning-programatory-2-pl\/new-genius-master-pl\/new-genius-new-trasdata-master-joint-activation-car-lcv-copy\/#primaryimage"},"image":{"@id":"https:\/\/chiptuningmarket.com\/pl\/shop\/programatory-pl\/chiptuning-programatory-2-pl\/dimsport-chiptuning-programatory-2-pl\/new-genius-master-pl\/new-genius-new-trasdata-master-joint-activation-car-lcv-copy\/#primaryimage"},"thumbnailUrl":"https:\/\/chiptuningmarket.com\/wp-content\/uploads\/2023\/11\/race_valigia_geniustrasdata_chiuse.jpg","datePublished":"2025-01-13T13:00:21+00:00","dateModified":"2025-10-31T23:00:06+00:00","description":"New Genius Master Bike+ New Trasdata Master Bike","breadcrumb":{"@id":"https:\/\/chiptuningmarket.com\/pl\/shop\/programatory-pl\/chiptuning-programatory-2-pl\/dimsport-chiptuning-programatory-2-pl\/new-genius-master-pl\/new-genius-new-trasdata-master-joint-activation-car-lcv-copy\/#breadcrumb"},"inLanguage":"pl-PL","potentialAction":[{"@type":"ReadAction","target":["https:\/\/chiptuningmarket.com\/pl\/shop\/programatory-pl\/chiptuning-programatory-2-pl\/dimsport-chiptuning-programatory-2-pl\/new-genius-master-pl\/new-genius-new-trasdata-master-joint-activation-car-lcv-copy\/"]}]},{"@type":"ImageObject","inLanguage":"pl-PL","@id":"https:\/\/chiptuningmarket.com\/pl\/shop\/programatory-pl\/chiptuning-programatory-2-pl\/dimsport-chiptuning-programatory-2-pl\/new-genius-master-pl\/new-genius-new-trasdata-master-joint-activation-car-lcv-copy\/#primaryimage","url":"https:\/\/chiptuningmarket.com\/wp-content\/uploads\/2023\/11\/race_valigia_geniustrasdata_chiuse.jpg","contentUrl":"https:\/\/chiptuningmarket.com\/wp-content\/uploads\/2023\/11\/race_valigia_geniustrasdata_chiuse.jpg","width":1000,"height":612},{"@type":"BreadcrumbList","@id":"https:\/\/chiptuningmarket.com\/pl\/shop\/programatory-pl\/chiptuning-programatory-2-pl\/dimsport-chiptuning-programatory-2-pl\/new-genius-master-pl\/new-genius-new-trasdata-master-joint-activation-car-lcv-copy\/#breadcrumb","itemListElement":[{"@type":"ListItem","position":1,"name":"Home","item":"https:\/\/chiptuningmarket.com\/pl\/"},{"@type":"ListItem","position":2,"name":"Sklep","item":"https:\/\/chiptuningmarket.com\/pl\/shop\/"},{"@type":"ListItem","position":3,"name":"New Genius + New Trasdata Master JOINT ACTIVATION &#8211; MARINE"}]},{"@type":"WebSite","@id":"https:\/\/chiptuningmarket.com\/pl\/#website","url":"https:\/\/chiptuningmarket.com\/pl\/","name":"Chiptuningmarket","description":"Biggest chiptuning shop in Europe","publisher":{"@id":"https:\/\/chiptuningmarket.com\/pl\/#organization"},"alternateName":"Worldwide ecu tools supplier","potentialAction":[{"@type":"SearchAction","target":{"@type":"EntryPoint","urlTemplate":"https:\/\/chiptuningmarket.com\/pl\/?s={search_term_string}"},"query-input":{"@type":"PropertyValueSpecification","valueRequired":true,"valueName":"search_term_string"}}],"inLanguage":"pl-PL"},{"@type":"Organization","@id":"https:\/\/chiptuningmarket.com\/pl\/#organization","name":"Chiptuningmarket","alternateName":"Chiptuning tools supplier","url":"https:\/\/chiptuningmarket.com\/pl\/","logo":{"@type":"ImageObject","inLanguage":"pl-PL","@id":"https:\/\/chiptuningmarket.com\/pl\/#\/schema\/logo\/image\/","url":"https:\/\/chiptuningmarket.com\/wp-content\/uploads\/2023\/05\/logo-ChipTuningMarket-social.png","contentUrl":"https:\/\/chiptuningmarket.com\/wp-content\/uploads\/2023\/05\/logo-ChipTuningMarket-social.png","width":512,"height":512,"caption":"Chiptuningmarket"},"image":{"@id":"https:\/\/chiptuningmarket.com\/pl\/#\/schema\/logo\/image\/"}}]}},"_links":{"self":[{"href":"https:\/\/chiptuningmarket.com\/pl\/wp-json\/wp\/v2\/product\/33347","targetHints":{"allow":["GET"]}}],"collection":[{"href":"https:\/\/chiptuningmarket.com\/pl\/wp-json\/wp\/v2\/product"}],"about":[{"href":"https:\/\/chiptuningmarket.com\/pl\/wp-json\/wp\/v2\/types\/product"}],"wp:featuredmedia":[{"embeddable":true,"href":"https:\/\/chiptuningmarket.com\/pl\/wp-json\/wp\/v2\/media\/26154"}],"wp:attachment":[{"href":"https:\/\/chiptuningmarket.com\/pl\/wp-json\/wp\/v2\/media?parent=33347"}],"wp:term":[{"taxonomy":"product_brand","embeddable":true,"href":"https:\/\/chiptuningmarket.com\/pl\/wp-json\/wp\/v2\/product_brand?post=33347"},{"taxonomy":"product_cat","embeddable":true,"href":"https:\/\/chiptuningmarket.com\/pl\/wp-json\/wp\/v2\/product_cat?post=33347"},{"taxonomy":"product_tag","embeddable":true,"href":"https:\/\/chiptuningmarket.com\/pl\/wp-json\/wp\/v2\/product_tag?post=33347"}],"curies":[{"name":"wp","href":"https:\/\/api.w.org\/{rel}","templated":true}]}}