{"id":33647,"date":"2025-02-10T10:08:24","date_gmt":"2025-02-10T09:08:24","guid":{"rendered":"https:\/\/chiptuningmarket.com\/?post_type=product&#038;p=33647"},"modified":"2025-12-17T14:26:31","modified_gmt":"2025-12-17T13:26:31","slug":"przewod-do-gysflash-30-40-50-100-102-dlugosc-8m-056572","status":"publish","type":"product","link":"https:\/\/chiptuningmarket.com\/pl\/shop\/elektronika-wyposazenie-pl\/zasilacze\/akcesoria-pl\/przewod-do-gysflash-30-40-50-100-102-dlugosc-8m-056572\/","title":{"rendered":"Przew\u00f3d do GYSFLASH 30\/40\/50\/100\/102 d\u0142ugo\u015b\u0107 8m 056572"},"content":{"rendered":"<p style=\"text-align: center\">Przew\u00f3d do GYSFLASH 30\/40\/50\/100\/102 d\u0142ugo\u015b\u0107 8m 056572<\/p>\n<p style=\"text-align: center\">Przew\u00f3d \u0142aduj\u0105cy o d\u0142ugo\u015bci 8m do prostownik\u00f3w GYSFLASH<\/p>\n<p style=\"text-align: center\">Urz\u0105dzenie automatycznie kalibruje kable przy ich wymianie.<\/p>\n<p style=\"text-align: center\">Przew\u00f3d 8,0 mm &#8211; 16 mm\u00b2 + zaciski\/ANDERSON<\/p>\n","protected":false},"excerpt":{"rendered":"<p>Przew\u00f3d \u0142aduj\u0105cy o d\u0142ugo\u015bci 8m do GYSFLASH 30\/40\/50\/100\/102.<\/p>\n<p>Urz\u0105dzenie automatycznie kalibruje kable przy ich wymianie.<\/p>\n<p>Przew\u00f3d 8,0 mm &#8211; 16 mm\u00b2 + zaciski\/ANDERSON<\/p>\n<h4 class=\"productName\"><\/h4>\n","protected":false},"featured_media":33645,"template":"","meta":{"_monsterinsights_skip_tracking":false,"_monsterinsights_sitenote_active":false,"_monsterinsights_sitenote_note":"","_monsterinsights_sitenote_category":0},"product_brand":[],"product_cat":[5144,5154,5155],"product_tag":[5856,5858,5857],"class_list":{"0":"post-33647","1":"product","2":"type-product","3":"status-publish","4":"has-post-thumbnail","6":"product_cat-elektronika-wyposazenie-pl","7":"product_cat-zasilacze","8":"product_cat-akcesoria-pl","9":"product_tag-anderson","10":"product_tag-przewod-ladujacy","11":"product_tag-zasilacz-gysflash","13":"first","14":"instock","15":"sale","16":"taxable","17":"shipping-taxable","18":"purchasable","19":"product-type-simple"},"yoast_head":"<!-- This site is optimized with the Yoast SEO plugin v25.2 - https:\/\/yoast.com\/wordpress\/plugins\/seo\/ -->\n<title>Przew\u00f3d do GYSFLASH 30\/40\/50\/100\/102 d\u0142ugo\u015b\u0107 8m 056572 - Chiptuningmarket<\/title>\n<meta name=\"description\" content=\"Przew\u00f3d do GYSFLASH 30\/40\/50\/100\/102 d\u0142ugo\u015b\u0107 8m 056572 - Przew\u00f3d \u0142aduj\u0105cy o d\u0142ugo\u015bci 8m do prostownik\u00f3w GYSFLASH -Przew\u00f3d 8,0 mm - 16 mm\u00b2 + zaciski\/ANDERSON\" \/>\n<meta name=\"robots\" content=\"index, follow, max-snippet:-1, max-image-preview:large, max-video-preview:-1\" \/>\n<link rel=\"canonical\" href=\"https:\/\/chiptuningmarket.com\/pl\/shop\/elektronika-wyposazenie-pl\/zasilacze\/akcesoria-pl\/przewod-do-gysflash-30-40-50-100-102-dlugosc-8m-056572\/\" \/>\n<meta property=\"og:locale\" content=\"pl_PL\" \/>\n<meta property=\"og:type\" content=\"article\" \/>\n<meta property=\"og:title\" content=\"Przew\u00f3d do GYSFLASH 30\/40\/50\/100\/102 d\u0142ugo\u015b\u0107 8m 056572 - Chiptuningmarket\" \/>\n<meta property=\"og:description\" content=\"Przew\u00f3d do GYSFLASH 30\/40\/50\/100\/102 d\u0142ugo\u015b\u0107 8m 056572 - Przew\u00f3d \u0142aduj\u0105cy o d\u0142ugo\u015bci 8m do prostownik\u00f3w GYSFLASH -Przew\u00f3d 8,0 mm - 16 mm\u00b2 + zaciski\/ANDERSON\" \/>\n<meta property=\"og:url\" content=\"https:\/\/chiptuningmarket.com\/pl\/shop\/elektronika-wyposazenie-pl\/zasilacze\/akcesoria-pl\/przewod-do-gysflash-30-40-50-100-102-dlugosc-8m-056572\/\" \/>\n<meta property=\"og:site_name\" content=\"Chiptuningmarket\" \/>\n<meta property=\"article:modified_time\" content=\"2025-12-17T13:26:31+00:00\" \/>\n<meta property=\"og:image\" content=\"https:\/\/chiptuningmarket.com\/wp-content\/uploads\/2025\/02\/PRZEWOD-GYSFLASH.jpg\" \/>\n\t<meta property=\"og:image:width\" content=\"2048\" \/>\n\t<meta property=\"og:image:height\" content=\"1253\" \/>\n\t<meta property=\"og:image:type\" content=\"image\/jpeg\" \/>\n<meta name=\"twitter:card\" content=\"summary_large_image\" \/>\n<meta name=\"twitter:label1\" content=\"Szacowany czas czytania\" \/>\n\t<meta name=\"twitter:data1\" content=\"1 minuta\" \/>\n<script type=\"application\/ld+json\" class=\"yoast-schema-graph\">{\"@context\":\"https:\/\/schema.org\",\"@graph\":[{\"@type\":\"WebPage\",\"@id\":\"https:\/\/chiptuningmarket.com\/pl\/shop\/elektronika-wyposazenie-pl\/zasilacze\/akcesoria-pl\/przewod-do-gysflash-30-40-50-100-102-dlugosc-8m-056572\/\",\"url\":\"https:\/\/chiptuningmarket.com\/pl\/shop\/elektronika-wyposazenie-pl\/zasilacze\/akcesoria-pl\/przewod-do-gysflash-30-40-50-100-102-dlugosc-8m-056572\/\",\"name\":\"Przew\u00f3d do GYSFLASH 30\/40\/50\/100\/102 d\u0142ugo\u015b\u0107 8m 056572 - Chiptuningmarket\",\"isPartOf\":{\"@id\":\"https:\/\/chiptuningmarket.com\/ru\/#website\"},\"primaryImageOfPage\":{\"@id\":\"https:\/\/chiptuningmarket.com\/pl\/shop\/elektronika-wyposazenie-pl\/zasilacze\/akcesoria-pl\/przewod-do-gysflash-30-40-50-100-102-dlugosc-8m-056572\/#primaryimage\"},\"image\":{\"@id\":\"https:\/\/chiptuningmarket.com\/pl\/shop\/elektronika-wyposazenie-pl\/zasilacze\/akcesoria-pl\/przewod-do-gysflash-30-40-50-100-102-dlugosc-8m-056572\/#primaryimage\"},\"thumbnailUrl\":\"https:\/\/chiptuningmarket.com\/wp-content\/uploads\/2025\/02\/PRZEWOD-GYSFLASH.jpg\",\"datePublished\":\"2025-02-10T09:08:24+00:00\",\"dateModified\":\"2025-12-17T13:26:31+00:00\",\"description\":\"Przew\u00f3d do GYSFLASH 30\/40\/50\/100\/102 d\u0142ugo\u015b\u0107 8m 056572 - Przew\u00f3d \u0142aduj\u0105cy o d\u0142ugo\u015bci 8m do prostownik\u00f3w GYSFLASH -Przew\u00f3d 8,0 mm - 16 mm\u00b2 + zaciski\/ANDERSON\",\"breadcrumb\":{\"@id\":\"https:\/\/chiptuningmarket.com\/pl\/shop\/elektronika-wyposazenie-pl\/zasilacze\/akcesoria-pl\/przewod-do-gysflash-30-40-50-100-102-dlugosc-8m-056572\/#breadcrumb\"},\"inLanguage\":\"pl-PL\",\"potentialAction\":[{\"@type\":\"ReadAction\",\"target\":[\"https:\/\/chiptuningmarket.com\/pl\/shop\/elektronika-wyposazenie-pl\/zasilacze\/akcesoria-pl\/przewod-do-gysflash-30-40-50-100-102-dlugosc-8m-056572\/\"]}]},{\"@type\":\"ImageObject\",\"inLanguage\":\"pl-PL\",\"@id\":\"https:\/\/chiptuningmarket.com\/pl\/shop\/elektronika-wyposazenie-pl\/zasilacze\/akcesoria-pl\/przewod-do-gysflash-30-40-50-100-102-dlugosc-8m-056572\/#primaryimage\",\"url\":\"https:\/\/chiptuningmarket.com\/wp-content\/uploads\/2025\/02\/PRZEWOD-GYSFLASH.jpg\",\"contentUrl\":\"https:\/\/chiptuningmarket.com\/wp-content\/uploads\/2025\/02\/PRZEWOD-GYSFLASH.jpg\",\"width\":2048,\"height\":1253,\"caption\":\"Przew\u00f3d do GYSFLASH 30\/40\/50\/100\/102 d\u0142ugo\u015b\u0107 8m 056572\"},{\"@type\":\"BreadcrumbList\",\"@id\":\"https:\/\/chiptuningmarket.com\/pl\/shop\/elektronika-wyposazenie-pl\/zasilacze\/akcesoria-pl\/przewod-do-gysflash-30-40-50-100-102-dlugosc-8m-056572\/#breadcrumb\",\"itemListElement\":[{\"@type\":\"ListItem\",\"position\":1,\"name\":\"Home\",\"item\":\"https:\/\/chiptuningmarket.com\/pl\/\"},{\"@type\":\"ListItem\",\"position\":2,\"name\":\"Sklep\",\"item\":\"https:\/\/chiptuningmarket.com\/pl\/shop\/\"},{\"@type\":\"ListItem\",\"position\":3,\"name\":\"Przew\u00f3d do GYSFLASH 30\/40\/50\/100\/102 d\u0142ugo\u015b\u0107 8m 056572\"}]},{\"@type\":\"WebSite\",\"@id\":\"https:\/\/chiptuningmarket.com\/ru\/#website\",\"url\":\"https:\/\/chiptuningmarket.com\/ru\/\",\"name\":\"Chiptuningmarket\",\"description\":\"Biggest chiptuning shop in Europe\",\"publisher\":{\"@id\":\"https:\/\/chiptuningmarket.com\/ru\/#organization\"},\"alternateName\":\"Worldwide ecu tools supplier\",\"potentialAction\":[{\"@type\":\"SearchAction\",\"target\":{\"@type\":\"EntryPoint\",\"urlTemplate\":\"https:\/\/chiptuningmarket.com\/ru\/?s={search_term_string}\"},\"query-input\":{\"@type\":\"PropertyValueSpecification\",\"valueRequired\":true,\"valueName\":\"search_term_string\"}}],\"inLanguage\":\"pl-PL\"},{\"@type\":\"Organization\",\"@id\":\"https:\/\/chiptuningmarket.com\/ru\/#organization\",\"name\":\"Chiptuningmarket\",\"alternateName\":\"Chiptuning tools supplier\",\"url\":\"https:\/\/chiptuningmarket.com\/ru\/\",\"logo\":{\"@type\":\"ImageObject\",\"inLanguage\":\"pl-PL\",\"@id\":\"https:\/\/chiptuningmarket.com\/ru\/#\/schema\/logo\/image\/\",\"url\":\"https:\/\/chiptuningmarket.com\/wp-content\/uploads\/2023\/05\/logo-ChipTuningMarket-social.png\",\"contentUrl\":\"https:\/\/chiptuningmarket.com\/wp-content\/uploads\/2023\/05\/logo-ChipTuningMarket-social.png\",\"width\":512,\"height\":512,\"caption\":\"Chiptuningmarket\"},\"image\":{\"@id\":\"https:\/\/chiptuningmarket.com\/ru\/#\/schema\/logo\/image\/\"}}]}<\/script>\n<!-- \/ Yoast SEO plugin. -->","yoast_head_json":{"title":"Przew\u00f3d do GYSFLASH 30\/40\/50\/100\/102 d\u0142ugo\u015b\u0107 8m 056572 - Chiptuningmarket","description":"Przew\u00f3d do GYSFLASH 30\/40\/50\/100\/102 d\u0142ugo\u015b\u0107 8m 056572 - Przew\u00f3d \u0142aduj\u0105cy o d\u0142ugo\u015bci 8m do prostownik\u00f3w GYSFLASH -Przew\u00f3d 8,0 mm - 16 mm\u00b2 + zaciski\/ANDERSON","robots":{"index":"index","follow":"follow","max-snippet":"max-snippet:-1","max-image-preview":"max-image-preview:large","max-video-preview":"max-video-preview:-1"},"canonical":"https:\/\/chiptuningmarket.com\/pl\/shop\/elektronika-wyposazenie-pl\/zasilacze\/akcesoria-pl\/przewod-do-gysflash-30-40-50-100-102-dlugosc-8m-056572\/","og_locale":"pl_PL","og_type":"article","og_title":"Przew\u00f3d do GYSFLASH 30\/40\/50\/100\/102 d\u0142ugo\u015b\u0107 8m 056572 - Chiptuningmarket","og_description":"Przew\u00f3d do GYSFLASH 30\/40\/50\/100\/102 d\u0142ugo\u015b\u0107 8m 056572 - Przew\u00f3d \u0142aduj\u0105cy o d\u0142ugo\u015bci 8m do prostownik\u00f3w GYSFLASH -Przew\u00f3d 8,0 mm - 16 mm\u00b2 + zaciski\/ANDERSON","og_url":"https:\/\/chiptuningmarket.com\/pl\/shop\/elektronika-wyposazenie-pl\/zasilacze\/akcesoria-pl\/przewod-do-gysflash-30-40-50-100-102-dlugosc-8m-056572\/","og_site_name":"Chiptuningmarket","article_modified_time":"2025-12-17T13:26:31+00:00","og_image":[{"width":2048,"height":1253,"url":"https:\/\/chiptuningmarket.com\/wp-content\/uploads\/2025\/02\/PRZEWOD-GYSFLASH.jpg","type":"image\/jpeg"}],"twitter_card":"summary_large_image","twitter_misc":{"Szacowany czas czytania":"1 minuta"},"schema":{"@context":"https:\/\/schema.org","@graph":[{"@type":"WebPage","@id":"https:\/\/chiptuningmarket.com\/pl\/shop\/elektronika-wyposazenie-pl\/zasilacze\/akcesoria-pl\/przewod-do-gysflash-30-40-50-100-102-dlugosc-8m-056572\/","url":"https:\/\/chiptuningmarket.com\/pl\/shop\/elektronika-wyposazenie-pl\/zasilacze\/akcesoria-pl\/przewod-do-gysflash-30-40-50-100-102-dlugosc-8m-056572\/","name":"Przew\u00f3d do GYSFLASH 30\/40\/50\/100\/102 d\u0142ugo\u015b\u0107 8m 056572 - Chiptuningmarket","isPartOf":{"@id":"https:\/\/chiptuningmarket.com\/ru\/#website"},"primaryImageOfPage":{"@id":"https:\/\/chiptuningmarket.com\/pl\/shop\/elektronika-wyposazenie-pl\/zasilacze\/akcesoria-pl\/przewod-do-gysflash-30-40-50-100-102-dlugosc-8m-056572\/#primaryimage"},"image":{"@id":"https:\/\/chiptuningmarket.com\/pl\/shop\/elektronika-wyposazenie-pl\/zasilacze\/akcesoria-pl\/przewod-do-gysflash-30-40-50-100-102-dlugosc-8m-056572\/#primaryimage"},"thumbnailUrl":"https:\/\/chiptuningmarket.com\/wp-content\/uploads\/2025\/02\/PRZEWOD-GYSFLASH.jpg","datePublished":"2025-02-10T09:08:24+00:00","dateModified":"2025-12-17T13:26:31+00:00","description":"Przew\u00f3d do GYSFLASH 30\/40\/50\/100\/102 d\u0142ugo\u015b\u0107 8m 056572 - Przew\u00f3d \u0142aduj\u0105cy o d\u0142ugo\u015bci 8m do prostownik\u00f3w GYSFLASH -Przew\u00f3d 8,0 mm - 16 mm\u00b2 + zaciski\/ANDERSON","breadcrumb":{"@id":"https:\/\/chiptuningmarket.com\/pl\/shop\/elektronika-wyposazenie-pl\/zasilacze\/akcesoria-pl\/przewod-do-gysflash-30-40-50-100-102-dlugosc-8m-056572\/#breadcrumb"},"inLanguage":"pl-PL","potentialAction":[{"@type":"ReadAction","target":["https:\/\/chiptuningmarket.com\/pl\/shop\/elektronika-wyposazenie-pl\/zasilacze\/akcesoria-pl\/przewod-do-gysflash-30-40-50-100-102-dlugosc-8m-056572\/"]}]},{"@type":"ImageObject","inLanguage":"pl-PL","@id":"https:\/\/chiptuningmarket.com\/pl\/shop\/elektronika-wyposazenie-pl\/zasilacze\/akcesoria-pl\/przewod-do-gysflash-30-40-50-100-102-dlugosc-8m-056572\/#primaryimage","url":"https:\/\/chiptuningmarket.com\/wp-content\/uploads\/2025\/02\/PRZEWOD-GYSFLASH.jpg","contentUrl":"https:\/\/chiptuningmarket.com\/wp-content\/uploads\/2025\/02\/PRZEWOD-GYSFLASH.jpg","width":2048,"height":1253,"caption":"Przew\u00f3d do GYSFLASH 30\/40\/50\/100\/102 d\u0142ugo\u015b\u0107 8m 056572"},{"@type":"BreadcrumbList","@id":"https:\/\/chiptuningmarket.com\/pl\/shop\/elektronika-wyposazenie-pl\/zasilacze\/akcesoria-pl\/przewod-do-gysflash-30-40-50-100-102-dlugosc-8m-056572\/#breadcrumb","itemListElement":[{"@type":"ListItem","position":1,"name":"Home","item":"https:\/\/chiptuningmarket.com\/pl\/"},{"@type":"ListItem","position":2,"name":"Sklep","item":"https:\/\/chiptuningmarket.com\/pl\/shop\/"},{"@type":"ListItem","position":3,"name":"Przew\u00f3d do GYSFLASH 30\/40\/50\/100\/102 d\u0142ugo\u015b\u0107 8m 056572"}]},{"@type":"WebSite","@id":"https:\/\/chiptuningmarket.com\/ru\/#website","url":"https:\/\/chiptuningmarket.com\/ru\/","name":"Chiptuningmarket","description":"Biggest chiptuning shop in Europe","publisher":{"@id":"https:\/\/chiptuningmarket.com\/ru\/#organization"},"alternateName":"Worldwide ecu tools supplier","potentialAction":[{"@type":"SearchAction","target":{"@type":"EntryPoint","urlTemplate":"https:\/\/chiptuningmarket.com\/ru\/?s={search_term_string}"},"query-input":{"@type":"PropertyValueSpecification","valueRequired":true,"valueName":"search_term_string"}}],"inLanguage":"pl-PL"},{"@type":"Organization","@id":"https:\/\/chiptuningmarket.com\/ru\/#organization","name":"Chiptuningmarket","alternateName":"Chiptuning tools supplier","url":"https:\/\/chiptuningmarket.com\/ru\/","logo":{"@type":"ImageObject","inLanguage":"pl-PL","@id":"https:\/\/chiptuningmarket.com\/ru\/#\/schema\/logo\/image\/","url":"https:\/\/chiptuningmarket.com\/wp-content\/uploads\/2023\/05\/logo-ChipTuningMarket-social.png","contentUrl":"https:\/\/chiptuningmarket.com\/wp-content\/uploads\/2023\/05\/logo-ChipTuningMarket-social.png","width":512,"height":512,"caption":"Chiptuningmarket"},"image":{"@id":"https:\/\/chiptuningmarket.com\/ru\/#\/schema\/logo\/image\/"}}]}},"_links":{"self":[{"href":"https:\/\/chiptuningmarket.com\/pl\/wp-json\/wp\/v2\/product\/33647","targetHints":{"allow":["GET"]}}],"collection":[{"href":"https:\/\/chiptuningmarket.com\/pl\/wp-json\/wp\/v2\/product"}],"about":[{"href":"https:\/\/chiptuningmarket.com\/pl\/wp-json\/wp\/v2\/types\/product"}],"wp:featuredmedia":[{"embeddable":true,"href":"https:\/\/chiptuningmarket.com\/pl\/wp-json\/wp\/v2\/media\/33645"}],"wp:attachment":[{"href":"https:\/\/chiptuningmarket.com\/pl\/wp-json\/wp\/v2\/media?parent=33647"}],"wp:term":[{"taxonomy":"product_brand","embeddable":true,"href":"https:\/\/chiptuningmarket.com\/pl\/wp-json\/wp\/v2\/product_brand?post=33647"},{"taxonomy":"product_cat","embeddable":true,"href":"https:\/\/chiptuningmarket.com\/pl\/wp-json\/wp\/v2\/product_cat?post=33647"},{"taxonomy":"product_tag","embeddable":true,"href":"https:\/\/chiptuningmarket.com\/pl\/wp-json\/wp\/v2\/product_tag?post=33647"}],"curies":[{"name":"wp","href":"https:\/\/api.w.org\/{rel}","templated":true}]}}