{"id":33793,"date":"2025-02-10T14:49:06","date_gmt":"2025-02-10T13:49:06","guid":{"rendered":"https:\/\/chiptuningmarket.com\/?post_type=product&#038;p=33793"},"modified":"2025-02-11T08:37:16","modified_gmt":"2025-02-11T07:37:16","slug":"cyfrowy-miernik-temperatury-cojali-jt2006","status":"publish","type":"product","link":"https:\/\/chiptuningmarket.com\/pl\/shop\/akcesoria-chiptuning-pl\/jaltest-akcesoria-chiptuning-pl\/jaltest-tools-pl\/narzedzia-pl\/cyfrowy-miernik-temperatury-cojali-jt2006\/","title":{"rendered":"CYFROWY MIERNIK TEMPERATURY COJALI JT2006"},"content":{"rendered":"<h3 style=\"text-align: center\">CYFROWY MIERNIK TEMPERATURY COJALI JT2006<\/h3>\n<p>Cyfrowy miernik temperatury COJALI JT2006 to\u00a0 urz\u0105dzenie, kt\u00f3re szybko i dok\u0142adnie mierzy temperatur\u0119 powierzchni, analizuj\u0105c promieniowanie podczerwone emitowane przez dan\u0105 powierzchni\u0119. Dzi\u0119ki technologii bezdotykowego pomiaru, jest to doskona\u0142e narz\u0119dzie do szybkiego mierzenia temperatury w r\u00f3\u017cnych warunkach. Urz\u0105dzenie jest idealnym narz\u0119dziem do r\u00f3\u017cnorodnych zastosowa\u0144, w tym w diagnostyce technicznej, w przemy\u015ble, a tak\u017ce w codziennych pracach serwisowych i kontrolach temperatury.<\/p>\n<h4>Funkcje produktu:<\/h4>\n<ul>\n<li><strong>Pod\u015bwietlenie LCD<\/strong>: Wy\u015bwietlacz LCD z pod\u015bwietleniem, umo\u017cliwiaj\u0105cy \u0142atwy odczyt w ciemniejszych warunkach<\/li>\n<li><strong>Automatyczne zapisywanie danych<\/strong>: Funkcja automatycznego zapisu pomiar\u00f3w przez 8 sekund<\/li>\n<li><strong>Automatyczne wy\u0142\u0105czanie<\/strong>: Urz\u0105dzenie automatycznie si\u0119 wy\u0142\u0105cza, co oszcz\u0119dza energi\u0119<\/li>\n<li><strong>Wyb\u00f3r jednostki temperatury<\/strong>: Mo\u017cliwo\u015b\u0107 prze\u0142\u0105czania mi\u0119dzy \u00b0C a \u00b0F<\/li>\n<li><strong>Typ baterii<\/strong>: AAA 1.5V x 2<\/li>\n<li><strong>Funkcja hold<\/strong>: Umo\u017cliwia zatrzymanie wyniku pomiaru na wy\u015bwietlaczu<\/li>\n<li><strong>Wymiary<\/strong>: 135 x 94 x 36 mm<\/li>\n<li><strong>Czas reakcji<\/strong>: 500 ms<\/li>\n<li><strong>Zakres temperatury<\/strong>: -20\u00baC ~ 400\u00baC<\/li>\n<\/ul>\n","protected":false},"excerpt":{"rendered":"<h3 style=\"text-align: center\">CYFROWY MIERNIK TEMPERATURY COJALI JT2006<\/h3>\n<p>Cyfrowy miernik temperatury COJALI JT2006 to\u00a0 urz\u0105dzenie, kt\u00f3re szybko i dok\u0142adnie mierzy temperatur\u0119 powierzchni, analizuj\u0105c promieniowanie podczerwone emitowane przez dan\u0105 powierzchni\u0119. Dzi\u0119ki technologii bezdotykowego pomiaru, jest to doskona\u0142e narz\u0119dzie do szybkiego mierzenia temperatury w r\u00f3\u017cnych warunkach. Urz\u0105dzenie jest idealnym narz\u0119dziem do r\u00f3\u017cnorodnych zastosowa\u0144, w tym w diagnostyce technicznej, w przemy\u015ble, a tak\u017ce w codziennych pracach serwisowych i kontrolach temperatury.<\/p>\n","protected":false},"featured_media":33764,"template":"","meta":{"_monsterinsights_skip_tracking":false,"_monsterinsights_sitenote_active":false,"_monsterinsights_sitenote_note":"","_monsterinsights_sitenote_category":0},"product_brand":[],"product_cat":[5060,5121,5128],"product_tag":[5905,5913,5906],"class_list":{"0":"post-33793","1":"product","2":"type-product","3":"status-publish","4":"has-post-thumbnail","6":"product_cat-akcesoria-chiptuning-pl","7":"product_cat-jaltest-tools-pl","8":"product_cat-narzedzia-pl","9":"product_tag-cojali","10":"product_tag-cojali-jt2006-pl","11":"product_tag-cyfrowy-miernik-temperatury","13":"first","14":"instock","15":"taxable","16":"shipping-taxable","17":"purchasable","18":"product-type-simple"},"yoast_head":"<!-- This site is optimized with the Yoast SEO plugin v25.2 - https:\/\/yoast.com\/wordpress\/plugins\/seo\/ -->\n<title>CYFROWY MIERNIK TEMPERATURY COJALI JT2006 - Chiptuningmarket<\/title>\n<meta name=\"description\" content=\"CYFROWY MIERNIK TEMPERATURY COJALI JT2006 - urz\u0105dzenie, kt\u00f3re szybko i dok\u0142adnie mierzy temperatur\u0119 powierzchni - Zakres temperatury: -20\u00baC ~ 400\u00baC\" \/>\n<meta name=\"robots\" content=\"index, follow, max-snippet:-1, max-image-preview:large, max-video-preview:-1\" \/>\n<link rel=\"canonical\" href=\"https:\/\/chiptuningmarket.com\/pl\/shop\/akcesoria-chiptuning-pl\/jaltest-akcesoria-chiptuning-pl\/jaltest-tools-pl\/narzedzia-pl\/cyfrowy-miernik-temperatury-cojali-jt2006\/\" \/>\n<meta property=\"og:locale\" content=\"pl_PL\" \/>\n<meta property=\"og:type\" content=\"article\" \/>\n<meta property=\"og:title\" content=\"CYFROWY MIERNIK TEMPERATURY COJALI JT2006 - Chiptuningmarket\" \/>\n<meta property=\"og:description\" content=\"CYFROWY MIERNIK TEMPERATURY COJALI JT2006 - urz\u0105dzenie, kt\u00f3re szybko i dok\u0142adnie mierzy temperatur\u0119 powierzchni - Zakres temperatury: -20\u00baC ~ 400\u00baC\" \/>\n<meta property=\"og:url\" content=\"https:\/\/chiptuningmarket.com\/pl\/shop\/akcesoria-chiptuning-pl\/jaltest-akcesoria-chiptuning-pl\/jaltest-tools-pl\/narzedzia-pl\/cyfrowy-miernik-temperatury-cojali-jt2006\/\" \/>\n<meta property=\"og:site_name\" content=\"Chiptuningmarket\" \/>\n<meta property=\"article:modified_time\" content=\"2025-02-11T07:37:16+00:00\" \/>\n<meta property=\"og:image\" content=\"https:\/\/chiptuningmarket.com\/wp-content\/uploads\/2025\/02\/50002006-3.png\" \/>\n\t<meta property=\"og:image:width\" content=\"1024\" \/>\n\t<meta property=\"og:image:height\" content=\"682\" \/>\n\t<meta property=\"og:image:type\" content=\"image\/png\" \/>\n<meta name=\"twitter:card\" content=\"summary_large_image\" \/>\n<meta name=\"twitter:label1\" content=\"Szacowany czas czytania\" \/>\n\t<meta name=\"twitter:data1\" content=\"1 minuta\" \/>\n<script type=\"application\/ld+json\" class=\"yoast-schema-graph\">{\"@context\":\"https:\/\/schema.org\",\"@graph\":[{\"@type\":\"WebPage\",\"@id\":\"https:\/\/chiptuningmarket.com\/pl\/shop\/akcesoria-chiptuning-pl\/jaltest-akcesoria-chiptuning-pl\/jaltest-tools-pl\/narzedzia-pl\/cyfrowy-miernik-temperatury-cojali-jt2006\/\",\"url\":\"https:\/\/chiptuningmarket.com\/pl\/shop\/akcesoria-chiptuning-pl\/jaltest-akcesoria-chiptuning-pl\/jaltest-tools-pl\/narzedzia-pl\/cyfrowy-miernik-temperatury-cojali-jt2006\/\",\"name\":\"CYFROWY MIERNIK TEMPERATURY COJALI JT2006 - Chiptuningmarket\",\"isPartOf\":{\"@id\":\"https:\/\/chiptuningmarket.com\/pl\/#website\"},\"primaryImageOfPage\":{\"@id\":\"https:\/\/chiptuningmarket.com\/pl\/shop\/akcesoria-chiptuning-pl\/jaltest-akcesoria-chiptuning-pl\/jaltest-tools-pl\/narzedzia-pl\/cyfrowy-miernik-temperatury-cojali-jt2006\/#primaryimage\"},\"image\":{\"@id\":\"https:\/\/chiptuningmarket.com\/pl\/shop\/akcesoria-chiptuning-pl\/jaltest-akcesoria-chiptuning-pl\/jaltest-tools-pl\/narzedzia-pl\/cyfrowy-miernik-temperatury-cojali-jt2006\/#primaryimage\"},\"thumbnailUrl\":\"https:\/\/chiptuningmarket.com\/wp-content\/uploads\/2025\/02\/50002006-3.png\",\"datePublished\":\"2025-02-10T13:49:06+00:00\",\"dateModified\":\"2025-02-11T07:37:16+00:00\",\"description\":\"CYFROWY MIERNIK TEMPERATURY COJALI JT2006 - urz\u0105dzenie, kt\u00f3re szybko i dok\u0142adnie mierzy temperatur\u0119 powierzchni - Zakres temperatury: -20\u00baC ~ 400\u00baC\",\"breadcrumb\":{\"@id\":\"https:\/\/chiptuningmarket.com\/pl\/shop\/akcesoria-chiptuning-pl\/jaltest-akcesoria-chiptuning-pl\/jaltest-tools-pl\/narzedzia-pl\/cyfrowy-miernik-temperatury-cojali-jt2006\/#breadcrumb\"},\"inLanguage\":\"pl-PL\",\"potentialAction\":[{\"@type\":\"ReadAction\",\"target\":[\"https:\/\/chiptuningmarket.com\/pl\/shop\/akcesoria-chiptuning-pl\/jaltest-akcesoria-chiptuning-pl\/jaltest-tools-pl\/narzedzia-pl\/cyfrowy-miernik-temperatury-cojali-jt2006\/\"]}]},{\"@type\":\"ImageObject\",\"inLanguage\":\"pl-PL\",\"@id\":\"https:\/\/chiptuningmarket.com\/pl\/shop\/akcesoria-chiptuning-pl\/jaltest-akcesoria-chiptuning-pl\/jaltest-tools-pl\/narzedzia-pl\/cyfrowy-miernik-temperatury-cojali-jt2006\/#primaryimage\",\"url\":\"https:\/\/chiptuningmarket.com\/wp-content\/uploads\/2025\/02\/50002006-3.png\",\"contentUrl\":\"https:\/\/chiptuningmarket.com\/wp-content\/uploads\/2025\/02\/50002006-3.png\",\"width\":1024,\"height\":682,\"caption\":\"CYFROWY MIERNIK TEMPERATURY COJALI JT2006\"},{\"@type\":\"BreadcrumbList\",\"@id\":\"https:\/\/chiptuningmarket.com\/pl\/shop\/akcesoria-chiptuning-pl\/jaltest-akcesoria-chiptuning-pl\/jaltest-tools-pl\/narzedzia-pl\/cyfrowy-miernik-temperatury-cojali-jt2006\/#breadcrumb\",\"itemListElement\":[{\"@type\":\"ListItem\",\"position\":1,\"name\":\"Home\",\"item\":\"https:\/\/chiptuningmarket.com\/pl\/\"},{\"@type\":\"ListItem\",\"position\":2,\"name\":\"Sklep\",\"item\":\"https:\/\/chiptuningmarket.com\/pl\/shop\/\"},{\"@type\":\"ListItem\",\"position\":3,\"name\":\"CYFROWY MIERNIK TEMPERATURY COJALI JT2006\"}]},{\"@type\":\"WebSite\",\"@id\":\"https:\/\/chiptuningmarket.com\/pl\/#website\",\"url\":\"https:\/\/chiptuningmarket.com\/pl\/\",\"name\":\"Chiptuningmarket\",\"description\":\"Biggest chiptuning shop in Europe\",\"publisher\":{\"@id\":\"https:\/\/chiptuningmarket.com\/pl\/#organization\"},\"alternateName\":\"Worldwide ecu tools supplier\",\"potentialAction\":[{\"@type\":\"SearchAction\",\"target\":{\"@type\":\"EntryPoint\",\"urlTemplate\":\"https:\/\/chiptuningmarket.com\/pl\/?s={search_term_string}\"},\"query-input\":{\"@type\":\"PropertyValueSpecification\",\"valueRequired\":true,\"valueName\":\"search_term_string\"}}],\"inLanguage\":\"pl-PL\"},{\"@type\":\"Organization\",\"@id\":\"https:\/\/chiptuningmarket.com\/pl\/#organization\",\"name\":\"Chiptuningmarket\",\"alternateName\":\"Chiptuning tools supplier\",\"url\":\"https:\/\/chiptuningmarket.com\/pl\/\",\"logo\":{\"@type\":\"ImageObject\",\"inLanguage\":\"pl-PL\",\"@id\":\"https:\/\/chiptuningmarket.com\/pl\/#\/schema\/logo\/image\/\",\"url\":\"https:\/\/chiptuningmarket.com\/wp-content\/uploads\/2023\/05\/logo-ChipTuningMarket-social.png\",\"contentUrl\":\"https:\/\/chiptuningmarket.com\/wp-content\/uploads\/2023\/05\/logo-ChipTuningMarket-social.png\",\"width\":512,\"height\":512,\"caption\":\"Chiptuningmarket\"},\"image\":{\"@id\":\"https:\/\/chiptuningmarket.com\/pl\/#\/schema\/logo\/image\/\"}}]}<\/script>\n<!-- \/ Yoast SEO plugin. -->","yoast_head_json":{"title":"CYFROWY MIERNIK TEMPERATURY COJALI JT2006 - Chiptuningmarket","description":"CYFROWY MIERNIK TEMPERATURY COJALI JT2006 - urz\u0105dzenie, kt\u00f3re szybko i dok\u0142adnie mierzy temperatur\u0119 powierzchni - Zakres temperatury: -20\u00baC ~ 400\u00baC","robots":{"index":"index","follow":"follow","max-snippet":"max-snippet:-1","max-image-preview":"max-image-preview:large","max-video-preview":"max-video-preview:-1"},"canonical":"https:\/\/chiptuningmarket.com\/pl\/shop\/akcesoria-chiptuning-pl\/jaltest-akcesoria-chiptuning-pl\/jaltest-tools-pl\/narzedzia-pl\/cyfrowy-miernik-temperatury-cojali-jt2006\/","og_locale":"pl_PL","og_type":"article","og_title":"CYFROWY MIERNIK TEMPERATURY COJALI JT2006 - Chiptuningmarket","og_description":"CYFROWY MIERNIK TEMPERATURY COJALI JT2006 - urz\u0105dzenie, kt\u00f3re szybko i dok\u0142adnie mierzy temperatur\u0119 powierzchni - Zakres temperatury: -20\u00baC ~ 400\u00baC","og_url":"https:\/\/chiptuningmarket.com\/pl\/shop\/akcesoria-chiptuning-pl\/jaltest-akcesoria-chiptuning-pl\/jaltest-tools-pl\/narzedzia-pl\/cyfrowy-miernik-temperatury-cojali-jt2006\/","og_site_name":"Chiptuningmarket","article_modified_time":"2025-02-11T07:37:16+00:00","og_image":[{"width":1024,"height":682,"url":"https:\/\/chiptuningmarket.com\/wp-content\/uploads\/2025\/02\/50002006-3.png","type":"image\/png"}],"twitter_card":"summary_large_image","twitter_misc":{"Szacowany czas czytania":"1 minuta"},"schema":{"@context":"https:\/\/schema.org","@graph":[{"@type":"WebPage","@id":"https:\/\/chiptuningmarket.com\/pl\/shop\/akcesoria-chiptuning-pl\/jaltest-akcesoria-chiptuning-pl\/jaltest-tools-pl\/narzedzia-pl\/cyfrowy-miernik-temperatury-cojali-jt2006\/","url":"https:\/\/chiptuningmarket.com\/pl\/shop\/akcesoria-chiptuning-pl\/jaltest-akcesoria-chiptuning-pl\/jaltest-tools-pl\/narzedzia-pl\/cyfrowy-miernik-temperatury-cojali-jt2006\/","name":"CYFROWY MIERNIK TEMPERATURY COJALI JT2006 - Chiptuningmarket","isPartOf":{"@id":"https:\/\/chiptuningmarket.com\/pl\/#website"},"primaryImageOfPage":{"@id":"https:\/\/chiptuningmarket.com\/pl\/shop\/akcesoria-chiptuning-pl\/jaltest-akcesoria-chiptuning-pl\/jaltest-tools-pl\/narzedzia-pl\/cyfrowy-miernik-temperatury-cojali-jt2006\/#primaryimage"},"image":{"@id":"https:\/\/chiptuningmarket.com\/pl\/shop\/akcesoria-chiptuning-pl\/jaltest-akcesoria-chiptuning-pl\/jaltest-tools-pl\/narzedzia-pl\/cyfrowy-miernik-temperatury-cojali-jt2006\/#primaryimage"},"thumbnailUrl":"https:\/\/chiptuningmarket.com\/wp-content\/uploads\/2025\/02\/50002006-3.png","datePublished":"2025-02-10T13:49:06+00:00","dateModified":"2025-02-11T07:37:16+00:00","description":"CYFROWY MIERNIK TEMPERATURY COJALI JT2006 - urz\u0105dzenie, kt\u00f3re szybko i dok\u0142adnie mierzy temperatur\u0119 powierzchni - Zakres temperatury: -20\u00baC ~ 400\u00baC","breadcrumb":{"@id":"https:\/\/chiptuningmarket.com\/pl\/shop\/akcesoria-chiptuning-pl\/jaltest-akcesoria-chiptuning-pl\/jaltest-tools-pl\/narzedzia-pl\/cyfrowy-miernik-temperatury-cojali-jt2006\/#breadcrumb"},"inLanguage":"pl-PL","potentialAction":[{"@type":"ReadAction","target":["https:\/\/chiptuningmarket.com\/pl\/shop\/akcesoria-chiptuning-pl\/jaltest-akcesoria-chiptuning-pl\/jaltest-tools-pl\/narzedzia-pl\/cyfrowy-miernik-temperatury-cojali-jt2006\/"]}]},{"@type":"ImageObject","inLanguage":"pl-PL","@id":"https:\/\/chiptuningmarket.com\/pl\/shop\/akcesoria-chiptuning-pl\/jaltest-akcesoria-chiptuning-pl\/jaltest-tools-pl\/narzedzia-pl\/cyfrowy-miernik-temperatury-cojali-jt2006\/#primaryimage","url":"https:\/\/chiptuningmarket.com\/wp-content\/uploads\/2025\/02\/50002006-3.png","contentUrl":"https:\/\/chiptuningmarket.com\/wp-content\/uploads\/2025\/02\/50002006-3.png","width":1024,"height":682,"caption":"CYFROWY MIERNIK TEMPERATURY COJALI JT2006"},{"@type":"BreadcrumbList","@id":"https:\/\/chiptuningmarket.com\/pl\/shop\/akcesoria-chiptuning-pl\/jaltest-akcesoria-chiptuning-pl\/jaltest-tools-pl\/narzedzia-pl\/cyfrowy-miernik-temperatury-cojali-jt2006\/#breadcrumb","itemListElement":[{"@type":"ListItem","position":1,"name":"Home","item":"https:\/\/chiptuningmarket.com\/pl\/"},{"@type":"ListItem","position":2,"name":"Sklep","item":"https:\/\/chiptuningmarket.com\/pl\/shop\/"},{"@type":"ListItem","position":3,"name":"CYFROWY MIERNIK TEMPERATURY COJALI JT2006"}]},{"@type":"WebSite","@id":"https:\/\/chiptuningmarket.com\/pl\/#website","url":"https:\/\/chiptuningmarket.com\/pl\/","name":"Chiptuningmarket","description":"Biggest chiptuning shop in Europe","publisher":{"@id":"https:\/\/chiptuningmarket.com\/pl\/#organization"},"alternateName":"Worldwide ecu tools supplier","potentialAction":[{"@type":"SearchAction","target":{"@type":"EntryPoint","urlTemplate":"https:\/\/chiptuningmarket.com\/pl\/?s={search_term_string}"},"query-input":{"@type":"PropertyValueSpecification","valueRequired":true,"valueName":"search_term_string"}}],"inLanguage":"pl-PL"},{"@type":"Organization","@id":"https:\/\/chiptuningmarket.com\/pl\/#organization","name":"Chiptuningmarket","alternateName":"Chiptuning tools supplier","url":"https:\/\/chiptuningmarket.com\/pl\/","logo":{"@type":"ImageObject","inLanguage":"pl-PL","@id":"https:\/\/chiptuningmarket.com\/pl\/#\/schema\/logo\/image\/","url":"https:\/\/chiptuningmarket.com\/wp-content\/uploads\/2023\/05\/logo-ChipTuningMarket-social.png","contentUrl":"https:\/\/chiptuningmarket.com\/wp-content\/uploads\/2023\/05\/logo-ChipTuningMarket-social.png","width":512,"height":512,"caption":"Chiptuningmarket"},"image":{"@id":"https:\/\/chiptuningmarket.com\/pl\/#\/schema\/logo\/image\/"}}]}},"_links":{"self":[{"href":"https:\/\/chiptuningmarket.com\/pl\/wp-json\/wp\/v2\/product\/33793","targetHints":{"allow":["GET"]}}],"collection":[{"href":"https:\/\/chiptuningmarket.com\/pl\/wp-json\/wp\/v2\/product"}],"about":[{"href":"https:\/\/chiptuningmarket.com\/pl\/wp-json\/wp\/v2\/types\/product"}],"wp:featuredmedia":[{"embeddable":true,"href":"https:\/\/chiptuningmarket.com\/pl\/wp-json\/wp\/v2\/media\/33764"}],"wp:attachment":[{"href":"https:\/\/chiptuningmarket.com\/pl\/wp-json\/wp\/v2\/media?parent=33793"}],"wp:term":[{"taxonomy":"product_brand","embeddable":true,"href":"https:\/\/chiptuningmarket.com\/pl\/wp-json\/wp\/v2\/product_brand?post=33793"},{"taxonomy":"product_cat","embeddable":true,"href":"https:\/\/chiptuningmarket.com\/pl\/wp-json\/wp\/v2\/product_cat?post=33793"},{"taxonomy":"product_tag","embeddable":true,"href":"https:\/\/chiptuningmarket.com\/pl\/wp-json\/wp\/v2\/product_tag?post=33793"}],"curies":[{"name":"wp","href":"https:\/\/api.w.org\/{rel}","templated":true}]}}