{"id":34316,"date":"2025-02-17T15:20:53","date_gmt":"2025-02-17T14:20:53","guid":{"rendered":"https:\/\/chiptuningmarket.com\/?post_type=product&#038;p=34316"},"modified":"2025-02-17T15:20:55","modified_gmt":"2025-02-17T14:20:55","slug":"vag-obdeleven-ultimate-36-miesieczny-plan-ultimate","status":"publish","type":"product","link":"https:\/\/chiptuningmarket.com\/pl\/shop\/urzadzenia-diagnostyczne-pl-pl\/osobowe-urzadzenia-diagnostyczne-pl\/urzadzenia-diagnostyczne-obdeleven\/vag-obdeleven-ultimate-36-miesieczny-plan-ultimate\/","title":{"rendered":"VAG OBDEleven Ultimate + 36 miesi\u0119czny plan ULTIMATE"},"content":{"rendered":"<h3 style=\"text-align: center\"><strong>VAG OBDEleven ultimate pack + 36 miesi\u0119czny plan ULTIMATE<\/strong><\/h3>\n<p><a href=\"https:\/\/chiptuningmarket.com\/wp-content\/uploads\/2025\/02\/ultimate-pack.png\"><img decoding=\"async\" class=\"aligncenter wp-image-34317 \" src=\"https:\/\/chiptuningmarket.com\/wp-content\/uploads\/2025\/02\/ultimate-pack.png\" alt=\"\" width=\"422\" height=\"537\" srcset=\"https:\/\/chiptuningmarket.com\/wp-content\/uploads\/2025\/02\/ultimate-pack.png 804w, https:\/\/chiptuningmarket.com\/wp-content\/uploads\/2025\/02\/ultimate-pack-236x300.png 236w, https:\/\/chiptuningmarket.com\/wp-content\/uploads\/2025\/02\/ultimate-pack-768x978.png 768w, https:\/\/chiptuningmarket.com\/wp-content\/uploads\/2025\/02\/ultimate-pack-600x764.png 600w\" sizes=\"(max-width: 422px) 100vw, 422px\" \/><\/a><\/p>\n<p><strong>Zestaw zawiera:<\/strong><\/p>\n<p>-Urz\u0105dzenie NextGen &#8211; kompatybilne z systemami iOS, Android i Harmony<\/p>\n<p>-36-miesi\u0119czny plan ULTIMATE (tylko VAG)<\/p>\n<p>&nbsp;<\/p>\n<p>Plan ULTIMATE zostanie zrealizowany po po\u0142\u0105czeniu aplikacji z urz\u0105dzeniem<\/p>\n<p>* Urz\u0105dzenie OBDeleven NextGen obs\u0142uguje zar\u00f3wno pojazdy Volkswagen Group (VAG), jak i BMW Group (seria F, G &amp; I), ale dost\u0119pne funkcje i plany mog\u0105 si\u0119 r\u00f3\u017cni\u0107.<\/p>\n<p><strong>Profesjonalne<\/strong> narz\u0119dzie diagnostyczne w Twojej kieszeni<\/p>\n<p>Pakiet ULTIMATE jest idealnym rozwi\u0105zaniem dla tych, kt\u00f3rzy pracuj\u0105 z du\u017c\u0105 liczb\u0105 samochod\u00f3w. Z nieograniczon\u0105 liczb\u0105 aplikacji One-Click, danymi RAW i OCA builder, nie ma ogranicze\u0144 co do tego, co mo\u017cna zrobi\u0107 z najwy\u017cszym planem OBDeleven.<\/p>\n<p>Oficjalnie licencjonowany przez Volkswagen Group (VAG) i BMW Group.<\/p>\n<p>Funkcjonalno\u015b\u0107:<\/p>\n<p>Cechy PODSTAWOWE.<\/p>\n<p>-Diagnostyka na poziomie producenta<br \/>\n-Kasowanie usterek\/kod\u00f3w usterek<br \/>\n-Aplikacje One-Click (wst\u0119pne dostosowania samochodu)<br \/>\n-Odblokowanie SFD (tylko VAG)<br \/>\n-Dane na \u017cywo (tylko VAG)<\/p>\n<p>Funkcje PRO (tylko VAG)<\/p>\n<p>-Kodowanie \/ d\u0142ugie kodowanie<br \/>\n-Adaptacje \/ D\u0142ugie adaptacje<br \/>\n-Reset jednostki steruj\u0105cej (UDS)<br \/>\n-Zamro\u017cenie kodu usterki<br \/>\n-Ustawienia podstawowe<br \/>\n-wi\u0119cej<\/p>\n<p>Funkcje ULTIMATE (tylko VAG)<\/p>\n<p>-UNLIMITED One-Click Apps (predefiniowane modyfikacje samochodu)<br \/>\n-OCAbuilder (samodzielne tworzenie aplikacji One-Click)<br \/>\n-Dane RAW<\/p>\n<p>Wystarczy pod\u0142\u0105czy\u0107 urz\u0105dzenie do portu OBD-II samochodu, pobra\u0107 aplikacj\u0119 mobiln\u0105 (obs\u0142ugiwan\u0105 przez systemy iOS, Android i Harmony).<\/p>\n<p><a href=\"https:\/\/chiptuningmarket.com\/pl\/shop\/urzadzenia-diagnostyczne-pl-pl\/osobowe-urzadzenia-diagnostyczne-pl\/urzadzenia-diagnostyczne-obdeleven\/vag-obdeleven-next-generation-pro-v2-bluetooth\/\"><span style=\"color: #0000ff\">VAG OBDeleven Next generation PRO v2 Bluetooth<\/span><\/a><br \/>\n<a href=\"https:\/\/chiptuningmarket.com\/pl\/shop\/urzadzenia-diagnostyczne-pl-pl\/osobowe-urzadzenia-diagnostyczne-pl\/urzadzenia-diagnostyczne-obdeleven\/vag-obdeleven-pro-bluetooth\/\"><span style=\"color: #0000ff\">VAG OBDeleven PRO Bluetooth<\/span><\/a><\/p>\n","protected":false},"excerpt":{"rendered":"<p>VAG OBDEleven Ultimate pozwala na diagnostyk\u0119 pojazd\u00f3w grupy VAG oraz marki BMW. OBDEleven daje mo\u017cliwo\u015b\u0107 kodowania dodatkowych funkcji.<\/p>\n","protected":false},"featured_media":34322,"template":"","meta":{"_monsterinsights_skip_tracking":false,"_monsterinsights_sitenote_active":false,"_monsterinsights_sitenote_note":"","_monsterinsights_sitenote_category":0},"product_brand":[],"product_cat":[5059,5686],"product_tag":[6635,6633,6634],"class_list":{"0":"post-34316","1":"product","2":"type-product","3":"status-publish","4":"has-post-thumbnail","6":"product_cat-urzadzenia-diagnostyczne-pl-pl","7":"product_cat-urzadzenia-diagnostyczne-obdeleven","8":"product_tag-obdeleven-pl","9":"product_tag-obdeleven-ultimate","10":"product_tag-vag-obdeleven","12":"first","13":"instock","14":"taxable","15":"shipping-taxable","16":"purchasable","17":"product-type-simple"},"yoast_head":"<!-- This site is optimized with the Yoast SEO plugin v25.2 - https:\/\/yoast.com\/wordpress\/plugins\/seo\/ -->\n<title>VAG OBDEleven Ultimate + 36 miesi\u0119czny plan ULTIMATE - Chiptuningmarket<\/title>\n<meta name=\"description\" content=\"VAG OBDEleven ultimate pack pozwala na diagnostyk\u0119 pojazd\u00f3w grupy VAG oraz marki BMW. OBDEleven daje mo\u017cliwo\u015b\u0107 kodowania dodatkowych funkcji.\" \/>\n<meta name=\"robots\" content=\"index, follow, max-snippet:-1, max-image-preview:large, max-video-preview:-1\" \/>\n<link rel=\"canonical\" href=\"https:\/\/chiptuningmarket.com\/pl\/shop\/urzadzenia-diagnostyczne-pl-pl\/osobowe-urzadzenia-diagnostyczne-pl\/urzadzenia-diagnostyczne-obdeleven\/vag-obdeleven-ultimate-36-miesieczny-plan-ultimate\/\" \/>\n<meta property=\"og:locale\" content=\"pl_PL\" \/>\n<meta property=\"og:type\" content=\"article\" \/>\n<meta property=\"og:title\" content=\"VAG OBDEleven Ultimate + 36 miesi\u0119czny plan ULTIMATE - Chiptuningmarket\" \/>\n<meta property=\"og:description\" content=\"VAG OBDEleven ultimate pack pozwala na diagnostyk\u0119 pojazd\u00f3w grupy VAG oraz marki BMW. OBDEleven daje mo\u017cliwo\u015b\u0107 kodowania dodatkowych funkcji.\" \/>\n<meta property=\"og:url\" content=\"https:\/\/chiptuningmarket.com\/pl\/shop\/urzadzenia-diagnostyczne-pl-pl\/osobowe-urzadzenia-diagnostyczne-pl\/urzadzenia-diagnostyczne-obdeleven\/vag-obdeleven-ultimate-36-miesieczny-plan-ultimate\/\" \/>\n<meta property=\"og:site_name\" content=\"Chiptuningmarket\" \/>\n<meta property=\"article:modified_time\" content=\"2025-02-17T14:20:55+00:00\" \/>\n<meta property=\"og:image\" content=\"https:\/\/chiptuningmarket.com\/wp-content\/uploads\/2025\/02\/OBDeleven.webp\" \/>\n\t<meta property=\"og:image:width\" content=\"900\" \/>\n\t<meta property=\"og:image:height\" content=\"900\" \/>\n\t<meta property=\"og:image:type\" content=\"image\/webp\" \/>\n<meta name=\"twitter:card\" content=\"summary_large_image\" \/>\n<meta name=\"twitter:label1\" content=\"Szacowany czas czytania\" \/>\n\t<meta name=\"twitter:data1\" content=\"2 minuty\" \/>\n<script type=\"application\/ld+json\" class=\"yoast-schema-graph\">{\"@context\":\"https:\/\/schema.org\",\"@graph\":[{\"@type\":\"WebPage\",\"@id\":\"https:\/\/chiptuningmarket.com\/pl\/shop\/urzadzenia-diagnostyczne-pl-pl\/osobowe-urzadzenia-diagnostyczne-pl\/urzadzenia-diagnostyczne-obdeleven\/vag-obdeleven-ultimate-36-miesieczny-plan-ultimate\/\",\"url\":\"https:\/\/chiptuningmarket.com\/pl\/shop\/urzadzenia-diagnostyczne-pl-pl\/osobowe-urzadzenia-diagnostyczne-pl\/urzadzenia-diagnostyczne-obdeleven\/vag-obdeleven-ultimate-36-miesieczny-plan-ultimate\/\",\"name\":\"VAG OBDEleven Ultimate + 36 miesi\u0119czny plan ULTIMATE - Chiptuningmarket\",\"isPartOf\":{\"@id\":\"https:\/\/chiptuningmarket.com\/pl\/#website\"},\"primaryImageOfPage\":{\"@id\":\"https:\/\/chiptuningmarket.com\/pl\/shop\/urzadzenia-diagnostyczne-pl-pl\/osobowe-urzadzenia-diagnostyczne-pl\/urzadzenia-diagnostyczne-obdeleven\/vag-obdeleven-ultimate-36-miesieczny-plan-ultimate\/#primaryimage\"},\"image\":{\"@id\":\"https:\/\/chiptuningmarket.com\/pl\/shop\/urzadzenia-diagnostyczne-pl-pl\/osobowe-urzadzenia-diagnostyczne-pl\/urzadzenia-diagnostyczne-obdeleven\/vag-obdeleven-ultimate-36-miesieczny-plan-ultimate\/#primaryimage\"},\"thumbnailUrl\":\"https:\/\/chiptuningmarket.com\/wp-content\/uploads\/2025\/02\/OBDeleven.webp\",\"datePublished\":\"2025-02-17T14:20:53+00:00\",\"dateModified\":\"2025-02-17T14:20:55+00:00\",\"description\":\"VAG OBDEleven ultimate pack pozwala na diagnostyk\u0119 pojazd\u00f3w grupy VAG oraz marki BMW. OBDEleven daje mo\u017cliwo\u015b\u0107 kodowania dodatkowych funkcji.\",\"breadcrumb\":{\"@id\":\"https:\/\/chiptuningmarket.com\/pl\/shop\/urzadzenia-diagnostyczne-pl-pl\/osobowe-urzadzenia-diagnostyczne-pl\/urzadzenia-diagnostyczne-obdeleven\/vag-obdeleven-ultimate-36-miesieczny-plan-ultimate\/#breadcrumb\"},\"inLanguage\":\"pl-PL\",\"potentialAction\":[{\"@type\":\"ReadAction\",\"target\":[\"https:\/\/chiptuningmarket.com\/pl\/shop\/urzadzenia-diagnostyczne-pl-pl\/osobowe-urzadzenia-diagnostyczne-pl\/urzadzenia-diagnostyczne-obdeleven\/vag-obdeleven-ultimate-36-miesieczny-plan-ultimate\/\"]}]},{\"@type\":\"ImageObject\",\"inLanguage\":\"pl-PL\",\"@id\":\"https:\/\/chiptuningmarket.com\/pl\/shop\/urzadzenia-diagnostyczne-pl-pl\/osobowe-urzadzenia-diagnostyczne-pl\/urzadzenia-diagnostyczne-obdeleven\/vag-obdeleven-ultimate-36-miesieczny-plan-ultimate\/#primaryimage\",\"url\":\"https:\/\/chiptuningmarket.com\/wp-content\/uploads\/2025\/02\/OBDeleven.webp\",\"contentUrl\":\"https:\/\/chiptuningmarket.com\/wp-content\/uploads\/2025\/02\/OBDeleven.webp\",\"width\":900,\"height\":900,\"caption\":\"VAG OBDEleven Ultimate + 36 miesi\u0119czny plan ULTIMATE\"},{\"@type\":\"BreadcrumbList\",\"@id\":\"https:\/\/chiptuningmarket.com\/pl\/shop\/urzadzenia-diagnostyczne-pl-pl\/osobowe-urzadzenia-diagnostyczne-pl\/urzadzenia-diagnostyczne-obdeleven\/vag-obdeleven-ultimate-36-miesieczny-plan-ultimate\/#breadcrumb\",\"itemListElement\":[{\"@type\":\"ListItem\",\"position\":1,\"name\":\"Home\",\"item\":\"https:\/\/chiptuningmarket.com\/pl\/\"},{\"@type\":\"ListItem\",\"position\":2,\"name\":\"Sklep\",\"item\":\"https:\/\/chiptuningmarket.com\/pl\/shop\/\"},{\"@type\":\"ListItem\",\"position\":3,\"name\":\"VAG OBDEleven Ultimate + 36 miesi\u0119czny plan ULTIMATE\"}]},{\"@type\":\"WebSite\",\"@id\":\"https:\/\/chiptuningmarket.com\/pl\/#website\",\"url\":\"https:\/\/chiptuningmarket.com\/pl\/\",\"name\":\"Chiptuningmarket\",\"description\":\"Biggest chiptuning shop in Europe\",\"publisher\":{\"@id\":\"https:\/\/chiptuningmarket.com\/pl\/#organization\"},\"alternateName\":\"Worldwide ecu tools supplier\",\"potentialAction\":[{\"@type\":\"SearchAction\",\"target\":{\"@type\":\"EntryPoint\",\"urlTemplate\":\"https:\/\/chiptuningmarket.com\/pl\/?s={search_term_string}\"},\"query-input\":{\"@type\":\"PropertyValueSpecification\",\"valueRequired\":true,\"valueName\":\"search_term_string\"}}],\"inLanguage\":\"pl-PL\"},{\"@type\":\"Organization\",\"@id\":\"https:\/\/chiptuningmarket.com\/pl\/#organization\",\"name\":\"Chiptuningmarket\",\"alternateName\":\"Chiptuning tools supplier\",\"url\":\"https:\/\/chiptuningmarket.com\/pl\/\",\"logo\":{\"@type\":\"ImageObject\",\"inLanguage\":\"pl-PL\",\"@id\":\"https:\/\/chiptuningmarket.com\/pl\/#\/schema\/logo\/image\/\",\"url\":\"https:\/\/chiptuningmarket.com\/wp-content\/uploads\/2023\/05\/logo-ChipTuningMarket-social.png\",\"contentUrl\":\"https:\/\/chiptuningmarket.com\/wp-content\/uploads\/2023\/05\/logo-ChipTuningMarket-social.png\",\"width\":512,\"height\":512,\"caption\":\"Chiptuningmarket\"},\"image\":{\"@id\":\"https:\/\/chiptuningmarket.com\/pl\/#\/schema\/logo\/image\/\"}}]}<\/script>\n<!-- \/ Yoast SEO plugin. -->","yoast_head_json":{"title":"VAG OBDEleven Ultimate + 36 miesi\u0119czny plan ULTIMATE - Chiptuningmarket","description":"VAG OBDEleven ultimate pack pozwala na diagnostyk\u0119 pojazd\u00f3w grupy VAG oraz marki BMW. OBDEleven daje mo\u017cliwo\u015b\u0107 kodowania dodatkowych funkcji.","robots":{"index":"index","follow":"follow","max-snippet":"max-snippet:-1","max-image-preview":"max-image-preview:large","max-video-preview":"max-video-preview:-1"},"canonical":"https:\/\/chiptuningmarket.com\/pl\/shop\/urzadzenia-diagnostyczne-pl-pl\/osobowe-urzadzenia-diagnostyczne-pl\/urzadzenia-diagnostyczne-obdeleven\/vag-obdeleven-ultimate-36-miesieczny-plan-ultimate\/","og_locale":"pl_PL","og_type":"article","og_title":"VAG OBDEleven Ultimate + 36 miesi\u0119czny plan ULTIMATE - Chiptuningmarket","og_description":"VAG OBDEleven ultimate pack pozwala na diagnostyk\u0119 pojazd\u00f3w grupy VAG oraz marki BMW. OBDEleven daje mo\u017cliwo\u015b\u0107 kodowania dodatkowych funkcji.","og_url":"https:\/\/chiptuningmarket.com\/pl\/shop\/urzadzenia-diagnostyczne-pl-pl\/osobowe-urzadzenia-diagnostyczne-pl\/urzadzenia-diagnostyczne-obdeleven\/vag-obdeleven-ultimate-36-miesieczny-plan-ultimate\/","og_site_name":"Chiptuningmarket","article_modified_time":"2025-02-17T14:20:55+00:00","og_image":[{"width":900,"height":900,"url":"https:\/\/chiptuningmarket.com\/wp-content\/uploads\/2025\/02\/OBDeleven.webp","type":"image\/webp"}],"twitter_card":"summary_large_image","twitter_misc":{"Szacowany czas czytania":"2 minuty"},"schema":{"@context":"https:\/\/schema.org","@graph":[{"@type":"WebPage","@id":"https:\/\/chiptuningmarket.com\/pl\/shop\/urzadzenia-diagnostyczne-pl-pl\/osobowe-urzadzenia-diagnostyczne-pl\/urzadzenia-diagnostyczne-obdeleven\/vag-obdeleven-ultimate-36-miesieczny-plan-ultimate\/","url":"https:\/\/chiptuningmarket.com\/pl\/shop\/urzadzenia-diagnostyczne-pl-pl\/osobowe-urzadzenia-diagnostyczne-pl\/urzadzenia-diagnostyczne-obdeleven\/vag-obdeleven-ultimate-36-miesieczny-plan-ultimate\/","name":"VAG OBDEleven Ultimate + 36 miesi\u0119czny plan ULTIMATE - Chiptuningmarket","isPartOf":{"@id":"https:\/\/chiptuningmarket.com\/pl\/#website"},"primaryImageOfPage":{"@id":"https:\/\/chiptuningmarket.com\/pl\/shop\/urzadzenia-diagnostyczne-pl-pl\/osobowe-urzadzenia-diagnostyczne-pl\/urzadzenia-diagnostyczne-obdeleven\/vag-obdeleven-ultimate-36-miesieczny-plan-ultimate\/#primaryimage"},"image":{"@id":"https:\/\/chiptuningmarket.com\/pl\/shop\/urzadzenia-diagnostyczne-pl-pl\/osobowe-urzadzenia-diagnostyczne-pl\/urzadzenia-diagnostyczne-obdeleven\/vag-obdeleven-ultimate-36-miesieczny-plan-ultimate\/#primaryimage"},"thumbnailUrl":"https:\/\/chiptuningmarket.com\/wp-content\/uploads\/2025\/02\/OBDeleven.webp","datePublished":"2025-02-17T14:20:53+00:00","dateModified":"2025-02-17T14:20:55+00:00","description":"VAG OBDEleven ultimate pack pozwala na diagnostyk\u0119 pojazd\u00f3w grupy VAG oraz marki BMW. OBDEleven daje mo\u017cliwo\u015b\u0107 kodowania dodatkowych funkcji.","breadcrumb":{"@id":"https:\/\/chiptuningmarket.com\/pl\/shop\/urzadzenia-diagnostyczne-pl-pl\/osobowe-urzadzenia-diagnostyczne-pl\/urzadzenia-diagnostyczne-obdeleven\/vag-obdeleven-ultimate-36-miesieczny-plan-ultimate\/#breadcrumb"},"inLanguage":"pl-PL","potentialAction":[{"@type":"ReadAction","target":["https:\/\/chiptuningmarket.com\/pl\/shop\/urzadzenia-diagnostyczne-pl-pl\/osobowe-urzadzenia-diagnostyczne-pl\/urzadzenia-diagnostyczne-obdeleven\/vag-obdeleven-ultimate-36-miesieczny-plan-ultimate\/"]}]},{"@type":"ImageObject","inLanguage":"pl-PL","@id":"https:\/\/chiptuningmarket.com\/pl\/shop\/urzadzenia-diagnostyczne-pl-pl\/osobowe-urzadzenia-diagnostyczne-pl\/urzadzenia-diagnostyczne-obdeleven\/vag-obdeleven-ultimate-36-miesieczny-plan-ultimate\/#primaryimage","url":"https:\/\/chiptuningmarket.com\/wp-content\/uploads\/2025\/02\/OBDeleven.webp","contentUrl":"https:\/\/chiptuningmarket.com\/wp-content\/uploads\/2025\/02\/OBDeleven.webp","width":900,"height":900,"caption":"VAG OBDEleven Ultimate + 36 miesi\u0119czny plan ULTIMATE"},{"@type":"BreadcrumbList","@id":"https:\/\/chiptuningmarket.com\/pl\/shop\/urzadzenia-diagnostyczne-pl-pl\/osobowe-urzadzenia-diagnostyczne-pl\/urzadzenia-diagnostyczne-obdeleven\/vag-obdeleven-ultimate-36-miesieczny-plan-ultimate\/#breadcrumb","itemListElement":[{"@type":"ListItem","position":1,"name":"Home","item":"https:\/\/chiptuningmarket.com\/pl\/"},{"@type":"ListItem","position":2,"name":"Sklep","item":"https:\/\/chiptuningmarket.com\/pl\/shop\/"},{"@type":"ListItem","position":3,"name":"VAG OBDEleven Ultimate + 36 miesi\u0119czny plan ULTIMATE"}]},{"@type":"WebSite","@id":"https:\/\/chiptuningmarket.com\/pl\/#website","url":"https:\/\/chiptuningmarket.com\/pl\/","name":"Chiptuningmarket","description":"Biggest chiptuning shop in Europe","publisher":{"@id":"https:\/\/chiptuningmarket.com\/pl\/#organization"},"alternateName":"Worldwide ecu tools supplier","potentialAction":[{"@type":"SearchAction","target":{"@type":"EntryPoint","urlTemplate":"https:\/\/chiptuningmarket.com\/pl\/?s={search_term_string}"},"query-input":{"@type":"PropertyValueSpecification","valueRequired":true,"valueName":"search_term_string"}}],"inLanguage":"pl-PL"},{"@type":"Organization","@id":"https:\/\/chiptuningmarket.com\/pl\/#organization","name":"Chiptuningmarket","alternateName":"Chiptuning tools supplier","url":"https:\/\/chiptuningmarket.com\/pl\/","logo":{"@type":"ImageObject","inLanguage":"pl-PL","@id":"https:\/\/chiptuningmarket.com\/pl\/#\/schema\/logo\/image\/","url":"https:\/\/chiptuningmarket.com\/wp-content\/uploads\/2023\/05\/logo-ChipTuningMarket-social.png","contentUrl":"https:\/\/chiptuningmarket.com\/wp-content\/uploads\/2023\/05\/logo-ChipTuningMarket-social.png","width":512,"height":512,"caption":"Chiptuningmarket"},"image":{"@id":"https:\/\/chiptuningmarket.com\/pl\/#\/schema\/logo\/image\/"}}]}},"_links":{"self":[{"href":"https:\/\/chiptuningmarket.com\/pl\/wp-json\/wp\/v2\/product\/34316","targetHints":{"allow":["GET"]}}],"collection":[{"href":"https:\/\/chiptuningmarket.com\/pl\/wp-json\/wp\/v2\/product"}],"about":[{"href":"https:\/\/chiptuningmarket.com\/pl\/wp-json\/wp\/v2\/types\/product"}],"wp:featuredmedia":[{"embeddable":true,"href":"https:\/\/chiptuningmarket.com\/pl\/wp-json\/wp\/v2\/media\/34322"}],"wp:attachment":[{"href":"https:\/\/chiptuningmarket.com\/pl\/wp-json\/wp\/v2\/media?parent=34316"}],"wp:term":[{"taxonomy":"product_brand","embeddable":true,"href":"https:\/\/chiptuningmarket.com\/pl\/wp-json\/wp\/v2\/product_brand?post=34316"},{"taxonomy":"product_cat","embeddable":true,"href":"https:\/\/chiptuningmarket.com\/pl\/wp-json\/wp\/v2\/product_cat?post=34316"},{"taxonomy":"product_tag","embeddable":true,"href":"https:\/\/chiptuningmarket.com\/pl\/wp-json\/wp\/v2\/product_tag?post=34316"}],"curies":[{"name":"wp","href":"https:\/\/api.w.org\/{rel}","templated":true}]}}