{"id":34364,"date":"2025-02-18T09:03:10","date_gmt":"2025-02-18T08:03:10","guid":{"rendered":"https:\/\/chiptuningmarket.com\/?post_type=product&#038;p=34364"},"modified":"2026-02-11T11:42:56","modified_gmt":"2026-02-11T10:42:56","slug":"mms-flex-for-slave-ecu-obd-bench-to-slave-full","status":"publish","type":"product","link":"https:\/\/chiptuningmarket.com\/pl\/shop\/programatory-pl\/chiptuning-programatory-2-pl\/magicmotorsport-flex-chiptuning-programatory-2-pl\/mms-flex-for-slave-ecu-obd-bench-to-slave-full\/","title":{"rendered":"MMS Flex upgrade ze Slave ECU OBD Bench do Slave Full"},"content":{"rendered":"<p>Aktywacja dedykowana dla u\u017cytkownik\u00f3w programatora Flex w wersji Slave po aktywacji cena subskrypcji wzrasta o 200 EUR netto do kwoty 500 EUR netto rocznie<\/p>\n<p>Po zakupie prosimy o przes\u0142anie numeru seryjnego urz\u0105dzenia lub adresu mailowego konta.<\/p>\n<p>&nbsp;<\/p>\n<p><strong> Je\u015bli twoja subskrypcja nied\u0142ugo si\u0119 ko\u0144czy zach\u0119cam do jednoczesnego zakupu z subskrypcj\u0105 Flex Slave ECU OBD bench.<\/strong><\/p>\n","protected":false},"excerpt":{"rendered":"<p>Aktywacja dedykowana dla u\u017cytkownik\u00f3w programatora Flex w wersji Slave po aktywacji cena subskrypcji wzrasta o 200 EUR netto do kwoty 500 EUR netto rocznie<\/p>\n","protected":false},"featured_media":34365,"template":"","meta":{"_monsterinsights_skip_tracking":false,"_monsterinsights_sitenote_active":false,"_monsterinsights_sitenote_note":"","_monsterinsights_sitenote_category":0},"product_brand":[],"product_cat":[5159,5164,5064,5203,5257],"product_tag":[],"class_list":{"0":"post-34364","1":"product","2":"type-product","3":"status-publish","4":"has-post-thumbnail","6":"product_cat-abonamenty-subskrypcje-pl","7":"product_cat-magicmotorsport-flex-abonamenty-subskrypcje-pl","8":"product_cat-programatory-pl","9":"product_cat-chiptuning-programatory-2-pl","10":"product_cat-magicmotorsport-flex-chiptuning-programatory-2-pl","12":"first","13":"instock","14":"taxable","15":"shipping-taxable","16":"purchasable","17":"product-type-simple"},"yoast_head":"<!-- This site is optimized with the Yoast SEO plugin v25.2 - https:\/\/yoast.com\/wordpress\/plugins\/seo\/ -->\n<title>MMS Flex upgrade ze Slave ECU OBD Bench do Slave Full - Chiptuningmarket<\/title>\n<meta name=\"description\" content=\"Aktywacja dedykowana dla u\u017cytkownik\u00f3w programatora Flex w wersji Slave po aktywacji cena rocznej subskrypcji nie ulega zmianie.\" \/>\n<meta name=\"robots\" content=\"index, follow, max-snippet:-1, max-image-preview:large, max-video-preview:-1\" \/>\n<link rel=\"canonical\" href=\"https:\/\/chiptuningmarket.com\/pl\/shop\/programatory-pl\/chiptuning-programatory-2-pl\/magicmotorsport-flex-chiptuning-programatory-2-pl\/mms-flex-for-slave-ecu-obd-bench-to-slave-full\/\" \/>\n<meta property=\"og:locale\" content=\"pl_PL\" \/>\n<meta property=\"og:type\" content=\"article\" \/>\n<meta property=\"og:title\" content=\"MMS Flex upgrade ze Slave ECU OBD Bench do Slave Full - Chiptuningmarket\" \/>\n<meta property=\"og:description\" content=\"Aktywacja dedykowana dla u\u017cytkownik\u00f3w programatora Flex w wersji Slave po aktywacji cena rocznej subskrypcji nie ulega zmianie.\" \/>\n<meta property=\"og:url\" content=\"https:\/\/chiptuningmarket.com\/pl\/shop\/programatory-pl\/chiptuning-programatory-2-pl\/magicmotorsport-flex-chiptuning-programatory-2-pl\/mms-flex-for-slave-ecu-obd-bench-to-slave-full\/\" \/>\n<meta property=\"og:site_name\" content=\"Chiptuningmarket\" \/>\n<meta property=\"article:modified_time\" content=\"2026-02-11T10:42:56+00:00\" \/>\n<meta property=\"og:image\" content=\"https:\/\/chiptuningmarket.com\/wp-content\/uploads\/2025\/02\/FLS0.2S_1.jpg\" \/>\n\t<meta property=\"og:image:width\" content=\"600\" \/>\n\t<meta property=\"og:image:height\" content=\"600\" \/>\n\t<meta property=\"og:image:type\" content=\"image\/jpeg\" \/>\n<meta name=\"twitter:card\" content=\"summary_large_image\" \/>\n<meta name=\"twitter:label1\" content=\"Szacowany czas czytania\" \/>\n\t<meta name=\"twitter:data1\" content=\"1 minuta\" \/>\n<script type=\"application\/ld+json\" class=\"yoast-schema-graph\">{\"@context\":\"https:\/\/schema.org\",\"@graph\":[{\"@type\":\"WebPage\",\"@id\":\"https:\/\/chiptuningmarket.com\/pl\/shop\/programatory-pl\/chiptuning-programatory-2-pl\/magicmotorsport-flex-chiptuning-programatory-2-pl\/mms-flex-for-slave-ecu-obd-bench-to-slave-full\/\",\"url\":\"https:\/\/chiptuningmarket.com\/pl\/shop\/programatory-pl\/chiptuning-programatory-2-pl\/magicmotorsport-flex-chiptuning-programatory-2-pl\/mms-flex-for-slave-ecu-obd-bench-to-slave-full\/\",\"name\":\"MMS Flex upgrade ze Slave ECU OBD Bench do Slave Full - Chiptuningmarket\",\"isPartOf\":{\"@id\":\"https:\/\/chiptuningmarket.com\/pl\/#website\"},\"primaryImageOfPage\":{\"@id\":\"https:\/\/chiptuningmarket.com\/pl\/shop\/programatory-pl\/chiptuning-programatory-2-pl\/magicmotorsport-flex-chiptuning-programatory-2-pl\/mms-flex-for-slave-ecu-obd-bench-to-slave-full\/#primaryimage\"},\"image\":{\"@id\":\"https:\/\/chiptuningmarket.com\/pl\/shop\/programatory-pl\/chiptuning-programatory-2-pl\/magicmotorsport-flex-chiptuning-programatory-2-pl\/mms-flex-for-slave-ecu-obd-bench-to-slave-full\/#primaryimage\"},\"thumbnailUrl\":\"https:\/\/chiptuningmarket.com\/wp-content\/uploads\/2025\/02\/FLS0.2S_1.jpg\",\"datePublished\":\"2025-02-18T08:03:10+00:00\",\"dateModified\":\"2026-02-11T10:42:56+00:00\",\"description\":\"Aktywacja dedykowana dla u\u017cytkownik\u00f3w programatora Flex w wersji Slave po aktywacji cena rocznej subskrypcji nie ulega zmianie.\",\"breadcrumb\":{\"@id\":\"https:\/\/chiptuningmarket.com\/pl\/shop\/programatory-pl\/chiptuning-programatory-2-pl\/magicmotorsport-flex-chiptuning-programatory-2-pl\/mms-flex-for-slave-ecu-obd-bench-to-slave-full\/#breadcrumb\"},\"inLanguage\":\"pl-PL\",\"potentialAction\":[{\"@type\":\"ReadAction\",\"target\":[\"https:\/\/chiptuningmarket.com\/pl\/shop\/programatory-pl\/chiptuning-programatory-2-pl\/magicmotorsport-flex-chiptuning-programatory-2-pl\/mms-flex-for-slave-ecu-obd-bench-to-slave-full\/\"]}]},{\"@type\":\"ImageObject\",\"inLanguage\":\"pl-PL\",\"@id\":\"https:\/\/chiptuningmarket.com\/pl\/shop\/programatory-pl\/chiptuning-programatory-2-pl\/magicmotorsport-flex-chiptuning-programatory-2-pl\/mms-flex-for-slave-ecu-obd-bench-to-slave-full\/#primaryimage\",\"url\":\"https:\/\/chiptuningmarket.com\/wp-content\/uploads\/2025\/02\/FLS0.2S_1.jpg\",\"contentUrl\":\"https:\/\/chiptuningmarket.com\/wp-content\/uploads\/2025\/02\/FLS0.2S_1.jpg\",\"width\":600,\"height\":600,\"caption\":\"MMS Flex upgrade ze Slave ECU OBD Bench do Slave Full\"},{\"@type\":\"BreadcrumbList\",\"@id\":\"https:\/\/chiptuningmarket.com\/pl\/shop\/programatory-pl\/chiptuning-programatory-2-pl\/magicmotorsport-flex-chiptuning-programatory-2-pl\/mms-flex-for-slave-ecu-obd-bench-to-slave-full\/#breadcrumb\",\"itemListElement\":[{\"@type\":\"ListItem\",\"position\":1,\"name\":\"Home\",\"item\":\"https:\/\/chiptuningmarket.com\/pl\/\"},{\"@type\":\"ListItem\",\"position\":2,\"name\":\"Sklep\",\"item\":\"https:\/\/chiptuningmarket.com\/pl\/shop\/\"},{\"@type\":\"ListItem\",\"position\":3,\"name\":\"MMS Flex upgrade ze Slave ECU OBD Bench do Slave Full\"}]},{\"@type\":\"WebSite\",\"@id\":\"https:\/\/chiptuningmarket.com\/pl\/#website\",\"url\":\"https:\/\/chiptuningmarket.com\/pl\/\",\"name\":\"Chiptuningmarket\",\"description\":\"Biggest chiptuning shop in Europe\",\"publisher\":{\"@id\":\"https:\/\/chiptuningmarket.com\/pl\/#organization\"},\"alternateName\":\"Worldwide ecu tools supplier\",\"potentialAction\":[{\"@type\":\"SearchAction\",\"target\":{\"@type\":\"EntryPoint\",\"urlTemplate\":\"https:\/\/chiptuningmarket.com\/pl\/?s={search_term_string}\"},\"query-input\":{\"@type\":\"PropertyValueSpecification\",\"valueRequired\":true,\"valueName\":\"search_term_string\"}}],\"inLanguage\":\"pl-PL\"},{\"@type\":\"Organization\",\"@id\":\"https:\/\/chiptuningmarket.com\/pl\/#organization\",\"name\":\"Chiptuningmarket\",\"alternateName\":\"Chiptuning tools supplier\",\"url\":\"https:\/\/chiptuningmarket.com\/pl\/\",\"logo\":{\"@type\":\"ImageObject\",\"inLanguage\":\"pl-PL\",\"@id\":\"https:\/\/chiptuningmarket.com\/pl\/#\/schema\/logo\/image\/\",\"url\":\"https:\/\/chiptuningmarket.com\/wp-content\/uploads\/2023\/05\/logo-ChipTuningMarket-social.png\",\"contentUrl\":\"https:\/\/chiptuningmarket.com\/wp-content\/uploads\/2023\/05\/logo-ChipTuningMarket-social.png\",\"width\":512,\"height\":512,\"caption\":\"Chiptuningmarket\"},\"image\":{\"@id\":\"https:\/\/chiptuningmarket.com\/pl\/#\/schema\/logo\/image\/\"}}]}<\/script>\n<!-- \/ Yoast SEO plugin. -->","yoast_head_json":{"title":"MMS Flex upgrade ze Slave ECU OBD Bench do Slave Full - Chiptuningmarket","description":"Aktywacja dedykowana dla u\u017cytkownik\u00f3w programatora Flex w wersji Slave po aktywacji cena rocznej subskrypcji nie ulega zmianie.","robots":{"index":"index","follow":"follow","max-snippet":"max-snippet:-1","max-image-preview":"max-image-preview:large","max-video-preview":"max-video-preview:-1"},"canonical":"https:\/\/chiptuningmarket.com\/pl\/shop\/programatory-pl\/chiptuning-programatory-2-pl\/magicmotorsport-flex-chiptuning-programatory-2-pl\/mms-flex-for-slave-ecu-obd-bench-to-slave-full\/","og_locale":"pl_PL","og_type":"article","og_title":"MMS Flex upgrade ze Slave ECU OBD Bench do Slave Full - Chiptuningmarket","og_description":"Aktywacja dedykowana dla u\u017cytkownik\u00f3w programatora Flex w wersji Slave po aktywacji cena rocznej subskrypcji nie ulega zmianie.","og_url":"https:\/\/chiptuningmarket.com\/pl\/shop\/programatory-pl\/chiptuning-programatory-2-pl\/magicmotorsport-flex-chiptuning-programatory-2-pl\/mms-flex-for-slave-ecu-obd-bench-to-slave-full\/","og_site_name":"Chiptuningmarket","article_modified_time":"2026-02-11T10:42:56+00:00","og_image":[{"width":600,"height":600,"url":"https:\/\/chiptuningmarket.com\/wp-content\/uploads\/2025\/02\/FLS0.2S_1.jpg","type":"image\/jpeg"}],"twitter_card":"summary_large_image","twitter_misc":{"Szacowany czas czytania":"1 minuta"},"schema":{"@context":"https:\/\/schema.org","@graph":[{"@type":"WebPage","@id":"https:\/\/chiptuningmarket.com\/pl\/shop\/programatory-pl\/chiptuning-programatory-2-pl\/magicmotorsport-flex-chiptuning-programatory-2-pl\/mms-flex-for-slave-ecu-obd-bench-to-slave-full\/","url":"https:\/\/chiptuningmarket.com\/pl\/shop\/programatory-pl\/chiptuning-programatory-2-pl\/magicmotorsport-flex-chiptuning-programatory-2-pl\/mms-flex-for-slave-ecu-obd-bench-to-slave-full\/","name":"MMS Flex upgrade ze Slave ECU OBD Bench do Slave Full - Chiptuningmarket","isPartOf":{"@id":"https:\/\/chiptuningmarket.com\/pl\/#website"},"primaryImageOfPage":{"@id":"https:\/\/chiptuningmarket.com\/pl\/shop\/programatory-pl\/chiptuning-programatory-2-pl\/magicmotorsport-flex-chiptuning-programatory-2-pl\/mms-flex-for-slave-ecu-obd-bench-to-slave-full\/#primaryimage"},"image":{"@id":"https:\/\/chiptuningmarket.com\/pl\/shop\/programatory-pl\/chiptuning-programatory-2-pl\/magicmotorsport-flex-chiptuning-programatory-2-pl\/mms-flex-for-slave-ecu-obd-bench-to-slave-full\/#primaryimage"},"thumbnailUrl":"https:\/\/chiptuningmarket.com\/wp-content\/uploads\/2025\/02\/FLS0.2S_1.jpg","datePublished":"2025-02-18T08:03:10+00:00","dateModified":"2026-02-11T10:42:56+00:00","description":"Aktywacja dedykowana dla u\u017cytkownik\u00f3w programatora Flex w wersji Slave po aktywacji cena rocznej subskrypcji nie ulega zmianie.","breadcrumb":{"@id":"https:\/\/chiptuningmarket.com\/pl\/shop\/programatory-pl\/chiptuning-programatory-2-pl\/magicmotorsport-flex-chiptuning-programatory-2-pl\/mms-flex-for-slave-ecu-obd-bench-to-slave-full\/#breadcrumb"},"inLanguage":"pl-PL","potentialAction":[{"@type":"ReadAction","target":["https:\/\/chiptuningmarket.com\/pl\/shop\/programatory-pl\/chiptuning-programatory-2-pl\/magicmotorsport-flex-chiptuning-programatory-2-pl\/mms-flex-for-slave-ecu-obd-bench-to-slave-full\/"]}]},{"@type":"ImageObject","inLanguage":"pl-PL","@id":"https:\/\/chiptuningmarket.com\/pl\/shop\/programatory-pl\/chiptuning-programatory-2-pl\/magicmotorsport-flex-chiptuning-programatory-2-pl\/mms-flex-for-slave-ecu-obd-bench-to-slave-full\/#primaryimage","url":"https:\/\/chiptuningmarket.com\/wp-content\/uploads\/2025\/02\/FLS0.2S_1.jpg","contentUrl":"https:\/\/chiptuningmarket.com\/wp-content\/uploads\/2025\/02\/FLS0.2S_1.jpg","width":600,"height":600,"caption":"MMS Flex upgrade ze Slave ECU OBD Bench do Slave Full"},{"@type":"BreadcrumbList","@id":"https:\/\/chiptuningmarket.com\/pl\/shop\/programatory-pl\/chiptuning-programatory-2-pl\/magicmotorsport-flex-chiptuning-programatory-2-pl\/mms-flex-for-slave-ecu-obd-bench-to-slave-full\/#breadcrumb","itemListElement":[{"@type":"ListItem","position":1,"name":"Home","item":"https:\/\/chiptuningmarket.com\/pl\/"},{"@type":"ListItem","position":2,"name":"Sklep","item":"https:\/\/chiptuningmarket.com\/pl\/shop\/"},{"@type":"ListItem","position":3,"name":"MMS Flex upgrade ze Slave ECU OBD Bench do Slave Full"}]},{"@type":"WebSite","@id":"https:\/\/chiptuningmarket.com\/pl\/#website","url":"https:\/\/chiptuningmarket.com\/pl\/","name":"Chiptuningmarket","description":"Biggest chiptuning shop in Europe","publisher":{"@id":"https:\/\/chiptuningmarket.com\/pl\/#organization"},"alternateName":"Worldwide ecu tools supplier","potentialAction":[{"@type":"SearchAction","target":{"@type":"EntryPoint","urlTemplate":"https:\/\/chiptuningmarket.com\/pl\/?s={search_term_string}"},"query-input":{"@type":"PropertyValueSpecification","valueRequired":true,"valueName":"search_term_string"}}],"inLanguage":"pl-PL"},{"@type":"Organization","@id":"https:\/\/chiptuningmarket.com\/pl\/#organization","name":"Chiptuningmarket","alternateName":"Chiptuning tools supplier","url":"https:\/\/chiptuningmarket.com\/pl\/","logo":{"@type":"ImageObject","inLanguage":"pl-PL","@id":"https:\/\/chiptuningmarket.com\/pl\/#\/schema\/logo\/image\/","url":"https:\/\/chiptuningmarket.com\/wp-content\/uploads\/2023\/05\/logo-ChipTuningMarket-social.png","contentUrl":"https:\/\/chiptuningmarket.com\/wp-content\/uploads\/2023\/05\/logo-ChipTuningMarket-social.png","width":512,"height":512,"caption":"Chiptuningmarket"},"image":{"@id":"https:\/\/chiptuningmarket.com\/pl\/#\/schema\/logo\/image\/"}}]}},"_links":{"self":[{"href":"https:\/\/chiptuningmarket.com\/pl\/wp-json\/wp\/v2\/product\/34364","targetHints":{"allow":["GET"]}}],"collection":[{"href":"https:\/\/chiptuningmarket.com\/pl\/wp-json\/wp\/v2\/product"}],"about":[{"href":"https:\/\/chiptuningmarket.com\/pl\/wp-json\/wp\/v2\/types\/product"}],"wp:featuredmedia":[{"embeddable":true,"href":"https:\/\/chiptuningmarket.com\/pl\/wp-json\/wp\/v2\/media\/34365"}],"wp:attachment":[{"href":"https:\/\/chiptuningmarket.com\/pl\/wp-json\/wp\/v2\/media?parent=34364"}],"wp:term":[{"taxonomy":"product_brand","embeddable":true,"href":"https:\/\/chiptuningmarket.com\/pl\/wp-json\/wp\/v2\/product_brand?post=34364"},{"taxonomy":"product_cat","embeddable":true,"href":"https:\/\/chiptuningmarket.com\/pl\/wp-json\/wp\/v2\/product_cat?post=34364"},{"taxonomy":"product_tag","embeddable":true,"href":"https:\/\/chiptuningmarket.com\/pl\/wp-json\/wp\/v2\/product_tag?post=34364"}],"curies":[{"name":"wp","href":"https:\/\/api.w.org\/{rel}","templated":true}]}}