{"id":34570,"date":"2025-02-20T13:35:51","date_gmt":"2025-02-20T12:35:51","guid":{"rendered":"https:\/\/chiptuningmarket.com\/?post_type=product&#038;p=34570"},"modified":"2025-02-24T12:25:21","modified_gmt":"2025-02-24T11:25:21","slug":"hp-tuners-kredyty-mpvi2-mpvi3","status":"publish","type":"product","link":"https:\/\/chiptuningmarket.com\/pl\/shop\/abonamenty-subskrypcje-pl\/hp-tuners-abonamenty-subskrypcje-pl\/hp-tuners-kredyty-mpvi2-mpvi3\/","title":{"rendered":"HP Tuners kredyty MPVI2 \/ MPVI3"},"content":{"rendered":"<p style=\"text-align: center\"><strong>MPVI2 kredyty<\/strong><\/p>\n<p><img decoding=\"async\" class=\"aligncenter size-full wp-image-17323\" src=\"https:\/\/ms-group.pl\/wp-content\/uploads\/2021\/10\/coin_bluwht-324x324-1.gif\" alt=\"\" width=\"324\" height=\"324\" \/><\/p>\n<p style=\"text-align: center\"><strong>Kredyty do\u00a0 MPVI2<\/strong><\/p>\n<p style=\"text-align: left\">HP Tuners wykorzystuje system licencjonowania oparty na kredytach. Kredyty s\u0105 u\u017cywane jako waluta do zakupu licencji na r\u00f3\u017cne modu\u0142y w poje\u017adzie. Licencjonowanie modu\u0142u daje Ci mo\u017cliwo\u015b\u0107 jego tuningu. Liczba kredyt\u00f3w potrzebnych do zakupu licencji r\u00f3\u017cni si\u0119 w zale\u017cno\u015bci od pojazdu. Wiele pojazd\u00f3w wymaga zakupu 2 kredyt\u00f3w na licencjonowanie ECM\/PCM i mo\u017ce posiada\u0107 dodatkowe opcje, takie jak TCM, FICM lub CCM. Pe\u0142n\u0105 list\u0119 obs\u0142ugiwanych pojazd\u00f3w i koszt\u00f3w kredyt\u00f3w mo\u017cna znale\u017a\u0107 na naszej stronie obs\u0142ugiwanych pojazd\u00f3w <a href=\"https:\/\/www.hptuners.eu\/vehicles\/\">tutaj<\/a>.<\/p>\n<p>Licencje pojazdu s\u0105 powi\u0105zane z numerem VIN, systemem operacyjnym PCM i numerem seryjnym PCM. Je\u015bli te warto\u015bci nie ulegn\u0105 zmianie, pojazd pozostanie licencjonowany na tym interfejsie i b\u0119dzie m\u00f3g\u0142 by\u0107 dostrajany bez ogranicze\u0144 czasowych. Jeden interfejs mo\u017ce przechowywa\u0107 tysi\u0105ce licencji i mo\u017ce by\u0107 u\u017cywany do strojenia wszystkich obs\u0142ugiwanych przez nas pojazd\u00f3w. Po zakupie MPVI2 mo\u017cna odczytywa\u0107, edytowa\u0107 i zapisywa\u0107 pliki bez konieczno\u015bci zakupu kredyt\u00f3w. Nie trzeba licencjonowa\u0107 modu\u0142u, dop\u00f3ki nie jest si\u0119 gotowym do zapisania nowego pliku w poje\u017adzie. MPVI2 oferuje r\u00f3wnie\u017c mo\u017cliwo\u015b\u0107 zdalnego dostrajania poprzez wys\u0142anie pliku z ustawieniami za po\u015brednictwem poczty elektronicznej.<\/p>\n<p>Proces aktywacji kredyt\u00f3w dla twojego urz\u0105dzenia MPVI2+ przebiega nast\u0119puj\u0105co:<\/p>\n<ol>\n<li>Pobierz i zainstaluj najnowsz\u0105 wersj\u0119 oprogramowania VCM Suite\u00a0 <a href=\"https:\/\/www.hptuners.eu\/downloads\/\">tutaj<\/a>.<\/li>\n<li>Pod\u0142\u0105cz g\u0142owic\u0119\u00a0 MPVI2 do swojego laptopa\/PC.<\/li>\n<li>Podczas po\u0142\u0105czenia z Internetem, za\u0142aduj VCM Editor i wybierz HELP, a nast\u0119pnie RESYNC INTERFACE.<\/li>\n<\/ol>\n<p>Przypominamy, \u017ce musisz by\u0107 pod\u0142\u0105czony do Internetu, poniewa\u017c ten proces spowoduje r\u00f3wnie\u017c aktualizacj\u0119 oprogramowania sprz\u0119towego MPVI2 do najnowszej wersji.<\/p>\n<p>Should you have any issues resyncing your interface, please submit a support ticket <a href=\"https:\/\/support.hptuners.com\/index.php?\/Tickets\/Submit\">tutaj<\/a>.<\/p>\n<p><strong>UWAGA<\/strong>: Wszystkie sprzeda\u017ce produkt\u00f3w cyfrowych, w tym kredyt\u00f3w, s\u0105 ostateczne, w \u017cadnym wypadku nie mo\u017cna otrzyma\u0107 zwrotu pieni\u0119dzy za jakiekolwiek produkty cyfrowe.<br \/>\nProsz\u0119 upewnij si\u0119, \u017ce sprawdzi\u0142e\u015b ile kredyt\u00f3w posiadasz i ile potrzebujesz przed dokonaniem zakupu.<\/p>\n","protected":false},"excerpt":{"rendered":"<p>Te kredyty do HP Tuners MPVI2 \/ MPVI3 s\u0105 wykorzystywane jako waluta do zakupu licencji na r\u00f3\u017cne modu\u0142y w poje\u017adzie. Licencjonowanie modu\u0142u daje Ci mo\u017cliwo\u015b\u0107 dostrajania go.<\/p>\n","protected":false},"featured_media":34574,"template":"","meta":{"_monsterinsights_skip_tracking":false,"_monsterinsights_sitenote_active":false,"_monsterinsights_sitenote_note":"","_monsterinsights_sitenote_category":0},"product_brand":[],"product_cat":[5159,5163],"product_tag":[],"class_list":{"0":"post-34570","1":"product","2":"type-product","3":"status-publish","4":"has-post-thumbnail","6":"product_cat-abonamenty-subskrypcje-pl","7":"product_cat-hp-tuners-abonamenty-subskrypcje-pl","9":"first","10":"instock","11":"taxable","12":"shipping-taxable","13":"purchasable","14":"product-type-simple"},"yoast_head":"<!-- This site is optimized with the Yoast SEO plugin v25.2 - https:\/\/yoast.com\/wordpress\/plugins\/seo\/ -->\n<title>HP Tuners kredyty MPVI2 \/ MPVI3 - Chiptuningmarket<\/title>\n<meta name=\"description\" content=\"MPVI2 kredyty s\u0105 wykorzystywane jako waluta do zakupu licencji na r\u00f3\u017cne modu\u0142y w poje\u017adzie. Licencjonowanie modu\u0142u daje Ci mo\u017cliwo\u015b\u0107 dostrajania go\" \/>\n<meta name=\"robots\" content=\"index, follow, max-snippet:-1, max-image-preview:large, max-video-preview:-1\" \/>\n<link rel=\"canonical\" href=\"https:\/\/chiptuningmarket.com\/pl\/shop\/abonamenty-subskrypcje-pl\/hp-tuners-abonamenty-subskrypcje-pl\/hp-tuners-kredyty-mpvi2-mpvi3\/\" \/>\n<meta property=\"og:locale\" content=\"pl_PL\" \/>\n<meta property=\"og:type\" content=\"article\" \/>\n<meta property=\"og:title\" content=\"HP Tuners kredyty MPVI2 \/ MPVI3 - Chiptuningmarket\" \/>\n<meta property=\"og:description\" content=\"MPVI2 kredyty s\u0105 wykorzystywane jako waluta do zakupu licencji na r\u00f3\u017cne modu\u0142y w poje\u017adzie. Licencjonowanie modu\u0142u daje Ci mo\u017cliwo\u015b\u0107 dostrajania go\" \/>\n<meta property=\"og:url\" content=\"https:\/\/chiptuningmarket.com\/pl\/shop\/abonamenty-subskrypcje-pl\/hp-tuners-abonamenty-subskrypcje-pl\/hp-tuners-kredyty-mpvi2-mpvi3\/\" \/>\n<meta property=\"og:site_name\" content=\"Chiptuningmarket\" \/>\n<meta property=\"article:modified_time\" content=\"2025-02-24T11:25:21+00:00\" \/>\n<meta property=\"og:image\" content=\"https:\/\/chiptuningmarket.com\/wp-content\/uploads\/2025\/02\/credits.jpg\" \/>\n\t<meta property=\"og:image:width\" content=\"318\" \/>\n\t<meta property=\"og:image:height\" content=\"317\" \/>\n\t<meta property=\"og:image:type\" content=\"image\/jpeg\" \/>\n<meta name=\"twitter:card\" content=\"summary_large_image\" \/>\n<meta name=\"twitter:label1\" content=\"Szacowany czas czytania\" \/>\n\t<meta name=\"twitter:data1\" content=\"2 minuty\" \/>\n<script type=\"application\/ld+json\" class=\"yoast-schema-graph\">{\"@context\":\"https:\/\/schema.org\",\"@graph\":[{\"@type\":\"WebPage\",\"@id\":\"https:\/\/chiptuningmarket.com\/pl\/shop\/abonamenty-subskrypcje-pl\/hp-tuners-abonamenty-subskrypcje-pl\/hp-tuners-kredyty-mpvi2-mpvi3\/\",\"url\":\"https:\/\/chiptuningmarket.com\/pl\/shop\/abonamenty-subskrypcje-pl\/hp-tuners-abonamenty-subskrypcje-pl\/hp-tuners-kredyty-mpvi2-mpvi3\/\",\"name\":\"HP Tuners kredyty MPVI2 \/ MPVI3 - Chiptuningmarket\",\"isPartOf\":{\"@id\":\"https:\/\/chiptuningmarket.com\/pl\/#website\"},\"primaryImageOfPage\":{\"@id\":\"https:\/\/chiptuningmarket.com\/pl\/shop\/abonamenty-subskrypcje-pl\/hp-tuners-abonamenty-subskrypcje-pl\/hp-tuners-kredyty-mpvi2-mpvi3\/#primaryimage\"},\"image\":{\"@id\":\"https:\/\/chiptuningmarket.com\/pl\/shop\/abonamenty-subskrypcje-pl\/hp-tuners-abonamenty-subskrypcje-pl\/hp-tuners-kredyty-mpvi2-mpvi3\/#primaryimage\"},\"thumbnailUrl\":\"https:\/\/chiptuningmarket.com\/wp-content\/uploads\/2025\/02\/credits.jpg\",\"datePublished\":\"2025-02-20T12:35:51+00:00\",\"dateModified\":\"2025-02-24T11:25:21+00:00\",\"description\":\"MPVI2 kredyty s\u0105 wykorzystywane jako waluta do zakupu licencji na r\u00f3\u017cne modu\u0142y w poje\u017adzie. Licencjonowanie modu\u0142u daje Ci mo\u017cliwo\u015b\u0107 dostrajania go\",\"breadcrumb\":{\"@id\":\"https:\/\/chiptuningmarket.com\/pl\/shop\/abonamenty-subskrypcje-pl\/hp-tuners-abonamenty-subskrypcje-pl\/hp-tuners-kredyty-mpvi2-mpvi3\/#breadcrumb\"},\"inLanguage\":\"pl-PL\",\"potentialAction\":[{\"@type\":\"ReadAction\",\"target\":[\"https:\/\/chiptuningmarket.com\/pl\/shop\/abonamenty-subskrypcje-pl\/hp-tuners-abonamenty-subskrypcje-pl\/hp-tuners-kredyty-mpvi2-mpvi3\/\"]}]},{\"@type\":\"ImageObject\",\"inLanguage\":\"pl-PL\",\"@id\":\"https:\/\/chiptuningmarket.com\/pl\/shop\/abonamenty-subskrypcje-pl\/hp-tuners-abonamenty-subskrypcje-pl\/hp-tuners-kredyty-mpvi2-mpvi3\/#primaryimage\",\"url\":\"https:\/\/chiptuningmarket.com\/wp-content\/uploads\/2025\/02\/credits.jpg\",\"contentUrl\":\"https:\/\/chiptuningmarket.com\/wp-content\/uploads\/2025\/02\/credits.jpg\",\"width\":318,\"height\":317,\"caption\":\"HP Tuners kredyty MPVI2 \/ MPVI3\"},{\"@type\":\"BreadcrumbList\",\"@id\":\"https:\/\/chiptuningmarket.com\/pl\/shop\/abonamenty-subskrypcje-pl\/hp-tuners-abonamenty-subskrypcje-pl\/hp-tuners-kredyty-mpvi2-mpvi3\/#breadcrumb\",\"itemListElement\":[{\"@type\":\"ListItem\",\"position\":1,\"name\":\"Home\",\"item\":\"https:\/\/chiptuningmarket.com\/pl\/\"},{\"@type\":\"ListItem\",\"position\":2,\"name\":\"Sklep\",\"item\":\"https:\/\/chiptuningmarket.com\/pl\/shop\/\"},{\"@type\":\"ListItem\",\"position\":3,\"name\":\"HP Tuners kredyty MPVI2 \/ MPVI3\"}]},{\"@type\":\"WebSite\",\"@id\":\"https:\/\/chiptuningmarket.com\/pl\/#website\",\"url\":\"https:\/\/chiptuningmarket.com\/pl\/\",\"name\":\"Chiptuningmarket\",\"description\":\"Biggest chiptuning shop in Europe\",\"publisher\":{\"@id\":\"https:\/\/chiptuningmarket.com\/pl\/#organization\"},\"alternateName\":\"Worldwide ecu tools supplier\",\"potentialAction\":[{\"@type\":\"SearchAction\",\"target\":{\"@type\":\"EntryPoint\",\"urlTemplate\":\"https:\/\/chiptuningmarket.com\/pl\/?s={search_term_string}\"},\"query-input\":{\"@type\":\"PropertyValueSpecification\",\"valueRequired\":true,\"valueName\":\"search_term_string\"}}],\"inLanguage\":\"pl-PL\"},{\"@type\":\"Organization\",\"@id\":\"https:\/\/chiptuningmarket.com\/pl\/#organization\",\"name\":\"Chiptuningmarket\",\"alternateName\":\"Chiptuning tools supplier\",\"url\":\"https:\/\/chiptuningmarket.com\/pl\/\",\"logo\":{\"@type\":\"ImageObject\",\"inLanguage\":\"pl-PL\",\"@id\":\"https:\/\/chiptuningmarket.com\/pl\/#\/schema\/logo\/image\/\",\"url\":\"https:\/\/chiptuningmarket.com\/wp-content\/uploads\/2023\/05\/logo-ChipTuningMarket-social.png\",\"contentUrl\":\"https:\/\/chiptuningmarket.com\/wp-content\/uploads\/2023\/05\/logo-ChipTuningMarket-social.png\",\"width\":512,\"height\":512,\"caption\":\"Chiptuningmarket\"},\"image\":{\"@id\":\"https:\/\/chiptuningmarket.com\/pl\/#\/schema\/logo\/image\/\"}}]}<\/script>\n<!-- \/ Yoast SEO plugin. -->","yoast_head_json":{"title":"HP Tuners kredyty MPVI2 \/ MPVI3 - Chiptuningmarket","description":"MPVI2 kredyty s\u0105 wykorzystywane jako waluta do zakupu licencji na r\u00f3\u017cne modu\u0142y w poje\u017adzie. Licencjonowanie modu\u0142u daje Ci mo\u017cliwo\u015b\u0107 dostrajania go","robots":{"index":"index","follow":"follow","max-snippet":"max-snippet:-1","max-image-preview":"max-image-preview:large","max-video-preview":"max-video-preview:-1"},"canonical":"https:\/\/chiptuningmarket.com\/pl\/shop\/abonamenty-subskrypcje-pl\/hp-tuners-abonamenty-subskrypcje-pl\/hp-tuners-kredyty-mpvi2-mpvi3\/","og_locale":"pl_PL","og_type":"article","og_title":"HP Tuners kredyty MPVI2 \/ MPVI3 - Chiptuningmarket","og_description":"MPVI2 kredyty s\u0105 wykorzystywane jako waluta do zakupu licencji na r\u00f3\u017cne modu\u0142y w poje\u017adzie. Licencjonowanie modu\u0142u daje Ci mo\u017cliwo\u015b\u0107 dostrajania go","og_url":"https:\/\/chiptuningmarket.com\/pl\/shop\/abonamenty-subskrypcje-pl\/hp-tuners-abonamenty-subskrypcje-pl\/hp-tuners-kredyty-mpvi2-mpvi3\/","og_site_name":"Chiptuningmarket","article_modified_time":"2025-02-24T11:25:21+00:00","og_image":[{"width":318,"height":317,"url":"https:\/\/chiptuningmarket.com\/wp-content\/uploads\/2025\/02\/credits.jpg","type":"image\/jpeg"}],"twitter_card":"summary_large_image","twitter_misc":{"Szacowany czas czytania":"2 minuty"},"schema":{"@context":"https:\/\/schema.org","@graph":[{"@type":"WebPage","@id":"https:\/\/chiptuningmarket.com\/pl\/shop\/abonamenty-subskrypcje-pl\/hp-tuners-abonamenty-subskrypcje-pl\/hp-tuners-kredyty-mpvi2-mpvi3\/","url":"https:\/\/chiptuningmarket.com\/pl\/shop\/abonamenty-subskrypcje-pl\/hp-tuners-abonamenty-subskrypcje-pl\/hp-tuners-kredyty-mpvi2-mpvi3\/","name":"HP Tuners kredyty MPVI2 \/ MPVI3 - Chiptuningmarket","isPartOf":{"@id":"https:\/\/chiptuningmarket.com\/pl\/#website"},"primaryImageOfPage":{"@id":"https:\/\/chiptuningmarket.com\/pl\/shop\/abonamenty-subskrypcje-pl\/hp-tuners-abonamenty-subskrypcje-pl\/hp-tuners-kredyty-mpvi2-mpvi3\/#primaryimage"},"image":{"@id":"https:\/\/chiptuningmarket.com\/pl\/shop\/abonamenty-subskrypcje-pl\/hp-tuners-abonamenty-subskrypcje-pl\/hp-tuners-kredyty-mpvi2-mpvi3\/#primaryimage"},"thumbnailUrl":"https:\/\/chiptuningmarket.com\/wp-content\/uploads\/2025\/02\/credits.jpg","datePublished":"2025-02-20T12:35:51+00:00","dateModified":"2025-02-24T11:25:21+00:00","description":"MPVI2 kredyty s\u0105 wykorzystywane jako waluta do zakupu licencji na r\u00f3\u017cne modu\u0142y w poje\u017adzie. Licencjonowanie modu\u0142u daje Ci mo\u017cliwo\u015b\u0107 dostrajania go","breadcrumb":{"@id":"https:\/\/chiptuningmarket.com\/pl\/shop\/abonamenty-subskrypcje-pl\/hp-tuners-abonamenty-subskrypcje-pl\/hp-tuners-kredyty-mpvi2-mpvi3\/#breadcrumb"},"inLanguage":"pl-PL","potentialAction":[{"@type":"ReadAction","target":["https:\/\/chiptuningmarket.com\/pl\/shop\/abonamenty-subskrypcje-pl\/hp-tuners-abonamenty-subskrypcje-pl\/hp-tuners-kredyty-mpvi2-mpvi3\/"]}]},{"@type":"ImageObject","inLanguage":"pl-PL","@id":"https:\/\/chiptuningmarket.com\/pl\/shop\/abonamenty-subskrypcje-pl\/hp-tuners-abonamenty-subskrypcje-pl\/hp-tuners-kredyty-mpvi2-mpvi3\/#primaryimage","url":"https:\/\/chiptuningmarket.com\/wp-content\/uploads\/2025\/02\/credits.jpg","contentUrl":"https:\/\/chiptuningmarket.com\/wp-content\/uploads\/2025\/02\/credits.jpg","width":318,"height":317,"caption":"HP Tuners kredyty MPVI2 \/ MPVI3"},{"@type":"BreadcrumbList","@id":"https:\/\/chiptuningmarket.com\/pl\/shop\/abonamenty-subskrypcje-pl\/hp-tuners-abonamenty-subskrypcje-pl\/hp-tuners-kredyty-mpvi2-mpvi3\/#breadcrumb","itemListElement":[{"@type":"ListItem","position":1,"name":"Home","item":"https:\/\/chiptuningmarket.com\/pl\/"},{"@type":"ListItem","position":2,"name":"Sklep","item":"https:\/\/chiptuningmarket.com\/pl\/shop\/"},{"@type":"ListItem","position":3,"name":"HP Tuners kredyty MPVI2 \/ MPVI3"}]},{"@type":"WebSite","@id":"https:\/\/chiptuningmarket.com\/pl\/#website","url":"https:\/\/chiptuningmarket.com\/pl\/","name":"Chiptuningmarket","description":"Biggest chiptuning shop in Europe","publisher":{"@id":"https:\/\/chiptuningmarket.com\/pl\/#organization"},"alternateName":"Worldwide ecu tools supplier","potentialAction":[{"@type":"SearchAction","target":{"@type":"EntryPoint","urlTemplate":"https:\/\/chiptuningmarket.com\/pl\/?s={search_term_string}"},"query-input":{"@type":"PropertyValueSpecification","valueRequired":true,"valueName":"search_term_string"}}],"inLanguage":"pl-PL"},{"@type":"Organization","@id":"https:\/\/chiptuningmarket.com\/pl\/#organization","name":"Chiptuningmarket","alternateName":"Chiptuning tools supplier","url":"https:\/\/chiptuningmarket.com\/pl\/","logo":{"@type":"ImageObject","inLanguage":"pl-PL","@id":"https:\/\/chiptuningmarket.com\/pl\/#\/schema\/logo\/image\/","url":"https:\/\/chiptuningmarket.com\/wp-content\/uploads\/2023\/05\/logo-ChipTuningMarket-social.png","contentUrl":"https:\/\/chiptuningmarket.com\/wp-content\/uploads\/2023\/05\/logo-ChipTuningMarket-social.png","width":512,"height":512,"caption":"Chiptuningmarket"},"image":{"@id":"https:\/\/chiptuningmarket.com\/pl\/#\/schema\/logo\/image\/"}}]}},"_links":{"self":[{"href":"https:\/\/chiptuningmarket.com\/pl\/wp-json\/wp\/v2\/product\/34570","targetHints":{"allow":["GET"]}}],"collection":[{"href":"https:\/\/chiptuningmarket.com\/pl\/wp-json\/wp\/v2\/product"}],"about":[{"href":"https:\/\/chiptuningmarket.com\/pl\/wp-json\/wp\/v2\/types\/product"}],"wp:featuredmedia":[{"embeddable":true,"href":"https:\/\/chiptuningmarket.com\/pl\/wp-json\/wp\/v2\/media\/34574"}],"wp:attachment":[{"href":"https:\/\/chiptuningmarket.com\/pl\/wp-json\/wp\/v2\/media?parent=34570"}],"wp:term":[{"taxonomy":"product_brand","embeddable":true,"href":"https:\/\/chiptuningmarket.com\/pl\/wp-json\/wp\/v2\/product_brand?post=34570"},{"taxonomy":"product_cat","embeddable":true,"href":"https:\/\/chiptuningmarket.com\/pl\/wp-json\/wp\/v2\/product_cat?post=34570"},{"taxonomy":"product_tag","embeddable":true,"href":"https:\/\/chiptuningmarket.com\/pl\/wp-json\/wp\/v2\/product_tag?post=34570"}],"curies":[{"name":"wp","href":"https:\/\/api.w.org\/{rel}","templated":true}]}}