{"id":35123,"date":"2025-03-06T16:12:42","date_gmt":"2025-03-06T15:12:42","guid":{"rendered":"https:\/\/chiptuningmarket.com\/?post_type=product&#038;p=35123"},"modified":"2025-05-28T07:10:00","modified_gmt":"2025-05-28T06:10:00","slug":"autel-maxisys-ms919","status":"publish","type":"product","link":"https:\/\/chiptuningmarket.com\/pl\/shop\/urzadzenia-diagnostyczne-pl-pl\/osobowe-urzadzenia-diagnostyczne-pl\/urzadzenia-diagnostyczne-autel\/autel-maxisys-ms919\/","title":{"rendered":"AUTEL MaxiSys MS919"},"content":{"rendered":"<h3 class=\"fusion-responsive-typography-calculated\" style=\"text-align: center\" data-fontsize=\"17\" data-lineheight=\"23.97px\"><strong>Diagnoskop AUTEL MaxiSYS MS919<\/strong><\/h3>\n<h4 style=\"text-align: center\"><strong>Dwukierunkowy skaner diagnostyczny OBDII z MaxiFlash VCMI<\/strong><\/h4>\n<p>AUTEL MaxiSYS MS919 to zaawansowany tablet diagnostyczny z 9,7-calowym ekranem dotykowym, oparty na systemie Android, wyposa\u017cony w o\u015bmiordzeniowy procesor (2,3 GHz Quad + 1,7 GHz Quad), 128 GB pami\u0119ci oraz MaxiFlash VCMI, narz\u0119dzie komunikacyjne i testuj\u0105ce 5 w 1, zapewniaj\u0105ce bezprzewodow\u0105 komunikacj\u0119 pomi\u0119dzy pojazdem a tabletem i obs\u0142uguj\u0105ce najnowsze protoko\u0142y komunikacyjne DoIP, D-PDU i Mega CAN. VCMI dzia\u0142a r\u00f3wnie\u017c jako 4-kana\u0142owy oscyloskop, generator przebieg\u00f3w, multimetr i tester magistrali Can BUS. MS919 posiada funkcj\u0119 dynamicznego mapowania modu\u0142\u00f3w topologii dla obs\u0142ugiwanych pojazd\u00f3w oraz funkcj\u0119 Inteligentnej Diagnostyki, kt\u00f3ra prowadzi technika od kodu, przez napraw\u0119, a\u017c do testu dzi\u0119ki szczeg\u00f3\u0142owym informacjom i ilustracjom dotycz\u0105cym naprawy, a tak\u017ce wst\u0119pnie ustawionym przewodnikom oscyloskopowym, testom i bibliotece przebieg\u00f3w. MS919 jest wyposa\u017cony w akumulator litowy zapewniaj\u0105cy 8 godzin ci\u0105g\u0142ej pracy oraz przedni\u0105 i tyln\u0105 kamer\u0119.<\/p>\n<p><a href=\"https:\/\/chiptuningmarket.com\/wp-content\/uploads\/2025\/03\/ms909-1-1.png\"><img decoding=\"async\" class=\" wp-image-35124 aligncenter\" src=\"https:\/\/chiptuningmarket.com\/wp-content\/uploads\/2025\/03\/ms909-1-1.png\" alt=\"\" width=\"605\" height=\"605\" srcset=\"https:\/\/chiptuningmarket.com\/wp-content\/uploads\/2025\/03\/ms909-1-1.png 544w, https:\/\/chiptuningmarket.com\/wp-content\/uploads\/2025\/03\/ms909-1-1-300x300.png 300w, https:\/\/chiptuningmarket.com\/wp-content\/uploads\/2025\/03\/ms909-1-1-150x150.png 150w, https:\/\/chiptuningmarket.com\/wp-content\/uploads\/2025\/03\/ms909-1-1-100x100.png 100w\" sizes=\"(max-width: 605px) 100vw, 605px\" \/><\/a><\/p>\n<h3 class=\"elementor-heading-title elementor-size-default fusion-responsive-typography-calculated\" data-fontsize=\"17\" data-lineheight=\"23.97px\"><strong>Funkcje Urz\u0105dzenia:<\/strong><\/h3>\n<ul>\n<li>Aktualizacje Autel zapewniaj\u0105 najnowsze pokrycie na poziomie OE dla ponad 80 pojazd\u00f3w ameryka\u0144skich, azjatyckich i europejskich<\/li>\n<li>Wyj\u0105tkowa funkcjonalno\u015b\u0107 na poziomie OE, od kompleksowej diagnostyki i us\u0142ug OBDII po zaawansowane kodowanie i programowanie ECU<\/li>\n<li>Automatyczne aktualizacje systemu i oprogramowania z powiadomieniami push w czasie rzeczywistym przez Internet<\/li>\n<li>Interaktywne sesje rejestrowania danych umo\u017cliwiaj\u0105 bezpo\u015bredni kontakt z pomoc\u0105 techniczn\u0105 Autel w celu rozwi\u0105zywania problem\u00f3w diagnostycznych i b\u0142\u0119d\u00f3w z pierwszej r\u0119ki<\/li>\n<li>Kompleksowe urz\u0105dzenie zaprojektowane z\u00a0my\u015bl\u0105 o\u00a0idealnym zarz\u0105dzaniu operacjami warsztatowymi w\u00a0celu zapewnienia dobrej organizacji wszystkich plik\u00f3w danych, informacji o\u00a0klientach i\u00a0rejestr\u00f3w pojazd\u00f3w<\/li>\n<li>Oparty na chmurze Data Manager zapisuje rekordy klient\u00f3w i pojazd\u00f3w, dane ze skanera oraz dodatkowe informacje<\/li>\n<\/ul>\n<h3 class=\"fusion-responsive-typography-calculated\" data-fontsize=\"17\" data-lineheight=\"23.97px\"><b>Posiada wyprowadzone skr\u00f3ty najwa\u017cniejszych procedur serwisowych:<\/b><\/h3>\n<ul>\n<li>reset inspekcji serwisowej, olejowej<\/li>\n<li>pe\u0142na obs\u0142uga elektrycznego hamulca postojowego EPB (cofanie zacisk\u00f3w przy wymianie klock\u00f3w, ustawienie si\u0142y nacisku t\u0142oczk\u00f3w, grubo\u015bci klock\u00f3w)<\/li>\n<li>regeneracja filtra DPF (sprawdzenie stanu zapylenia, wypalanie, regeneracja, adaptacja)<\/li>\n<li>adaptacja skrzyni bieg\u00f3w<\/li>\n<li>kalibracja czujnika k\u0105ta skr\u0119tu kierownicy<\/li>\n<li>adaptacja nowego akumulatora<\/li>\n<li>adaptacja przepustnicy<\/li>\n<li>kodowanie wtryskiwaczy<\/li>\n<li>regulacja reflektor\u00f3w<\/li>\n<\/ul>\n<h3 class=\"elementor-heading-title elementor-size-default fusion-responsive-typography-calculated\" data-fontsize=\"17\" data-lineheight=\"23.97px\">Obs\u0142uga praktycznie wszystkich modu\u0142\u00f3w steruj\u0105cych pojazd:<\/h3>\n<ul>\n<li>silnik<\/li>\n<li>uk\u0142ad hamulcowy ABS<\/li>\n<li>poduszki powietrzne<\/li>\n<li>automatyczna skrzynia bieg\u00f3w<\/li>\n<li>modu\u0142 komfortu<\/li>\n<li>elektronika hamulc\u00f3w<\/li>\n<li>kontrola trakcji ESP\/ASR\/EBD<\/li>\n<li>uk\u0142ad ci\u015bnienia w oponach TMPS<\/li>\n<li>klimatyzacja<\/li>\n<li>wspomaganie uk\u0142adu kierowniczego<\/li>\n<li>deska rozdzielcza<\/li>\n<li>nawigacja<\/li>\n<li>system audio<\/li>\n<li>centralny zamek<\/li>\n<li>system antyw\u0142amaniowy<\/li>\n<li>elektronika \u015bwiate\u0142<\/li>\n<li>nap\u0119d 4\u00d74<\/li>\n<li>pami\u0119\u0107 foteli<\/li>\n<li>elektronika drzwi<\/li>\n<li>nawigacja<\/li>\n<li>wspomaganie parkowania<\/li>\n<li>asystent utrzymania pasa ruchu<\/li>\n<li>kamera cofania<\/li>\n<li>tempomat<\/li>\n<li>oraz wiele innych\u2026(kombajn diagnostyczny!!!)<\/li>\n<\/ul>\n<p><a href=\"https:\/\/chiptuningmarket.com\/wp-content\/uploads\/2025\/03\/919-2.png\"><img decoding=\"async\" class=\" wp-image-35127 aligncenter\" src=\"https:\/\/chiptuningmarket.com\/wp-content\/uploads\/2025\/03\/919-2-1024x683.png\" alt=\"\" width=\"930\" height=\"620\" srcset=\"https:\/\/chiptuningmarket.com\/wp-content\/uploads\/2025\/03\/919-2-1024x683.png 1024w, https:\/\/chiptuningmarket.com\/wp-content\/uploads\/2025\/03\/919-2-300x200.png 300w, https:\/\/chiptuningmarket.com\/wp-content\/uploads\/2025\/03\/919-2-768x512.png 768w, https:\/\/chiptuningmarket.com\/wp-content\/uploads\/2025\/03\/919-2-270x180.png 270w, https:\/\/chiptuningmarket.com\/wp-content\/uploads\/2025\/03\/919-2-600x400.png 600w, https:\/\/chiptuningmarket.com\/wp-content\/uploads\/2025\/03\/919-2.png 1200w\" sizes=\"(max-width: 930px) 100vw, 930px\" \/><\/a><\/p>\n<h3 class=\"elementor-heading-title elementor-size-default fusion-responsive-typography-calculated\" data-fontsize=\"17\" data-lineheight=\"23.97px\">Dane Techniczne:<\/h3>\n<table border=\"0\" cellspacing=\"2\" cellpadding=\"2\">\n<tbody>\n<tr>\n<td class=\"okno_wew\">System Operacyjny<\/td>\n<td class=\"okno_wew\">Android\u2122 7.0<\/td>\n<\/tr>\n<tr>\n<td class=\"okno_wew\">Procesor<\/td>\n<td class=\"okno_wew\">o\u015bmiordzeniowy procesor Samsung Exynos 8895V (2,3 GHz czterordzeniowy Mongoose + 1,7 GHz czterordzeniowy A53 )<\/td>\n<\/tr>\n<tr>\n<td class=\"okno_wew\">Pami\u0119\u0107<\/td>\n<td class=\"okno_wew\">4 GB pami\u0119ci RAM i 128 GB pami\u0119ci wbudowanej<\/td>\n<\/tr>\n<tr>\n<td class=\"okno_wew\">Wy\u015bwietlacz<\/td>\n<td class=\"okno_wew\">9,7-calowy wy\u015bwietlacz TFT-LCD o rozdzielczo\u015bci 1536\u00d72048 i pojemno\u015bciowym ekranem dotykowym<\/td>\n<\/tr>\n<tr>\n<td class=\"okno_wew\">\u0141\u0105czno\u015b\u0107<\/td>\n<td class=\"okno_wew\">WiFix2 (802.11 a\/b\/g\/n\/ac 2\u00d72 MIMO)<br \/>\nBT v,2,1 + EDR<br \/>\nGPS<br \/>\nUSB 2.0 (DWA HOST USB Typ A, mini USB) Karta SD<br \/>\nHDMI 2.0<br \/>\n(obs\u0142uga do 256GB)<\/td>\n<\/tr>\n<tr>\n<td class=\"okno_wew\">Kamera<\/td>\n<td class=\"okno_wew\">Ty\u0142: 16 megapikseli, autofokus z latark\u0105<br \/>\nPrz\u00f3d 5.0 megapikseli<\/td>\n<\/tr>\n<tr>\n<td class=\"okno_wew\">Wej\u015bcie\/Wyj\u015bcie Audio<\/td>\n<td class=\"okno_wew\">Mikrofon, podw\u00f3jne g\u0142o\u015bniki, 3-pasmowe gniazdo stereo 3,5 mm\/standardowe gniazdo s\u0142uchawkowe<\/td>\n<\/tr>\n<tr>\n<td class=\"okno_wew\">Czujniki<\/td>\n<td class=\"okno_wew\">Czujnik \u015bwiat\u0142a do automatycznej regulacji jasno\u015bci (ALS), Akcelerometr grawitacyjny<\/td>\n<\/tr>\n<tr>\n<td class=\"okno_wew\">Zasilanie i bateria<\/td>\n<td class=\"okno_wew\">Akumulator litowo-polimerowy 3,8V\/15000 mAh<br \/>\n\u0141adowanie przez zasilacz 12V AC\/DC o temperaturze od 0\u00b0C do 45\u00b0C<\/td>\n<\/tr>\n<tr>\n<td class=\"okno_wew\"><span id=\"result_box\" class=\"short_text\" lang=\"pl\"><span class=\"\">Wej\u015bcie \u0142adowania<br \/>\n<\/span><\/span><\/td>\n<td class=\"okno_wew\">Zasilacz 12V\/3A<\/td>\n<\/tr>\n<tr>\n<td class=\"okno_wew\">Temperatura pracy<\/td>\n<td class=\"okno_wew\">0 do 50\u00b0C<\/td>\n<\/tr>\n<tr>\n<td class=\"okno_wew\">Temp. przechowywania<\/td>\n<td class=\"okno_wew\">-20 do 60\u00b0C<\/td>\n<\/tr>\n<tr>\n<td class=\"okno_wew\">Obudowa<\/td>\n<td class=\"okno_wew\">Mocna obudowa z tworzywa sztucznego z gumowymi ochronami<\/td>\n<\/tr>\n<tr>\n<td class=\"okno_wew\">Wymiary<\/td>\n<td class=\"okno_wew\">304.4 mm x 227.8 mm x 42.5 mm<\/td>\n<\/tr>\n<tr>\n<td class=\"okno_wew\">Waga<\/td>\n<td class=\"okno_wew\">1,66 kg<\/td>\n<\/tr>\n<tr>\n<td class=\"okno_wew\">Protoko\u0142y<\/td>\n<td class=\"okno_wew\">DoIP, PLC, J2497, ISO-15765, SAE-J1939, ISO-14229 UDS, SAE-J2411, Puszka jednoprzewodowa (GMLAN),\u00a0 ISO-11898-2, ISO-11898-3, SAE-J2819(TP20), TP16, ISO-9141, ISO-14230,<br \/>\nSAE-J2610(Chrysler SCI), UART Echo Byte, SAE-J2809(Honda Diag-H), SAE-J2740(GM ALDL), SAE-J1567(szyna CCD), Ford UBP, Nissan DDL UART z zegarem, BMW DS2, BMW Ds1,<br \/>\nSAE-J2819(VAG KW81), KW82, SAE-J1708, SAE-J1850 PWM (Ford SCP), SAE-J1850 VPM(GM Class2)<\/td>\n<\/tr>\n<\/tbody>\n<\/table>\n<p>&nbsp;<\/p>\n<h3 class=\"elementor-heading-title elementor-size-default fusion-responsive-typography-calculated\" data-fontsize=\"17\" data-lineheight=\"23.97px\">Zawarto\u015b\u0107 Zestawu <strong>MaxiSys MS919:<\/strong><\/h3>\n<ul>\n<li>Diagnoskop AUTEL MaxiSYS MS919<\/li>\n<li>Walizka z przegrodami<\/li>\n<li>Skrzynka sprz\u0119towa<\/li>\n<li>Bezprzewodowa g\u0142owica diagnostyczna MaxiFlash<\/li>\n<li>Przew\u00f3d g\u0142\u00f3wny<\/li>\n<li>Przew\u00f3d USB<\/li>\n<li>Adapter AC\/DC<\/li>\n<li>Adapter do zasilania z gniazda zapalniczki<\/li>\n<li>Bezpiecznik<\/li>\n<li>Przew\u00f3d Clipper<\/li>\n<li>Przew\u00f3d Scope Test<\/li>\n<li>Przew\u00f3d Multimeter Test<\/li>\n<li>Przew\u00f3d\u00a0Ignition Pickup<\/li>\n<li>Breakout Lead<\/li>\n<li>Multimetr<\/li>\n<li>Flexible Back-pinnig probe<\/li>\n<li>Back &#8211; pinning probe<\/li>\n<li>Back &#8211; pinning probe screw<\/li>\n<li>Back &#8211; pinning probe replacement needle<\/li>\n<li>Ma\u0142a \u015bruba &#8211; crocodile screw<\/li>\n<li>Du\u017ca \u015bruba &#8211; dolphine screw<\/li>\n<li>Instrukcja obs\u0142ugi<\/li>\n<li>\u015aciereczka do ekranu<\/li>\n<\/ul>\n<p><a href=\"https:\/\/chiptuningmarket.com\/wp-content\/uploads\/2025\/03\/919-1.jpg\"><img decoding=\"async\" class=\" wp-image-35130 aligncenter\" src=\"https:\/\/chiptuningmarket.com\/wp-content\/uploads\/2025\/03\/919-1-1024x683.jpg\" alt=\"\" width=\"876\" height=\"584\" srcset=\"https:\/\/chiptuningmarket.com\/wp-content\/uploads\/2025\/03\/919-1-1024x683.jpg 1024w, https:\/\/chiptuningmarket.com\/wp-content\/uploads\/2025\/03\/919-1-300x200.jpg 300w, https:\/\/chiptuningmarket.com\/wp-content\/uploads\/2025\/03\/919-1-768x512.jpg 768w, https:\/\/chiptuningmarket.com\/wp-content\/uploads\/2025\/03\/919-1-270x180.jpg 270w, https:\/\/chiptuningmarket.com\/wp-content\/uploads\/2025\/03\/919-1-600x400.jpg 600w, https:\/\/chiptuningmarket.com\/wp-content\/uploads\/2025\/03\/919-1.jpg 1200w\" sizes=\"(max-width: 876px) 100vw, 876px\" \/><\/a><\/p>\n<p>&nbsp;<\/p>\n<p><b>Sprz\u0119t z autoryzowanej dystrybucji marki AUTEL na terenie Polski!<\/b><\/p>\n<p><b>Oryginalny, legalny sprz\u0119t z aktualizacjami oprogramowania online z pozycji diagnoskopu!<\/b><\/p>\n<p><a href=\"https:\/\/chiptuningmarket.com\/wp-content\/uploads\/2025\/03\/autel_maxisys_porownanie.jpeg\"><img decoding=\"async\" class=\"aligncenter wp-image-35133 size-full\" src=\"https:\/\/chiptuningmarket.com\/wp-content\/uploads\/2025\/03\/autel_maxisys_porownanie.jpeg\" alt=\"\" width=\"1500\" height=\"1794\" srcset=\"https:\/\/chiptuningmarket.com\/wp-content\/uploads\/2025\/03\/autel_maxisys_porownanie.jpeg 1500w, https:\/\/chiptuningmarket.com\/wp-content\/uploads\/2025\/03\/autel_maxisys_porownanie-251x300.jpeg 251w, https:\/\/chiptuningmarket.com\/wp-content\/uploads\/2025\/03\/autel_maxisys_porownanie-856x1024.jpeg 856w, https:\/\/chiptuningmarket.com\/wp-content\/uploads\/2025\/03\/autel_maxisys_porownanie-768x919.jpeg 768w, https:\/\/chiptuningmarket.com\/wp-content\/uploads\/2025\/03\/autel_maxisys_porownanie-1284x1536.jpeg 1284w, https:\/\/chiptuningmarket.com\/wp-content\/uploads\/2025\/03\/autel_maxisys_porownanie-600x718.jpeg 600w\" sizes=\"(max-width: 1500px) 100vw, 1500px\" \/><\/a><\/p>\n<p>W ofercie r\u00f3wnie\u017c:<\/p>\n<p><a style=\"color: blue\" href=\"https:\/\/chiptuningmarket.com\/pl\/shop\/urzadzenia-diagnostyczne-pl-pl\/osobowe-urzadzenia-diagnostyczne-pl\/urzadzenia-diagnostyczne-autel\/autel-maxisys-ms909\/\">AUTEL MS909<\/a><\/p>\n<p><a style=\"color: blue\" href=\"https:\/\/chiptuningmarket.com\/pl\/shop\/urzadzenia-diagnostyczne-pl-pl\/osobowe-urzadzenia-diagnostyczne-pl\/urzadzenia-diagnostyczne-topdon\/topdon-phoenix-max\/\">TOPDON Phoenix<\/a><\/p>\n<p>&nbsp;<\/p>\n<p>&nbsp;<\/p>\n<p>&nbsp;<\/p>\n","protected":false},"excerpt":{"rendered":"<p>AUTEL MaxiSYS MS919 to zaawansowany tablet diagnostyczny z 9,7-calowym ekranem dotykowym, oparty na systemie Android, wyposa\u017cony w o\u015bmiordzeniowy procesor (2,3 GHz Quad + 1,7 GHz Quad), 128 GB pami\u0119ci oraz MaxiFlash VCMI, narz\u0119dzie komunikacyjne i testuj\u0105ce 5 w 1, zapewniaj\u0105ce bezprzewodow\u0105 komunikacj\u0119 pomi\u0119dzy pojazdem a tabletem i obs\u0142uguj\u0105ce najnowsze protoko\u0142y komunikacyjne DoIP, D-PDU i Mega CAN.<\/p>\n","protected":false},"featured_media":35130,"template":"","meta":{"_monsterinsights_skip_tracking":false,"_monsterinsights_sitenote_active":false,"_monsterinsights_sitenote_note":"","_monsterinsights_sitenote_category":0},"product_brand":[],"product_cat":[5059,5680],"product_tag":[6965,2697,6960,1495,6966],"class_list":{"0":"post-35123","1":"product","2":"type-product","3":"status-publish","4":"has-post-thumbnail","6":"product_cat-urzadzenia-diagnostyczne-pl-pl","7":"product_cat-urzadzenia-diagnostyczne-autel","8":"product_tag-autel-ms919","9":"product_tag-diagnoskop-autel-pl","10":"product_tag-maxiflash","11":"product_tag-maxisys-pl","12":"product_tag-ms919","14":"first","15":"onbackorder","16":"taxable","17":"shipping-taxable","18":"purchasable","19":"product-type-simple"},"yoast_head":"<!-- This site is optimized with the Yoast SEO plugin v25.2 - https:\/\/yoast.com\/wordpress\/plugins\/seo\/ -->\n<title>AUTEL MaxiSys MS919 - Chiptuningmarket<\/title>\n<meta name=\"description\" content=\"AUTEL MaxiSYS MS919 to zaawansowany tablet diagnostyczny z 9,7-calowym ekranem dotykowym, oparty na systemie Android, wyposa\u017cony w o\u015bmiordzeniowy...\" \/>\n<meta name=\"robots\" content=\"index, follow, max-snippet:-1, max-image-preview:large, max-video-preview:-1\" \/>\n<link rel=\"canonical\" href=\"https:\/\/chiptuningmarket.com\/pl\/shop\/urzadzenia-diagnostyczne-pl-pl\/osobowe-urzadzenia-diagnostyczne-pl\/urzadzenia-diagnostyczne-autel\/autel-maxisys-ms919\/\" \/>\n<meta property=\"og:locale\" content=\"pl_PL\" \/>\n<meta property=\"og:type\" content=\"article\" \/>\n<meta property=\"og:title\" content=\"AUTEL MaxiSys MS919 - Chiptuningmarket\" \/>\n<meta property=\"og:description\" content=\"AUTEL MaxiSYS MS919 to zaawansowany tablet diagnostyczny z 9,7-calowym ekranem dotykowym, oparty na systemie Android, wyposa\u017cony w o\u015bmiordzeniowy...\" \/>\n<meta property=\"og:url\" content=\"https:\/\/chiptuningmarket.com\/pl\/shop\/urzadzenia-diagnostyczne-pl-pl\/osobowe-urzadzenia-diagnostyczne-pl\/urzadzenia-diagnostyczne-autel\/autel-maxisys-ms919\/\" \/>\n<meta property=\"og:site_name\" content=\"Chiptuningmarket\" \/>\n<meta property=\"article:modified_time\" content=\"2025-05-28T06:10:00+00:00\" \/>\n<meta property=\"og:image\" content=\"https:\/\/chiptuningmarket.com\/wp-content\/uploads\/2025\/03\/919-1.jpg\" \/>\n\t<meta property=\"og:image:width\" content=\"1200\" \/>\n\t<meta property=\"og:image:height\" content=\"800\" \/>\n\t<meta property=\"og:image:type\" content=\"image\/jpeg\" \/>\n<meta name=\"twitter:card\" content=\"summary_large_image\" \/>\n<meta name=\"twitter:label1\" content=\"Szacowany czas czytania\" \/>\n\t<meta name=\"twitter:data1\" content=\"4 minuty\" \/>\n<script type=\"application\/ld+json\" class=\"yoast-schema-graph\">{\"@context\":\"https:\/\/schema.org\",\"@graph\":[{\"@type\":\"WebPage\",\"@id\":\"https:\/\/chiptuningmarket.com\/pl\/shop\/urzadzenia-diagnostyczne-pl-pl\/osobowe-urzadzenia-diagnostyczne-pl\/urzadzenia-diagnostyczne-autel\/autel-maxisys-ms919\/\",\"url\":\"https:\/\/chiptuningmarket.com\/pl\/shop\/urzadzenia-diagnostyczne-pl-pl\/osobowe-urzadzenia-diagnostyczne-pl\/urzadzenia-diagnostyczne-autel\/autel-maxisys-ms919\/\",\"name\":\"AUTEL MaxiSys MS919 - Chiptuningmarket\",\"isPartOf\":{\"@id\":\"https:\/\/chiptuningmarket.com\/pl\/#website\"},\"primaryImageOfPage\":{\"@id\":\"https:\/\/chiptuningmarket.com\/pl\/shop\/urzadzenia-diagnostyczne-pl-pl\/osobowe-urzadzenia-diagnostyczne-pl\/urzadzenia-diagnostyczne-autel\/autel-maxisys-ms919\/#primaryimage\"},\"image\":{\"@id\":\"https:\/\/chiptuningmarket.com\/pl\/shop\/urzadzenia-diagnostyczne-pl-pl\/osobowe-urzadzenia-diagnostyczne-pl\/urzadzenia-diagnostyczne-autel\/autel-maxisys-ms919\/#primaryimage\"},\"thumbnailUrl\":\"https:\/\/chiptuningmarket.com\/wp-content\/uploads\/2025\/03\/919-1.jpg\",\"datePublished\":\"2025-03-06T15:12:42+00:00\",\"dateModified\":\"2025-05-28T06:10:00+00:00\",\"description\":\"AUTEL MaxiSYS MS919 to zaawansowany tablet diagnostyczny z 9,7-calowym ekranem dotykowym, oparty na systemie Android, wyposa\u017cony w o\u015bmiordzeniowy...\",\"breadcrumb\":{\"@id\":\"https:\/\/chiptuningmarket.com\/pl\/shop\/urzadzenia-diagnostyczne-pl-pl\/osobowe-urzadzenia-diagnostyczne-pl\/urzadzenia-diagnostyczne-autel\/autel-maxisys-ms919\/#breadcrumb\"},\"inLanguage\":\"pl-PL\",\"potentialAction\":[{\"@type\":\"ReadAction\",\"target\":[\"https:\/\/chiptuningmarket.com\/pl\/shop\/urzadzenia-diagnostyczne-pl-pl\/osobowe-urzadzenia-diagnostyczne-pl\/urzadzenia-diagnostyczne-autel\/autel-maxisys-ms919\/\"]}]},{\"@type\":\"ImageObject\",\"inLanguage\":\"pl-PL\",\"@id\":\"https:\/\/chiptuningmarket.com\/pl\/shop\/urzadzenia-diagnostyczne-pl-pl\/osobowe-urzadzenia-diagnostyczne-pl\/urzadzenia-diagnostyczne-autel\/autel-maxisys-ms919\/#primaryimage\",\"url\":\"https:\/\/chiptuningmarket.com\/wp-content\/uploads\/2025\/03\/919-1.jpg\",\"contentUrl\":\"https:\/\/chiptuningmarket.com\/wp-content\/uploads\/2025\/03\/919-1.jpg\",\"width\":1200,\"height\":800},{\"@type\":\"BreadcrumbList\",\"@id\":\"https:\/\/chiptuningmarket.com\/pl\/shop\/urzadzenia-diagnostyczne-pl-pl\/osobowe-urzadzenia-diagnostyczne-pl\/urzadzenia-diagnostyczne-autel\/autel-maxisys-ms919\/#breadcrumb\",\"itemListElement\":[{\"@type\":\"ListItem\",\"position\":1,\"name\":\"Home\",\"item\":\"https:\/\/chiptuningmarket.com\/pl\/\"},{\"@type\":\"ListItem\",\"position\":2,\"name\":\"Sklep\",\"item\":\"https:\/\/chiptuningmarket.com\/pl\/shop\/\"},{\"@type\":\"ListItem\",\"position\":3,\"name\":\"AUTEL MaxiSys MS919\"}]},{\"@type\":\"WebSite\",\"@id\":\"https:\/\/chiptuningmarket.com\/pl\/#website\",\"url\":\"https:\/\/chiptuningmarket.com\/pl\/\",\"name\":\"Chiptuningmarket\",\"description\":\"Biggest chiptuning shop in Europe\",\"publisher\":{\"@id\":\"https:\/\/chiptuningmarket.com\/pl\/#organization\"},\"alternateName\":\"Worldwide ecu tools supplier\",\"potentialAction\":[{\"@type\":\"SearchAction\",\"target\":{\"@type\":\"EntryPoint\",\"urlTemplate\":\"https:\/\/chiptuningmarket.com\/pl\/?s={search_term_string}\"},\"query-input\":{\"@type\":\"PropertyValueSpecification\",\"valueRequired\":true,\"valueName\":\"search_term_string\"}}],\"inLanguage\":\"pl-PL\"},{\"@type\":\"Organization\",\"@id\":\"https:\/\/chiptuningmarket.com\/pl\/#organization\",\"name\":\"Chiptuningmarket\",\"alternateName\":\"Chiptuning tools supplier\",\"url\":\"https:\/\/chiptuningmarket.com\/pl\/\",\"logo\":{\"@type\":\"ImageObject\",\"inLanguage\":\"pl-PL\",\"@id\":\"https:\/\/chiptuningmarket.com\/pl\/#\/schema\/logo\/image\/\",\"url\":\"https:\/\/chiptuningmarket.com\/wp-content\/uploads\/2023\/05\/logo-ChipTuningMarket-social.png\",\"contentUrl\":\"https:\/\/chiptuningmarket.com\/wp-content\/uploads\/2023\/05\/logo-ChipTuningMarket-social.png\",\"width\":512,\"height\":512,\"caption\":\"Chiptuningmarket\"},\"image\":{\"@id\":\"https:\/\/chiptuningmarket.com\/pl\/#\/schema\/logo\/image\/\"}}]}<\/script>\n<!-- \/ Yoast SEO plugin. -->","yoast_head_json":{"title":"AUTEL MaxiSys MS919 - Chiptuningmarket","description":"AUTEL MaxiSYS MS919 to zaawansowany tablet diagnostyczny z 9,7-calowym ekranem dotykowym, oparty na systemie Android, wyposa\u017cony w o\u015bmiordzeniowy...","robots":{"index":"index","follow":"follow","max-snippet":"max-snippet:-1","max-image-preview":"max-image-preview:large","max-video-preview":"max-video-preview:-1"},"canonical":"https:\/\/chiptuningmarket.com\/pl\/shop\/urzadzenia-diagnostyczne-pl-pl\/osobowe-urzadzenia-diagnostyczne-pl\/urzadzenia-diagnostyczne-autel\/autel-maxisys-ms919\/","og_locale":"pl_PL","og_type":"article","og_title":"AUTEL MaxiSys MS919 - Chiptuningmarket","og_description":"AUTEL MaxiSYS MS919 to zaawansowany tablet diagnostyczny z 9,7-calowym ekranem dotykowym, oparty na systemie Android, wyposa\u017cony w o\u015bmiordzeniowy...","og_url":"https:\/\/chiptuningmarket.com\/pl\/shop\/urzadzenia-diagnostyczne-pl-pl\/osobowe-urzadzenia-diagnostyczne-pl\/urzadzenia-diagnostyczne-autel\/autel-maxisys-ms919\/","og_site_name":"Chiptuningmarket","article_modified_time":"2025-05-28T06:10:00+00:00","og_image":[{"width":1200,"height":800,"url":"https:\/\/chiptuningmarket.com\/wp-content\/uploads\/2025\/03\/919-1.jpg","type":"image\/jpeg"}],"twitter_card":"summary_large_image","twitter_misc":{"Szacowany czas czytania":"4 minuty"},"schema":{"@context":"https:\/\/schema.org","@graph":[{"@type":"WebPage","@id":"https:\/\/chiptuningmarket.com\/pl\/shop\/urzadzenia-diagnostyczne-pl-pl\/osobowe-urzadzenia-diagnostyczne-pl\/urzadzenia-diagnostyczne-autel\/autel-maxisys-ms919\/","url":"https:\/\/chiptuningmarket.com\/pl\/shop\/urzadzenia-diagnostyczne-pl-pl\/osobowe-urzadzenia-diagnostyczne-pl\/urzadzenia-diagnostyczne-autel\/autel-maxisys-ms919\/","name":"AUTEL MaxiSys MS919 - Chiptuningmarket","isPartOf":{"@id":"https:\/\/chiptuningmarket.com\/pl\/#website"},"primaryImageOfPage":{"@id":"https:\/\/chiptuningmarket.com\/pl\/shop\/urzadzenia-diagnostyczne-pl-pl\/osobowe-urzadzenia-diagnostyczne-pl\/urzadzenia-diagnostyczne-autel\/autel-maxisys-ms919\/#primaryimage"},"image":{"@id":"https:\/\/chiptuningmarket.com\/pl\/shop\/urzadzenia-diagnostyczne-pl-pl\/osobowe-urzadzenia-diagnostyczne-pl\/urzadzenia-diagnostyczne-autel\/autel-maxisys-ms919\/#primaryimage"},"thumbnailUrl":"https:\/\/chiptuningmarket.com\/wp-content\/uploads\/2025\/03\/919-1.jpg","datePublished":"2025-03-06T15:12:42+00:00","dateModified":"2025-05-28T06:10:00+00:00","description":"AUTEL MaxiSYS MS919 to zaawansowany tablet diagnostyczny z 9,7-calowym ekranem dotykowym, oparty na systemie Android, wyposa\u017cony w o\u015bmiordzeniowy...","breadcrumb":{"@id":"https:\/\/chiptuningmarket.com\/pl\/shop\/urzadzenia-diagnostyczne-pl-pl\/osobowe-urzadzenia-diagnostyczne-pl\/urzadzenia-diagnostyczne-autel\/autel-maxisys-ms919\/#breadcrumb"},"inLanguage":"pl-PL","potentialAction":[{"@type":"ReadAction","target":["https:\/\/chiptuningmarket.com\/pl\/shop\/urzadzenia-diagnostyczne-pl-pl\/osobowe-urzadzenia-diagnostyczne-pl\/urzadzenia-diagnostyczne-autel\/autel-maxisys-ms919\/"]}]},{"@type":"ImageObject","inLanguage":"pl-PL","@id":"https:\/\/chiptuningmarket.com\/pl\/shop\/urzadzenia-diagnostyczne-pl-pl\/osobowe-urzadzenia-diagnostyczne-pl\/urzadzenia-diagnostyczne-autel\/autel-maxisys-ms919\/#primaryimage","url":"https:\/\/chiptuningmarket.com\/wp-content\/uploads\/2025\/03\/919-1.jpg","contentUrl":"https:\/\/chiptuningmarket.com\/wp-content\/uploads\/2025\/03\/919-1.jpg","width":1200,"height":800},{"@type":"BreadcrumbList","@id":"https:\/\/chiptuningmarket.com\/pl\/shop\/urzadzenia-diagnostyczne-pl-pl\/osobowe-urzadzenia-diagnostyczne-pl\/urzadzenia-diagnostyczne-autel\/autel-maxisys-ms919\/#breadcrumb","itemListElement":[{"@type":"ListItem","position":1,"name":"Home","item":"https:\/\/chiptuningmarket.com\/pl\/"},{"@type":"ListItem","position":2,"name":"Sklep","item":"https:\/\/chiptuningmarket.com\/pl\/shop\/"},{"@type":"ListItem","position":3,"name":"AUTEL MaxiSys MS919"}]},{"@type":"WebSite","@id":"https:\/\/chiptuningmarket.com\/pl\/#website","url":"https:\/\/chiptuningmarket.com\/pl\/","name":"Chiptuningmarket","description":"Biggest chiptuning shop in Europe","publisher":{"@id":"https:\/\/chiptuningmarket.com\/pl\/#organization"},"alternateName":"Worldwide ecu tools supplier","potentialAction":[{"@type":"SearchAction","target":{"@type":"EntryPoint","urlTemplate":"https:\/\/chiptuningmarket.com\/pl\/?s={search_term_string}"},"query-input":{"@type":"PropertyValueSpecification","valueRequired":true,"valueName":"search_term_string"}}],"inLanguage":"pl-PL"},{"@type":"Organization","@id":"https:\/\/chiptuningmarket.com\/pl\/#organization","name":"Chiptuningmarket","alternateName":"Chiptuning tools supplier","url":"https:\/\/chiptuningmarket.com\/pl\/","logo":{"@type":"ImageObject","inLanguage":"pl-PL","@id":"https:\/\/chiptuningmarket.com\/pl\/#\/schema\/logo\/image\/","url":"https:\/\/chiptuningmarket.com\/wp-content\/uploads\/2023\/05\/logo-ChipTuningMarket-social.png","contentUrl":"https:\/\/chiptuningmarket.com\/wp-content\/uploads\/2023\/05\/logo-ChipTuningMarket-social.png","width":512,"height":512,"caption":"Chiptuningmarket"},"image":{"@id":"https:\/\/chiptuningmarket.com\/pl\/#\/schema\/logo\/image\/"}}]}},"_links":{"self":[{"href":"https:\/\/chiptuningmarket.com\/pl\/wp-json\/wp\/v2\/product\/35123","targetHints":{"allow":["GET"]}}],"collection":[{"href":"https:\/\/chiptuningmarket.com\/pl\/wp-json\/wp\/v2\/product"}],"about":[{"href":"https:\/\/chiptuningmarket.com\/pl\/wp-json\/wp\/v2\/types\/product"}],"wp:featuredmedia":[{"embeddable":true,"href":"https:\/\/chiptuningmarket.com\/pl\/wp-json\/wp\/v2\/media\/35130"}],"wp:attachment":[{"href":"https:\/\/chiptuningmarket.com\/pl\/wp-json\/wp\/v2\/media?parent=35123"}],"wp:term":[{"taxonomy":"product_brand","embeddable":true,"href":"https:\/\/chiptuningmarket.com\/pl\/wp-json\/wp\/v2\/product_brand?post=35123"},{"taxonomy":"product_cat","embeddable":true,"href":"https:\/\/chiptuningmarket.com\/pl\/wp-json\/wp\/v2\/product_cat?post=35123"},{"taxonomy":"product_tag","embeddable":true,"href":"https:\/\/chiptuningmarket.com\/pl\/wp-json\/wp\/v2\/product_tag?post=35123"}],"curies":[{"name":"wp","href":"https:\/\/api.w.org\/{rel}","templated":true}]}}