{"id":35194,"date":"2025-03-07T15:33:56","date_gmt":"2025-03-07T14:33:56","guid":{"rendered":"https:\/\/chiptuningmarket.com\/?post_type=product&#038;p=35194"},"modified":"2025-08-26T07:23:22","modified_gmt":"2025-08-26T06:23:22","slug":"zestaw-przewodow-bench-do-odczytu-jednostek-sterujacych-ecu-tcu-autotuner","status":"publish","type":"product","link":"https:\/\/chiptuningmarket.com\/pl\/shop\/akcesoria-chiptuning-pl\/autotuner-akcesoria-chiptuning-pl\/przewody-autotuner-akcesoria-chiptuning-pl\/zestaw-przewodow-bench-do-odczytu-jednostek-sterujacych-ecu-tcu-autotuner\/","title":{"rendered":"Zestaw przewod\u00f3w Bench do odczytu jednostek steruj\u0105cych (ECU\/TCU) Autotuner"},"content":{"rendered":"<h3 data-start=\"0\" data-end=\"93\">Zestaw przewod\u00f3w do odczytu jednostek steruj\u0105cych (ECU\/TCU)<\/h3>\n<h4 data-start=\"95\" data-end=\"147\"><strong data-start=\"100\" data-end=\"147\">Kompatybilne jednostki steruj\u0105ce (ECU\/TCU):<\/strong><\/h4>\n<ul data-start=\"148\" data-end=\"521\">\n<li data-start=\"148\" data-end=\"201\"><strong data-start=\"150\" data-end=\"201\">BMW DKG (Skrzynie bieg\u00f3w z podw\u00f3jnym sprz\u0119g\u0142em)<\/strong><\/li>\n<li data-start=\"202\" data-end=\"264\"><strong data-start=\"204\" data-end=\"264\">BMW i VAG ZF (Skrzynie bieg\u00f3w ZF dla Volkswagena i Audi)<\/strong><\/li>\n<li data-start=\"265\" data-end=\"340\"><strong data-start=\"267\" data-end=\"340\">Mercedes VGS3-NAG3 (Jednostki steruj\u0105ce automatyczn\u0105 skrzyni\u0105 bieg\u00f3w)<\/strong><\/li>\n<li data-start=\"341\" data-end=\"420\"><strong data-start=\"343\" data-end=\"420\">MED17.9.63 (Jednostki steruj\u0105ce Bosch dla system\u00f3w zarz\u0105dzania silnikiem)<\/strong><\/li>\n<li data-start=\"421\" data-end=\"521\"><strong data-start=\"423\" data-end=\"452\">Dodatkowa kompatybilno\u015b\u0107:<\/strong> Wiele innych jednostek steruj\u0105cych (ECU\/TCU) od r\u00f3\u017cnych producent\u00f3w.<\/li>\n<\/ul>\n<h4 data-start=\"523\" data-end=\"553\"><strong data-start=\"528\" data-end=\"553\">Sk\u0142ad zestawu (2025):<\/strong><\/h4>\n<ol data-start=\"555\" data-end=\"1760\">\n<li data-start=\"555\" data-end=\"835\">\n<p data-start=\"558\" data-end=\"589\"><strong data-start=\"558\" data-end=\"589\">4 z\u0142\u0105cza m\u0119skie do m\u0119skich:<\/strong><\/p>\n<ul data-start=\"593\" data-end=\"835\">\n<li data-start=\"593\" data-end=\"685\">S\u0142u\u017c\u0105 do stabilnych po\u0142\u0105cze\u0144 mi\u0119dzy uniwersalnym kablem a r\u00f3\u017cnymi jednostkami steruj\u0105cymi.<\/li>\n<li data-start=\"689\" data-end=\"835\">Wa\u017cne, aby z\u0142\u0105cza by\u0142y wysokiej jako\u015bci i wytrzyma\u0142e, poniewa\u017c musz\u0105 sprosta\u0107 wymaganiom transmisji danych oraz zasilania jednostek steruj\u0105cych.<\/li>\n<\/ul>\n<\/li>\n<li data-start=\"837\" data-end=\"1150\">\n<p data-start=\"840\" data-end=\"866\"><strong data-start=\"840\" data-end=\"866\">1 kabel \u017ce\u0144sko-\u017ce\u0144ska:<\/strong><\/p>\n<ul data-start=\"870\" data-end=\"1150\">\n<li data-start=\"870\" data-end=\"1014\">Umo\u017cliwia wyd\u0142u\u017cenie po\u0142\u0105czenia i elastyczno\u015b\u0107, gdy jednostki steruj\u0105ce wymagaj\u0105 d\u0142u\u017cszych przewod\u00f3w lub ustawienia w ciasnych przestrzeniach.<\/li>\n<li data-start=\"1018\" data-end=\"1150\">Idealne do \u0142\u0105czenia z\u0142\u0105czy m\u0119skich lub kiedy potrzebujesz wi\u0119kszej d\u0142ugo\u015bci kabla, aby unikn\u0105\u0107 nadmiernego napi\u0119cia na przewodach.<\/li>\n<\/ul>\n<\/li>\n<li data-start=\"1152\" data-end=\"1760\">\n<p data-start=\"1155\" data-end=\"1211\"><strong data-start=\"1155\" data-end=\"1211\">1 zacisk uziemiaj\u0105cy z kablem (d\u0142ugi kabel, +80 cm):<\/strong><\/p>\n<ul data-start=\"1215\" data-end=\"1760\">\n<li data-start=\"1215\" data-end=\"1441\"><strong data-start=\"1217\" data-end=\"1235\">Przeznaczenie:<\/strong> Zacisk uziemiaj\u0105cy zapewnia stabilne po\u0142\u0105czenie uziemienia, zapobiegaj\u0105c problemom elektrycznym, takim jak zak\u0142\u00f3cenia czy &#8220;p\u0142ywaj\u0105ce&#8221; uziemienie, kt\u00f3re mog\u0142yby wp\u0142yn\u0105\u0107 na komunikacj\u0119 jednostek steruj\u0105cych.<\/li>\n<li data-start=\"1445\" data-end=\"1620\"><strong data-start=\"1447\" data-end=\"1459\">D\u0142ugo\u015b\u0107:<\/strong> D\u0142ugi kabel (+80 cm) zapewnia elastyczno\u015b\u0107 przy rozmieszczaniu zacisku i umo\u017cliwia \u0142atwe pod\u0142\u0105czenie do ramy pojazdu lub innych odpowiednich punkt\u00f3w uziemienia.<\/li>\n<li data-start=\"1624\" data-end=\"1760\"><strong data-start=\"1626\" data-end=\"1650\">Konstrukcja zacisku:<\/strong> Zacisk powinien by\u0107 \u0142atwy do za\u0142o\u017cenia i zdj\u0119cia, z solidnym uchwytem, aby zapobiec przypadkowemu od\u0142\u0105czeniu.<\/li>\n<\/ul>\n<\/li>\n<\/ol>\n<h4 data-start=\"1762\" data-end=\"1813\"><strong data-start=\"1767\" data-end=\"1813\">Proponowane cechy i dodatki (opcjonalnie):<\/strong><\/h4>\n<ul data-start=\"1815\" data-end=\"2606\">\n<li data-start=\"1815\" data-end=\"2013\">\n<p data-start=\"1817\" data-end=\"1860\"><strong data-start=\"1817\" data-end=\"1860\">Kodowanie kolorystyczne kabli\/etykiety:<\/strong><\/p>\n<ul data-start=\"1864\" data-end=\"2013\">\n<li data-start=\"1864\" data-end=\"2013\">Kable w r\u00f3\u017cnych kolorach dla \u0142atwiejszej identyfikacji poszczeg\u00f3lnych po\u0142\u0105cze\u0144, co zmniejsza ryzyko b\u0142\u0119d\u00f3w przy \u0142\u0105czeniu z jednostkami steruj\u0105cymi.<\/li>\n<\/ul>\n<\/li>\n<li data-start=\"2015\" data-end=\"2202\">\n<p data-start=\"2017\" data-end=\"2048\"><strong data-start=\"2017\" data-end=\"2048\">Adaptery do innych ECU\/TCU:<\/strong><\/p>\n<ul data-start=\"2052\" data-end=\"2202\">\n<li data-start=\"2052\" data-end=\"2202\">W zale\u017cno\u015bci od potrzeb, warto rozwa\u017cy\u0107 dodanie adapter\u00f3w do bardziej specjalistycznych jednostek steruj\u0105cych, aby zwi\u0119kszy\u0107 kompatybilno\u015b\u0107 zestawu.<\/li>\n<\/ul>\n<\/li>\n<li data-start=\"2204\" data-end=\"2412\">\n<p data-start=\"2206\" data-end=\"2236\"><strong data-start=\"2206\" data-end=\"2236\">Wytrzyma\u0142a izolacja kabli:<\/strong><\/p>\n<ul data-start=\"2240\" data-end=\"2412\">\n<li data-start=\"2240\" data-end=\"2412\">Kable powinny by\u0107 wykonane z wysokiej jako\u015bci materia\u0142\u00f3w izolacyjnych, odpornych na zu\u017cycie, a tak\u017ce czynniki atmosferyczne, takie jak olej, ciep\u0142o czy promieniowanie UV.<\/li>\n<\/ul>\n<\/li>\n<li data-start=\"2414\" data-end=\"2606\">\n<p data-start=\"2416\" data-end=\"2455\"><strong data-start=\"2416\" data-end=\"2455\">Obudowa ochronna do przechowywania:<\/strong><\/p>\n<ul data-start=\"2459\" data-end=\"2606\">\n<li data-start=\"2459\" data-end=\"2606\">Solidna walizka do przechowywania kabli i z\u0142\u0105czy w spos\u00f3b uporz\u0105dkowany i chroni\u0105cy je przed uszkodzeniami podczas transportu lub przechowywania.<\/li>\n<\/ul>\n<\/li>\n<\/ul>\n<hr data-start=\"2608\" data-end=\"2611\" \/>\n<p data-start=\"2613\" data-end=\"2978\" data-is-last-node=\"\" data-is-only-node=\"\">Ten zestaw powinien spe\u0142nia\u0107 specyficzne potrzeby odczytu jednostek steruj\u0105cych (ECU\/TCU) od marek takich jak BMW, VAG, Mercedes i innych, zapewniaj\u0105c skuteczn\u0105 komunikacj\u0119 podczas diagnostyki lub programowania na stole warsztatowym. Zaktualizowane komponenty na rok 2025 poprawiaj\u0105 elastyczno\u015b\u0107 i wytrzyma\u0142o\u015b\u0107 zestawu w nowoczesnych zastosowaniach diagnostycznych.<\/p>\n","protected":false},"excerpt":{"rendered":"<h3 data-start=\"0\" data-end=\"93\">Zestaw przewod\u00f3w do odczytu jednostek steruj\u0105cych (ECU\/TCU)<\/h3>\n<h4 data-start=\"95\" data-end=\"147\"><strong data-start=\"100\" data-end=\"147\">Kompatybilne jednostki steruj\u0105ce (ECU\/TCU):<\/strong><\/h4>\n<ul data-start=\"148\" data-end=\"521\">\n<li data-start=\"148\" data-end=\"201\"><strong data-start=\"150\" data-end=\"201\">BMW DKG (Skrzynie bieg\u00f3w z podw\u00f3jnym sprz\u0119g\u0142em)<\/strong><\/li>\n<li data-start=\"202\" data-end=\"264\"><strong data-start=\"204\" data-end=\"264\">BMW i VAG ZF (Skrzynie bieg\u00f3w ZF dla Volkswagena i Audi)<\/strong><\/li>\n<li data-start=\"265\" data-end=\"340\"><strong data-start=\"267\" data-end=\"340\">Mercedes VGS3-NAG3 (Jednostki steruj\u0105ce automatyczn\u0105 skrzyni\u0105 bieg\u00f3w)<\/strong><\/li>\n<li data-start=\"341\" data-end=\"420\"><strong data-start=\"343\" data-end=\"420\">MED17.9.63 (Jednostki steruj\u0105ce Bosch dla system\u00f3w zarz\u0105dzania silnikiem)<\/strong><\/li>\n<li data-start=\"421\" data-end=\"521\"><strong data-start=\"423\" data-end=\"452\">Dodatkowa kompatybilno\u015b\u0107:<\/strong> Wiele innych jednostek steruj\u0105cych (ECU\/TCU) od r\u00f3\u017cnych producent\u00f3w.<\/li>\n<\/ul>\n","protected":false},"featured_media":35201,"template":"","meta":{"_monsterinsights_skip_tracking":false,"_monsterinsights_sitenote_active":false,"_monsterinsights_sitenote_note":"","_monsterinsights_sitenote_category":0},"product_brand":[],"product_cat":[5060,5099,5100],"product_tag":[6972,1704,6973],"class_list":{"0":"post-35194","1":"product","2":"type-product","3":"status-publish","4":"has-post-thumbnail","6":"product_cat-akcesoria-chiptuning-pl","7":"product_cat-autotuner-akcesoria-chiptuning-pl","8":"product_cat-przewody-autotuner-akcesoria-chiptuning-pl","9":"product_tag-atuc053","10":"product_tag-autotuner-pl","11":"product_tag-zestaw-przewodow-do-odczytu-jednostek-sterujacych-ecu-tcu","13":"first","14":"outofstock","15":"taxable","16":"shipping-taxable","17":"purchasable","18":"product-type-simple"},"yoast_head":"<!-- This site is optimized with the Yoast SEO plugin v25.2 - https:\/\/yoast.com\/wordpress\/plugins\/seo\/ -->\n<title>Zestaw przewod\u00f3w Bench do odczytu jednostek steruj\u0105cych (ECU\/TCU) Autotuner - Chiptuningmarket<\/title>\n<meta name=\"description\" content=\"Zestaw przewod\u00f3w do odczytu jednostek steruj\u0105cych (ECU\/TCU)Kompatybilne jednostki steruj\u0105ce (ECU\/TCU):BMW DKG (Skrzynie bieg\u00f3w z podw\u00f3jnym sprz\u0119g\u0142em)BMW i VAG ZF (Skrzynie bieg\u00f3w ZF dla Volkswagena i Audi)Mercedes VGS3-NAG3 (Jednostki steruj\u0105ce automatyczn\u0105 skrzyni\u0105 bieg\u00f3w)MED17.9.63 (Jednostki steruj\u0105ce Bosch dla system\u00f3w zarz\u0105dzania silnikiem)Dodatkowa kompatybilno\u015b\u0107: Wiele innych jednostek steruj\u0105cych (ECU\/TCU) od r\u00f3\u017cnych producent\u00f3w.\" \/>\n<meta name=\"robots\" content=\"index, follow, max-snippet:-1, max-image-preview:large, max-video-preview:-1\" \/>\n<link rel=\"canonical\" href=\"https:\/\/chiptuningmarket.com\/pl\/shop\/akcesoria-chiptuning-pl\/autotuner-akcesoria-chiptuning-pl\/przewody-autotuner-akcesoria-chiptuning-pl\/zestaw-przewodow-bench-do-odczytu-jednostek-sterujacych-ecu-tcu-autotuner\/\" \/>\n<meta property=\"og:locale\" content=\"pl_PL\" \/>\n<meta property=\"og:type\" content=\"article\" \/>\n<meta property=\"og:title\" content=\"Zestaw przewod\u00f3w Bench do odczytu jednostek steruj\u0105cych (ECU\/TCU) Autotuner - Chiptuningmarket\" \/>\n<meta property=\"og:description\" content=\"Zestaw przewod\u00f3w do odczytu jednostek steruj\u0105cych (ECU\/TCU)Kompatybilne jednostki steruj\u0105ce (ECU\/TCU):BMW DKG (Skrzynie bieg\u00f3w z podw\u00f3jnym sprz\u0119g\u0142em)BMW i VAG ZF (Skrzynie bieg\u00f3w ZF dla Volkswagena i Audi)Mercedes VGS3-NAG3 (Jednostki steruj\u0105ce automatyczn\u0105 skrzyni\u0105 bieg\u00f3w)MED17.9.63 (Jednostki steruj\u0105ce Bosch dla system\u00f3w zarz\u0105dzania silnikiem)Dodatkowa kompatybilno\u015b\u0107: Wiele innych jednostek steruj\u0105cych (ECU\/TCU) od r\u00f3\u017cnych producent\u00f3w.\" \/>\n<meta property=\"og:url\" content=\"https:\/\/chiptuningmarket.com\/pl\/shop\/akcesoria-chiptuning-pl\/autotuner-akcesoria-chiptuning-pl\/przewody-autotuner-akcesoria-chiptuning-pl\/zestaw-przewodow-bench-do-odczytu-jednostek-sterujacych-ecu-tcu-autotuner\/\" \/>\n<meta property=\"og:site_name\" content=\"Chiptuningmarket\" \/>\n<meta property=\"article:modified_time\" content=\"2025-08-26T06:23:22+00:00\" \/>\n<meta property=\"og:image\" content=\"https:\/\/chiptuningmarket.com\/wp-content\/uploads\/2025\/03\/ATUC053-b.webp\" \/>\n\t<meta property=\"og:image:width\" content=\"1800\" \/>\n\t<meta property=\"og:image:height\" content=\"1013\" \/>\n\t<meta property=\"og:image:type\" content=\"image\/webp\" \/>\n<meta name=\"twitter:card\" content=\"summary_large_image\" \/>\n<meta name=\"twitter:label1\" content=\"Szacowany czas czytania\" \/>\n\t<meta name=\"twitter:data1\" content=\"2 minuty\" \/>\n<script type=\"application\/ld+json\" class=\"yoast-schema-graph\">{\"@context\":\"https:\/\/schema.org\",\"@graph\":[{\"@type\":\"WebPage\",\"@id\":\"https:\/\/chiptuningmarket.com\/pl\/shop\/akcesoria-chiptuning-pl\/autotuner-akcesoria-chiptuning-pl\/przewody-autotuner-akcesoria-chiptuning-pl\/zestaw-przewodow-bench-do-odczytu-jednostek-sterujacych-ecu-tcu-autotuner\/\",\"url\":\"https:\/\/chiptuningmarket.com\/pl\/shop\/akcesoria-chiptuning-pl\/autotuner-akcesoria-chiptuning-pl\/przewody-autotuner-akcesoria-chiptuning-pl\/zestaw-przewodow-bench-do-odczytu-jednostek-sterujacych-ecu-tcu-autotuner\/\",\"name\":\"Zestaw przewod\u00f3w Bench do odczytu jednostek steruj\u0105cych (ECU\/TCU) Autotuner - Chiptuningmarket\",\"isPartOf\":{\"@id\":\"https:\/\/chiptuningmarket.com\/ru\/#website\"},\"primaryImageOfPage\":{\"@id\":\"https:\/\/chiptuningmarket.com\/pl\/shop\/akcesoria-chiptuning-pl\/autotuner-akcesoria-chiptuning-pl\/przewody-autotuner-akcesoria-chiptuning-pl\/zestaw-przewodow-bench-do-odczytu-jednostek-sterujacych-ecu-tcu-autotuner\/#primaryimage\"},\"image\":{\"@id\":\"https:\/\/chiptuningmarket.com\/pl\/shop\/akcesoria-chiptuning-pl\/autotuner-akcesoria-chiptuning-pl\/przewody-autotuner-akcesoria-chiptuning-pl\/zestaw-przewodow-bench-do-odczytu-jednostek-sterujacych-ecu-tcu-autotuner\/#primaryimage\"},\"thumbnailUrl\":\"https:\/\/chiptuningmarket.com\/wp-content\/uploads\/2025\/03\/ATUC053-b.webp\",\"datePublished\":\"2025-03-07T14:33:56+00:00\",\"dateModified\":\"2025-08-26T06:23:22+00:00\",\"description\":\"Zestaw przewod\u00f3w do odczytu jednostek steruj\u0105cych (ECU\/TCU)Kompatybilne jednostki steruj\u0105ce (ECU\/TCU):BMW DKG (Skrzynie bieg\u00f3w z podw\u00f3jnym sprz\u0119g\u0142em)BMW i VAG ZF (Skrzynie bieg\u00f3w ZF dla Volkswagena i Audi)Mercedes VGS3-NAG3 (Jednostki steruj\u0105ce automatyczn\u0105 skrzyni\u0105 bieg\u00f3w)MED17.9.63 (Jednostki steruj\u0105ce Bosch dla system\u00f3w zarz\u0105dzania silnikiem)Dodatkowa kompatybilno\u015b\u0107: Wiele innych jednostek steruj\u0105cych (ECU\/TCU) od r\u00f3\u017cnych producent\u00f3w.\",\"breadcrumb\":{\"@id\":\"https:\/\/chiptuningmarket.com\/pl\/shop\/akcesoria-chiptuning-pl\/autotuner-akcesoria-chiptuning-pl\/przewody-autotuner-akcesoria-chiptuning-pl\/zestaw-przewodow-bench-do-odczytu-jednostek-sterujacych-ecu-tcu-autotuner\/#breadcrumb\"},\"inLanguage\":\"pl-PL\",\"potentialAction\":[{\"@type\":\"ReadAction\",\"target\":[\"https:\/\/chiptuningmarket.com\/pl\/shop\/akcesoria-chiptuning-pl\/autotuner-akcesoria-chiptuning-pl\/przewody-autotuner-akcesoria-chiptuning-pl\/zestaw-przewodow-bench-do-odczytu-jednostek-sterujacych-ecu-tcu-autotuner\/\"]}]},{\"@type\":\"ImageObject\",\"inLanguage\":\"pl-PL\",\"@id\":\"https:\/\/chiptuningmarket.com\/pl\/shop\/akcesoria-chiptuning-pl\/autotuner-akcesoria-chiptuning-pl\/przewody-autotuner-akcesoria-chiptuning-pl\/zestaw-przewodow-bench-do-odczytu-jednostek-sterujacych-ecu-tcu-autotuner\/#primaryimage\",\"url\":\"https:\/\/chiptuningmarket.com\/wp-content\/uploads\/2025\/03\/ATUC053-b.webp\",\"contentUrl\":\"https:\/\/chiptuningmarket.com\/wp-content\/uploads\/2025\/03\/ATUC053-b.webp\",\"width\":1800,\"height\":1013},{\"@type\":\"BreadcrumbList\",\"@id\":\"https:\/\/chiptuningmarket.com\/pl\/shop\/akcesoria-chiptuning-pl\/autotuner-akcesoria-chiptuning-pl\/przewody-autotuner-akcesoria-chiptuning-pl\/zestaw-przewodow-bench-do-odczytu-jednostek-sterujacych-ecu-tcu-autotuner\/#breadcrumb\",\"itemListElement\":[{\"@type\":\"ListItem\",\"position\":1,\"name\":\"Home\",\"item\":\"https:\/\/chiptuningmarket.com\/pl\/\"},{\"@type\":\"ListItem\",\"position\":2,\"name\":\"Sklep\",\"item\":\"https:\/\/chiptuningmarket.com\/pl\/shop\/\"},{\"@type\":\"ListItem\",\"position\":3,\"name\":\"Zestaw przewod\u00f3w Bench do odczytu jednostek steruj\u0105cych (ECU\/TCU) Autotuner\"}]},{\"@type\":\"WebSite\",\"@id\":\"https:\/\/chiptuningmarket.com\/ru\/#website\",\"url\":\"https:\/\/chiptuningmarket.com\/ru\/\",\"name\":\"Chiptuningmarket\",\"description\":\"Biggest chiptuning shop in Europe\",\"publisher\":{\"@id\":\"https:\/\/chiptuningmarket.com\/ru\/#organization\"},\"alternateName\":\"Worldwide ecu tools supplier\",\"potentialAction\":[{\"@type\":\"SearchAction\",\"target\":{\"@type\":\"EntryPoint\",\"urlTemplate\":\"https:\/\/chiptuningmarket.com\/ru\/?s={search_term_string}\"},\"query-input\":{\"@type\":\"PropertyValueSpecification\",\"valueRequired\":true,\"valueName\":\"search_term_string\"}}],\"inLanguage\":\"pl-PL\"},{\"@type\":\"Organization\",\"@id\":\"https:\/\/chiptuningmarket.com\/ru\/#organization\",\"name\":\"Chiptuningmarket\",\"alternateName\":\"Chiptuning tools supplier\",\"url\":\"https:\/\/chiptuningmarket.com\/ru\/\",\"logo\":{\"@type\":\"ImageObject\",\"inLanguage\":\"pl-PL\",\"@id\":\"https:\/\/chiptuningmarket.com\/ru\/#\/schema\/logo\/image\/\",\"url\":\"https:\/\/chiptuningmarket.com\/wp-content\/uploads\/2023\/05\/logo-ChipTuningMarket-social.png\",\"contentUrl\":\"https:\/\/chiptuningmarket.com\/wp-content\/uploads\/2023\/05\/logo-ChipTuningMarket-social.png\",\"width\":512,\"height\":512,\"caption\":\"Chiptuningmarket\"},\"image\":{\"@id\":\"https:\/\/chiptuningmarket.com\/ru\/#\/schema\/logo\/image\/\"}}]}<\/script>\n<!-- \/ Yoast SEO plugin. -->","yoast_head_json":{"title":"Zestaw przewod\u00f3w Bench do odczytu jednostek steruj\u0105cych (ECU\/TCU) Autotuner - Chiptuningmarket","description":"Zestaw przewod\u00f3w do odczytu jednostek steruj\u0105cych (ECU\/TCU)Kompatybilne jednostki steruj\u0105ce (ECU\/TCU):BMW DKG (Skrzynie bieg\u00f3w z podw\u00f3jnym sprz\u0119g\u0142em)BMW i VAG ZF (Skrzynie bieg\u00f3w ZF dla Volkswagena i Audi)Mercedes VGS3-NAG3 (Jednostki steruj\u0105ce automatyczn\u0105 skrzyni\u0105 bieg\u00f3w)MED17.9.63 (Jednostki steruj\u0105ce Bosch dla system\u00f3w zarz\u0105dzania silnikiem)Dodatkowa kompatybilno\u015b\u0107: Wiele innych jednostek steruj\u0105cych (ECU\/TCU) od r\u00f3\u017cnych producent\u00f3w.","robots":{"index":"index","follow":"follow","max-snippet":"max-snippet:-1","max-image-preview":"max-image-preview:large","max-video-preview":"max-video-preview:-1"},"canonical":"https:\/\/chiptuningmarket.com\/pl\/shop\/akcesoria-chiptuning-pl\/autotuner-akcesoria-chiptuning-pl\/przewody-autotuner-akcesoria-chiptuning-pl\/zestaw-przewodow-bench-do-odczytu-jednostek-sterujacych-ecu-tcu-autotuner\/","og_locale":"pl_PL","og_type":"article","og_title":"Zestaw przewod\u00f3w Bench do odczytu jednostek steruj\u0105cych (ECU\/TCU) Autotuner - Chiptuningmarket","og_description":"Zestaw przewod\u00f3w do odczytu jednostek steruj\u0105cych (ECU\/TCU)Kompatybilne jednostki steruj\u0105ce (ECU\/TCU):BMW DKG (Skrzynie bieg\u00f3w z podw\u00f3jnym sprz\u0119g\u0142em)BMW i VAG ZF (Skrzynie bieg\u00f3w ZF dla Volkswagena i Audi)Mercedes VGS3-NAG3 (Jednostki steruj\u0105ce automatyczn\u0105 skrzyni\u0105 bieg\u00f3w)MED17.9.63 (Jednostki steruj\u0105ce Bosch dla system\u00f3w zarz\u0105dzania silnikiem)Dodatkowa kompatybilno\u015b\u0107: Wiele innych jednostek steruj\u0105cych (ECU\/TCU) od r\u00f3\u017cnych producent\u00f3w.","og_url":"https:\/\/chiptuningmarket.com\/pl\/shop\/akcesoria-chiptuning-pl\/autotuner-akcesoria-chiptuning-pl\/przewody-autotuner-akcesoria-chiptuning-pl\/zestaw-przewodow-bench-do-odczytu-jednostek-sterujacych-ecu-tcu-autotuner\/","og_site_name":"Chiptuningmarket","article_modified_time":"2025-08-26T06:23:22+00:00","og_image":[{"width":1800,"height":1013,"url":"https:\/\/chiptuningmarket.com\/wp-content\/uploads\/2025\/03\/ATUC053-b.webp","type":"image\/webp"}],"twitter_card":"summary_large_image","twitter_misc":{"Szacowany czas czytania":"2 minuty"},"schema":{"@context":"https:\/\/schema.org","@graph":[{"@type":"WebPage","@id":"https:\/\/chiptuningmarket.com\/pl\/shop\/akcesoria-chiptuning-pl\/autotuner-akcesoria-chiptuning-pl\/przewody-autotuner-akcesoria-chiptuning-pl\/zestaw-przewodow-bench-do-odczytu-jednostek-sterujacych-ecu-tcu-autotuner\/","url":"https:\/\/chiptuningmarket.com\/pl\/shop\/akcesoria-chiptuning-pl\/autotuner-akcesoria-chiptuning-pl\/przewody-autotuner-akcesoria-chiptuning-pl\/zestaw-przewodow-bench-do-odczytu-jednostek-sterujacych-ecu-tcu-autotuner\/","name":"Zestaw przewod\u00f3w Bench do odczytu jednostek steruj\u0105cych (ECU\/TCU) Autotuner - Chiptuningmarket","isPartOf":{"@id":"https:\/\/chiptuningmarket.com\/ru\/#website"},"primaryImageOfPage":{"@id":"https:\/\/chiptuningmarket.com\/pl\/shop\/akcesoria-chiptuning-pl\/autotuner-akcesoria-chiptuning-pl\/przewody-autotuner-akcesoria-chiptuning-pl\/zestaw-przewodow-bench-do-odczytu-jednostek-sterujacych-ecu-tcu-autotuner\/#primaryimage"},"image":{"@id":"https:\/\/chiptuningmarket.com\/pl\/shop\/akcesoria-chiptuning-pl\/autotuner-akcesoria-chiptuning-pl\/przewody-autotuner-akcesoria-chiptuning-pl\/zestaw-przewodow-bench-do-odczytu-jednostek-sterujacych-ecu-tcu-autotuner\/#primaryimage"},"thumbnailUrl":"https:\/\/chiptuningmarket.com\/wp-content\/uploads\/2025\/03\/ATUC053-b.webp","datePublished":"2025-03-07T14:33:56+00:00","dateModified":"2025-08-26T06:23:22+00:00","description":"Zestaw przewod\u00f3w do odczytu jednostek steruj\u0105cych (ECU\/TCU)Kompatybilne jednostki steruj\u0105ce (ECU\/TCU):BMW DKG (Skrzynie bieg\u00f3w z podw\u00f3jnym sprz\u0119g\u0142em)BMW i VAG ZF (Skrzynie bieg\u00f3w ZF dla Volkswagena i Audi)Mercedes VGS3-NAG3 (Jednostki steruj\u0105ce automatyczn\u0105 skrzyni\u0105 bieg\u00f3w)MED17.9.63 (Jednostki steruj\u0105ce Bosch dla system\u00f3w zarz\u0105dzania silnikiem)Dodatkowa kompatybilno\u015b\u0107: Wiele innych jednostek steruj\u0105cych (ECU\/TCU) od r\u00f3\u017cnych producent\u00f3w.","breadcrumb":{"@id":"https:\/\/chiptuningmarket.com\/pl\/shop\/akcesoria-chiptuning-pl\/autotuner-akcesoria-chiptuning-pl\/przewody-autotuner-akcesoria-chiptuning-pl\/zestaw-przewodow-bench-do-odczytu-jednostek-sterujacych-ecu-tcu-autotuner\/#breadcrumb"},"inLanguage":"pl-PL","potentialAction":[{"@type":"ReadAction","target":["https:\/\/chiptuningmarket.com\/pl\/shop\/akcesoria-chiptuning-pl\/autotuner-akcesoria-chiptuning-pl\/przewody-autotuner-akcesoria-chiptuning-pl\/zestaw-przewodow-bench-do-odczytu-jednostek-sterujacych-ecu-tcu-autotuner\/"]}]},{"@type":"ImageObject","inLanguage":"pl-PL","@id":"https:\/\/chiptuningmarket.com\/pl\/shop\/akcesoria-chiptuning-pl\/autotuner-akcesoria-chiptuning-pl\/przewody-autotuner-akcesoria-chiptuning-pl\/zestaw-przewodow-bench-do-odczytu-jednostek-sterujacych-ecu-tcu-autotuner\/#primaryimage","url":"https:\/\/chiptuningmarket.com\/wp-content\/uploads\/2025\/03\/ATUC053-b.webp","contentUrl":"https:\/\/chiptuningmarket.com\/wp-content\/uploads\/2025\/03\/ATUC053-b.webp","width":1800,"height":1013},{"@type":"BreadcrumbList","@id":"https:\/\/chiptuningmarket.com\/pl\/shop\/akcesoria-chiptuning-pl\/autotuner-akcesoria-chiptuning-pl\/przewody-autotuner-akcesoria-chiptuning-pl\/zestaw-przewodow-bench-do-odczytu-jednostek-sterujacych-ecu-tcu-autotuner\/#breadcrumb","itemListElement":[{"@type":"ListItem","position":1,"name":"Home","item":"https:\/\/chiptuningmarket.com\/pl\/"},{"@type":"ListItem","position":2,"name":"Sklep","item":"https:\/\/chiptuningmarket.com\/pl\/shop\/"},{"@type":"ListItem","position":3,"name":"Zestaw przewod\u00f3w Bench do odczytu jednostek steruj\u0105cych (ECU\/TCU) Autotuner"}]},{"@type":"WebSite","@id":"https:\/\/chiptuningmarket.com\/ru\/#website","url":"https:\/\/chiptuningmarket.com\/ru\/","name":"Chiptuningmarket","description":"Biggest chiptuning shop in Europe","publisher":{"@id":"https:\/\/chiptuningmarket.com\/ru\/#organization"},"alternateName":"Worldwide ecu tools supplier","potentialAction":[{"@type":"SearchAction","target":{"@type":"EntryPoint","urlTemplate":"https:\/\/chiptuningmarket.com\/ru\/?s={search_term_string}"},"query-input":{"@type":"PropertyValueSpecification","valueRequired":true,"valueName":"search_term_string"}}],"inLanguage":"pl-PL"},{"@type":"Organization","@id":"https:\/\/chiptuningmarket.com\/ru\/#organization","name":"Chiptuningmarket","alternateName":"Chiptuning tools supplier","url":"https:\/\/chiptuningmarket.com\/ru\/","logo":{"@type":"ImageObject","inLanguage":"pl-PL","@id":"https:\/\/chiptuningmarket.com\/ru\/#\/schema\/logo\/image\/","url":"https:\/\/chiptuningmarket.com\/wp-content\/uploads\/2023\/05\/logo-ChipTuningMarket-social.png","contentUrl":"https:\/\/chiptuningmarket.com\/wp-content\/uploads\/2023\/05\/logo-ChipTuningMarket-social.png","width":512,"height":512,"caption":"Chiptuningmarket"},"image":{"@id":"https:\/\/chiptuningmarket.com\/ru\/#\/schema\/logo\/image\/"}}]}},"_links":{"self":[{"href":"https:\/\/chiptuningmarket.com\/pl\/wp-json\/wp\/v2\/product\/35194","targetHints":{"allow":["GET"]}}],"collection":[{"href":"https:\/\/chiptuningmarket.com\/pl\/wp-json\/wp\/v2\/product"}],"about":[{"href":"https:\/\/chiptuningmarket.com\/pl\/wp-json\/wp\/v2\/types\/product"}],"wp:featuredmedia":[{"embeddable":true,"href":"https:\/\/chiptuningmarket.com\/pl\/wp-json\/wp\/v2\/media\/35201"}],"wp:attachment":[{"href":"https:\/\/chiptuningmarket.com\/pl\/wp-json\/wp\/v2\/media?parent=35194"}],"wp:term":[{"taxonomy":"product_brand","embeddable":true,"href":"https:\/\/chiptuningmarket.com\/pl\/wp-json\/wp\/v2\/product_brand?post=35194"},{"taxonomy":"product_cat","embeddable":true,"href":"https:\/\/chiptuningmarket.com\/pl\/wp-json\/wp\/v2\/product_cat?post=35194"},{"taxonomy":"product_tag","embeddable":true,"href":"https:\/\/chiptuningmarket.com\/pl\/wp-json\/wp\/v2\/product_tag?post=35194"}],"curies":[{"name":"wp","href":"https:\/\/api.w.org\/{rel}","templated":true}]}}