{"id":35283,"date":"2025-03-11T10:33:15","date_gmt":"2025-03-11T09:33:15","guid":{"rendered":"https:\/\/chiptuningmarket.com\/?post_type=product&#038;p=35283"},"modified":"2025-03-19T15:39:00","modified_gmt":"2025-03-19T14:39:00","slug":"autel-maxicheck-mx900ts","status":"publish","type":"product","link":"https:\/\/chiptuningmarket.com\/pl\/shop\/urzadzenia-diagnostyczne-pl-pl\/osobowe-urzadzenia-diagnostyczne-pl\/urzadzenia-diagnostyczne-autel\/autel-maxicheck-mx900ts\/","title":{"rendered":"AUTEL MaxiCheck MX900TS"},"content":{"rendered":"<h3 class=\"fusion-responsive-typography-calculated\" style=\"text-align: center\" data-fontsize=\"17\" data-lineheight=\"23.97px\"><strong>\u00a0AUTEL MaxiCheck MX900TS<\/strong><\/h3>\n<p>MaxiCheck MX900TS oferuje pe\u0142ne funkcje diagnostyczne oraz kompleksowe rozwi\u0105zania TPMS dla wszystkich obs\u0142ugiwanych marek i modeli. Wyposa\u017cony w intuicyjny ekran dotykowy, oferuje szeroki zakres funkcji diagnostycznych, w tym odczyt i kasowanie kod\u00f3w b\u0142\u0119d\u00f3w, testy aktywne, adaptacje oraz programowanie. MaxiVCI V150 umo\u017cliwia bezprzewodow\u0105 komunikacj\u0119 z pojazdem, a zaawansowane technologie bezprzewodowe sprawiaj\u0105, \u017ce urz\u0105dzenie to doskona\u0142y wyb\u00f3r dla profesjonalnych mechanik\u00f3w i warsztat\u00f3w samochodowych.<\/p>\n<p style=\"text-align: center\"><strong>2 lata darmowej aktualizacji w cenie urz\u0105dzenia!<\/strong><\/p>\n<p><a href=\"https:\/\/chiptuningmarket.com\/wp-content\/uploads\/2025\/03\/200621597t3b.png\"><img decoding=\"async\" class=\"aligncenter wp-image-35284\" src=\"https:\/\/chiptuningmarket.com\/wp-content\/uploads\/2025\/03\/200621597t3b.png\" alt=\"\" width=\"650\" height=\"404\" srcset=\"https:\/\/chiptuningmarket.com\/wp-content\/uploads\/2025\/03\/200621597t3b.png 544w, https:\/\/chiptuningmarket.com\/wp-content\/uploads\/2025\/03\/200621597t3b-300x186.png 300w\" sizes=\"(max-width: 650px) 100vw, 650px\" \/><\/a><\/p>\n<p>Tester jest samodzielnym urz\u0105dzeniem warsztatowym,\u00a0<b>NAJNOWSZEJ SERII TESTER\u00d3W AUTEL<\/b>, wyposa\u017cony w\u00a0<b>8 calowy ekran<\/b>\u00a0dotykowy, kamer\u0119 z flash,\u00a0pancern\u0105, gumow\u0105 warsztatow\u0105 obudow\u0119 typu rugget,\u00a0Zasilony jest bardzo szybkim systemem operacyjnym\u00a0<b>Android 11<\/b>.<\/p>\n<p><b>Sprz\u0119t z autoryzowanej dystrybucji marki AUTEL na terenie Polski<\/b><\/p>\n<p><strong>Wbudowany programator TPMS!<\/strong><\/p>\n<h3 class=\"elementor-heading-title elementor-size-default\" data-fontsize=\"17\" data-lineheight=\"23.97px\">Obs\u0142uga praktycznie wszystkich modu\u0142\u00f3w steruj\u0105cych pojazd:<\/h3>\n<ul>\n<li>silnik<\/li>\n<li>uk\u0142ad hamulcowy ABS<\/li>\n<li>poduszki powietrzne<\/li>\n<li>automatyczna skrzynia bieg\u00f3w<\/li>\n<li>modu\u0142 komfortu<\/li>\n<li>elektronika hamulc\u00f3w<\/li>\n<li>kontrola trakcji ESP\/ASR\/EBD<\/li>\n<li>uk\u0142ad ci\u015bnienia w oponach TMPS<\/li>\n<li>klimatyzacja<\/li>\n<li>wspomaganie uk\u0142adu kierowniczego<\/li>\n<li>deska rozdzielcza<\/li>\n<li>nawigacja<\/li>\n<li>system audio<\/li>\n<li>centralny zamek<\/li>\n<li>system antyw\u0142amaniowy<\/li>\n<li>elektronika \u015bwiate\u0142<\/li>\n<li>nap\u0119d 4&#215;4<\/li>\n<li>pami\u0119\u0107 foteli<\/li>\n<li>elektronika drzwi<\/li>\n<li>nawigacja<\/li>\n<li>wspomaganie parkowania<\/li>\n<li>asystent utrzymania pasa ruchu<\/li>\n<li>kamera cofania<\/li>\n<li>tempomat<\/li>\n<li>oraz wiele innych system\u00f3w wyposa\u017cenia pojazdu..<\/li>\n<\/ul>\n<h3><b>Mo\u017cliwo\u015bci diagnoskopu:<br \/>\n<\/b><\/h3>\n<ul>\n<li>odczyt kod\u00f3w usterek<\/li>\n<li>kasowanie kod\u00f3w usterek<\/li>\n<li>podgl\u0105d parametr\u00f3w rzeczywistych<\/li>\n<li>Status TPMS, jeden krok do pe\u0142nej kontroli TPMS<\/li>\n<li>Aktywacja wszystkich czujnik\u00f3w TPMS<\/li>\n<li>reset inspekcji serwisowych oraz olejowych<\/li>\n<li>kodowanie wtryskiwaczy<\/li>\n<li>pe\u0142na obs\u0142uga filtra cz\u0105stek sta\u0142ych DPF (sprawdzenie poziomu sadzy, reset, regeneracja, adaptacja po wymianie)<\/li>\n<li>pe\u0142na obs\u0142uga elektrycznego hamulca postojowego EPB (cofanie zacisk\u00f3w przy wymianie klock\u00f3w, ustawienie si\u0142y nacisku t\u0142oczk\u00f3w, grubo\u015bci klock\u00f3w)<\/li>\n<li>automatyczne skanowanie wszystkich modu\u0142\u00f3w pojazdu<\/li>\n<li>odczyt informacji o module steruj\u0105cym<\/li>\n<li>czyszczenie warto\u015bci przyuczonych<\/li>\n<li>odczyt kodu VIN<\/li>\n<li>odpowietrzanie pompy hamulcowej<\/li>\n<li>kalibracja czujnika k\u0105ta skr\u0119tu uk\u0142adu kierowniczego<\/li>\n<li>k\u0105t wyprzedzenia zap\u0142onu<\/li>\n<li>oraz wiele innych\u2026<\/li>\n<\/ul>\n<h3 class=\"fusion-responsive-typography-calculated\" data-fontsize=\"14\" data-lineheight=\"20.02px\"><b>Posiada wyprowadzone skr\u00f3ty najwa\u017cniejszych procedur serwisowych:<\/b><\/h3>\n<ul>\n<li>reset inspekcji serwisowej, olejowej<\/li>\n<li>pe\u0142na obs\u0142uga elektrycznego hamulca postojowego EPB (cofanie zacisk\u00f3w przy wymianie klock\u00f3w, ustawienie si\u0142y nacisku t\u0142oczk\u00f3w, grubo\u015bci klock\u00f3w)<\/li>\n<li>regeneracja filtra DPF (sprawdzenie stanu zapylenia, wypalanie, regeneracja, adaptacja)<\/li>\n<li>adaptacja skrzyni bieg\u00f3w<\/li>\n<li>adaptacja nowego akumulatora<\/li>\n<li>adaptacja przepustnicy<\/li>\n<li>regulacja reflektor\u00f3w<\/li>\n<li>regulacja zawieszenia<\/li>\n<\/ul>\n<h3 class=\"fusion-responsive-typography-calculated\" data-fontsize=\"17\" data-lineheight=\"23.97px\">Dane techniczne:<\/h3>\n<table width=\"1543\">\n<colgroup>\n<col width=\"135\" \/>\n<col width=\"280\" \/><\/colgroup>\n<tbody>\n<tr class=\"firstRow\">\n<td width=\"135\">System operacyjny<\/td>\n<td width=\"280\">Android \u00a0 11.0<\/td>\n<\/tr>\n<tr>\n<td width=\"135\">Procesor<\/td>\n<td width=\"280\">Czterordzeniowy Procesor (1.8GHz)<\/td>\n<\/tr>\n<tr>\n<td width=\"135\">Pami\u0119\u0107<\/td>\n<td width=\"280\">4GB RAM &amp; 64GB pami\u0119ci wbudowanej<\/td>\n<\/tr>\n<tr>\n<td width=\"135\">Wy\u015bwietlacz<\/td>\n<td width=\"280\">8-calowy pojemno\u015bciowy ekran dotykowy LCD o rozdzielczo\u015bci 1280\u00d7800<\/td>\n<\/tr>\n<tr>\n<td width=\"135\">Kamera<\/td>\n<td width=\"280\">8 Megapikseli<\/td>\n<\/tr>\n<tr>\n<td rowspan=\"5\" width=\"135\">\u0141\u0105czno\u015b\u0107<\/td>\n<td width=\"280\">USB Typu-C<\/td>\n<\/tr>\n<tr>\n<td width=\"280\">USB 2.0<\/td>\n<\/tr>\n<tr>\n<td width=\"280\">Wi-Fi<\/td>\n<\/tr>\n<tr>\n<td width=\"280\">Bluetooth<\/td>\n<\/tr>\n<tr>\n<td width=\"280\">Karta Mini SD (obs\u0142uga do 64GB)<\/td>\n<\/tr>\n<tr>\n<td rowspan=\"2\" width=\"135\">Wej\u015bcie\/wyj\u015bcie Audio<\/td>\n<td width=\"280\">Wej\u015bcie: N\/A<\/td>\n<\/tr>\n<tr>\n<td width=\"280\">Wyj\u015bcie: buzzer<\/td>\n<\/tr>\n<tr>\n<td rowspan=\"2\" width=\"135\">Zasilanie i bateria<\/td>\n<td width=\"280\">Akumulator litowo-polimerowy 3.7 V\/7700mAh<\/td>\n<\/tr>\n<tr>\n<td width=\"280\">\u0141adowanie za pomoc\u0105 zasilacza 5 VDC<\/td>\n<\/tr>\n<tr>\n<td width=\"135\">Wej\u015bcie \u0142adowania<\/td>\n<td width=\"280\">5 V\/3 A<\/td>\n<\/tr>\n<tr>\n<td width=\"135\">Temperatura pracy<\/td>\n<td width=\"280\">0 do 50\u00b0C (32 do 122\u00b0F)<\/td>\n<\/tr>\n<tr>\n<td width=\"135\">Temperatura przechowywania<\/td>\n<td width=\"280\">-10 do 60\u00b0C (14 do 140\u00b0F)<\/td>\n<\/tr>\n<tr>\n<td width=\"135\">Protoko\u0142y<\/td>\n<td width=\"280\">ISO9141-2, ISO14230-2, ISO15765, K\/L-Line, Flashing\u00a0\u00a0 Code, SAE-J1850 VPW, SAE-J1850PWM, \u00a0 ISO11898(High-speed, Middle-speed, Low-speed and Single-wire CAN, fault-tolerant CAN) , SAE J2610, GM UART, UART Echo Byte Protocol, Honda Diag-H Protocol, TP2.0, TP1.6, DoIP, CANFD<\/td>\n<\/tr>\n<\/tbody>\n<\/table>\n<h3><b>W sk\u0142ad zestawu wchodzi:<br \/>\n<\/b><\/h3>\n<ol>\n<li>Diagnoskop <strong>AUTEL MaxiCheck MX900TS<\/strong> z 2-letni\u0105 aktualizacj\u0105 w cenie!<\/li>\n<li>Bezprzewodowa G\u0142owica Diagnostyczna Bluetooth<\/li>\n<li>G\u0142\u00f3wny przew\u00f3d diagnostyczny OBDII<\/li>\n<li>\u0141adowarka sieciowa USB-C<\/li>\n<li>3 szt. d\u0142ugopis\u00f3w do ekranu dotykowego<\/li>\n<li>Karta gwarancyjna<\/li>\n<li>\u015aciereczka do ekranu<\/li>\n<\/ol>\n<p><a href=\"https:\/\/chiptuningmarket.com\/wp-content\/uploads\/2025\/03\/200622152967.png\"><img decoding=\"async\" class=\"aligncenter wp-image-35287 \" src=\"https:\/\/chiptuningmarket.com\/wp-content\/uploads\/2025\/03\/200622152967.png\" alt=\"\" width=\"650\" height=\"404\" srcset=\"https:\/\/chiptuningmarket.com\/wp-content\/uploads\/2025\/03\/200622152967.png 544w, https:\/\/chiptuningmarket.com\/wp-content\/uploads\/2025\/03\/200622152967-300x186.png 300w\" sizes=\"(max-width: 650px) 100vw, 650px\" \/><\/a><\/p>\n<p>W ofercie r\u00f3wnie\u017c:<\/p>\n<p><a style=\"color: blue\" href=\"https:\/\/chiptuningmarket.com\/pl\/shop\/urzadzenia-diagnostyczne-pl-pl\/osobowe-urzadzenia-diagnostyczne-pl\/urzadzenia-diagnostyczne-autel\/autel-maxidas-ds900bt\/\">AUTEL DS900BT<\/a><\/p>\n<p><a style=\"color: blue\" href=\"https:\/\/chiptuningmarket.com\/pl\/shop\/urzadzenia-diagnostyczne-pl-pl\/osobowe-urzadzenia-diagnostyczne-pl\/urzadzenia-diagnostyczne-topdon\/topdon-phoenix-lite-3\/\">TOPDON Phoenix<\/a><\/p>\n","protected":false},"excerpt":{"rendered":"<p>MaxiCheck MX900TS oferuje pe\u0142ne funkcje diagnostyczne oraz kompleksowe rozwi\u0105zania TPMS dla wszystkich obs\u0142ugiwanych marek i modeli. Wyposa\u017cony w intuicyjny ekran dotykowy, oferuje szeroki zakres funkcji diagnostycznych, w tym odczyt i kasowanie kod\u00f3w b\u0142\u0119d\u00f3w, testy aktywne, adaptacje oraz programowanie. MaxiVCI V150 umo\u017cliwia bezprzewodow\u0105 komunikacj\u0119 z pojazdem, a zaawansowane technologie bezprzewodowe sprawiaj\u0105, \u017ce urz\u0105dzenie to doskona\u0142y wyb\u00f3r dla profesjonalnych mechanik\u00f3w i warsztat\u00f3w samochodowych.<\/p>\n","protected":false},"featured_media":35287,"template":"","meta":{"_monsterinsights_skip_tracking":false,"_monsterinsights_sitenote_active":false,"_monsterinsights_sitenote_note":"","_monsterinsights_sitenote_category":0},"product_brand":[],"product_cat":[5680,5259,5059],"product_tag":[1399,2693,2780,6981,6982,3005,6276],"class_list":{"0":"post-35283","1":"product","2":"type-product","3":"status-publish","4":"has-post-thumbnail","6":"product_cat-urzadzenia-diagnostyczne-autel","7":"product_cat-osobowe-urzadzenia-diagnostyczne-pl","8":"product_cat-urzadzenia-diagnostyczne-pl-pl","9":"product_tag-autel-pl","10":"product_tag-diagnoskop-pl","11":"product_tag-maxicheck-pl","12":"product_tag-maxivci","13":"product_tag-mx900ts","14":"product_tag-tester-diagnostyczny","15":"product_tag-tpms","17":"first","18":"onbackorder","19":"taxable","20":"shipping-taxable","21":"purchasable","22":"product-type-simple"},"yoast_head":"<!-- This site is optimized with the Yoast SEO plugin v25.2 - https:\/\/yoast.com\/wordpress\/plugins\/seo\/ -->\n<title>AUTEL MaxiCheck MX900TS - Chiptuningmarket<\/title>\n<meta name=\"description\" content=\"AUTEL MaxiCheck MX900TS - MaxiCheck MX900TS oferuje pe\u0142ne funkcje diagnostyczne oraz kompleksowe rozwi\u0105zania TPMS dla wszystkich obs\u0142ugiwanych marek...\" \/>\n<meta name=\"robots\" content=\"index, follow, max-snippet:-1, max-image-preview:large, max-video-preview:-1\" \/>\n<link rel=\"canonical\" href=\"https:\/\/chiptuningmarket.com\/pl\/shop\/urzadzenia-diagnostyczne-pl-pl\/osobowe-urzadzenia-diagnostyczne-pl\/urzadzenia-diagnostyczne-autel\/autel-maxicheck-mx900ts\/\" \/>\n<meta property=\"og:locale\" content=\"pl_PL\" \/>\n<meta property=\"og:type\" content=\"article\" \/>\n<meta property=\"og:title\" content=\"AUTEL MaxiCheck MX900TS - Chiptuningmarket\" \/>\n<meta property=\"og:description\" content=\"AUTEL MaxiCheck MX900TS - MaxiCheck MX900TS oferuje pe\u0142ne funkcje diagnostyczne oraz kompleksowe rozwi\u0105zania TPMS dla wszystkich obs\u0142ugiwanych marek...\" \/>\n<meta property=\"og:url\" content=\"https:\/\/chiptuningmarket.com\/pl\/shop\/urzadzenia-diagnostyczne-pl-pl\/osobowe-urzadzenia-diagnostyczne-pl\/urzadzenia-diagnostyczne-autel\/autel-maxicheck-mx900ts\/\" \/>\n<meta property=\"og:site_name\" content=\"Chiptuningmarket\" \/>\n<meta property=\"article:modified_time\" content=\"2025-03-19T14:39:00+00:00\" \/>\n<meta property=\"og:image\" content=\"https:\/\/chiptuningmarket.com\/wp-content\/uploads\/2025\/03\/200622152967.png\" \/>\n\t<meta property=\"og:image:width\" content=\"544\" \/>\n\t<meta property=\"og:image:height\" content=\"338\" \/>\n\t<meta property=\"og:image:type\" content=\"image\/png\" \/>\n<meta name=\"twitter:card\" content=\"summary_large_image\" \/>\n<meta name=\"twitter:label1\" content=\"Szacowany czas czytania\" \/>\n\t<meta name=\"twitter:data1\" content=\"3 minuty\" \/>\n<script type=\"application\/ld+json\" class=\"yoast-schema-graph\">{\"@context\":\"https:\/\/schema.org\",\"@graph\":[{\"@type\":\"WebPage\",\"@id\":\"https:\/\/chiptuningmarket.com\/pl\/shop\/urzadzenia-diagnostyczne-pl-pl\/osobowe-urzadzenia-diagnostyczne-pl\/urzadzenia-diagnostyczne-autel\/autel-maxicheck-mx900ts\/\",\"url\":\"https:\/\/chiptuningmarket.com\/pl\/shop\/urzadzenia-diagnostyczne-pl-pl\/osobowe-urzadzenia-diagnostyczne-pl\/urzadzenia-diagnostyczne-autel\/autel-maxicheck-mx900ts\/\",\"name\":\"AUTEL MaxiCheck MX900TS - Chiptuningmarket\",\"isPartOf\":{\"@id\":\"https:\/\/chiptuningmarket.com\/ru\/#website\"},\"primaryImageOfPage\":{\"@id\":\"https:\/\/chiptuningmarket.com\/pl\/shop\/urzadzenia-diagnostyczne-pl-pl\/osobowe-urzadzenia-diagnostyczne-pl\/urzadzenia-diagnostyczne-autel\/autel-maxicheck-mx900ts\/#primaryimage\"},\"image\":{\"@id\":\"https:\/\/chiptuningmarket.com\/pl\/shop\/urzadzenia-diagnostyczne-pl-pl\/osobowe-urzadzenia-diagnostyczne-pl\/urzadzenia-diagnostyczne-autel\/autel-maxicheck-mx900ts\/#primaryimage\"},\"thumbnailUrl\":\"https:\/\/chiptuningmarket.com\/wp-content\/uploads\/2025\/03\/200622152967.png\",\"datePublished\":\"2025-03-11T09:33:15+00:00\",\"dateModified\":\"2025-03-19T14:39:00+00:00\",\"description\":\"AUTEL MaxiCheck MX900TS - MaxiCheck MX900TS oferuje pe\u0142ne funkcje diagnostyczne oraz kompleksowe rozwi\u0105zania TPMS dla wszystkich obs\u0142ugiwanych marek...\",\"breadcrumb\":{\"@id\":\"https:\/\/chiptuningmarket.com\/pl\/shop\/urzadzenia-diagnostyczne-pl-pl\/osobowe-urzadzenia-diagnostyczne-pl\/urzadzenia-diagnostyczne-autel\/autel-maxicheck-mx900ts\/#breadcrumb\"},\"inLanguage\":\"pl-PL\",\"potentialAction\":[{\"@type\":\"ReadAction\",\"target\":[\"https:\/\/chiptuningmarket.com\/pl\/shop\/urzadzenia-diagnostyczne-pl-pl\/osobowe-urzadzenia-diagnostyczne-pl\/urzadzenia-diagnostyczne-autel\/autel-maxicheck-mx900ts\/\"]}]},{\"@type\":\"ImageObject\",\"inLanguage\":\"pl-PL\",\"@id\":\"https:\/\/chiptuningmarket.com\/pl\/shop\/urzadzenia-diagnostyczne-pl-pl\/osobowe-urzadzenia-diagnostyczne-pl\/urzadzenia-diagnostyczne-autel\/autel-maxicheck-mx900ts\/#primaryimage\",\"url\":\"https:\/\/chiptuningmarket.com\/wp-content\/uploads\/2025\/03\/200622152967.png\",\"contentUrl\":\"https:\/\/chiptuningmarket.com\/wp-content\/uploads\/2025\/03\/200622152967.png\",\"width\":544,\"height\":338,\"caption\":\"Autel MaxiDas DS900TS\"},{\"@type\":\"BreadcrumbList\",\"@id\":\"https:\/\/chiptuningmarket.com\/pl\/shop\/urzadzenia-diagnostyczne-pl-pl\/osobowe-urzadzenia-diagnostyczne-pl\/urzadzenia-diagnostyczne-autel\/autel-maxicheck-mx900ts\/#breadcrumb\",\"itemListElement\":[{\"@type\":\"ListItem\",\"position\":1,\"name\":\"Home\",\"item\":\"https:\/\/chiptuningmarket.com\/pl\/\"},{\"@type\":\"ListItem\",\"position\":2,\"name\":\"Sklep\",\"item\":\"https:\/\/chiptuningmarket.com\/pl\/shop\/\"},{\"@type\":\"ListItem\",\"position\":3,\"name\":\"AUTEL MaxiCheck MX900TS\"}]},{\"@type\":\"WebSite\",\"@id\":\"https:\/\/chiptuningmarket.com\/ru\/#website\",\"url\":\"https:\/\/chiptuningmarket.com\/ru\/\",\"name\":\"Chiptuningmarket\",\"description\":\"Biggest chiptuning shop in Europe\",\"publisher\":{\"@id\":\"https:\/\/chiptuningmarket.com\/ru\/#organization\"},\"alternateName\":\"Worldwide ecu tools supplier\",\"potentialAction\":[{\"@type\":\"SearchAction\",\"target\":{\"@type\":\"EntryPoint\",\"urlTemplate\":\"https:\/\/chiptuningmarket.com\/ru\/?s={search_term_string}\"},\"query-input\":{\"@type\":\"PropertyValueSpecification\",\"valueRequired\":true,\"valueName\":\"search_term_string\"}}],\"inLanguage\":\"pl-PL\"},{\"@type\":\"Organization\",\"@id\":\"https:\/\/chiptuningmarket.com\/ru\/#organization\",\"name\":\"Chiptuningmarket\",\"alternateName\":\"Chiptuning tools supplier\",\"url\":\"https:\/\/chiptuningmarket.com\/ru\/\",\"logo\":{\"@type\":\"ImageObject\",\"inLanguage\":\"pl-PL\",\"@id\":\"https:\/\/chiptuningmarket.com\/ru\/#\/schema\/logo\/image\/\",\"url\":\"https:\/\/chiptuningmarket.com\/wp-content\/uploads\/2023\/05\/logo-ChipTuningMarket-social.png\",\"contentUrl\":\"https:\/\/chiptuningmarket.com\/wp-content\/uploads\/2023\/05\/logo-ChipTuningMarket-social.png\",\"width\":512,\"height\":512,\"caption\":\"Chiptuningmarket\"},\"image\":{\"@id\":\"https:\/\/chiptuningmarket.com\/ru\/#\/schema\/logo\/image\/\"}}]}<\/script>\n<!-- \/ Yoast SEO plugin. -->","yoast_head_json":{"title":"AUTEL MaxiCheck MX900TS - Chiptuningmarket","description":"AUTEL MaxiCheck MX900TS - MaxiCheck MX900TS oferuje pe\u0142ne funkcje diagnostyczne oraz kompleksowe rozwi\u0105zania TPMS dla wszystkich obs\u0142ugiwanych marek...","robots":{"index":"index","follow":"follow","max-snippet":"max-snippet:-1","max-image-preview":"max-image-preview:large","max-video-preview":"max-video-preview:-1"},"canonical":"https:\/\/chiptuningmarket.com\/pl\/shop\/urzadzenia-diagnostyczne-pl-pl\/osobowe-urzadzenia-diagnostyczne-pl\/urzadzenia-diagnostyczne-autel\/autel-maxicheck-mx900ts\/","og_locale":"pl_PL","og_type":"article","og_title":"AUTEL MaxiCheck MX900TS - Chiptuningmarket","og_description":"AUTEL MaxiCheck MX900TS - MaxiCheck MX900TS oferuje pe\u0142ne funkcje diagnostyczne oraz kompleksowe rozwi\u0105zania TPMS dla wszystkich obs\u0142ugiwanych marek...","og_url":"https:\/\/chiptuningmarket.com\/pl\/shop\/urzadzenia-diagnostyczne-pl-pl\/osobowe-urzadzenia-diagnostyczne-pl\/urzadzenia-diagnostyczne-autel\/autel-maxicheck-mx900ts\/","og_site_name":"Chiptuningmarket","article_modified_time":"2025-03-19T14:39:00+00:00","og_image":[{"width":544,"height":338,"url":"https:\/\/chiptuningmarket.com\/wp-content\/uploads\/2025\/03\/200622152967.png","type":"image\/png"}],"twitter_card":"summary_large_image","twitter_misc":{"Szacowany czas czytania":"3 minuty"},"schema":{"@context":"https:\/\/schema.org","@graph":[{"@type":"WebPage","@id":"https:\/\/chiptuningmarket.com\/pl\/shop\/urzadzenia-diagnostyczne-pl-pl\/osobowe-urzadzenia-diagnostyczne-pl\/urzadzenia-diagnostyczne-autel\/autel-maxicheck-mx900ts\/","url":"https:\/\/chiptuningmarket.com\/pl\/shop\/urzadzenia-diagnostyczne-pl-pl\/osobowe-urzadzenia-diagnostyczne-pl\/urzadzenia-diagnostyczne-autel\/autel-maxicheck-mx900ts\/","name":"AUTEL MaxiCheck MX900TS - Chiptuningmarket","isPartOf":{"@id":"https:\/\/chiptuningmarket.com\/ru\/#website"},"primaryImageOfPage":{"@id":"https:\/\/chiptuningmarket.com\/pl\/shop\/urzadzenia-diagnostyczne-pl-pl\/osobowe-urzadzenia-diagnostyczne-pl\/urzadzenia-diagnostyczne-autel\/autel-maxicheck-mx900ts\/#primaryimage"},"image":{"@id":"https:\/\/chiptuningmarket.com\/pl\/shop\/urzadzenia-diagnostyczne-pl-pl\/osobowe-urzadzenia-diagnostyczne-pl\/urzadzenia-diagnostyczne-autel\/autel-maxicheck-mx900ts\/#primaryimage"},"thumbnailUrl":"https:\/\/chiptuningmarket.com\/wp-content\/uploads\/2025\/03\/200622152967.png","datePublished":"2025-03-11T09:33:15+00:00","dateModified":"2025-03-19T14:39:00+00:00","description":"AUTEL MaxiCheck MX900TS - MaxiCheck MX900TS oferuje pe\u0142ne funkcje diagnostyczne oraz kompleksowe rozwi\u0105zania TPMS dla wszystkich obs\u0142ugiwanych marek...","breadcrumb":{"@id":"https:\/\/chiptuningmarket.com\/pl\/shop\/urzadzenia-diagnostyczne-pl-pl\/osobowe-urzadzenia-diagnostyczne-pl\/urzadzenia-diagnostyczne-autel\/autel-maxicheck-mx900ts\/#breadcrumb"},"inLanguage":"pl-PL","potentialAction":[{"@type":"ReadAction","target":["https:\/\/chiptuningmarket.com\/pl\/shop\/urzadzenia-diagnostyczne-pl-pl\/osobowe-urzadzenia-diagnostyczne-pl\/urzadzenia-diagnostyczne-autel\/autel-maxicheck-mx900ts\/"]}]},{"@type":"ImageObject","inLanguage":"pl-PL","@id":"https:\/\/chiptuningmarket.com\/pl\/shop\/urzadzenia-diagnostyczne-pl-pl\/osobowe-urzadzenia-diagnostyczne-pl\/urzadzenia-diagnostyczne-autel\/autel-maxicheck-mx900ts\/#primaryimage","url":"https:\/\/chiptuningmarket.com\/wp-content\/uploads\/2025\/03\/200622152967.png","contentUrl":"https:\/\/chiptuningmarket.com\/wp-content\/uploads\/2025\/03\/200622152967.png","width":544,"height":338,"caption":"Autel MaxiDas DS900TS"},{"@type":"BreadcrumbList","@id":"https:\/\/chiptuningmarket.com\/pl\/shop\/urzadzenia-diagnostyczne-pl-pl\/osobowe-urzadzenia-diagnostyczne-pl\/urzadzenia-diagnostyczne-autel\/autel-maxicheck-mx900ts\/#breadcrumb","itemListElement":[{"@type":"ListItem","position":1,"name":"Home","item":"https:\/\/chiptuningmarket.com\/pl\/"},{"@type":"ListItem","position":2,"name":"Sklep","item":"https:\/\/chiptuningmarket.com\/pl\/shop\/"},{"@type":"ListItem","position":3,"name":"AUTEL MaxiCheck MX900TS"}]},{"@type":"WebSite","@id":"https:\/\/chiptuningmarket.com\/ru\/#website","url":"https:\/\/chiptuningmarket.com\/ru\/","name":"Chiptuningmarket","description":"Biggest chiptuning shop in Europe","publisher":{"@id":"https:\/\/chiptuningmarket.com\/ru\/#organization"},"alternateName":"Worldwide ecu tools supplier","potentialAction":[{"@type":"SearchAction","target":{"@type":"EntryPoint","urlTemplate":"https:\/\/chiptuningmarket.com\/ru\/?s={search_term_string}"},"query-input":{"@type":"PropertyValueSpecification","valueRequired":true,"valueName":"search_term_string"}}],"inLanguage":"pl-PL"},{"@type":"Organization","@id":"https:\/\/chiptuningmarket.com\/ru\/#organization","name":"Chiptuningmarket","alternateName":"Chiptuning tools supplier","url":"https:\/\/chiptuningmarket.com\/ru\/","logo":{"@type":"ImageObject","inLanguage":"pl-PL","@id":"https:\/\/chiptuningmarket.com\/ru\/#\/schema\/logo\/image\/","url":"https:\/\/chiptuningmarket.com\/wp-content\/uploads\/2023\/05\/logo-ChipTuningMarket-social.png","contentUrl":"https:\/\/chiptuningmarket.com\/wp-content\/uploads\/2023\/05\/logo-ChipTuningMarket-social.png","width":512,"height":512,"caption":"Chiptuningmarket"},"image":{"@id":"https:\/\/chiptuningmarket.com\/ru\/#\/schema\/logo\/image\/"}}]}},"_links":{"self":[{"href":"https:\/\/chiptuningmarket.com\/pl\/wp-json\/wp\/v2\/product\/35283","targetHints":{"allow":["GET"]}}],"collection":[{"href":"https:\/\/chiptuningmarket.com\/pl\/wp-json\/wp\/v2\/product"}],"about":[{"href":"https:\/\/chiptuningmarket.com\/pl\/wp-json\/wp\/v2\/types\/product"}],"wp:featuredmedia":[{"embeddable":true,"href":"https:\/\/chiptuningmarket.com\/pl\/wp-json\/wp\/v2\/media\/35287"}],"wp:attachment":[{"href":"https:\/\/chiptuningmarket.com\/pl\/wp-json\/wp\/v2\/media?parent=35283"}],"wp:term":[{"taxonomy":"product_brand","embeddable":true,"href":"https:\/\/chiptuningmarket.com\/pl\/wp-json\/wp\/v2\/product_brand?post=35283"},{"taxonomy":"product_cat","embeddable":true,"href":"https:\/\/chiptuningmarket.com\/pl\/wp-json\/wp\/v2\/product_cat?post=35283"},{"taxonomy":"product_tag","embeddable":true,"href":"https:\/\/chiptuningmarket.com\/pl\/wp-json\/wp\/v2\/product_tag?post=35283"}],"curies":[{"name":"wp","href":"https:\/\/api.w.org\/{rel}","templated":true}]}}