{"id":35317,"date":"2025-03-12T08:59:26","date_gmt":"2025-03-12T07:59:26","guid":{"rendered":"https:\/\/chiptuningmarket.com\/?post_type=product&#038;p=35317"},"modified":"2025-03-25T09:33:02","modified_gmt":"2025-03-25T08:33:02","slug":"autel-maxidas-ds900ts","status":"publish","type":"product","link":"https:\/\/chiptuningmarket.com\/pl\/shop\/urzadzenia-diagnostyczne-pl-pl\/osobowe-urzadzenia-diagnostyczne-pl\/urzadzenia-diagnostyczne-autel\/autel-maxidas-ds900ts\/","title":{"rendered":"Autel MaxiDAS DS900TS"},"content":{"rendered":"<h3 style=\"text-align: center\">Autel MaxiDAS DS900TS<\/h3>\n<p>MaxiDAS DS900TS oferuje pe\u0142n\u0105 funkcjonalno\u015b\u0107 diagnostyczn\u0105 oraz kompleksowe rozwi\u0105zania TPMS dla wszystkich obs\u0142ugiwanych marek i modeli. Dzi\u0119ki temu jest to niezwykle funkcjonalne i kreatywne urz\u0105dzenie. \u0141atwa i intuicyjna obs\u0142uga na 8-calowym ekranie dotykowym pozwala szybko znale\u017a\u0107 potrzebne funkcje. MaxiVCI V150, zapewniaj\u0105cy bezprzewodow\u0105 komunikacj\u0119 z testowanym pojazdem oraz zaawansowane technologie, sprawiaj\u0105, \u017ce urz\u0105dzenie jest w pe\u0142ni mobilne i dost\u0119pne przez Internet.<\/p>\n<p style=\"text-align: center\"><strong>2 lata darmowej aktualizacji w cenie urz\u0105dzenia!<\/strong><\/p>\n<p><a href=\"https:\/\/chiptuningmarket.com\/wp-content\/uploads\/2025\/03\/200621597t3b.png\"><img decoding=\"async\" class=\"wp-image-35284 aligncenter\" src=\"https:\/\/chiptuningmarket.com\/wp-content\/uploads\/2025\/03\/200621597t3b.png\" alt=\"\" width=\"629\" height=\"391\" srcset=\"https:\/\/chiptuningmarket.com\/wp-content\/uploads\/2025\/03\/200621597t3b.png 544w, https:\/\/chiptuningmarket.com\/wp-content\/uploads\/2025\/03\/200621597t3b-300x186.png 300w\" sizes=\"(max-width: 629px) 100vw, 629px\" \/><\/a><\/p>\n<h3 class=\"western fusion-responsive-typography-calculated\" data-fontsize=\"17\" data-lineheight=\"23.97px\">Tester obs\u0142uguje praktycznie wszystkie modu\u0142y steruj\u0105ce w jakie wyposa\u017cony jest dany pojazd, w\u0142\u0105cznie z najnowszymi modelami z bie\u017c\u0105cego roku:<\/h3>\n<ul>\n<li>silnik<\/li>\n<li>uk\u0142ad hamulcowy ABS<\/li>\n<li>poduszki powietrzne<\/li>\n<li>automatyczna skrzynia bieg\u00f3w<\/li>\n<li>modu\u0142 komfortu<\/li>\n<li>elektronika hamulc\u00f3w<\/li>\n<li>kontrola trakcji ESP\/ASR\/EBD<\/li>\n<li>uk\u0142ad ci\u015bnienia w oponach TMPS<\/li>\n<li>klimatyzacja<\/li>\n<li>wspomaganie uk\u0142adu kierowniczego<\/li>\n<li>deska rozdzielcza<\/li>\n<li>nawigacja<\/li>\n<li>system audio<\/li>\n<li>centralny zamek<\/li>\n<li>system antyw\u0142amaniowy<\/li>\n<li>elektronika \u015bwiate\u0142<\/li>\n<li>nap\u0119d 4\u00d74<\/li>\n<li>pami\u0119\u0107 foteli<\/li>\n<li>elektronika drzwi<\/li>\n<li>nawigacja<\/li>\n<li>wspomaganie parkowania<\/li>\n<li>asystent utrzymania pasa ruchu<\/li>\n<li>kamera cofania<\/li>\n<li>tempomat<\/li>\n<li>oraz wiele innych system\u00f3w wyposa\u017cenia pojazdu..<\/li>\n<\/ul>\n<h3 class=\"western\" data-fontsize=\"18\" data-lineheight=\"27px\">Mo\u017cliwo\u015bci diagnoskopu:<\/h3>\n<ul>\n<li>odczyt kod\u00f3w usterek<\/li>\n<li>kasowanie kod\u00f3w usterek<\/li>\n<li>podgl\u0105d parametr\u00f3w rzeczywistych (tak\u017ce w postaci wykres\u00f3w i wska\u017anik\u00f3w: kilka tryb\u00f3w)<\/li>\n<li>kodowanie podzespo\u0142\u00f3w,<\/li>\n<li>adaptacje podzespo\u0142\u00f3w (przepustnica, zaw\u00f3r EGR, komputer silnika, itp..)<\/li>\n<li>test element\u00f3w wykonawczych (uruchomienie zaworu EGR, silnika wentylatora, wskaz\u00f3wek licznika, zamk\u00f3w centralnych, itp..)<\/li>\n<li>reset inspekcji serwisowych oraz olejowych<\/li>\n<li>kodowanie wtryskiwaczy<\/li>\n<li>kodowanie kluczyk\u00f3w<\/li>\n<li>pe\u0142na obs\u0142uga filtra cz\u0105stek sta\u0142ych DPF (sprawdzenie poziomu sadzy, reset, regeneracja, adaptacja po wymianie)<\/li>\n<li>pe\u0142na obs\u0142uga elektrycznego hamulca postojowego EPB (cofanie zacisk\u00f3w przy wymianie klock\u00f3w, ustawienie si\u0142y nacisku t\u0142oczk\u00f3w, grubo\u015bci klock\u00f3w)<\/li>\n<li>automatyczne skanowanie wszystkich modu\u0142\u00f3w pojazdu<\/li>\n<li>odczyt informacji o module steruj\u0105cym<\/li>\n<li>czyszczenie warto\u015bci przyuczonych<\/li>\n<li>odczyt kodu VIN<\/li>\n<li>reset programowania zespo\u0142\u00f3w steruj\u0105cych<\/li>\n<li>odpowietrzanie pompy hamulcowej<\/li>\n<li>kalibracja poziomu<\/li>\n<li>kalibracja czujnika k\u0105ta skr\u0119tu uk\u0142adu kierowniczego<\/li>\n<li>przyuczenie biegu ja\u0142owego<\/li>\n<li>k\u0105t wyprzedzenia zap\u0142onu<\/li>\n<li>adaptacja skrzyni bieg\u00f3w<\/li>\n<li>adaptacja nowego akumulatora<\/li>\n<li>adaptacja przepustnicy<\/li>\n<li>kodowanie wtryskiwaczy<\/li>\n<li>regulacja reflektor\u00f3w<\/li>\n<li>regulacja zawieszenia<\/li>\n<li>oraz wiele innych (kombajn diagnostyczny)!!!<\/li>\n<\/ul>\n<h3><strong>Funkcje TPMS:<\/strong><\/h3>\n<ul>\n<li>aktywacja wszystkich znanych czujnik\u00f3w TPMS i odczyt statusu czujnika,<\/li>\n<li>diagnoza ECU dla pe\u0142nej kontroli stanu TPMS z opisem DTC,<\/li>\n<li>odczyt kod\u00f3w DTC z ECU i kasowanie kod\u00f3w DTC,<\/li>\n<li>programowanie czujnik\u00f3w MX, kopiowanie oryginalnych ID czujnik\u00f3w lub tworzenie nowych identyfikator\u00f3w losowo,<\/li>\n<li>specjalne funkcje TPMS<\/li>\n<\/ul>\n<h3>Dane techniczne:<\/h3>\n<table style=\"height: 672px\" width=\"1543\">\n<colgroup>\n<col width=\"135\" \/>\n<col width=\"280\" \/><\/colgroup>\n<tbody>\n<tr class=\"firstRow\">\n<td width=\"135\">System operacyjny<\/td>\n<td width=\"280\">Android \u00a0 11.0<\/td>\n<\/tr>\n<tr>\n<td width=\"135\">Procesor<\/td>\n<td width=\"280\">Czterordzeniowy Procesor (1.8GHz)<\/td>\n<\/tr>\n<tr>\n<td width=\"135\">Pami\u0119\u0107<\/td>\n<td width=\"280\">4GB RAM &amp; 64GB pami\u0119ci wbudowanej<\/td>\n<\/tr>\n<tr>\n<td width=\"135\">Wy\u015bwietlacz<\/td>\n<td width=\"280\">10,1-calowy pojemno\u015bciowy ekran dotykowy LCD o rozdzielczo\u015bci 1280&#215;800<\/td>\n<\/tr>\n<tr>\n<td width=\"135\">Kamera<\/td>\n<td width=\"280\">8 Megapikseli<\/td>\n<\/tr>\n<tr>\n<td rowspan=\"5\" width=\"135\">\u0141\u0105czno\u015b\u0107<\/td>\n<td width=\"280\">USB Typu-C<\/td>\n<\/tr>\n<tr>\n<td width=\"280\">USB 2.0<\/td>\n<\/tr>\n<tr>\n<td width=\"280\">Wi-Fi<\/td>\n<\/tr>\n<tr>\n<td width=\"280\">Bluetooth<\/td>\n<\/tr>\n<tr>\n<td width=\"280\">Karta Mini SD (obs\u0142uga do 64GB)<\/td>\n<\/tr>\n<tr>\n<td rowspan=\"2\" width=\"135\">Wej\u015bcie\/wyj\u015bcie Audio<\/td>\n<td width=\"280\">Wej\u015bcie: N\/A<\/td>\n<\/tr>\n<tr>\n<td width=\"280\">Wyj\u015bcie: buzzer<\/td>\n<\/tr>\n<tr>\n<td rowspan=\"2\" width=\"135\">Zasilanie i bateria<\/td>\n<td width=\"280\">Akumulator litowo-polimerowy 3.7 V\/7700mAh<\/td>\n<\/tr>\n<tr>\n<td width=\"280\">\u0141adowanie za pomoc\u0105 zasilacza 5 VDC<\/td>\n<\/tr>\n<tr>\n<td width=\"135\">Wej\u015bcie \u0142adowania<\/td>\n<td width=\"280\">5 V\/3 A<\/td>\n<\/tr>\n<tr>\n<td width=\"135\">Temperatura pracy<\/td>\n<td width=\"280\">0 do 50\u00b0C (32 do 122\u00b0F)<\/td>\n<\/tr>\n<tr>\n<td width=\"135\">Temperatura przechowywania<\/td>\n<td width=\"280\">-10 do 60\u00b0C (14 do 140\u00b0F)<\/td>\n<\/tr>\n<tr>\n<td width=\"135\">Protoko\u0142y<\/td>\n<td width=\"280\">ISO9141-2, ISO14230-2, \u00a0 ISO15765, K\/L-Line, Flashing\u00a0\u00a0 Code, \u00a0 SAE-J1850 VPW, SAE-J1850PWM, ISO11898(High-speed, Middle-speed, \u00a0 Low-speed\u00a0 and Single-wire CAN, \u00a0 fault-tolerant CAN) , SAE J2610, GM UART, UART Echo Byte Protocol, Honda \u00a0 Diag-H Protocol, TP2.0, TP1.6, DoIP, CANFD<\/td>\n<\/tr>\n<\/tbody>\n<\/table>\n<h3 class=\"western fusion-responsive-typography-calculated\" data-fontsize=\"18\" data-lineheight=\"27px\">W sk\u0142ad zestawu wchodzi:<\/h3>\n<ul>\n<li>Diagnoskop <strong>AUTEL MaxiDAS DS900TS<\/strong> z\u00a02-letni\u0105 aktualizacj\u0105 w cenie!<\/li>\n<li>G\u0142owica Bluetooth<\/li>\n<li>Walizka z przegrodami<\/li>\n<li>\u0141adowarka sieciowa USB-C<\/li>\n<li>3 szt. d\u0142ugopis\u00f3w do ekranu dotykowego<\/li>\n<li>Karta gwarancyjna<\/li>\n<li>\u015aciereczka do ekranu<\/li>\n<\/ul>\n<p><a href=\"https:\/\/chiptuningmarket.com\/wp-content\/uploads\/2025\/03\/200622152967.png\"><img decoding=\"async\" class=\"aligncenter wp-image-35287 \" src=\"https:\/\/chiptuningmarket.com\/wp-content\/uploads\/2025\/03\/200622152967.png\" alt=\"Autel MaxiCheck MX900TS\" width=\"668\" height=\"415\" srcset=\"https:\/\/chiptuningmarket.com\/wp-content\/uploads\/2025\/03\/200622152967.png 544w, https:\/\/chiptuningmarket.com\/wp-content\/uploads\/2025\/03\/200622152967-300x186.png 300w\" sizes=\"(max-width: 668px) 100vw, 668px\" \/><\/a><\/p>\n<p>W ofercie r\u00f3wnie\u017c:<\/p>\n<p><a style=\"color: blue\" href=\"https:\/\/chiptuningmarket.com\/pl\/shop\/urzadzenia-diagnostyczne-pl-pl\/osobowe-urzadzenia-diagnostyczne-pl\/urzadzenia-diagnostyczne-autel\/autel-maxidas-ds900bt\/\">AUTEL DS900BT<\/a><\/p>\n<p><a style=\"color: blue\" href=\"https:\/\/chiptuningmarket.com\/pl\/shop\/urzadzenia-diagnostyczne-pl-pl\/osobowe-urzadzenia-diagnostyczne-pl\/urzadzenia-diagnostyczne-topdon\/topdon-phoenix-lite-3\/\">TOPDON Phoenix<\/a><\/p>\n","protected":false},"excerpt":{"rendered":"<p>MaxiDas DS900TS oferuje pe\u0142ne funkcje diagnostyczne oraz kompleksowe rozwi\u0105zania TPMS dla wszystkich obs\u0142ugiwanych marek i modeli. Wyposa\u017cony w intuicyjny ekran dotykowy, oferuje szeroki zakres funkcji diagnostycznych, w tym odczyt i kasowanie kod\u00f3w b\u0142\u0119d\u00f3w, testy aktywne, adaptacje oraz programowanie. MaxiVCI V150 umo\u017cliwia bezprzewodow\u0105 komunikacj\u0119 z pojazdem, a zaawansowane technologie bezprzewodowe sprawiaj\u0105, \u017ce urz\u0105dzenie to doskona\u0142y wyb\u00f3r dla profesjonalnych mechanik\u00f3w i warsztat\u00f3w samochodowych.<\/p>\n","protected":false},"featured_media":35287,"template":"","meta":{"_monsterinsights_skip_tracking":false,"_monsterinsights_sitenote_active":false,"_monsterinsights_sitenote_note":"","_monsterinsights_sitenote_category":0},"product_brand":[],"product_cat":[5059,5259,5680],"product_tag":[6917,1399,2693,6987,6921,3005,6276],"class_list":{"0":"post-35317","1":"product","2":"type-product","3":"status-publish","4":"has-post-thumbnail","6":"product_cat-urzadzenia-diagnostyczne-pl-pl","7":"product_cat-osobowe-urzadzenia-diagnostyczne-pl","8":"product_cat-urzadzenia-diagnostyczne-autel","9":"product_tag-android","10":"product_tag-autel-pl","11":"product_tag-diagnoskop-pl","12":"product_tag-ds900ts","13":"product_tag-maxidas","14":"product_tag-tester-diagnostyczny","15":"product_tag-tpms","17":"first","18":"onbackorder","19":"taxable","20":"shipping-taxable","21":"purchasable","22":"product-type-simple"},"yoast_head":"<!-- This site is optimized with the Yoast SEO plugin v25.2 - https:\/\/yoast.com\/wordpress\/plugins\/seo\/ -->\n<title>Autel MaxiDAS DS900TS - Chiptuningmarket<\/title>\n<meta name=\"description\" content=\"Autel MaxiDAS DS900TS - oferuje pe\u0142n\u0105 funkcjonalno\u015b\u0107 diagnostyczn\u0105 oraz kompleksowe rozwi\u0105zania TPMS dla wszystkich obs\u0142ugiwanych marek i modeli.\" \/>\n<meta name=\"robots\" content=\"index, follow, max-snippet:-1, max-image-preview:large, max-video-preview:-1\" \/>\n<link rel=\"canonical\" href=\"https:\/\/chiptuningmarket.com\/pl\/shop\/urzadzenia-diagnostyczne-pl-pl\/osobowe-urzadzenia-diagnostyczne-pl\/urzadzenia-diagnostyczne-autel\/autel-maxidas-ds900ts\/\" \/>\n<meta property=\"og:locale\" content=\"pl_PL\" \/>\n<meta property=\"og:type\" content=\"article\" \/>\n<meta property=\"og:title\" content=\"Autel MaxiDAS DS900TS - Chiptuningmarket\" \/>\n<meta property=\"og:description\" content=\"Autel MaxiDAS DS900TS - oferuje pe\u0142n\u0105 funkcjonalno\u015b\u0107 diagnostyczn\u0105 oraz kompleksowe rozwi\u0105zania TPMS dla wszystkich obs\u0142ugiwanych marek i modeli.\" \/>\n<meta property=\"og:url\" content=\"https:\/\/chiptuningmarket.com\/pl\/shop\/urzadzenia-diagnostyczne-pl-pl\/osobowe-urzadzenia-diagnostyczne-pl\/urzadzenia-diagnostyczne-autel\/autel-maxidas-ds900ts\/\" \/>\n<meta property=\"og:site_name\" content=\"Chiptuningmarket\" \/>\n<meta property=\"article:modified_time\" content=\"2025-03-25T08:33:02+00:00\" \/>\n<meta property=\"og:image\" content=\"https:\/\/chiptuningmarket.com\/wp-content\/uploads\/2025\/03\/200622152967.png\" \/>\n\t<meta property=\"og:image:width\" content=\"544\" \/>\n\t<meta property=\"og:image:height\" content=\"338\" \/>\n\t<meta property=\"og:image:type\" content=\"image\/png\" \/>\n<meta name=\"twitter:card\" content=\"summary_large_image\" \/>\n<meta name=\"twitter:label1\" content=\"Szacowany czas czytania\" \/>\n\t<meta name=\"twitter:data1\" content=\"3 minuty\" \/>\n<script type=\"application\/ld+json\" class=\"yoast-schema-graph\">{\"@context\":\"https:\/\/schema.org\",\"@graph\":[{\"@type\":\"WebPage\",\"@id\":\"https:\/\/chiptuningmarket.com\/pl\/shop\/urzadzenia-diagnostyczne-pl-pl\/osobowe-urzadzenia-diagnostyczne-pl\/urzadzenia-diagnostyczne-autel\/autel-maxidas-ds900ts\/\",\"url\":\"https:\/\/chiptuningmarket.com\/pl\/shop\/urzadzenia-diagnostyczne-pl-pl\/osobowe-urzadzenia-diagnostyczne-pl\/urzadzenia-diagnostyczne-autel\/autel-maxidas-ds900ts\/\",\"name\":\"Autel MaxiDAS DS900TS - Chiptuningmarket\",\"isPartOf\":{\"@id\":\"https:\/\/chiptuningmarket.com\/pl\/#website\"},\"primaryImageOfPage\":{\"@id\":\"https:\/\/chiptuningmarket.com\/pl\/shop\/urzadzenia-diagnostyczne-pl-pl\/osobowe-urzadzenia-diagnostyczne-pl\/urzadzenia-diagnostyczne-autel\/autel-maxidas-ds900ts\/#primaryimage\"},\"image\":{\"@id\":\"https:\/\/chiptuningmarket.com\/pl\/shop\/urzadzenia-diagnostyczne-pl-pl\/osobowe-urzadzenia-diagnostyczne-pl\/urzadzenia-diagnostyczne-autel\/autel-maxidas-ds900ts\/#primaryimage\"},\"thumbnailUrl\":\"https:\/\/chiptuningmarket.com\/wp-content\/uploads\/2025\/03\/200622152967.png\",\"datePublished\":\"2025-03-12T07:59:26+00:00\",\"dateModified\":\"2025-03-25T08:33:02+00:00\",\"description\":\"Autel MaxiDAS DS900TS - oferuje pe\u0142n\u0105 funkcjonalno\u015b\u0107 diagnostyczn\u0105 oraz kompleksowe rozwi\u0105zania TPMS dla wszystkich obs\u0142ugiwanych marek i modeli.\",\"breadcrumb\":{\"@id\":\"https:\/\/chiptuningmarket.com\/pl\/shop\/urzadzenia-diagnostyczne-pl-pl\/osobowe-urzadzenia-diagnostyczne-pl\/urzadzenia-diagnostyczne-autel\/autel-maxidas-ds900ts\/#breadcrumb\"},\"inLanguage\":\"pl-PL\",\"potentialAction\":[{\"@type\":\"ReadAction\",\"target\":[\"https:\/\/chiptuningmarket.com\/pl\/shop\/urzadzenia-diagnostyczne-pl-pl\/osobowe-urzadzenia-diagnostyczne-pl\/urzadzenia-diagnostyczne-autel\/autel-maxidas-ds900ts\/\"]}]},{\"@type\":\"ImageObject\",\"inLanguage\":\"pl-PL\",\"@id\":\"https:\/\/chiptuningmarket.com\/pl\/shop\/urzadzenia-diagnostyczne-pl-pl\/osobowe-urzadzenia-diagnostyczne-pl\/urzadzenia-diagnostyczne-autel\/autel-maxidas-ds900ts\/#primaryimage\",\"url\":\"https:\/\/chiptuningmarket.com\/wp-content\/uploads\/2025\/03\/200622152967.png\",\"contentUrl\":\"https:\/\/chiptuningmarket.com\/wp-content\/uploads\/2025\/03\/200622152967.png\",\"width\":544,\"height\":338,\"caption\":\"Autel MaxiDas DS900TS\"},{\"@type\":\"BreadcrumbList\",\"@id\":\"https:\/\/chiptuningmarket.com\/pl\/shop\/urzadzenia-diagnostyczne-pl-pl\/osobowe-urzadzenia-diagnostyczne-pl\/urzadzenia-diagnostyczne-autel\/autel-maxidas-ds900ts\/#breadcrumb\",\"itemListElement\":[{\"@type\":\"ListItem\",\"position\":1,\"name\":\"Home\",\"item\":\"https:\/\/chiptuningmarket.com\/pl\/\"},{\"@type\":\"ListItem\",\"position\":2,\"name\":\"Sklep\",\"item\":\"https:\/\/chiptuningmarket.com\/pl\/shop\/\"},{\"@type\":\"ListItem\",\"position\":3,\"name\":\"Autel MaxiDAS DS900TS\"}]},{\"@type\":\"WebSite\",\"@id\":\"https:\/\/chiptuningmarket.com\/pl\/#website\",\"url\":\"https:\/\/chiptuningmarket.com\/pl\/\",\"name\":\"Chiptuningmarket\",\"description\":\"Biggest chiptuning shop in Europe\",\"publisher\":{\"@id\":\"https:\/\/chiptuningmarket.com\/pl\/#organization\"},\"alternateName\":\"Worldwide ecu tools supplier\",\"potentialAction\":[{\"@type\":\"SearchAction\",\"target\":{\"@type\":\"EntryPoint\",\"urlTemplate\":\"https:\/\/chiptuningmarket.com\/pl\/?s={search_term_string}\"},\"query-input\":{\"@type\":\"PropertyValueSpecification\",\"valueRequired\":true,\"valueName\":\"search_term_string\"}}],\"inLanguage\":\"pl-PL\"},{\"@type\":\"Organization\",\"@id\":\"https:\/\/chiptuningmarket.com\/pl\/#organization\",\"name\":\"Chiptuningmarket\",\"alternateName\":\"Chiptuning tools supplier\",\"url\":\"https:\/\/chiptuningmarket.com\/pl\/\",\"logo\":{\"@type\":\"ImageObject\",\"inLanguage\":\"pl-PL\",\"@id\":\"https:\/\/chiptuningmarket.com\/pl\/#\/schema\/logo\/image\/\",\"url\":\"https:\/\/chiptuningmarket.com\/wp-content\/uploads\/2023\/05\/logo-ChipTuningMarket-social.png\",\"contentUrl\":\"https:\/\/chiptuningmarket.com\/wp-content\/uploads\/2023\/05\/logo-ChipTuningMarket-social.png\",\"width\":512,\"height\":512,\"caption\":\"Chiptuningmarket\"},\"image\":{\"@id\":\"https:\/\/chiptuningmarket.com\/pl\/#\/schema\/logo\/image\/\"}}]}<\/script>\n<!-- \/ Yoast SEO plugin. -->","yoast_head_json":{"title":"Autel MaxiDAS DS900TS - Chiptuningmarket","description":"Autel MaxiDAS DS900TS - oferuje pe\u0142n\u0105 funkcjonalno\u015b\u0107 diagnostyczn\u0105 oraz kompleksowe rozwi\u0105zania TPMS dla wszystkich obs\u0142ugiwanych marek i modeli.","robots":{"index":"index","follow":"follow","max-snippet":"max-snippet:-1","max-image-preview":"max-image-preview:large","max-video-preview":"max-video-preview:-1"},"canonical":"https:\/\/chiptuningmarket.com\/pl\/shop\/urzadzenia-diagnostyczne-pl-pl\/osobowe-urzadzenia-diagnostyczne-pl\/urzadzenia-diagnostyczne-autel\/autel-maxidas-ds900ts\/","og_locale":"pl_PL","og_type":"article","og_title":"Autel MaxiDAS DS900TS - Chiptuningmarket","og_description":"Autel MaxiDAS DS900TS - oferuje pe\u0142n\u0105 funkcjonalno\u015b\u0107 diagnostyczn\u0105 oraz kompleksowe rozwi\u0105zania TPMS dla wszystkich obs\u0142ugiwanych marek i modeli.","og_url":"https:\/\/chiptuningmarket.com\/pl\/shop\/urzadzenia-diagnostyczne-pl-pl\/osobowe-urzadzenia-diagnostyczne-pl\/urzadzenia-diagnostyczne-autel\/autel-maxidas-ds900ts\/","og_site_name":"Chiptuningmarket","article_modified_time":"2025-03-25T08:33:02+00:00","og_image":[{"width":544,"height":338,"url":"https:\/\/chiptuningmarket.com\/wp-content\/uploads\/2025\/03\/200622152967.png","type":"image\/png"}],"twitter_card":"summary_large_image","twitter_misc":{"Szacowany czas czytania":"3 minuty"},"schema":{"@context":"https:\/\/schema.org","@graph":[{"@type":"WebPage","@id":"https:\/\/chiptuningmarket.com\/pl\/shop\/urzadzenia-diagnostyczne-pl-pl\/osobowe-urzadzenia-diagnostyczne-pl\/urzadzenia-diagnostyczne-autel\/autel-maxidas-ds900ts\/","url":"https:\/\/chiptuningmarket.com\/pl\/shop\/urzadzenia-diagnostyczne-pl-pl\/osobowe-urzadzenia-diagnostyczne-pl\/urzadzenia-diagnostyczne-autel\/autel-maxidas-ds900ts\/","name":"Autel MaxiDAS DS900TS - Chiptuningmarket","isPartOf":{"@id":"https:\/\/chiptuningmarket.com\/pl\/#website"},"primaryImageOfPage":{"@id":"https:\/\/chiptuningmarket.com\/pl\/shop\/urzadzenia-diagnostyczne-pl-pl\/osobowe-urzadzenia-diagnostyczne-pl\/urzadzenia-diagnostyczne-autel\/autel-maxidas-ds900ts\/#primaryimage"},"image":{"@id":"https:\/\/chiptuningmarket.com\/pl\/shop\/urzadzenia-diagnostyczne-pl-pl\/osobowe-urzadzenia-diagnostyczne-pl\/urzadzenia-diagnostyczne-autel\/autel-maxidas-ds900ts\/#primaryimage"},"thumbnailUrl":"https:\/\/chiptuningmarket.com\/wp-content\/uploads\/2025\/03\/200622152967.png","datePublished":"2025-03-12T07:59:26+00:00","dateModified":"2025-03-25T08:33:02+00:00","description":"Autel MaxiDAS DS900TS - oferuje pe\u0142n\u0105 funkcjonalno\u015b\u0107 diagnostyczn\u0105 oraz kompleksowe rozwi\u0105zania TPMS dla wszystkich obs\u0142ugiwanych marek i modeli.","breadcrumb":{"@id":"https:\/\/chiptuningmarket.com\/pl\/shop\/urzadzenia-diagnostyczne-pl-pl\/osobowe-urzadzenia-diagnostyczne-pl\/urzadzenia-diagnostyczne-autel\/autel-maxidas-ds900ts\/#breadcrumb"},"inLanguage":"pl-PL","potentialAction":[{"@type":"ReadAction","target":["https:\/\/chiptuningmarket.com\/pl\/shop\/urzadzenia-diagnostyczne-pl-pl\/osobowe-urzadzenia-diagnostyczne-pl\/urzadzenia-diagnostyczne-autel\/autel-maxidas-ds900ts\/"]}]},{"@type":"ImageObject","inLanguage":"pl-PL","@id":"https:\/\/chiptuningmarket.com\/pl\/shop\/urzadzenia-diagnostyczne-pl-pl\/osobowe-urzadzenia-diagnostyczne-pl\/urzadzenia-diagnostyczne-autel\/autel-maxidas-ds900ts\/#primaryimage","url":"https:\/\/chiptuningmarket.com\/wp-content\/uploads\/2025\/03\/200622152967.png","contentUrl":"https:\/\/chiptuningmarket.com\/wp-content\/uploads\/2025\/03\/200622152967.png","width":544,"height":338,"caption":"Autel MaxiDas DS900TS"},{"@type":"BreadcrumbList","@id":"https:\/\/chiptuningmarket.com\/pl\/shop\/urzadzenia-diagnostyczne-pl-pl\/osobowe-urzadzenia-diagnostyczne-pl\/urzadzenia-diagnostyczne-autel\/autel-maxidas-ds900ts\/#breadcrumb","itemListElement":[{"@type":"ListItem","position":1,"name":"Home","item":"https:\/\/chiptuningmarket.com\/pl\/"},{"@type":"ListItem","position":2,"name":"Sklep","item":"https:\/\/chiptuningmarket.com\/pl\/shop\/"},{"@type":"ListItem","position":3,"name":"Autel MaxiDAS DS900TS"}]},{"@type":"WebSite","@id":"https:\/\/chiptuningmarket.com\/pl\/#website","url":"https:\/\/chiptuningmarket.com\/pl\/","name":"Chiptuningmarket","description":"Biggest chiptuning shop in Europe","publisher":{"@id":"https:\/\/chiptuningmarket.com\/pl\/#organization"},"alternateName":"Worldwide ecu tools supplier","potentialAction":[{"@type":"SearchAction","target":{"@type":"EntryPoint","urlTemplate":"https:\/\/chiptuningmarket.com\/pl\/?s={search_term_string}"},"query-input":{"@type":"PropertyValueSpecification","valueRequired":true,"valueName":"search_term_string"}}],"inLanguage":"pl-PL"},{"@type":"Organization","@id":"https:\/\/chiptuningmarket.com\/pl\/#organization","name":"Chiptuningmarket","alternateName":"Chiptuning tools supplier","url":"https:\/\/chiptuningmarket.com\/pl\/","logo":{"@type":"ImageObject","inLanguage":"pl-PL","@id":"https:\/\/chiptuningmarket.com\/pl\/#\/schema\/logo\/image\/","url":"https:\/\/chiptuningmarket.com\/wp-content\/uploads\/2023\/05\/logo-ChipTuningMarket-social.png","contentUrl":"https:\/\/chiptuningmarket.com\/wp-content\/uploads\/2023\/05\/logo-ChipTuningMarket-social.png","width":512,"height":512,"caption":"Chiptuningmarket"},"image":{"@id":"https:\/\/chiptuningmarket.com\/pl\/#\/schema\/logo\/image\/"}}]}},"_links":{"self":[{"href":"https:\/\/chiptuningmarket.com\/pl\/wp-json\/wp\/v2\/product\/35317","targetHints":{"allow":["GET"]}}],"collection":[{"href":"https:\/\/chiptuningmarket.com\/pl\/wp-json\/wp\/v2\/product"}],"about":[{"href":"https:\/\/chiptuningmarket.com\/pl\/wp-json\/wp\/v2\/types\/product"}],"wp:featuredmedia":[{"embeddable":true,"href":"https:\/\/chiptuningmarket.com\/pl\/wp-json\/wp\/v2\/media\/35287"}],"wp:attachment":[{"href":"https:\/\/chiptuningmarket.com\/pl\/wp-json\/wp\/v2\/media?parent=35317"}],"wp:term":[{"taxonomy":"product_brand","embeddable":true,"href":"https:\/\/chiptuningmarket.com\/pl\/wp-json\/wp\/v2\/product_brand?post=35317"},{"taxonomy":"product_cat","embeddable":true,"href":"https:\/\/chiptuningmarket.com\/pl\/wp-json\/wp\/v2\/product_cat?post=35317"},{"taxonomy":"product_tag","embeddable":true,"href":"https:\/\/chiptuningmarket.com\/pl\/wp-json\/wp\/v2\/product_tag?post=35317"}],"curies":[{"name":"wp","href":"https:\/\/api.w.org\/{rel}","templated":true}]}}