{"id":35413,"date":"2025-03-14T12:09:59","date_gmt":"2025-03-14T11:09:59","guid":{"rendered":"https:\/\/chiptuningmarket.com\/?post_type=product&#038;p=35413"},"modified":"2025-03-19T15:41:29","modified_gmt":"2025-03-19T14:41:29","slug":"launch-immo-elite-xprog","status":"publish","type":"product","link":"https:\/\/chiptuningmarket.com\/pl\/shop\/urzadzenia-diagnostyczne-pl-pl\/osobowe-urzadzenia-diagnostyczne-pl\/urzadzenia-diagnostyczne-launch\/launch-immo-elite-xprog\/","title":{"rendered":"LAUNCH X431 IMMO ELITE+XPROG"},"content":{"rendered":"<h3 class=\"mp4t_0 mryx_0 mj7a_4 mvrt_8 mp0t_ji m9qz_yo munh_0 mqu1_1j mgmw_wo mgn2_21 mgn2_25_s\" style=\"text-align: center\">LAUNCH X431 IMMO ELITE+XPROG<\/h3>\n<p>Launch X431 IMMO ELITE + XPROG to kompleksowe rozwi\u0105zanie diagnostyczne i programuj\u0105ce, kt\u00f3re \u0142\u0105czy zaawansowane funkcje obs\u0142ugi immobilizer\u00f3w oraz programowania kluczy z mo\u017cliwo\u015bci\u0105 odczytu i zapisu danych z pami\u0119ci ECU. <strong data-start=\"222\" data-end=\"248\">Launch X431 IMMO ELITE<\/strong> specjalizuje si\u0119 w kodowaniu, synchronizacji kluczy oraz usuwaniu b\u0142\u0119d\u00f3w system\u00f3w bezpiecze\u0144stwa pojazd\u00f3w, obs\u0142uguj\u0105c szerok\u0105 gam\u0119 marek i modeli. <strong data-start=\"396\" data-end=\"405\">XPROG<\/strong> to narz\u0119dzie umo\u017cliwiaj\u0105ce zaawansowane operacje na pami\u0119ciach i procesorach, wykorzystywane w zakresie naprawy i modyfikacji ECU. Razem tworz\u0105 niezawodne zestawienie dla profesjonalnych warsztat\u00f3w, zapewniaj\u0105c pe\u0142n\u0105 obs\u0142ug\u0119 system\u00f3w elektronicznych i immobilizer\u00f3w samochodowych.<\/p>\n<p style=\"text-align: center\"><strong>2 lata darmowej aktualizacji w cenie urz\u0105dzenia!<\/strong><\/p>\n<p><a href=\"https:\/\/chiptuningmarket.com\/wp-content\/uploads\/2025\/03\/IMMO-ELITE-1.png\"><img decoding=\"async\" class=\"aligncenter wp-image-35427\" src=\"https:\/\/chiptuningmarket.com\/wp-content\/uploads\/2025\/03\/IMMO-ELITE-1.png\" alt=\"\" width=\"700\" height=\"437\" srcset=\"https:\/\/chiptuningmarket.com\/wp-content\/uploads\/2025\/03\/IMMO-ELITE-1.png 580w, https:\/\/chiptuningmarket.com\/wp-content\/uploads\/2025\/03\/IMMO-ELITE-1-300x187.png 300w\" sizes=\"(max-width: 700px) 100vw, 700px\" \/><\/a><\/p>\n<div class=\"elementor-element elementor-element-781acd4 elementor-widget elementor-widget-heading\" data-id=\"781acd4\" data-element_type=\"widget\" data-widget_type=\"heading.default\">\n<div class=\"elementor-widget-container\">\n<h3 data-start=\"0\" data-end=\"221\"><strong data-start=\"0\" data-end=\"34\">Launch X431 IMMO ELITE + XPROG<\/strong> oferuj\u0105 szereg zaawansowanych funkcji, oto ich kluczowe mo\u017cliwo\u015bci:<\/h3>\n<h4 data-start=\"223\" data-end=\"254\"><strong data-start=\"227\" data-end=\"254\">Launch X431 IMMO ELITE:<\/strong><\/h4>\n<ol data-start=\"255\" data-end=\"999\">\n<li data-start=\"255\" data-end=\"357\"><strong data-start=\"258\" data-end=\"283\">Programowanie kluczy:<\/strong> Mo\u017cliwo\u015b\u0107 dodawania, kasowania i programowania nowych kluczy do pojazd\u00f3w.<\/li>\n<li data-start=\"358\" data-end=\"473\"><strong data-start=\"361\" data-end=\"389\">Kodowanie immobilizer\u00f3w:<\/strong> Obs\u0142uguje kodowanie oraz synchronizacj\u0119 system\u00f3w immobilizer\u00f3w w r\u00f3\u017cnych pojazdach.<\/li>\n<li data-start=\"474\" data-end=\"594\"><strong data-start=\"477\" data-end=\"497\">Usuwanie b\u0142\u0119d\u00f3w:<\/strong> Zdolno\u015b\u0107 do wykrywania i kasowania b\u0142\u0119d\u00f3w zwi\u0105zanych z immobilizerem i systemami bezpiecze\u0144stwa.<\/li>\n<li data-start=\"595\" data-end=\"716\"><strong data-start=\"598\" data-end=\"627\">Wsparcie dla wielu marek:<\/strong> Obs\u0142uguje szerok\u0105 gam\u0119 pojazd\u00f3w, w tym samochody europejskie, ameryka\u0144skie i azjatyckie.<\/li>\n<li data-start=\"717\" data-end=\"854\"><strong data-start=\"720\" data-end=\"745\">Diagnoza i adaptacja:<\/strong> Pozwala na diagnostyk\u0119 system\u00f3w elektronicznych, adaptacj\u0119 czujnik\u00f3w, urz\u0105dze\u0144 oraz synchronizacj\u0119 system\u00f3w.<\/li>\n<li data-start=\"855\" data-end=\"999\"><strong data-start=\"858\" data-end=\"887\">Wielofunkcyjny interfejs:<\/strong> Intuicyjny ekran dotykowy oraz \u0142atwa w obs\u0142udze aplikacja umo\u017cliwiaj\u0105 szybkie i efektywne wykonywanie operacji.<a href=\"https:\/\/chiptuningmarket.com\/wp-content\/uploads\/2025\/03\/IMMO-ELITE.png\"><img decoding=\"async\" class=\"aligncenter wp-image-35430\" src=\"https:\/\/chiptuningmarket.com\/wp-content\/uploads\/2025\/03\/IMMO-ELITE.png\" alt=\"\" width=\"600\" height=\"441\" srcset=\"https:\/\/chiptuningmarket.com\/wp-content\/uploads\/2025\/03\/IMMO-ELITE.png 580w, https:\/\/chiptuningmarket.com\/wp-content\/uploads\/2025\/03\/IMMO-ELITE-300x220.png 300w\" sizes=\"(max-width: 600px) 100vw, 600px\" \/><\/a><\/li>\n<\/ol>\n<h3 data-start=\"1001\" data-end=\"1015\"><strong data-start=\"1005\" data-end=\"1015\">XPROG:<\/strong><\/h3>\n<ol data-start=\"1016\" data-end=\"1537\">\n<li data-start=\"1016\" data-end=\"1158\"><strong data-start=\"1019\" data-end=\"1049\">Programowanie pami\u0119ci ECU:<\/strong> Umo\u017cliwia odczyt, zapis i modyfikacj\u0119 pami\u0119ci EEPROM oraz Flash w ECU i innych urz\u0105dzeniach elektronicznych.<\/li>\n<li data-start=\"1159\" data-end=\"1272\"><strong data-start=\"1162\" data-end=\"1188\">Odczyt i zapis danych:<\/strong> Narz\u0119dzie do odczytu i zapisu danych z r\u00f3\u017cnych procesor\u00f3w oraz uk\u0142ad\u00f3w steruj\u0105cych.<\/li>\n<li data-start=\"1273\" data-end=\"1415\"><strong data-start=\"1276\" data-end=\"1308\">Wsparcie dla r\u00f3\u017cnych chip\u00f3w:<\/strong> Obs\u0142uguje szeroki zakres pami\u0119ci i uk\u0142ad\u00f3w scalonych, co pozwala na modyfikacje w systemach samochodowych.<\/li>\n<li data-start=\"1416\" data-end=\"1537\"><strong data-start=\"1419\" data-end=\"1449\">Naprawa i modyfikacje ECU:<\/strong> Mo\u017cliwo\u015b\u0107 naprawy lub modyfikacji danych zapisanych w jednostkach steruj\u0105cych pojazd\u00f3w.<\/li>\n<\/ol>\n<p>Launch<\/p>\n<h3 class=\"elementor-heading-title elementor-size-default\">Mo\u017cliwo\u015bci Diagnoskopu:<\/h3>\n<\/div>\n<\/div>\n<div class=\"elementor-element elementor-element-7c47605 elementor-widget elementor-widget-text-editor\" data-id=\"7c47605\" data-element_type=\"widget\" data-widget_type=\"text-editor.default\">\n<div class=\"elementor-widget-container\">\n<ul>\n<li>odczyt kod\u00f3w usterek<\/li>\n<li>kasowanie kod\u00f3w usterek<\/li>\n<li>podgl\u0105d parametr\u00f3w rzeczywistych (tak\u017ce w postaci wykres\u00f3w i wska\u017anik\u00f3w: kilka tryb\u00f3w)<\/li>\n<li>kodowanie podzespo\u0142\u00f3w,<\/li>\n<li>adaptacje podzespo\u0142\u00f3w (przepustnica, zaw\u00f3r EGR, komputer silnika, itp..)<\/li>\n<li>test element\u00f3w wykonawczych (uruchomienie zaworu EGR, silnika wentylatora, wskaz\u00f3wek licznika, zamk\u00f3w centralnych, itp..)<\/li>\n<li>reset inspekcji serwisowych, oraz olejowych<\/li>\n<li>kodowanie wtryskiwaczy<\/li>\n<li>kodowanie kluczyk\u00f3w<\/li>\n<li>pe\u0142na obs\u0142uga filtra cz\u0105stek sta\u0142ych DPF (sprawdzenie poziomu sadzy, reset, regeneracja, adaptacja po wymianie)<\/li>\n<li>pe\u0142na obs\u0142uga elektrycznego hamulca postojowego EPB (cofanie zacisk\u00f3w przy wymianie klock\u00f3w, ustawienie si\u0142y nacisku tloczk\u00f3w, grubo\u015bci klock\u00f3w)<\/li>\n<li>automatyczne skanowanie wszystkich modu\u0142\u00f3w pojazdu<\/li>\n<li>odczyt informacji o module steruj\u0105cym<\/li>\n<li>czyszczenie warto\u015bci przyuczonych<\/li>\n<li>odczyt kodu VIN<\/li>\n<li>reset programowania zespo\u0142\u00f3w steruj\u0105cych<\/li>\n<li>odpowietrzanie pompy hamulcowej<\/li>\n<li>kalibracja poziomu<\/li>\n<li>kalibracja czujnika k\u0105ta skr\u0119tu uk\u0142adu kierowniczego<\/li>\n<li>przyuczenie biegu ja\u0142owego<\/li>\n<li>k\u0105t wyprzedzenia zap\u0142onu<\/li>\n<li><b>KODOWANIE ONLINE !!!!!\u00a0<\/b><\/li>\n<li>oraz wiele innych\u2026<\/li>\n<\/ul>\n<\/div>\n<\/div>\n<h3><b>Posiada wyprowadzone skr\u00f3ty NAJWA\u017bNIEJSZYCH PROCEDUR SERWISOWYCH:<\/b><\/h3>\n<ul>\n<li>reset inspekcji serwisowej, olejowej<\/li>\n<li>pe\u0142na obs\u0142uga elektrycznego hamulca postojowego EPB (cofanie zacisk\u00f3w przy wymianie klock\u00f3w, ustawienie si\u0142y nacisku t\u0142oczk\u00f3w, grubo\u015bci klock\u00f3w)<\/li>\n<li>regeneracja filtra DPF\u00a0(sprawdzenie stanu zapylenia, wypalanie, regeneracja, adaptacja)<\/li>\n<li>adaptacja skrzyni bieg\u00f3w<\/li>\n<li>kalibracja czujnika k\u0105ta skr\u0119tu kierownicy<\/li>\n<li>adaptacja nowego akumulatora<\/li>\n<li>adaptacja przepustnicy<\/li>\n<li>kodowanie wtryskiwaczy<\/li>\n<li>regulacja reflektor\u00f3w<\/li>\n<li>regulacja zawieszenia<\/li>\n<li>oraz wiele innych (kombajn diagnostyczny)!<\/li>\n<\/ul>\n<h3><strong>Dane techniczne: <\/strong><\/h3>\n<table class=\"ueditorTableStyle\" style=\"height: 507px\" width=\"493\">\n<tbody>\n<tr class=\"firstRow\">\n<td class=\"kso0\"><strong>Nazwa<\/strong><\/td>\n<td class=\"kso1\"><strong>Parametry<\/strong><\/td>\n<\/tr>\n<tr>\n<td class=\"kso2\">Procesor<\/td>\n<td class=\"kso3\">2.0GHz czterordzeniowy<\/td>\n<\/tr>\n<tr>\n<td class=\"kso4\">System operacyjny<\/td>\n<td class=\"kso5\">Android\u00a010.0<\/td>\n<\/tr>\n<tr>\n<td class=\"kso6\">Pami\u0119\u0107 RAM<\/td>\n<td class=\"kso7\">4GB<\/td>\n<\/tr>\n<tr>\n<td class=\"kso8\">Pami\u0119\u0107 wewn\u0119trzna<\/td>\n<td class=\"kso9\">64GB<\/td>\n<\/tr>\n<tr>\n<td class=\"kso10\">Bateria<\/td>\n<td class=\"kso11\">47880mWh (7.6V,6300mAh)<\/td>\n<\/tr>\n<tr>\n<td class=\"kso12\">Wy\u015bwietlacz<\/td>\n<td class=\"kso13\">8-cali, 1280&#215;800<\/td>\n<\/tr>\n<tr>\n<td class=\"kso14\">Aparat<\/td>\n<td class=\"kso15\">Prz\u00f3d 8MP<\/td>\n<\/tr>\n<tr>\n<td class=\"kso16\">WIFI<\/td>\n<td class=\"kso17\">2.4GHz\/5GHz (podw\u00f3jna cz\u0119stotliwo\u015b\u0107)<\/td>\n<\/tr>\n<tr>\n<td class=\"kso18\">Interfejs<\/td>\n<td class=\"kso19\">TYP A &amp; TYP C<\/td>\n<\/tr>\n<tr>\n<td class=\"kso20\">Temperatura pracy<\/td>\n<td class=\"kso21\">0~50\u2103<\/td>\n<\/tr>\n<tr>\n<td class=\"kso22\">Wymiary<\/td>\n<td class=\"kso23\">234*166*39.5(mm)<\/td>\n<\/tr>\n<\/tbody>\n<\/table>\n<h3>Zawarto\u015b\u0107 zestawu:<\/h3>\n<ul>\n<li><b>Diagnoskop LAUNCH X-431 IMMO ELITE<\/b> w testerze po pierwszej rejestracji zostanie automatycznie odblokowana 2 letnia aktualizacja<\/li>\n<li><b>Programator XPROG3 <\/b>w walizce z pe\u0142nym okablowaniem oraz adapterami<\/li>\n<li>Bezprzewodowa g\u0142owica diagnostyczna Bluetooth<\/li>\n<li>Przed\u0142u\u017cka OBDII<\/li>\n<li>\u0141adowarka sieciowa<\/li>\n<li>Certyfikat do rejestracji i pobierania aktualizacji diagnoskopu<\/li>\n<li>Przew\u00f3d zasilaj\u0105cy z klem oraz zapalniczki<\/li>\n<li>3 szt. d\u0142ugopis\u00f3w do ekran\u00f3w dotykowych<\/li>\n<li>Karta gwarancyjna<\/li>\n<\/ul>\n<p><a href=\"https:\/\/chiptuningmarket.com\/wp-content\/uploads\/2025\/03\/LAUNCH-X431-IMMO-ELITE.jpeg\"><img decoding=\"async\" class=\"wp-image-35415 aligncenter\" src=\"https:\/\/chiptuningmarket.com\/wp-content\/uploads\/2025\/03\/LAUNCH-X431-IMMO-ELITE.jpeg\" alt=\"\" width=\"800\" height=\"696\" srcset=\"https:\/\/chiptuningmarket.com\/wp-content\/uploads\/2025\/03\/LAUNCH-X431-IMMO-ELITE.jpeg 1020w, https:\/\/chiptuningmarket.com\/wp-content\/uploads\/2025\/03\/LAUNCH-X431-IMMO-ELITE-300x261.jpeg 300w, https:\/\/chiptuningmarket.com\/wp-content\/uploads\/2025\/03\/LAUNCH-X431-IMMO-ELITE-768x669.jpeg 768w, https:\/\/chiptuningmarket.com\/wp-content\/uploads\/2025\/03\/LAUNCH-X431-IMMO-ELITE-600x522.jpeg 600w\" sizes=\"(max-width: 800px) 100vw, 800px\" \/><\/a><\/p>\n<p>W ofercie r\u00f3wnie\u017c:<\/p>\n<p class=\"entry-title fusion-responsive-typography-calculated\" data-fontsize=\"38\" data-lineheight=\"55.1px\"><a style=\"color: blue\" href=\"https:\/\/chiptuningmarket.com\/pl\/shop\/urzadzenia-diagnostyczne-pl-pl\/osobowe-urzadzenia-diagnostyczne-pl\/urzadzenia-diagnostyczne-autel\/autel-maxiim-im608-pro-xp400pro-g-boxv2-impka-apb112\/\">Autel MaxiIM IM608 PRO XP400PRO<\/a><\/p>\n<p data-fontsize=\"38\" data-lineheight=\"55.1px\"><a style=\"color: blue\" href=\"https:\/\/chiptuningmarket.com\/pl\/shop\/urzadzenia-diagnostyczne-pl-pl\/osobowe-urzadzenia-diagnostyczne-pl\/urzadzenia-diagnostyczne-autel\/autel-maxiim-im508s\/\">Autel MaxiIM IM508S<\/a><\/p>\n<p>&nbsp;<\/p>\n","protected":false},"excerpt":{"rendered":"<p>Launch X431 IMMO ELITE + XPROG to kompleksowe rozwi\u0105zanie diagnostyczne i programuj\u0105ce, kt\u00f3re \u0142\u0105czy zaawansowane funkcje obs\u0142ugi immobilizer\u00f3w oraz programowania kluczy z mo\u017cliwo\u015bci\u0105 odczytu i zapisu danych z pami\u0119ci ECU. <strong data-start=\"222\" data-end=\"248\">Launch X431 IMMO ELITE<\/strong> specjalizuje si\u0119 w kodowaniu, synchronizacji kluczy oraz usuwaniu b\u0142\u0119d\u00f3w system\u00f3w bezpiecze\u0144stwa pojazd\u00f3w, obs\u0142uguj\u0105c szerok\u0105 gam\u0119 marek i modeli. <strong data-start=\"396\" data-end=\"405\">XPROG<\/strong> to narz\u0119dzie umo\u017cliwiaj\u0105ce zaawansowane operacje na pami\u0119ciach i procesorach, wykorzystywane w zakresie naprawy i modyfikacji ECU. Razem tworz\u0105 niezawodne zestawienie dla profesjonalnych warsztat\u00f3w, zapewniaj\u0105c pe\u0142n\u0105 obs\u0142ug\u0119 system\u00f3w elektronicznych i immobilizer\u00f3w samochodowych.<\/p>\n","protected":false},"featured_media":35415,"template":"","meta":{"_monsterinsights_skip_tracking":false,"_monsterinsights_sitenote_active":false,"_monsterinsights_sitenote_note":"","_monsterinsights_sitenote_category":0},"product_brand":[],"product_cat":[5059,5259,5684],"product_tag":[6917,6998,2827,3005,6995,6996,6997],"class_list":{"0":"post-35413","1":"product","2":"type-product","3":"status-publish","4":"has-post-thumbnail","6":"product_cat-urzadzenia-diagnostyczne-pl-pl","7":"product_cat-osobowe-urzadzenia-diagnostyczne-pl","8":"product_cat-urzadzenia-diagnostyczne-launch","9":"product_tag-android","10":"product_tag-launch-pl-2","11":"product_tag-programmer-keys-pl","12":"product_tag-tester-diagnostyczny","13":"product_tag-x431","14":"product_tag-x431-immo-elite","15":"product_tag-xprog3","17":"first","18":"onbackorder","19":"sale","20":"taxable","21":"shipping-taxable","22":"purchasable","23":"product-type-simple"},"yoast_head":"<!-- This site is optimized with the Yoast SEO plugin v25.2 - https:\/\/yoast.com\/wordpress\/plugins\/seo\/ -->\n<title>LAUNCH X431 IMMO ELITE+XPROG - Chiptuningmarket<\/title>\n<meta name=\"description\" content=\"LAUNCH X431 IMMO ELITE+XPROG - to kompleksowe rozwi\u0105zanie diagnostyczne i programuj\u0105ce, immobilizer\u00f3w oraz programowania kluczy..\" \/>\n<meta name=\"robots\" content=\"index, follow, max-snippet:-1, max-image-preview:large, max-video-preview:-1\" \/>\n<link rel=\"canonical\" href=\"https:\/\/chiptuningmarket.com\/pl\/shop\/urzadzenia-diagnostyczne-pl-pl\/osobowe-urzadzenia-diagnostyczne-pl\/urzadzenia-diagnostyczne-launch\/launch-immo-elite-xprog\/\" \/>\n<meta property=\"og:locale\" content=\"pl_PL\" \/>\n<meta property=\"og:type\" content=\"article\" \/>\n<meta property=\"og:title\" content=\"LAUNCH X431 IMMO ELITE+XPROG - Chiptuningmarket\" \/>\n<meta property=\"og:description\" content=\"LAUNCH X431 IMMO ELITE+XPROG - to kompleksowe rozwi\u0105zanie diagnostyczne i programuj\u0105ce, immobilizer\u00f3w oraz programowania kluczy..\" \/>\n<meta property=\"og:url\" content=\"https:\/\/chiptuningmarket.com\/pl\/shop\/urzadzenia-diagnostyczne-pl-pl\/osobowe-urzadzenia-diagnostyczne-pl\/urzadzenia-diagnostyczne-launch\/launch-immo-elite-xprog\/\" \/>\n<meta property=\"og:site_name\" content=\"Chiptuningmarket\" \/>\n<meta property=\"article:modified_time\" content=\"2025-03-19T14:41:29+00:00\" \/>\n<meta property=\"og:image\" content=\"https:\/\/chiptuningmarket.com\/wp-content\/uploads\/2025\/03\/LAUNCH-X431-IMMO-ELITE.jpeg\" \/>\n\t<meta property=\"og:image:width\" content=\"1020\" \/>\n\t<meta property=\"og:image:height\" content=\"888\" \/>\n\t<meta property=\"og:image:type\" content=\"image\/jpeg\" \/>\n<meta name=\"twitter:card\" content=\"summary_large_image\" \/>\n<meta name=\"twitter:label1\" content=\"Szacowany czas czytania\" \/>\n\t<meta name=\"twitter:data1\" content=\"4 minuty\" \/>\n<script type=\"application\/ld+json\" class=\"yoast-schema-graph\">{\"@context\":\"https:\/\/schema.org\",\"@graph\":[{\"@type\":\"WebPage\",\"@id\":\"https:\/\/chiptuningmarket.com\/pl\/shop\/urzadzenia-diagnostyczne-pl-pl\/osobowe-urzadzenia-diagnostyczne-pl\/urzadzenia-diagnostyczne-launch\/launch-immo-elite-xprog\/\",\"url\":\"https:\/\/chiptuningmarket.com\/pl\/shop\/urzadzenia-diagnostyczne-pl-pl\/osobowe-urzadzenia-diagnostyczne-pl\/urzadzenia-diagnostyczne-launch\/launch-immo-elite-xprog\/\",\"name\":\"LAUNCH X431 IMMO ELITE+XPROG - Chiptuningmarket\",\"isPartOf\":{\"@id\":\"https:\/\/chiptuningmarket.com\/ru\/#website\"},\"primaryImageOfPage\":{\"@id\":\"https:\/\/chiptuningmarket.com\/pl\/shop\/urzadzenia-diagnostyczne-pl-pl\/osobowe-urzadzenia-diagnostyczne-pl\/urzadzenia-diagnostyczne-launch\/launch-immo-elite-xprog\/#primaryimage\"},\"image\":{\"@id\":\"https:\/\/chiptuningmarket.com\/pl\/shop\/urzadzenia-diagnostyczne-pl-pl\/osobowe-urzadzenia-diagnostyczne-pl\/urzadzenia-diagnostyczne-launch\/launch-immo-elite-xprog\/#primaryimage\"},\"thumbnailUrl\":\"https:\/\/chiptuningmarket.com\/wp-content\/uploads\/2025\/03\/LAUNCH-X431-IMMO-ELITE.jpeg\",\"datePublished\":\"2025-03-14T11:09:59+00:00\",\"dateModified\":\"2025-03-19T14:41:29+00:00\",\"description\":\"LAUNCH X431 IMMO ELITE+XPROG - to kompleksowe rozwi\u0105zanie diagnostyczne i programuj\u0105ce, immobilizer\u00f3w oraz programowania kluczy..\",\"breadcrumb\":{\"@id\":\"https:\/\/chiptuningmarket.com\/pl\/shop\/urzadzenia-diagnostyczne-pl-pl\/osobowe-urzadzenia-diagnostyczne-pl\/urzadzenia-diagnostyczne-launch\/launch-immo-elite-xprog\/#breadcrumb\"},\"inLanguage\":\"pl-PL\",\"potentialAction\":[{\"@type\":\"ReadAction\",\"target\":[\"https:\/\/chiptuningmarket.com\/pl\/shop\/urzadzenia-diagnostyczne-pl-pl\/osobowe-urzadzenia-diagnostyczne-pl\/urzadzenia-diagnostyczne-launch\/launch-immo-elite-xprog\/\"]}]},{\"@type\":\"ImageObject\",\"inLanguage\":\"pl-PL\",\"@id\":\"https:\/\/chiptuningmarket.com\/pl\/shop\/urzadzenia-diagnostyczne-pl-pl\/osobowe-urzadzenia-diagnostyczne-pl\/urzadzenia-diagnostyczne-launch\/launch-immo-elite-xprog\/#primaryimage\",\"url\":\"https:\/\/chiptuningmarket.com\/wp-content\/uploads\/2025\/03\/LAUNCH-X431-IMMO-ELITE.jpeg\",\"contentUrl\":\"https:\/\/chiptuningmarket.com\/wp-content\/uploads\/2025\/03\/LAUNCH-X431-IMMO-ELITE.jpeg\",\"width\":1020,\"height\":888,\"caption\":\"LAUNCH X431 IMMO ELITE+XPROG\"},{\"@type\":\"BreadcrumbList\",\"@id\":\"https:\/\/chiptuningmarket.com\/pl\/shop\/urzadzenia-diagnostyczne-pl-pl\/osobowe-urzadzenia-diagnostyczne-pl\/urzadzenia-diagnostyczne-launch\/launch-immo-elite-xprog\/#breadcrumb\",\"itemListElement\":[{\"@type\":\"ListItem\",\"position\":1,\"name\":\"Home\",\"item\":\"https:\/\/chiptuningmarket.com\/pl\/\"},{\"@type\":\"ListItem\",\"position\":2,\"name\":\"Sklep\",\"item\":\"https:\/\/chiptuningmarket.com\/pl\/shop\/\"},{\"@type\":\"ListItem\",\"position\":3,\"name\":\"LAUNCH X431 IMMO ELITE+XPROG\"}]},{\"@type\":\"WebSite\",\"@id\":\"https:\/\/chiptuningmarket.com\/ru\/#website\",\"url\":\"https:\/\/chiptuningmarket.com\/ru\/\",\"name\":\"Chiptuningmarket\",\"description\":\"Biggest chiptuning shop in Europe\",\"publisher\":{\"@id\":\"https:\/\/chiptuningmarket.com\/ru\/#organization\"},\"alternateName\":\"Worldwide ecu tools supplier\",\"potentialAction\":[{\"@type\":\"SearchAction\",\"target\":{\"@type\":\"EntryPoint\",\"urlTemplate\":\"https:\/\/chiptuningmarket.com\/ru\/?s={search_term_string}\"},\"query-input\":{\"@type\":\"PropertyValueSpecification\",\"valueRequired\":true,\"valueName\":\"search_term_string\"}}],\"inLanguage\":\"pl-PL\"},{\"@type\":\"Organization\",\"@id\":\"https:\/\/chiptuningmarket.com\/ru\/#organization\",\"name\":\"Chiptuningmarket\",\"alternateName\":\"Chiptuning tools supplier\",\"url\":\"https:\/\/chiptuningmarket.com\/ru\/\",\"logo\":{\"@type\":\"ImageObject\",\"inLanguage\":\"pl-PL\",\"@id\":\"https:\/\/chiptuningmarket.com\/ru\/#\/schema\/logo\/image\/\",\"url\":\"https:\/\/chiptuningmarket.com\/wp-content\/uploads\/2023\/05\/logo-ChipTuningMarket-social.png\",\"contentUrl\":\"https:\/\/chiptuningmarket.com\/wp-content\/uploads\/2023\/05\/logo-ChipTuningMarket-social.png\",\"width\":512,\"height\":512,\"caption\":\"Chiptuningmarket\"},\"image\":{\"@id\":\"https:\/\/chiptuningmarket.com\/ru\/#\/schema\/logo\/image\/\"}}]}<\/script>\n<!-- \/ Yoast SEO plugin. -->","yoast_head_json":{"title":"LAUNCH X431 IMMO ELITE+XPROG - Chiptuningmarket","description":"LAUNCH X431 IMMO ELITE+XPROG - to kompleksowe rozwi\u0105zanie diagnostyczne i programuj\u0105ce, immobilizer\u00f3w oraz programowania kluczy..","robots":{"index":"index","follow":"follow","max-snippet":"max-snippet:-1","max-image-preview":"max-image-preview:large","max-video-preview":"max-video-preview:-1"},"canonical":"https:\/\/chiptuningmarket.com\/pl\/shop\/urzadzenia-diagnostyczne-pl-pl\/osobowe-urzadzenia-diagnostyczne-pl\/urzadzenia-diagnostyczne-launch\/launch-immo-elite-xprog\/","og_locale":"pl_PL","og_type":"article","og_title":"LAUNCH X431 IMMO ELITE+XPROG - Chiptuningmarket","og_description":"LAUNCH X431 IMMO ELITE+XPROG - to kompleksowe rozwi\u0105zanie diagnostyczne i programuj\u0105ce, immobilizer\u00f3w oraz programowania kluczy..","og_url":"https:\/\/chiptuningmarket.com\/pl\/shop\/urzadzenia-diagnostyczne-pl-pl\/osobowe-urzadzenia-diagnostyczne-pl\/urzadzenia-diagnostyczne-launch\/launch-immo-elite-xprog\/","og_site_name":"Chiptuningmarket","article_modified_time":"2025-03-19T14:41:29+00:00","og_image":[{"width":1020,"height":888,"url":"https:\/\/chiptuningmarket.com\/wp-content\/uploads\/2025\/03\/LAUNCH-X431-IMMO-ELITE.jpeg","type":"image\/jpeg"}],"twitter_card":"summary_large_image","twitter_misc":{"Szacowany czas czytania":"4 minuty"},"schema":{"@context":"https:\/\/schema.org","@graph":[{"@type":"WebPage","@id":"https:\/\/chiptuningmarket.com\/pl\/shop\/urzadzenia-diagnostyczne-pl-pl\/osobowe-urzadzenia-diagnostyczne-pl\/urzadzenia-diagnostyczne-launch\/launch-immo-elite-xprog\/","url":"https:\/\/chiptuningmarket.com\/pl\/shop\/urzadzenia-diagnostyczne-pl-pl\/osobowe-urzadzenia-diagnostyczne-pl\/urzadzenia-diagnostyczne-launch\/launch-immo-elite-xprog\/","name":"LAUNCH X431 IMMO ELITE+XPROG - Chiptuningmarket","isPartOf":{"@id":"https:\/\/chiptuningmarket.com\/ru\/#website"},"primaryImageOfPage":{"@id":"https:\/\/chiptuningmarket.com\/pl\/shop\/urzadzenia-diagnostyczne-pl-pl\/osobowe-urzadzenia-diagnostyczne-pl\/urzadzenia-diagnostyczne-launch\/launch-immo-elite-xprog\/#primaryimage"},"image":{"@id":"https:\/\/chiptuningmarket.com\/pl\/shop\/urzadzenia-diagnostyczne-pl-pl\/osobowe-urzadzenia-diagnostyczne-pl\/urzadzenia-diagnostyczne-launch\/launch-immo-elite-xprog\/#primaryimage"},"thumbnailUrl":"https:\/\/chiptuningmarket.com\/wp-content\/uploads\/2025\/03\/LAUNCH-X431-IMMO-ELITE.jpeg","datePublished":"2025-03-14T11:09:59+00:00","dateModified":"2025-03-19T14:41:29+00:00","description":"LAUNCH X431 IMMO ELITE+XPROG - to kompleksowe rozwi\u0105zanie diagnostyczne i programuj\u0105ce, immobilizer\u00f3w oraz programowania kluczy..","breadcrumb":{"@id":"https:\/\/chiptuningmarket.com\/pl\/shop\/urzadzenia-diagnostyczne-pl-pl\/osobowe-urzadzenia-diagnostyczne-pl\/urzadzenia-diagnostyczne-launch\/launch-immo-elite-xprog\/#breadcrumb"},"inLanguage":"pl-PL","potentialAction":[{"@type":"ReadAction","target":["https:\/\/chiptuningmarket.com\/pl\/shop\/urzadzenia-diagnostyczne-pl-pl\/osobowe-urzadzenia-diagnostyczne-pl\/urzadzenia-diagnostyczne-launch\/launch-immo-elite-xprog\/"]}]},{"@type":"ImageObject","inLanguage":"pl-PL","@id":"https:\/\/chiptuningmarket.com\/pl\/shop\/urzadzenia-diagnostyczne-pl-pl\/osobowe-urzadzenia-diagnostyczne-pl\/urzadzenia-diagnostyczne-launch\/launch-immo-elite-xprog\/#primaryimage","url":"https:\/\/chiptuningmarket.com\/wp-content\/uploads\/2025\/03\/LAUNCH-X431-IMMO-ELITE.jpeg","contentUrl":"https:\/\/chiptuningmarket.com\/wp-content\/uploads\/2025\/03\/LAUNCH-X431-IMMO-ELITE.jpeg","width":1020,"height":888,"caption":"LAUNCH X431 IMMO ELITE+XPROG"},{"@type":"BreadcrumbList","@id":"https:\/\/chiptuningmarket.com\/pl\/shop\/urzadzenia-diagnostyczne-pl-pl\/osobowe-urzadzenia-diagnostyczne-pl\/urzadzenia-diagnostyczne-launch\/launch-immo-elite-xprog\/#breadcrumb","itemListElement":[{"@type":"ListItem","position":1,"name":"Home","item":"https:\/\/chiptuningmarket.com\/pl\/"},{"@type":"ListItem","position":2,"name":"Sklep","item":"https:\/\/chiptuningmarket.com\/pl\/shop\/"},{"@type":"ListItem","position":3,"name":"LAUNCH X431 IMMO ELITE+XPROG"}]},{"@type":"WebSite","@id":"https:\/\/chiptuningmarket.com\/ru\/#website","url":"https:\/\/chiptuningmarket.com\/ru\/","name":"Chiptuningmarket","description":"Biggest chiptuning shop in Europe","publisher":{"@id":"https:\/\/chiptuningmarket.com\/ru\/#organization"},"alternateName":"Worldwide ecu tools supplier","potentialAction":[{"@type":"SearchAction","target":{"@type":"EntryPoint","urlTemplate":"https:\/\/chiptuningmarket.com\/ru\/?s={search_term_string}"},"query-input":{"@type":"PropertyValueSpecification","valueRequired":true,"valueName":"search_term_string"}}],"inLanguage":"pl-PL"},{"@type":"Organization","@id":"https:\/\/chiptuningmarket.com\/ru\/#organization","name":"Chiptuningmarket","alternateName":"Chiptuning tools supplier","url":"https:\/\/chiptuningmarket.com\/ru\/","logo":{"@type":"ImageObject","inLanguage":"pl-PL","@id":"https:\/\/chiptuningmarket.com\/ru\/#\/schema\/logo\/image\/","url":"https:\/\/chiptuningmarket.com\/wp-content\/uploads\/2023\/05\/logo-ChipTuningMarket-social.png","contentUrl":"https:\/\/chiptuningmarket.com\/wp-content\/uploads\/2023\/05\/logo-ChipTuningMarket-social.png","width":512,"height":512,"caption":"Chiptuningmarket"},"image":{"@id":"https:\/\/chiptuningmarket.com\/ru\/#\/schema\/logo\/image\/"}}]}},"_links":{"self":[{"href":"https:\/\/chiptuningmarket.com\/pl\/wp-json\/wp\/v2\/product\/35413","targetHints":{"allow":["GET"]}}],"collection":[{"href":"https:\/\/chiptuningmarket.com\/pl\/wp-json\/wp\/v2\/product"}],"about":[{"href":"https:\/\/chiptuningmarket.com\/pl\/wp-json\/wp\/v2\/types\/product"}],"wp:featuredmedia":[{"embeddable":true,"href":"https:\/\/chiptuningmarket.com\/pl\/wp-json\/wp\/v2\/media\/35415"}],"wp:attachment":[{"href":"https:\/\/chiptuningmarket.com\/pl\/wp-json\/wp\/v2\/media?parent=35413"}],"wp:term":[{"taxonomy":"product_brand","embeddable":true,"href":"https:\/\/chiptuningmarket.com\/pl\/wp-json\/wp\/v2\/product_brand?post=35413"},{"taxonomy":"product_cat","embeddable":true,"href":"https:\/\/chiptuningmarket.com\/pl\/wp-json\/wp\/v2\/product_cat?post=35413"},{"taxonomy":"product_tag","embeddable":true,"href":"https:\/\/chiptuningmarket.com\/pl\/wp-json\/wp\/v2\/product_tag?post=35413"}],"curies":[{"name":"wp","href":"https:\/\/api.w.org\/{rel}","templated":true}]}}