{"id":35502,"date":"2025-03-17T15:59:29","date_gmt":"2025-03-17T14:59:29","guid":{"rendered":"https:\/\/chiptuningmarket.com\/?post_type=product&#038;p=35502"},"modified":"2025-05-28T11:00:54","modified_gmt":"2025-05-28T10:00:54","slug":"launch-x431-pro3-apex","status":"publish","type":"product","link":"https:\/\/chiptuningmarket.com\/pl\/shop\/urzadzenia-diagnostyczne-pl-pl\/osobowe-urzadzenia-diagnostyczne-pl\/urzadzenia-diagnostyczne-launch\/launch-x431-pro3-apex\/","title":{"rendered":"LAUNCH X431 PRO3 APEX"},"content":{"rendered":"<h3 class=\"product_title entry-title elementor-heading-title elementor-size-default\" style=\"text-align: center\">LAUNCH X431 PRO3 APEX<\/h3>\n<p><strong>LAUNCH X431 PRO3 APEX<\/strong> to profesjonalny tester diagnostyczny, kt\u00f3ry obs\u0142uguje ponad 150 marek samochod\u00f3w. Umo\u017cliwia diagnostyk\u0119 system\u00f3w silnika, ABS, SRS, klimatyzacji, transmisji i innych. Dzi\u0119ki intuicyjnemu interfejsowi, funkcji diagnostyki w czasie rzeczywistym oraz regularnym aktualizacjom online, jest niezawodnym narz\u0119dziem dla warsztat\u00f3w i mechanik\u00f3w. Idealny wyb\u00f3r do szybkiej i precyzyjnej diagnostyki pojazd\u00f3w.<\/p>\n<p style=\"text-align: center\"><strong>2 lata darmowej aktualizacji w cenie!<\/strong><\/p>\n<p style=\"text-align: center\"><a href=\"https:\/\/chiptuningmarket.com\/wp-content\/uploads\/2025\/03\/163bac1e40589f34bfe1b235fefa.jpeg\"><img decoding=\"async\" class=\"size-full wp-image-35507 aligncenter\" src=\"https:\/\/chiptuningmarket.com\/wp-content\/uploads\/2025\/03\/163bac1e40589f34bfe1b235fefa.jpeg\" alt=\"\" width=\"642\" height=\"475\" srcset=\"https:\/\/chiptuningmarket.com\/wp-content\/uploads\/2025\/03\/163bac1e40589f34bfe1b235fefa.jpeg 642w, https:\/\/chiptuningmarket.com\/wp-content\/uploads\/2025\/03\/163bac1e40589f34bfe1b235fefa-300x222.jpeg 300w, https:\/\/chiptuningmarket.com\/wp-content\/uploads\/2025\/03\/163bac1e40589f34bfe1b235fefa-600x444.jpeg 600w\" sizes=\"(max-width: 642px) 100vw, 642px\" \/><\/a><\/p>\n<p>&nbsp;<\/p>\n<div class=\"elementor-element elementor-element-16fb5af0 elementor-widget elementor-widget-heading\" data-id=\"16fb5af0\" data-element_type=\"widget\" data-widget_type=\"heading.default\">\n<div class=\"elementor-widget-container\">\n<h3 class=\"elementor-heading-title elementor-size-default fusion-responsive-typography-calculated\" data-fontsize=\"17\" data-lineheight=\"23.97px\">Mo\u017cliwo\u015bci Diagnoskopu:<\/h3>\n<p>&nbsp;<\/p>\n<\/div>\n<\/div>\n<div class=\"elementor-element elementor-element-6128a6d elementor-widget elementor-widget-text-editor\" data-id=\"6128a6d\" data-element_type=\"widget\" data-widget_type=\"text-editor.default\">\n<div class=\"elementor-widget-container\">\n<ul>\n<li>odczyt kod\u00f3w usterek<\/li>\n<li>kasowanie kod\u00f3w usterek<\/li>\n<li>podgl\u0105d parametr\u00f3w rzeczywistych (tak\u017ce w postaci wykres\u00f3w i wska\u017anik\u00f3w: kilka tryb\u00f3w)<\/li>\n<li>kodowanie podzespo\u0142\u00f3w<\/li>\n<li>adaptacje podzespo\u0142\u00f3w (przepustnica, zaw\u00f3r EGR, komputer silnika, itp..)<\/li>\n<li>test element\u00f3w wykonawczych (uruchomienie zaworu EGR, silnika wentylatora, wskaz\u00f3wek licznika, zamk\u00f3w centralnych, itp.)<\/li>\n<li>reset inspekcji serwisowych oraz olejowych<\/li>\n<li>kodowanie wtryskiwaczy<\/li>\n<li>kodowanie kluczyk\u00f3w<\/li>\n<li>pe\u0142na obs\u0142uga filtra cz\u0105stek sta\u0142ych DPF (sprawdzenie poziomu sadzy, reset, regeneracja, adaptacja po wymianie)<\/li>\n<li>pe\u0142na obs\u0142uga elektrycznego hamulca postojowego EPB (cofanie zacisk\u00f3w przy wymianie klock\u00f3w, ustawienie si\u0142y nacisku t\u0142oczk\u00f3w)<\/li>\n<li>automatyczne skanowanie wszystkich modu\u0142\u00f3w pojazdu<\/li>\n<li>odczyt informacji o module steruj\u0105cym<\/li>\n<li>czyszczenie warto\u015bci przyuczonych<\/li>\n<li>odczyt kodu VIN<\/li>\n<li>reset programowania zespo\u0142\u00f3w steruj\u0105cych<\/li>\n<li>odpowietrzanie pompy hamulcowej<\/li>\n<li>kalibracja poziomu<\/li>\n<li>kalibracja czujnika k\u0105ta skr\u0119tu uk\u0142adu kierowniczego<\/li>\n<li>przyuczenie biegu ja\u0142owego<\/li>\n<li>k\u0105t wyprzedzenia zap\u0142onu<\/li>\n<li><b>KODOWANIE, PROGRAMOWANIE ONLINE!!!!!<\/b><\/li>\n<li>oraz wiele innych\u2026<\/li>\n<\/ul>\n<p><a href=\"https:\/\/chiptuningmarket.com\/wp-content\/uploads\/2025\/03\/b96d1d3f4491a983f83b591398aa.jpeg\"><img decoding=\"async\" class=\"size-full wp-image-35510 aligncenter\" src=\"https:\/\/chiptuningmarket.com\/wp-content\/uploads\/2025\/03\/b96d1d3f4491a983f83b591398aa.jpeg\" alt=\"\" width=\"693\" height=\"609\" srcset=\"https:\/\/chiptuningmarket.com\/wp-content\/uploads\/2025\/03\/b96d1d3f4491a983f83b591398aa.jpeg 693w, https:\/\/chiptuningmarket.com\/wp-content\/uploads\/2025\/03\/b96d1d3f4491a983f83b591398aa-300x264.jpeg 300w, https:\/\/chiptuningmarket.com\/wp-content\/uploads\/2025\/03\/b96d1d3f4491a983f83b591398aa-600x527.jpeg 600w\" sizes=\"(max-width: 693px) 100vw, 693px\" \/><\/a><\/p>\n<h3 class=\"\" data-fontsize=\"17\" data-lineheight=\"23.97px\"><b>Modu\u0142y steruj\u0105ce:<\/b><\/h3>\n<ul>\n<li>silnik<\/li>\n<li>uk\u0142ad hamulcowy ABS<\/li>\n<li>poduszki powietrzne<\/li>\n<li>automatyczna skrzynia bieg\u00f3w<\/li>\n<li>modu\u0142 komfortu<\/li>\n<li>elektronika hamulc\u00f3w<\/li>\n<li>kontrola trakcji ESP\/ASR\/EBD<\/li>\n<li>uk\u0142ad ci\u015bnienia w oponach TMPS<\/li>\n<li>klimatyzacja<\/li>\n<li>wspomaganie uk\u0142adu kierowniczego<\/li>\n<li>deska rozdzielcza<\/li>\n<li>nawigacja<\/li>\n<li>system audio<\/li>\n<li>centralny zamek<\/li>\n<li>system antyw\u0142amaniowy<\/li>\n<li>elektronika \u015bwiate\u0142<\/li>\n<li>nap\u0119d 4\u00d74<\/li>\n<li>pami\u0119\u0107 foteli<\/li>\n<li>elektronika drzwi<\/li>\n<li>nawigacja<\/li>\n<li>wspomaganie parkowania<\/li>\n<li>asystent utrzymania pasa ruchu<\/li>\n<li>kamera cofania<\/li>\n<li>tempomat<\/li>\n<li>oraz wiele innych system\u00f3w wyposa\u017cenia pojazdu..<\/li>\n<\/ul>\n<p><a href=\"https:\/\/chiptuningmarket.com\/wp-content\/uploads\/2025\/03\/4ba024944a118aeb3fe1a0638ca1.jpeg\"><img decoding=\"async\" class=\"aligncenter wp-image-35504\" src=\"https:\/\/chiptuningmarket.com\/wp-content\/uploads\/2025\/03\/4ba024944a118aeb3fe1a0638ca1.jpeg\" alt=\"\" width=\"578\" height=\"720\" srcset=\"https:\/\/chiptuningmarket.com\/wp-content\/uploads\/2025\/03\/4ba024944a118aeb3fe1a0638ca1.jpeg 519w, https:\/\/chiptuningmarket.com\/wp-content\/uploads\/2025\/03\/4ba024944a118aeb3fe1a0638ca1-241x300.jpeg 241w\" sizes=\"(max-width: 578px) 100vw, 578px\" \/><\/a><\/p>\n<p>&nbsp;<\/p>\n<h3>Dane techniczne:<\/h3>\n<ul>\n<li data-start=\"52\" data-end=\"101\"><strong data-start=\"54\" data-end=\"63\">Ekran<\/strong>: 10,1-calowy dotykowy wy\u015bwietlacz HD<\/li>\n<li data-start=\"102\" data-end=\"138\"><strong data-start=\"104\" data-end=\"125\">System operacyjny<\/strong>: Android<\/li>\n<li data-start=\"139\" data-end=\"175\"><strong data-start=\"141\" data-end=\"153\">Procesor<\/strong>: O\u015bmiordzeniowy<\/li>\n<li data-start=\"176\" data-end=\"210\"><strong data-start=\"178\" data-end=\"188\">Pami\u0119\u0107<\/strong>: 4 GB RAM \/ 64 GB ROM<\/li>\n<li data-start=\"211\" data-end=\"266\"><strong data-start=\"213\" data-end=\"224\">Bateria<\/strong>: 7000 mAh, zapewniaj\u0105ca d\u0142ugotrwa\u0142\u0105 prac\u0119<\/li>\n<li data-start=\"267\" data-end=\"304\"><strong data-start=\"269\" data-end=\"281\">\u0141\u0105czno\u015b\u0107<\/strong>: Wi-Fi, Bluetooth, USB<\/li>\n<li data-start=\"305\" data-end=\"369\"><strong data-start=\"307\" data-end=\"331\">Zasi\u0119g diagnostyczny<\/strong>: Obs\u0142uguje ponad 150 marek samochod\u00f3w<\/li>\n<li data-start=\"370\" data-end=\"483\"><strong data-start=\"372\" data-end=\"387\">Diagnostyka<\/strong>: Pe\u0142na diagnostyka silnika, ABS, SRS, transmisji, klimatyzacji, system\u00f3w elektrycznych i innych<\/li>\n<li data-start=\"534\" data-end=\"657\"><strong data-start=\"536\" data-end=\"573\">Diagnostyka w czasie rzeczywistym<\/strong>: Odczyt i kasowanie kod\u00f3w b\u0142\u0119d\u00f3w, testy aktywacyjne, funkcje kalibracji i adaptacji<\/li>\n<li data-start=\"658\" data-end=\"718\"><strong data-start=\"660\" data-end=\"679\">Wieloj\u0119zyczno\u015b\u0107<\/strong>: Obs\u0142uguje wiele j\u0119zyk\u00f3w, w tym polski<\/li>\n<li data-start=\"719\" data-end=\"751\"><strong data-start=\"721\" data-end=\"732\">Wymiary<\/strong>: 263 x 160 x 25 mm<\/li>\n<li data-start=\"752\" data-end=\"770\"><strong data-start=\"754\" data-end=\"762\">Waga<\/strong>: 0,9 kg<\/li>\n<\/ul>\n<p><a href=\"https:\/\/chiptuningmarket.com\/wp-content\/uploads\/2025\/03\/APEX.png\"><img decoding=\"async\" class=\"aligncenter wp-image-35528\" src=\"https:\/\/chiptuningmarket.com\/wp-content\/uploads\/2025\/03\/APEX-1024x871.png\" alt=\"\" width=\"600\" height=\"510\" srcset=\"https:\/\/chiptuningmarket.com\/wp-content\/uploads\/2025\/03\/APEX-1024x871.png 1024w, https:\/\/chiptuningmarket.com\/wp-content\/uploads\/2025\/03\/APEX-300x255.png 300w, https:\/\/chiptuningmarket.com\/wp-content\/uploads\/2025\/03\/APEX-768x653.png 768w, https:\/\/chiptuningmarket.com\/wp-content\/uploads\/2025\/03\/APEX-600x510.png 600w, https:\/\/chiptuningmarket.com\/wp-content\/uploads\/2025\/03\/APEX.png 1072w\" sizes=\"(max-width: 600px) 100vw, 600px\" \/><\/a><\/p>\n<h3 class=\"fusion-responsive-typography-calculated\" data-fontsize=\"17\" data-lineheight=\"23.97px\"><b>W sk\u0142ad zestawu wchodzi:<\/b><\/h3>\n<ul>\n<li>Diagnoskop <strong>LAUNCHX-431 PRO3 APEX<\/strong> w testerze po pierwszej rejestracji zostanie automatycznie odblokowana 2 letnia aktualizacja (karta aktualizacji jest tylko informacyjnie 2 lata aktualizacji )<\/li>\n<li>Walizka z przegrodami<\/li>\n<li>Bezprzewodowa g\u0142owica diagnostyczna<\/li>\n<li>Przed\u0142u\u017cka OBDII<\/li>\n<li>\u0141adowarka sieciowa<\/li>\n<li>Certyfikat do rejestracji i pobierania aktualizacji diagnoskopu<\/li>\n<li>Przew\u00f3d zasilaj\u0105cy z klem oraz zapalniczki<\/li>\n<li>3 szt. d\u0142ugopis\u00f3w do ekran\u00f3w dotykowych<\/li>\n<li>Karta gwarancyjna<\/li>\n<\/ul>\n<p><b>Tester wyposa\u017cony jest w z\u0142\u0105cze OBDII, oraz zestaw adapter\u00f3w OBDI s\u0142u\u017c\u0105cych do diagnostyki starszych pojazd\u00f3w:<\/b><\/p>\n<ul>\n<li>Mercedes 38-pin,<\/li>\n<li>BMW 20-pin,<\/li>\n<li>Honda 3-pin,<\/li>\n<li>Kia 20-pin,<\/li>\n<li>Mazda 17-pin,<\/li>\n<li>Vag 2+2-pin,<\/li>\n<li>Toyota 17-pin,<\/li>\n<li>Toyota 22-pin,<\/li>\n<li>Mitsubishi 12+16-pin<\/li>\n<li>GM\/Daewoo 12-pin<\/li>\n<li>Nissan 14-pin<\/li>\n<li>Fiat 3-pin<\/li>\n<li>PSA 2-pin<\/li>\n<li>i inne\u2026<\/li>\n<\/ul>\n<p><a href=\"https:\/\/chiptuningmarket.com\/wp-content\/uploads\/2025\/03\/LAUNCH-X431-PRO3-APEX-2-walizki-NOWY-MODEL-23r-JPL-Marka-Launch.jpg\"><img decoding=\"async\" class=\"size-full wp-image-35522 aligncenter\" src=\"https:\/\/chiptuningmarket.com\/wp-content\/uploads\/2025\/03\/LAUNCH-X431-PRO3-APEX-2-walizki-NOWY-MODEL-23r-JPL-Marka-Launch.jpg\" alt=\"\" width=\"718\" height=\"720\" srcset=\"https:\/\/chiptuningmarket.com\/wp-content\/uploads\/2025\/03\/LAUNCH-X431-PRO3-APEX-2-walizki-NOWY-MODEL-23r-JPL-Marka-Launch.jpg 718w, https:\/\/chiptuningmarket.com\/wp-content\/uploads\/2025\/03\/LAUNCH-X431-PRO3-APEX-2-walizki-NOWY-MODEL-23r-JPL-Marka-Launch-300x300.jpg 300w, https:\/\/chiptuningmarket.com\/wp-content\/uploads\/2025\/03\/LAUNCH-X431-PRO3-APEX-2-walizki-NOWY-MODEL-23r-JPL-Marka-Launch-150x150.jpg 150w, https:\/\/chiptuningmarket.com\/wp-content\/uploads\/2025\/03\/LAUNCH-X431-PRO3-APEX-2-walizki-NOWY-MODEL-23r-JPL-Marka-Launch-600x602.jpg 600w, https:\/\/chiptuningmarket.com\/wp-content\/uploads\/2025\/03\/LAUNCH-X431-PRO3-APEX-2-walizki-NOWY-MODEL-23r-JPL-Marka-Launch-100x100.jpg 100w\" sizes=\"(max-width: 718px) 100vw, 718px\" \/><\/a><\/p>\n<\/div>\n<\/div>\n<p>&nbsp;<\/p>\n<p>&nbsp;<\/p>\n<p>W ofercie r\u00f3wnie\u017c:<\/p>\n<p><a style=\"color: blue\" href=\"https:\/\/chiptuningmarket.com\/pl\/shop\/urzadzenia-diagnostyczne-pl-pl\/osobowe-urzadzenia-diagnostyczne-pl\/urzadzenia-diagnostyczne-launch\/launch-x431-pro-5\/\">Launch X431 PRO5<\/a><\/p>\n<p><a style=\"color: blue\" href=\"https:\/\/chiptuningmarket.com\/pl\/shop\/urzadzenia-diagnostyczne-pl-pl\/osobowe-urzadzenia-diagnostyczne-pl\/urzadzenia-diagnostyczne-autel\/autel-maxisys-ms908s3\/\">AUTEL MaxiSys MS908S3<\/a><\/p>\n","protected":false},"excerpt":{"rendered":"<p>LAUNCH X431 APEX to profesjonalny tester diagnostyczny, kt\u00f3ry obs\u0142uguje ponad 150 marek samochod\u00f3w. Umo\u017cliwia diagnostyk\u0119 system\u00f3w silnika, ABS, SRS, klimatyzacji, transmisji i innych. Dzi\u0119ki intuicyjnemu interfejsowi, funkcji diagnostyki w czasie rzeczywistym oraz regularnym aktualizacjom online, jest niezawodnym narz\u0119dziem dla warsztat\u00f3w i mechanik\u00f3w. Idealny wyb\u00f3r do szybkiej i precyzyjnej diagnostyki pojazd\u00f3w.<\/p>\n","protected":false},"featured_media":35519,"template":"","meta":{"_monsterinsights_skip_tracking":false,"_monsterinsights_sitenote_active":false,"_monsterinsights_sitenote_note":"","_monsterinsights_sitenote_category":0},"product_brand":[],"product_cat":[5059,5259,5684],"product_tag":[6917,7013,2693,6998,7006,3005,7012],"class_list":{"0":"post-35502","1":"product","2":"type-product","3":"status-publish","4":"has-post-thumbnail","6":"product_cat-urzadzenia-diagnostyczne-pl-pl","7":"product_cat-osobowe-urzadzenia-diagnostyczne-pl","8":"product_cat-urzadzenia-diagnostyczne-launch","9":"product_tag-android","10":"product_tag-apex","11":"product_tag-diagnoskop-pl","12":"product_tag-launch-pl-2","13":"product_tag-launch-x431","14":"product_tag-tester-diagnostyczny","15":"product_tag-x431-pro3-apex","17":"first","18":"onbackorder","19":"sale","20":"taxable","21":"shipping-taxable","22":"purchasable","23":"product-type-simple"},"yoast_head":"<!-- This site is optimized with the Yoast SEO plugin v25.2 - https:\/\/yoast.com\/wordpress\/plugins\/seo\/ -->\n<title>LAUNCH X431 PRO3 APEX - Chiptuningmarket<\/title>\n<meta name=\"description\" content=\"LAUNCH X431 PRO3 APEX to profesjonalny tester diagnostyczny, kt\u00f3ry obs\u0142uguje ponad 150 marek samochod\u00f3w. Umo\u017cliwia diagnostyk\u0119 system\u00f3w silnika, ABS..\" \/>\n<meta name=\"robots\" content=\"index, follow, max-snippet:-1, max-image-preview:large, max-video-preview:-1\" \/>\n<link rel=\"canonical\" href=\"https:\/\/chiptuningmarket.com\/pl\/shop\/urzadzenia-diagnostyczne-pl-pl\/osobowe-urzadzenia-diagnostyczne-pl\/urzadzenia-diagnostyczne-launch\/launch-x431-pro3-apex\/\" \/>\n<meta property=\"og:locale\" content=\"pl_PL\" \/>\n<meta property=\"og:type\" content=\"article\" \/>\n<meta property=\"og:title\" content=\"LAUNCH X431 PRO3 APEX - Chiptuningmarket\" \/>\n<meta property=\"og:description\" content=\"LAUNCH X431 PRO3 APEX to profesjonalny tester diagnostyczny, kt\u00f3ry obs\u0142uguje ponad 150 marek samochod\u00f3w. Umo\u017cliwia diagnostyk\u0119 system\u00f3w silnika, ABS..\" \/>\n<meta property=\"og:url\" content=\"https:\/\/chiptuningmarket.com\/pl\/shop\/urzadzenia-diagnostyczne-pl-pl\/osobowe-urzadzenia-diagnostyczne-pl\/urzadzenia-diagnostyczne-launch\/launch-x431-pro3-apex\/\" \/>\n<meta property=\"og:site_name\" content=\"Chiptuningmarket\" \/>\n<meta property=\"article:modified_time\" content=\"2025-05-28T10:00:54+00:00\" \/>\n<meta property=\"og:image\" content=\"https:\/\/chiptuningmarket.com\/wp-content\/uploads\/2025\/03\/LAUNCH-X431-PRO3-APEX-2-walizki-NOWY-MODEL-23r-JPL-Kod-producenta-LAUNCH-X-431-PRO3-APEX.jpeg\" \/>\n\t<meta property=\"og:image:width\" content=\"662\" \/>\n\t<meta property=\"og:image:height\" content=\"653\" \/>\n\t<meta property=\"og:image:type\" content=\"image\/jpeg\" \/>\n<meta name=\"twitter:card\" content=\"summary_large_image\" \/>\n<meta name=\"twitter:label1\" content=\"Szacowany czas czytania\" \/>\n\t<meta name=\"twitter:data1\" content=\"4 minuty\" \/>\n<script type=\"application\/ld+json\" class=\"yoast-schema-graph\">{\"@context\":\"https:\/\/schema.org\",\"@graph\":[{\"@type\":\"WebPage\",\"@id\":\"https:\/\/chiptuningmarket.com\/pl\/shop\/urzadzenia-diagnostyczne-pl-pl\/osobowe-urzadzenia-diagnostyczne-pl\/urzadzenia-diagnostyczne-launch\/launch-x431-pro3-apex\/\",\"url\":\"https:\/\/chiptuningmarket.com\/pl\/shop\/urzadzenia-diagnostyczne-pl-pl\/osobowe-urzadzenia-diagnostyczne-pl\/urzadzenia-diagnostyczne-launch\/launch-x431-pro3-apex\/\",\"name\":\"LAUNCH X431 PRO3 APEX - Chiptuningmarket\",\"isPartOf\":{\"@id\":\"https:\/\/chiptuningmarket.com\/ru\/#website\"},\"primaryImageOfPage\":{\"@id\":\"https:\/\/chiptuningmarket.com\/pl\/shop\/urzadzenia-diagnostyczne-pl-pl\/osobowe-urzadzenia-diagnostyczne-pl\/urzadzenia-diagnostyczne-launch\/launch-x431-pro3-apex\/#primaryimage\"},\"image\":{\"@id\":\"https:\/\/chiptuningmarket.com\/pl\/shop\/urzadzenia-diagnostyczne-pl-pl\/osobowe-urzadzenia-diagnostyczne-pl\/urzadzenia-diagnostyczne-launch\/launch-x431-pro3-apex\/#primaryimage\"},\"thumbnailUrl\":\"https:\/\/chiptuningmarket.com\/wp-content\/uploads\/2025\/03\/LAUNCH-X431-PRO3-APEX-2-walizki-NOWY-MODEL-23r-JPL-Kod-producenta-LAUNCH-X-431-PRO3-APEX.jpeg\",\"datePublished\":\"2025-03-17T14:59:29+00:00\",\"dateModified\":\"2025-05-28T10:00:54+00:00\",\"description\":\"LAUNCH X431 PRO3 APEX to profesjonalny tester diagnostyczny, kt\u00f3ry obs\u0142uguje ponad 150 marek samochod\u00f3w. Umo\u017cliwia diagnostyk\u0119 system\u00f3w silnika, ABS..\",\"breadcrumb\":{\"@id\":\"https:\/\/chiptuningmarket.com\/pl\/shop\/urzadzenia-diagnostyczne-pl-pl\/osobowe-urzadzenia-diagnostyczne-pl\/urzadzenia-diagnostyczne-launch\/launch-x431-pro3-apex\/#breadcrumb\"},\"inLanguage\":\"pl-PL\",\"potentialAction\":[{\"@type\":\"ReadAction\",\"target\":[\"https:\/\/chiptuningmarket.com\/pl\/shop\/urzadzenia-diagnostyczne-pl-pl\/osobowe-urzadzenia-diagnostyczne-pl\/urzadzenia-diagnostyczne-launch\/launch-x431-pro3-apex\/\"]}]},{\"@type\":\"ImageObject\",\"inLanguage\":\"pl-PL\",\"@id\":\"https:\/\/chiptuningmarket.com\/pl\/shop\/urzadzenia-diagnostyczne-pl-pl\/osobowe-urzadzenia-diagnostyczne-pl\/urzadzenia-diagnostyczne-launch\/launch-x431-pro3-apex\/#primaryimage\",\"url\":\"https:\/\/chiptuningmarket.com\/wp-content\/uploads\/2025\/03\/LAUNCH-X431-PRO3-APEX-2-walizki-NOWY-MODEL-23r-JPL-Kod-producenta-LAUNCH-X-431-PRO3-APEX.jpeg\",\"contentUrl\":\"https:\/\/chiptuningmarket.com\/wp-content\/uploads\/2025\/03\/LAUNCH-X431-PRO3-APEX-2-walizki-NOWY-MODEL-23r-JPL-Kod-producenta-LAUNCH-X-431-PRO3-APEX.jpeg\",\"width\":662,\"height\":653,\"caption\":\"LAUNCH X431 PRO3 APEX\"},{\"@type\":\"BreadcrumbList\",\"@id\":\"https:\/\/chiptuningmarket.com\/pl\/shop\/urzadzenia-diagnostyczne-pl-pl\/osobowe-urzadzenia-diagnostyczne-pl\/urzadzenia-diagnostyczne-launch\/launch-x431-pro3-apex\/#breadcrumb\",\"itemListElement\":[{\"@type\":\"ListItem\",\"position\":1,\"name\":\"Home\",\"item\":\"https:\/\/chiptuningmarket.com\/pl\/\"},{\"@type\":\"ListItem\",\"position\":2,\"name\":\"Sklep\",\"item\":\"https:\/\/chiptuningmarket.com\/pl\/shop\/\"},{\"@type\":\"ListItem\",\"position\":3,\"name\":\"LAUNCH X431 PRO3 APEX\"}]},{\"@type\":\"WebSite\",\"@id\":\"https:\/\/chiptuningmarket.com\/ru\/#website\",\"url\":\"https:\/\/chiptuningmarket.com\/ru\/\",\"name\":\"Chiptuningmarket\",\"description\":\"Biggest chiptuning shop in Europe\",\"publisher\":{\"@id\":\"https:\/\/chiptuningmarket.com\/ru\/#organization\"},\"alternateName\":\"Worldwide ecu tools supplier\",\"potentialAction\":[{\"@type\":\"SearchAction\",\"target\":{\"@type\":\"EntryPoint\",\"urlTemplate\":\"https:\/\/chiptuningmarket.com\/ru\/?s={search_term_string}\"},\"query-input\":{\"@type\":\"PropertyValueSpecification\",\"valueRequired\":true,\"valueName\":\"search_term_string\"}}],\"inLanguage\":\"pl-PL\"},{\"@type\":\"Organization\",\"@id\":\"https:\/\/chiptuningmarket.com\/ru\/#organization\",\"name\":\"Chiptuningmarket\",\"alternateName\":\"Chiptuning tools supplier\",\"url\":\"https:\/\/chiptuningmarket.com\/ru\/\",\"logo\":{\"@type\":\"ImageObject\",\"inLanguage\":\"pl-PL\",\"@id\":\"https:\/\/chiptuningmarket.com\/ru\/#\/schema\/logo\/image\/\",\"url\":\"https:\/\/chiptuningmarket.com\/wp-content\/uploads\/2023\/05\/logo-ChipTuningMarket-social.png\",\"contentUrl\":\"https:\/\/chiptuningmarket.com\/wp-content\/uploads\/2023\/05\/logo-ChipTuningMarket-social.png\",\"width\":512,\"height\":512,\"caption\":\"Chiptuningmarket\"},\"image\":{\"@id\":\"https:\/\/chiptuningmarket.com\/ru\/#\/schema\/logo\/image\/\"}}]}<\/script>\n<!-- \/ Yoast SEO plugin. -->","yoast_head_json":{"title":"LAUNCH X431 PRO3 APEX - Chiptuningmarket","description":"LAUNCH X431 PRO3 APEX to profesjonalny tester diagnostyczny, kt\u00f3ry obs\u0142uguje ponad 150 marek samochod\u00f3w. Umo\u017cliwia diagnostyk\u0119 system\u00f3w silnika, ABS..","robots":{"index":"index","follow":"follow","max-snippet":"max-snippet:-1","max-image-preview":"max-image-preview:large","max-video-preview":"max-video-preview:-1"},"canonical":"https:\/\/chiptuningmarket.com\/pl\/shop\/urzadzenia-diagnostyczne-pl-pl\/osobowe-urzadzenia-diagnostyczne-pl\/urzadzenia-diagnostyczne-launch\/launch-x431-pro3-apex\/","og_locale":"pl_PL","og_type":"article","og_title":"LAUNCH X431 PRO3 APEX - Chiptuningmarket","og_description":"LAUNCH X431 PRO3 APEX to profesjonalny tester diagnostyczny, kt\u00f3ry obs\u0142uguje ponad 150 marek samochod\u00f3w. Umo\u017cliwia diagnostyk\u0119 system\u00f3w silnika, ABS..","og_url":"https:\/\/chiptuningmarket.com\/pl\/shop\/urzadzenia-diagnostyczne-pl-pl\/osobowe-urzadzenia-diagnostyczne-pl\/urzadzenia-diagnostyczne-launch\/launch-x431-pro3-apex\/","og_site_name":"Chiptuningmarket","article_modified_time":"2025-05-28T10:00:54+00:00","og_image":[{"width":662,"height":653,"url":"https:\/\/chiptuningmarket.com\/wp-content\/uploads\/2025\/03\/LAUNCH-X431-PRO3-APEX-2-walizki-NOWY-MODEL-23r-JPL-Kod-producenta-LAUNCH-X-431-PRO3-APEX.jpeg","type":"image\/jpeg"}],"twitter_card":"summary_large_image","twitter_misc":{"Szacowany czas czytania":"4 minuty"},"schema":{"@context":"https:\/\/schema.org","@graph":[{"@type":"WebPage","@id":"https:\/\/chiptuningmarket.com\/pl\/shop\/urzadzenia-diagnostyczne-pl-pl\/osobowe-urzadzenia-diagnostyczne-pl\/urzadzenia-diagnostyczne-launch\/launch-x431-pro3-apex\/","url":"https:\/\/chiptuningmarket.com\/pl\/shop\/urzadzenia-diagnostyczne-pl-pl\/osobowe-urzadzenia-diagnostyczne-pl\/urzadzenia-diagnostyczne-launch\/launch-x431-pro3-apex\/","name":"LAUNCH X431 PRO3 APEX - Chiptuningmarket","isPartOf":{"@id":"https:\/\/chiptuningmarket.com\/ru\/#website"},"primaryImageOfPage":{"@id":"https:\/\/chiptuningmarket.com\/pl\/shop\/urzadzenia-diagnostyczne-pl-pl\/osobowe-urzadzenia-diagnostyczne-pl\/urzadzenia-diagnostyczne-launch\/launch-x431-pro3-apex\/#primaryimage"},"image":{"@id":"https:\/\/chiptuningmarket.com\/pl\/shop\/urzadzenia-diagnostyczne-pl-pl\/osobowe-urzadzenia-diagnostyczne-pl\/urzadzenia-diagnostyczne-launch\/launch-x431-pro3-apex\/#primaryimage"},"thumbnailUrl":"https:\/\/chiptuningmarket.com\/wp-content\/uploads\/2025\/03\/LAUNCH-X431-PRO3-APEX-2-walizki-NOWY-MODEL-23r-JPL-Kod-producenta-LAUNCH-X-431-PRO3-APEX.jpeg","datePublished":"2025-03-17T14:59:29+00:00","dateModified":"2025-05-28T10:00:54+00:00","description":"LAUNCH X431 PRO3 APEX to profesjonalny tester diagnostyczny, kt\u00f3ry obs\u0142uguje ponad 150 marek samochod\u00f3w. Umo\u017cliwia diagnostyk\u0119 system\u00f3w silnika, ABS..","breadcrumb":{"@id":"https:\/\/chiptuningmarket.com\/pl\/shop\/urzadzenia-diagnostyczne-pl-pl\/osobowe-urzadzenia-diagnostyczne-pl\/urzadzenia-diagnostyczne-launch\/launch-x431-pro3-apex\/#breadcrumb"},"inLanguage":"pl-PL","potentialAction":[{"@type":"ReadAction","target":["https:\/\/chiptuningmarket.com\/pl\/shop\/urzadzenia-diagnostyczne-pl-pl\/osobowe-urzadzenia-diagnostyczne-pl\/urzadzenia-diagnostyczne-launch\/launch-x431-pro3-apex\/"]}]},{"@type":"ImageObject","inLanguage":"pl-PL","@id":"https:\/\/chiptuningmarket.com\/pl\/shop\/urzadzenia-diagnostyczne-pl-pl\/osobowe-urzadzenia-diagnostyczne-pl\/urzadzenia-diagnostyczne-launch\/launch-x431-pro3-apex\/#primaryimage","url":"https:\/\/chiptuningmarket.com\/wp-content\/uploads\/2025\/03\/LAUNCH-X431-PRO3-APEX-2-walizki-NOWY-MODEL-23r-JPL-Kod-producenta-LAUNCH-X-431-PRO3-APEX.jpeg","contentUrl":"https:\/\/chiptuningmarket.com\/wp-content\/uploads\/2025\/03\/LAUNCH-X431-PRO3-APEX-2-walizki-NOWY-MODEL-23r-JPL-Kod-producenta-LAUNCH-X-431-PRO3-APEX.jpeg","width":662,"height":653,"caption":"LAUNCH X431 PRO3 APEX"},{"@type":"BreadcrumbList","@id":"https:\/\/chiptuningmarket.com\/pl\/shop\/urzadzenia-diagnostyczne-pl-pl\/osobowe-urzadzenia-diagnostyczne-pl\/urzadzenia-diagnostyczne-launch\/launch-x431-pro3-apex\/#breadcrumb","itemListElement":[{"@type":"ListItem","position":1,"name":"Home","item":"https:\/\/chiptuningmarket.com\/pl\/"},{"@type":"ListItem","position":2,"name":"Sklep","item":"https:\/\/chiptuningmarket.com\/pl\/shop\/"},{"@type":"ListItem","position":3,"name":"LAUNCH X431 PRO3 APEX"}]},{"@type":"WebSite","@id":"https:\/\/chiptuningmarket.com\/ru\/#website","url":"https:\/\/chiptuningmarket.com\/ru\/","name":"Chiptuningmarket","description":"Biggest chiptuning shop in Europe","publisher":{"@id":"https:\/\/chiptuningmarket.com\/ru\/#organization"},"alternateName":"Worldwide ecu tools supplier","potentialAction":[{"@type":"SearchAction","target":{"@type":"EntryPoint","urlTemplate":"https:\/\/chiptuningmarket.com\/ru\/?s={search_term_string}"},"query-input":{"@type":"PropertyValueSpecification","valueRequired":true,"valueName":"search_term_string"}}],"inLanguage":"pl-PL"},{"@type":"Organization","@id":"https:\/\/chiptuningmarket.com\/ru\/#organization","name":"Chiptuningmarket","alternateName":"Chiptuning tools supplier","url":"https:\/\/chiptuningmarket.com\/ru\/","logo":{"@type":"ImageObject","inLanguage":"pl-PL","@id":"https:\/\/chiptuningmarket.com\/ru\/#\/schema\/logo\/image\/","url":"https:\/\/chiptuningmarket.com\/wp-content\/uploads\/2023\/05\/logo-ChipTuningMarket-social.png","contentUrl":"https:\/\/chiptuningmarket.com\/wp-content\/uploads\/2023\/05\/logo-ChipTuningMarket-social.png","width":512,"height":512,"caption":"Chiptuningmarket"},"image":{"@id":"https:\/\/chiptuningmarket.com\/ru\/#\/schema\/logo\/image\/"}}]}},"_links":{"self":[{"href":"https:\/\/chiptuningmarket.com\/pl\/wp-json\/wp\/v2\/product\/35502","targetHints":{"allow":["GET"]}}],"collection":[{"href":"https:\/\/chiptuningmarket.com\/pl\/wp-json\/wp\/v2\/product"}],"about":[{"href":"https:\/\/chiptuningmarket.com\/pl\/wp-json\/wp\/v2\/types\/product"}],"wp:featuredmedia":[{"embeddable":true,"href":"https:\/\/chiptuningmarket.com\/pl\/wp-json\/wp\/v2\/media\/35519"}],"wp:attachment":[{"href":"https:\/\/chiptuningmarket.com\/pl\/wp-json\/wp\/v2\/media?parent=35502"}],"wp:term":[{"taxonomy":"product_brand","embeddable":true,"href":"https:\/\/chiptuningmarket.com\/pl\/wp-json\/wp\/v2\/product_brand?post=35502"},{"taxonomy":"product_cat","embeddable":true,"href":"https:\/\/chiptuningmarket.com\/pl\/wp-json\/wp\/v2\/product_cat?post=35502"},{"taxonomy":"product_tag","embeddable":true,"href":"https:\/\/chiptuningmarket.com\/pl\/wp-json\/wp\/v2\/product_tag?post=35502"}],"curies":[{"name":"wp","href":"https:\/\/api.w.org\/{rel}","templated":true}]}}