{"id":357315,"date":"2026-01-14T16:50:50","date_gmt":"2026-01-14T15:50:50","guid":{"rendered":"https:\/\/chiptuningmarket.com\/?post_type=product&#038;p=357315"},"modified":"2026-01-14T16:50:53","modified_gmt":"2026-01-14T15:50:53","slug":"przewod-autovei-dc2-obd2-d165120003","status":"publish","type":"product","link":"https:\/\/chiptuningmarket.com\/pl\/shop\/akcesoria-chiptuning-pl\/przewody-autovei-pl\/przewod-autovei-dc2-obd2-d165120003\/","title":{"rendered":"Przew\u00f3d AutoVEI DC2-OBD2 D165120003"},"content":{"rendered":"<p><strong><b>Przew\u00f3d <\/b><\/strong><strong><b>Autovei DC2-OBD2<\/b><\/strong>\u00a0przeznaczony do interfejs\u00f3w diagnostycznych <strong><b>Autovei DC2<\/b><\/strong>, takich jak <strong><b>DirectConnect 2U<\/b><\/strong>. Umo\u017cliwia bezpo\u015brednie zasilanie urz\u0105dzenia z gniazda <strong><b>OBD2 pojazdu<\/b><\/strong>, bez konieczno\u015bci stosowania zewn\u0119trznego zasilacza.<\/p>\n<p>Przew\u00f3d zosta\u0142 zaprojektowany z my\u015bl\u0105 o profesjonalnej diagnostyce oraz programowaniu sterownik\u00f3w <strong><b>ECU<\/b><\/strong>, szczeg\u00f3lnie w pojazdach ci\u0119\u017carowych i u\u017cytkowych<\/p>\n","protected":false},"excerpt":{"rendered":"<p><strong><b>Przew\u00f3d <\/b><\/strong><strong><b>Autovei DC2-OBD2<\/b><\/strong>\u00a0przeznaczony do interfejs\u00f3w diagnostycznych <strong><b>Autovei DC2<\/b><\/strong>, takich jak <strong><b>DirectConnect 2U<\/b><\/strong>. Umo\u017cliwia bezpo\u015brednie zasilanie urz\u0105dzenia z gniazda <strong><b>OBD2 pojazdu<\/b><\/strong>, bez konieczno\u015bci stosowania zewn\u0119trznego zasilacza.<\/p>\n<p>Przew\u00f3d zosta\u0142 zaprojektowany z my\u015bl\u0105 o profesjonalnej diagnostyce oraz programowaniu sterownik\u00f3w <strong><b>ECU<\/b><\/strong>, szczeg\u00f3lnie w pojazdach ci\u0119\u017carowych i u\u017cytkowych<\/p>\n","protected":false},"featured_media":357328,"template":"","meta":{"_monsterinsights_skip_tracking":false,"_monsterinsights_sitenote_active":false,"_monsterinsights_sitenote_note":"","_monsterinsights_sitenote_category":0},"product_brand":[],"product_cat":[5060,5085],"product_tag":[8961,8963,7623,8596,4127,8962,2835,7720],"class_list":{"0":"post-357315","1":"product","2":"type-product","3":"status-publish","4":"has-post-thumbnail","6":"product_cat-akcesoria-chiptuning-pl","7":"product_cat-przewody-autovei-pl","8":"product_tag-autovei-dc2-obd2","9":"product_tag-diagnostyka-ciezarowa","10":"product_tag-diagnostyka-samochodowa","11":"product_tag-directconnect-2u","12":"product_tag-ecu","13":"product_tag-kabel-zasilajacy","14":"product_tag-programming-ecu-pl","15":"product_tag-truck-explorer","17":"first","18":"instock","19":"taxable","20":"shipping-taxable","21":"purchasable","22":"product-type-simple"},"yoast_head":"<!-- This site is optimized with the Yoast SEO plugin v25.2 - https:\/\/yoast.com\/wordpress\/plugins\/seo\/ -->\n<title>Przew\u00f3d AutoVEI DC2-OBD2 D165120003 - Chiptuningmarket<\/title>\n<meta name=\"description\" content=\"Przew\u00f3d Autovei DC2-OBD2\u00a0przeznaczony do interfejs\u00f3w diagnostycznych Autovei DC2, takich jak DirectConnect 2U. Umo\u017cliwia bezpo\u015brednie zasilanie urz\u0105dzenia z gniazda OBD2 pojazdu, bez konieczno\u015bci stosowania zewn\u0119trznego zasilacza.Przew\u00f3d zosta\u0142 zaprojektowany z my\u015bl\u0105 o profesjonalnej diagnostyce oraz programowaniu sterownik\u00f3w ECU, szczeg\u00f3lnie w pojazdach ci\u0119\u017carowych i u\u017cytkowych\" \/>\n<meta name=\"robots\" content=\"index, follow, max-snippet:-1, max-image-preview:large, max-video-preview:-1\" \/>\n<link rel=\"canonical\" href=\"https:\/\/chiptuningmarket.com\/pl\/shop\/akcesoria-chiptuning-pl\/przewody-autovei-pl\/przewod-autovei-dc2-obd2-d165120003\/\" \/>\n<meta property=\"og:locale\" content=\"pl_PL\" \/>\n<meta property=\"og:type\" content=\"article\" \/>\n<meta property=\"og:title\" content=\"Przew\u00f3d AutoVEI DC2-OBD2 D165120003 - Chiptuningmarket\" \/>\n<meta property=\"og:description\" content=\"Przew\u00f3d Autovei DC2-OBD2\u00a0przeznaczony do interfejs\u00f3w diagnostycznych Autovei DC2, takich jak DirectConnect 2U. Umo\u017cliwia bezpo\u015brednie zasilanie urz\u0105dzenia z gniazda OBD2 pojazdu, bez konieczno\u015bci stosowania zewn\u0119trznego zasilacza.Przew\u00f3d zosta\u0142 zaprojektowany z my\u015bl\u0105 o profesjonalnej diagnostyce oraz programowaniu sterownik\u00f3w ECU, szczeg\u00f3lnie w pojazdach ci\u0119\u017carowych i u\u017cytkowych\" \/>\n<meta property=\"og:url\" content=\"https:\/\/chiptuningmarket.com\/pl\/shop\/akcesoria-chiptuning-pl\/przewody-autovei-pl\/przewod-autovei-dc2-obd2-d165120003\/\" \/>\n<meta property=\"og:site_name\" content=\"Chiptuningmarket\" \/>\n<meta property=\"article:modified_time\" content=\"2026-01-14T15:50:53+00:00\" \/>\n<meta property=\"og:image\" content=\"https:\/\/chiptuningmarket.com\/wp-content\/uploads\/2026\/01\/Przewod-AutoVEI-DC2-OBD2-D165120003.jpg\" \/>\n\t<meta property=\"og:image:width\" content=\"800\" \/>\n\t<meta property=\"og:image:height\" content=\"600\" \/>\n\t<meta property=\"og:image:type\" content=\"image\/jpeg\" \/>\n<meta name=\"twitter:card\" content=\"summary_large_image\" \/>\n<meta name=\"twitter:label1\" content=\"Szacowany czas czytania\" \/>\n\t<meta name=\"twitter:data1\" content=\"1 minuta\" \/>\n<script type=\"application\/ld+json\" class=\"yoast-schema-graph\">{\"@context\":\"https:\/\/schema.org\",\"@graph\":[{\"@type\":\"WebPage\",\"@id\":\"https:\/\/chiptuningmarket.com\/pl\/shop\/akcesoria-chiptuning-pl\/przewody-autovei-pl\/przewod-autovei-dc2-obd2-d165120003\/\",\"url\":\"https:\/\/chiptuningmarket.com\/pl\/shop\/akcesoria-chiptuning-pl\/przewody-autovei-pl\/przewod-autovei-dc2-obd2-d165120003\/\",\"name\":\"Przew\u00f3d AutoVEI DC2-OBD2 D165120003 - Chiptuningmarket\",\"isPartOf\":{\"@id\":\"https:\/\/chiptuningmarket.com\/ru\/#website\"},\"primaryImageOfPage\":{\"@id\":\"https:\/\/chiptuningmarket.com\/pl\/shop\/akcesoria-chiptuning-pl\/przewody-autovei-pl\/przewod-autovei-dc2-obd2-d165120003\/#primaryimage\"},\"image\":{\"@id\":\"https:\/\/chiptuningmarket.com\/pl\/shop\/akcesoria-chiptuning-pl\/przewody-autovei-pl\/przewod-autovei-dc2-obd2-d165120003\/#primaryimage\"},\"thumbnailUrl\":\"https:\/\/chiptuningmarket.com\/wp-content\/uploads\/2026\/01\/Przewod-AutoVEI-DC2-OBD2-D165120003.jpg\",\"datePublished\":\"2026-01-14T15:50:50+00:00\",\"dateModified\":\"2026-01-14T15:50:53+00:00\",\"description\":\"Przew\u00f3d Autovei DC2-OBD2\u00a0przeznaczony do interfejs\u00f3w diagnostycznych Autovei DC2, takich jak DirectConnect 2U. Umo\u017cliwia bezpo\u015brednie zasilanie urz\u0105dzenia z gniazda OBD2 pojazdu, bez konieczno\u015bci stosowania zewn\u0119trznego zasilacza.Przew\u00f3d zosta\u0142 zaprojektowany z my\u015bl\u0105 o profesjonalnej diagnostyce oraz programowaniu sterownik\u00f3w ECU, szczeg\u00f3lnie w pojazdach ci\u0119\u017carowych i u\u017cytkowych\",\"breadcrumb\":{\"@id\":\"https:\/\/chiptuningmarket.com\/pl\/shop\/akcesoria-chiptuning-pl\/przewody-autovei-pl\/przewod-autovei-dc2-obd2-d165120003\/#breadcrumb\"},\"inLanguage\":\"pl-PL\",\"potentialAction\":[{\"@type\":\"ReadAction\",\"target\":[\"https:\/\/chiptuningmarket.com\/pl\/shop\/akcesoria-chiptuning-pl\/przewody-autovei-pl\/przewod-autovei-dc2-obd2-d165120003\/\"]}]},{\"@type\":\"ImageObject\",\"inLanguage\":\"pl-PL\",\"@id\":\"https:\/\/chiptuningmarket.com\/pl\/shop\/akcesoria-chiptuning-pl\/przewody-autovei-pl\/przewod-autovei-dc2-obd2-d165120003\/#primaryimage\",\"url\":\"https:\/\/chiptuningmarket.com\/wp-content\/uploads\/2026\/01\/Przewod-AutoVEI-DC2-OBD2-D165120003.jpg\",\"contentUrl\":\"https:\/\/chiptuningmarket.com\/wp-content\/uploads\/2026\/01\/Przewod-AutoVEI-DC2-OBD2-D165120003.jpg\",\"width\":800,\"height\":600},{\"@type\":\"BreadcrumbList\",\"@id\":\"https:\/\/chiptuningmarket.com\/pl\/shop\/akcesoria-chiptuning-pl\/przewody-autovei-pl\/przewod-autovei-dc2-obd2-d165120003\/#breadcrumb\",\"itemListElement\":[{\"@type\":\"ListItem\",\"position\":1,\"name\":\"Home\",\"item\":\"https:\/\/chiptuningmarket.com\/pl\/\"},{\"@type\":\"ListItem\",\"position\":2,\"name\":\"Sklep\",\"item\":\"https:\/\/chiptuningmarket.com\/pl\/shop\/\"},{\"@type\":\"ListItem\",\"position\":3,\"name\":\"Przew\u00f3d AutoVEI DC2-OBD2 D165120003\"}]},{\"@type\":\"WebSite\",\"@id\":\"https:\/\/chiptuningmarket.com\/ru\/#website\",\"url\":\"https:\/\/chiptuningmarket.com\/ru\/\",\"name\":\"Chiptuningmarket\",\"description\":\"Biggest chiptuning shop in Europe\",\"publisher\":{\"@id\":\"https:\/\/chiptuningmarket.com\/ru\/#organization\"},\"alternateName\":\"Worldwide ecu tools supplier\",\"potentialAction\":[{\"@type\":\"SearchAction\",\"target\":{\"@type\":\"EntryPoint\",\"urlTemplate\":\"https:\/\/chiptuningmarket.com\/ru\/?s={search_term_string}\"},\"query-input\":{\"@type\":\"PropertyValueSpecification\",\"valueRequired\":true,\"valueName\":\"search_term_string\"}}],\"inLanguage\":\"pl-PL\"},{\"@type\":\"Organization\",\"@id\":\"https:\/\/chiptuningmarket.com\/ru\/#organization\",\"name\":\"Chiptuningmarket\",\"alternateName\":\"Chiptuning tools supplier\",\"url\":\"https:\/\/chiptuningmarket.com\/ru\/\",\"logo\":{\"@type\":\"ImageObject\",\"inLanguage\":\"pl-PL\",\"@id\":\"https:\/\/chiptuningmarket.com\/ru\/#\/schema\/logo\/image\/\",\"url\":\"https:\/\/chiptuningmarket.com\/wp-content\/uploads\/2023\/05\/logo-ChipTuningMarket-social.png\",\"contentUrl\":\"https:\/\/chiptuningmarket.com\/wp-content\/uploads\/2023\/05\/logo-ChipTuningMarket-social.png\",\"width\":512,\"height\":512,\"caption\":\"Chiptuningmarket\"},\"image\":{\"@id\":\"https:\/\/chiptuningmarket.com\/ru\/#\/schema\/logo\/image\/\"}}]}<\/script>\n<!-- \/ Yoast SEO plugin. -->","yoast_head_json":{"title":"Przew\u00f3d AutoVEI DC2-OBD2 D165120003 - Chiptuningmarket","description":"Przew\u00f3d Autovei DC2-OBD2\u00a0przeznaczony do interfejs\u00f3w diagnostycznych Autovei DC2, takich jak DirectConnect 2U. Umo\u017cliwia bezpo\u015brednie zasilanie urz\u0105dzenia z gniazda OBD2 pojazdu, bez konieczno\u015bci stosowania zewn\u0119trznego zasilacza.Przew\u00f3d zosta\u0142 zaprojektowany z my\u015bl\u0105 o profesjonalnej diagnostyce oraz programowaniu sterownik\u00f3w ECU, szczeg\u00f3lnie w pojazdach ci\u0119\u017carowych i u\u017cytkowych","robots":{"index":"index","follow":"follow","max-snippet":"max-snippet:-1","max-image-preview":"max-image-preview:large","max-video-preview":"max-video-preview:-1"},"canonical":"https:\/\/chiptuningmarket.com\/pl\/shop\/akcesoria-chiptuning-pl\/przewody-autovei-pl\/przewod-autovei-dc2-obd2-d165120003\/","og_locale":"pl_PL","og_type":"article","og_title":"Przew\u00f3d AutoVEI DC2-OBD2 D165120003 - Chiptuningmarket","og_description":"Przew\u00f3d Autovei DC2-OBD2\u00a0przeznaczony do interfejs\u00f3w diagnostycznych Autovei DC2, takich jak DirectConnect 2U. Umo\u017cliwia bezpo\u015brednie zasilanie urz\u0105dzenia z gniazda OBD2 pojazdu, bez konieczno\u015bci stosowania zewn\u0119trznego zasilacza.Przew\u00f3d zosta\u0142 zaprojektowany z my\u015bl\u0105 o profesjonalnej diagnostyce oraz programowaniu sterownik\u00f3w ECU, szczeg\u00f3lnie w pojazdach ci\u0119\u017carowych i u\u017cytkowych","og_url":"https:\/\/chiptuningmarket.com\/pl\/shop\/akcesoria-chiptuning-pl\/przewody-autovei-pl\/przewod-autovei-dc2-obd2-d165120003\/","og_site_name":"Chiptuningmarket","article_modified_time":"2026-01-14T15:50:53+00:00","og_image":[{"width":800,"height":600,"url":"https:\/\/chiptuningmarket.com\/wp-content\/uploads\/2026\/01\/Przewod-AutoVEI-DC2-OBD2-D165120003.jpg","type":"image\/jpeg"}],"twitter_card":"summary_large_image","twitter_misc":{"Szacowany czas czytania":"1 minuta"},"schema":{"@context":"https:\/\/schema.org","@graph":[{"@type":"WebPage","@id":"https:\/\/chiptuningmarket.com\/pl\/shop\/akcesoria-chiptuning-pl\/przewody-autovei-pl\/przewod-autovei-dc2-obd2-d165120003\/","url":"https:\/\/chiptuningmarket.com\/pl\/shop\/akcesoria-chiptuning-pl\/przewody-autovei-pl\/przewod-autovei-dc2-obd2-d165120003\/","name":"Przew\u00f3d AutoVEI DC2-OBD2 D165120003 - Chiptuningmarket","isPartOf":{"@id":"https:\/\/chiptuningmarket.com\/ru\/#website"},"primaryImageOfPage":{"@id":"https:\/\/chiptuningmarket.com\/pl\/shop\/akcesoria-chiptuning-pl\/przewody-autovei-pl\/przewod-autovei-dc2-obd2-d165120003\/#primaryimage"},"image":{"@id":"https:\/\/chiptuningmarket.com\/pl\/shop\/akcesoria-chiptuning-pl\/przewody-autovei-pl\/przewod-autovei-dc2-obd2-d165120003\/#primaryimage"},"thumbnailUrl":"https:\/\/chiptuningmarket.com\/wp-content\/uploads\/2026\/01\/Przewod-AutoVEI-DC2-OBD2-D165120003.jpg","datePublished":"2026-01-14T15:50:50+00:00","dateModified":"2026-01-14T15:50:53+00:00","description":"Przew\u00f3d Autovei DC2-OBD2\u00a0przeznaczony do interfejs\u00f3w diagnostycznych Autovei DC2, takich jak DirectConnect 2U. Umo\u017cliwia bezpo\u015brednie zasilanie urz\u0105dzenia z gniazda OBD2 pojazdu, bez konieczno\u015bci stosowania zewn\u0119trznego zasilacza.Przew\u00f3d zosta\u0142 zaprojektowany z my\u015bl\u0105 o profesjonalnej diagnostyce oraz programowaniu sterownik\u00f3w ECU, szczeg\u00f3lnie w pojazdach ci\u0119\u017carowych i u\u017cytkowych","breadcrumb":{"@id":"https:\/\/chiptuningmarket.com\/pl\/shop\/akcesoria-chiptuning-pl\/przewody-autovei-pl\/przewod-autovei-dc2-obd2-d165120003\/#breadcrumb"},"inLanguage":"pl-PL","potentialAction":[{"@type":"ReadAction","target":["https:\/\/chiptuningmarket.com\/pl\/shop\/akcesoria-chiptuning-pl\/przewody-autovei-pl\/przewod-autovei-dc2-obd2-d165120003\/"]}]},{"@type":"ImageObject","inLanguage":"pl-PL","@id":"https:\/\/chiptuningmarket.com\/pl\/shop\/akcesoria-chiptuning-pl\/przewody-autovei-pl\/przewod-autovei-dc2-obd2-d165120003\/#primaryimage","url":"https:\/\/chiptuningmarket.com\/wp-content\/uploads\/2026\/01\/Przewod-AutoVEI-DC2-OBD2-D165120003.jpg","contentUrl":"https:\/\/chiptuningmarket.com\/wp-content\/uploads\/2026\/01\/Przewod-AutoVEI-DC2-OBD2-D165120003.jpg","width":800,"height":600},{"@type":"BreadcrumbList","@id":"https:\/\/chiptuningmarket.com\/pl\/shop\/akcesoria-chiptuning-pl\/przewody-autovei-pl\/przewod-autovei-dc2-obd2-d165120003\/#breadcrumb","itemListElement":[{"@type":"ListItem","position":1,"name":"Home","item":"https:\/\/chiptuningmarket.com\/pl\/"},{"@type":"ListItem","position":2,"name":"Sklep","item":"https:\/\/chiptuningmarket.com\/pl\/shop\/"},{"@type":"ListItem","position":3,"name":"Przew\u00f3d AutoVEI DC2-OBD2 D165120003"}]},{"@type":"WebSite","@id":"https:\/\/chiptuningmarket.com\/ru\/#website","url":"https:\/\/chiptuningmarket.com\/ru\/","name":"Chiptuningmarket","description":"Biggest chiptuning shop in Europe","publisher":{"@id":"https:\/\/chiptuningmarket.com\/ru\/#organization"},"alternateName":"Worldwide ecu tools supplier","potentialAction":[{"@type":"SearchAction","target":{"@type":"EntryPoint","urlTemplate":"https:\/\/chiptuningmarket.com\/ru\/?s={search_term_string}"},"query-input":{"@type":"PropertyValueSpecification","valueRequired":true,"valueName":"search_term_string"}}],"inLanguage":"pl-PL"},{"@type":"Organization","@id":"https:\/\/chiptuningmarket.com\/ru\/#organization","name":"Chiptuningmarket","alternateName":"Chiptuning tools supplier","url":"https:\/\/chiptuningmarket.com\/ru\/","logo":{"@type":"ImageObject","inLanguage":"pl-PL","@id":"https:\/\/chiptuningmarket.com\/ru\/#\/schema\/logo\/image\/","url":"https:\/\/chiptuningmarket.com\/wp-content\/uploads\/2023\/05\/logo-ChipTuningMarket-social.png","contentUrl":"https:\/\/chiptuningmarket.com\/wp-content\/uploads\/2023\/05\/logo-ChipTuningMarket-social.png","width":512,"height":512,"caption":"Chiptuningmarket"},"image":{"@id":"https:\/\/chiptuningmarket.com\/ru\/#\/schema\/logo\/image\/"}}]}},"_links":{"self":[{"href":"https:\/\/chiptuningmarket.com\/pl\/wp-json\/wp\/v2\/product\/357315","targetHints":{"allow":["GET"]}}],"collection":[{"href":"https:\/\/chiptuningmarket.com\/pl\/wp-json\/wp\/v2\/product"}],"about":[{"href":"https:\/\/chiptuningmarket.com\/pl\/wp-json\/wp\/v2\/types\/product"}],"wp:featuredmedia":[{"embeddable":true,"href":"https:\/\/chiptuningmarket.com\/pl\/wp-json\/wp\/v2\/media\/357328"}],"wp:attachment":[{"href":"https:\/\/chiptuningmarket.com\/pl\/wp-json\/wp\/v2\/media?parent=357315"}],"wp:term":[{"taxonomy":"product_brand","embeddable":true,"href":"https:\/\/chiptuningmarket.com\/pl\/wp-json\/wp\/v2\/product_brand?post=357315"},{"taxonomy":"product_cat","embeddable":true,"href":"https:\/\/chiptuningmarket.com\/pl\/wp-json\/wp\/v2\/product_cat?post=357315"},{"taxonomy":"product_tag","embeddable":true,"href":"https:\/\/chiptuningmarket.com\/pl\/wp-json\/wp\/v2\/product_tag?post=357315"}],"curies":[{"name":"wp","href":"https:\/\/api.w.org\/{rel}","templated":true}]}}