{"id":35837,"date":"2025-03-25T11:15:31","date_gmt":"2025-03-25T10:15:31","guid":{"rendered":"https:\/\/chiptuningmarket.com\/?post_type=product&#038;p=35837"},"modified":"2025-03-25T11:24:20","modified_gmt":"2025-03-25T10:24:20","slug":"launch-x431-pro3-v-5-0","status":"publish","type":"product","link":"https:\/\/chiptuningmarket.com\/pl\/shop\/urzadzenia-diagnostyczne-pl-pl\/osobowe-urzadzenia-diagnostyczne-pl\/urzadzenia-diagnostyczne-launch\/launch-x431-pro3-v-5-0\/","title":{"rendered":"LAUNCH X431 PRO3 V+ 5.0"},"content":{"rendered":"<h3 class=\"mp4t_0 mryx_0 mj7a_4 mvrt_8 mp0t_ji m9qz_yo munh_0 mqu1_1j mgmw_wo mgn2_21 mgn2_25_s\" style=\"text-align: center\">LAUNCH X431 PRO3 V+ 5.0<\/h3>\n<p><strong>LAUNCH X431 PRO3 V+ 5.0<\/strong> to zaawansowane narz\u0119dzie diagnostyczne, stworzone z my\u015bl\u0105 o profesjonalnych mechanikach i warsztatach samochodowych. Urz\u0105dzenie wyposa\u017cone jest w nowoczesny system Android 10.0 oraz szybki procesor 4-rdzeniowy, co zapewnia p\u0142ynno\u015b\u0107 pracy i szybk\u0105 diagnostyk\u0119. Dzi\u0119ki 10,1-calowemu ekranowi o rozdzielczo\u015bci 1280&#215;800, u\u017cytkownik zyskuje wyra\u017any i czytelny interfejs, a zaawansowane funkcje diagnostyczne sprawiaj\u0105, \u017ce LAUNCH X431 PRO3 V+ 5.0 jest nieocenionym narz\u0119dziem w codziennej pracy.<\/p>\n<p style=\"text-align: center\"><strong>2 lata darmowej aktualizacji w cenie urz\u0105dzenia!<\/strong><\/p>\n<p><a href=\"https:\/\/chiptuningmarket.com\/wp-content\/uploads\/2025\/03\/provv5.png\"><img decoding=\"async\" class=\"aligncenter wp-image-35829\" src=\"https:\/\/chiptuningmarket.com\/wp-content\/uploads\/2025\/03\/provv5-1024x589.png\" alt=\"\" width=\"700\" height=\"402\" srcset=\"https:\/\/chiptuningmarket.com\/wp-content\/uploads\/2025\/03\/provv5-1024x589.png 1024w, https:\/\/chiptuningmarket.com\/wp-content\/uploads\/2025\/03\/provv5-300x172.png 300w, https:\/\/chiptuningmarket.com\/wp-content\/uploads\/2025\/03\/provv5-768x441.png 768w, https:\/\/chiptuningmarket.com\/wp-content\/uploads\/2025\/03\/provv5-600x345.png 600w, https:\/\/chiptuningmarket.com\/wp-content\/uploads\/2025\/03\/provv5.png 1251w\" sizes=\"(max-width: 700px) 100vw, 700px\" \/><\/a><\/p>\n<div class=\"elementor-element elementor-element-0c3add0 elementor-widget elementor-widget-heading\" data-id=\"0c3add0\" data-element_type=\"widget\" data-widget_type=\"heading.default\">\n<div class=\"elementor-widget-container\">\n<p data-fontsize=\"17\" data-lineheight=\"23.97px\"><b>Launch X-431 V+<\/b>\u00a0posiada mo\u017cliwo\u015b\u0107 rozbudowy o g\u0142owic\u0119 z oprogramowaniem do samochod\u00f3w ci\u0119\u017carowych, maszyn budowlanych, rolniczych, autokar\u00f3w itp&#8230;<\/p>\n<h3 class=\"elementor-heading-title elementor-size-default fusion-responsive-typography-calculated\" data-fontsize=\"17\" data-lineheight=\"23.97px\">Mo\u017cliwo\u015bci Diagnoskopu:<\/h3>\n<\/div>\n<\/div>\n<div class=\"elementor-element elementor-element-608721e elementor-widget elementor-widget-text-editor\" data-id=\"608721e\" data-element_type=\"widget\" data-widget_type=\"text-editor.default\">\n<div class=\"elementor-widget-container\">\n<ul>\n<li>odczyt kod\u00f3w usterek<\/li>\n<li>kasowanie kod\u00f3w usterek<\/li>\n<li>podgl\u0105d parametr\u00f3w rzeczywistych (tak\u017ce w postaci wykres\u00f3w i wska\u017anik\u00f3w: kilka tryb\u00f3w)<\/li>\n<li>kodowanie podzespo\u0142\u00f3w<\/li>\n<li>adaptacje podzespo\u0142\u00f3w (przepustnica, zaw\u00f3r EGR, komputer silnika, itp..)<\/li>\n<li>test element\u00f3w wykonawczych (uruchomienie zaworu EGR, silnika wentylatora, wskaz\u00f3wek licznika, zamk\u00f3w centralnych, itp..)<\/li>\n<li>reset inspekcji serwisowych oraz olejowych<\/li>\n<li>kodowanie wtryskiwaczy<\/li>\n<li>kodowanie kluczyk\u00f3w<\/li>\n<li>pe\u0142na obs\u0142uga filtra cz\u0105stek sta\u0142ych DPF (sprawdzenie poziomu sadzy, reset, regeneracja, adaptacja po wymianie)<\/li>\n<li>pe\u0142na obs\u0142uga elektrycznego hamulca postojowego EPB (cofanie zacisk\u00f3w przy wymianie klock\u00f3w, ustawienie si\u0142y nacisku t\u0142oczk\u00f3w)<\/li>\n<li>automatyczne skanowanie wszystkich modu\u0142\u00f3w pojazdu<\/li>\n<li>odczyt informacji o module steruj\u0105cym<\/li>\n<li>czyszczenie warto\u015bci przyuczonych<\/li>\n<li>odczyt kodu VIN<\/li>\n<li>reset programowania zespo\u0142\u00f3w steruj\u0105cych<\/li>\n<li>odpowietrzanie pompy hamulcowej<\/li>\n<li>kalibracja poziomu<\/li>\n<li>kalibracja czujnika k\u0105ta skr\u0119tu uk\u0142adu kierowniczego<\/li>\n<li>przyuczenie biegu ja\u0142owego<\/li>\n<li>k\u0105t wyprzedzenia zap\u0142onu<\/li>\n<li><b>KODOWANIE ONLINE !!<\/b><\/li>\n<li>oraz wiele innych\u2026<\/li>\n<\/ul>\n<h3 class=\"fusion-responsive-typography-calculated\" data-fontsize=\"17\" data-lineheight=\"23.97px\">Funkcje zaawansowane:<\/h3>\n<ul>\n<li><b>fleszowanie funkcji ukrytych:\u00a0<\/b>BMW \/ MINI \/ MERCEDES \/ VW \/ AUDI \/SEAT \/ SKODA \/ SEAT \/ PORSCHE \/ LAND ROVER \/ JAGUAR<\/li>\n<li><b>funkcje prowadzone:\u00a0<\/b>VW \/ AUDI\/ SEAT \/ SKODA<\/li>\n<li><b>kodowanie online:\u00a0<\/b>VW \/ AUDI \/ SEAT \/ SKODA \/ MERCEDES \/ MAYBACH \/ BMW \/ MINI \/ PORSCHE i wiele innych&#8230;<\/li>\n<li><b>personalizacje:\u00a0<\/b>BMW \/ PORSCHE \/ TOYOTA \/ SUBARU<\/li>\n<li><b>instalacja modu\u0142u programowalnego:\u00a0<\/b>FORD \/ MAZDA<\/li>\n<li><b>zr\u00f3wnowa\u017cenie mocy:\u00a0<\/b>CHRYSLER \/ GM \/ FORD<\/li>\n<li><b>programowanie komponent\u00f3w:\u00a0<\/b>VW \/ AUDI \/ SEAT \/ SKODA \/ BMW \/ MINI \/ CHRYSLER \/ GM \/ FORD \/ OPEL \/ MAZDA \/ FIAT \/ HONDA \/ ACURA \/ NISSAN \/ HYUNDAI \/ KIA \/ SUBARU \/ SUZUKI i wiele innych&#8230;<\/li>\n<li><b>parametryzacja online:\u00a0<\/b>VW \/ AUDI \/ SEAT \/ SKODA<\/li>\n<li><b>kalibracja online:\u00a0<\/b>VW \/ AUDI \/ SEAT \/ SKODA<\/li>\n<li><b>logowanie do serwisu online:\u00a0<\/b>VW \/ AUDI \/ SEAT \/ SKODA<\/li>\n<li><b>ochrona komponent\u00f3w:\u00a0<\/b>VW \/ AUDI \/ SEAT \/ SKODA<\/li>\n<li><b>autoryzacja Gateway:<\/b>\u00a0CHRYSLER \/ FIAT \/ ALFA \/ LANCIA<\/li>\n<li>i wiele innych&#8230;<\/li>\n<\/ul>\n<p><a href=\"https:\/\/chiptuningmarket.com\/wp-content\/uploads\/2025\/03\/b96d1d3f4491a983f83b591398aa.jpeg\"><img decoding=\"async\" class=\"aligncenter wp-image-35510\" src=\"https:\/\/chiptuningmarket.com\/wp-content\/uploads\/2025\/03\/b96d1d3f4491a983f83b591398aa.jpeg\" alt=\"\" width=\"600\" height=\"527\" srcset=\"https:\/\/chiptuningmarket.com\/wp-content\/uploads\/2025\/03\/b96d1d3f4491a983f83b591398aa.jpeg 693w, https:\/\/chiptuningmarket.com\/wp-content\/uploads\/2025\/03\/b96d1d3f4491a983f83b591398aa-300x264.jpeg 300w, https:\/\/chiptuningmarket.com\/wp-content\/uploads\/2025\/03\/b96d1d3f4491a983f83b591398aa-600x527.jpeg 600w\" sizes=\"(max-width: 600px) 100vw, 600px\" \/><\/a><\/p>\n<h3 class=\"\" data-fontsize=\"17\" data-lineheight=\"23.97px\"><b>Modu\u0142y steruj\u0105ce:<\/b><\/h3>\n<ul>\n<li>silnik<\/li>\n<li>uk\u0142ad hamulcowy ABS<\/li>\n<li>poduszki powietrzne<\/li>\n<li>automatyczna skrzynia bieg\u00f3w<\/li>\n<li>modu\u0142 komfortu<\/li>\n<li>elektronika hamulc\u00f3w<\/li>\n<li>kontrola trakcji ESP\/ASR\/EBD<\/li>\n<li>uk\u0142ad ci\u015bnienia w oponach TMPS<\/li>\n<li>klimatyzacja<\/li>\n<li>wspomaganie uk\u0142adu kierowniczego<\/li>\n<li>deska rozdzielcza<\/li>\n<li>nawigacja<\/li>\n<li>system audio<\/li>\n<li>centralny zamek<\/li>\n<li>system antyw\u0142amaniowy<\/li>\n<li>elektronika \u015bwiate\u0142<\/li>\n<li>nap\u0119d 4\u00d74<\/li>\n<li>pami\u0119\u0107 foteli<\/li>\n<li>elektronika drzwi<\/li>\n<li>nawigacja<\/li>\n<li>wspomaganie parkowania<\/li>\n<li>asystent utrzymania pasa ruchu<\/li>\n<li>kamera cofania<\/li>\n<li>tempomat<\/li>\n<li>oraz wiele innych system\u00f3w wyposa\u017cenia pojazdu..<\/li>\n<\/ul>\n<p><a href=\"https:\/\/chiptuningmarket.com\/wp-content\/uploads\/2025\/03\/PROV.png\"><img decoding=\"async\" class=\"aligncenter wp-image-35823\" src=\"https:\/\/chiptuningmarket.com\/wp-content\/uploads\/2025\/03\/PROV.png\" alt=\"\" width=\"700\" height=\"567\" srcset=\"https:\/\/chiptuningmarket.com\/wp-content\/uploads\/2025\/03\/PROV.png 944w, https:\/\/chiptuningmarket.com\/wp-content\/uploads\/2025\/03\/PROV-300x243.png 300w, https:\/\/chiptuningmarket.com\/wp-content\/uploads\/2025\/03\/PROV-768x622.png 768w, https:\/\/chiptuningmarket.com\/wp-content\/uploads\/2025\/03\/PROV-600x486.png 600w\" sizes=\"(max-width: 700px) 100vw, 700px\" \/><\/a><\/p>\n<h3 class=\"\" data-start=\"78\" data-end=\"102\"><strong data-start=\"82\" data-end=\"102\">Dane techniczne:<\/strong><\/h3>\n<ul>\n<li data-start=\"106\" data-end=\"141\"><strong data-start=\"106\" data-end=\"128\">System operacyjny:<\/strong> Android 10.0<\/li>\n<li data-start=\"144\" data-end=\"190\"><strong data-start=\"144\" data-end=\"154\">Ekran:<\/strong> 10,1 cala, rozdzielczo\u015b\u0107 1280 x 800<\/li>\n<li data-start=\"193\" data-end=\"236\"><strong data-start=\"193\" data-end=\"206\">Procesor:<\/strong> 4-rdzeniowy procesor, 2.0 GHz<\/li>\n<li data-start=\"239\" data-end=\"259\"><strong data-start=\"239\" data-end=\"254\">Pami\u0119\u0107 RAM:<\/strong> 4 GB<\/li>\n<li data-start=\"262\" data-end=\"290\"><strong data-start=\"262\" data-end=\"284\">Pami\u0119\u0107 wewn\u0119trzna:<\/strong> 64 GB<\/li>\n<li data-start=\"293\" data-end=\"340\"><strong data-start=\"293\" data-end=\"305\">Bateria:<\/strong> 6300 mAh, 7,6 V (d\u0142ugi czas pracy)<\/li>\n<li data-start=\"343\" data-end=\"391\"><strong data-start=\"343\" data-end=\"357\">\u0141adowanie:<\/strong> Zasilacz 12V, \u0142adowanie przez USB<\/li>\n<li data-start=\"394\" data-end=\"407\"><strong data-start=\"394\" data-end=\"407\">\u0141\u0105czno\u015b\u0107: <\/strong>Wi-Fi 2,4 GHz oraz 5 GHz; Bluetooth<\/li>\n<li data-start=\"453\" data-end=\"483\"><strong data-start=\"453\" data-end=\"464\">Kamera:<\/strong> Tylna kamera 8 MP<\/li>\n<li data-start=\"486\" data-end=\"538\"><strong data-start=\"486\" data-end=\"497\">Z\u0142\u0105cza:<\/strong> USB, OBD, Ethernet, z\u0142\u0105cza diagnostyczne<\/li>\n<li><strong data-start=\"593\" data-end=\"617\">Temperatura robocza:<\/strong> -10\u00b0C do 50\u00b0C<\/li>\n<li data-start=\"541\" data-end=\"571\"><strong data-start=\"541\" data-end=\"553\">Wymiary:<\/strong> 256 x 178 x 22 mm<\/li>\n<li data-start=\"574\" data-end=\"590\"><strong data-start=\"574\" data-end=\"583\">Waga:<\/strong> 1,2 kg<\/li>\n<\/ul>\n<h3><b>W sk\u0142ad zestawu wchodzi:<\/b><\/h3>\n<ol>\n<li>Diagnoskop <strong>LAUNCHX-431 PRO3 V+ 5.0<\/strong><\/li>\n<li>Walizka z przegrodami<\/li>\n<li>Bezprzewodowa g\u0142owica diagnostyczna<\/li>\n<li>Przed\u0142u\u017cka OBDII<\/li>\n<li>\u0141adowarka sieciowa<\/li>\n<li>Certyfikat do rejestracji i pobierania aktualizacji diagnoskopu<\/li>\n<li>Przew\u00f3d zasilaj\u0105cy z klem oraz zapalniczki<\/li>\n<li>D\u0142ugopis do ekran\u00f3w dotykowych<\/li>\n<li>Karta gwarancyjna<\/li>\n<\/ol>\n<p><a href=\"https:\/\/chiptuningmarket.com\/wp-content\/uploads\/2025\/03\/a4d4b88348319aff41e77f74397c.jpeg\"><img decoding=\"async\" class=\"aligncenter wp-image-35811\" src=\"https:\/\/chiptuningmarket.com\/wp-content\/uploads\/2025\/03\/a4d4b88348319aff41e77f74397c.jpeg\" alt=\"\" width=\"750\" height=\"504\" srcset=\"https:\/\/chiptuningmarket.com\/wp-content\/uploads\/2025\/03\/a4d4b88348319aff41e77f74397c.jpeg 1008w, https:\/\/chiptuningmarket.com\/wp-content\/uploads\/2025\/03\/a4d4b88348319aff41e77f74397c-300x202.jpeg 300w, https:\/\/chiptuningmarket.com\/wp-content\/uploads\/2025\/03\/a4d4b88348319aff41e77f74397c-768x517.jpeg 768w, https:\/\/chiptuningmarket.com\/wp-content\/uploads\/2025\/03\/a4d4b88348319aff41e77f74397c-270x180.jpeg 270w, https:\/\/chiptuningmarket.com\/wp-content\/uploads\/2025\/03\/a4d4b88348319aff41e77f74397c-600x404.jpeg 600w\" sizes=\"(max-width: 750px) 100vw, 750px\" \/><\/a><\/p>\n<p>W ofercie r\u00f3wnie\u017c:<\/p>\n<p class=\"entry-title fusion-responsive-typography-calculated\" data-fontsize=\"38\" data-lineheight=\"55.1px\"><a style=\"color: blue\" href=\"https:\/\/chiptuningmarket.com\/en\/shop\/urzadzenia-diagnostyczne-pl-pl\/osobowe-urzadzenia-diagnostyczne-pl\/urzadzenia-diagnostyczne-autel\/autel-maxisys-ms906-pro\/\">Autel MaxiSYS MS906Pro<\/a><\/p>\n<p class=\"entry-title fusion-responsive-typography-calculated\" data-fontsize=\"38\" data-lineheight=\"55.1px\"><a style=\"color: blue\" href=\"https:\/\/chiptuningmarket.com\/pl\/shop\/urzadzenia-diagnostyczne-pl-pl\/osobowe-urzadzenia-diagnostyczne-pl\/urzadzenia-diagnostyczne-topdon\/topdon-phoenix-lite-3\/\">TOPDON Phoenix Lite 3<\/a><\/p>\n<\/div>\n<\/div>\n","protected":false},"excerpt":{"rendered":"<p><strong>LAUNCH X431 PRO3 V+ 5.0<\/strong> to zaawansowane narz\u0119dzie diagnostyczne, stworzone z my\u015bl\u0105 o profesjonalnych mechanikach i warsztatach samochodowych. Urz\u0105dzenie wyposa\u017cone jest w nowoczesny system Android 10.0 oraz szybki procesor 4-rdzeniowy, co zapewnia p\u0142ynno\u015b\u0107 pracy i szybk\u0105 diagnostyk\u0119. Dzi\u0119ki 10,1-calowemu ekranowi o rozdzielczo\u015bci 1280&#215;800, u\u017cytkownik zyskuje wyra\u017any i czytelny interfejs, a zaawansowane funkcje diagnostyczne sprawiaj\u0105, \u017ce LAUNCH X431 PRO3 V+ 5.0 jest nieocenionym narz\u0119dziem w codziennej pracy<\/p>\n","protected":false},"featured_media":35832,"template":"","meta":{"_monsterinsights_skip_tracking":false,"_monsterinsights_sitenote_active":false,"_monsterinsights_sitenote_note":"","_monsterinsights_sitenote_category":0},"product_brand":[],"product_cat":[5059,5259,5684],"product_tag":[6917,2693,7006,7077,3005],"class_list":{"0":"post-35837","1":"product","2":"type-product","3":"status-publish","4":"has-post-thumbnail","6":"product_cat-urzadzenia-diagnostyczne-pl-pl","7":"product_cat-osobowe-urzadzenia-diagnostyczne-pl","8":"product_cat-urzadzenia-diagnostyczne-launch","9":"product_tag-android","10":"product_tag-diagnoskop-pl","11":"product_tag-launch-x431","12":"product_tag-pro3-v-5-0","13":"product_tag-tester-diagnostyczny","15":"first","16":"onbackorder","17":"taxable","18":"shipping-taxable","19":"purchasable","20":"product-type-simple"},"yoast_head":"<!-- This site is optimized with the Yoast SEO plugin v25.2 - https:\/\/yoast.com\/wordpress\/plugins\/seo\/ -->\n<title>LAUNCH X431 PRO3 V+ 5.0 - Chiptuningmarket<\/title>\n<meta name=\"description\" content=\"LAUNCH X431 PRO3 V+ 5.0 to zaawansowane narz\u0119dzie diagnostyczne, stworzone z my\u015bl\u0105 o profesjonalnych mechanikach i warsztatach samochodowych.\" \/>\n<meta name=\"robots\" content=\"index, follow, max-snippet:-1, max-image-preview:large, max-video-preview:-1\" \/>\n<link rel=\"canonical\" href=\"https:\/\/chiptuningmarket.com\/pl\/shop\/urzadzenia-diagnostyczne-pl-pl\/osobowe-urzadzenia-diagnostyczne-pl\/urzadzenia-diagnostyczne-launch\/launch-x431-pro3-v-5-0\/\" \/>\n<meta property=\"og:locale\" content=\"pl_PL\" \/>\n<meta property=\"og:type\" content=\"article\" \/>\n<meta property=\"og:title\" content=\"LAUNCH X431 PRO3 V+ 5.0 - Chiptuningmarket\" \/>\n<meta property=\"og:description\" content=\"LAUNCH X431 PRO3 V+ 5.0 to zaawansowane narz\u0119dzie diagnostyczne, stworzone z my\u015bl\u0105 o profesjonalnych mechanikach i warsztatach samochodowych.\" \/>\n<meta property=\"og:url\" content=\"https:\/\/chiptuningmarket.com\/pl\/shop\/urzadzenia-diagnostyczne-pl-pl\/osobowe-urzadzenia-diagnostyczne-pl\/urzadzenia-diagnostyczne-launch\/launch-x431-pro3-v-5-0\/\" \/>\n<meta property=\"og:site_name\" content=\"Chiptuningmarket\" \/>\n<meta property=\"article:modified_time\" content=\"2025-03-25T10:24:20+00:00\" \/>\n<meta property=\"og:image\" content=\"https:\/\/chiptuningmarket.com\/wp-content\/uploads\/2025\/03\/V-5.0.png\" \/>\n\t<meta property=\"og:image:width\" content=\"931\" \/>\n\t<meta property=\"og:image:height\" content=\"719\" \/>\n\t<meta property=\"og:image:type\" content=\"image\/png\" \/>\n<meta name=\"twitter:card\" content=\"summary_large_image\" \/>\n<meta name=\"twitter:label1\" content=\"Szacowany czas czytania\" \/>\n\t<meta name=\"twitter:data1\" content=\"4 minuty\" \/>\n<script type=\"application\/ld+json\" class=\"yoast-schema-graph\">{\"@context\":\"https:\/\/schema.org\",\"@graph\":[{\"@type\":\"WebPage\",\"@id\":\"https:\/\/chiptuningmarket.com\/pl\/shop\/urzadzenia-diagnostyczne-pl-pl\/osobowe-urzadzenia-diagnostyczne-pl\/urzadzenia-diagnostyczne-launch\/launch-x431-pro3-v-5-0\/\",\"url\":\"https:\/\/chiptuningmarket.com\/pl\/shop\/urzadzenia-diagnostyczne-pl-pl\/osobowe-urzadzenia-diagnostyczne-pl\/urzadzenia-diagnostyczne-launch\/launch-x431-pro3-v-5-0\/\",\"name\":\"LAUNCH X431 PRO3 V+ 5.0 - Chiptuningmarket\",\"isPartOf\":{\"@id\":\"https:\/\/chiptuningmarket.com\/ru\/#website\"},\"primaryImageOfPage\":{\"@id\":\"https:\/\/chiptuningmarket.com\/pl\/shop\/urzadzenia-diagnostyczne-pl-pl\/osobowe-urzadzenia-diagnostyczne-pl\/urzadzenia-diagnostyczne-launch\/launch-x431-pro3-v-5-0\/#primaryimage\"},\"image\":{\"@id\":\"https:\/\/chiptuningmarket.com\/pl\/shop\/urzadzenia-diagnostyczne-pl-pl\/osobowe-urzadzenia-diagnostyczne-pl\/urzadzenia-diagnostyczne-launch\/launch-x431-pro3-v-5-0\/#primaryimage\"},\"thumbnailUrl\":\"https:\/\/chiptuningmarket.com\/wp-content\/uploads\/2025\/03\/V-5.0.png\",\"datePublished\":\"2025-03-25T10:15:31+00:00\",\"dateModified\":\"2025-03-25T10:24:20+00:00\",\"description\":\"LAUNCH X431 PRO3 V+ 5.0 to zaawansowane narz\u0119dzie diagnostyczne, stworzone z my\u015bl\u0105 o profesjonalnych mechanikach i warsztatach samochodowych.\",\"breadcrumb\":{\"@id\":\"https:\/\/chiptuningmarket.com\/pl\/shop\/urzadzenia-diagnostyczne-pl-pl\/osobowe-urzadzenia-diagnostyczne-pl\/urzadzenia-diagnostyczne-launch\/launch-x431-pro3-v-5-0\/#breadcrumb\"},\"inLanguage\":\"pl-PL\",\"potentialAction\":[{\"@type\":\"ReadAction\",\"target\":[\"https:\/\/chiptuningmarket.com\/pl\/shop\/urzadzenia-diagnostyczne-pl-pl\/osobowe-urzadzenia-diagnostyczne-pl\/urzadzenia-diagnostyczne-launch\/launch-x431-pro3-v-5-0\/\"]}]},{\"@type\":\"ImageObject\",\"inLanguage\":\"pl-PL\",\"@id\":\"https:\/\/chiptuningmarket.com\/pl\/shop\/urzadzenia-diagnostyczne-pl-pl\/osobowe-urzadzenia-diagnostyczne-pl\/urzadzenia-diagnostyczne-launch\/launch-x431-pro3-v-5-0\/#primaryimage\",\"url\":\"https:\/\/chiptuningmarket.com\/wp-content\/uploads\/2025\/03\/V-5.0.png\",\"contentUrl\":\"https:\/\/chiptuningmarket.com\/wp-content\/uploads\/2025\/03\/V-5.0.png\",\"width\":931,\"height\":719,\"caption\":\"LAUNCH X431 PRO3 V+ 5.0\"},{\"@type\":\"BreadcrumbList\",\"@id\":\"https:\/\/chiptuningmarket.com\/pl\/shop\/urzadzenia-diagnostyczne-pl-pl\/osobowe-urzadzenia-diagnostyczne-pl\/urzadzenia-diagnostyczne-launch\/launch-x431-pro3-v-5-0\/#breadcrumb\",\"itemListElement\":[{\"@type\":\"ListItem\",\"position\":1,\"name\":\"Home\",\"item\":\"https:\/\/chiptuningmarket.com\/pl\/\"},{\"@type\":\"ListItem\",\"position\":2,\"name\":\"Sklep\",\"item\":\"https:\/\/chiptuningmarket.com\/pl\/shop\/\"},{\"@type\":\"ListItem\",\"position\":3,\"name\":\"LAUNCH X431 PRO3 V+ 5.0\"}]},{\"@type\":\"WebSite\",\"@id\":\"https:\/\/chiptuningmarket.com\/ru\/#website\",\"url\":\"https:\/\/chiptuningmarket.com\/ru\/\",\"name\":\"Chiptuningmarket\",\"description\":\"Biggest chiptuning shop in Europe\",\"publisher\":{\"@id\":\"https:\/\/chiptuningmarket.com\/ru\/#organization\"},\"alternateName\":\"Worldwide ecu tools supplier\",\"potentialAction\":[{\"@type\":\"SearchAction\",\"target\":{\"@type\":\"EntryPoint\",\"urlTemplate\":\"https:\/\/chiptuningmarket.com\/ru\/?s={search_term_string}\"},\"query-input\":{\"@type\":\"PropertyValueSpecification\",\"valueRequired\":true,\"valueName\":\"search_term_string\"}}],\"inLanguage\":\"pl-PL\"},{\"@type\":\"Organization\",\"@id\":\"https:\/\/chiptuningmarket.com\/ru\/#organization\",\"name\":\"Chiptuningmarket\",\"alternateName\":\"Chiptuning tools supplier\",\"url\":\"https:\/\/chiptuningmarket.com\/ru\/\",\"logo\":{\"@type\":\"ImageObject\",\"inLanguage\":\"pl-PL\",\"@id\":\"https:\/\/chiptuningmarket.com\/ru\/#\/schema\/logo\/image\/\",\"url\":\"https:\/\/chiptuningmarket.com\/wp-content\/uploads\/2023\/05\/logo-ChipTuningMarket-social.png\",\"contentUrl\":\"https:\/\/chiptuningmarket.com\/wp-content\/uploads\/2023\/05\/logo-ChipTuningMarket-social.png\",\"width\":512,\"height\":512,\"caption\":\"Chiptuningmarket\"},\"image\":{\"@id\":\"https:\/\/chiptuningmarket.com\/ru\/#\/schema\/logo\/image\/\"}}]}<\/script>\n<!-- \/ Yoast SEO plugin. -->","yoast_head_json":{"title":"LAUNCH X431 PRO3 V+ 5.0 - Chiptuningmarket","description":"LAUNCH X431 PRO3 V+ 5.0 to zaawansowane narz\u0119dzie diagnostyczne, stworzone z my\u015bl\u0105 o profesjonalnych mechanikach i warsztatach samochodowych.","robots":{"index":"index","follow":"follow","max-snippet":"max-snippet:-1","max-image-preview":"max-image-preview:large","max-video-preview":"max-video-preview:-1"},"canonical":"https:\/\/chiptuningmarket.com\/pl\/shop\/urzadzenia-diagnostyczne-pl-pl\/osobowe-urzadzenia-diagnostyczne-pl\/urzadzenia-diagnostyczne-launch\/launch-x431-pro3-v-5-0\/","og_locale":"pl_PL","og_type":"article","og_title":"LAUNCH X431 PRO3 V+ 5.0 - Chiptuningmarket","og_description":"LAUNCH X431 PRO3 V+ 5.0 to zaawansowane narz\u0119dzie diagnostyczne, stworzone z my\u015bl\u0105 o profesjonalnych mechanikach i warsztatach samochodowych.","og_url":"https:\/\/chiptuningmarket.com\/pl\/shop\/urzadzenia-diagnostyczne-pl-pl\/osobowe-urzadzenia-diagnostyczne-pl\/urzadzenia-diagnostyczne-launch\/launch-x431-pro3-v-5-0\/","og_site_name":"Chiptuningmarket","article_modified_time":"2025-03-25T10:24:20+00:00","og_image":[{"width":931,"height":719,"url":"https:\/\/chiptuningmarket.com\/wp-content\/uploads\/2025\/03\/V-5.0.png","type":"image\/png"}],"twitter_card":"summary_large_image","twitter_misc":{"Szacowany czas czytania":"4 minuty"},"schema":{"@context":"https:\/\/schema.org","@graph":[{"@type":"WebPage","@id":"https:\/\/chiptuningmarket.com\/pl\/shop\/urzadzenia-diagnostyczne-pl-pl\/osobowe-urzadzenia-diagnostyczne-pl\/urzadzenia-diagnostyczne-launch\/launch-x431-pro3-v-5-0\/","url":"https:\/\/chiptuningmarket.com\/pl\/shop\/urzadzenia-diagnostyczne-pl-pl\/osobowe-urzadzenia-diagnostyczne-pl\/urzadzenia-diagnostyczne-launch\/launch-x431-pro3-v-5-0\/","name":"LAUNCH X431 PRO3 V+ 5.0 - Chiptuningmarket","isPartOf":{"@id":"https:\/\/chiptuningmarket.com\/ru\/#website"},"primaryImageOfPage":{"@id":"https:\/\/chiptuningmarket.com\/pl\/shop\/urzadzenia-diagnostyczne-pl-pl\/osobowe-urzadzenia-diagnostyczne-pl\/urzadzenia-diagnostyczne-launch\/launch-x431-pro3-v-5-0\/#primaryimage"},"image":{"@id":"https:\/\/chiptuningmarket.com\/pl\/shop\/urzadzenia-diagnostyczne-pl-pl\/osobowe-urzadzenia-diagnostyczne-pl\/urzadzenia-diagnostyczne-launch\/launch-x431-pro3-v-5-0\/#primaryimage"},"thumbnailUrl":"https:\/\/chiptuningmarket.com\/wp-content\/uploads\/2025\/03\/V-5.0.png","datePublished":"2025-03-25T10:15:31+00:00","dateModified":"2025-03-25T10:24:20+00:00","description":"LAUNCH X431 PRO3 V+ 5.0 to zaawansowane narz\u0119dzie diagnostyczne, stworzone z my\u015bl\u0105 o profesjonalnych mechanikach i warsztatach samochodowych.","breadcrumb":{"@id":"https:\/\/chiptuningmarket.com\/pl\/shop\/urzadzenia-diagnostyczne-pl-pl\/osobowe-urzadzenia-diagnostyczne-pl\/urzadzenia-diagnostyczne-launch\/launch-x431-pro3-v-5-0\/#breadcrumb"},"inLanguage":"pl-PL","potentialAction":[{"@type":"ReadAction","target":["https:\/\/chiptuningmarket.com\/pl\/shop\/urzadzenia-diagnostyczne-pl-pl\/osobowe-urzadzenia-diagnostyczne-pl\/urzadzenia-diagnostyczne-launch\/launch-x431-pro3-v-5-0\/"]}]},{"@type":"ImageObject","inLanguage":"pl-PL","@id":"https:\/\/chiptuningmarket.com\/pl\/shop\/urzadzenia-diagnostyczne-pl-pl\/osobowe-urzadzenia-diagnostyczne-pl\/urzadzenia-diagnostyczne-launch\/launch-x431-pro3-v-5-0\/#primaryimage","url":"https:\/\/chiptuningmarket.com\/wp-content\/uploads\/2025\/03\/V-5.0.png","contentUrl":"https:\/\/chiptuningmarket.com\/wp-content\/uploads\/2025\/03\/V-5.0.png","width":931,"height":719,"caption":"LAUNCH X431 PRO3 V+ 5.0"},{"@type":"BreadcrumbList","@id":"https:\/\/chiptuningmarket.com\/pl\/shop\/urzadzenia-diagnostyczne-pl-pl\/osobowe-urzadzenia-diagnostyczne-pl\/urzadzenia-diagnostyczne-launch\/launch-x431-pro3-v-5-0\/#breadcrumb","itemListElement":[{"@type":"ListItem","position":1,"name":"Home","item":"https:\/\/chiptuningmarket.com\/pl\/"},{"@type":"ListItem","position":2,"name":"Sklep","item":"https:\/\/chiptuningmarket.com\/pl\/shop\/"},{"@type":"ListItem","position":3,"name":"LAUNCH X431 PRO3 V+ 5.0"}]},{"@type":"WebSite","@id":"https:\/\/chiptuningmarket.com\/ru\/#website","url":"https:\/\/chiptuningmarket.com\/ru\/","name":"Chiptuningmarket","description":"Biggest chiptuning shop in Europe","publisher":{"@id":"https:\/\/chiptuningmarket.com\/ru\/#organization"},"alternateName":"Worldwide ecu tools supplier","potentialAction":[{"@type":"SearchAction","target":{"@type":"EntryPoint","urlTemplate":"https:\/\/chiptuningmarket.com\/ru\/?s={search_term_string}"},"query-input":{"@type":"PropertyValueSpecification","valueRequired":true,"valueName":"search_term_string"}}],"inLanguage":"pl-PL"},{"@type":"Organization","@id":"https:\/\/chiptuningmarket.com\/ru\/#organization","name":"Chiptuningmarket","alternateName":"Chiptuning tools supplier","url":"https:\/\/chiptuningmarket.com\/ru\/","logo":{"@type":"ImageObject","inLanguage":"pl-PL","@id":"https:\/\/chiptuningmarket.com\/ru\/#\/schema\/logo\/image\/","url":"https:\/\/chiptuningmarket.com\/wp-content\/uploads\/2023\/05\/logo-ChipTuningMarket-social.png","contentUrl":"https:\/\/chiptuningmarket.com\/wp-content\/uploads\/2023\/05\/logo-ChipTuningMarket-social.png","width":512,"height":512,"caption":"Chiptuningmarket"},"image":{"@id":"https:\/\/chiptuningmarket.com\/ru\/#\/schema\/logo\/image\/"}}]}},"_links":{"self":[{"href":"https:\/\/chiptuningmarket.com\/pl\/wp-json\/wp\/v2\/product\/35837","targetHints":{"allow":["GET"]}}],"collection":[{"href":"https:\/\/chiptuningmarket.com\/pl\/wp-json\/wp\/v2\/product"}],"about":[{"href":"https:\/\/chiptuningmarket.com\/pl\/wp-json\/wp\/v2\/types\/product"}],"wp:featuredmedia":[{"embeddable":true,"href":"https:\/\/chiptuningmarket.com\/pl\/wp-json\/wp\/v2\/media\/35832"}],"wp:attachment":[{"href":"https:\/\/chiptuningmarket.com\/pl\/wp-json\/wp\/v2\/media?parent=35837"}],"wp:term":[{"taxonomy":"product_brand","embeddable":true,"href":"https:\/\/chiptuningmarket.com\/pl\/wp-json\/wp\/v2\/product_brand?post=35837"},{"taxonomy":"product_cat","embeddable":true,"href":"https:\/\/chiptuningmarket.com\/pl\/wp-json\/wp\/v2\/product_cat?post=35837"},{"taxonomy":"product_tag","embeddable":true,"href":"https:\/\/chiptuningmarket.com\/pl\/wp-json\/wp\/v2\/product_tag?post=35837"}],"curies":[{"name":"wp","href":"https:\/\/api.w.org\/{rel}","templated":true}]}}