{"id":368749,"date":"2026-01-24T12:09:12","date_gmt":"2026-01-24T11:09:12","guid":{"rendered":"https:\/\/chiptuningmarket.com\/?post_type=product&#038;p=368749"},"modified":"2026-01-29T09:15:19","modified_gmt":"2026-01-29T08:15:19","slug":"can-coder-l2-licencja-do-kodowania-licznikow-kia-hyundai-genesis","status":"publish","type":"product","link":"https:\/\/chiptuningmarket.com\/pl\/shop\/programatory-pl\/programatory-uniwersalne-pl\/can-hacker-pl\/can-coder-l2-licencja-do-kodowania-licznikow-kia-hyundai-genesis\/","title":{"rendered":"CAN-CODER L2 \u2013 Licencja do kodowania licznik\u00f3w KIA \/ HYUNDAI \/ GENESIS"},"content":{"rendered":"<h3 data-start=\"138\" data-end=\"210\">Licencja CAN-CODER L2 \u2013 KIA \/ HYUNDAI \/ GENESIS<\/h3>\n<p data-start=\"212\" data-end=\"508\"><strong data-start=\"212\" data-end=\"228\">CAN-CODER L2<\/strong> to profesjonalna licencja umo\u017cliwiaj\u0105ca wariantowe kodowanie zestaw\u00f3w wska\u017anik\u00f3w (licznik\u00f3w) w pojazdach <strong data-start=\"334\" data-end=\"363\">KIA, HYUNDAI oraz GENESIS<\/strong> poprzez z\u0142\u0105cze diagnostyczne <strong data-start=\"393\" data-end=\"401\">OBD2<\/strong>. Rozwi\u0105zanie przeznaczone jest wy\u0142\u0105cznie dla specjalist\u00f3w z bran\u017cy diagnostyki i elektroniki samochodowej.<\/p>\n<p data-start=\"510\" data-end=\"788\"><br data-start=\"523\" data-end=\"526\" \/>To <strong data-start=\"529\" data-end=\"552\">nie jest urz\u0105dzenie<\/strong>, a <strong data-start=\"556\" data-end=\"579\">licencja programowa<\/strong>.<\/p>\n<hr data-start=\"790\" data-end=\"793\" \/>\n<p data-start=\"795\" data-end=\"822\"><strong>Najwa\u017cniejsze funkcje:<\/strong><\/p>\n<ul>\n<li data-start=\"825\" data-end=\"963\">Kalibracja i regulacja przebiegu w pojazdach KIA \/ HYUNDAI \/ GENESIS<br data-start=\"904\" data-end=\"907\" \/><em data-start=\"909\" data-end=\"961\">(wy\u0142\u0105cznie zestawy wska\u017anik\u00f3w Continental \/ MOBIS)<\/em><\/li>\n<li data-start=\"966\" data-end=\"1076\">W\u0142\u0105czanie i wy\u0142\u0105czanie funkcji zestawu wska\u017anik\u00f3w zgodnie z kodem wariantu <strong data-start=\"1041\" data-end=\"1048\">EOL<\/strong> (16-bitowym i 32-bitowym)<\/li>\n<li data-start=\"1079\" data-end=\"1139\">Konfiguracja interwa\u0142\u00f3w serwisowych oraz trybu serwisowego<\/li>\n<li data-start=\"1142\" data-end=\"1193\">Konfiguracja funkcji modu\u0142\u00f3w komfortu <strong data-start=\"1180\" data-end=\"1193\">BCM \/ IPS<\/strong><\/li>\n<\/ul>\n<hr data-start=\"1195\" data-end=\"1198\" \/>\n<p data-start=\"1200\" data-end=\"1228\"><strong>Obs\u0142ugiwane interfejsy:<\/strong><\/p>\n<ul>\n<li><span style=\"color: #3366ff\"><strong data-start=\"1231\" data-end=\"1250\"><a style=\"color: #3366ff\" href=\"https:\/\/chiptuningmarket.com\/pl\/shop\/programatory-pl\/programatory-uniwersalne-pl\/can-hacker-pl\/can-hacker-fdl\/\">CAN-Hacker CH-P<\/a><\/strong><\/span> (modyfikacja M03, produkcja od wrze\u015bnia 2020 r., STM32F407 MK)<br data-start=\"1313\" data-end=\"1316\" \/><em data-start=\"1318\" data-end=\"1371\">(interfejsy oparte na STM32F105 nie s\u0105 obs\u0142ugiwane)<\/em><\/li>\n<li><strong data-start=\"1376\" data-end=\"1398\">CH-OBD-FD Analyzer<\/strong><\/li>\n<li><strong><span style=\"color: #3366ff\"><a style=\"color: #3366ff\" href=\"https:\/\/chiptuningmarket.com\/pl\/shop\/programatory-pl\/programatory-uniwersalne-pl\/zestaw-can-hacker-ch-p-fdl2-full-kit-z-orpogramowaniem-can-cooder\/\">CAN-Hacker CH-P FDL2<\/a><\/span><\/strong><\/li>\n<li><strong data-start=\"1432\" data-end=\"1445\">CH-OBD-FD<\/strong><\/li>\n<\/ul>\n<hr data-start=\"1447\" data-end=\"1450\" \/>\n<p data-start=\"1452\" data-end=\"1478\"><strong>Informacje dodatkowe:<\/strong><\/p>\n<ul>\n<li data-start=\"1510\" data-end=\"1579\">Oprogramowanie przeznaczone <strong data-start=\"1538\" data-end=\"1577\">wy\u0142\u0105cznie do u\u017cytku profesjonalnego<\/strong><\/li>\n<li data-start=\"1582\" data-end=\"1654\">U\u017cytkownik musi posiada\u0107 odpowiedni\u0105 wiedz\u0119 i do\u015bwiadczenie techniczne<\/li>\n<li data-start=\"1657\" data-end=\"1778\">Szczeg\u00f3\u0142owa dokumentacja techniczna, lista obs\u0142ugiwanych pojazd\u00f3w oraz materia\u0142y wideo dost\u0119pne s\u0105 w pakiecie do pobrania<\/li>\n<\/ul>\n<hr data-start=\"1780\" data-end=\"1783\" \/>\n<p data-start=\"1785\" data-end=\"1818\"><strong data-start=\"1788\" data-end=\"1816\">Idealne rozwi\u0105zanie dla:<\/strong><\/p>\n<ul>\n<li data-start=\"1821\" data-end=\"1849\">warsztat\u00f3w diagnostycznych<\/li>\n<li data-start=\"1852\" data-end=\"1898\">firm zajmuj\u0105cych si\u0119 elektronik\u0105 samochodow\u0105<\/li>\n<li data-start=\"1901\" data-end=\"1949\">profesjonalnych programist\u00f3w modu\u0142\u00f3w i licznik\u00f3w<\/li>\n<\/ul>\n<hr data-start=\"1780\" data-end=\"1783\" \/>\n<p data-start=\"1821\" data-end=\"1849\"><strong>Lista obs\u0142ugiwanych pojazd\u00f3w:<\/strong><\/p>\n<ul>\n<li><span dir=\"auto\">GENESIS G70 IK 2018\u20262019 (16-bitowy EOL, EEPROM, ODO)<\/span><\/li>\n<li><span dir=\"auto\">GENESIS G70-II IK 2020\u20262021 (16-bitowy EOL, certyfikacja ICU)<\/span><\/li>\n<li><span dir=\"auto\">GENESIS GV70 JK1 2021 (EOL, certyfikat ICU)<\/span><\/li>\n<li><span dir=\"auto\">GENESIS G80 RG3 2021 (16-bitowy EOL, EEPROM, ODO, certyfikacja ICU)<\/span><\/li>\n<li><span dir=\"auto\">GENESIS GV80 JX1 2021 (16-bitowy EOL, EEPROM, ODO, certyfikacja ICU)<\/span><\/li>\n<li><span dir=\"auto\">HYUNDAI Accent 2018\u20262021 (16-bitowy EOL, EEPROM, ODO)<\/span><\/li>\n<li><span dir=\"auto\">HYUNDAI i20 BC3 2021 (wersja 32-bitowa EOL, certyfikacja ICU)<\/span><\/li>\n<li><span dir=\"auto\">HYUNDAI \u0421reta GS 2016\u20262020 (16-bit EOL, EEPROM, ODO)<\/span><\/li>\n<li><span dir=\"auto\">HYUNDAI \u0421reta SU2 2021\u20262022 Convenience (16-bit EOL, ICU Certification)<\/span><\/li>\n<li><span dir=\"auto\">HYUNDAI \u0421reta SU2 2021\u20262022 Supervision (32-bit EOL, ICU Certification)<\/span><\/li>\n<li><span dir=\"auto\">HYUNDAI Elantra CN7 2022 (16-bit EOL, certyfikacja ICU)<\/span><\/li>\n<li><span dir=\"auto\">HYUNDAI Palisade LX2 2021 (16-bit EOL, certyfikacja ICU)<\/span><\/li>\n<li><span dir=\"auto\">HYUNDAI SantaFe TM 2021 (16-bitowy EOL, certyfikacja ICU)<\/span><\/li>\n<li><span dir=\"auto\">HYUNDAI Solaris 2018\u20262021 (16-bitowy EOL, EEPROM, ODO)<\/span><\/li>\n<li><span dir=\"auto\">HYUNDAI Solaris 2021\u20262022 (16-bitowy EOL, ~EEPROM)<\/span><\/li>\n<li><span dir=\"auto\">HYUNDAI Sonata DN8 2021 (16-bitowy EOL, EEPROM, ODO, certyfikacja ICU)<\/span><\/li>\n<li><span dir=\"auto\">HYUNDAI Staria US4 2021 (32-bit EOL, ICU Certification)<\/span><\/li>\n<li><span dir=\"auto\">HYUNDAI Tucson TL 2015\u20262020 (16-bit EOL, EEPROM, ODO)<\/span><\/li>\n<li><span dir=\"auto\">HYUNDAI Tucson NX4 2020\u20262021 (32-bitowy EOL, certyfikacja ICU)<\/span><\/li>\n<li><span dir=\"auto\">KIA Carnival KA4 2021 (wersja 16-bitowa32-bitowa EOL, certyfikacja ICU)<\/span><\/li>\n<li><span dir=\"auto\">KIA Ceed CD 2018 (16-bitowy EOL, certyfikacja ICU)<\/span><\/li>\n<li><span dir=\"auto\">KIA Ceed JD 2016\u20262018 (16-bit EOL, EEPROM, ODO)<\/span><\/li>\n<li><span dir=\"auto\">KIA Mohave 2022 (16-bitowy EOL, certyfikacja ICU)<\/span><\/li>\n<li><span dir=\"auto\">KIA OptimaK5 2012 (EEPROM, ODO)<\/span><\/li>\n<li><span dir=\"auto\">KIA OptimaK5 JF4 2016\u20262020 (16-bitowy EOL, EEPROM, ODO)<\/span><\/li>\n<li><span dir=\"auto\">KIA OptimaK5 DL3 2020\u20262021 (16-bitowy EOL, EEPROM, ODO, certyfikacja ICU)<\/span><\/li>\n<li><span dir=\"auto\">KIA Rio FB 2018\u20262021 (16-bit EOL, EEPROM, ODO)<\/span><\/li>\n<li><span dir=\"auto\">KIA Rio FB 2021\u20262022 (16-bitowy EOL, ~EEPROM)<\/span><\/li>\n<li><span dir=\"auto\">KIA Seltos SP2 2019\u20262021 (16-bitowy EOL, certyfikat ICU)<\/span><\/li>\n<li><span dir=\"auto\">KIA Sportage QL 2016\u20262020 Convenience (16-bit EOL, EEPROM, ODO)<\/span><\/li>\n<li><span dir=\"auto\">KIA Sportage QL 2016\u20262020 Supervision (16-bit EOL)<\/span><\/li>\n<li><span dir=\"auto\">KIA Sorento UM Prime VDOContinental, (16-bitowy EOL, EEPROM, ODO)<\/span><\/li>\n<li><span dir=\"auto\">KIA Sorento UM USA DENSO (16-bitowy EOL)<\/span><\/li>\n<li><span dir=\"auto\">KIA Sorento MQ4 2020 (16-bitowy EOL, EEPROM, ODO, certyfikacja ICU)<\/span><\/li>\n<li><span dir=\"auto\">KIA Stinger CK 2018\u20262020 (16-bitowy EOL, EEPROM, ODO, certyfikacja ICU)<\/span><\/li>\n<li><span dir=\"auto\">KIA Soul SK3 2018\u20262020 (wersja 16-bitowa EOL, certyfikacja ICU)<\/span><\/li>\n<\/ul>\n","protected":false},"excerpt":{"rendered":"<p><strong data-start=\"212\" data-end=\"228\">CAN-CODER L2<\/strong> to profesjonalna licencja umo\u017cliwiaj\u0105ca wariantowe kodowanie zestaw\u00f3w wska\u017anik\u00f3w (licznik\u00f3w) w pojazdach <strong data-start=\"334\" data-end=\"363\">KIA, HYUNDAI oraz GENESIS<\/strong> poprzez z\u0142\u0105cze diagnostyczne <strong data-start=\"393\" data-end=\"401\">OBD2<\/strong>. Rozwi\u0105zanie przeznaczone jest wy\u0142\u0105cznie dla specjalist\u00f3w z bran\u017cy diagnostyki i elektroniki samochodowej.<\/p>\n","protected":false},"featured_media":368764,"template":"","meta":{"_monsterinsights_skip_tracking":false,"_monsterinsights_sitenote_active":false,"_monsterinsights_sitenote_note":"","_monsterinsights_sitenote_category":0},"product_brand":[],"product_cat":[5285,5064,5065],"product_tag":[4086,8979,8554,8980,1636,8981,8982,8983,8984,8547,8985,8986,7192,8987],"class_list":{"0":"post-368749","1":"product","2":"type-product","3":"status-publish","4":"has-post-thumbnail","6":"product_cat-can-hacker-pl","7":"product_cat-programatory-pl","8":"product_cat-programatory-uniwersalne-pl","9":"product_tag-bcm","10":"product_tag-can-coder-l2","11":"product_tag-elektronika-samochodowa","12":"product_tag-genesis","13":"product_tag-hyundai-pl","14":"product_tag-ips","15":"product_tag-kalibracja-licznika","16":"product_tag-kia","17":"product_tag-kodowanie-licznikow","18":"product_tag-korekta-przebiegu","19":"product_tag-licencja-diagnostyczna","20":"product_tag-licencja-oprogramowania","21":"product_tag-obd2","22":"product_tag-oprogramowanie-diagnostyczne","24":"first","25":"instock","26":"taxable","27":"shipping-taxable","28":"purchasable","29":"product-type-simple"},"yoast_head":"<!-- This site is optimized with the Yoast SEO plugin v25.2 - https:\/\/yoast.com\/wordpress\/plugins\/seo\/ -->\n<title>CAN-CODER L2 \u2013 Licencja do kodowania licznik\u00f3w KIA \/ HYUNDAI \/ GENESIS - Chiptuningmarket<\/title>\n<meta name=\"description\" content=\"CAN-CODER L2 to profesjonalna licencja umo\u017cliwiaj\u0105ca wariantowe kodowanie zestaw\u00f3w wska\u017anik\u00f3w (licznik\u00f3w) w pojazdach KIA, HYUNDAI oraz GENESIS poprzez z\u0142\u0105cze diagnostyczne OBD2. Rozwi\u0105zanie przeznaczone jest wy\u0142\u0105cznie dla specjalist\u00f3w z bran\u017cy diagnostyki i elektroniki samochodowej.\" \/>\n<meta name=\"robots\" content=\"index, follow, max-snippet:-1, max-image-preview:large, max-video-preview:-1\" \/>\n<link rel=\"canonical\" href=\"https:\/\/chiptuningmarket.com\/pl\/shop\/programatory-pl\/programatory-uniwersalne-pl\/can-hacker-pl\/can-coder-l2-licencja-do-kodowania-licznikow-kia-hyundai-genesis\/\" \/>\n<meta property=\"og:locale\" content=\"pl_PL\" \/>\n<meta property=\"og:type\" content=\"article\" \/>\n<meta property=\"og:title\" content=\"CAN-CODER L2 \u2013 Licencja do kodowania licznik\u00f3w KIA \/ HYUNDAI \/ GENESIS - Chiptuningmarket\" \/>\n<meta property=\"og:description\" content=\"CAN-CODER L2 to profesjonalna licencja umo\u017cliwiaj\u0105ca wariantowe kodowanie zestaw\u00f3w wska\u017anik\u00f3w (licznik\u00f3w) w pojazdach KIA, HYUNDAI oraz GENESIS poprzez z\u0142\u0105cze diagnostyczne OBD2. Rozwi\u0105zanie przeznaczone jest wy\u0142\u0105cznie dla specjalist\u00f3w z bran\u017cy diagnostyki i elektroniki samochodowej.\" \/>\n<meta property=\"og:url\" content=\"https:\/\/chiptuningmarket.com\/pl\/shop\/programatory-pl\/programatory-uniwersalne-pl\/can-hacker-pl\/can-coder-l2-licencja-do-kodowania-licznikow-kia-hyundai-genesis\/\" \/>\n<meta property=\"og:site_name\" content=\"Chiptuningmarket\" \/>\n<meta property=\"article:modified_time\" content=\"2026-01-29T08:15:19+00:00\" \/>\n<meta property=\"og:image\" content=\"https:\/\/chiptuningmarket.com\/wp-content\/uploads\/2026\/01\/Logo.jpg\" \/>\n\t<meta property=\"og:image:width\" content=\"1550\" \/>\n\t<meta property=\"og:image:height\" content=\"800\" \/>\n\t<meta property=\"og:image:type\" content=\"image\/jpeg\" \/>\n<meta name=\"twitter:card\" content=\"summary_large_image\" \/>\n<meta name=\"twitter:label1\" content=\"Szacowany czas czytania\" \/>\n\t<meta name=\"twitter:data1\" content=\"3 minuty\" \/>\n<script type=\"application\/ld+json\" class=\"yoast-schema-graph\">{\"@context\":\"https:\/\/schema.org\",\"@graph\":[{\"@type\":\"WebPage\",\"@id\":\"https:\/\/chiptuningmarket.com\/pl\/shop\/programatory-pl\/programatory-uniwersalne-pl\/can-hacker-pl\/can-coder-l2-licencja-do-kodowania-licznikow-kia-hyundai-genesis\/\",\"url\":\"https:\/\/chiptuningmarket.com\/pl\/shop\/programatory-pl\/programatory-uniwersalne-pl\/can-hacker-pl\/can-coder-l2-licencja-do-kodowania-licznikow-kia-hyundai-genesis\/\",\"name\":\"CAN-CODER L2 \u2013 Licencja do kodowania licznik\u00f3w KIA \/ HYUNDAI \/ GENESIS - Chiptuningmarket\",\"isPartOf\":{\"@id\":\"https:\/\/chiptuningmarket.com\/ru\/#website\"},\"primaryImageOfPage\":{\"@id\":\"https:\/\/chiptuningmarket.com\/pl\/shop\/programatory-pl\/programatory-uniwersalne-pl\/can-hacker-pl\/can-coder-l2-licencja-do-kodowania-licznikow-kia-hyundai-genesis\/#primaryimage\"},\"image\":{\"@id\":\"https:\/\/chiptuningmarket.com\/pl\/shop\/programatory-pl\/programatory-uniwersalne-pl\/can-hacker-pl\/can-coder-l2-licencja-do-kodowania-licznikow-kia-hyundai-genesis\/#primaryimage\"},\"thumbnailUrl\":\"https:\/\/chiptuningmarket.com\/wp-content\/uploads\/2026\/01\/Logo.jpg\",\"datePublished\":\"2026-01-24T11:09:12+00:00\",\"dateModified\":\"2026-01-29T08:15:19+00:00\",\"description\":\"CAN-CODER L2 to profesjonalna licencja umo\u017cliwiaj\u0105ca wariantowe kodowanie zestaw\u00f3w wska\u017anik\u00f3w (licznik\u00f3w) w pojazdach KIA, HYUNDAI oraz GENESIS poprzez z\u0142\u0105cze diagnostyczne OBD2. Rozwi\u0105zanie przeznaczone jest wy\u0142\u0105cznie dla specjalist\u00f3w z bran\u017cy diagnostyki i elektroniki samochodowej.\",\"breadcrumb\":{\"@id\":\"https:\/\/chiptuningmarket.com\/pl\/shop\/programatory-pl\/programatory-uniwersalne-pl\/can-hacker-pl\/can-coder-l2-licencja-do-kodowania-licznikow-kia-hyundai-genesis\/#breadcrumb\"},\"inLanguage\":\"pl-PL\",\"potentialAction\":[{\"@type\":\"ReadAction\",\"target\":[\"https:\/\/chiptuningmarket.com\/pl\/shop\/programatory-pl\/programatory-uniwersalne-pl\/can-hacker-pl\/can-coder-l2-licencja-do-kodowania-licznikow-kia-hyundai-genesis\/\"]}]},{\"@type\":\"ImageObject\",\"inLanguage\":\"pl-PL\",\"@id\":\"https:\/\/chiptuningmarket.com\/pl\/shop\/programatory-pl\/programatory-uniwersalne-pl\/can-hacker-pl\/can-coder-l2-licencja-do-kodowania-licznikow-kia-hyundai-genesis\/#primaryimage\",\"url\":\"https:\/\/chiptuningmarket.com\/wp-content\/uploads\/2026\/01\/Logo.jpg\",\"contentUrl\":\"https:\/\/chiptuningmarket.com\/wp-content\/uploads\/2026\/01\/Logo.jpg\",\"width\":1550,\"height\":800},{\"@type\":\"BreadcrumbList\",\"@id\":\"https:\/\/chiptuningmarket.com\/pl\/shop\/programatory-pl\/programatory-uniwersalne-pl\/can-hacker-pl\/can-coder-l2-licencja-do-kodowania-licznikow-kia-hyundai-genesis\/#breadcrumb\",\"itemListElement\":[{\"@type\":\"ListItem\",\"position\":1,\"name\":\"Home\",\"item\":\"https:\/\/chiptuningmarket.com\/pl\/\"},{\"@type\":\"ListItem\",\"position\":2,\"name\":\"Sklep\",\"item\":\"https:\/\/chiptuningmarket.com\/pl\/shop\/\"},{\"@type\":\"ListItem\",\"position\":3,\"name\":\"CAN-CODER L2 \u2013 Licencja do kodowania licznik\u00f3w KIA \/ HYUNDAI \/ GENESIS\"}]},{\"@type\":\"WebSite\",\"@id\":\"https:\/\/chiptuningmarket.com\/ru\/#website\",\"url\":\"https:\/\/chiptuningmarket.com\/ru\/\",\"name\":\"Chiptuningmarket\",\"description\":\"Biggest chiptuning shop in Europe\",\"publisher\":{\"@id\":\"https:\/\/chiptuningmarket.com\/ru\/#organization\"},\"alternateName\":\"Worldwide ecu tools supplier\",\"potentialAction\":[{\"@type\":\"SearchAction\",\"target\":{\"@type\":\"EntryPoint\",\"urlTemplate\":\"https:\/\/chiptuningmarket.com\/ru\/?s={search_term_string}\"},\"query-input\":{\"@type\":\"PropertyValueSpecification\",\"valueRequired\":true,\"valueName\":\"search_term_string\"}}],\"inLanguage\":\"pl-PL\"},{\"@type\":\"Organization\",\"@id\":\"https:\/\/chiptuningmarket.com\/ru\/#organization\",\"name\":\"Chiptuningmarket\",\"alternateName\":\"Chiptuning tools supplier\",\"url\":\"https:\/\/chiptuningmarket.com\/ru\/\",\"logo\":{\"@type\":\"ImageObject\",\"inLanguage\":\"pl-PL\",\"@id\":\"https:\/\/chiptuningmarket.com\/ru\/#\/schema\/logo\/image\/\",\"url\":\"https:\/\/chiptuningmarket.com\/wp-content\/uploads\/2023\/05\/logo-ChipTuningMarket-social.png\",\"contentUrl\":\"https:\/\/chiptuningmarket.com\/wp-content\/uploads\/2023\/05\/logo-ChipTuningMarket-social.png\",\"width\":512,\"height\":512,\"caption\":\"Chiptuningmarket\"},\"image\":{\"@id\":\"https:\/\/chiptuningmarket.com\/ru\/#\/schema\/logo\/image\/\"}}]}<\/script>\n<!-- \/ Yoast SEO plugin. -->","yoast_head_json":{"title":"CAN-CODER L2 \u2013 Licencja do kodowania licznik\u00f3w KIA \/ HYUNDAI \/ GENESIS - Chiptuningmarket","description":"CAN-CODER L2 to profesjonalna licencja umo\u017cliwiaj\u0105ca wariantowe kodowanie zestaw\u00f3w wska\u017anik\u00f3w (licznik\u00f3w) w pojazdach KIA, HYUNDAI oraz GENESIS poprzez z\u0142\u0105cze diagnostyczne OBD2. Rozwi\u0105zanie przeznaczone jest wy\u0142\u0105cznie dla specjalist\u00f3w z bran\u017cy diagnostyki i elektroniki samochodowej.","robots":{"index":"index","follow":"follow","max-snippet":"max-snippet:-1","max-image-preview":"max-image-preview:large","max-video-preview":"max-video-preview:-1"},"canonical":"https:\/\/chiptuningmarket.com\/pl\/shop\/programatory-pl\/programatory-uniwersalne-pl\/can-hacker-pl\/can-coder-l2-licencja-do-kodowania-licznikow-kia-hyundai-genesis\/","og_locale":"pl_PL","og_type":"article","og_title":"CAN-CODER L2 \u2013 Licencja do kodowania licznik\u00f3w KIA \/ HYUNDAI \/ GENESIS - Chiptuningmarket","og_description":"CAN-CODER L2 to profesjonalna licencja umo\u017cliwiaj\u0105ca wariantowe kodowanie zestaw\u00f3w wska\u017anik\u00f3w (licznik\u00f3w) w pojazdach KIA, HYUNDAI oraz GENESIS poprzez z\u0142\u0105cze diagnostyczne OBD2. Rozwi\u0105zanie przeznaczone jest wy\u0142\u0105cznie dla specjalist\u00f3w z bran\u017cy diagnostyki i elektroniki samochodowej.","og_url":"https:\/\/chiptuningmarket.com\/pl\/shop\/programatory-pl\/programatory-uniwersalne-pl\/can-hacker-pl\/can-coder-l2-licencja-do-kodowania-licznikow-kia-hyundai-genesis\/","og_site_name":"Chiptuningmarket","article_modified_time":"2026-01-29T08:15:19+00:00","og_image":[{"width":1550,"height":800,"url":"https:\/\/chiptuningmarket.com\/wp-content\/uploads\/2026\/01\/Logo.jpg","type":"image\/jpeg"}],"twitter_card":"summary_large_image","twitter_misc":{"Szacowany czas czytania":"3 minuty"},"schema":{"@context":"https:\/\/schema.org","@graph":[{"@type":"WebPage","@id":"https:\/\/chiptuningmarket.com\/pl\/shop\/programatory-pl\/programatory-uniwersalne-pl\/can-hacker-pl\/can-coder-l2-licencja-do-kodowania-licznikow-kia-hyundai-genesis\/","url":"https:\/\/chiptuningmarket.com\/pl\/shop\/programatory-pl\/programatory-uniwersalne-pl\/can-hacker-pl\/can-coder-l2-licencja-do-kodowania-licznikow-kia-hyundai-genesis\/","name":"CAN-CODER L2 \u2013 Licencja do kodowania licznik\u00f3w KIA \/ HYUNDAI \/ GENESIS - Chiptuningmarket","isPartOf":{"@id":"https:\/\/chiptuningmarket.com\/ru\/#website"},"primaryImageOfPage":{"@id":"https:\/\/chiptuningmarket.com\/pl\/shop\/programatory-pl\/programatory-uniwersalne-pl\/can-hacker-pl\/can-coder-l2-licencja-do-kodowania-licznikow-kia-hyundai-genesis\/#primaryimage"},"image":{"@id":"https:\/\/chiptuningmarket.com\/pl\/shop\/programatory-pl\/programatory-uniwersalne-pl\/can-hacker-pl\/can-coder-l2-licencja-do-kodowania-licznikow-kia-hyundai-genesis\/#primaryimage"},"thumbnailUrl":"https:\/\/chiptuningmarket.com\/wp-content\/uploads\/2026\/01\/Logo.jpg","datePublished":"2026-01-24T11:09:12+00:00","dateModified":"2026-01-29T08:15:19+00:00","description":"CAN-CODER L2 to profesjonalna licencja umo\u017cliwiaj\u0105ca wariantowe kodowanie zestaw\u00f3w wska\u017anik\u00f3w (licznik\u00f3w) w pojazdach KIA, HYUNDAI oraz GENESIS poprzez z\u0142\u0105cze diagnostyczne OBD2. Rozwi\u0105zanie przeznaczone jest wy\u0142\u0105cznie dla specjalist\u00f3w z bran\u017cy diagnostyki i elektroniki samochodowej.","breadcrumb":{"@id":"https:\/\/chiptuningmarket.com\/pl\/shop\/programatory-pl\/programatory-uniwersalne-pl\/can-hacker-pl\/can-coder-l2-licencja-do-kodowania-licznikow-kia-hyundai-genesis\/#breadcrumb"},"inLanguage":"pl-PL","potentialAction":[{"@type":"ReadAction","target":["https:\/\/chiptuningmarket.com\/pl\/shop\/programatory-pl\/programatory-uniwersalne-pl\/can-hacker-pl\/can-coder-l2-licencja-do-kodowania-licznikow-kia-hyundai-genesis\/"]}]},{"@type":"ImageObject","inLanguage":"pl-PL","@id":"https:\/\/chiptuningmarket.com\/pl\/shop\/programatory-pl\/programatory-uniwersalne-pl\/can-hacker-pl\/can-coder-l2-licencja-do-kodowania-licznikow-kia-hyundai-genesis\/#primaryimage","url":"https:\/\/chiptuningmarket.com\/wp-content\/uploads\/2026\/01\/Logo.jpg","contentUrl":"https:\/\/chiptuningmarket.com\/wp-content\/uploads\/2026\/01\/Logo.jpg","width":1550,"height":800},{"@type":"BreadcrumbList","@id":"https:\/\/chiptuningmarket.com\/pl\/shop\/programatory-pl\/programatory-uniwersalne-pl\/can-hacker-pl\/can-coder-l2-licencja-do-kodowania-licznikow-kia-hyundai-genesis\/#breadcrumb","itemListElement":[{"@type":"ListItem","position":1,"name":"Home","item":"https:\/\/chiptuningmarket.com\/pl\/"},{"@type":"ListItem","position":2,"name":"Sklep","item":"https:\/\/chiptuningmarket.com\/pl\/shop\/"},{"@type":"ListItem","position":3,"name":"CAN-CODER L2 \u2013 Licencja do kodowania licznik\u00f3w KIA \/ HYUNDAI \/ GENESIS"}]},{"@type":"WebSite","@id":"https:\/\/chiptuningmarket.com\/ru\/#website","url":"https:\/\/chiptuningmarket.com\/ru\/","name":"Chiptuningmarket","description":"Biggest chiptuning shop in Europe","publisher":{"@id":"https:\/\/chiptuningmarket.com\/ru\/#organization"},"alternateName":"Worldwide ecu tools supplier","potentialAction":[{"@type":"SearchAction","target":{"@type":"EntryPoint","urlTemplate":"https:\/\/chiptuningmarket.com\/ru\/?s={search_term_string}"},"query-input":{"@type":"PropertyValueSpecification","valueRequired":true,"valueName":"search_term_string"}}],"inLanguage":"pl-PL"},{"@type":"Organization","@id":"https:\/\/chiptuningmarket.com\/ru\/#organization","name":"Chiptuningmarket","alternateName":"Chiptuning tools supplier","url":"https:\/\/chiptuningmarket.com\/ru\/","logo":{"@type":"ImageObject","inLanguage":"pl-PL","@id":"https:\/\/chiptuningmarket.com\/ru\/#\/schema\/logo\/image\/","url":"https:\/\/chiptuningmarket.com\/wp-content\/uploads\/2023\/05\/logo-ChipTuningMarket-social.png","contentUrl":"https:\/\/chiptuningmarket.com\/wp-content\/uploads\/2023\/05\/logo-ChipTuningMarket-social.png","width":512,"height":512,"caption":"Chiptuningmarket"},"image":{"@id":"https:\/\/chiptuningmarket.com\/ru\/#\/schema\/logo\/image\/"}}]}},"_links":{"self":[{"href":"https:\/\/chiptuningmarket.com\/pl\/wp-json\/wp\/v2\/product\/368749","targetHints":{"allow":["GET"]}}],"collection":[{"href":"https:\/\/chiptuningmarket.com\/pl\/wp-json\/wp\/v2\/product"}],"about":[{"href":"https:\/\/chiptuningmarket.com\/pl\/wp-json\/wp\/v2\/types\/product"}],"wp:featuredmedia":[{"embeddable":true,"href":"https:\/\/chiptuningmarket.com\/pl\/wp-json\/wp\/v2\/media\/368764"}],"wp:attachment":[{"href":"https:\/\/chiptuningmarket.com\/pl\/wp-json\/wp\/v2\/media?parent=368749"}],"wp:term":[{"taxonomy":"product_brand","embeddable":true,"href":"https:\/\/chiptuningmarket.com\/pl\/wp-json\/wp\/v2\/product_brand?post=368749"},{"taxonomy":"product_cat","embeddable":true,"href":"https:\/\/chiptuningmarket.com\/pl\/wp-json\/wp\/v2\/product_cat?post=368749"},{"taxonomy":"product_tag","embeddable":true,"href":"https:\/\/chiptuningmarket.com\/pl\/wp-json\/wp\/v2\/product_tag?post=368749"}],"curies":[{"name":"wp","href":"https:\/\/api.w.org\/{rel}","templated":true}]}}