{"id":368965,"date":"2026-01-24T12:52:00","date_gmt":"2026-01-24T11:52:00","guid":{"rendered":"https:\/\/chiptuningmarket.com\/?post_type=product&#038;p=368965"},"modified":"2026-01-24T12:52:04","modified_gmt":"2026-01-24T11:52:04","slug":"przedluzacz-przewodu-zasilajacego-autovei-3-m-do-dc2-d205112006","status":"publish","type":"product","link":"https:\/\/chiptuningmarket.com\/pl\/shop\/akcesoria-chiptuning-pl\/przewody-autovei-pl\/przedluzacz-przewodu-zasilajacego-autovei-3-m-do-dc2-d205112006\/","title":{"rendered":"Przed\u0142u\u017cacz przewodu zasilaj\u0105cego AutoVEI 3 m do DC2 D205112006"},"content":{"rendered":"<p>Oryginalny przed\u0142u\u017cacz przewodu\u00a0 zasilaj\u0105cego <strong>AutoVEI<\/strong> o d\u0142ugo\u015bci 3\u202fm, przeznaczony do interfejsu <strong>DC2<\/strong>. Idealny do profesjonalnych narz\u0119dzi diagnostycznych <strong>AutoVEI Truck Explorer.<\/strong><\/p>\n","protected":false},"excerpt":{"rendered":"<p>Oryginalny przed\u0142u\u017cacz przewodu\u00a0 zasilaj\u0105cego <strong>AutoVEI<\/strong> o d\u0142ugo\u015bci 3\u202fm, przeznaczony do interfejsu <strong>DC2<\/strong>. Idealny do profesjonalnych narz\u0119dzi diagnostycznych <strong>AutoVEI Truck Explorer.<\/strong><\/p>\n","protected":false},"featured_media":368963,"template":"","meta":{"_monsterinsights_skip_tracking":false,"_monsterinsights_sitenote_active":false,"_monsterinsights_sitenote_note":"","_monsterinsights_sitenote_category":0},"product_brand":[],"product_cat":[5060,5085],"product_tag":[8996,3090,8995,3243,8997,8994,7720],"class_list":{"0":"post-368965","1":"product","2":"type-product","3":"status-publish","4":"has-post-thumbnail","6":"product_cat-akcesoria-chiptuning-pl","7":"product_cat-przewody-autovei-pl","8":"product_tag-akcesoria-autovei","9":"product_tag-autovei-2","10":"product_tag-dc2","11":"product_tag-diagnostyka-ciezarowek","12":"product_tag-interfejs-dc2","13":"product_tag-przedluzacz-kabla","14":"product_tag-truck-explorer","16":"first","17":"instock","18":"taxable","19":"shipping-taxable","20":"purchasable","21":"product-type-simple"},"yoast_head":"<!-- This site is optimized with the Yoast SEO plugin v25.2 - https:\/\/yoast.com\/wordpress\/plugins\/seo\/ -->\n<title>Przed\u0142u\u017cacz przewodu zasilaj\u0105cego AutoVEI 3 m do DC2 D205112006 - Chiptuningmarket<\/title>\n<meta name=\"description\" content=\"Oryginalny przed\u0142u\u017cacz przewodu\u00a0 zasilaj\u0105cego AutoVEI o d\u0142ugo\u015bci 3\u202fm, przeznaczony do interfejsu DC2. Idealny do profesjonalnych narz\u0119dzi diagnostycznych AutoVEI Truck Explorer.\" \/>\n<meta name=\"robots\" content=\"index, follow, max-snippet:-1, max-image-preview:large, max-video-preview:-1\" \/>\n<link rel=\"canonical\" href=\"https:\/\/chiptuningmarket.com\/pl\/shop\/akcesoria-chiptuning-pl\/przewody-autovei-pl\/przedluzacz-przewodu-zasilajacego-autovei-3-m-do-dc2-d205112006\/\" \/>\n<meta property=\"og:locale\" content=\"pl_PL\" \/>\n<meta property=\"og:type\" content=\"article\" \/>\n<meta property=\"og:title\" content=\"Przed\u0142u\u017cacz przewodu zasilaj\u0105cego AutoVEI 3 m do DC2 D205112006 - Chiptuningmarket\" \/>\n<meta property=\"og:description\" content=\"Oryginalny przed\u0142u\u017cacz przewodu\u00a0 zasilaj\u0105cego AutoVEI o d\u0142ugo\u015bci 3\u202fm, przeznaczony do interfejsu DC2. Idealny do profesjonalnych narz\u0119dzi diagnostycznych AutoVEI Truck Explorer.\" \/>\n<meta property=\"og:url\" content=\"https:\/\/chiptuningmarket.com\/pl\/shop\/akcesoria-chiptuning-pl\/przewody-autovei-pl\/przedluzacz-przewodu-zasilajacego-autovei-3-m-do-dc2-d205112006\/\" \/>\n<meta property=\"og:site_name\" content=\"Chiptuningmarket\" \/>\n<meta property=\"article:modified_time\" content=\"2026-01-24T11:52:04+00:00\" \/>\n<meta property=\"og:image\" content=\"https:\/\/chiptuningmarket.com\/wp-content\/uploads\/2026\/01\/Przedluzacz-przewodu-zasilajacego-AutoVEI-3-m-do-DC2-D205112006.jpg\" \/>\n\t<meta property=\"og:image:width\" content=\"800\" \/>\n\t<meta property=\"og:image:height\" content=\"600\" \/>\n\t<meta property=\"og:image:type\" content=\"image\/jpeg\" \/>\n<meta name=\"twitter:card\" content=\"summary_large_image\" \/>\n<meta name=\"twitter:label1\" content=\"Szacowany czas czytania\" \/>\n\t<meta name=\"twitter:data1\" content=\"1 minuta\" \/>\n<script type=\"application\/ld+json\" class=\"yoast-schema-graph\">{\"@context\":\"https:\/\/schema.org\",\"@graph\":[{\"@type\":\"WebPage\",\"@id\":\"https:\/\/chiptuningmarket.com\/pl\/shop\/akcesoria-chiptuning-pl\/przewody-autovei-pl\/przedluzacz-przewodu-zasilajacego-autovei-3-m-do-dc2-d205112006\/\",\"url\":\"https:\/\/chiptuningmarket.com\/pl\/shop\/akcesoria-chiptuning-pl\/przewody-autovei-pl\/przedluzacz-przewodu-zasilajacego-autovei-3-m-do-dc2-d205112006\/\",\"name\":\"Przed\u0142u\u017cacz przewodu zasilaj\u0105cego AutoVEI 3 m do DC2 D205112006 - Chiptuningmarket\",\"isPartOf\":{\"@id\":\"https:\/\/chiptuningmarket.com\/pl\/#website\"},\"primaryImageOfPage\":{\"@id\":\"https:\/\/chiptuningmarket.com\/pl\/shop\/akcesoria-chiptuning-pl\/przewody-autovei-pl\/przedluzacz-przewodu-zasilajacego-autovei-3-m-do-dc2-d205112006\/#primaryimage\"},\"image\":{\"@id\":\"https:\/\/chiptuningmarket.com\/pl\/shop\/akcesoria-chiptuning-pl\/przewody-autovei-pl\/przedluzacz-przewodu-zasilajacego-autovei-3-m-do-dc2-d205112006\/#primaryimage\"},\"thumbnailUrl\":\"https:\/\/chiptuningmarket.com\/wp-content\/uploads\/2026\/01\/Przedluzacz-przewodu-zasilajacego-AutoVEI-3-m-do-DC2-D205112006.jpg\",\"datePublished\":\"2026-01-24T11:52:00+00:00\",\"dateModified\":\"2026-01-24T11:52:04+00:00\",\"description\":\"Oryginalny przed\u0142u\u017cacz przewodu\u00a0 zasilaj\u0105cego AutoVEI o d\u0142ugo\u015bci 3\u202fm, przeznaczony do interfejsu DC2. Idealny do profesjonalnych narz\u0119dzi diagnostycznych AutoVEI Truck Explorer.\",\"breadcrumb\":{\"@id\":\"https:\/\/chiptuningmarket.com\/pl\/shop\/akcesoria-chiptuning-pl\/przewody-autovei-pl\/przedluzacz-przewodu-zasilajacego-autovei-3-m-do-dc2-d205112006\/#breadcrumb\"},\"inLanguage\":\"pl-PL\",\"potentialAction\":[{\"@type\":\"ReadAction\",\"target\":[\"https:\/\/chiptuningmarket.com\/pl\/shop\/akcesoria-chiptuning-pl\/przewody-autovei-pl\/przedluzacz-przewodu-zasilajacego-autovei-3-m-do-dc2-d205112006\/\"]}]},{\"@type\":\"ImageObject\",\"inLanguage\":\"pl-PL\",\"@id\":\"https:\/\/chiptuningmarket.com\/pl\/shop\/akcesoria-chiptuning-pl\/przewody-autovei-pl\/przedluzacz-przewodu-zasilajacego-autovei-3-m-do-dc2-d205112006\/#primaryimage\",\"url\":\"https:\/\/chiptuningmarket.com\/wp-content\/uploads\/2026\/01\/Przedluzacz-przewodu-zasilajacego-AutoVEI-3-m-do-DC2-D205112006.jpg\",\"contentUrl\":\"https:\/\/chiptuningmarket.com\/wp-content\/uploads\/2026\/01\/Przedluzacz-przewodu-zasilajacego-AutoVEI-3-m-do-DC2-D205112006.jpg\",\"width\":800,\"height\":600},{\"@type\":\"BreadcrumbList\",\"@id\":\"https:\/\/chiptuningmarket.com\/pl\/shop\/akcesoria-chiptuning-pl\/przewody-autovei-pl\/przedluzacz-przewodu-zasilajacego-autovei-3-m-do-dc2-d205112006\/#breadcrumb\",\"itemListElement\":[{\"@type\":\"ListItem\",\"position\":1,\"name\":\"Home\",\"item\":\"https:\/\/chiptuningmarket.com\/pl\/\"},{\"@type\":\"ListItem\",\"position\":2,\"name\":\"Sklep\",\"item\":\"https:\/\/chiptuningmarket.com\/pl\/shop\/\"},{\"@type\":\"ListItem\",\"position\":3,\"name\":\"Przed\u0142u\u017cacz przewodu zasilaj\u0105cego AutoVEI 3 m do DC2 D205112006\"}]},{\"@type\":\"WebSite\",\"@id\":\"https:\/\/chiptuningmarket.com\/pl\/#website\",\"url\":\"https:\/\/chiptuningmarket.com\/pl\/\",\"name\":\"Chiptuningmarket\",\"description\":\"Biggest chiptuning shop in Europe\",\"publisher\":{\"@id\":\"https:\/\/chiptuningmarket.com\/pl\/#organization\"},\"alternateName\":\"Worldwide ecu tools supplier\",\"potentialAction\":[{\"@type\":\"SearchAction\",\"target\":{\"@type\":\"EntryPoint\",\"urlTemplate\":\"https:\/\/chiptuningmarket.com\/pl\/?s={search_term_string}\"},\"query-input\":{\"@type\":\"PropertyValueSpecification\",\"valueRequired\":true,\"valueName\":\"search_term_string\"}}],\"inLanguage\":\"pl-PL\"},{\"@type\":\"Organization\",\"@id\":\"https:\/\/chiptuningmarket.com\/pl\/#organization\",\"name\":\"Chiptuningmarket\",\"alternateName\":\"Chiptuning tools supplier\",\"url\":\"https:\/\/chiptuningmarket.com\/pl\/\",\"logo\":{\"@type\":\"ImageObject\",\"inLanguage\":\"pl-PL\",\"@id\":\"https:\/\/chiptuningmarket.com\/pl\/#\/schema\/logo\/image\/\",\"url\":\"https:\/\/chiptuningmarket.com\/wp-content\/uploads\/2023\/05\/logo-ChipTuningMarket-social.png\",\"contentUrl\":\"https:\/\/chiptuningmarket.com\/wp-content\/uploads\/2023\/05\/logo-ChipTuningMarket-social.png\",\"width\":512,\"height\":512,\"caption\":\"Chiptuningmarket\"},\"image\":{\"@id\":\"https:\/\/chiptuningmarket.com\/pl\/#\/schema\/logo\/image\/\"}}]}<\/script>\n<!-- \/ Yoast SEO plugin. -->","yoast_head_json":{"title":"Przed\u0142u\u017cacz przewodu zasilaj\u0105cego AutoVEI 3 m do DC2 D205112006 - Chiptuningmarket","description":"Oryginalny przed\u0142u\u017cacz przewodu\u00a0 zasilaj\u0105cego AutoVEI o d\u0142ugo\u015bci 3\u202fm, przeznaczony do interfejsu DC2. Idealny do profesjonalnych narz\u0119dzi diagnostycznych AutoVEI Truck Explorer.","robots":{"index":"index","follow":"follow","max-snippet":"max-snippet:-1","max-image-preview":"max-image-preview:large","max-video-preview":"max-video-preview:-1"},"canonical":"https:\/\/chiptuningmarket.com\/pl\/shop\/akcesoria-chiptuning-pl\/przewody-autovei-pl\/przedluzacz-przewodu-zasilajacego-autovei-3-m-do-dc2-d205112006\/","og_locale":"pl_PL","og_type":"article","og_title":"Przed\u0142u\u017cacz przewodu zasilaj\u0105cego AutoVEI 3 m do DC2 D205112006 - Chiptuningmarket","og_description":"Oryginalny przed\u0142u\u017cacz przewodu\u00a0 zasilaj\u0105cego AutoVEI o d\u0142ugo\u015bci 3\u202fm, przeznaczony do interfejsu DC2. Idealny do profesjonalnych narz\u0119dzi diagnostycznych AutoVEI Truck Explorer.","og_url":"https:\/\/chiptuningmarket.com\/pl\/shop\/akcesoria-chiptuning-pl\/przewody-autovei-pl\/przedluzacz-przewodu-zasilajacego-autovei-3-m-do-dc2-d205112006\/","og_site_name":"Chiptuningmarket","article_modified_time":"2026-01-24T11:52:04+00:00","og_image":[{"width":800,"height":600,"url":"https:\/\/chiptuningmarket.com\/wp-content\/uploads\/2026\/01\/Przedluzacz-przewodu-zasilajacego-AutoVEI-3-m-do-DC2-D205112006.jpg","type":"image\/jpeg"}],"twitter_card":"summary_large_image","twitter_misc":{"Szacowany czas czytania":"1 minuta"},"schema":{"@context":"https:\/\/schema.org","@graph":[{"@type":"WebPage","@id":"https:\/\/chiptuningmarket.com\/pl\/shop\/akcesoria-chiptuning-pl\/przewody-autovei-pl\/przedluzacz-przewodu-zasilajacego-autovei-3-m-do-dc2-d205112006\/","url":"https:\/\/chiptuningmarket.com\/pl\/shop\/akcesoria-chiptuning-pl\/przewody-autovei-pl\/przedluzacz-przewodu-zasilajacego-autovei-3-m-do-dc2-d205112006\/","name":"Przed\u0142u\u017cacz przewodu zasilaj\u0105cego AutoVEI 3 m do DC2 D205112006 - Chiptuningmarket","isPartOf":{"@id":"https:\/\/chiptuningmarket.com\/pl\/#website"},"primaryImageOfPage":{"@id":"https:\/\/chiptuningmarket.com\/pl\/shop\/akcesoria-chiptuning-pl\/przewody-autovei-pl\/przedluzacz-przewodu-zasilajacego-autovei-3-m-do-dc2-d205112006\/#primaryimage"},"image":{"@id":"https:\/\/chiptuningmarket.com\/pl\/shop\/akcesoria-chiptuning-pl\/przewody-autovei-pl\/przedluzacz-przewodu-zasilajacego-autovei-3-m-do-dc2-d205112006\/#primaryimage"},"thumbnailUrl":"https:\/\/chiptuningmarket.com\/wp-content\/uploads\/2026\/01\/Przedluzacz-przewodu-zasilajacego-AutoVEI-3-m-do-DC2-D205112006.jpg","datePublished":"2026-01-24T11:52:00+00:00","dateModified":"2026-01-24T11:52:04+00:00","description":"Oryginalny przed\u0142u\u017cacz przewodu\u00a0 zasilaj\u0105cego AutoVEI o d\u0142ugo\u015bci 3\u202fm, przeznaczony do interfejsu DC2. Idealny do profesjonalnych narz\u0119dzi diagnostycznych AutoVEI Truck Explorer.","breadcrumb":{"@id":"https:\/\/chiptuningmarket.com\/pl\/shop\/akcesoria-chiptuning-pl\/przewody-autovei-pl\/przedluzacz-przewodu-zasilajacego-autovei-3-m-do-dc2-d205112006\/#breadcrumb"},"inLanguage":"pl-PL","potentialAction":[{"@type":"ReadAction","target":["https:\/\/chiptuningmarket.com\/pl\/shop\/akcesoria-chiptuning-pl\/przewody-autovei-pl\/przedluzacz-przewodu-zasilajacego-autovei-3-m-do-dc2-d205112006\/"]}]},{"@type":"ImageObject","inLanguage":"pl-PL","@id":"https:\/\/chiptuningmarket.com\/pl\/shop\/akcesoria-chiptuning-pl\/przewody-autovei-pl\/przedluzacz-przewodu-zasilajacego-autovei-3-m-do-dc2-d205112006\/#primaryimage","url":"https:\/\/chiptuningmarket.com\/wp-content\/uploads\/2026\/01\/Przedluzacz-przewodu-zasilajacego-AutoVEI-3-m-do-DC2-D205112006.jpg","contentUrl":"https:\/\/chiptuningmarket.com\/wp-content\/uploads\/2026\/01\/Przedluzacz-przewodu-zasilajacego-AutoVEI-3-m-do-DC2-D205112006.jpg","width":800,"height":600},{"@type":"BreadcrumbList","@id":"https:\/\/chiptuningmarket.com\/pl\/shop\/akcesoria-chiptuning-pl\/przewody-autovei-pl\/przedluzacz-przewodu-zasilajacego-autovei-3-m-do-dc2-d205112006\/#breadcrumb","itemListElement":[{"@type":"ListItem","position":1,"name":"Home","item":"https:\/\/chiptuningmarket.com\/pl\/"},{"@type":"ListItem","position":2,"name":"Sklep","item":"https:\/\/chiptuningmarket.com\/pl\/shop\/"},{"@type":"ListItem","position":3,"name":"Przed\u0142u\u017cacz przewodu zasilaj\u0105cego AutoVEI 3 m do DC2 D205112006"}]},{"@type":"WebSite","@id":"https:\/\/chiptuningmarket.com\/pl\/#website","url":"https:\/\/chiptuningmarket.com\/pl\/","name":"Chiptuningmarket","description":"Biggest chiptuning shop in Europe","publisher":{"@id":"https:\/\/chiptuningmarket.com\/pl\/#organization"},"alternateName":"Worldwide ecu tools supplier","potentialAction":[{"@type":"SearchAction","target":{"@type":"EntryPoint","urlTemplate":"https:\/\/chiptuningmarket.com\/pl\/?s={search_term_string}"},"query-input":{"@type":"PropertyValueSpecification","valueRequired":true,"valueName":"search_term_string"}}],"inLanguage":"pl-PL"},{"@type":"Organization","@id":"https:\/\/chiptuningmarket.com\/pl\/#organization","name":"Chiptuningmarket","alternateName":"Chiptuning tools supplier","url":"https:\/\/chiptuningmarket.com\/pl\/","logo":{"@type":"ImageObject","inLanguage":"pl-PL","@id":"https:\/\/chiptuningmarket.com\/pl\/#\/schema\/logo\/image\/","url":"https:\/\/chiptuningmarket.com\/wp-content\/uploads\/2023\/05\/logo-ChipTuningMarket-social.png","contentUrl":"https:\/\/chiptuningmarket.com\/wp-content\/uploads\/2023\/05\/logo-ChipTuningMarket-social.png","width":512,"height":512,"caption":"Chiptuningmarket"},"image":{"@id":"https:\/\/chiptuningmarket.com\/pl\/#\/schema\/logo\/image\/"}}]}},"_links":{"self":[{"href":"https:\/\/chiptuningmarket.com\/pl\/wp-json\/wp\/v2\/product\/368965","targetHints":{"allow":["GET"]}}],"collection":[{"href":"https:\/\/chiptuningmarket.com\/pl\/wp-json\/wp\/v2\/product"}],"about":[{"href":"https:\/\/chiptuningmarket.com\/pl\/wp-json\/wp\/v2\/types\/product"}],"wp:featuredmedia":[{"embeddable":true,"href":"https:\/\/chiptuningmarket.com\/pl\/wp-json\/wp\/v2\/media\/368963"}],"wp:attachment":[{"href":"https:\/\/chiptuningmarket.com\/pl\/wp-json\/wp\/v2\/media?parent=368965"}],"wp:term":[{"taxonomy":"product_brand","embeddable":true,"href":"https:\/\/chiptuningmarket.com\/pl\/wp-json\/wp\/v2\/product_brand?post=368965"},{"taxonomy":"product_cat","embeddable":true,"href":"https:\/\/chiptuningmarket.com\/pl\/wp-json\/wp\/v2\/product_cat?post=368965"},{"taxonomy":"product_tag","embeddable":true,"href":"https:\/\/chiptuningmarket.com\/pl\/wp-json\/wp\/v2\/product_tag?post=368965"}],"curies":[{"name":"wp","href":"https:\/\/api.w.org\/{rel}","templated":true}]}}