{"id":373570,"date":"2026-01-28T18:04:19","date_gmt":"2026-01-28T17:04:19","guid":{"rendered":"https:\/\/chiptuningmarket.com\/?post_type=product&#038;p=373570"},"modified":"2026-01-28T18:08:05","modified_gmt":"2026-01-28T17:08:05","slug":"przewod-autovei-2m-dc2u-tcm01-d215111009","status":"publish","type":"product","link":"https:\/\/chiptuningmarket.com\/pl\/shop\/akcesoria-chiptuning-pl\/przewody-autovei-pl\/przewod-autovei-2m-dc2u-tcm01-d215111009\/","title":{"rendered":"Przew\u00f3d AutoVEI 2m. DC2U-TCM01  D215111009"},"content":{"rendered":"<p><span style=\"color: #000000\"><strong>AUTOVEI DC2-TCM 2 m D215111009<\/strong> to profesjonalny przew\u00f3d diagnostyczno-programuj\u0105cy przeznaczony do pracy z modu\u0142ami steruj\u0105cymi skrzyni bieg\u00f3w (TCM) w pojazdach ci\u0119\u017carowych, autobusach oraz maszynach u\u017cytkowych.<\/span><\/p>\n<p lang=\"en-US\" align=\"LEFT\"><span style=\"color: #000000\"><span style=\"font-family: Times New Roman, serif\"><span style=\"font-size: medium\">Produkt zapewnia stabilne po\u0142\u0105czenie z systemem <strong>AutoVEI DirectConnect 2U (DC2U)<\/strong> oraz narz\u0119dziami <strong>Truck Explorer<\/strong>, umo\u017cliwiaj\u0105c odczyt, zapis i programowanie sterownik\u00f3w skrzyni bieg\u00f3w. <span lang=\"pl-PL\">Przew\u00f3d <\/span>jest stosowany przez warsztaty, serwisy ECU oraz elektronik\u00f3w samochodowych zajmuj\u0105cych si\u0119 profesjonaln\u0105 diagnostyk\u0105.<\/span><\/span><\/span><\/p>\n<p lang=\"en-US\" align=\"LEFT\"><span style=\"color: #000000\"><span style=\"font-family: Times New Roman, serif\"><span style=\"font-size: medium\">Dzi\u0119ki wysokiej jako\u015bci wykonania i ekranowaniu sygna\u0142u kabel gwarantuje niezawodn\u0105 transmisj\u0119 danych podczas pracy<span lang=\"pl-PL\">.<\/span><\/span><\/span><\/span><\/p>\n","protected":false},"excerpt":{"rendered":"<p><span style=\"color: #000000\"><strong>AUTOVEI DC2-TCM 2 m D215111009<\/strong> to profesjonalny przew\u00f3d diagnostyczno-programuj\u0105cy przeznaczony do pracy z modu\u0142ami steruj\u0105cymi skrzyni bieg\u00f3w (TCM) w pojazdach ci\u0119\u017carowych, autobusach oraz maszynach u\u017cytkowych.<\/span><\/p>\n<p lang=\"en-US\" align=\"LEFT\"><span style=\"color: #000000\"><span style=\"font-family: Times New Roman, serif\"><span style=\"font-size: medium\">Produkt zapewnia stabilne po\u0142\u0105czenie z systemem <strong>AutoVEI DirectConnect 2U (DC2U)<\/strong> oraz narz\u0119dziami <strong>Truck Explorer<\/strong>, umo\u017cliwiaj\u0105c odczyt, zapis i programowanie sterownik\u00f3w skrzyni bieg\u00f3w. <span lang=\"pl-PL\">Przew\u00f3d <\/span>jest stosowany przez warsztaty, serwisy ECU oraz elektronik\u00f3w samochodowych zajmuj\u0105cych si\u0119 profesjonaln\u0105 diagnostyk\u0105.<\/span><\/span><\/span><\/p>\n<p lang=\"en-US\" align=\"LEFT\"><span style=\"color: #000000\"><span style=\"font-family: Times New Roman, serif\"><span style=\"font-size: medium\">Dzi\u0119ki wysokiej jako\u015bci wykonania i ekranowaniu sygna\u0142u kabel gwarantuje niezawodn\u0105 transmisj\u0119 danych podczas pracy<span lang=\"pl-PL\">.<\/span><\/span><\/span><\/span><\/p>\n","protected":false},"featured_media":373583,"template":"","meta":{"_monsterinsights_skip_tracking":false,"_monsterinsights_sitenote_active":false,"_monsterinsights_sitenote_note":"","_monsterinsights_sitenote_category":0},"product_brand":[],"product_cat":[5060,5085],"product_tag":[3090,9029,9028,8786,8596,9032,9031,9030,9033,7720],"class_list":{"0":"post-373570","1":"product","2":"type-product","3":"status-publish","4":"has-post-thumbnail","6":"product_cat-akcesoria-chiptuning-pl","7":"product_cat-przewody-autovei-pl","8":"product_tag-autovei-2","9":"product_tag-d215111009","10":"product_tag-dc2-tcm","11":"product_tag-diagnostyka-skrzyni-biegow","12":"product_tag-directconnect-2u","13":"product_tag-ecu-cable-truck","14":"product_tag-programowanie-tcm","15":"product_tag-przewod-tcm","16":"product_tag-tcm-cable","17":"product_tag-truck-explorer","19":"first","20":"instock","21":"taxable","22":"shipping-taxable","23":"purchasable","24":"product-type-simple"},"yoast_head":"<!-- This site is optimized with the Yoast SEO plugin v25.2 - https:\/\/yoast.com\/wordpress\/plugins\/seo\/ -->\n<title>Przew\u00f3d AutoVEI 2m. DC2U-TCM01 D215111009 - Chiptuningmarket<\/title>\n<meta name=\"description\" content=\"AUTOVEI DC2-TCM 2 m D215111009 to profesjonalny przew\u00f3d diagnostyczno-programuj\u0105cy przeznaczony do pracy z modu\u0142ami steruj\u0105cymi skrzyni bieg\u00f3w (TCM) w pojazdach ci\u0119\u017carowych, autobusach oraz maszynach u\u017cytkowych.\" \/>\n<meta name=\"robots\" content=\"index, follow, max-snippet:-1, max-image-preview:large, max-video-preview:-1\" \/>\n<link rel=\"canonical\" href=\"https:\/\/chiptuningmarket.com\/pl\/shop\/akcesoria-chiptuning-pl\/przewody-autovei-pl\/przewod-autovei-2m-dc2u-tcm01-d215111009\/\" \/>\n<meta property=\"og:locale\" content=\"pl_PL\" \/>\n<meta property=\"og:type\" content=\"article\" \/>\n<meta property=\"og:title\" content=\"Przew\u00f3d AutoVEI 2m. DC2U-TCM01 D215111009 - Chiptuningmarket\" \/>\n<meta property=\"og:description\" content=\"AUTOVEI DC2-TCM 2 m D215111009 to profesjonalny przew\u00f3d diagnostyczno-programuj\u0105cy przeznaczony do pracy z modu\u0142ami steruj\u0105cymi skrzyni bieg\u00f3w (TCM) w pojazdach ci\u0119\u017carowych, autobusach oraz maszynach u\u017cytkowych.\" \/>\n<meta property=\"og:url\" content=\"https:\/\/chiptuningmarket.com\/pl\/shop\/akcesoria-chiptuning-pl\/przewody-autovei-pl\/przewod-autovei-2m-dc2u-tcm01-d215111009\/\" \/>\n<meta property=\"og:site_name\" content=\"Chiptuningmarket\" \/>\n<meta property=\"article:modified_time\" content=\"2026-01-28T17:08:05+00:00\" \/>\n<meta property=\"og:image\" content=\"https:\/\/chiptuningmarket.com\/wp-content\/uploads\/2026\/01\/Przewod-AutoVEI-2m.-DC2U-TCM01-D215111009.jpg\" \/>\n\t<meta property=\"og:image:width\" content=\"800\" \/>\n\t<meta property=\"og:image:height\" content=\"600\" \/>\n\t<meta property=\"og:image:type\" content=\"image\/jpeg\" \/>\n<meta name=\"twitter:card\" content=\"summary_large_image\" \/>\n<meta name=\"twitter:label1\" content=\"Szacowany czas czytania\" \/>\n\t<meta name=\"twitter:data1\" content=\"1 minuta\" \/>\n<script type=\"application\/ld+json\" class=\"yoast-schema-graph\">{\"@context\":\"https:\/\/schema.org\",\"@graph\":[{\"@type\":\"WebPage\",\"@id\":\"https:\/\/chiptuningmarket.com\/pl\/shop\/akcesoria-chiptuning-pl\/przewody-autovei-pl\/przewod-autovei-2m-dc2u-tcm01-d215111009\/\",\"url\":\"https:\/\/chiptuningmarket.com\/pl\/shop\/akcesoria-chiptuning-pl\/przewody-autovei-pl\/przewod-autovei-2m-dc2u-tcm01-d215111009\/\",\"name\":\"Przew\u00f3d AutoVEI 2m. DC2U-TCM01 D215111009 - Chiptuningmarket\",\"isPartOf\":{\"@id\":\"https:\/\/chiptuningmarket.com\/pl\/#website\"},\"primaryImageOfPage\":{\"@id\":\"https:\/\/chiptuningmarket.com\/pl\/shop\/akcesoria-chiptuning-pl\/przewody-autovei-pl\/przewod-autovei-2m-dc2u-tcm01-d215111009\/#primaryimage\"},\"image\":{\"@id\":\"https:\/\/chiptuningmarket.com\/pl\/shop\/akcesoria-chiptuning-pl\/przewody-autovei-pl\/przewod-autovei-2m-dc2u-tcm01-d215111009\/#primaryimage\"},\"thumbnailUrl\":\"https:\/\/chiptuningmarket.com\/wp-content\/uploads\/2026\/01\/Przewod-AutoVEI-2m.-DC2U-TCM01-D215111009.jpg\",\"datePublished\":\"2026-01-28T17:04:19+00:00\",\"dateModified\":\"2026-01-28T17:08:05+00:00\",\"description\":\"AUTOVEI DC2-TCM 2 m D215111009 to profesjonalny przew\u00f3d diagnostyczno-programuj\u0105cy przeznaczony do pracy z modu\u0142ami steruj\u0105cymi skrzyni bieg\u00f3w (TCM) w pojazdach ci\u0119\u017carowych, autobusach oraz maszynach u\u017cytkowych.\",\"breadcrumb\":{\"@id\":\"https:\/\/chiptuningmarket.com\/pl\/shop\/akcesoria-chiptuning-pl\/przewody-autovei-pl\/przewod-autovei-2m-dc2u-tcm01-d215111009\/#breadcrumb\"},\"inLanguage\":\"pl-PL\",\"potentialAction\":[{\"@type\":\"ReadAction\",\"target\":[\"https:\/\/chiptuningmarket.com\/pl\/shop\/akcesoria-chiptuning-pl\/przewody-autovei-pl\/przewod-autovei-2m-dc2u-tcm01-d215111009\/\"]}]},{\"@type\":\"ImageObject\",\"inLanguage\":\"pl-PL\",\"@id\":\"https:\/\/chiptuningmarket.com\/pl\/shop\/akcesoria-chiptuning-pl\/przewody-autovei-pl\/przewod-autovei-2m-dc2u-tcm01-d215111009\/#primaryimage\",\"url\":\"https:\/\/chiptuningmarket.com\/wp-content\/uploads\/2026\/01\/Przewod-AutoVEI-2m.-DC2U-TCM01-D215111009.jpg\",\"contentUrl\":\"https:\/\/chiptuningmarket.com\/wp-content\/uploads\/2026\/01\/Przewod-AutoVEI-2m.-DC2U-TCM01-D215111009.jpg\",\"width\":800,\"height\":600},{\"@type\":\"BreadcrumbList\",\"@id\":\"https:\/\/chiptuningmarket.com\/pl\/shop\/akcesoria-chiptuning-pl\/przewody-autovei-pl\/przewod-autovei-2m-dc2u-tcm01-d215111009\/#breadcrumb\",\"itemListElement\":[{\"@type\":\"ListItem\",\"position\":1,\"name\":\"Home\",\"item\":\"https:\/\/chiptuningmarket.com\/pl\/\"},{\"@type\":\"ListItem\",\"position\":2,\"name\":\"Sklep\",\"item\":\"https:\/\/chiptuningmarket.com\/pl\/shop\/\"},{\"@type\":\"ListItem\",\"position\":3,\"name\":\"Przew\u00f3d AutoVEI 2m. DC2U-TCM01 D215111009\"}]},{\"@type\":\"WebSite\",\"@id\":\"https:\/\/chiptuningmarket.com\/pl\/#website\",\"url\":\"https:\/\/chiptuningmarket.com\/pl\/\",\"name\":\"Chiptuningmarket\",\"description\":\"Biggest chiptuning shop in Europe\",\"publisher\":{\"@id\":\"https:\/\/chiptuningmarket.com\/pl\/#organization\"},\"alternateName\":\"Worldwide ecu tools supplier\",\"potentialAction\":[{\"@type\":\"SearchAction\",\"target\":{\"@type\":\"EntryPoint\",\"urlTemplate\":\"https:\/\/chiptuningmarket.com\/pl\/?s={search_term_string}\"},\"query-input\":{\"@type\":\"PropertyValueSpecification\",\"valueRequired\":true,\"valueName\":\"search_term_string\"}}],\"inLanguage\":\"pl-PL\"},{\"@type\":\"Organization\",\"@id\":\"https:\/\/chiptuningmarket.com\/pl\/#organization\",\"name\":\"Chiptuningmarket\",\"alternateName\":\"Chiptuning tools supplier\",\"url\":\"https:\/\/chiptuningmarket.com\/pl\/\",\"logo\":{\"@type\":\"ImageObject\",\"inLanguage\":\"pl-PL\",\"@id\":\"https:\/\/chiptuningmarket.com\/pl\/#\/schema\/logo\/image\/\",\"url\":\"https:\/\/chiptuningmarket.com\/wp-content\/uploads\/2023\/05\/logo-ChipTuningMarket-social.png\",\"contentUrl\":\"https:\/\/chiptuningmarket.com\/wp-content\/uploads\/2023\/05\/logo-ChipTuningMarket-social.png\",\"width\":512,\"height\":512,\"caption\":\"Chiptuningmarket\"},\"image\":{\"@id\":\"https:\/\/chiptuningmarket.com\/pl\/#\/schema\/logo\/image\/\"}}]}<\/script>\n<!-- \/ Yoast SEO plugin. -->","yoast_head_json":{"title":"Przew\u00f3d AutoVEI 2m. DC2U-TCM01 D215111009 - Chiptuningmarket","description":"AUTOVEI DC2-TCM 2 m D215111009 to profesjonalny przew\u00f3d diagnostyczno-programuj\u0105cy przeznaczony do pracy z modu\u0142ami steruj\u0105cymi skrzyni bieg\u00f3w (TCM) w pojazdach ci\u0119\u017carowych, autobusach oraz maszynach u\u017cytkowych.","robots":{"index":"index","follow":"follow","max-snippet":"max-snippet:-1","max-image-preview":"max-image-preview:large","max-video-preview":"max-video-preview:-1"},"canonical":"https:\/\/chiptuningmarket.com\/pl\/shop\/akcesoria-chiptuning-pl\/przewody-autovei-pl\/przewod-autovei-2m-dc2u-tcm01-d215111009\/","og_locale":"pl_PL","og_type":"article","og_title":"Przew\u00f3d AutoVEI 2m. DC2U-TCM01 D215111009 - Chiptuningmarket","og_description":"AUTOVEI DC2-TCM 2 m D215111009 to profesjonalny przew\u00f3d diagnostyczno-programuj\u0105cy przeznaczony do pracy z modu\u0142ami steruj\u0105cymi skrzyni bieg\u00f3w (TCM) w pojazdach ci\u0119\u017carowych, autobusach oraz maszynach u\u017cytkowych.","og_url":"https:\/\/chiptuningmarket.com\/pl\/shop\/akcesoria-chiptuning-pl\/przewody-autovei-pl\/przewod-autovei-2m-dc2u-tcm01-d215111009\/","og_site_name":"Chiptuningmarket","article_modified_time":"2026-01-28T17:08:05+00:00","og_image":[{"width":800,"height":600,"url":"https:\/\/chiptuningmarket.com\/wp-content\/uploads\/2026\/01\/Przewod-AutoVEI-2m.-DC2U-TCM01-D215111009.jpg","type":"image\/jpeg"}],"twitter_card":"summary_large_image","twitter_misc":{"Szacowany czas czytania":"1 minuta"},"schema":{"@context":"https:\/\/schema.org","@graph":[{"@type":"WebPage","@id":"https:\/\/chiptuningmarket.com\/pl\/shop\/akcesoria-chiptuning-pl\/przewody-autovei-pl\/przewod-autovei-2m-dc2u-tcm01-d215111009\/","url":"https:\/\/chiptuningmarket.com\/pl\/shop\/akcesoria-chiptuning-pl\/przewody-autovei-pl\/przewod-autovei-2m-dc2u-tcm01-d215111009\/","name":"Przew\u00f3d AutoVEI 2m. DC2U-TCM01 D215111009 - Chiptuningmarket","isPartOf":{"@id":"https:\/\/chiptuningmarket.com\/pl\/#website"},"primaryImageOfPage":{"@id":"https:\/\/chiptuningmarket.com\/pl\/shop\/akcesoria-chiptuning-pl\/przewody-autovei-pl\/przewod-autovei-2m-dc2u-tcm01-d215111009\/#primaryimage"},"image":{"@id":"https:\/\/chiptuningmarket.com\/pl\/shop\/akcesoria-chiptuning-pl\/przewody-autovei-pl\/przewod-autovei-2m-dc2u-tcm01-d215111009\/#primaryimage"},"thumbnailUrl":"https:\/\/chiptuningmarket.com\/wp-content\/uploads\/2026\/01\/Przewod-AutoVEI-2m.-DC2U-TCM01-D215111009.jpg","datePublished":"2026-01-28T17:04:19+00:00","dateModified":"2026-01-28T17:08:05+00:00","description":"AUTOVEI DC2-TCM 2 m D215111009 to profesjonalny przew\u00f3d diagnostyczno-programuj\u0105cy przeznaczony do pracy z modu\u0142ami steruj\u0105cymi skrzyni bieg\u00f3w (TCM) w pojazdach ci\u0119\u017carowych, autobusach oraz maszynach u\u017cytkowych.","breadcrumb":{"@id":"https:\/\/chiptuningmarket.com\/pl\/shop\/akcesoria-chiptuning-pl\/przewody-autovei-pl\/przewod-autovei-2m-dc2u-tcm01-d215111009\/#breadcrumb"},"inLanguage":"pl-PL","potentialAction":[{"@type":"ReadAction","target":["https:\/\/chiptuningmarket.com\/pl\/shop\/akcesoria-chiptuning-pl\/przewody-autovei-pl\/przewod-autovei-2m-dc2u-tcm01-d215111009\/"]}]},{"@type":"ImageObject","inLanguage":"pl-PL","@id":"https:\/\/chiptuningmarket.com\/pl\/shop\/akcesoria-chiptuning-pl\/przewody-autovei-pl\/przewod-autovei-2m-dc2u-tcm01-d215111009\/#primaryimage","url":"https:\/\/chiptuningmarket.com\/wp-content\/uploads\/2026\/01\/Przewod-AutoVEI-2m.-DC2U-TCM01-D215111009.jpg","contentUrl":"https:\/\/chiptuningmarket.com\/wp-content\/uploads\/2026\/01\/Przewod-AutoVEI-2m.-DC2U-TCM01-D215111009.jpg","width":800,"height":600},{"@type":"BreadcrumbList","@id":"https:\/\/chiptuningmarket.com\/pl\/shop\/akcesoria-chiptuning-pl\/przewody-autovei-pl\/przewod-autovei-2m-dc2u-tcm01-d215111009\/#breadcrumb","itemListElement":[{"@type":"ListItem","position":1,"name":"Home","item":"https:\/\/chiptuningmarket.com\/pl\/"},{"@type":"ListItem","position":2,"name":"Sklep","item":"https:\/\/chiptuningmarket.com\/pl\/shop\/"},{"@type":"ListItem","position":3,"name":"Przew\u00f3d AutoVEI 2m. DC2U-TCM01 D215111009"}]},{"@type":"WebSite","@id":"https:\/\/chiptuningmarket.com\/pl\/#website","url":"https:\/\/chiptuningmarket.com\/pl\/","name":"Chiptuningmarket","description":"Biggest chiptuning shop in Europe","publisher":{"@id":"https:\/\/chiptuningmarket.com\/pl\/#organization"},"alternateName":"Worldwide ecu tools supplier","potentialAction":[{"@type":"SearchAction","target":{"@type":"EntryPoint","urlTemplate":"https:\/\/chiptuningmarket.com\/pl\/?s={search_term_string}"},"query-input":{"@type":"PropertyValueSpecification","valueRequired":true,"valueName":"search_term_string"}}],"inLanguage":"pl-PL"},{"@type":"Organization","@id":"https:\/\/chiptuningmarket.com\/pl\/#organization","name":"Chiptuningmarket","alternateName":"Chiptuning tools supplier","url":"https:\/\/chiptuningmarket.com\/pl\/","logo":{"@type":"ImageObject","inLanguage":"pl-PL","@id":"https:\/\/chiptuningmarket.com\/pl\/#\/schema\/logo\/image\/","url":"https:\/\/chiptuningmarket.com\/wp-content\/uploads\/2023\/05\/logo-ChipTuningMarket-social.png","contentUrl":"https:\/\/chiptuningmarket.com\/wp-content\/uploads\/2023\/05\/logo-ChipTuningMarket-social.png","width":512,"height":512,"caption":"Chiptuningmarket"},"image":{"@id":"https:\/\/chiptuningmarket.com\/pl\/#\/schema\/logo\/image\/"}}]}},"_links":{"self":[{"href":"https:\/\/chiptuningmarket.com\/pl\/wp-json\/wp\/v2\/product\/373570","targetHints":{"allow":["GET"]}}],"collection":[{"href":"https:\/\/chiptuningmarket.com\/pl\/wp-json\/wp\/v2\/product"}],"about":[{"href":"https:\/\/chiptuningmarket.com\/pl\/wp-json\/wp\/v2\/types\/product"}],"wp:featuredmedia":[{"embeddable":true,"href":"https:\/\/chiptuningmarket.com\/pl\/wp-json\/wp\/v2\/media\/373583"}],"wp:attachment":[{"href":"https:\/\/chiptuningmarket.com\/pl\/wp-json\/wp\/v2\/media?parent=373570"}],"wp:term":[{"taxonomy":"product_brand","embeddable":true,"href":"https:\/\/chiptuningmarket.com\/pl\/wp-json\/wp\/v2\/product_brand?post=373570"},{"taxonomy":"product_cat","embeddable":true,"href":"https:\/\/chiptuningmarket.com\/pl\/wp-json\/wp\/v2\/product_cat?post=373570"},{"taxonomy":"product_tag","embeddable":true,"href":"https:\/\/chiptuningmarket.com\/pl\/wp-json\/wp\/v2\/product_tag?post=373570"}],"curies":[{"name":"wp","href":"https:\/\/api.w.org\/{rel}","templated":true}]}}