{"id":376611,"date":"2026-01-30T07:45:34","date_gmt":"2026-01-30T06:45:34","guid":{"rendered":"https:\/\/chiptuningmarket.com\/?post_type=product&#038;p=376611"},"modified":"2026-01-30T07:46:16","modified_gmt":"2026-01-30T06:46:16","slug":"zestaw-przewodow-bootrom-do-jednostek-cummins-walizka-flx01-003","status":"publish","type":"product","link":"https:\/\/chiptuningmarket.com\/pl\/shop\/akcesoria-chiptuning-pl\/magicmotorsport-flex-pl\/bdm-boot-pl\/zestaw-przewodow-bootrom-do-jednostek-cummins-walizka-flx01-003\/","title":{"rendered":"Zestaw przewod\u00f3w BootROM do jednostek Cummins + walizka FLX01.003"},"content":{"rendered":"<p data-start=\"164\" data-end=\"305\"><strong data-start=\"164\" data-end=\"305\">Zestaw przewod\u00f3w do pracy w trybie Bench z jednostkami steruj\u0105cymi Cummins, z funkcj\u0105 BootROM oraz walizk\u0105 Magicmotorsport.<\/strong><\/p>\n<h3 data-start=\"307\" data-end=\"324\">G\u0142\u00f3wne cechy:<\/h3>\n<ul>\n<li data-start=\"327\" data-end=\"402\">Kompatybilno\u015b\u0107 z szerok\u0105 gam\u0105 sterownik\u00f3w Cummins (od CM2100A do CM2450B)<\/li>\n<li data-start=\"405\" data-end=\"475\">Umo\u017cliwia pe\u0142ne programowanie ECU oraz przywracanie w trybie BootROM<\/li>\n<li data-start=\"478\" data-end=\"537\">Sztywna walizka z uchwytem do przechowywania i transportu<\/li>\n<\/ul>\n<p data-start=\"539\" data-end=\"858\">Zestaw kabli BootROM do sterownik\u00f3w Cummins to kompleksowe rozwi\u0105zanie przeznaczone dla profesjonalist\u00f3w pracuj\u0105cych z pojazdami ci\u0119\u017carowymi. Zestaw zawiera komplet przewod\u00f3w kompatybilnych z wieloma jednostkami steruj\u0105cymi Cummins, umo\u017cliwiaj\u0105cych bezpo\u015brednie po\u0142\u0105czenie Bench za pomoc\u0105 programatora Magicmotorsport Flex.<\/p>\n<h3 data-start=\"860\" data-end=\"897\">Zestaw zawiera nast\u0119puj\u0105ce przewody:<\/h3>\n<ul>\n<li data-start=\"900\" data-end=\"935\"><strong data-start=\"900\" data-end=\"911\">FLX2.75<\/strong> \u2013 dla Cummins CM2100A<\/li>\n<li data-start=\"938\" data-end=\"983\"><strong data-start=\"938\" data-end=\"949\">FLX2.76<\/strong> \u2013 dla Cummins CM2150C \/ CM2150E<\/li>\n<li data-start=\"986\" data-end=\"1031\"><strong data-start=\"986\" data-end=\"997\">FLX2.77<\/strong> \u2013 dla Cummins CM2200A \/ CM2200B<\/li>\n<li data-start=\"1034\" data-end=\"1089\"><strong data-start=\"1034\" data-end=\"1045\">FLX2.78<\/strong> \u2013 dla Cummins CM2220A \/ CM2220B \/ CM2220C<\/li>\n<li data-start=\"1092\" data-end=\"1126\"><strong data-start=\"1092\" data-end=\"1103\">FLX2.79<\/strong> \u2013 dla Cummins CM2250<\/li>\n<li data-start=\"1129\" data-end=\"1174\"><strong data-start=\"1129\" data-end=\"1140\">FLX2.80<\/strong> \u2013 dla Cummins CM2350A \/ CM2450A<\/li>\n<li data-start=\"1177\" data-end=\"1222\"><strong data-start=\"1177\" data-end=\"1188\">FLX2.81<\/strong> \u2013 dla Cummins CM2350B \/ CM2450B<\/li>\n<\/ul>\n<p data-start=\"1224\" data-end=\"1368\">W zestawie znajduje si\u0119 r\u00f3wnie\u017c firmowa sztywna walizka z uchwytem i podw\u00f3jnym systemem zamykania, zapewniaj\u0105ca bezpieczne przechowywanie kabli.<\/p>\n<p data-start=\"1370\" data-end=\"1680\">Dzi\u0119ki trybowi BootROM \u2013 dost\u0119pnemu bezp\u0142atnie w Flex poprzez funkcj\u0119 Enable BootROM \u2013 mo\u017cliwy jest dost\u0119p do niskopoziomowych danych ECU nawet w przypadku zablokowanego sterownika, uszkodzonego firmware lub niekompatybilnego pliku. Tryb ten umo\u017cliwia pe\u0142ne programowanie firmware oraz przywr\u00f3cenie urz\u0105dzenia.<\/p>\n<p data-start=\"1682\" data-end=\"1846\">Ten zestaw jest idealnym wyborem dla os\u00f3b, kt\u00f3re chc\u0105 efektywnie pracowa\u0107 z uszkodzonymi lub zablokowanymi jednostkami steruj\u0105cymi, bez konieczno\u015bci otwierania ECU.<\/p>\n","protected":false},"excerpt":{"rendered":"<p><strong data-start=\"269\" data-end=\"333\">Magicmotorsport Flex BootROM Cable Kit Cummins CM2100\u2013CM2450<\/strong> to profesjonalny zestaw przewod\u00f3w przeznaczony do pracy z jednostkami steruj\u0105cymi ECU Cummins w trybie Bench oraz BootROM. Zestaw zosta\u0142 stworzony z my\u015bl\u0105 o tunerach, warsztatach elektronicznych oraz serwisach pojazd\u00f3w ci\u0119\u017carowych i maszyn.<\/p>\n","protected":false},"featured_media":376554,"template":"","meta":{"_monsterinsights_skip_tracking":false,"_monsterinsights_sitenote_active":false,"_monsterinsights_sitenote_note":"","_monsterinsights_sitenote_category":0},"product_brand":[],"product_cat":[5060,5131,5129],"product_tag":[9051,9042,9041,9043,9044,9045,9046,9047,9048,9049,8075,8035,8068,9053,9040,9052,9050,2835,8024],"class_list":{"0":"post-376611","1":"product","2":"type-product","3":"status-publish","4":"has-post-thumbnail","6":"product_cat-akcesoria-chiptuning-pl","7":"product_cat-bdm-boot-pl","8":"product_cat-magicmotorsport-flex-pl","9":"product_tag-akcesoria-flex","10":"product_tag-bench-cummins","11":"product_tag-bootrom-cable-kit","12":"product_tag-cm2100","13":"product_tag-cm2150","14":"product_tag-cm2200","15":"product_tag-cm2220","16":"product_tag-cm2250","17":"product_tag-cm2350","18":"product_tag-cm2450","19":"product_tag-cummins","20":"product_tag-diagnostyka-ecu","21":"product_tag-ecu-cummins","22":"product_tag-ecu-programmer","23":"product_tag-flex-programmer","24":"product_tag-magicmotorsport-akcesoria","25":"product_tag-narzedzia-tuningowe","26":"product_tag-programming-ecu-pl","27":"product_tag-tuning-ecu","29":"first","30":"instock","31":"taxable","32":"shipping-taxable","33":"purchasable","34":"product-type-simple"},"yoast_head":"<!-- This site is optimized with the Yoast SEO plugin v25.2 - https:\/\/yoast.com\/wordpress\/plugins\/seo\/ -->\n<title>Zestaw przewod\u00f3w BootROM do jednostek Cummins + walizka FLX01.003 - Chiptuningmarket<\/title>\n<meta name=\"description\" content=\"Magicmotorsport Flex BootROM Cable Kit Cummins CM2100\u2013CM2450 to profesjonalny zestaw przewod\u00f3w przeznaczony do pracy z jednostkami steruj\u0105cymi ECU Cummins w trybie Bench oraz BootROM. Zestaw zosta\u0142 stworzony z my\u015bl\u0105 o tunerach, warsztatach elektronicznych oraz serwisach pojazd\u00f3w ci\u0119\u017carowych i maszyn.\" \/>\n<meta name=\"robots\" content=\"index, follow, max-snippet:-1, max-image-preview:large, max-video-preview:-1\" \/>\n<link rel=\"canonical\" href=\"https:\/\/chiptuningmarket.com\/pl\/shop\/akcesoria-chiptuning-pl\/magicmotorsport-flex-pl\/bdm-boot-pl\/zestaw-przewodow-bootrom-do-jednostek-cummins-walizka-flx01-003\/\" \/>\n<meta property=\"og:locale\" content=\"pl_PL\" \/>\n<meta property=\"og:type\" content=\"article\" \/>\n<meta property=\"og:title\" content=\"Zestaw przewod\u00f3w BootROM do jednostek Cummins + walizka FLX01.003 - Chiptuningmarket\" \/>\n<meta property=\"og:description\" content=\"Magicmotorsport Flex BootROM Cable Kit Cummins CM2100\u2013CM2450 to profesjonalny zestaw przewod\u00f3w przeznaczony do pracy z jednostkami steruj\u0105cymi ECU Cummins w trybie Bench oraz BootROM. Zestaw zosta\u0142 stworzony z my\u015bl\u0105 o tunerach, warsztatach elektronicznych oraz serwisach pojazd\u00f3w ci\u0119\u017carowych i maszyn.\" \/>\n<meta property=\"og:url\" content=\"https:\/\/chiptuningmarket.com\/pl\/shop\/akcesoria-chiptuning-pl\/magicmotorsport-flex-pl\/bdm-boot-pl\/zestaw-przewodow-bootrom-do-jednostek-cummins-walizka-flx01-003\/\" \/>\n<meta property=\"og:site_name\" content=\"Chiptuningmarket\" \/>\n<meta property=\"article:modified_time\" content=\"2026-01-30T06:46:16+00:00\" \/>\n<meta property=\"og:image\" content=\"https:\/\/chiptuningmarket.com\/wp-content\/uploads\/2026\/01\/Zestaw-przewodow-BootROM-do-jednostek-Cummins-etui-FLX01.003.jpg\" \/>\n\t<meta property=\"og:image:width\" content=\"1000\" \/>\n\t<meta property=\"og:image:height\" content=\"1000\" \/>\n\t<meta property=\"og:image:type\" content=\"image\/jpeg\" \/>\n<meta name=\"twitter:card\" content=\"summary_large_image\" \/>\n<meta name=\"twitter:label1\" content=\"Szacowany czas czytania\" \/>\n\t<meta name=\"twitter:data1\" content=\"2 minuty\" \/>\n<script type=\"application\/ld+json\" class=\"yoast-schema-graph\">{\"@context\":\"https:\/\/schema.org\",\"@graph\":[{\"@type\":\"WebPage\",\"@id\":\"https:\/\/chiptuningmarket.com\/pl\/shop\/akcesoria-chiptuning-pl\/magicmotorsport-flex-pl\/bdm-boot-pl\/zestaw-przewodow-bootrom-do-jednostek-cummins-walizka-flx01-003\/\",\"url\":\"https:\/\/chiptuningmarket.com\/pl\/shop\/akcesoria-chiptuning-pl\/magicmotorsport-flex-pl\/bdm-boot-pl\/zestaw-przewodow-bootrom-do-jednostek-cummins-walizka-flx01-003\/\",\"name\":\"Zestaw przewod\u00f3w BootROM do jednostek Cummins + walizka FLX01.003 - Chiptuningmarket\",\"isPartOf\":{\"@id\":\"https:\/\/chiptuningmarket.com\/ru\/#website\"},\"primaryImageOfPage\":{\"@id\":\"https:\/\/chiptuningmarket.com\/pl\/shop\/akcesoria-chiptuning-pl\/magicmotorsport-flex-pl\/bdm-boot-pl\/zestaw-przewodow-bootrom-do-jednostek-cummins-walizka-flx01-003\/#primaryimage\"},\"image\":{\"@id\":\"https:\/\/chiptuningmarket.com\/pl\/shop\/akcesoria-chiptuning-pl\/magicmotorsport-flex-pl\/bdm-boot-pl\/zestaw-przewodow-bootrom-do-jednostek-cummins-walizka-flx01-003\/#primaryimage\"},\"thumbnailUrl\":\"https:\/\/chiptuningmarket.com\/wp-content\/uploads\/2026\/01\/Zestaw-przewodow-BootROM-do-jednostek-Cummins-etui-FLX01.003.jpg\",\"datePublished\":\"2026-01-30T06:45:34+00:00\",\"dateModified\":\"2026-01-30T06:46:16+00:00\",\"description\":\"Magicmotorsport Flex BootROM Cable Kit Cummins CM2100\u2013CM2450 to profesjonalny zestaw przewod\u00f3w przeznaczony do pracy z jednostkami steruj\u0105cymi ECU Cummins w trybie Bench oraz BootROM. Zestaw zosta\u0142 stworzony z my\u015bl\u0105 o tunerach, warsztatach elektronicznych oraz serwisach pojazd\u00f3w ci\u0119\u017carowych i maszyn.\",\"breadcrumb\":{\"@id\":\"https:\/\/chiptuningmarket.com\/pl\/shop\/akcesoria-chiptuning-pl\/magicmotorsport-flex-pl\/bdm-boot-pl\/zestaw-przewodow-bootrom-do-jednostek-cummins-walizka-flx01-003\/#breadcrumb\"},\"inLanguage\":\"pl-PL\",\"potentialAction\":[{\"@type\":\"ReadAction\",\"target\":[\"https:\/\/chiptuningmarket.com\/pl\/shop\/akcesoria-chiptuning-pl\/magicmotorsport-flex-pl\/bdm-boot-pl\/zestaw-przewodow-bootrom-do-jednostek-cummins-walizka-flx01-003\/\"]}]},{\"@type\":\"ImageObject\",\"inLanguage\":\"pl-PL\",\"@id\":\"https:\/\/chiptuningmarket.com\/pl\/shop\/akcesoria-chiptuning-pl\/magicmotorsport-flex-pl\/bdm-boot-pl\/zestaw-przewodow-bootrom-do-jednostek-cummins-walizka-flx01-003\/#primaryimage\",\"url\":\"https:\/\/chiptuningmarket.com\/wp-content\/uploads\/2026\/01\/Zestaw-przewodow-BootROM-do-jednostek-Cummins-etui-FLX01.003.jpg\",\"contentUrl\":\"https:\/\/chiptuningmarket.com\/wp-content\/uploads\/2026\/01\/Zestaw-przewodow-BootROM-do-jednostek-Cummins-etui-FLX01.003.jpg\",\"width\":1000,\"height\":1000},{\"@type\":\"BreadcrumbList\",\"@id\":\"https:\/\/chiptuningmarket.com\/pl\/shop\/akcesoria-chiptuning-pl\/magicmotorsport-flex-pl\/bdm-boot-pl\/zestaw-przewodow-bootrom-do-jednostek-cummins-walizka-flx01-003\/#breadcrumb\",\"itemListElement\":[{\"@type\":\"ListItem\",\"position\":1,\"name\":\"Home\",\"item\":\"https:\/\/chiptuningmarket.com\/pl\/\"},{\"@type\":\"ListItem\",\"position\":2,\"name\":\"Sklep\",\"item\":\"https:\/\/chiptuningmarket.com\/pl\/shop\/\"},{\"@type\":\"ListItem\",\"position\":3,\"name\":\"Zestaw przewod\u00f3w BootROM do jednostek Cummins + walizka FLX01.003\"}]},{\"@type\":\"WebSite\",\"@id\":\"https:\/\/chiptuningmarket.com\/ru\/#website\",\"url\":\"https:\/\/chiptuningmarket.com\/ru\/\",\"name\":\"Chiptuningmarket\",\"description\":\"Biggest chiptuning shop in Europe\",\"publisher\":{\"@id\":\"https:\/\/chiptuningmarket.com\/ru\/#organization\"},\"alternateName\":\"Worldwide ecu tools supplier\",\"potentialAction\":[{\"@type\":\"SearchAction\",\"target\":{\"@type\":\"EntryPoint\",\"urlTemplate\":\"https:\/\/chiptuningmarket.com\/ru\/?s={search_term_string}\"},\"query-input\":{\"@type\":\"PropertyValueSpecification\",\"valueRequired\":true,\"valueName\":\"search_term_string\"}}],\"inLanguage\":\"pl-PL\"},{\"@type\":\"Organization\",\"@id\":\"https:\/\/chiptuningmarket.com\/ru\/#organization\",\"name\":\"Chiptuningmarket\",\"alternateName\":\"Chiptuning tools supplier\",\"url\":\"https:\/\/chiptuningmarket.com\/ru\/\",\"logo\":{\"@type\":\"ImageObject\",\"inLanguage\":\"pl-PL\",\"@id\":\"https:\/\/chiptuningmarket.com\/ru\/#\/schema\/logo\/image\/\",\"url\":\"https:\/\/chiptuningmarket.com\/wp-content\/uploads\/2023\/05\/logo-ChipTuningMarket-social.png\",\"contentUrl\":\"https:\/\/chiptuningmarket.com\/wp-content\/uploads\/2023\/05\/logo-ChipTuningMarket-social.png\",\"width\":512,\"height\":512,\"caption\":\"Chiptuningmarket\"},\"image\":{\"@id\":\"https:\/\/chiptuningmarket.com\/ru\/#\/schema\/logo\/image\/\"}}]}<\/script>\n<!-- \/ Yoast SEO plugin. -->","yoast_head_json":{"title":"Zestaw przewod\u00f3w BootROM do jednostek Cummins + walizka FLX01.003 - Chiptuningmarket","description":"Magicmotorsport Flex BootROM Cable Kit Cummins CM2100\u2013CM2450 to profesjonalny zestaw przewod\u00f3w przeznaczony do pracy z jednostkami steruj\u0105cymi ECU Cummins w trybie Bench oraz BootROM. Zestaw zosta\u0142 stworzony z my\u015bl\u0105 o tunerach, warsztatach elektronicznych oraz serwisach pojazd\u00f3w ci\u0119\u017carowych i maszyn.","robots":{"index":"index","follow":"follow","max-snippet":"max-snippet:-1","max-image-preview":"max-image-preview:large","max-video-preview":"max-video-preview:-1"},"canonical":"https:\/\/chiptuningmarket.com\/pl\/shop\/akcesoria-chiptuning-pl\/magicmotorsport-flex-pl\/bdm-boot-pl\/zestaw-przewodow-bootrom-do-jednostek-cummins-walizka-flx01-003\/","og_locale":"pl_PL","og_type":"article","og_title":"Zestaw przewod\u00f3w BootROM do jednostek Cummins + walizka FLX01.003 - Chiptuningmarket","og_description":"Magicmotorsport Flex BootROM Cable Kit Cummins CM2100\u2013CM2450 to profesjonalny zestaw przewod\u00f3w przeznaczony do pracy z jednostkami steruj\u0105cymi ECU Cummins w trybie Bench oraz BootROM. Zestaw zosta\u0142 stworzony z my\u015bl\u0105 o tunerach, warsztatach elektronicznych oraz serwisach pojazd\u00f3w ci\u0119\u017carowych i maszyn.","og_url":"https:\/\/chiptuningmarket.com\/pl\/shop\/akcesoria-chiptuning-pl\/magicmotorsport-flex-pl\/bdm-boot-pl\/zestaw-przewodow-bootrom-do-jednostek-cummins-walizka-flx01-003\/","og_site_name":"Chiptuningmarket","article_modified_time":"2026-01-30T06:46:16+00:00","og_image":[{"width":1000,"height":1000,"url":"https:\/\/chiptuningmarket.com\/wp-content\/uploads\/2026\/01\/Zestaw-przewodow-BootROM-do-jednostek-Cummins-etui-FLX01.003.jpg","type":"image\/jpeg"}],"twitter_card":"summary_large_image","twitter_misc":{"Szacowany czas czytania":"2 minuty"},"schema":{"@context":"https:\/\/schema.org","@graph":[{"@type":"WebPage","@id":"https:\/\/chiptuningmarket.com\/pl\/shop\/akcesoria-chiptuning-pl\/magicmotorsport-flex-pl\/bdm-boot-pl\/zestaw-przewodow-bootrom-do-jednostek-cummins-walizka-flx01-003\/","url":"https:\/\/chiptuningmarket.com\/pl\/shop\/akcesoria-chiptuning-pl\/magicmotorsport-flex-pl\/bdm-boot-pl\/zestaw-przewodow-bootrom-do-jednostek-cummins-walizka-flx01-003\/","name":"Zestaw przewod\u00f3w BootROM do jednostek Cummins + walizka FLX01.003 - Chiptuningmarket","isPartOf":{"@id":"https:\/\/chiptuningmarket.com\/ru\/#website"},"primaryImageOfPage":{"@id":"https:\/\/chiptuningmarket.com\/pl\/shop\/akcesoria-chiptuning-pl\/magicmotorsport-flex-pl\/bdm-boot-pl\/zestaw-przewodow-bootrom-do-jednostek-cummins-walizka-flx01-003\/#primaryimage"},"image":{"@id":"https:\/\/chiptuningmarket.com\/pl\/shop\/akcesoria-chiptuning-pl\/magicmotorsport-flex-pl\/bdm-boot-pl\/zestaw-przewodow-bootrom-do-jednostek-cummins-walizka-flx01-003\/#primaryimage"},"thumbnailUrl":"https:\/\/chiptuningmarket.com\/wp-content\/uploads\/2026\/01\/Zestaw-przewodow-BootROM-do-jednostek-Cummins-etui-FLX01.003.jpg","datePublished":"2026-01-30T06:45:34+00:00","dateModified":"2026-01-30T06:46:16+00:00","description":"Magicmotorsport Flex BootROM Cable Kit Cummins CM2100\u2013CM2450 to profesjonalny zestaw przewod\u00f3w przeznaczony do pracy z jednostkami steruj\u0105cymi ECU Cummins w trybie Bench oraz BootROM. Zestaw zosta\u0142 stworzony z my\u015bl\u0105 o tunerach, warsztatach elektronicznych oraz serwisach pojazd\u00f3w ci\u0119\u017carowych i maszyn.","breadcrumb":{"@id":"https:\/\/chiptuningmarket.com\/pl\/shop\/akcesoria-chiptuning-pl\/magicmotorsport-flex-pl\/bdm-boot-pl\/zestaw-przewodow-bootrom-do-jednostek-cummins-walizka-flx01-003\/#breadcrumb"},"inLanguage":"pl-PL","potentialAction":[{"@type":"ReadAction","target":["https:\/\/chiptuningmarket.com\/pl\/shop\/akcesoria-chiptuning-pl\/magicmotorsport-flex-pl\/bdm-boot-pl\/zestaw-przewodow-bootrom-do-jednostek-cummins-walizka-flx01-003\/"]}]},{"@type":"ImageObject","inLanguage":"pl-PL","@id":"https:\/\/chiptuningmarket.com\/pl\/shop\/akcesoria-chiptuning-pl\/magicmotorsport-flex-pl\/bdm-boot-pl\/zestaw-przewodow-bootrom-do-jednostek-cummins-walizka-flx01-003\/#primaryimage","url":"https:\/\/chiptuningmarket.com\/wp-content\/uploads\/2026\/01\/Zestaw-przewodow-BootROM-do-jednostek-Cummins-etui-FLX01.003.jpg","contentUrl":"https:\/\/chiptuningmarket.com\/wp-content\/uploads\/2026\/01\/Zestaw-przewodow-BootROM-do-jednostek-Cummins-etui-FLX01.003.jpg","width":1000,"height":1000},{"@type":"BreadcrumbList","@id":"https:\/\/chiptuningmarket.com\/pl\/shop\/akcesoria-chiptuning-pl\/magicmotorsport-flex-pl\/bdm-boot-pl\/zestaw-przewodow-bootrom-do-jednostek-cummins-walizka-flx01-003\/#breadcrumb","itemListElement":[{"@type":"ListItem","position":1,"name":"Home","item":"https:\/\/chiptuningmarket.com\/pl\/"},{"@type":"ListItem","position":2,"name":"Sklep","item":"https:\/\/chiptuningmarket.com\/pl\/shop\/"},{"@type":"ListItem","position":3,"name":"Zestaw przewod\u00f3w BootROM do jednostek Cummins + walizka FLX01.003"}]},{"@type":"WebSite","@id":"https:\/\/chiptuningmarket.com\/ru\/#website","url":"https:\/\/chiptuningmarket.com\/ru\/","name":"Chiptuningmarket","description":"Biggest chiptuning shop in Europe","publisher":{"@id":"https:\/\/chiptuningmarket.com\/ru\/#organization"},"alternateName":"Worldwide ecu tools supplier","potentialAction":[{"@type":"SearchAction","target":{"@type":"EntryPoint","urlTemplate":"https:\/\/chiptuningmarket.com\/ru\/?s={search_term_string}"},"query-input":{"@type":"PropertyValueSpecification","valueRequired":true,"valueName":"search_term_string"}}],"inLanguage":"pl-PL"},{"@type":"Organization","@id":"https:\/\/chiptuningmarket.com\/ru\/#organization","name":"Chiptuningmarket","alternateName":"Chiptuning tools supplier","url":"https:\/\/chiptuningmarket.com\/ru\/","logo":{"@type":"ImageObject","inLanguage":"pl-PL","@id":"https:\/\/chiptuningmarket.com\/ru\/#\/schema\/logo\/image\/","url":"https:\/\/chiptuningmarket.com\/wp-content\/uploads\/2023\/05\/logo-ChipTuningMarket-social.png","contentUrl":"https:\/\/chiptuningmarket.com\/wp-content\/uploads\/2023\/05\/logo-ChipTuningMarket-social.png","width":512,"height":512,"caption":"Chiptuningmarket"},"image":{"@id":"https:\/\/chiptuningmarket.com\/ru\/#\/schema\/logo\/image\/"}}]}},"_links":{"self":[{"href":"https:\/\/chiptuningmarket.com\/pl\/wp-json\/wp\/v2\/product\/376611","targetHints":{"allow":["GET"]}}],"collection":[{"href":"https:\/\/chiptuningmarket.com\/pl\/wp-json\/wp\/v2\/product"}],"about":[{"href":"https:\/\/chiptuningmarket.com\/pl\/wp-json\/wp\/v2\/types\/product"}],"wp:featuredmedia":[{"embeddable":true,"href":"https:\/\/chiptuningmarket.com\/pl\/wp-json\/wp\/v2\/media\/376554"}],"wp:attachment":[{"href":"https:\/\/chiptuningmarket.com\/pl\/wp-json\/wp\/v2\/media?parent=376611"}],"wp:term":[{"taxonomy":"product_brand","embeddable":true,"href":"https:\/\/chiptuningmarket.com\/pl\/wp-json\/wp\/v2\/product_brand?post=376611"},{"taxonomy":"product_cat","embeddable":true,"href":"https:\/\/chiptuningmarket.com\/pl\/wp-json\/wp\/v2\/product_cat?post=376611"},{"taxonomy":"product_tag","embeddable":true,"href":"https:\/\/chiptuningmarket.com\/pl\/wp-json\/wp\/v2\/product_tag?post=376611"}],"curies":[{"name":"wp","href":"https:\/\/api.w.org\/{rel}","templated":true}]}}